{"id":4326,"date":"2023-08-16T14:36:23","date_gmt":"2023-08-16T07:36:23","guid":{"rendered":"https:\/\/vilight.vn\/website\/?post_type=product&#038;p=4326"},"modified":"2024-10-04T10:47:35","modified_gmt":"2024-10-04T03:47:35","slug":"den-am-nuoc-vw10","status":"publish","type":"product","link":"https:\/\/vilight.vn\/website\/san-pham\/den-chieu-sang-facade\/den-am-nuoc-vw10\/","title":{"rendered":"\u0110\u00e8n \u00e2m n\u01b0\u1edbc VW10"},"content":{"rendered":"<ul>\n<li>\u0110\u00e8n \u00e2m n\u01b0\u1edbc c\u00f4ng su\u1ea5t 30W :L\u00e0 lo\u1ea1i \u0111\u00e8n \u00e2m xu\u1ed1ng s\u00e0n k\u1ebft c\u1ea5u h\u1ed3 n\u01b0\u1edbc.<\/li>\n<li>D\u00f2ng s\u1ea3n ph\u1ea9m cao c\u1ea5p.<\/li>\n<li>c\u00f4ng su\u1ea5t l\u00ean t\u1edbi 30W.<\/li>\n<li>S\u1eed d\u1ee5ng chip LED Osram, 12 Leds x 2,5W.<\/li>\n<li>G\u00f3c chi\u1ebfu 200, 350, 500.<\/li>\n<li>Ch\u1ea5t l\u01b0\u1ee3ng ho\u00e0n thi\u1ec7n s\u1ea3n ph\u1ea9m c\u1ea5p cao, b\u1ea3o h\u00e0nh 5 n\u0103m.<\/li>\n<li>V\u1ecf \u0111\u00e8n b\u1eb1ng th\u00e9p kh\u00f4ng g\u1ec9 SUS316L#M\u1eb7t k\u00ednh c\u01b0\u1eddng l\u1ef1c d\u00e0y 10mm.<\/li>\n<li>V\u1ecf khu\u00f4n \u0111\u00e8n b\u1eb1ng nh\u1ef1a PC\/ABS ch\u1ed1ng va \u0111\u1eadp v\u00e0 ch\u1ecbu nhi\u1ec7t t\u1ed1t.<br \/>\nhide<\/p>\n<div style=\"width: 1160px\" class=\"wp-caption alignnone\"><img decoding=\"async\" title=\"\u0111\u00e8n led \u00e2m s\u00e0n h\u1ed3 n\u01b0\u1edbc 30W\" data-src=\"https:\/\/vilight.vn\/website\/wp-content\/uploads\/2023\/08\/DEN_AM_NUOC_VW10.jpg#4761\" alt=\"DEN_AM_NUOC_VW10\" width=\"1150\" height=\"360\" src=\"data:image\/svg+xml;base64,PHN2ZyB3aWR0aD0iMSIgaGVpZ2h0PSIxIiB4bWxucz0iaHR0cDovL3d3dy53My5vcmcvMjAwMC9zdmciPjwvc3ZnPg==\" class=\"lazyload\" style=\"--smush-placeholder-width: 1150px; --smush-placeholder-aspect-ratio: 1150\/360;\" \/><p class=\"wp-caption-text\">\u0111\u00e8n led \u00e2m th\u00e0nh h\u1ed3 n\u01b0\u1edbc 30W<\/p><\/div>\n<p>full<br \/>\n\u0110\u00e8n \u00e2m n\u1ec1n h\u1ed3 n\u01b0\u1edbc 30W<br \/>\n\u0110\u00e8n \u00e2m s\u00e0n h\u1ed3 n\u01b0\u1edbc 30W, \u00e2m th\u00e0nh h\u1ed3 n\u01b0\u1edbc<br \/>\ncontain<br \/>\ncenter center<br \/>\nhide<\/li>\n<\/ul>\n<h2>Th\u00f4ng s\u1ed1 k\u1ef9 thu\u1eadt \u0111\u00e8n \u00e2m n\u01b0\u1edbc 30W :<\/h2>\n<p>Th\u00f4ng tinTh\u00f4ng s\u1ed1 k\u1ef9 thu\u1eadt.<\/p>\n<p>Ngu\u1ed3n s\u00e1ng OSRAM.<\/p>\n<p>G\u00f3c chi\u1ebfu20\u00b0 35\u00b0 50\u00b0 .<\/p>\n<p>\u0110i\u1ec7n \u00e1p ho\u1ea1t \u0111\u1ed9ng DC24V.<\/p>\n<p>C\u00f4ng su\u1ea5t danh \u0111\u1ecbnh 30W.<\/p>\n<p>Nhi\u1ec7t \u0111\u1ed9 m\u00e0u 3000K\/4000K.<\/p>\n<p>Nhi\u1ec7t \u0111\u1ed9 ho\u1ea1t \u0111\u1ed9ng &#8211; 20\u00baC ~ 45\u00baC\u0110\u1ed9 \u1ea9m10% ~ 90%\u0110\u1ed9 k\u00ednIP68<br \/>\nhide<\/p>\n<h2><strong>\u0110\u00c8N LED \u00c2M N\u01af\u1edaC vilight T\u1ed0T NH\u1ea4T<\/strong><\/h2>\n<h3>\u0110\u00e8n led \u00e2m n\u01b0\u1edbc Paragon c\u00f3 t\u1ed1t kh\u00f4ng<\/h3>\n<p>\u0110\u00e8n led \u00e2m n\u01b0\u1edbc Paragon \u0111\u01b0\u1ee3c l\u00e0m t\u1eeb ngu\u1ed3n ch\u1ea5t li\u1ec7u r\u1eafn cao c\u1ea5p \u0111\u01b0\u1ee3c tuy\u1ec3n ch\u1ecdn k\u1ef9 c\u00e0ng c\u00f3 th\u1ec3 chinh ph\u1ee5c m\u1ecdi kh\u00e1ch h\u00e0ng kh\u00f3 t\u00ednh nh\u1ea5t.<\/p>\n<p>\u0110\u1eb7c bi\u1ec7t, v\u1edbi l\u1edbp s\u01a1n t\u0129nh \u0111i\u1ec7n m\u00e0u tr\u1eafng tinh t\u1ebf ph\u1ee7 b\u00ean ngo\u00e0i s\u1ebd gi\u00fap \u0111\u00e8n tr\u1edf th\u00e0nh m\u1ed9t v\u1eadt trang tr\u00ed r\u1ea5t hi\u1ec7u qu\u1ea3 cho m\u1ecdi kh\u00f4ng gian m\u00e0 n\u00f3 xu\u1ea5t hi\u1ec7n, t\u1ea1o m\u1ed9t s\u1ea3n ph\u1ea9m t\u1ed1t nh\u1ea5t cho qu\u00e1 tr\u00ecnh s\u1eed d\u1ee5ng.<\/p>\n<h3>\u0110\u00e8n led \u00e2m n\u01b0\u1edbc Duhal c\u00f3 t\u1ed1t kh\u00f4ng<\/h3>\n<p>\u0110\u00e8n led \u00e2m n\u01b0\u1edbc Duhal \u0111\u01b0\u1ee3c s\u1ea3n xu\u1ea5t theo c\u00f4ng ngh\u1ec7 hi\u1ec7n \u0111\u1ea1i v\u1edbi kh\u1ea3 n\u0103ng ti\u1ebft ki\u1ec7m \u0111i\u1ec7n t\u1ed1i \u01b0u h\u01a1n h\u1eb3n so v\u1edbi c\u00e1c d\u00f2ng \u0111\u00e8n hu\u1ef3nh quang truy\u1ec1n th\u1ed1ng tr\u01b0\u1edbc \u0111\u00e2y.<\/p>\n<p>D\u00f2ng \u0111\u00e8n tu\u00fdp led n\u00e0y c\u00f2n gi\u00fap ng\u01b0\u1eddi ti\u00eau d\u00f9ng ti\u1ebft ki\u1ec7m \u0111\u01b0\u1ee3c c\u00e1c chi ph\u00ed s\u1eeda ch\u1eefa, thay m\u1edbi nh\u1edd v\u00e0o tu\u1ed5i th\u1ecd ho\u1ea1t \u0111\u1ed9ng l\u00e2u d\u00e0i, l\u00ean \u0111\u1ebfn 50000 gi\u1edd. S\u1ea3n ph\u1ea9m c\u00f2n \u0111\u01b0\u1ee3c cam k\u1ebft b\u1ea3o h\u00e0nh trong su\u1ed1t 3 n\u0103m n\u00ean qu\u00fd kh\u00e1ch c\u00f3 th\u1ec3 ho\u00e0n to\u00e0n y\u00ean t\u00e2m khi l\u1ef1a ch\u1ecdn s\u1ea3n ph\u1ea9m n\u00e0y nh\u00e9!<\/p>\n<p>&nbsp;<\/p>\n<h2>\u0110\u00e8n led \u00e2m n\u1ec1n h\u1ed3 n\u01b0\u1edbc 30W Vilight<\/h2>\n<ul>\n<li>s\u1eed d\u1ee5ng v\u00f2m ph\u1ea3n quang cho hi\u1ec7u qu\u1ea3 \u00e1nh s\u00e1ng cao, \u0111\u1ed3ng \u0111\u1ec1u, ph\u1ea1m vi chi\u1ebfu s\u00e1ng r\u1ed9ng v\u00e0 gi\u1ea3m nguy c\u01a1 g\u00e2y ch\u00f3i l\u00f3a, gi\u1ea3m c\u00e1c t\u1eadt kh\u00fac x\u1ea1 g\u00e2y ra cho m\u1eaft.<\/li>\n<li>V\u1edbi nhu c\u1ea7u l\u1ef1a ch\u1ecdn c\u00e1c ngu\u1ed3n s\u00e1ng ch\u1ea5t l\u01b0\u1ee3ng, \u1ed5n \u0111\u1ecbnh, hi\u1ec7u qu\u1ea3 v\u00e0 \u1ed5n \u0111\u1ecbnh b\u1edfi ho\u1ea1t \u0111\u1ed9ng s\u1eed d\u1ee5ng \u0111i\u1ec7n ti\u00eau th\u1ee5 nh\u1eb1m \u0111\u00e1p \u1ee9ng to\u00e0n di\u1ec7n hi\u1ec7u qu\u1ea3 s\u1eed d\u1ee5ng v\u1edbi kh\u1ea3 n\u0103ng t\u1eadn d\u1ee5ng t\u1ed1i \u0111a ngu\u1ed3n n\u0103ng l\u01b0\u1ee3ng s\u00e1ng \u0111\u00edch th\u1ef1c, \u1ed5n \u0111\u1ecbnh trong m\u1ecdi ho\u1ea1t \u0111\u1ed9ng sinh ho\u1ea1t. T\u1ea5t c\u1ea3 nh\u1eefng \u0111i\u1ec1u n\u00e0y \u0111em l\u1ea1i cho m\u1ed9t \u00e1nh s\u00e1ng kh\u00f4ng ch\u1edbp nh\u00e1y, kh\u00f4ng t\u1ea1o c\u1ea3m gi\u00e1c ch\u00f3i, lo\u00e0 m\u1eaft v\u00e0 gi\u00fap cho s\u1ee9c kho\u1ebb ng\u01b0\u1eddi d\u00f9ng \u0111\u01b0\u1ee3c b\u1ea3o \u0111\u1ea3m.<\/li>\n<\/ul>\n<p>&nbsp;<\/p>\n<p><img decoding=\"async\" class=\"alignnone lazyload\" title=\"\u0111\u00e8n \u00e2m h\u1ed3 n\u01b0\u1edbc\" data-src=\"https:\/\/vilight.vn\/website\/wp-content\/uploads\/2023\/08\/tschuggen_hero_1920x500.jpg#4763\" alt=\"\u0111\u00e8n \u00e2m th\u00e0nh h\u1ed3 n\u01b0\u1edbc 30w\" width=\"1920\" height=\"500\" src=\"data:image\/svg+xml;base64,PHN2ZyB3aWR0aD0iMSIgaGVpZ2h0PSIxIiB4bWxucz0iaHR0cDovL3d3dy53My5vcmcvMjAwMC9zdmciPjwvc3ZnPg==\" style=\"--smush-placeholder-width: 1920px; --smush-placeholder-aspect-ratio: 1920\/500;\" \/><\/p>\n","protected":false},"excerpt":{"rendered":"<p style=\"text-align: justify;\"><span style=\"font-size: 12pt;\">\u0110\u00e8n \u00e2m n\u01b0\u1edbc VW10, c\u00f4ng su\u1ea5t 30W, l\u1eafp \u0111\u1eb7t \u00e2m th\u00e0nh ho\u1eb7c \u00e2m s\u00e0n h\u1ed3 n\u01b0\u1edbc l\u1edbn.<\/span><\/p>\n","protected":false},"featured_media":4329,"template":"","meta":[],"product_brand":[],"product_cat":[633,73],"product_tag":[],"class_list":{"0":"post-4326","1":"product","2":"type-product","3":"status-publish","4":"has-post-thumbnail","6":"product_cat-den-am-nuoc","7":"product_cat-den-chieu-sang-facade","8":"pa_chuan-dieu-khien-on-off","9":"pa_cong-suat-30w","10":"pa_dien-ap-hoat-dong-24vdc","11":"pa_do-chiu-luc-ik08","12":"pa_do-kin-ip68","13":"pa_goc-chieu-308","14":"pa_goc-chieu-583","15":"pa_goc-chieu-606","16":"pa_nhiet-do-mau-3000k","17":"pa_nhiet-do-mau-4000k","18":"pa_nhiet-do-mau-6000k","20":"first","21":"instock","22":"taxable","23":"shipping-taxable","24":"purchasable","25":"product-type-simple"},"yoast_head":"<!-- This site is optimized with the Yoast SEO Premium plugin v27.4 (Yoast SEO v27.4) - https:\/\/yoast.com\/product\/yoast-seo-premium-wordpress\/ -->\n<title>\u0110\u00e8n \u00c2m n\u1ec1n H\u1ed3 n\u01b0\u1edbc 30W, B\u1ea3o h\u00e0nh 5 n\u0103m, ti\u00eau chu\u1ea9n Ch\u00e2u \u00c2u.<\/title>\n<meta name=\"description\" content=\"\u0110\u00e8n \u00e2m n\u1ec1n h\u1ed3 n\u01b0\u1edbc 30W, \u0111\u00e8n \u00e2m th\u00e0nh h\u1ed3 n\u01b0\u1edbc 30W, s\u1eed d\u1ee5ng trong c\u00e1c h\u1ed3 n\u01b0\u1edbc l\u1edbn, kh\u00f4ng gian r\u1ed9ng. \u0110\u00e8n c\u00f3 \u0111\u1ed9 b\u1ec1n cao, b\u1ea3o h\u00e0nh 5 n\u0103m, ch\u1ea5t l\u01b0\u1ee3ng Ch\u00e2u \u00c2u.\" \/>\n<meta name=\"robots\" content=\"index, follow, max-snippet:-1, max-image-preview:large, max-video-preview:-1\" \/>\n<link rel=\"canonical\" href=\"https:\/\/vilight.vn\/website\/san-pham\/den-chieu-sang-facade\/den-am-nuoc-vw10\/\" \/>\n<meta property=\"og:locale\" content=\"vi_VN\" \/>\n<meta property=\"og:type\" content=\"article\" \/>\n<meta property=\"og:title\" content=\"\u0110\u00e8n \u00e2m n\u01b0\u1edbc VW10\" \/>\n<meta property=\"og:description\" content=\"\u0110\u00e8n \u00e2m n\u01b0\u1edbc VW10, c\u00f4ng su\u1ea5t 30W, l\u1eafp \u0111\u1eb7t \u00e2m th\u00e0nh ho\u1eb7c \u00e2m s\u00e0n h\u1ed3 n\u01b0\u1edbc l\u1edbn.\" \/>\n<meta property=\"og:url\" content=\"https:\/\/vilight.vn\/website\/san-pham\/den-chieu-sang-facade\/den-am-nuoc-vw10\/\" \/>\n<meta property=\"og:site_name\" content=\"Vilight Co.ltd\" \/>\n<meta property=\"article:publisher\" content=\"http:\/\/facebook.com\/vilight.vn\" \/>\n<meta property=\"article:modified_time\" content=\"2024-10-04T03:47:35+00:00\" \/>\n<meta property=\"og:image\" content=\"https:\/\/vilight.vn\/website\/wp-content\/uploads\/2023\/08\/Den-am-nuoc-VL-PL-07-1.jpg\" \/>\n\t<meta property=\"og:image:width\" content=\"600\" \/>\n\t<meta property=\"og:image:height\" content=\"600\" \/>\n\t<meta property=\"og:image:type\" content=\"image\/jpeg\" \/>\n<meta name=\"twitter:card\" content=\"summary_large_image\" \/>\n<meta name=\"twitter:label1\" content=\"Gi\u00e1\" \/>\n\t<meta name=\"twitter:data1\" content=\"5.800.000&#8363;\" \/>\n\t<meta name=\"twitter:label2\" content=\"Kh\u1ea3 d\u1ee5ng\" \/>\n\t<meta name=\"twitter:data2\" content=\"Trong kho\" \/>\n<script type=\"application\/ld+json\" class=\"yoast-schema-graph\">{\"@context\":\"https:\\\/\\\/schema.org\",\"@graph\":[{\"@type\":\"WebPage\",\"@id\":\"https:\\\/\\\/vilight.vn\\\/website\\\/san-pham\\\/den-chieu-sang-facade\\\/den-am-nuoc-vw10\\\/\",\"url\":\"https:\\\/\\\/vilight.vn\\\/website\\\/san-pham\\\/den-chieu-sang-facade\\\/den-am-nuoc-vw10\\\/\",\"name\":\"\u0110\u00e8n \u00c2m n\u1ec1n H\u1ed3 n\u01b0\u1edbc 30W, B\u1ea3o h\u00e0nh 5 n\u0103m, ti\u00eau chu\u1ea9n Ch\u00e2u \u00c2u.\",\"isPartOf\":{\"@id\":\"https:\\\/\\\/vilight.vn\\\/website\\\/#website\"},\"primaryImageOfPage\":{\"@id\":\"https:\\\/\\\/vilight.vn\\\/website\\\/san-pham\\\/den-chieu-sang-facade\\\/den-am-nuoc-vw10\\\/#primaryimage\"},\"image\":{\"@id\":\"https:\\\/\\\/vilight.vn\\\/website\\\/san-pham\\\/den-chieu-sang-facade\\\/den-am-nuoc-vw10\\\/#primaryimage\"},\"thumbnailUrl\":\"https:\\\/\\\/vilight.vn\\\/website\\\/wp-content\\\/uploads\\\/2023\\\/08\\\/Den-am-nuoc-VL-PL-07-1.jpg\",\"datePublished\":\"2023-08-16T07:36:23+00:00\",\"dateModified\":\"2024-10-04T03:47:35+00:00\",\"description\":\"\u0110\u00e8n \u00e2m n\u1ec1n h\u1ed3 n\u01b0\u1edbc 30W, \u0111\u00e8n \u00e2m th\u00e0nh h\u1ed3 n\u01b0\u1edbc 30W, s\u1eed d\u1ee5ng trong c\u00e1c h\u1ed3 n\u01b0\u1edbc l\u1edbn, kh\u00f4ng gian r\u1ed9ng. \u0110\u00e8n c\u00f3 \u0111\u1ed9 b\u1ec1n cao, b\u1ea3o h\u00e0nh 5 n\u0103m, ch\u1ea5t l\u01b0\u1ee3ng Ch\u00e2u \u00c2u.\",\"breadcrumb\":{\"@id\":\"https:\\\/\\\/vilight.vn\\\/website\\\/san-pham\\\/den-chieu-sang-facade\\\/den-am-nuoc-vw10\\\/#breadcrumb\"},\"inLanguage\":\"vi\",\"potentialAction\":[{\"@type\":\"ReadAction\",\"target\":[\"https:\\\/\\\/vilight.vn\\\/website\\\/san-pham\\\/den-chieu-sang-facade\\\/den-am-nuoc-vw10\\\/\"]}]},{\"@type\":\"ImageObject\",\"inLanguage\":\"vi\",\"@id\":\"https:\\\/\\\/vilight.vn\\\/website\\\/san-pham\\\/den-chieu-sang-facade\\\/den-am-nuoc-vw10\\\/#primaryimage\",\"url\":\"https:\\\/\\\/vilight.vn\\\/website\\\/wp-content\\\/uploads\\\/2023\\\/08\\\/Den-am-nuoc-VL-PL-07-1.jpg\",\"contentUrl\":\"https:\\\/\\\/vilight.vn\\\/website\\\/wp-content\\\/uploads\\\/2023\\\/08\\\/Den-am-nuoc-VL-PL-07-1.jpg\",\"width\":600,\"height\":600,\"caption\":\"\u0110\u00e8n \u00e2m th\u00e0nh h\u1ed3 n\u01b0\u1edbc\"},{\"@type\":\"BreadcrumbList\",\"@id\":\"https:\\\/\\\/vilight.vn\\\/website\\\/san-pham\\\/den-chieu-sang-facade\\\/den-am-nuoc-vw10\\\/#breadcrumb\",\"itemListElement\":[{\"@type\":\"ListItem\",\"position\":1,\"name\":\"Home\",\"item\":\"https:\\\/\\\/vilight.vn\\\/website\\\/\"},{\"@type\":\"ListItem\",\"position\":2,\"name\":\"store\",\"item\":\"https:\\\/\\\/vilight.vn\\\/website\\\/store\\\/\"},{\"@type\":\"ListItem\",\"position\":3,\"name\":\"\u0110\u00e8n \u00e2m n\u01b0\u1edbc VW10\"}]},{\"@type\":\"WebSite\",\"@id\":\"https:\\\/\\\/vilight.vn\\\/website\\\/#website\",\"url\":\"https:\\\/\\\/vilight.vn\\\/website\\\/\",\"name\":\"Vilight Co.ltd\",\"description\":\"Chi\u1ebfu s\u00e1ng m\u1ef9 thu\u1eadt, chi\u1ebfu s\u00e1ng th\u00f4ng minh, LED Pixel 3D, chi\u1ebfu s\u00e1ng trang tr\u00ed \u0111\u00f4 th\u1ecb, chi\u1ebfu s\u00e1ng v\u00f2ng xoay, chi\u1ebfu s\u00e1ng \u0111\u1ea3o giao th\u00f4ng, c\u1ed5ng ch\u00e0o \u0111\u00f4 th\u1ecb\",\"publisher\":{\"@id\":\"https:\\\/\\\/vilight.vn\\\/website\\\/#organization\"},\"potentialAction\":[{\"@type\":\"SearchAction\",\"target\":{\"@type\":\"EntryPoint\",\"urlTemplate\":\"https:\\\/\\\/vilight.vn\\\/website\\\/?s={search_term_string}\"},\"query-input\":{\"@type\":\"PropertyValueSpecification\",\"valueRequired\":true,\"valueName\":\"search_term_string\"}}],\"inLanguage\":\"vi\"},{\"@type\":\"Organization\",\"@id\":\"https:\\\/\\\/vilight.vn\\\/website\\\/#organization\",\"name\":\"Vilight\",\"url\":\"https:\\\/\\\/vilight.vn\\\/website\\\/\",\"logo\":{\"@type\":\"ImageObject\",\"inLanguage\":\"vi\",\"@id\":\"https:\\\/\\\/vilight.vn\\\/website\\\/#\\\/schema\\\/logo\\\/image\\\/\",\"url\":\"https:\\\/\\\/vilight.vn\\\/website\\\/wp-content\\\/uploads\\\/2022\\\/05\\\/chieu_sang_trang_tri_do_thi_bang_den_led_pixel.png\",\"contentUrl\":\"https:\\\/\\\/vilight.vn\\\/website\\\/wp-content\\\/uploads\\\/2022\\\/05\\\/chieu_sang_trang_tri_do_thi_bang_den_led_pixel.png\",\"width\":800,\"height\":427,\"caption\":\"Vilight\"},\"image\":{\"@id\":\"https:\\\/\\\/vilight.vn\\\/website\\\/#\\\/schema\\\/logo\\\/image\\\/\"},\"sameAs\":[\"http:\\\/\\\/facebook.com\\\/vilight.vn\",\"https:\\\/\\\/www.linkedin.com\\\/company\\\/vilight-vn\",\"https:\\\/\\\/www.youtube.com\\\/channel\\\/UCEwR2naeDcuarMX1kSv_rLQ\\\/videos\"]}]}<\/script>\n<meta property=\"product:brand\" content=\"\u0110\u00e8n chi\u1ebfu s\u00e1ng Facade\" \/>\n<meta property=\"product:price:amount\" content=\"5800000\" \/>\n<meta property=\"product:price:currency\" content=\"VND\" \/>\n<meta property=\"og:availability\" content=\"instock\" \/>\n<meta property=\"product:availability\" content=\"instock\" \/>\n<meta property=\"product:condition\" content=\"new\" \/>\n<!-- \/ Yoast SEO Premium plugin. -->","yoast_head_json":{"title":"\u0110\u00e8n \u00c2m n\u1ec1n H\u1ed3 n\u01b0\u1edbc 30W, B\u1ea3o h\u00e0nh 5 n\u0103m, ti\u00eau chu\u1ea9n Ch\u00e2u \u00c2u.","description":"\u0110\u00e8n \u00e2m n\u1ec1n h\u1ed3 n\u01b0\u1edbc 30W, \u0111\u00e8n \u00e2m th\u00e0nh h\u1ed3 n\u01b0\u1edbc 30W, s\u1eed d\u1ee5ng trong c\u00e1c h\u1ed3 n\u01b0\u1edbc l\u1edbn, kh\u00f4ng gian r\u1ed9ng. \u0110\u00e8n c\u00f3 \u0111\u1ed9 b\u1ec1n cao, b\u1ea3o h\u00e0nh 5 n\u0103m, ch\u1ea5t l\u01b0\u1ee3ng Ch\u00e2u \u00c2u.","robots":{"index":"index","follow":"follow","max-snippet":"max-snippet:-1","max-image-preview":"max-image-preview:large","max-video-preview":"max-video-preview:-1"},"canonical":"https:\/\/vilight.vn\/website\/san-pham\/den-chieu-sang-facade\/den-am-nuoc-vw10\/","og_locale":"vi_VN","og_type":"article","og_title":"\u0110\u00e8n \u00e2m n\u01b0\u1edbc VW10","og_description":"\u0110\u00e8n \u00e2m n\u01b0\u1edbc VW10, c\u00f4ng su\u1ea5t 30W, l\u1eafp \u0111\u1eb7t \u00e2m th\u00e0nh ho\u1eb7c \u00e2m s\u00e0n h\u1ed3 n\u01b0\u1edbc l\u1edbn.","og_url":"https:\/\/vilight.vn\/website\/san-pham\/den-chieu-sang-facade\/den-am-nuoc-vw10\/","og_site_name":"Vilight Co.ltd","article_publisher":"http:\/\/facebook.com\/vilight.vn","article_modified_time":"2024-10-04T03:47:35+00:00","og_image":[{"width":600,"height":600,"url":"https:\/\/vilight.vn\/website\/wp-content\/uploads\/2023\/08\/Den-am-nuoc-VL-PL-07-1.jpg","type":"image\/jpeg"}],"twitter_card":"summary_large_image","twitter_misc":{"Gi\u00e1":"5.800.000&#8363;","Kh\u1ea3 d\u1ee5ng":"Trong kho"},"schema":{"@context":"https:\/\/schema.org","@graph":[{"@type":"WebPage","@id":"https:\/\/vilight.vn\/website\/san-pham\/den-chieu-sang-facade\/den-am-nuoc-vw10\/","url":"https:\/\/vilight.vn\/website\/san-pham\/den-chieu-sang-facade\/den-am-nuoc-vw10\/","name":"\u0110\u00e8n \u00c2m n\u1ec1n H\u1ed3 n\u01b0\u1edbc 30W, B\u1ea3o h\u00e0nh 5 n\u0103m, ti\u00eau chu\u1ea9n Ch\u00e2u \u00c2u.","isPartOf":{"@id":"https:\/\/vilight.vn\/website\/#website"},"primaryImageOfPage":{"@id":"https:\/\/vilight.vn\/website\/san-pham\/den-chieu-sang-facade\/den-am-nuoc-vw10\/#primaryimage"},"image":{"@id":"https:\/\/vilight.vn\/website\/san-pham\/den-chieu-sang-facade\/den-am-nuoc-vw10\/#primaryimage"},"thumbnailUrl":"https:\/\/vilight.vn\/website\/wp-content\/uploads\/2023\/08\/Den-am-nuoc-VL-PL-07-1.jpg","datePublished":"2023-08-16T07:36:23+00:00","dateModified":"2024-10-04T03:47:35+00:00","description":"\u0110\u00e8n \u00e2m n\u1ec1n h\u1ed3 n\u01b0\u1edbc 30W, \u0111\u00e8n \u00e2m th\u00e0nh h\u1ed3 n\u01b0\u1edbc 30W, s\u1eed d\u1ee5ng trong c\u00e1c h\u1ed3 n\u01b0\u1edbc l\u1edbn, kh\u00f4ng gian r\u1ed9ng. \u0110\u00e8n c\u00f3 \u0111\u1ed9 b\u1ec1n cao, b\u1ea3o h\u00e0nh 5 n\u0103m, ch\u1ea5t l\u01b0\u1ee3ng Ch\u00e2u \u00c2u.","breadcrumb":{"@id":"https:\/\/vilight.vn\/website\/san-pham\/den-chieu-sang-facade\/den-am-nuoc-vw10\/#breadcrumb"},"inLanguage":"vi","potentialAction":[{"@type":"ReadAction","target":["https:\/\/vilight.vn\/website\/san-pham\/den-chieu-sang-facade\/den-am-nuoc-vw10\/"]}]},{"@type":"ImageObject","inLanguage":"vi","@id":"https:\/\/vilight.vn\/website\/san-pham\/den-chieu-sang-facade\/den-am-nuoc-vw10\/#primaryimage","url":"https:\/\/vilight.vn\/website\/wp-content\/uploads\/2023\/08\/Den-am-nuoc-VL-PL-07-1.jpg","contentUrl":"https:\/\/vilight.vn\/website\/wp-content\/uploads\/2023\/08\/Den-am-nuoc-VL-PL-07-1.jpg","width":600,"height":600,"caption":"\u0110\u00e8n \u00e2m th\u00e0nh h\u1ed3 n\u01b0\u1edbc"},{"@type":"BreadcrumbList","@id":"https:\/\/vilight.vn\/website\/san-pham\/den-chieu-sang-facade\/den-am-nuoc-vw10\/#breadcrumb","itemListElement":[{"@type":"ListItem","position":1,"name":"Home","item":"https:\/\/vilight.vn\/website\/"},{"@type":"ListItem","position":2,"name":"store","item":"https:\/\/vilight.vn\/website\/store\/"},{"@type":"ListItem","position":3,"name":"\u0110\u00e8n \u00e2m n\u01b0\u1edbc VW10"}]},{"@type":"WebSite","@id":"https:\/\/vilight.vn\/website\/#website","url":"https:\/\/vilight.vn\/website\/","name":"Vilight Co.ltd","description":"Chi\u1ebfu s\u00e1ng m\u1ef9 thu\u1eadt, chi\u1ebfu s\u00e1ng th\u00f4ng minh, LED Pixel 3D, chi\u1ebfu s\u00e1ng trang tr\u00ed \u0111\u00f4 th\u1ecb, chi\u1ebfu s\u00e1ng v\u00f2ng xoay, chi\u1ebfu s\u00e1ng \u0111\u1ea3o giao th\u00f4ng, c\u1ed5ng ch\u00e0o \u0111\u00f4 th\u1ecb","publisher":{"@id":"https:\/\/vilight.vn\/website\/#organization"},"potentialAction":[{"@type":"SearchAction","target":{"@type":"EntryPoint","urlTemplate":"https:\/\/vilight.vn\/website\/?s={search_term_string}"},"query-input":{"@type":"PropertyValueSpecification","valueRequired":true,"valueName":"search_term_string"}}],"inLanguage":"vi"},{"@type":"Organization","@id":"https:\/\/vilight.vn\/website\/#organization","name":"Vilight","url":"https:\/\/vilight.vn\/website\/","logo":{"@type":"ImageObject","inLanguage":"vi","@id":"https:\/\/vilight.vn\/website\/#\/schema\/logo\/image\/","url":"https:\/\/vilight.vn\/website\/wp-content\/uploads\/2022\/05\/chieu_sang_trang_tri_do_thi_bang_den_led_pixel.png","contentUrl":"https:\/\/vilight.vn\/website\/wp-content\/uploads\/2022\/05\/chieu_sang_trang_tri_do_thi_bang_den_led_pixel.png","width":800,"height":427,"caption":"Vilight"},"image":{"@id":"https:\/\/vilight.vn\/website\/#\/schema\/logo\/image\/"},"sameAs":["http:\/\/facebook.com\/vilight.vn","https:\/\/www.linkedin.com\/company\/vilight-vn","https:\/\/www.youtube.com\/channel\/UCEwR2naeDcuarMX1kSv_rLQ\/videos"]}]},"product_brand":"\u0110\u00e8n chi\u1ebfu s\u00e1ng Facade","product_price_amount":"5800000","product_price_currency":"VND","og_availability":"instock","product_availability":"instock","product_condition":"new"},"_links":{"self":[{"href":"https:\/\/vilight.vn\/website\/wp-json\/wp\/v2\/product\/4326","targetHints":{"allow":["GET"]}}],"collection":[{"href":"https:\/\/vilight.vn\/website\/wp-json\/wp\/v2\/product"}],"about":[{"href":"https:\/\/vilight.vn\/website\/wp-json\/wp\/v2\/types\/product"}],"wp:featuredmedia":[{"embeddable":true,"href":"https:\/\/vilight.vn\/website\/wp-json\/wp\/v2\/media\/4329"}],"wp:attachment":[{"href":"https:\/\/vilight.vn\/website\/wp-json\/wp\/v2\/media?parent=4326"}],"wp:term":[{"taxonomy":"product_brand","embeddable":true,"href":"https:\/\/vilight.vn\/website\/wp-json\/wp\/v2\/product_brand?post=4326"},{"taxonomy":"product_cat","embeddable":true,"href":"https:\/\/vilight.vn\/website\/wp-json\/wp\/v2\/product_cat?post=4326"},{"taxonomy":"product_tag","embeddable":true,"href":"https:\/\/vilight.vn\/website\/wp-json\/wp\/v2\/product_tag?post=4326"}],"curies":[{"name":"wp","href":"https:\/\/api.w.org\/{rel}","templated":true}]}}