{"id":4338,"date":"2023-08-17T09:37:41","date_gmt":"2023-08-17T02:37:41","guid":{"rendered":"https:\/\/vilight.vn\/website\/?post_type=product&#038;p=4338"},"modified":"2023-08-22T14:21:41","modified_gmt":"2023-08-22T07:21:41","slug":"den-linear-vi41","status":"publish","type":"product","link":"https:\/\/vilight.vn\/website\/san-pham\/den-chieu-sang-facade\/den-linear-vi41\/","title":{"rendered":"\u0110\u00e8n linear Vi41"},"content":{"rendered":"<h2 style=\"text-align: justify;\"><span style=\"font-size: 18pt;\">\u0110\u00e8n Linear Vi41 &#8211; \u0110\u00e8n \u00e2m \u0111\u1ea5t ch\u1ea5t l\u01b0\u1ee3ng cao v\u00e0 hi\u1ec7u qu\u1ea3.\u00a0\u00a0<\/span><\/h2>\n<p style=\"text-align: justify;\"><span style=\"font-size: 14pt;\">B\u1ea1n \u0111ang t\u00ecm ki\u1ebfm gi\u1ea3i ph\u00e1p chi\u1ebfu s\u00e1ng \u0111a n\u0103ng v\u00e0 hi\u1ec7u qu\u1ea3 cho kh\u00f4ng gian c\u1ee7a m\u00ecnh? \u0110\u00e8n Linear Vi41 ch\u1eafc ch\u1eafn s\u1ebd l\u00e0 s\u1ef1 l\u1ef1a ch\u1ecdn ho\u00e0n h\u1ea3o. V\u1edbi thi\u1ebft k\u1ebf tinh t\u1ebf v\u00e0 th\u00f4ng s\u1ed1 k\u1ef9 thu\u1eadt \u1ea5n t\u01b0\u1ee3ng, \u0111\u00e8n Linear Vi41 kh\u00f4ng ch\u1ec9 l\u00e0 m\u1ed9t ngu\u1ed3n \u00e1nh s\u00e1ng m\u00e0 c\u00f2n l\u00e0 m\u1ed9t t\u00e1c ph\u1ea9m ngh\u1ec7 thu\u1eadt \u0111\u1ed9c \u0111\u00e1o, mang \u0111\u1ebfn kh\u00f4ng gian s\u1ed1ng v\u00e0 l\u00e0m vi\u1ec7c c\u1ee7a b\u1ea1n m\u1ed9t s\u1ef1 pha tr\u1ed9n h\u00e0i h\u00f2a gi\u1eefa \u00e1nh s\u00e1ng v\u00e0 th\u1ea9m m\u1ef9.<\/span><\/p>\n<p style=\"text-align: justify;\"><span style=\"font-size: 14pt;\">V\u1edbi ngu\u1ed3n s\u00e1ng 6\u00d73W, \u0111\u00e8n Linear Vi41 \u0111\u1ea3m b\u1ea3o m\u1ee9c \u00e1nh s\u00e1ng m\u1ea1nh m\u1ebd v\u00e0 \u0111\u1ed3ng \u0111\u1ec1u, t\u1ea1o ra kh\u00f4ng gian r\u1ea1ng ng\u1eddi v\u00e0 t\u01b0\u01a1i s\u00e1ng. Kh\u1ea3 n\u0103ng ch\u1ecdn g\u00f3c chi\u1ebfu 45\u00b0 ho\u1eb7c 35\u00b0 gi\u00fap t\u1ed1i \u01b0u h\u00f3a ph\u00e2n b\u1ed1 \u00e1nh s\u00e1ng theo nhu c\u1ea7u s\u1eed d\u1ee5ng. B\u1ea1n c\u00f3 th\u1ec3 d\u1ec5 d\u00e0ng \u0111i\u1ec1u ch\u1ec9nh g\u00f3c chi\u1ebfu \u0111\u1ec3 t\u1ea1o ra nh\u1eefng \u0111i\u1ec3m nh\u1ea5n \u00e1nh s\u00e1ng t\u00f9y theo y\u00eau c\u1ea7u thi\u1ebft k\u1ebf c\u1ee7a kh\u00f4ng gian.<\/span><\/p>\n<p style=\"text-align: justify;\"><span style=\"font-size: 14pt;\">\u0110\u00e8n Linear Vi41 kh\u00f4ng ch\u1ec9 \u0111\u00e1p \u1ee9ng nhu c\u1ea7u v\u1ec1 \u00e1nh s\u00e1ng m\u00e0 c\u00f2n th\u1ec3 hi\u1ec7n tinh th\u1ea7n b\u1ea3o v\u1ec7 m\u00f4i tr\u01b0\u1eddng. V\u1edbi \u0111i\u1ec7n \u00e1p \u0111\u1ea7u v\u00e0o DC 24V, d\u00f2ng ho\u1ea1t \u0111\u1ed9ng 950mA v\u00e0 ti\u00eau th\u1ee5 22.8W, \u0111\u00e8n n\u00e0y t\u1eadn d\u1ee5ng hi\u1ec7u qu\u1ea3 n\u0103ng l\u01b0\u1ee3ng \u0111\u1ec3 \u0111em l\u1ea1i \u00e1nh s\u00e1ng s\u00e1ng m\u1ea1nh v\u1edbi l\u01b0\u1ee3ng \u0111i\u1ec7n ti\u00eau th\u1ee5 h\u1ee3p l\u00fd.<\/span><\/p>\n<p style=\"text-align: justify;\"><span style=\"font-size: 14pt;\">Luminance c\u1ee7a \u0111\u00e8n Linear Vi41 th\u1ef1c s\u1ef1 \u1ea5n t\u01b0\u1ee3ng &#8211; CW (Cool White) \u0111\u1ea1t 1280lm v\u00e0 WW (Warm White) \u0111\u1ea1t 1102lm. \u0110i\u1ec1u n\u00e0y cho ph\u00e9p b\u1ea1n t\u1ea1o ra kh\u00f4ng gian s\u1ed1ng \u0111\u1ed9ng, t\u1eeb kh\u00f4ng gian l\u00e0m vi\u1ec7c hi\u1ec7n \u0111\u1ea1i \u0111\u1ebfn kh\u00f4ng gian ngh\u1ec9 ng\u01a1i \u1ea5m c\u00fang. B\u1ea1n c\u00f3 th\u1ec3 t\u00f9y ch\u1ec9nh \u00e1nh s\u00e1ng theo mong mu\u1ed1n, t\u1ea1o n\u00ean kh\u00f4ng gian tho\u1ea3i m\u00e1i v\u00e0 th\u01b0 th\u00e1i.<\/span><\/p>\n<p style=\"text-align: justify;\"><span style=\"font-size: 14pt;\">\u0110\u00e8n Linear Vi41 kh\u00f4ng ch\u1ec9 l\u00e0 m\u1ed9t ngu\u1ed3n \u00e1nh s\u00e1ng \u0111\u1eb9p m\u1eaft, m\u00e0 c\u00f2n c\u00f3 \u0111\u1ed9 b\u1ec1n cao v\u1edbi ch\u1ec9 s\u1ed1 IK09, th\u1ec3 hi\u1ec7n kh\u1ea3 n\u0103ng ch\u1ecbu va \u0111\u1eadp v\u00e0 b\u1ea3o v\u1ec7 kh\u1ecfi c\u00e1c t\u00e1c \u0111\u1ed9ng v\u1eadt l\u00fd b\u00ean ngo\u00e0i. \u0110i\u1ec1u n\u00e0y \u0111\u1ea3m b\u1ea3o r\u1eb1ng s\u1ea3n ph\u1ea9m s\u1ebd lu\u00f4n gi\u1eef \u0111\u01b0\u1ee3c v\u1ebb \u0111\u1eb9p v\u00e0 hi\u1ec7u su\u1ea5t c\u1ee7a m\u00ecnh trong su\u1ed1t th\u1eddi gian d\u00e0i.<\/span><\/p>\n<p style=\"text-align: justify;\"><span style=\"font-size: 14pt;\">T\u00f3m l\u1ea1i, \u0111\u00e8n Linear Vi41 l\u00e0 s\u1ef1 k\u1ebft h\u1ee3p ho\u00e0n h\u1ea3o gi\u1eefa thi\u1ebft k\u1ebf \u0111\u1eb9p m\u1eaft v\u00e0 hi\u1ec7u su\u1ea5t \u00e1nh s\u00e1ng v\u01b0\u1ee3t tr\u1ed9i. Cho d\u00f9 b\u1ea1n \u0111ang t\u00ecm ki\u1ebfm c\u00e1ch \u0111\u1ec3 l\u00e0m m\u1edbi kh\u00f4ng gian s\u1ed1ng ho\u1eb7c n\u00e2ng cao hi\u1ec7u qu\u1ea3 \u00e1nh s\u00e1ng trong m\u00f4i tr\u01b0\u1eddng l\u00e0m vi\u1ec7c, s\u1ea3n ph\u1ea9m n\u00e0y s\u1ebd kh\u00f4ng l\u00e0m b\u1ea1n th\u1ea5t v\u1ecdng. H\u00e3y \u0111\u1ec3 \u0111\u00e8n Linear Vi41 th\u1eafp s\u00e1ng cho cu\u1ed9c s\u1ed1ng v\u00e0 c\u00f4ng vi\u1ec7c c\u1ee7a b\u1ea1n m\u1ed9t c\u00e1ch \u0111\u1ed9c \u0111\u00e1o v\u00e0 \u1ea5n t\u01b0\u1ee3ng.<\/span><\/p>\n<p style=\"text-align: justify;\"><span style=\"font-size: 14pt;\"><a href=\"https:\/\/vilight.vn\/website\/wp-content\/uploads\/2023\/08\/Den-Linear-Vi40-1.jpg\"><img decoding=\"async\" class=\"aligncenter wp-image-4340 size-full lazyload\" data-src=\"https:\/\/vilight.vn\/website\/wp-content\/uploads\/2023\/08\/Den-Linear-Vi40-1.jpg\" alt=\"\u0110\u00e8n linear Vi41\" width=\"1200\" height=\"370\" data-srcset=\"https:\/\/vilight.vn\/website\/wp-content\/uploads\/2023\/08\/Den-Linear-Vi40-1.jpg 1200w, https:\/\/vilight.vn\/website\/wp-content\/uploads\/2023\/08\/Den-Linear-Vi40-1-800x247.jpg 800w, https:\/\/vilight.vn\/website\/wp-content\/uploads\/2023\/08\/Den-Linear-Vi40-1-300x93.jpg 300w, https:\/\/vilight.vn\/website\/wp-content\/uploads\/2023\/08\/Den-Linear-Vi40-1-1024x316.jpg 1024w, https:\/\/vilight.vn\/website\/wp-content\/uploads\/2023\/08\/Den-Linear-Vi40-1-768x237.jpg 768w, https:\/\/vilight.vn\/website\/wp-content\/uploads\/2023\/08\/Den-Linear-Vi40-1-150x46.jpg 150w, https:\/\/vilight.vn\/website\/wp-content\/uploads\/2023\/08\/Den-Linear-Vi40-1-480x148.jpg 480w\" data-sizes=\"(max-width:767px) 480px, (max-width:1200px) 100vw, 1200px\" src=\"data:image\/svg+xml;base64,PHN2ZyB3aWR0aD0iMSIgaGVpZ2h0PSIxIiB4bWxucz0iaHR0cDovL3d3dy53My5vcmcvMjAwMC9zdmciPjwvc3ZnPg==\" style=\"--smush-placeholder-width: 1200px; --smush-placeholder-aspect-ratio: 1200\/370;\" \/><\/a><a href=\"https:\/\/vilight.vn\/website\/wp-content\/uploads\/2023\/08\/VI41-thong-so.jpg\"><img decoding=\"async\" class=\"aligncenter wp-image-4341 size-full lazyload\" data-src=\"https:\/\/vilight.vn\/website\/wp-content\/uploads\/2023\/08\/VI41-thong-so.jpg\" alt=\"\u0110\u00e8n linear Vi41\" width=\"1200\" height=\"861\" data-srcset=\"https:\/\/vilight.vn\/website\/wp-content\/uploads\/2023\/08\/VI41-thong-so.jpg 1200w, https:\/\/vilight.vn\/website\/wp-content\/uploads\/2023\/08\/VI41-thong-so-800x574.jpg 800w, https:\/\/vilight.vn\/website\/wp-content\/uploads\/2023\/08\/VI41-thong-so-300x215.jpg 300w, https:\/\/vilight.vn\/website\/wp-content\/uploads\/2023\/08\/VI41-thong-so-1024x735.jpg 1024w, https:\/\/vilight.vn\/website\/wp-content\/uploads\/2023\/08\/VI41-thong-so-768x551.jpg 768w, https:\/\/vilight.vn\/website\/wp-content\/uploads\/2023\/08\/VI41-thong-so-105x75.jpg 105w, https:\/\/vilight.vn\/website\/wp-content\/uploads\/2023\/08\/VI41-thong-so-480x344.jpg 480w\" data-sizes=\"(max-width:767px) 480px, (max-width:1200px) 100vw, 1200px\" src=\"data:image\/svg+xml;base64,PHN2ZyB3aWR0aD0iMSIgaGVpZ2h0PSIxIiB4bWxucz0iaHR0cDovL3d3dy53My5vcmcvMjAwMC9zdmciPjwvc3ZnPg==\" style=\"--smush-placeholder-width: 1200px; --smush-placeholder-aspect-ratio: 1200\/861;\" \/><\/a><\/span><\/p>\n<p style=\"text-align: justify;\"><span style=\"font-size: 14pt;\">Vilight l\u00e0 \u0111i\u1ec3m \u0111\u1ebfn h\u00e0ng \u0111\u1ea7u cho nh\u1eefng ai \u0111ang t\u00ecm ki\u1ebfm s\u1ef1 ho\u00e0n h\u1ea3o trong thi\u1ebft k\u1ebf v\u00e0 cung c\u1ea5p thi\u1ebft b\u1ecb chi\u1ebfu s\u00e1ng chuy\u00ean nghi\u1ec7p. V\u1edbi s\u1ee9 m\u1ec7nh mang \u0111\u1ebfn kh\u00f4ng gian s\u00e1ng \u0111\u1eb9p v\u00e0 hi\u1ec7u su\u1ea5t \u00e1nh s\u00e1ng t\u1ed1i \u01b0u, ch\u00fang t\u00f4i t\u1ef1 h\u00e0o l\u00e0 \u0111\u1ed1i t\u00e1c \u0111\u00e1ng tin c\u1eady c\u1ee7a c\u00e1c d\u1ef1 \u00e1n chi\u1ebfu s\u00e1ng t\u1ea7m c\u1ee1, t\u1eeb nh\u1eefng kh\u00f4ng gian nh\u1ecf nh\u01b0 c\u0103n h\u1ed9, bi\u1ec7t th\u1ef1, cho \u0111\u1ebfn c\u00e1c c\u00f4ng tr\u00ecnh th\u01b0\u01a1ng m\u1ea1i v\u00e0 c\u00f4ng nghi\u1ec7p l\u1edbn.<\/span><\/p>\n<p style=\"text-align: justify;\"><span style=\"font-size: 14pt;\">T\u1ea1i sao ch\u1ecdn Vilight ?\u00a0<\/span><\/p>\n<p style=\"text-align: justify;\"><span style=\"font-size: 14pt;\">1. *Kinh nghi\u1ec7m v\u00e0 Chuy\u00ean nghi\u1ec7p:* V\u1edbi h\u01a1n m\u1ed9t th\u1eadp k\u1ef7 kinh nghi\u1ec7m trong ng\u00e0nh chi\u1ebfu s\u00e1ng, Vilight t\u1ef1 h\u00e0o l\u00e0 \u0111\u01a1n v\u1ecb c\u00f3 ki\u1ebfn th\u1ee9c s\u00e2u r\u1ed9ng v\u00e0 s\u1ef1 hi\u1ec3u bi\u1ebft t\u1ed1i \u01b0u v\u1ec1 c\u00e1c s\u1ea3n ph\u1ea9m chi\u1ebfu s\u00e1ng. Ch\u00fang t\u00f4i lu\u00f4n c\u1eadp nh\u1eadt nh\u1eefng xu h\u01b0\u1edbng m\u1edbi nh\u1ea5t v\u00e0 \u00e1p d\u1ee5ng nh\u1eefng c\u00f4ng ngh\u1ec7 ti\u00ean ti\u1ebfn \u0111\u1ec3 \u0111\u1ea3m b\u1ea3o s\u1ef1 ho\u00e0n h\u1ea3o cho m\u1ecdi d\u1ef1 \u00e1n.<\/span><\/p>\n<p style=\"text-align: justify;\"><span style=\"font-size: 14pt;\">2. *S\u1ea3n ph\u1ea9m \u0111a d\u1ea1ng v\u00e0 ch\u1ea5t l\u01b0\u1ee3ng:* T\u1ea1i Vilight, ch\u00fang t\u00f4i cung c\u1ea5p m\u1ed9t lo\u1ea1t c\u00e1c s\u1ea3n ph\u1ea9m chi\u1ebfu s\u00e1ng \u0111a d\u1ea1ng, t\u1eeb \u0111\u00e8n LED ti\u1ebft ki\u1ec7m n\u0103ng l\u01b0\u1ee3ng, \u0111\u00e8n trang tr\u00ed \u0111\u1ed9c \u0111\u00e1o \u0111\u1ebfn c\u00e1c gi\u1ea3i ph\u00e1p chi\u1ebfu s\u00e1ng th\u00f4ng minh. S\u1ef1 \u0111a d\u1ea1ng n\u00e0y kh\u00f4ng ch\u1ec9 \u0111\u1ea3m b\u1ea3o l\u1ef1a ch\u1ecdn phong ph\u00fa cho kh\u00e1ch h\u00e0ng, m\u00e0 c\u00f2n mang \u0111\u1ebfn kh\u1ea3 n\u0103ng t\u1ed1i \u01b0u h\u00f3a \u00e1nh s\u00e1ng cho m\u1ecdi lo\u1ea1i kh\u00f4ng gian.<\/span><\/p>\n<p style=\"text-align: justify;\"><span style=\"font-size: 14pt;\">3. *T\u01b0 v\u1ea5n chuy\u00ean nghi\u1ec7p:* \u0110\u1ed9i ng\u0169 chuy\u00ean gia t\u01b0 v\u1ea5n c\u1ee7a ch\u00fang t\u00f4i s\u1ebd h\u1ed7 tr\u1ee3 b\u1ea1n t\u1eeb kh\u00e2u l\u1eadp k\u1ebf ho\u1ea1ch, thi\u1ebft k\u1ebf cho \u0111\u1ebfn tri\u1ec3n khai th\u1ef1c hi\u1ec7n. Ch\u00fang t\u00f4i hi\u1ec3u r\u1eb1ng m\u1ed7i d\u1ef1 \u00e1n l\u00e0 m\u1ed9t c\u00e2u chuy\u1ec7n ri\u00eang, v\u00e0 ch\u00fang t\u00f4i cam k\u1ebft \u0111em \u0111\u1ebfn gi\u1ea3i ph\u00e1p t\u1ed1t nh\u1ea5t cho nhu c\u1ea7u c\u1ee7a b\u1ea1n.<\/span><\/p>\n<p style=\"text-align: justify;\"><span style=\"font-size: 14pt;\">4. *D\u1ecbch v\u1ee5 kh\u00e1ch h\u00e0ng \u01b0u vi\u1ec7t:* S\u1ef1 h\u00e0i l\u00f2ng c\u1ee7a kh\u00e1ch h\u00e0ng lu\u00f4n \u0111\u1eb7t l\u00ean h\u00e0ng \u0111\u1ea7u. V\u1edbi tinh th\u1ea7n ph\u1ee5c v\u1ee5 chuy\u00ean nghi\u1ec7p v\u00e0 th\u00e2n thi\u1ec7n, ch\u00fang t\u00f4i cam k\u1ebft lu\u00f4n \u0111\u1ed3ng h\u00e0nh c\u00f9ng b\u1ea1n t\u1eeb kh\u00e2u l\u1ef1a ch\u1ecdn s\u1ea3n ph\u1ea9m cho \u0111\u1ebfn sau khi tri\u1ec3n khai.<\/span><\/p>\n<p style=\"text-align: justify;\"><span style=\"font-size: 14pt;\">Kh\u00e1m ph\u00e1 th\u00eam v\u1ec1 ch\u00fang t\u00f4i t\u1ea1i [https:\/\/vilight.vn\/website\/] v\u00e0 tr\u1edf th\u00e0nh m\u1ed9t ph\u1ea7n c\u1ee7a h\u00e0nh tr\u00ecnh mang \u00e1nh s\u00e1ng \u0111\u1ebfn cu\u1ed9c s\u1ed1ng v\u00e0 kh\u00f4ng gian c\u1ee7a b\u1ea1n. H\u00e3y c\u00f9ng Vilight t\u1ea1o n\u00ean nh\u1eefng gi\u1ea3i ph\u00e1p chi\u1ebfu s\u00e1ng tinh t\u1ebf v\u00e0 \u1ea5n t\u01b0\u1ee3ng !<\/span><\/p>\n","protected":false},"excerpt":{"rendered":"<p style=\"text-align: justify;\"><span style=\"font-size: 14pt;\">Kh\u00e1m ph\u00e1 s\u1ef1 ho\u00e0n h\u1ea3o v\u1edbi \u0111\u00e8n Linear Vi41 &#8211; ngu\u1ed3n s\u00e1ng m\u1ea1nh 6x3W, l\u1ef1a ch\u1ecdn g\u00f3c chi\u1ebfu linh ho\u1ea1t, ti\u1ebft ki\u1ec7m n\u0103ng l\u01b0\u1ee3ng, v\u00e0 thi\u1ebft k\u1ebf b\u1ec1n b\u1ec9. S\u00e1ng t\u1ea1o kh\u00f4ng gian s\u1ed1ng \u0111\u1ed9ng h\u01a1n ngay h\u00f4m nay!<\/span><\/p>\n","protected":false},"featured_media":4339,"template":"","meta":[],"product_brand":[],"product_cat":[73],"product_tag":[],"class_list":{"0":"post-4338","1":"product","2":"type-product","3":"status-publish","4":"has-post-thumbnail","6":"product_cat-den-chieu-sang-facade","7":"pa_chuan-dieu-khien-on-off","8":"pa_cong-suat-18w","9":"pa_dien-ap-hoat-dong-24vdc","10":"pa_do-chiu-luc-ik09","11":"pa_do-kin-ip68","12":"pa_goc-chieu-45-35","13":"pa_nhiet-do-mau-2000k","14":"pa_nhiet-do-mau-3000k","15":"pa_nhiet-do-mau-6000k","17":"first","18":"instock","19":"taxable","20":"shipping-taxable","21":"product-type-simple"},"yoast_head":"<!-- This site is optimized with the Yoast SEO Premium plugin v27.4 (Yoast SEO v27.4) - https:\/\/yoast.com\/product\/yoast-seo-premium-wordpress\/ -->\n<title>\u0110\u00e8n linear Vi41 - Vilight Co.ltd<\/title>\n<meta name=\"description\" content=\"Kh\u00e1m ph\u00e1 s\u1ef1 ho\u00e0n h\u1ea3o v\u1edbi \u0111\u00e8n Linear Vi41 - ngu\u1ed3n s\u00e1ng m\u1ea1nh 6x3W, l\u1ef1a ch\u1ecdn g\u00f3c chi\u1ebfu linh ho\u1ea1t, ti\u1ebft ki\u1ec7m n\u0103ng l\u01b0\u1ee3ng, v\u00e0 thi\u1ebft k\u1ebf b\u1ec1n b\u1ec9.\" \/>\n<meta name=\"robots\" content=\"index, follow, max-snippet:-1, max-image-preview:large, max-video-preview:-1\" \/>\n<link rel=\"canonical\" href=\"https:\/\/vilight.vn\/website\/san-pham\/den-chieu-sang-facade\/den-linear-vi41\/\" \/>\n<meta property=\"og:locale\" content=\"vi_VN\" \/>\n<meta property=\"og:type\" content=\"article\" \/>\n<meta property=\"og:title\" content=\"\u0110\u00e8n linear Vi41\" \/>\n<meta property=\"og:description\" content=\"Kh\u00e1m ph\u00e1 s\u1ef1 ho\u00e0n h\u1ea3o v\u1edbi \u0111\u00e8n Linear Vi41 - ngu\u1ed3n s\u00e1ng m\u1ea1nh 6x3W, l\u1ef1a ch\u1ecdn g\u00f3c chi\u1ebfu linh ho\u1ea1t, ti\u1ebft ki\u1ec7m n\u0103ng l\u01b0\u1ee3ng, v\u00e0 thi\u1ebft k\u1ebf b\u1ec1n b\u1ec9. S\u00e1ng t\u1ea1o kh\u00f4ng gian s\u1ed1ng \u0111\u1ed9ng h\u01a1n ngay h\u00f4m nay!\" \/>\n<meta property=\"og:url\" content=\"https:\/\/vilight.vn\/website\/san-pham\/den-chieu-sang-facade\/den-linear-vi41\/\" \/>\n<meta property=\"og:site_name\" content=\"Vilight Co.ltd\" \/>\n<meta property=\"article:publisher\" content=\"http:\/\/facebook.com\/vilight.vn\" \/>\n<meta property=\"article:modified_time\" content=\"2023-08-22T07:21:41+00:00\" \/>\n<meta property=\"og:image\" content=\"https:\/\/vilight.vn\/website\/wp-content\/uploads\/2023\/08\/Vi40-1.jpg\" \/>\n\t<meta property=\"og:image:width\" content=\"600\" \/>\n\t<meta property=\"og:image:height\" content=\"600\" \/>\n\t<meta property=\"og:image:type\" content=\"image\/jpeg\" \/>\n<meta name=\"twitter:card\" content=\"summary_large_image\" \/>\n<meta name=\"twitter:label1\" content=\"Gi\u00e1\" \/>\n\t<meta name=\"twitter:data1\" content=\"\" \/>\n\t<meta name=\"twitter:label2\" content=\"Kh\u1ea3 d\u1ee5ng\" \/>\n\t<meta name=\"twitter:data2\" content=\"Trong kho\" \/>\n<script type=\"application\/ld+json\" class=\"yoast-schema-graph\">{\"@context\":\"https:\\\/\\\/schema.org\",\"@graph\":[{\"@type\":\"WebPage\",\"@id\":\"https:\\\/\\\/vilight.vn\\\/website\\\/san-pham\\\/den-chieu-sang-facade\\\/den-linear-vi41\\\/\",\"url\":\"https:\\\/\\\/vilight.vn\\\/website\\\/san-pham\\\/den-chieu-sang-facade\\\/den-linear-vi41\\\/\",\"name\":\"\u0110\u00e8n linear Vi41 - Vilight Co.ltd\",\"isPartOf\":{\"@id\":\"https:\\\/\\\/vilight.vn\\\/website\\\/#website\"},\"primaryImageOfPage\":{\"@id\":\"https:\\\/\\\/vilight.vn\\\/website\\\/san-pham\\\/den-chieu-sang-facade\\\/den-linear-vi41\\\/#primaryimage\"},\"image\":{\"@id\":\"https:\\\/\\\/vilight.vn\\\/website\\\/san-pham\\\/den-chieu-sang-facade\\\/den-linear-vi41\\\/#primaryimage\"},\"thumbnailUrl\":\"https:\\\/\\\/vilight.vn\\\/website\\\/wp-content\\\/uploads\\\/2023\\\/08\\\/Vi40-1.jpg\",\"datePublished\":\"2023-08-17T02:37:41+00:00\",\"dateModified\":\"2023-08-22T07:21:41+00:00\",\"description\":\"Kh\u00e1m ph\u00e1 s\u1ef1 ho\u00e0n h\u1ea3o v\u1edbi \u0111\u00e8n Linear Vi41 - ngu\u1ed3n s\u00e1ng m\u1ea1nh 6x3W, l\u1ef1a ch\u1ecdn g\u00f3c chi\u1ebfu linh ho\u1ea1t, ti\u1ebft ki\u1ec7m n\u0103ng l\u01b0\u1ee3ng, v\u00e0 thi\u1ebft k\u1ebf b\u1ec1n b\u1ec9.\",\"breadcrumb\":{\"@id\":\"https:\\\/\\\/vilight.vn\\\/website\\\/san-pham\\\/den-chieu-sang-facade\\\/den-linear-vi41\\\/#breadcrumb\"},\"inLanguage\":\"vi\",\"potentialAction\":[{\"@type\":\"ReadAction\",\"target\":[\"https:\\\/\\\/vilight.vn\\\/website\\\/san-pham\\\/den-chieu-sang-facade\\\/den-linear-vi41\\\/\"]}]},{\"@type\":\"ImageObject\",\"inLanguage\":\"vi\",\"@id\":\"https:\\\/\\\/vilight.vn\\\/website\\\/san-pham\\\/den-chieu-sang-facade\\\/den-linear-vi41\\\/#primaryimage\",\"url\":\"https:\\\/\\\/vilight.vn\\\/website\\\/wp-content\\\/uploads\\\/2023\\\/08\\\/Vi40-1.jpg\",\"contentUrl\":\"https:\\\/\\\/vilight.vn\\\/website\\\/wp-content\\\/uploads\\\/2023\\\/08\\\/Vi40-1.jpg\",\"width\":600,\"height\":600,\"caption\":\"\u0110\u00e8n linear Vi41\"},{\"@type\":\"BreadcrumbList\",\"@id\":\"https:\\\/\\\/vilight.vn\\\/website\\\/san-pham\\\/den-chieu-sang-facade\\\/den-linear-vi41\\\/#breadcrumb\",\"itemListElement\":[{\"@type\":\"ListItem\",\"position\":1,\"name\":\"Home\",\"item\":\"https:\\\/\\\/vilight.vn\\\/website\\\/\"},{\"@type\":\"ListItem\",\"position\":2,\"name\":\"store\",\"item\":\"https:\\\/\\\/vilight.vn\\\/website\\\/store\\\/\"},{\"@type\":\"ListItem\",\"position\":3,\"name\":\"\u0110\u00e8n linear Vi41\"}]},{\"@type\":\"WebSite\",\"@id\":\"https:\\\/\\\/vilight.vn\\\/website\\\/#website\",\"url\":\"https:\\\/\\\/vilight.vn\\\/website\\\/\",\"name\":\"Vilight Co.ltd\",\"description\":\"Chi\u1ebfu s\u00e1ng m\u1ef9 thu\u1eadt, chi\u1ebfu s\u00e1ng th\u00f4ng minh, LED Pixel 3D, chi\u1ebfu s\u00e1ng trang tr\u00ed \u0111\u00f4 th\u1ecb, chi\u1ebfu s\u00e1ng v\u00f2ng xoay, chi\u1ebfu s\u00e1ng \u0111\u1ea3o giao th\u00f4ng, c\u1ed5ng ch\u00e0o \u0111\u00f4 th\u1ecb\",\"publisher\":{\"@id\":\"https:\\\/\\\/vilight.vn\\\/website\\\/#organization\"},\"potentialAction\":[{\"@type\":\"SearchAction\",\"target\":{\"@type\":\"EntryPoint\",\"urlTemplate\":\"https:\\\/\\\/vilight.vn\\\/website\\\/?s={search_term_string}\"},\"query-input\":{\"@type\":\"PropertyValueSpecification\",\"valueRequired\":true,\"valueName\":\"search_term_string\"}}],\"inLanguage\":\"vi\"},{\"@type\":\"Organization\",\"@id\":\"https:\\\/\\\/vilight.vn\\\/website\\\/#organization\",\"name\":\"Vilight\",\"url\":\"https:\\\/\\\/vilight.vn\\\/website\\\/\",\"logo\":{\"@type\":\"ImageObject\",\"inLanguage\":\"vi\",\"@id\":\"https:\\\/\\\/vilight.vn\\\/website\\\/#\\\/schema\\\/logo\\\/image\\\/\",\"url\":\"https:\\\/\\\/vilight.vn\\\/website\\\/wp-content\\\/uploads\\\/2022\\\/05\\\/chieu_sang_trang_tri_do_thi_bang_den_led_pixel.png\",\"contentUrl\":\"https:\\\/\\\/vilight.vn\\\/website\\\/wp-content\\\/uploads\\\/2022\\\/05\\\/chieu_sang_trang_tri_do_thi_bang_den_led_pixel.png\",\"width\":800,\"height\":427,\"caption\":\"Vilight\"},\"image\":{\"@id\":\"https:\\\/\\\/vilight.vn\\\/website\\\/#\\\/schema\\\/logo\\\/image\\\/\"},\"sameAs\":[\"http:\\\/\\\/facebook.com\\\/vilight.vn\",\"https:\\\/\\\/www.linkedin.com\\\/company\\\/vilight-vn\",\"https:\\\/\\\/www.youtube.com\\\/channel\\\/UCEwR2naeDcuarMX1kSv_rLQ\\\/videos\"]}]}<\/script>\n<meta property=\"product:brand\" content=\"\u0110\u00e8n chi\u1ebfu s\u00e1ng Facade\" \/>\n<meta property=\"product:price:currency\" content=\"VND\" \/>\n<meta property=\"og:availability\" content=\"instock\" \/>\n<meta property=\"product:availability\" content=\"instock\" \/>\n<meta property=\"product:condition\" content=\"new\" \/>\n<!-- \/ Yoast SEO Premium plugin. -->","yoast_head_json":{"title":"\u0110\u00e8n linear Vi41 - Vilight Co.ltd","description":"Kh\u00e1m ph\u00e1 s\u1ef1 ho\u00e0n h\u1ea3o v\u1edbi \u0111\u00e8n Linear Vi41 - ngu\u1ed3n s\u00e1ng m\u1ea1nh 6x3W, l\u1ef1a ch\u1ecdn g\u00f3c chi\u1ebfu linh ho\u1ea1t, ti\u1ebft ki\u1ec7m n\u0103ng l\u01b0\u1ee3ng, v\u00e0 thi\u1ebft k\u1ebf b\u1ec1n b\u1ec9.","robots":{"index":"index","follow":"follow","max-snippet":"max-snippet:-1","max-image-preview":"max-image-preview:large","max-video-preview":"max-video-preview:-1"},"canonical":"https:\/\/vilight.vn\/website\/san-pham\/den-chieu-sang-facade\/den-linear-vi41\/","og_locale":"vi_VN","og_type":"article","og_title":"\u0110\u00e8n linear Vi41","og_description":"Kh\u00e1m ph\u00e1 s\u1ef1 ho\u00e0n h\u1ea3o v\u1edbi \u0111\u00e8n Linear Vi41 - ngu\u1ed3n s\u00e1ng m\u1ea1nh 6x3W, l\u1ef1a ch\u1ecdn g\u00f3c chi\u1ebfu linh ho\u1ea1t, ti\u1ebft ki\u1ec7m n\u0103ng l\u01b0\u1ee3ng, v\u00e0 thi\u1ebft k\u1ebf b\u1ec1n b\u1ec9. S\u00e1ng t\u1ea1o kh\u00f4ng gian s\u1ed1ng \u0111\u1ed9ng h\u01a1n ngay h\u00f4m nay!","og_url":"https:\/\/vilight.vn\/website\/san-pham\/den-chieu-sang-facade\/den-linear-vi41\/","og_site_name":"Vilight Co.ltd","article_publisher":"http:\/\/facebook.com\/vilight.vn","article_modified_time":"2023-08-22T07:21:41+00:00","og_image":[{"width":600,"height":600,"url":"https:\/\/vilight.vn\/website\/wp-content\/uploads\/2023\/08\/Vi40-1.jpg","type":"image\/jpeg"}],"twitter_card":"summary_large_image","twitter_misc":{"Gi\u00e1":"","Kh\u1ea3 d\u1ee5ng":"Trong kho"},"schema":{"@context":"https:\/\/schema.org","@graph":[{"@type":"WebPage","@id":"https:\/\/vilight.vn\/website\/san-pham\/den-chieu-sang-facade\/den-linear-vi41\/","url":"https:\/\/vilight.vn\/website\/san-pham\/den-chieu-sang-facade\/den-linear-vi41\/","name":"\u0110\u00e8n linear Vi41 - Vilight Co.ltd","isPartOf":{"@id":"https:\/\/vilight.vn\/website\/#website"},"primaryImageOfPage":{"@id":"https:\/\/vilight.vn\/website\/san-pham\/den-chieu-sang-facade\/den-linear-vi41\/#primaryimage"},"image":{"@id":"https:\/\/vilight.vn\/website\/san-pham\/den-chieu-sang-facade\/den-linear-vi41\/#primaryimage"},"thumbnailUrl":"https:\/\/vilight.vn\/website\/wp-content\/uploads\/2023\/08\/Vi40-1.jpg","datePublished":"2023-08-17T02:37:41+00:00","dateModified":"2023-08-22T07:21:41+00:00","description":"Kh\u00e1m ph\u00e1 s\u1ef1 ho\u00e0n h\u1ea3o v\u1edbi \u0111\u00e8n Linear Vi41 - ngu\u1ed3n s\u00e1ng m\u1ea1nh 6x3W, l\u1ef1a ch\u1ecdn g\u00f3c chi\u1ebfu linh ho\u1ea1t, ti\u1ebft ki\u1ec7m n\u0103ng l\u01b0\u1ee3ng, v\u00e0 thi\u1ebft k\u1ebf b\u1ec1n b\u1ec9.","breadcrumb":{"@id":"https:\/\/vilight.vn\/website\/san-pham\/den-chieu-sang-facade\/den-linear-vi41\/#breadcrumb"},"inLanguage":"vi","potentialAction":[{"@type":"ReadAction","target":["https:\/\/vilight.vn\/website\/san-pham\/den-chieu-sang-facade\/den-linear-vi41\/"]}]},{"@type":"ImageObject","inLanguage":"vi","@id":"https:\/\/vilight.vn\/website\/san-pham\/den-chieu-sang-facade\/den-linear-vi41\/#primaryimage","url":"https:\/\/vilight.vn\/website\/wp-content\/uploads\/2023\/08\/Vi40-1.jpg","contentUrl":"https:\/\/vilight.vn\/website\/wp-content\/uploads\/2023\/08\/Vi40-1.jpg","width":600,"height":600,"caption":"\u0110\u00e8n linear Vi41"},{"@type":"BreadcrumbList","@id":"https:\/\/vilight.vn\/website\/san-pham\/den-chieu-sang-facade\/den-linear-vi41\/#breadcrumb","itemListElement":[{"@type":"ListItem","position":1,"name":"Home","item":"https:\/\/vilight.vn\/website\/"},{"@type":"ListItem","position":2,"name":"store","item":"https:\/\/vilight.vn\/website\/store\/"},{"@type":"ListItem","position":3,"name":"\u0110\u00e8n linear Vi41"}]},{"@type":"WebSite","@id":"https:\/\/vilight.vn\/website\/#website","url":"https:\/\/vilight.vn\/website\/","name":"Vilight Co.ltd","description":"Chi\u1ebfu s\u00e1ng m\u1ef9 thu\u1eadt, chi\u1ebfu s\u00e1ng th\u00f4ng minh, LED Pixel 3D, chi\u1ebfu s\u00e1ng trang tr\u00ed \u0111\u00f4 th\u1ecb, chi\u1ebfu s\u00e1ng v\u00f2ng xoay, chi\u1ebfu s\u00e1ng \u0111\u1ea3o giao th\u00f4ng, c\u1ed5ng ch\u00e0o \u0111\u00f4 th\u1ecb","publisher":{"@id":"https:\/\/vilight.vn\/website\/#organization"},"potentialAction":[{"@type":"SearchAction","target":{"@type":"EntryPoint","urlTemplate":"https:\/\/vilight.vn\/website\/?s={search_term_string}"},"query-input":{"@type":"PropertyValueSpecification","valueRequired":true,"valueName":"search_term_string"}}],"inLanguage":"vi"},{"@type":"Organization","@id":"https:\/\/vilight.vn\/website\/#organization","name":"Vilight","url":"https:\/\/vilight.vn\/website\/","logo":{"@type":"ImageObject","inLanguage":"vi","@id":"https:\/\/vilight.vn\/website\/#\/schema\/logo\/image\/","url":"https:\/\/vilight.vn\/website\/wp-content\/uploads\/2022\/05\/chieu_sang_trang_tri_do_thi_bang_den_led_pixel.png","contentUrl":"https:\/\/vilight.vn\/website\/wp-content\/uploads\/2022\/05\/chieu_sang_trang_tri_do_thi_bang_den_led_pixel.png","width":800,"height":427,"caption":"Vilight"},"image":{"@id":"https:\/\/vilight.vn\/website\/#\/schema\/logo\/image\/"},"sameAs":["http:\/\/facebook.com\/vilight.vn","https:\/\/www.linkedin.com\/company\/vilight-vn","https:\/\/www.youtube.com\/channel\/UCEwR2naeDcuarMX1kSv_rLQ\/videos"]}]},"product_brand":"\u0110\u00e8n chi\u1ebfu s\u00e1ng Facade","product_price_currency":"VND","og_availability":"instock","product_availability":"instock","product_condition":"new"},"_links":{"self":[{"href":"https:\/\/vilight.vn\/website\/wp-json\/wp\/v2\/product\/4338","targetHints":{"allow":["GET"]}}],"collection":[{"href":"https:\/\/vilight.vn\/website\/wp-json\/wp\/v2\/product"}],"about":[{"href":"https:\/\/vilight.vn\/website\/wp-json\/wp\/v2\/types\/product"}],"wp:featuredmedia":[{"embeddable":true,"href":"https:\/\/vilight.vn\/website\/wp-json\/wp\/v2\/media\/4339"}],"wp:attachment":[{"href":"https:\/\/vilight.vn\/website\/wp-json\/wp\/v2\/media?parent=4338"}],"wp:term":[{"taxonomy":"product_brand","embeddable":true,"href":"https:\/\/vilight.vn\/website\/wp-json\/wp\/v2\/product_brand?post=4338"},{"taxonomy":"product_cat","embeddable":true,"href":"https:\/\/vilight.vn\/website\/wp-json\/wp\/v2\/product_cat?post=4338"},{"taxonomy":"product_tag","embeddable":true,"href":"https:\/\/vilight.vn\/website\/wp-json\/wp\/v2\/product_tag?post=4338"}],"curies":[{"name":"wp","href":"https:\/\/api.w.org\/{rel}","templated":true}]}}