{"id":4350,"date":"2023-08-17T11:00:18","date_gmt":"2023-08-17T04:00:18","guid":{"rendered":"https:\/\/vilight.vn\/website\/?post_type=product&#038;p=4350"},"modified":"2025-08-27T14:55:51","modified_gmt":"2025-08-27T07:55:51","slug":"den-am-nuoc-vl-pl09","status":"publish","type":"product","link":"https:\/\/vilight.vn\/website\/san-pham\/den-chieu-sang-facade\/den-am-nuoc-vl-pl09\/","title":{"rendered":"\u0110\u00e8n \u00e2m n\u01b0\u1edbc VL PL09"},"content":{"rendered":"<h2 style=\"text-align: justify;\"><span style=\"font-size: 18pt;\">\u00a0\u0110\u00e8n \u00e2m n\u01b0\u1edbc VL PL09: K\u1ebft h\u1ee3p hi\u1ec7n \u0111\u1ea1i v\u00e0 b\u1ec1n b\u1ec9 cho kh\u00f4ng gian s\u00e1ng t\u1ea1o.\u00a0<\/span><\/h2>\n<p style=\"text-align: justify;\"><span style=\"font-size: 14pt;\">Trong th\u1ebf gi\u1edbi c\u1ee7a thi\u1ebft k\u1ebf \u00e1nh s\u00e1ng, s\u1ef1 k\u1ebft h\u1ee3p gi\u1eefa hi\u1ec7n \u0111\u1ea1i v\u00e0 b\u1ec1n b\u1ec9 lu\u00f4n l\u00e0 m\u1ee5c ti\u00eau m\u00e0 c\u00e1c nh\u00e0 thi\u1ebft k\u1ebf v\u00e0 ki\u1ebfn tr\u00fac s\u01b0 \u0111ang t\u00ecm ki\u1ebfm. V\u00e0 \u0111\u00fang nh\u01b0 th\u1ebf, \u0111\u00e8n \u00e2m n\u01b0\u1edbc VL PL09 \u0111\u00e3 xu\u1ea5t hi\u1ec7n nh\u01b0 m\u1ed9t hi\u1ec7n th\u00e2n ho\u00e0n h\u1ea3o c\u1ee7a s\u1ef1 k\u1ebft h\u1ee3p n\u00e0y. V\u1edbi m\u1eabu m\u00e3 tinh t\u1ebf, chi ti\u1ebft k\u1ef9 thu\u1eadt \u0111\u00e1ng kinh ng\u1ea1c v\u00e0 kh\u1ea3 n\u0103ng ch\u1ed1ng va \u0111\u1eadp \u0111\u00e1ng tin c\u1eady, \u0111\u00e8n n\u00e0y ch\u1eafc ch\u1eafn s\u1ebd l\u00e0 m\u1ed9t \u0111i\u1ec3m nh\u1ea5n \u1ea5n t\u01b0\u1ee3ng cho b\u1ea5t k\u1ef3 kh\u00f4ng gian n\u00e0o.<\/span><\/p>\n<p style=\"text-align: justify;\"><span style=\"font-size: 14pt;\">\u0110\u00e8n \u00e2m n\u01b0\u1edbc VL PL09 \u0111\u01b0\u1ee3c trang b\u1ecb 12 b\u00f3ng \u0111\u00e8n LED c\u00f4ng su\u1ea5t 2W m\u1ed7i b\u00f3ng, t\u1ed5ng c\u1ed9ng l\u00ean \u0111\u1ebfn 24W ngu\u1ed3n s\u00e1ng s\u00e1ng t\u1ea1o.\u00a0<\/span><\/p>\n<p style=\"text-align: justify;\"><a href=\"https:\/\/vilight.vn\/website\/wp-content\/uploads\/2023\/08\/den-am-nuoc-24w-co-lo.png\"><img decoding=\"async\" class=\"aligncenter wp-image-4555 size-full lazyload\" data-src=\"https:\/\/vilight.vn\/website\/wp-content\/uploads\/2023\/08\/den-am-nuoc-24w-co-lo.png\" alt=\"\u0110\u00e8n \u00e2m n\u01b0\u1edbc VL\" width=\"1325\" height=\"450\" data-srcset=\"https:\/\/vilight.vn\/website\/wp-content\/uploads\/2023\/08\/den-am-nuoc-24w-co-lo.png 1325w, https:\/\/vilight.vn\/website\/wp-content\/uploads\/2023\/08\/den-am-nuoc-24w-co-lo-800x272.png 800w\" data-sizes=\"(max-width:767px) 480px, (max-width:1325px) 100vw, 1325px\" src=\"data:image\/svg+xml;base64,PHN2ZyB3aWR0aD0iMSIgaGVpZ2h0PSIxIiB4bWxucz0iaHR0cDovL3d3dy53My5vcmcvMjAwMC9zdmciPjwvc3ZnPg==\" style=\"--smush-placeholder-width: 1325px; --smush-placeholder-aspect-ratio: 1325\/450;\" \/><\/a><\/p>\n<h2><\/h2>\n<h2 style=\"text-align: justify;\">Th\u00f4ng s\u1ed1 k\u1ef9 thu\u1eadt :<\/h2>\n<div class=\"column mcb-column mcb-item-fe4b21978 one laptop-one tablet-one mobile-one column_product_content\">\n<div class=\"mcb-column-inner mfn-module-wrapper mcb-column-inner-fe4b21978 mcb-item-product_content-inner\">\n<div class=\"woocommerce-product-details__description\">\n<section class=\"section mcb-section the_content has_content\">\n<div class=\"section_wrapper\">\n<div class=\"the_content_wrapper \">\n<div class=\"column mcb-column mcb-item-fe4b21978 one laptop-one tablet-one mobile-one column_product_content\">\n<div class=\"mcb-column-inner mfn-module-wrapper mcb-column-inner-fe4b21978 mcb-item-product_content-inner\">\n<div class=\"woocommerce-product-details__description\">\n<section class=\"section mcb-section the_content has_content\">\n<div class=\"section_wrapper\">\n<div class=\"the_content_wrapper \">\n<table style=\"width: 102%; height: 276px;\" width=\"102%\">\n<tbody>\n<tr style=\"height: 23px;\">\n<td style=\"width: 41.2604%; height: 23px;\" width=\"41%\">T\u00ean s\u1ea3n ph\u1ea9m<\/td>\n<td style=\"width: 329.74%; height: 23px;\" width=\"330%\">VL PL09<\/td>\n<\/tr>\n<tr style=\"height: 23px;\">\n<td style=\"width: 41.2604%; height: 23px;\">Chip LED<\/td>\n<td style=\"width: 329.74%; height: 23px;\">Osram<\/td>\n<\/tr>\n<tr style=\"height: 23px;\">\n<td style=\"width: 41.2604%; height: 23px;\" width=\"41%\">C\u00f4ng su\u1ea5t \u0111\u00e8n (W)<\/td>\n<td style=\"width: 329.74%; height: 23px;\" width=\"330%\">24W (12 leds x 2W)<\/td>\n<\/tr>\n<tr style=\"height: 23px;\">\n<td style=\"width: 41.2604%; height: 23px;\" width=\"41%\">\u0110i\u1ec7n \u00e1p ho\u1ea1t \u0111\u1ed9ng<\/td>\n<td style=\"width: 329.74%; height: 23px;\" width=\"330%\">\u00a0DC24V<\/td>\n<\/tr>\n<tr style=\"height: 23px;\">\n<td style=\"width: 41.2604%; height: 23px;\" width=\"41%\">\u0110i\u1ec1u khi\u1ec3n<\/td>\n<td style=\"width: 329.74%; height: 23px;\" width=\"330%\">DMX<\/td>\n<\/tr>\n<tr style=\"height: 23px;\">\n<td style=\"width: 41.2604%; height: 23px;\" width=\"41%\">Nhi\u1ec7t \u0111\u1ed9 m\u00e0u<\/td>\n<td style=\"width: 329.74%; height: 23px;\" width=\"330%\">RGB\/RGBW<\/td>\n<\/tr>\n<tr style=\"height: 23px;\">\n<td style=\"width: 41.2604%; height: 23px;\" width=\"41%\">G\u00f3c chi\u1ebfu<\/td>\n<td style=\"width: 329.74%; height: 23px;\" width=\"330%\">6\u00b0\/13\u00b0\/20\u00b0\/30\u00b0\/40\u00b0<\/td>\n<\/tr>\n<tr style=\"height: 23px;\">\n<td style=\"width: 41.2604%; height: 23px;\" width=\"41%\">Nhi\u1ec7t \u0111\u1ed9 ho\u1ea1t \u0111\u1ed9ng<\/td>\n<td style=\"width: 329.74%; height: 23px;\" width=\"330%\">&#8211; 20 \u0111\u1ebfn 40 \u0111\u1ed9 C C \u1edf \u0111\u1ed9 s\u00e2u kh\u00f4ng qu\u00e1 1m trong n\u01b0\u1edbc<\/td>\n<\/tr>\n<tr style=\"height: 23px;\">\n<td style=\"width: 41.2604%; height: 23px;\" width=\"41%\">Tu\u1ed5i th\u1ecd Chip Led<\/td>\n<td style=\"width: 329.74%; height: 23px;\" width=\"330%\">70.000h<\/td>\n<\/tr>\n<tr style=\"height: 23px;\">\n<td style=\"width: 41.2604%; height: 23px;\" width=\"41%\">C\u1ea5p b\u1ea3o v\u1ec7<\/td>\n<td style=\"width: 329.74%; height: 23px;\" width=\"330%\">IP68<\/td>\n<\/tr>\n<tr style=\"height: 23px;\">\n<td style=\"width: 41.2604%; height: 23px;\" width=\"41%\">\u0110\u1ed9 c\u1ee9ng<\/td>\n<td style=\"width: 329.74%; height: 23px;\" width=\"330%\">IK09<\/td>\n<\/tr>\n<tr style=\"height: 23px;\">\n<td style=\"width: 41.2604%; height: 23px;\">V\u1ecf b\u1ea3o v\u1ec7<\/td>\n<td style=\"width: 329.74%; height: 23px;\">Inox SUS 316 v\u1edbi b\u1ec1 m\u1eb7t tr\u01b0\u1edbc \u0111\u01b0\u1ee3c m\u1ea1 crom<\/td>\n<\/tr>\n<tr>\n<td style=\"width: 41.2604%;\">M\u1eb7t k\u00ednh<\/td>\n<td style=\"width: 329.74%;\">k\u00ednh c\u01b0\u1eddng l\u1ef1c \u0111\u1ed9 d\u00e0y 8mm<\/td>\n<\/tr>\n<tr>\n<td style=\"width: 41.2604%;\">B\u1ea3o v\u1ec7 qu\u00e1 nhi\u1ec7t<\/td>\n<td style=\"width: 329.74%;\">T\u1ef1 \u0111\u1ed9ng t\u1eaft khi nhi\u1ec7t \u0111\u1ed9 \u0111\u00e8n l\u00ean t\u1edbi 70<sup>0<\/sup>C<\/td>\n<\/tr>\n<\/tbody>\n<\/table>\n<\/div>\n<\/div>\n<\/section>\n<\/div>\n<\/div>\n<\/div>\n<div class=\"column mcb-column mcb-item-1fe6a99cb two-third laptop-two-third tablet-two-third mobile-one column_column\">\n<div class=\"mcb-column-inner mfn-module-wrapper mcb-column-inner-1fe6a99cb mcb-item-column-inner\">\n<div class=\"column_attr mfn-inline-editor clearfix\"><\/div>\n<\/div>\n<\/div>\n<\/div>\n<\/div>\n<\/section>\n<\/div>\n<\/div>\n<\/div>\n","protected":false},"excerpt":{"rendered":"<p style=\"text-align: justify;\"><span style=\"font-size: 14pt;\">\u0110\u00e8n \u00e2m n\u01b0\u1edbc VL PL09 &#8211; S\u1ef1 h\u00f2a quy\u1ec7n ho\u00e0n h\u1ea3o gi\u1eefa hi\u1ec7n \u0111\u1ea1i v\u00e0 b\u1ec1n b\u1ec9. C\u01b0\u1eddng \u0111\u1ed9 s\u00e1ng t\u00f9y ch\u1ec9nh, kh\u1ea3 n\u0103ng ch\u1ed1ng va \u0111\u1eadp IK09, v\u00e0 thi\u1ebft k\u1ebf \u0111a d\u1ea1ng. \u0110i\u1ec3m nh\u1ea5n cho kh\u00f4ng gian s\u00e1ng t\u1ea1o.<\/span><\/p>\n","protected":false},"featured_media":4352,"template":"","meta":[],"product_brand":[],"product_cat":[633,73],"product_tag":[],"class_list":{"0":"post-4350","1":"product","2":"type-product","3":"status-publish","4":"has-post-thumbnail","6":"product_cat-den-am-nuoc","7":"product_cat-den-chieu-sang-facade","8":"pa_chuan-dieu-khien-on-off","9":"pa_cong-suat-24w","10":"pa_dien-ap-hoat-dong-24vdc","11":"pa_do-chiu-luc-ik09","12":"pa_do-kin-ip68","13":"pa_goc-chieu-308","14":"pa_goc-chieu-232","15":"pa_goc-chieu-233","16":"pa_goc-chieu-583","17":"pa_goc-chieu-234","18":"pa_nhiet-do-mau-2000k","19":"pa_nhiet-do-mau-3000k","20":"pa_nhiet-do-mau-6000k","22":"first","23":"instock","24":"taxable","25":"shipping-taxable","26":"product-type-simple"},"yoast_head":"<!-- This site is optimized with the Yoast SEO Premium plugin v27.4 (Yoast SEO v27.4) - https:\/\/yoast.com\/product\/yoast-seo-premium-wordpress\/ -->\n<title>\u0110\u00e8n \u00e2m n\u01b0\u1edbc VL PL09 - Vilight Co.ltd<\/title>\n<meta name=\"description\" content=\"\u0110\u00e8n \u00e2m n\u01b0\u1edbc VL PL09 - S\u1ef1 h\u00f2a quy\u1ec7n ho\u00e0n h\u1ea3o gi\u1eefa hi\u1ec7n \u0111\u1ea1i v\u00e0 b\u1ec1n b\u1ec9. C\u01b0\u1eddng \u0111\u1ed9 s\u00e1ng t\u00f9y ch\u1ec9nh, kh\u1ea3 n\u0103ng ch\u1ed1ng va \u0111\u1eadp IK09, v\u00e0 thi\u1ebft k\u1ebf \u0111a d\u1ea1ng.\" \/>\n<meta name=\"robots\" content=\"index, follow, max-snippet:-1, max-image-preview:large, max-video-preview:-1\" \/>\n<link rel=\"canonical\" href=\"https:\/\/vilight.vn\/website\/san-pham\/den-chieu-sang-facade\/den-am-nuoc-vl-pl09\/\" \/>\n<meta property=\"og:locale\" content=\"vi_VN\" \/>\n<meta property=\"og:type\" content=\"article\" \/>\n<meta property=\"og:title\" content=\"\u0110\u00e8n \u00e2m n\u01b0\u1edbc VL PL09\" \/>\n<meta property=\"og:description\" content=\"\u0110\u00e8n \u00e2m n\u01b0\u1edbc VL PL09 - S\u1ef1 h\u00f2a quy\u1ec7n ho\u00e0n h\u1ea3o gi\u1eefa hi\u1ec7n \u0111\u1ea1i v\u00e0 b\u1ec1n b\u1ec9. C\u01b0\u1eddng \u0111\u1ed9 s\u00e1ng t\u00f9y ch\u1ec9nh, kh\u1ea3 n\u0103ng ch\u1ed1ng va \u0111\u1eadp IK09, v\u00e0 thi\u1ebft k\u1ebf \u0111a d\u1ea1ng. \u0110i\u1ec3m nh\u1ea5n cho kh\u00f4ng gian s\u00e1ng t\u1ea1o.\" \/>\n<meta property=\"og:url\" content=\"https:\/\/vilight.vn\/website\/san-pham\/den-chieu-sang-facade\/den-am-nuoc-vl-pl09\/\" \/>\n<meta property=\"og:site_name\" content=\"Vilight Co.ltd\" \/>\n<meta property=\"article:publisher\" content=\"http:\/\/facebook.com\/vilight.vn\" \/>\n<meta property=\"article:modified_time\" content=\"2025-08-27T07:55:51+00:00\" \/>\n<meta property=\"og:image\" content=\"https:\/\/vilight.vn\/website\/wp-content\/uploads\/2023\/08\/Den-am-nuoc-VL-PL09-logo.jpg\" \/>\n\t<meta property=\"og:image:width\" content=\"600\" \/>\n\t<meta property=\"og:image:height\" content=\"600\" \/>\n\t<meta property=\"og:image:type\" content=\"image\/jpeg\" \/>\n<meta name=\"twitter:card\" content=\"summary_large_image\" \/>\n<meta name=\"twitter:label1\" content=\"Gi\u00e1\" \/>\n\t<meta name=\"twitter:data1\" content=\"\" \/>\n\t<meta name=\"twitter:label2\" content=\"Kh\u1ea3 d\u1ee5ng\" \/>\n\t<meta name=\"twitter:data2\" content=\"Trong kho\" \/>\n<script type=\"application\/ld+json\" class=\"yoast-schema-graph\">{\"@context\":\"https:\\\/\\\/schema.org\",\"@graph\":[{\"@type\":\"WebPage\",\"@id\":\"https:\\\/\\\/vilight.vn\\\/website\\\/san-pham\\\/den-chieu-sang-facade\\\/den-am-nuoc-vl-pl09\\\/\",\"url\":\"https:\\\/\\\/vilight.vn\\\/website\\\/san-pham\\\/den-chieu-sang-facade\\\/den-am-nuoc-vl-pl09\\\/\",\"name\":\"\u0110\u00e8n \u00e2m n\u01b0\u1edbc VL PL09 - Vilight Co.ltd\",\"isPartOf\":{\"@id\":\"https:\\\/\\\/vilight.vn\\\/website\\\/#website\"},\"primaryImageOfPage\":{\"@id\":\"https:\\\/\\\/vilight.vn\\\/website\\\/san-pham\\\/den-chieu-sang-facade\\\/den-am-nuoc-vl-pl09\\\/#primaryimage\"},\"image\":{\"@id\":\"https:\\\/\\\/vilight.vn\\\/website\\\/san-pham\\\/den-chieu-sang-facade\\\/den-am-nuoc-vl-pl09\\\/#primaryimage\"},\"thumbnailUrl\":\"https:\\\/\\\/vilight.vn\\\/website\\\/wp-content\\\/uploads\\\/2023\\\/08\\\/Den-am-nuoc-VL-PL09-logo.jpg\",\"datePublished\":\"2023-08-17T04:00:18+00:00\",\"dateModified\":\"2025-08-27T07:55:51+00:00\",\"description\":\"\u0110\u00e8n \u00e2m n\u01b0\u1edbc VL PL09 - S\u1ef1 h\u00f2a quy\u1ec7n ho\u00e0n h\u1ea3o gi\u1eefa hi\u1ec7n \u0111\u1ea1i v\u00e0 b\u1ec1n b\u1ec9. C\u01b0\u1eddng \u0111\u1ed9 s\u00e1ng t\u00f9y ch\u1ec9nh, kh\u1ea3 n\u0103ng ch\u1ed1ng va \u0111\u1eadp IK09, v\u00e0 thi\u1ebft k\u1ebf \u0111a d\u1ea1ng.\",\"breadcrumb\":{\"@id\":\"https:\\\/\\\/vilight.vn\\\/website\\\/san-pham\\\/den-chieu-sang-facade\\\/den-am-nuoc-vl-pl09\\\/#breadcrumb\"},\"inLanguage\":\"vi\",\"potentialAction\":[{\"@type\":\"ReadAction\",\"target\":[\"https:\\\/\\\/vilight.vn\\\/website\\\/san-pham\\\/den-chieu-sang-facade\\\/den-am-nuoc-vl-pl09\\\/\"]}]},{\"@type\":\"ImageObject\",\"inLanguage\":\"vi\",\"@id\":\"https:\\\/\\\/vilight.vn\\\/website\\\/san-pham\\\/den-chieu-sang-facade\\\/den-am-nuoc-vl-pl09\\\/#primaryimage\",\"url\":\"https:\\\/\\\/vilight.vn\\\/website\\\/wp-content\\\/uploads\\\/2023\\\/08\\\/Den-am-nuoc-VL-PL09-logo.jpg\",\"contentUrl\":\"https:\\\/\\\/vilight.vn\\\/website\\\/wp-content\\\/uploads\\\/2023\\\/08\\\/Den-am-nuoc-VL-PL09-logo.jpg\",\"width\":600,\"height\":600},{\"@type\":\"BreadcrumbList\",\"@id\":\"https:\\\/\\\/vilight.vn\\\/website\\\/san-pham\\\/den-chieu-sang-facade\\\/den-am-nuoc-vl-pl09\\\/#breadcrumb\",\"itemListElement\":[{\"@type\":\"ListItem\",\"position\":1,\"name\":\"Home\",\"item\":\"https:\\\/\\\/vilight.vn\\\/website\\\/\"},{\"@type\":\"ListItem\",\"position\":2,\"name\":\"store\",\"item\":\"https:\\\/\\\/vilight.vn\\\/website\\\/store\\\/\"},{\"@type\":\"ListItem\",\"position\":3,\"name\":\"\u0110\u00e8n \u00e2m n\u01b0\u1edbc VL PL09\"}]},{\"@type\":\"WebSite\",\"@id\":\"https:\\\/\\\/vilight.vn\\\/website\\\/#website\",\"url\":\"https:\\\/\\\/vilight.vn\\\/website\\\/\",\"name\":\"Vilight Co.ltd\",\"description\":\"Chi\u1ebfu s\u00e1ng m\u1ef9 thu\u1eadt, chi\u1ebfu s\u00e1ng th\u00f4ng minh, LED Pixel 3D, chi\u1ebfu s\u00e1ng trang tr\u00ed \u0111\u00f4 th\u1ecb, chi\u1ebfu s\u00e1ng v\u00f2ng xoay, chi\u1ebfu s\u00e1ng \u0111\u1ea3o giao th\u00f4ng, c\u1ed5ng ch\u00e0o \u0111\u00f4 th\u1ecb\",\"publisher\":{\"@id\":\"https:\\\/\\\/vilight.vn\\\/website\\\/#organization\"},\"potentialAction\":[{\"@type\":\"SearchAction\",\"target\":{\"@type\":\"EntryPoint\",\"urlTemplate\":\"https:\\\/\\\/vilight.vn\\\/website\\\/?s={search_term_string}\"},\"query-input\":{\"@type\":\"PropertyValueSpecification\",\"valueRequired\":true,\"valueName\":\"search_term_string\"}}],\"inLanguage\":\"vi\"},{\"@type\":\"Organization\",\"@id\":\"https:\\\/\\\/vilight.vn\\\/website\\\/#organization\",\"name\":\"Vilight\",\"url\":\"https:\\\/\\\/vilight.vn\\\/website\\\/\",\"logo\":{\"@type\":\"ImageObject\",\"inLanguage\":\"vi\",\"@id\":\"https:\\\/\\\/vilight.vn\\\/website\\\/#\\\/schema\\\/logo\\\/image\\\/\",\"url\":\"https:\\\/\\\/vilight.vn\\\/website\\\/wp-content\\\/uploads\\\/2022\\\/05\\\/chieu_sang_trang_tri_do_thi_bang_den_led_pixel.png\",\"contentUrl\":\"https:\\\/\\\/vilight.vn\\\/website\\\/wp-content\\\/uploads\\\/2022\\\/05\\\/chieu_sang_trang_tri_do_thi_bang_den_led_pixel.png\",\"width\":800,\"height\":427,\"caption\":\"Vilight\"},\"image\":{\"@id\":\"https:\\\/\\\/vilight.vn\\\/website\\\/#\\\/schema\\\/logo\\\/image\\\/\"},\"sameAs\":[\"http:\\\/\\\/facebook.com\\\/vilight.vn\",\"https:\\\/\\\/www.linkedin.com\\\/company\\\/vilight-vn\",\"https:\\\/\\\/www.youtube.com\\\/channel\\\/UCEwR2naeDcuarMX1kSv_rLQ\\\/videos\"]}]}<\/script>\n<meta property=\"product:brand\" content=\"\u0110\u00e8n chi\u1ebfu s\u00e1ng Facade\" \/>\n<meta property=\"product:price:currency\" content=\"VND\" \/>\n<meta property=\"og:availability\" content=\"instock\" \/>\n<meta property=\"product:availability\" content=\"instock\" \/>\n<meta property=\"product:condition\" content=\"new\" \/>\n<!-- \/ Yoast SEO Premium plugin. -->","yoast_head_json":{"title":"\u0110\u00e8n \u00e2m n\u01b0\u1edbc VL PL09 - Vilight Co.ltd","description":"\u0110\u00e8n \u00e2m n\u01b0\u1edbc VL PL09 - S\u1ef1 h\u00f2a quy\u1ec7n ho\u00e0n h\u1ea3o gi\u1eefa hi\u1ec7n \u0111\u1ea1i v\u00e0 b\u1ec1n b\u1ec9. C\u01b0\u1eddng \u0111\u1ed9 s\u00e1ng t\u00f9y ch\u1ec9nh, kh\u1ea3 n\u0103ng ch\u1ed1ng va \u0111\u1eadp IK09, v\u00e0 thi\u1ebft k\u1ebf \u0111a d\u1ea1ng.","robots":{"index":"index","follow":"follow","max-snippet":"max-snippet:-1","max-image-preview":"max-image-preview:large","max-video-preview":"max-video-preview:-1"},"canonical":"https:\/\/vilight.vn\/website\/san-pham\/den-chieu-sang-facade\/den-am-nuoc-vl-pl09\/","og_locale":"vi_VN","og_type":"article","og_title":"\u0110\u00e8n \u00e2m n\u01b0\u1edbc VL PL09","og_description":"\u0110\u00e8n \u00e2m n\u01b0\u1edbc VL PL09 - S\u1ef1 h\u00f2a quy\u1ec7n ho\u00e0n h\u1ea3o gi\u1eefa hi\u1ec7n \u0111\u1ea1i v\u00e0 b\u1ec1n b\u1ec9. C\u01b0\u1eddng \u0111\u1ed9 s\u00e1ng t\u00f9y ch\u1ec9nh, kh\u1ea3 n\u0103ng ch\u1ed1ng va \u0111\u1eadp IK09, v\u00e0 thi\u1ebft k\u1ebf \u0111a d\u1ea1ng. \u0110i\u1ec3m nh\u1ea5n cho kh\u00f4ng gian s\u00e1ng t\u1ea1o.","og_url":"https:\/\/vilight.vn\/website\/san-pham\/den-chieu-sang-facade\/den-am-nuoc-vl-pl09\/","og_site_name":"Vilight Co.ltd","article_publisher":"http:\/\/facebook.com\/vilight.vn","article_modified_time":"2025-08-27T07:55:51+00:00","og_image":[{"width":600,"height":600,"url":"https:\/\/vilight.vn\/website\/wp-content\/uploads\/2023\/08\/Den-am-nuoc-VL-PL09-logo.jpg","type":"image\/jpeg"}],"twitter_card":"summary_large_image","twitter_misc":{"Gi\u00e1":"","Kh\u1ea3 d\u1ee5ng":"Trong kho"},"schema":{"@context":"https:\/\/schema.org","@graph":[{"@type":"WebPage","@id":"https:\/\/vilight.vn\/website\/san-pham\/den-chieu-sang-facade\/den-am-nuoc-vl-pl09\/","url":"https:\/\/vilight.vn\/website\/san-pham\/den-chieu-sang-facade\/den-am-nuoc-vl-pl09\/","name":"\u0110\u00e8n \u00e2m n\u01b0\u1edbc VL PL09 - Vilight Co.ltd","isPartOf":{"@id":"https:\/\/vilight.vn\/website\/#website"},"primaryImageOfPage":{"@id":"https:\/\/vilight.vn\/website\/san-pham\/den-chieu-sang-facade\/den-am-nuoc-vl-pl09\/#primaryimage"},"image":{"@id":"https:\/\/vilight.vn\/website\/san-pham\/den-chieu-sang-facade\/den-am-nuoc-vl-pl09\/#primaryimage"},"thumbnailUrl":"https:\/\/vilight.vn\/website\/wp-content\/uploads\/2023\/08\/Den-am-nuoc-VL-PL09-logo.jpg","datePublished":"2023-08-17T04:00:18+00:00","dateModified":"2025-08-27T07:55:51+00:00","description":"\u0110\u00e8n \u00e2m n\u01b0\u1edbc VL PL09 - S\u1ef1 h\u00f2a quy\u1ec7n ho\u00e0n h\u1ea3o gi\u1eefa hi\u1ec7n \u0111\u1ea1i v\u00e0 b\u1ec1n b\u1ec9. C\u01b0\u1eddng \u0111\u1ed9 s\u00e1ng t\u00f9y ch\u1ec9nh, kh\u1ea3 n\u0103ng ch\u1ed1ng va \u0111\u1eadp IK09, v\u00e0 thi\u1ebft k\u1ebf \u0111a d\u1ea1ng.","breadcrumb":{"@id":"https:\/\/vilight.vn\/website\/san-pham\/den-chieu-sang-facade\/den-am-nuoc-vl-pl09\/#breadcrumb"},"inLanguage":"vi","potentialAction":[{"@type":"ReadAction","target":["https:\/\/vilight.vn\/website\/san-pham\/den-chieu-sang-facade\/den-am-nuoc-vl-pl09\/"]}]},{"@type":"ImageObject","inLanguage":"vi","@id":"https:\/\/vilight.vn\/website\/san-pham\/den-chieu-sang-facade\/den-am-nuoc-vl-pl09\/#primaryimage","url":"https:\/\/vilight.vn\/website\/wp-content\/uploads\/2023\/08\/Den-am-nuoc-VL-PL09-logo.jpg","contentUrl":"https:\/\/vilight.vn\/website\/wp-content\/uploads\/2023\/08\/Den-am-nuoc-VL-PL09-logo.jpg","width":600,"height":600},{"@type":"BreadcrumbList","@id":"https:\/\/vilight.vn\/website\/san-pham\/den-chieu-sang-facade\/den-am-nuoc-vl-pl09\/#breadcrumb","itemListElement":[{"@type":"ListItem","position":1,"name":"Home","item":"https:\/\/vilight.vn\/website\/"},{"@type":"ListItem","position":2,"name":"store","item":"https:\/\/vilight.vn\/website\/store\/"},{"@type":"ListItem","position":3,"name":"\u0110\u00e8n \u00e2m n\u01b0\u1edbc VL PL09"}]},{"@type":"WebSite","@id":"https:\/\/vilight.vn\/website\/#website","url":"https:\/\/vilight.vn\/website\/","name":"Vilight Co.ltd","description":"Chi\u1ebfu s\u00e1ng m\u1ef9 thu\u1eadt, chi\u1ebfu s\u00e1ng th\u00f4ng minh, LED Pixel 3D, chi\u1ebfu s\u00e1ng trang tr\u00ed \u0111\u00f4 th\u1ecb, chi\u1ebfu s\u00e1ng v\u00f2ng xoay, chi\u1ebfu s\u00e1ng \u0111\u1ea3o giao th\u00f4ng, c\u1ed5ng ch\u00e0o \u0111\u00f4 th\u1ecb","publisher":{"@id":"https:\/\/vilight.vn\/website\/#organization"},"potentialAction":[{"@type":"SearchAction","target":{"@type":"EntryPoint","urlTemplate":"https:\/\/vilight.vn\/website\/?s={search_term_string}"},"query-input":{"@type":"PropertyValueSpecification","valueRequired":true,"valueName":"search_term_string"}}],"inLanguage":"vi"},{"@type":"Organization","@id":"https:\/\/vilight.vn\/website\/#organization","name":"Vilight","url":"https:\/\/vilight.vn\/website\/","logo":{"@type":"ImageObject","inLanguage":"vi","@id":"https:\/\/vilight.vn\/website\/#\/schema\/logo\/image\/","url":"https:\/\/vilight.vn\/website\/wp-content\/uploads\/2022\/05\/chieu_sang_trang_tri_do_thi_bang_den_led_pixel.png","contentUrl":"https:\/\/vilight.vn\/website\/wp-content\/uploads\/2022\/05\/chieu_sang_trang_tri_do_thi_bang_den_led_pixel.png","width":800,"height":427,"caption":"Vilight"},"image":{"@id":"https:\/\/vilight.vn\/website\/#\/schema\/logo\/image\/"},"sameAs":["http:\/\/facebook.com\/vilight.vn","https:\/\/www.linkedin.com\/company\/vilight-vn","https:\/\/www.youtube.com\/channel\/UCEwR2naeDcuarMX1kSv_rLQ\/videos"]}]},"product_brand":"\u0110\u00e8n chi\u1ebfu s\u00e1ng Facade","product_price_currency":"VND","og_availability":"instock","product_availability":"instock","product_condition":"new"},"_links":{"self":[{"href":"https:\/\/vilight.vn\/website\/wp-json\/wp\/v2\/product\/4350","targetHints":{"allow":["GET"]}}],"collection":[{"href":"https:\/\/vilight.vn\/website\/wp-json\/wp\/v2\/product"}],"about":[{"href":"https:\/\/vilight.vn\/website\/wp-json\/wp\/v2\/types\/product"}],"wp:featuredmedia":[{"embeddable":true,"href":"https:\/\/vilight.vn\/website\/wp-json\/wp\/v2\/media\/4352"}],"wp:attachment":[{"href":"https:\/\/vilight.vn\/website\/wp-json\/wp\/v2\/media?parent=4350"}],"wp:term":[{"taxonomy":"product_brand","embeddable":true,"href":"https:\/\/vilight.vn\/website\/wp-json\/wp\/v2\/product_brand?post=4350"},{"taxonomy":"product_cat","embeddable":true,"href":"https:\/\/vilight.vn\/website\/wp-json\/wp\/v2\/product_cat?post=4350"},{"taxonomy":"product_tag","embeddable":true,"href":"https:\/\/vilight.vn\/website\/wp-json\/wp\/v2\/product_tag?post=4350"}],"curies":[{"name":"wp","href":"https:\/\/api.w.org\/{rel}","templated":true}]}}