{"id":4376,"date":"2023-08-17T11:35:56","date_gmt":"2023-08-17T04:35:56","guid":{"rendered":"https:\/\/vilight.vn\/website\/?post_type=product&#038;p=4376"},"modified":"2024-10-01T09:46:15","modified_gmt":"2024-10-01T02:46:15","slug":"den-am-nuoc-vl-pl17","status":"publish","type":"product","link":"https:\/\/vilight.vn\/website\/san-pham\/den-chieu-sang-facade\/den-am-nuoc-vl-pl17\/","title":{"rendered":"\u0110\u00e8n \u00e2m n\u01b0\u1edbc VL PL17"},"content":{"rendered":"<h2 style=\"text-align: justify;\"><span style=\"font-size: 18pt;\">\u0110\u00e8n \u00c2m N\u01b0\u1edbc VL PL17 \u0110\u00e8n chi\u1ebfu s\u00e1ng chuy\u00ean d\u1ee5ng d\u01b0\u1edbi n\u01b0\u1edbc.\u00a0<\/span><\/h2>\n<p style=\"text-align: justify;\"><span style=\"font-size: 14pt;\">\u0110\u00e8n \u00e2m n\u01b0\u1edbc VL PL17 l\u00e0 m\u1ed9t s\u00e1ng t\u1ea1o \u0111\u1eb3ng c\u1ea5p trong th\u1ebf gi\u1edbi chi\u1ebfu s\u00e1ng d\u01b0\u1edbi n\u01b0\u1edbc, mang \u0111\u1ebfn m\u1ed9t tr\u1ea3i nghi\u1ec7m \u00e1nh s\u00e1ng tinh t\u1ebf v\u00e0 \u0111\u1ed9c \u0111\u00e1o cho c\u00e1c kh\u00f4ng gian n\u01b0\u1edbc. V\u1edbi thi\u1ebft k\u1ebf t\u1ed1i gi\u1ea3n v\u00e0 th\u00f4ng s\u1ed1 k\u1ef9 thu\u1eadt \u1ea5n t\u01b0\u1ee3ng, s\u1ea3n ph\u1ea9m n\u00e0y h\u1ee9a h\u1eb9n \u0111em \u0111\u1ebfn s\u1ef1 r\u1ea1ng ng\u1eddi cho b\u1ec3 b\u01a1i, h\u1ed3 c\u00e1, su\u1ed1i n\u01b0\u1edbc, v\u00e0 nhi\u1ec1u kh\u00f4ng gian n\u01b0\u1edbc kh\u00e1c.<\/span><\/p>\n<p style=\"text-align: justify;\"><span style=\"font-size: 14pt;\">V\u1edbi ngu\u1ed3n s\u00e1ng ch\u1ea5t l\u01b0\u1ee3ng cao bao g\u1ed3m 12 b\u00f3ng LED c\u00f3 c\u00f4ng su\u1ea5t 5W m\u1ed7i b\u00f3ng, t\u1ed5ng c\u00f4ng su\u1ea5t l\u00ean \u0111\u1ebfn 60W, \u0111\u00e8n \u00e2m n\u01b0\u1edbc VL PL17 \u0111\u1ea3m b\u1ea3o cung c\u1ea5p \u00e1nh s\u00e1ng m\u1ea1nh m\u1ebd v\u00e0 r\u1ef1c r\u1ee1 d\u01b0\u1edbi n\u01b0\u1edbc. B\u1ea5t k\u1ec3 l\u00e0 s\u1eed d\u1ee5ng cho vi\u1ec7c t\u1ea1o \u0111i\u1ec3m nh\u1ea5n \u00e1nh s\u00e1ng trong b\u1ec3 b\u01a1i hay t\u1ea1o kh\u00f4ng gian th\u00fa v\u1ecb cho h\u1ed3 c\u00e1, \u0111\u00e8n n\u00e0y s\u1ebd l\u00e0m cho m\u1ecdi g\u00f3c nh\u00ecn tr\u1edf n\u00ean th\u00fa v\u1ecb v\u00e0 \u0111\u1ed9c \u0111\u00e1o.<\/span><\/p>\n<p style=\"text-align: justify;\"><span style=\"font-size: 14pt;\">\u0110\u00e8n \u00e2m n\u01b0\u1edbc VL PL17 cho ph\u00e9p l\u1ef1a ch\u1ecdn g\u00f3c ph\u00e1t s\u00e1ng t\u00f9y theo nhu c\u1ea7u. C\u00f3 hai t\u00f9y ch\u1ecdn g\u00f3c ph\u00e1t s\u00e1ng:<\/span><br \/>\n<span style=\"font-size: 14pt;\">&#8211; G\u00f3c 33 \u0111\u1ed9 (B33): \u0110\u1ec3 t\u1ea1o ra \u00e1nh s\u00e1ng ph\u1ea3n x\u1ea1 r\u1ed9ng h\u01a1n, ph\u00f9 h\u1ee3p cho vi\u1ec7c chi\u1ebfu s\u00e1ng m\u1eb7t n\u01b0\u1edbc l\u1edbn.<\/span><br \/>\n<span style=\"font-size: 14pt;\">&#8211; G\u00f3c 20 \u0111\u1ed9 ho\u1eb7c 24 \u0111\u1ed9: \u0110\u1ec3 t\u1ea1o ra \u00e1nh s\u00e1ng t\u1eadp trung h\u01a1n, ho\u00e0n h\u1ea3o cho vi\u1ec7c t\u1ea1o \u0111i\u1ec3m nh\u1ea5n ho\u1eb7c chi\u1ebfu s\u00e1ng c\u00e1c \u0111\u1ed1i t\u01b0\u1ee3ng c\u1ee5 th\u1ec3.<\/span><\/p>\n<p style=\"text-align: justify;\"><span style=\"font-size: 14pt;\">V\u1edbi \u0111i\u1ec7n \u00e1p ho\u1ea1t \u0111\u1ed9ng DC 24V v\u00e0 d\u00f2ng ho\u1ea1t \u0111\u1ed9ng 2860mA, \u0111\u00e8n \u00e2m n\u01b0\u1edbc VL PL17 th\u1ec3 hi\u1ec7n hi\u1ec7u su\u1ea5t \u1ea5n t\u01b0\u1ee3ng, ti\u1ebft ki\u1ec7m n\u0103ng l\u01b0\u1ee3ng v\u00e0 duy tr\u00ec \u1ed5n \u0111\u1ecbnh \u00e1nh s\u00e1ng l\u00e2u d\u00e0i.<\/span><\/p>\n<p style=\"text-align: justify;\"><span style=\"font-size: 14pt;\">V\u01b0\u1ee3t qua ti\u00eau chu\u1ea9n ch\u1ed1ng va \u0111\u1eadp IK08, \u0111\u00e8n n\u00e0y t\u1ef1 h\u00e0o v\u1ec1 kh\u1ea3 n\u0103ng ch\u1ed1ng va \u0111\u1eadp \u0111\u00e1ng tin c\u1eady, \u0111\u1ea3m b\u1ea3o t\u00ednh b\u1ec1n b\u1ec9 v\u00e0 \u0111\u1ed9 b\u1ea3o v\u1ec7 cao. V\u1edbi thi\u1ebft k\u1ebf ch\u1eafc ch\u1eafn v\u00e0 ch\u1ea5t li\u1ec7u ch\u1ea5t l\u01b0\u1ee3ng, s\u1ea3n ph\u1ea9m n\u00e0y \u0111\u1ed3ng h\u00e0nh c\u00f9ng b\u1ea1n trong th\u1eddi gian d\u00e0i.<\/span><\/p>\n<p style=\"text-align: justify;\"><span style=\"font-size: 14pt;\">Cho d\u00f9 b\u1ea1n mu\u1ed1n bi\u1ebfn b\u1ec3 b\u01a1i th\u00e0nh m\u1ed9t b\u1eefa ti\u1ec7c \u00e1nh s\u00e1ng ho\u1eb7c t\u1ea1o ra kh\u00f4ng gian n\u01b0\u1edbc th\u1ea7n ti\u00ean v\u1edbi h\u1ed3 c\u00e1, \u0111\u00e8n \u00e2m n\u01b0\u1edbc VL PL17 s\u1ebd kh\u00f4ng l\u00e0m b\u1ea1n th\u1ea5t v\u1ecdng. V\u1edbi \u0111\u1ed9 s\u00e1ng \u0111\u1ec9nh cao, t\u00f9y ch\u1ecdn g\u00f3c ph\u00e1t s\u00e1ng \u0111a d\u1ea1ng v\u00e0 kh\u1ea3 n\u0103ng ch\u1ed1ng va \u0111\u1eadp t\u1ed1t, s\u1ea3n ph\u1ea9m n\u00e0y s\u1ebd l\u00e0m cho m\u1ecdi kho\u1ea3nh kh\u1eafc d\u01b0\u1edbi n\u01b0\u1edbc tr\u1edf n\u00ean \u0111\u00e1ng nh\u1edb v\u00e0 ph\u1ea5n kh\u00edch.<\/span><\/p>\n<p style=\"text-align: justify;\"><span style=\"font-size: 14pt;\"><a href=\"https:\/\/vilight.vn\/website\/wp-content\/uploads\/2023\/08\/Den-am-nuoc-VL-PL17.jpg\"><img decoding=\"async\" class=\"size-full wp-image-4377 aligncenter lazyload\" data-src=\"https:\/\/vilight.vn\/website\/wp-content\/uploads\/2023\/08\/Den-am-nuoc-VL-PL17.jpg\" alt=\"\u0110\u00e8n \u00e2m n\u01b0\u1edbc VL PL17\" width=\"1200\" height=\"385\" data-srcset=\"https:\/\/vilight.vn\/website\/wp-content\/uploads\/2023\/08\/Den-am-nuoc-VL-PL17.jpg 1200w, https:\/\/vilight.vn\/website\/wp-content\/uploads\/2023\/08\/Den-am-nuoc-VL-PL17-800x257.jpg 800w, https:\/\/vilight.vn\/website\/wp-content\/uploads\/2023\/08\/Den-am-nuoc-VL-PL17-300x96.jpg 300w, https:\/\/vilight.vn\/website\/wp-content\/uploads\/2023\/08\/Den-am-nuoc-VL-PL17-1024x329.jpg 1024w, https:\/\/vilight.vn\/website\/wp-content\/uploads\/2023\/08\/Den-am-nuoc-VL-PL17-768x246.jpg 768w, https:\/\/vilight.vn\/website\/wp-content\/uploads\/2023\/08\/Den-am-nuoc-VL-PL17-150x48.jpg 150w, https:\/\/vilight.vn\/website\/wp-content\/uploads\/2023\/08\/Den-am-nuoc-VL-PL17-480x154.jpg 480w\" data-sizes=\"(max-width:767px) 480px, (max-width:1200px) 100vw, 1200px\" src=\"data:image\/svg+xml;base64,PHN2ZyB3aWR0aD0iMSIgaGVpZ2h0PSIxIiB4bWxucz0iaHR0cDovL3d3dy53My5vcmcvMjAwMC9zdmciPjwvc3ZnPg==\" style=\"--smush-placeholder-width: 1200px; --smush-placeholder-aspect-ratio: 1200\/385;\" \/><\/a><\/span><\/p>\n<p style=\"text-align: justify;\"><span style=\"font-size: 14pt;\">Vilight l\u00e0 \u0111i\u1ec3m \u0111\u1ebfn h\u00e0ng \u0111\u1ea7u cho nh\u1eefng ai \u0111ang t\u00ecm ki\u1ebfm s\u1ef1 ho\u00e0n h\u1ea3o trong thi\u1ebft k\u1ebf v\u00e0 cung c\u1ea5p thi\u1ebft b\u1ecb chi\u1ebfu s\u00e1ng chuy\u00ean nghi\u1ec7p. V\u1edbi s\u1ee9 m\u1ec7nh mang \u0111\u1ebfn kh\u00f4ng gian s\u00e1ng \u0111\u1eb9p v\u00e0 hi\u1ec7u su\u1ea5t \u00e1nh s\u00e1ng t\u1ed1i \u01b0u, ch\u00fang t\u00f4i t\u1ef1 h\u00e0o l\u00e0 \u0111\u1ed1i t\u00e1c \u0111\u00e1ng tin c\u1eady c\u1ee7a c\u00e1c d\u1ef1 \u00e1n chi\u1ebfu s\u00e1ng t\u1ea7m c\u1ee1, t\u1eeb nh\u1eefng kh\u00f4ng gian nh\u1ecf nh\u01b0 c\u0103n h\u1ed9, bi\u1ec7t th\u1ef1, cho \u0111\u1ebfn c\u00e1c c\u00f4ng tr\u00ecnh th\u01b0\u01a1ng m\u1ea1i v\u00e0 c\u00f4ng nghi\u1ec7p l\u1edbn.<\/span><\/p>\n<p style=\"text-align: justify;\"><span style=\"font-size: 14pt;\">T\u1ea1i sao ch\u1ecdn Vilight ?\u00a0<\/span><\/p>\n<p style=\"text-align: justify;\"><span style=\"font-size: 14pt;\">1. *Kinh nghi\u1ec7m v\u00e0 Chuy\u00ean nghi\u1ec7p:* V\u1edbi h\u01a1n m\u1ed9t th\u1eadp k\u1ef7 kinh nghi\u1ec7m trong ng\u00e0nh chi\u1ebfu s\u00e1ng, Vilight t\u1ef1 h\u00e0o l\u00e0 \u0111\u01a1n v\u1ecb c\u00f3 ki\u1ebfn th\u1ee9c s\u00e2u r\u1ed9ng v\u00e0 s\u1ef1 hi\u1ec3u bi\u1ebft t\u1ed1i \u01b0u v\u1ec1 c\u00e1c s\u1ea3n ph\u1ea9m chi\u1ebfu s\u00e1ng. Ch\u00fang t\u00f4i lu\u00f4n c\u1eadp nh\u1eadt nh\u1eefng xu h\u01b0\u1edbng m\u1edbi nh\u1ea5t v\u00e0 \u00e1p d\u1ee5ng nh\u1eefng c\u00f4ng ngh\u1ec7 ti\u00ean ti\u1ebfn \u0111\u1ec3 \u0111\u1ea3m b\u1ea3o s\u1ef1 ho\u00e0n h\u1ea3o cho m\u1ecdi d\u1ef1 \u00e1n.<\/span><\/p>\n<p style=\"text-align: justify;\"><span style=\"font-size: 14pt;\">2. *S\u1ea3n ph\u1ea9m \u0111a d\u1ea1ng v\u00e0 ch\u1ea5t l\u01b0\u1ee3ng:* T\u1ea1i Vilight, ch\u00fang t\u00f4i cung c\u1ea5p m\u1ed9t lo\u1ea1t c\u00e1c s\u1ea3n ph\u1ea9m chi\u1ebfu s\u00e1ng \u0111a d\u1ea1ng, t\u1eeb \u0111\u00e8n LED ti\u1ebft ki\u1ec7m n\u0103ng l\u01b0\u1ee3ng, \u0111\u00e8n trang tr\u00ed \u0111\u1ed9c \u0111\u00e1o \u0111\u1ebfn c\u00e1c gi\u1ea3i ph\u00e1p chi\u1ebfu s\u00e1ng th\u00f4ng minh. S\u1ef1 \u0111a d\u1ea1ng n\u00e0y kh\u00f4ng ch\u1ec9 \u0111\u1ea3m b\u1ea3o l\u1ef1a ch\u1ecdn phong ph\u00fa cho kh\u00e1ch h\u00e0ng, m\u00e0 c\u00f2n mang \u0111\u1ebfn kh\u1ea3 n\u0103ng t\u1ed1i \u01b0u h\u00f3a \u00e1nh s\u00e1ng cho m\u1ecdi lo\u1ea1i kh\u00f4ng gian.<\/span><\/p>\n<p style=\"text-align: justify;\"><span style=\"font-size: 14pt;\">3. *T\u01b0 v\u1ea5n chuy\u00ean nghi\u1ec7p:* \u0110\u1ed9i ng\u0169 chuy\u00ean gia t\u01b0 v\u1ea5n c\u1ee7a ch\u00fang t\u00f4i s\u1ebd h\u1ed7 tr\u1ee3 b\u1ea1n t\u1eeb kh\u00e2u l\u1eadp k\u1ebf ho\u1ea1ch, thi\u1ebft k\u1ebf cho \u0111\u1ebfn tri\u1ec3n khai th\u1ef1c hi\u1ec7n. Ch\u00fang t\u00f4i hi\u1ec3u r\u1eb1ng m\u1ed7i d\u1ef1 \u00e1n l\u00e0 m\u1ed9t c\u00e2u chuy\u1ec7n ri\u00eang, v\u00e0 ch\u00fang t\u00f4i cam k\u1ebft \u0111em \u0111\u1ebfn gi\u1ea3i ph\u00e1p t\u1ed1t nh\u1ea5t cho nhu c\u1ea7u c\u1ee7a b\u1ea1n.<\/span><\/p>\n<p style=\"text-align: justify;\"><span style=\"font-size: 14pt;\">4. *D\u1ecbch v\u1ee5 kh\u00e1ch h\u00e0ng \u01b0u vi\u1ec7t:* S\u1ef1 h\u00e0i l\u00f2ng c\u1ee7a kh\u00e1ch h\u00e0ng lu\u00f4n \u0111\u1eb7t l\u00ean h\u00e0ng \u0111\u1ea7u. V\u1edbi tinh th\u1ea7n ph\u1ee5c v\u1ee5 chuy\u00ean nghi\u1ec7p v\u00e0 th\u00e2n thi\u1ec7n, ch\u00fang t\u00f4i cam k\u1ebft lu\u00f4n \u0111\u1ed3ng h\u00e0nh c\u00f9ng b\u1ea1n t\u1eeb kh\u00e2u l\u1ef1a ch\u1ecdn s\u1ea3n ph\u1ea9m cho \u0111\u1ebfn sau khi tri\u1ec3n khai.<\/span><\/p>\n<p style=\"text-align: justify;\"><span style=\"font-size: 14pt;\">Kh\u00e1m ph\u00e1 th\u00eam v\u1ec1 ch\u00fang t\u00f4i t\u1ea1i [https:\/\/vilight.vn\/website\/] v\u00e0 tr\u1edf th\u00e0nh m\u1ed9t ph\u1ea7n c\u1ee7a h\u00e0nh tr\u00ecnh mang \u00e1nh s\u00e1ng \u0111\u1ebfn cu\u1ed9c s\u1ed1ng v\u00e0 kh\u00f4ng gian c\u1ee7a b\u1ea1n. H\u00e3y c\u00f9ng Vilight t\u1ea1o n\u00ean nh\u1eefng gi\u1ea3i ph\u00e1p chi\u1ebfu s\u00e1ng tinh t\u1ebf v\u00e0 \u1ea5n t\u01b0\u1ee3ng !<\/span><\/p>\n","protected":false},"excerpt":{"rendered":"<p style=\"text-align: justify;\"><span style=\"font-size: 14pt;\">\u0110\u00e8n \u00e2m n\u01b0\u1edbc VL PL17 &#8211; S\u1ef1 h\u00f2a quy\u1ec7n gi\u1eefa thi\u1ebft k\u1ebf tinh t\u1ebf v\u00e0 \u00e1nh s\u00e1ng m\u1ea1nh m\u1ebd. \u0110\u1ed9 s\u00e1ng \u1ea5n t\u01b0\u1ee3ng 5562 lm, t\u00f9y ch\u1ecdn g\u00f3c chi\u1ebfu 20\u00b0\/24\u00b0 ho\u1eb7c B33, ch\u1ea5t l\u01b0\u1ee3ng b\u1ec1n b\u1ec9. Tr\u1ea3i nghi\u1ec7m \u00e1nh s\u00e1ng \u0111\u1ed9c \u0111\u00e1o d\u01b0\u1edbi n\u01b0\u1edbc.<\/span><\/p>\n","protected":false},"featured_media":4378,"template":"","meta":[],"product_brand":[],"product_cat":[633,73],"product_tag":[],"class_list":{"0":"post-4376","1":"product","2":"type-product","3":"status-publish","4":"has-post-thumbnail","6":"product_cat-den-am-nuoc","7":"product_cat-den-chieu-sang-facade","8":"pa_chuan-dieu-khien-on-off","9":"pa_cong-suat-60w","10":"pa_dien-ap-hoat-dong-24vdc","11":"pa_do-chiu-luc-ik08","12":"pa_do-kin-ip68","13":"pa_goc-chieu-308","14":"pa_goc-chieu-571","15":"pa_nhiet-do-mau-2000k","16":"pa_nhiet-do-mau-3000k","17":"pa_nhiet-do-mau-6000k","19":"first","20":"instock","21":"taxable","22":"shipping-taxable","23":"product-type-simple"},"yoast_head":"<!-- This site is optimized with the Yoast SEO Premium plugin v27.4 (Yoast SEO v27.4) - https:\/\/yoast.com\/product\/yoast-seo-premium-wordpress\/ -->\n<title>\u0110\u00e8n \u00e2m n\u01b0\u1edbc VL PL17 - Vilight Co.ltd<\/title>\n<meta name=\"description\" content=\"\u0110\u00e8n \u00e2m n\u01b0\u1edbc VL PL17 - S\u1ef1 h\u00f2a quy\u1ec7n gi\u1eefa thi\u1ebft k\u1ebf tinh t\u1ebf v\u00e0 \u00e1nh s\u00e1ng m\u1ea1nh m\u1ebd. \u0110\u1ed9 s\u00e1ng \u1ea5n t\u01b0\u1ee3ng 5562 LM, t\u00f9y ch\u1ecdn g\u00f3c 20\u00b0\/24\u00b0, ch\u1ea5t l\u01b0\u1ee3ng b\u1ec1n b\u1ec9.\" \/>\n<meta name=\"robots\" content=\"index, follow, max-snippet:-1, max-image-preview:large, max-video-preview:-1\" \/>\n<link rel=\"canonical\" href=\"https:\/\/vilight.vn\/website\/san-pham\/den-chieu-sang-facade\/den-am-nuoc-vl-pl17\/\" \/>\n<meta property=\"og:locale\" content=\"vi_VN\" \/>\n<meta property=\"og:type\" content=\"article\" \/>\n<meta property=\"og:title\" content=\"\u0110\u00e8n \u00e2m n\u01b0\u1edbc VL PL17\" \/>\n<meta property=\"og:description\" content=\"\u0110\u00e8n \u00e2m n\u01b0\u1edbc VL PL17 - S\u1ef1 h\u00f2a quy\u1ec7n gi\u1eefa thi\u1ebft k\u1ebf tinh t\u1ebf v\u00e0 \u00e1nh s\u00e1ng m\u1ea1nh m\u1ebd. \u0110\u1ed9 s\u00e1ng \u1ea5n t\u01b0\u1ee3ng 5562 lm, t\u00f9y ch\u1ecdn g\u00f3c chi\u1ebfu 20\u00b0\/24\u00b0 ho\u1eb7c B33, ch\u1ea5t l\u01b0\u1ee3ng b\u1ec1n b\u1ec9. Tr\u1ea3i nghi\u1ec7m \u00e1nh s\u00e1ng \u0111\u1ed9c \u0111\u00e1o d\u01b0\u1edbi n\u01b0\u1edbc.\" \/>\n<meta property=\"og:url\" content=\"https:\/\/vilight.vn\/website\/san-pham\/den-chieu-sang-facade\/den-am-nuoc-vl-pl17\/\" \/>\n<meta property=\"og:site_name\" content=\"Vilight Co.ltd\" \/>\n<meta property=\"article:publisher\" content=\"http:\/\/facebook.com\/vilight.vn\" \/>\n<meta property=\"article:modified_time\" content=\"2024-10-01T02:46:15+00:00\" \/>\n<meta property=\"og:image\" content=\"https:\/\/vilight.vn\/website\/wp-content\/uploads\/2023\/08\/Den-am-nuoc-VL-PL17-logo.jpg\" \/>\n\t<meta property=\"og:image:width\" content=\"600\" \/>\n\t<meta property=\"og:image:height\" content=\"600\" \/>\n\t<meta property=\"og:image:type\" content=\"image\/jpeg\" \/>\n<meta name=\"twitter:card\" content=\"summary_large_image\" \/>\n<meta name=\"twitter:label1\" content=\"Gi\u00e1\" \/>\n\t<meta name=\"twitter:data1\" content=\"\" \/>\n\t<meta name=\"twitter:label2\" content=\"Kh\u1ea3 d\u1ee5ng\" \/>\n\t<meta name=\"twitter:data2\" content=\"Trong kho\" \/>\n<script type=\"application\/ld+json\" class=\"yoast-schema-graph\">{\"@context\":\"https:\\\/\\\/schema.org\",\"@graph\":[{\"@type\":\"WebPage\",\"@id\":\"https:\\\/\\\/vilight.vn\\\/website\\\/san-pham\\\/den-chieu-sang-facade\\\/den-am-nuoc-vl-pl17\\\/\",\"url\":\"https:\\\/\\\/vilight.vn\\\/website\\\/san-pham\\\/den-chieu-sang-facade\\\/den-am-nuoc-vl-pl17\\\/\",\"name\":\"\u0110\u00e8n \u00e2m n\u01b0\u1edbc VL PL17 - Vilight Co.ltd\",\"isPartOf\":{\"@id\":\"https:\\\/\\\/vilight.vn\\\/website\\\/#website\"},\"primaryImageOfPage\":{\"@id\":\"https:\\\/\\\/vilight.vn\\\/website\\\/san-pham\\\/den-chieu-sang-facade\\\/den-am-nuoc-vl-pl17\\\/#primaryimage\"},\"image\":{\"@id\":\"https:\\\/\\\/vilight.vn\\\/website\\\/san-pham\\\/den-chieu-sang-facade\\\/den-am-nuoc-vl-pl17\\\/#primaryimage\"},\"thumbnailUrl\":\"https:\\\/\\\/vilight.vn\\\/website\\\/wp-content\\\/uploads\\\/2023\\\/08\\\/Den-am-nuoc-VL-PL17-logo.jpg\",\"datePublished\":\"2023-08-17T04:35:56+00:00\",\"dateModified\":\"2024-10-01T02:46:15+00:00\",\"description\":\"\u0110\u00e8n \u00e2m n\u01b0\u1edbc VL PL17 - S\u1ef1 h\u00f2a quy\u1ec7n gi\u1eefa thi\u1ebft k\u1ebf tinh t\u1ebf v\u00e0 \u00e1nh s\u00e1ng m\u1ea1nh m\u1ebd. \u0110\u1ed9 s\u00e1ng \u1ea5n t\u01b0\u1ee3ng 5562 LM, t\u00f9y ch\u1ecdn g\u00f3c 20\u00b0\\\/24\u00b0, ch\u1ea5t l\u01b0\u1ee3ng b\u1ec1n b\u1ec9.\",\"breadcrumb\":{\"@id\":\"https:\\\/\\\/vilight.vn\\\/website\\\/san-pham\\\/den-chieu-sang-facade\\\/den-am-nuoc-vl-pl17\\\/#breadcrumb\"},\"inLanguage\":\"vi\",\"potentialAction\":[{\"@type\":\"ReadAction\",\"target\":[\"https:\\\/\\\/vilight.vn\\\/website\\\/san-pham\\\/den-chieu-sang-facade\\\/den-am-nuoc-vl-pl17\\\/\"]}]},{\"@type\":\"ImageObject\",\"inLanguage\":\"vi\",\"@id\":\"https:\\\/\\\/vilight.vn\\\/website\\\/san-pham\\\/den-chieu-sang-facade\\\/den-am-nuoc-vl-pl17\\\/#primaryimage\",\"url\":\"https:\\\/\\\/vilight.vn\\\/website\\\/wp-content\\\/uploads\\\/2023\\\/08\\\/Den-am-nuoc-VL-PL17-logo.jpg\",\"contentUrl\":\"https:\\\/\\\/vilight.vn\\\/website\\\/wp-content\\\/uploads\\\/2023\\\/08\\\/Den-am-nuoc-VL-PL17-logo.jpg\",\"width\":600,\"height\":600,\"caption\":\"\u0110\u00e8n \u00e2m n\u01b0\u1edbc VL PL17\"},{\"@type\":\"BreadcrumbList\",\"@id\":\"https:\\\/\\\/vilight.vn\\\/website\\\/san-pham\\\/den-chieu-sang-facade\\\/den-am-nuoc-vl-pl17\\\/#breadcrumb\",\"itemListElement\":[{\"@type\":\"ListItem\",\"position\":1,\"name\":\"Home\",\"item\":\"https:\\\/\\\/vilight.vn\\\/website\\\/\"},{\"@type\":\"ListItem\",\"position\":2,\"name\":\"store\",\"item\":\"https:\\\/\\\/vilight.vn\\\/website\\\/store\\\/\"},{\"@type\":\"ListItem\",\"position\":3,\"name\":\"\u0110\u00e8n \u00e2m n\u01b0\u1edbc VL PL17\"}]},{\"@type\":\"WebSite\",\"@id\":\"https:\\\/\\\/vilight.vn\\\/website\\\/#website\",\"url\":\"https:\\\/\\\/vilight.vn\\\/website\\\/\",\"name\":\"Vilight Co.ltd\",\"description\":\"Chi\u1ebfu s\u00e1ng m\u1ef9 thu\u1eadt, chi\u1ebfu s\u00e1ng th\u00f4ng minh, LED Pixel 3D, chi\u1ebfu s\u00e1ng trang tr\u00ed \u0111\u00f4 th\u1ecb, chi\u1ebfu s\u00e1ng v\u00f2ng xoay, chi\u1ebfu s\u00e1ng \u0111\u1ea3o giao th\u00f4ng, c\u1ed5ng ch\u00e0o \u0111\u00f4 th\u1ecb\",\"publisher\":{\"@id\":\"https:\\\/\\\/vilight.vn\\\/website\\\/#organization\"},\"potentialAction\":[{\"@type\":\"SearchAction\",\"target\":{\"@type\":\"EntryPoint\",\"urlTemplate\":\"https:\\\/\\\/vilight.vn\\\/website\\\/?s={search_term_string}\"},\"query-input\":{\"@type\":\"PropertyValueSpecification\",\"valueRequired\":true,\"valueName\":\"search_term_string\"}}],\"inLanguage\":\"vi\"},{\"@type\":\"Organization\",\"@id\":\"https:\\\/\\\/vilight.vn\\\/website\\\/#organization\",\"name\":\"Vilight\",\"url\":\"https:\\\/\\\/vilight.vn\\\/website\\\/\",\"logo\":{\"@type\":\"ImageObject\",\"inLanguage\":\"vi\",\"@id\":\"https:\\\/\\\/vilight.vn\\\/website\\\/#\\\/schema\\\/logo\\\/image\\\/\",\"url\":\"https:\\\/\\\/vilight.vn\\\/website\\\/wp-content\\\/uploads\\\/2022\\\/05\\\/chieu_sang_trang_tri_do_thi_bang_den_led_pixel.png\",\"contentUrl\":\"https:\\\/\\\/vilight.vn\\\/website\\\/wp-content\\\/uploads\\\/2022\\\/05\\\/chieu_sang_trang_tri_do_thi_bang_den_led_pixel.png\",\"width\":800,\"height\":427,\"caption\":\"Vilight\"},\"image\":{\"@id\":\"https:\\\/\\\/vilight.vn\\\/website\\\/#\\\/schema\\\/logo\\\/image\\\/\"},\"sameAs\":[\"http:\\\/\\\/facebook.com\\\/vilight.vn\",\"https:\\\/\\\/www.linkedin.com\\\/company\\\/vilight-vn\",\"https:\\\/\\\/www.youtube.com\\\/channel\\\/UCEwR2naeDcuarMX1kSv_rLQ\\\/videos\"]}]}<\/script>\n<meta property=\"product:brand\" content=\"\u0110\u00e8n chi\u1ebfu s\u00e1ng Facade\" \/>\n<meta property=\"product:price:currency\" content=\"VND\" \/>\n<meta property=\"og:availability\" content=\"instock\" \/>\n<meta property=\"product:availability\" content=\"instock\" \/>\n<meta property=\"product:condition\" content=\"new\" \/>\n<!-- \/ Yoast SEO Premium plugin. -->","yoast_head_json":{"title":"\u0110\u00e8n \u00e2m n\u01b0\u1edbc VL PL17 - Vilight Co.ltd","description":"\u0110\u00e8n \u00e2m n\u01b0\u1edbc VL PL17 - S\u1ef1 h\u00f2a quy\u1ec7n gi\u1eefa thi\u1ebft k\u1ebf tinh t\u1ebf v\u00e0 \u00e1nh s\u00e1ng m\u1ea1nh m\u1ebd. \u0110\u1ed9 s\u00e1ng \u1ea5n t\u01b0\u1ee3ng 5562 LM, t\u00f9y ch\u1ecdn g\u00f3c 20\u00b0\/24\u00b0, ch\u1ea5t l\u01b0\u1ee3ng b\u1ec1n b\u1ec9.","robots":{"index":"index","follow":"follow","max-snippet":"max-snippet:-1","max-image-preview":"max-image-preview:large","max-video-preview":"max-video-preview:-1"},"canonical":"https:\/\/vilight.vn\/website\/san-pham\/den-chieu-sang-facade\/den-am-nuoc-vl-pl17\/","og_locale":"vi_VN","og_type":"article","og_title":"\u0110\u00e8n \u00e2m n\u01b0\u1edbc VL PL17","og_description":"\u0110\u00e8n \u00e2m n\u01b0\u1edbc VL PL17 - S\u1ef1 h\u00f2a quy\u1ec7n gi\u1eefa thi\u1ebft k\u1ebf tinh t\u1ebf v\u00e0 \u00e1nh s\u00e1ng m\u1ea1nh m\u1ebd. \u0110\u1ed9 s\u00e1ng \u1ea5n t\u01b0\u1ee3ng 5562 lm, t\u00f9y ch\u1ecdn g\u00f3c chi\u1ebfu 20\u00b0\/24\u00b0 ho\u1eb7c B33, ch\u1ea5t l\u01b0\u1ee3ng b\u1ec1n b\u1ec9. Tr\u1ea3i nghi\u1ec7m \u00e1nh s\u00e1ng \u0111\u1ed9c \u0111\u00e1o d\u01b0\u1edbi n\u01b0\u1edbc.","og_url":"https:\/\/vilight.vn\/website\/san-pham\/den-chieu-sang-facade\/den-am-nuoc-vl-pl17\/","og_site_name":"Vilight Co.ltd","article_publisher":"http:\/\/facebook.com\/vilight.vn","article_modified_time":"2024-10-01T02:46:15+00:00","og_image":[{"width":600,"height":600,"url":"https:\/\/vilight.vn\/website\/wp-content\/uploads\/2023\/08\/Den-am-nuoc-VL-PL17-logo.jpg","type":"image\/jpeg"}],"twitter_card":"summary_large_image","twitter_misc":{"Gi\u00e1":"","Kh\u1ea3 d\u1ee5ng":"Trong kho"},"schema":{"@context":"https:\/\/schema.org","@graph":[{"@type":"WebPage","@id":"https:\/\/vilight.vn\/website\/san-pham\/den-chieu-sang-facade\/den-am-nuoc-vl-pl17\/","url":"https:\/\/vilight.vn\/website\/san-pham\/den-chieu-sang-facade\/den-am-nuoc-vl-pl17\/","name":"\u0110\u00e8n \u00e2m n\u01b0\u1edbc VL PL17 - Vilight Co.ltd","isPartOf":{"@id":"https:\/\/vilight.vn\/website\/#website"},"primaryImageOfPage":{"@id":"https:\/\/vilight.vn\/website\/san-pham\/den-chieu-sang-facade\/den-am-nuoc-vl-pl17\/#primaryimage"},"image":{"@id":"https:\/\/vilight.vn\/website\/san-pham\/den-chieu-sang-facade\/den-am-nuoc-vl-pl17\/#primaryimage"},"thumbnailUrl":"https:\/\/vilight.vn\/website\/wp-content\/uploads\/2023\/08\/Den-am-nuoc-VL-PL17-logo.jpg","datePublished":"2023-08-17T04:35:56+00:00","dateModified":"2024-10-01T02:46:15+00:00","description":"\u0110\u00e8n \u00e2m n\u01b0\u1edbc VL PL17 - S\u1ef1 h\u00f2a quy\u1ec7n gi\u1eefa thi\u1ebft k\u1ebf tinh t\u1ebf v\u00e0 \u00e1nh s\u00e1ng m\u1ea1nh m\u1ebd. \u0110\u1ed9 s\u00e1ng \u1ea5n t\u01b0\u1ee3ng 5562 LM, t\u00f9y ch\u1ecdn g\u00f3c 20\u00b0\/24\u00b0, ch\u1ea5t l\u01b0\u1ee3ng b\u1ec1n b\u1ec9.","breadcrumb":{"@id":"https:\/\/vilight.vn\/website\/san-pham\/den-chieu-sang-facade\/den-am-nuoc-vl-pl17\/#breadcrumb"},"inLanguage":"vi","potentialAction":[{"@type":"ReadAction","target":["https:\/\/vilight.vn\/website\/san-pham\/den-chieu-sang-facade\/den-am-nuoc-vl-pl17\/"]}]},{"@type":"ImageObject","inLanguage":"vi","@id":"https:\/\/vilight.vn\/website\/san-pham\/den-chieu-sang-facade\/den-am-nuoc-vl-pl17\/#primaryimage","url":"https:\/\/vilight.vn\/website\/wp-content\/uploads\/2023\/08\/Den-am-nuoc-VL-PL17-logo.jpg","contentUrl":"https:\/\/vilight.vn\/website\/wp-content\/uploads\/2023\/08\/Den-am-nuoc-VL-PL17-logo.jpg","width":600,"height":600,"caption":"\u0110\u00e8n \u00e2m n\u01b0\u1edbc VL PL17"},{"@type":"BreadcrumbList","@id":"https:\/\/vilight.vn\/website\/san-pham\/den-chieu-sang-facade\/den-am-nuoc-vl-pl17\/#breadcrumb","itemListElement":[{"@type":"ListItem","position":1,"name":"Home","item":"https:\/\/vilight.vn\/website\/"},{"@type":"ListItem","position":2,"name":"store","item":"https:\/\/vilight.vn\/website\/store\/"},{"@type":"ListItem","position":3,"name":"\u0110\u00e8n \u00e2m n\u01b0\u1edbc VL PL17"}]},{"@type":"WebSite","@id":"https:\/\/vilight.vn\/website\/#website","url":"https:\/\/vilight.vn\/website\/","name":"Vilight Co.ltd","description":"Chi\u1ebfu s\u00e1ng m\u1ef9 thu\u1eadt, chi\u1ebfu s\u00e1ng th\u00f4ng minh, LED Pixel 3D, chi\u1ebfu s\u00e1ng trang tr\u00ed \u0111\u00f4 th\u1ecb, chi\u1ebfu s\u00e1ng v\u00f2ng xoay, chi\u1ebfu s\u00e1ng \u0111\u1ea3o giao th\u00f4ng, c\u1ed5ng ch\u00e0o \u0111\u00f4 th\u1ecb","publisher":{"@id":"https:\/\/vilight.vn\/website\/#organization"},"potentialAction":[{"@type":"SearchAction","target":{"@type":"EntryPoint","urlTemplate":"https:\/\/vilight.vn\/website\/?s={search_term_string}"},"query-input":{"@type":"PropertyValueSpecification","valueRequired":true,"valueName":"search_term_string"}}],"inLanguage":"vi"},{"@type":"Organization","@id":"https:\/\/vilight.vn\/website\/#organization","name":"Vilight","url":"https:\/\/vilight.vn\/website\/","logo":{"@type":"ImageObject","inLanguage":"vi","@id":"https:\/\/vilight.vn\/website\/#\/schema\/logo\/image\/","url":"https:\/\/vilight.vn\/website\/wp-content\/uploads\/2022\/05\/chieu_sang_trang_tri_do_thi_bang_den_led_pixel.png","contentUrl":"https:\/\/vilight.vn\/website\/wp-content\/uploads\/2022\/05\/chieu_sang_trang_tri_do_thi_bang_den_led_pixel.png","width":800,"height":427,"caption":"Vilight"},"image":{"@id":"https:\/\/vilight.vn\/website\/#\/schema\/logo\/image\/"},"sameAs":["http:\/\/facebook.com\/vilight.vn","https:\/\/www.linkedin.com\/company\/vilight-vn","https:\/\/www.youtube.com\/channel\/UCEwR2naeDcuarMX1kSv_rLQ\/videos"]}]},"product_brand":"\u0110\u00e8n chi\u1ebfu s\u00e1ng Facade","product_price_currency":"VND","og_availability":"instock","product_availability":"instock","product_condition":"new"},"_links":{"self":[{"href":"https:\/\/vilight.vn\/website\/wp-json\/wp\/v2\/product\/4376","targetHints":{"allow":["GET"]}}],"collection":[{"href":"https:\/\/vilight.vn\/website\/wp-json\/wp\/v2\/product"}],"about":[{"href":"https:\/\/vilight.vn\/website\/wp-json\/wp\/v2\/types\/product"}],"wp:featuredmedia":[{"embeddable":true,"href":"https:\/\/vilight.vn\/website\/wp-json\/wp\/v2\/media\/4378"}],"wp:attachment":[{"href":"https:\/\/vilight.vn\/website\/wp-json\/wp\/v2\/media?parent=4376"}],"wp:term":[{"taxonomy":"product_brand","embeddable":true,"href":"https:\/\/vilight.vn\/website\/wp-json\/wp\/v2\/product_brand?post=4376"},{"taxonomy":"product_cat","embeddable":true,"href":"https:\/\/vilight.vn\/website\/wp-json\/wp\/v2\/product_cat?post=4376"},{"taxonomy":"product_tag","embeddable":true,"href":"https:\/\/vilight.vn\/website\/wp-json\/wp\/v2\/product_tag?post=4376"}],"curies":[{"name":"wp","href":"https:\/\/api.w.org\/{rel}","templated":true}]}}