{"id":4385,"date":"2023-08-18T08:44:55","date_gmt":"2023-08-18T01:44:55","guid":{"rendered":"https:\/\/vilight.vn\/website\/?post_type=product&#038;p=4385"},"modified":"2024-10-01T15:41:22","modified_gmt":"2024-10-01T08:41:22","slug":"den-led-thanh-vl-sl01","status":"publish","type":"product","link":"https:\/\/vilight.vn\/website\/san-pham\/den-led-pixel\/den-led-thanh-vl-sl01\/","title":{"rendered":"\u0110\u00e8n LED thanh VL SL01"},"content":{"rendered":"<h2 style=\"text-align: justify;\"><span style=\"font-size: 14pt;\">\u0110\u00e8n Led Thanh VL SL01 &#8211; S\u1ef1 K\u1ebft H\u1ee3p Ho\u00e0n H\u1ea3o Cho Chi\u1ebfu S\u00e1ng Ki\u1ebfn Tr\u00fac Ngo\u1ea1i Tr\u1eddi.\u00a0<\/span><\/h2>\n<p style=\"text-align: justify;\"><span style=\"font-size: 14pt;\">Trong th\u1ebf gi\u1edbi c\u1ee7a ki\u1ebfn tr\u00fac v\u00e0 thi\u1ebft k\u1ebf ngo\u1ea1i tr\u1eddi, \u0111\u00e8n chi\u1ebfu s\u00e1ng kh\u00f4ng ch\u1ec9 \u0111\u01a1n thu\u1ea7n l\u00e0 ngu\u1ed3n \u00e1nh s\u00e1ng m\u00e0 c\u00f2n l\u00e0 tinh hoa c\u1ee7a s\u1ef1 s\u00e1ng t\u1ea1o v\u00e0 th\u1ea9m m\u1ef9. \u0110\u00e8n Led Thanh VL SL01, m\u1ed9t s\u1ea3n ph\u1ea9m h\u00e0ng \u0111\u1ea7u \u0111\u1ebfn t\u1eeb danh m\u1ee5c s\u1ea3n ph\u1ea9m chi\u1ebfu s\u00e1ng c\u1ee7a ch\u00fang t\u00f4i, \u0111\u00e3 \u0111em \u0111\u1ebfn m\u1ed9t c\u00e1ch ti\u1ebfp c\u1eadn ho\u00e0n to\u00e0n m\u1edbi m\u1ebb v\u00e0 tinh t\u1ebf cho vi\u1ec7c chi\u1ebfu s\u00e1ng ki\u1ebfn tr\u00fac ngo\u1ea1i tr\u1eddi.<\/span><\/p>\n<p style=\"text-align: justify;\"><span style=\"font-size: 14pt;\">\u0110\u00e8n Led Thanh SL01 kh\u00f4ng ch\u1ec9 l\u00e0 m\u1ed9t ngu\u1ed3n \u00e1nh s\u00e1ng m\u00e0 c\u00f2n l\u00e0 bi\u1ec3u t\u01b0\u1ee3ng c\u1ee7a s\u1ef1 hi\u1ec7u su\u1ea5t v\u00e0 \u0111\u1ed9 b\u1ec1n. V\u1edbi nhi\u1ec1u bi\u1ebfn th\u1ec3 c\u00f4ng su\u1ea5t kh\u00e1c nhau, s\u1ea3n ph\u1ea9m n\u00e0y c\u00f3 kh\u1ea3 n\u0103ng \u0111\u00e1p \u1ee9ng m\u1ecdi y\u00eau c\u1ea7u chi\u1ebfu s\u00e1ng c\u1ee7a c\u00e1c c\u00f4ng tr\u00ecnh ki\u1ebfn tr\u00fac ngo\u1ea1i tr\u1eddi kh\u00e1c nhau. D\u00f9 l\u00e0 khu\u00f4n vi\u00ean bi\u1ec7t th\u1ef1, c\u00f4ng vi\u00ean hay khu ph\u1ee9c h\u1ee3p th\u01b0\u01a1ng m\u1ea1i, \u0111\u00e8n Led Thanh SL01 lu\u00f4n t\u1ecfa s\u00e1ng v\u1edbi \u00e1nh s\u00e1ng m\u1ec1m m\u1ea1i, kh\u00f4ng g\u00e2y ch\u00f3i m\u1eaft nh\u01b0ng v\u1eabn \u0111\u1ea3m b\u1ea3o \u0111\u1ed9 s\u00e1ng c\u1ea7n thi\u1ebft.<\/span><\/p>\n<p style=\"text-align: justify;\"><span style=\"font-size: 14pt;\">\u0110\u1ec3 th\u1ecfa m\u00e3n s\u1ef1 k\u1ef3 v\u1ecdng c\u1ee7a c\u00e1c nh\u00e0 thi\u1ebft k\u1ebf v\u00e0 ch\u1ee7 \u0111\u1ea7u t\u01b0, \u0111\u00e8n Led Thanh VL SL01 \u0111\u00e3 \u0111\u01b0\u1ee3c x\u00e2y d\u1ef1ng v\u1edbi kh\u1ea3 n\u0103ng ch\u1ed1ng ch\u1ecbu m\u1ecdi \u0111i\u1ec1u ki\u1ec7n th\u1eddi ti\u1ebft kh\u1eafc nghi\u1ec7t. V\u1edbi tu\u1ed5i th\u1ecd l\u00ean \u0111\u1ebfn 80000 gi\u1edd, s\u1ea3n ph\u1ea9m kh\u00f4ng ch\u1ec9 gi\u00fap ti\u1ebft ki\u1ec7m n\u0103ng l\u01b0\u1ee3ng m\u00e0 c\u00f2n gi\u1ea3m thi\u1ec3u t\u1ed1i \u0111a chi ph\u00ed b\u1ea3o tr\u00ec v\u00e0 thay th\u1ebf.<\/span><\/p>\n<p style=\"text-align: justify;\"><span style=\"font-size: 14pt;\">Kh\u00f4ng ch\u1ec9 v\u1ec1 hi\u1ec7u su\u1ea5t, \u0111\u00e8n Led Thanh SL01 c\u00f2n t\u1ecfa s\u00e1ng v\u1edbi thi\u1ebft k\u1ebf tinh t\u1ebf, th\u1ea5u hi\u1ec3u s\u00e2u s\u1eafc v\u1ec1 th\u1ea9m m\u1ef9 ki\u1ebfn tr\u00fac. V\u1edbi thi\u1ebft k\u1ebf d\u1ea1ng thanh \u0111\u01a1n gi\u1ea3n nh\u01b0ng kh\u00f4ng k\u00e9m ph\u1ea7n sang tr\u1ecdng, s\u1ea3n ph\u1ea9m h\u00f2a quy\u1ec7n m\u1ed9t c\u00e1ch ho\u00e0n h\u1ea3o v\u00e0o m\u00f4i tr\u01b0\u1eddng xung quanh, t\u1ea1o n\u00ean m\u1ed9t kh\u00f4ng gian th\u00fa v\u1ecb v\u00e0 \u0111\u1ed9c \u0111\u00e1o.<\/span><\/p>\n<p style=\"text-align: justify;\"><span style=\"font-size: 14pt;\">N\u1ebfu b\u1ea1n \u0111ang t\u00ecm ki\u1ebfm s\u1ef1 ho\u00e0n h\u1ea3o trong vi\u1ec7c chi\u1ebfu s\u00e1ng ki\u1ebfn tr\u00fac ngo\u1ea1i tr\u1eddi, \u0111\u00e8n Led Thanh VL SL01 ch\u00ednh l\u00e0 l\u1ef1a ch\u1ecdn h\u00e0ng \u0111\u1ea7u. V\u1edbi s\u1ef1 k\u1ebft h\u1ee3p \u0111\u1ed9c \u0111\u00e1o gi\u1eefa hi\u1ec7u su\u1ea5t v\u01b0\u1ee3t tr\u1ed9i, \u0111\u1ed9 b\u1ec1n \u0111\u00e1ng tin c\u1eady v\u00e0 thi\u1ebft k\u1ebf tinh t\u1ebf, s\u1ea3n ph\u1ea9m n\u00e0y \u0111\u00e3 ch\u1ee9ng minh r\u1eb1ng \u00e1nh s\u00e1ng kh\u00f4ng ch\u1ec9 l\u00e0 \u0111i\u1ec3m nh\u1ea5n m\u00e0 c\u00f2n l\u00e0 tinh th\u1ea7n c\u1ee7a m\u1ecdi ki\u1ebfn tr\u00fac \u0111\u1eb9p.<\/span><\/p>\n<p style=\"text-align: justify;\"><span style=\"font-size: 14pt;\">H\u00e3y \u0111\u1ec3 \u0110\u00e8n Led Thanh VL SL01 \u0111\u1ed3ng h\u00e0nh c\u00f9ng b\u1ea1n trong vi\u1ec7c t\u1ea1o n\u00ean nh\u1eefng t\u00e1c ph\u1ea9m ki\u1ebfn tr\u00fac ngo\u1ea1i tr\u1eddi \u0111\u1ed9c \u0111\u00e1o, th\u1ec3 hi\u1ec7n phong c\u00e1ch v\u00e0 c\u00e1 t\u00ednh ri\u00eang c\u1ee7a b\u1ea1n.<\/span><\/p>\n<p style=\"text-align: justify;\"><span style=\"font-size: 14pt;\"><a href=\"https:\/\/vilight.vn\/website\/wp-content\/uploads\/2023\/08\/Den-Led-thanh-VL-SL01-1.jpg\"><img decoding=\"async\" class=\"aligncenter wp-image-4389 size-full lazyload\" data-src=\"https:\/\/vilight.vn\/website\/wp-content\/uploads\/2023\/08\/Den-Led-thanh-VL-SL01-1.jpg\" alt=\"\u0110\u00e8n-Led-thanh-VL-SL01\" width=\"1200\" height=\"705\" data-srcset=\"https:\/\/vilight.vn\/website\/wp-content\/uploads\/2023\/08\/Den-Led-thanh-VL-SL01-1.jpg 1200w, https:\/\/vilight.vn\/website\/wp-content\/uploads\/2023\/08\/Den-Led-thanh-VL-SL01-1-800x470.jpg 800w, https:\/\/vilight.vn\/website\/wp-content\/uploads\/2023\/08\/Den-Led-thanh-VL-SL01-1-300x176.jpg 300w, https:\/\/vilight.vn\/website\/wp-content\/uploads\/2023\/08\/Den-Led-thanh-VL-SL01-1-1024x602.jpg 1024w, https:\/\/vilight.vn\/website\/wp-content\/uploads\/2023\/08\/Den-Led-thanh-VL-SL01-1-768x451.jpg 768w, https:\/\/vilight.vn\/website\/wp-content\/uploads\/2023\/08\/Den-Led-thanh-VL-SL01-1-128x75.jpg 128w, https:\/\/vilight.vn\/website\/wp-content\/uploads\/2023\/08\/Den-Led-thanh-VL-SL01-1-480x282.jpg 480w\" data-sizes=\"(max-width:767px) 480px, (max-width:1200px) 100vw, 1200px\" src=\"data:image\/svg+xml;base64,PHN2ZyB3aWR0aD0iMSIgaGVpZ2h0PSIxIiB4bWxucz0iaHR0cDovL3d3dy53My5vcmcvMjAwMC9zdmciPjwvc3ZnPg==\" style=\"--smush-placeholder-width: 1200px; --smush-placeholder-aspect-ratio: 1200\/705;\" \/><\/a><\/span><\/p>\n","protected":false},"excerpt":{"rendered":"<p style=\"text-align: justify;\"><span style=\"font-size: 14pt;\">Kh\u00e1m ph\u00e1 s\u1ef1 ho\u00e0n h\u1ea3o v\u1edbi \u0111\u00e8n LED thanh VL SL01 &#8211; Ngu\u1ed3n \u00e1nh s\u00e1ng m\u1ea1nh m\u1ebd, b\u1ec1n b\u1ec9, v\u00e0 thi\u1ebft k\u1ebf tinh t\u1ebf, t\u1ea1o \u0111i\u1ec3m nh\u1ea5n ho\u00e0n h\u1ea3o cho kh\u00f4ng gian ki\u1ebfn tr\u00fac ngo\u1ea1i tr\u1eddi.<\/span><\/p>\n","protected":false},"featured_media":4387,"template":"","meta":[],"product_brand":[],"product_cat":[77,189,626],"product_tag":[],"class_list":{"0":"post-4385","1":"product","2":"type-product","3":"status-publish","4":"has-post-thumbnail","6":"product_cat-den-led-pixel","7":"product_cat-led-thanh","8":"product_cat-sl-series","10":"first","11":"instock","12":"taxable","13":"shipping-taxable","14":"product-type-simple"},"yoast_head":"<!-- This site is optimized with the Yoast SEO Premium plugin v27.4 (Yoast SEO v27.4) - https:\/\/yoast.com\/product\/yoast-seo-premium-wordpress\/ -->\n<title>\u0110\u00e8n LED thanh VL SL01 - Vilight Co.ltd<\/title>\n<meta name=\"description\" content=\"\u0110\u00e8n LED thanh VL SL01 l\u00e0 m\u1eabu \u0111\u00e8n LED 60W - 200W c\u00f3 \u0111\u1ed9 b\u1ec1n v\u00e0 tu\u1ed5i th\u1ecd cao. \u0110\u00e8n ph\u00f9 h\u1ee3p \u0111\u1ec3 pha s\u00e1ng c\u00e1c c\u00f4ng tr\u00ecnh m\u1ef9 thu\u1eadt \u1edf ngo\u00e0i tr\u1eddi.\" \/>\n<meta name=\"robots\" content=\"index, follow, max-snippet:-1, max-image-preview:large, max-video-preview:-1\" \/>\n<link rel=\"canonical\" href=\"https:\/\/vilight.vn\/website\/san-pham\/den-led-pixel\/den-led-thanh-vl-sl01\/\" \/>\n<meta property=\"og:locale\" content=\"vi_VN\" \/>\n<meta property=\"og:type\" content=\"article\" \/>\n<meta property=\"og:title\" content=\"\u0110\u00e8n LED thanh VL SL01\" \/>\n<meta property=\"og:description\" content=\"Kh\u00e1m ph\u00e1 s\u1ef1 ho\u00e0n h\u1ea3o v\u1edbi \u0111\u00e8n LED thanh VL SL01 - Ngu\u1ed3n \u00e1nh s\u00e1ng m\u1ea1nh m\u1ebd, b\u1ec1n b\u1ec9, v\u00e0 thi\u1ebft k\u1ebf tinh t\u1ebf, t\u1ea1o \u0111i\u1ec3m nh\u1ea5n ho\u00e0n h\u1ea3o cho kh\u00f4ng gian ki\u1ebfn tr\u00fac ngo\u1ea1i tr\u1eddi.\" \/>\n<meta property=\"og:url\" content=\"https:\/\/vilight.vn\/website\/san-pham\/den-led-pixel\/den-led-thanh-vl-sl01\/\" \/>\n<meta property=\"og:site_name\" content=\"Vilight Co.ltd\" \/>\n<meta property=\"article:publisher\" content=\"http:\/\/facebook.com\/vilight.vn\" \/>\n<meta property=\"article:modified_time\" content=\"2024-10-01T08:41:22+00:00\" \/>\n<meta property=\"og:image\" content=\"https:\/\/vilight.vn\/website\/wp-content\/uploads\/2023\/08\/Led-thanh-SL-SL01-1.jpg\" \/>\n\t<meta property=\"og:image:width\" content=\"600\" \/>\n\t<meta property=\"og:image:height\" content=\"600\" \/>\n\t<meta property=\"og:image:type\" content=\"image\/jpeg\" \/>\n<meta name=\"twitter:card\" content=\"summary_large_image\" \/>\n<meta name=\"twitter:label1\" content=\"Gi\u00e1\" \/>\n\t<meta name=\"twitter:data1\" content=\"\" \/>\n\t<meta name=\"twitter:label2\" content=\"Kh\u1ea3 d\u1ee5ng\" \/>\n\t<meta name=\"twitter:data2\" content=\"Trong kho\" \/>\n<script type=\"application\/ld+json\" class=\"yoast-schema-graph\">{\"@context\":\"https:\\\/\\\/schema.org\",\"@graph\":[{\"@type\":\"WebPage\",\"@id\":\"https:\\\/\\\/vilight.vn\\\/website\\\/san-pham\\\/den-led-pixel\\\/den-led-thanh-vl-sl01\\\/\",\"url\":\"https:\\\/\\\/vilight.vn\\\/website\\\/san-pham\\\/den-led-pixel\\\/den-led-thanh-vl-sl01\\\/\",\"name\":\"\u0110\u00e8n LED thanh VL SL01 - Vilight Co.ltd\",\"isPartOf\":{\"@id\":\"https:\\\/\\\/vilight.vn\\\/website\\\/#website\"},\"primaryImageOfPage\":{\"@id\":\"https:\\\/\\\/vilight.vn\\\/website\\\/san-pham\\\/den-led-pixel\\\/den-led-thanh-vl-sl01\\\/#primaryimage\"},\"image\":{\"@id\":\"https:\\\/\\\/vilight.vn\\\/website\\\/san-pham\\\/den-led-pixel\\\/den-led-thanh-vl-sl01\\\/#primaryimage\"},\"thumbnailUrl\":\"https:\\\/\\\/vilight.vn\\\/website\\\/wp-content\\\/uploads\\\/2023\\\/08\\\/Led-thanh-SL-SL01-1.jpg\",\"datePublished\":\"2023-08-18T01:44:55+00:00\",\"dateModified\":\"2024-10-01T08:41:22+00:00\",\"description\":\"\u0110\u00e8n LED thanh VL SL01 l\u00e0 m\u1eabu \u0111\u00e8n LED 60W - 200W c\u00f3 \u0111\u1ed9 b\u1ec1n v\u00e0 tu\u1ed5i th\u1ecd cao. \u0110\u00e8n ph\u00f9 h\u1ee3p \u0111\u1ec3 pha s\u00e1ng c\u00e1c c\u00f4ng tr\u00ecnh m\u1ef9 thu\u1eadt \u1edf ngo\u00e0i tr\u1eddi.\",\"breadcrumb\":{\"@id\":\"https:\\\/\\\/vilight.vn\\\/website\\\/san-pham\\\/den-led-pixel\\\/den-led-thanh-vl-sl01\\\/#breadcrumb\"},\"inLanguage\":\"vi\",\"potentialAction\":[{\"@type\":\"ReadAction\",\"target\":[\"https:\\\/\\\/vilight.vn\\\/website\\\/san-pham\\\/den-led-pixel\\\/den-led-thanh-vl-sl01\\\/\"]}]},{\"@type\":\"ImageObject\",\"inLanguage\":\"vi\",\"@id\":\"https:\\\/\\\/vilight.vn\\\/website\\\/san-pham\\\/den-led-pixel\\\/den-led-thanh-vl-sl01\\\/#primaryimage\",\"url\":\"https:\\\/\\\/vilight.vn\\\/website\\\/wp-content\\\/uploads\\\/2023\\\/08\\\/Led-thanh-SL-SL01-1.jpg\",\"contentUrl\":\"https:\\\/\\\/vilight.vn\\\/website\\\/wp-content\\\/uploads\\\/2023\\\/08\\\/Led-thanh-SL-SL01-1.jpg\",\"width\":600,\"height\":600,\"caption\":\"VL SL01\"},{\"@type\":\"BreadcrumbList\",\"@id\":\"https:\\\/\\\/vilight.vn\\\/website\\\/san-pham\\\/den-led-pixel\\\/den-led-thanh-vl-sl01\\\/#breadcrumb\",\"itemListElement\":[{\"@type\":\"ListItem\",\"position\":1,\"name\":\"Home\",\"item\":\"https:\\\/\\\/vilight.vn\\\/website\\\/\"},{\"@type\":\"ListItem\",\"position\":2,\"name\":\"store\",\"item\":\"https:\\\/\\\/vilight.vn\\\/website\\\/store\\\/\"},{\"@type\":\"ListItem\",\"position\":3,\"name\":\"\u0110\u00e8n LED thanh VL SL01\"}]},{\"@type\":\"WebSite\",\"@id\":\"https:\\\/\\\/vilight.vn\\\/website\\\/#website\",\"url\":\"https:\\\/\\\/vilight.vn\\\/website\\\/\",\"name\":\"Vilight Co.ltd\",\"description\":\"Chi\u1ebfu s\u00e1ng m\u1ef9 thu\u1eadt, chi\u1ebfu s\u00e1ng th\u00f4ng minh, LED Pixel 3D, chi\u1ebfu s\u00e1ng trang tr\u00ed \u0111\u00f4 th\u1ecb, chi\u1ebfu s\u00e1ng v\u00f2ng xoay, chi\u1ebfu s\u00e1ng \u0111\u1ea3o giao th\u00f4ng, c\u1ed5ng ch\u00e0o \u0111\u00f4 th\u1ecb\",\"publisher\":{\"@id\":\"https:\\\/\\\/vilight.vn\\\/website\\\/#organization\"},\"potentialAction\":[{\"@type\":\"SearchAction\",\"target\":{\"@type\":\"EntryPoint\",\"urlTemplate\":\"https:\\\/\\\/vilight.vn\\\/website\\\/?s={search_term_string}\"},\"query-input\":{\"@type\":\"PropertyValueSpecification\",\"valueRequired\":true,\"valueName\":\"search_term_string\"}}],\"inLanguage\":\"vi\"},{\"@type\":\"Organization\",\"@id\":\"https:\\\/\\\/vilight.vn\\\/website\\\/#organization\",\"name\":\"Vilight\",\"url\":\"https:\\\/\\\/vilight.vn\\\/website\\\/\",\"logo\":{\"@type\":\"ImageObject\",\"inLanguage\":\"vi\",\"@id\":\"https:\\\/\\\/vilight.vn\\\/website\\\/#\\\/schema\\\/logo\\\/image\\\/\",\"url\":\"https:\\\/\\\/vilight.vn\\\/website\\\/wp-content\\\/uploads\\\/2022\\\/05\\\/chieu_sang_trang_tri_do_thi_bang_den_led_pixel.png\",\"contentUrl\":\"https:\\\/\\\/vilight.vn\\\/website\\\/wp-content\\\/uploads\\\/2022\\\/05\\\/chieu_sang_trang_tri_do_thi_bang_den_led_pixel.png\",\"width\":800,\"height\":427,\"caption\":\"Vilight\"},\"image\":{\"@id\":\"https:\\\/\\\/vilight.vn\\\/website\\\/#\\\/schema\\\/logo\\\/image\\\/\"},\"sameAs\":[\"http:\\\/\\\/facebook.com\\\/vilight.vn\",\"https:\\\/\\\/www.linkedin.com\\\/company\\\/vilight-vn\",\"https:\\\/\\\/www.youtube.com\\\/channel\\\/UCEwR2naeDcuarMX1kSv_rLQ\\\/videos\"]}]}<\/script>\n<meta property=\"product:brand\" content=\"\u0110\u00e8n LED Pixel\" \/>\n<meta property=\"product:price:currency\" content=\"VND\" \/>\n<meta property=\"og:availability\" content=\"instock\" \/>\n<meta property=\"product:availability\" content=\"instock\" \/>\n<meta property=\"product:condition\" content=\"new\" \/>\n<!-- \/ Yoast SEO Premium plugin. -->","yoast_head_json":{"title":"\u0110\u00e8n LED thanh VL SL01 - Vilight Co.ltd","description":"\u0110\u00e8n LED thanh VL SL01 l\u00e0 m\u1eabu \u0111\u00e8n LED 60W - 200W c\u00f3 \u0111\u1ed9 b\u1ec1n v\u00e0 tu\u1ed5i th\u1ecd cao. \u0110\u00e8n ph\u00f9 h\u1ee3p \u0111\u1ec3 pha s\u00e1ng c\u00e1c c\u00f4ng tr\u00ecnh m\u1ef9 thu\u1eadt \u1edf ngo\u00e0i tr\u1eddi.","robots":{"index":"index","follow":"follow","max-snippet":"max-snippet:-1","max-image-preview":"max-image-preview:large","max-video-preview":"max-video-preview:-1"},"canonical":"https:\/\/vilight.vn\/website\/san-pham\/den-led-pixel\/den-led-thanh-vl-sl01\/","og_locale":"vi_VN","og_type":"article","og_title":"\u0110\u00e8n LED thanh VL SL01","og_description":"Kh\u00e1m ph\u00e1 s\u1ef1 ho\u00e0n h\u1ea3o v\u1edbi \u0111\u00e8n LED thanh VL SL01 - Ngu\u1ed3n \u00e1nh s\u00e1ng m\u1ea1nh m\u1ebd, b\u1ec1n b\u1ec9, v\u00e0 thi\u1ebft k\u1ebf tinh t\u1ebf, t\u1ea1o \u0111i\u1ec3m nh\u1ea5n ho\u00e0n h\u1ea3o cho kh\u00f4ng gian ki\u1ebfn tr\u00fac ngo\u1ea1i tr\u1eddi.","og_url":"https:\/\/vilight.vn\/website\/san-pham\/den-led-pixel\/den-led-thanh-vl-sl01\/","og_site_name":"Vilight Co.ltd","article_publisher":"http:\/\/facebook.com\/vilight.vn","article_modified_time":"2024-10-01T08:41:22+00:00","og_image":[{"width":600,"height":600,"url":"https:\/\/vilight.vn\/website\/wp-content\/uploads\/2023\/08\/Led-thanh-SL-SL01-1.jpg","type":"image\/jpeg"}],"twitter_card":"summary_large_image","twitter_misc":{"Gi\u00e1":"","Kh\u1ea3 d\u1ee5ng":"Trong kho"},"schema":{"@context":"https:\/\/schema.org","@graph":[{"@type":"WebPage","@id":"https:\/\/vilight.vn\/website\/san-pham\/den-led-pixel\/den-led-thanh-vl-sl01\/","url":"https:\/\/vilight.vn\/website\/san-pham\/den-led-pixel\/den-led-thanh-vl-sl01\/","name":"\u0110\u00e8n LED thanh VL SL01 - Vilight Co.ltd","isPartOf":{"@id":"https:\/\/vilight.vn\/website\/#website"},"primaryImageOfPage":{"@id":"https:\/\/vilight.vn\/website\/san-pham\/den-led-pixel\/den-led-thanh-vl-sl01\/#primaryimage"},"image":{"@id":"https:\/\/vilight.vn\/website\/san-pham\/den-led-pixel\/den-led-thanh-vl-sl01\/#primaryimage"},"thumbnailUrl":"https:\/\/vilight.vn\/website\/wp-content\/uploads\/2023\/08\/Led-thanh-SL-SL01-1.jpg","datePublished":"2023-08-18T01:44:55+00:00","dateModified":"2024-10-01T08:41:22+00:00","description":"\u0110\u00e8n LED thanh VL SL01 l\u00e0 m\u1eabu \u0111\u00e8n LED 60W - 200W c\u00f3 \u0111\u1ed9 b\u1ec1n v\u00e0 tu\u1ed5i th\u1ecd cao. \u0110\u00e8n ph\u00f9 h\u1ee3p \u0111\u1ec3 pha s\u00e1ng c\u00e1c c\u00f4ng tr\u00ecnh m\u1ef9 thu\u1eadt \u1edf ngo\u00e0i tr\u1eddi.","breadcrumb":{"@id":"https:\/\/vilight.vn\/website\/san-pham\/den-led-pixel\/den-led-thanh-vl-sl01\/#breadcrumb"},"inLanguage":"vi","potentialAction":[{"@type":"ReadAction","target":["https:\/\/vilight.vn\/website\/san-pham\/den-led-pixel\/den-led-thanh-vl-sl01\/"]}]},{"@type":"ImageObject","inLanguage":"vi","@id":"https:\/\/vilight.vn\/website\/san-pham\/den-led-pixel\/den-led-thanh-vl-sl01\/#primaryimage","url":"https:\/\/vilight.vn\/website\/wp-content\/uploads\/2023\/08\/Led-thanh-SL-SL01-1.jpg","contentUrl":"https:\/\/vilight.vn\/website\/wp-content\/uploads\/2023\/08\/Led-thanh-SL-SL01-1.jpg","width":600,"height":600,"caption":"VL SL01"},{"@type":"BreadcrumbList","@id":"https:\/\/vilight.vn\/website\/san-pham\/den-led-pixel\/den-led-thanh-vl-sl01\/#breadcrumb","itemListElement":[{"@type":"ListItem","position":1,"name":"Home","item":"https:\/\/vilight.vn\/website\/"},{"@type":"ListItem","position":2,"name":"store","item":"https:\/\/vilight.vn\/website\/store\/"},{"@type":"ListItem","position":3,"name":"\u0110\u00e8n LED thanh VL SL01"}]},{"@type":"WebSite","@id":"https:\/\/vilight.vn\/website\/#website","url":"https:\/\/vilight.vn\/website\/","name":"Vilight Co.ltd","description":"Chi\u1ebfu s\u00e1ng m\u1ef9 thu\u1eadt, chi\u1ebfu s\u00e1ng th\u00f4ng minh, LED Pixel 3D, chi\u1ebfu s\u00e1ng trang tr\u00ed \u0111\u00f4 th\u1ecb, chi\u1ebfu s\u00e1ng v\u00f2ng xoay, chi\u1ebfu s\u00e1ng \u0111\u1ea3o giao th\u00f4ng, c\u1ed5ng ch\u00e0o \u0111\u00f4 th\u1ecb","publisher":{"@id":"https:\/\/vilight.vn\/website\/#organization"},"potentialAction":[{"@type":"SearchAction","target":{"@type":"EntryPoint","urlTemplate":"https:\/\/vilight.vn\/website\/?s={search_term_string}"},"query-input":{"@type":"PropertyValueSpecification","valueRequired":true,"valueName":"search_term_string"}}],"inLanguage":"vi"},{"@type":"Organization","@id":"https:\/\/vilight.vn\/website\/#organization","name":"Vilight","url":"https:\/\/vilight.vn\/website\/","logo":{"@type":"ImageObject","inLanguage":"vi","@id":"https:\/\/vilight.vn\/website\/#\/schema\/logo\/image\/","url":"https:\/\/vilight.vn\/website\/wp-content\/uploads\/2022\/05\/chieu_sang_trang_tri_do_thi_bang_den_led_pixel.png","contentUrl":"https:\/\/vilight.vn\/website\/wp-content\/uploads\/2022\/05\/chieu_sang_trang_tri_do_thi_bang_den_led_pixel.png","width":800,"height":427,"caption":"Vilight"},"image":{"@id":"https:\/\/vilight.vn\/website\/#\/schema\/logo\/image\/"},"sameAs":["http:\/\/facebook.com\/vilight.vn","https:\/\/www.linkedin.com\/company\/vilight-vn","https:\/\/www.youtube.com\/channel\/UCEwR2naeDcuarMX1kSv_rLQ\/videos"]}]},"product_brand":"\u0110\u00e8n LED Pixel","product_price_currency":"VND","og_availability":"instock","product_availability":"instock","product_condition":"new"},"_links":{"self":[{"href":"https:\/\/vilight.vn\/website\/wp-json\/wp\/v2\/product\/4385","targetHints":{"allow":["GET"]}}],"collection":[{"href":"https:\/\/vilight.vn\/website\/wp-json\/wp\/v2\/product"}],"about":[{"href":"https:\/\/vilight.vn\/website\/wp-json\/wp\/v2\/types\/product"}],"wp:featuredmedia":[{"embeddable":true,"href":"https:\/\/vilight.vn\/website\/wp-json\/wp\/v2\/media\/4387"}],"wp:attachment":[{"href":"https:\/\/vilight.vn\/website\/wp-json\/wp\/v2\/media?parent=4385"}],"wp:term":[{"taxonomy":"product_brand","embeddable":true,"href":"https:\/\/vilight.vn\/website\/wp-json\/wp\/v2\/product_brand?post=4385"},{"taxonomy":"product_cat","embeddable":true,"href":"https:\/\/vilight.vn\/website\/wp-json\/wp\/v2\/product_cat?post=4385"},{"taxonomy":"product_tag","embeddable":true,"href":"https:\/\/vilight.vn\/website\/wp-json\/wp\/v2\/product_tag?post=4385"}],"curies":[{"name":"wp","href":"https:\/\/api.w.org\/{rel}","templated":true}]}}