{"id":4393,"date":"2023-08-18T14:50:47","date_gmt":"2023-08-18T07:50:47","guid":{"rendered":"https:\/\/vilight.vn\/website\/?post_type=product&#038;p=4393"},"modified":"2025-08-27T14:54:48","modified_gmt":"2025-08-27T07:54:48","slug":"den-led-diem-pixel-o35a-o35b","status":"publish","type":"product","link":"https:\/\/vilight.vn\/website\/san-pham\/den-led-pixel\/trang-tri\/den-led-diem-pixel-o35a-o35b\/","title":{"rendered":"\u0110\u00e8n LED \u0111i\u1ec3m Pixel VL O35A &#8211; O35B"},"content":{"rendered":"<h2 style=\"text-align: justify;\"><span style=\"font-size: 18pt;\">\u0110\u00e8n Led \u0111i\u1ec3m Pixel VL O35A &#8211; O35B : S\u00e1ng t\u1ea1o kh\u00f4ng gi\u1edbi h\u1ea1n cho kh\u00f4ng gian c\u1ee7a b\u1ea1n.\u00a0<\/span><\/h2>\n<p style=\"text-align: justify;\"><span style=\"font-size: 14pt;\">Ch\u00e0o m\u1eebng b\u1ea1n \u0111\u1ebfn v\u1edbi th\u1ebf gi\u1edbi c\u1ee7a s\u1ef1 s\u00e1ng t\u1ea1o v\u00f4 t\u1eadn v\u1edbi \u0111\u00e8n Led \u0111i\u1ec3m Pixel O35A v\u00e0 O35B! \u0110\u01b0\u1ee3c thi\u1ebft k\u1ebf \u0111\u1ed9c \u0111\u00e1o v\u1edbi nh\u1eefng t\u00ednh n\u0103ng n\u1ed5i b\u1eadt, hai bi\u1ebfn th\u1ec3 n\u00e0y s\u1ebd l\u00e0 \u0111i\u1ec3m nh\u1ea5n ho\u00e0n h\u1ea3o cho m\u1ecdi kh\u00f4ng gian, t\u1eeb n\u1ed9i th\u1ea5t gia \u0111\u00ecnh cho \u0111\u1ebfn kh\u00f4ng gian th\u01b0\u01a1ng m\u1ea1i.S\u1ea3n ph\u1ea9m ph\u00f9 h\u1ee3p \u0111\u1ec3 s\u1eed d\u1ee5ng cho c\u00e1c c\u00f4ng tr\u00ecnh chi\u1ebfu s\u00e1ng trang tr\u00ed l\u1ec5 h\u1ed9i, chi\u1ebfu s\u00e1ng trang tr\u00ed cho c\u00e1c c\u00f4ng tr\u00ecnh c\u00f4ng c\u1ed9ng v\u00e0 nhi\u1ec1u \u1ee9ng d\u1ee5ng th\u1ef1c ti\u1ec5n trong cu\u1ed9c s\u1ed1ng.\u00a0<\/span><\/p>\n<p style=\"text-align: justify;\"><span style=\"font-size: 14pt;\">Ch\u00fang t\u00f4i t\u1ef1 h\u00e0o gi\u1edbi thi\u1ec7u hai bi\u1ebfn th\u1ec3 \u0111\u1ed9c quy\u1ec1n &#8211; O35A v\u00e0 O35B &#8211; \u0111\u1ec3 \u0111\u00e1p \u1ee9ng m\u1ecdi nhu c\u1ea7u c\u1ee7a b\u1ea1n. Cho d\u00f9 b\u1ea1n mong mu\u1ed1n \u00e1nh s\u00e1ng m\u1ec1m m\u1ea1i t\u1ea1i DC12V hay \u00e1nh s\u00e1ng m\u1ea1nh m\u1ebd h\u01a1n t\u1ea1i DC24V, ch\u00fang t\u00f4i \u0111\u00e3 c\u00f3 s\u1eb5n \u0111\u1ec3 b\u1ea1n l\u1ef1a ch\u1ecdn.<\/span><\/p>\n<p style=\"text-align: justify;\"><span style=\"font-size: 14pt;\">V\u1edbi ch\u1ebf \u0111\u1ed9 hi\u1ec3n th\u1ecb RGB \u0111a d\u1ea1ng, \u0111\u00e8n Led \u0111i\u1ec3m Pixel O35A\/O35B mang \u0111\u1ebfn m\u1ed9t th\u1ebf gi\u1edbi s\u1eafc m\u00e0u t\u01b0\u01a1i s\u00e1ng. B\u1ea1n c\u00f3 th\u1ec3 t\u1ea1o ra c\u00e1c hi\u1ec7u \u1ee9ng \u00e1nh s\u00e1ng \u0111\u1ed9c \u0111\u00e1o, thay \u0111\u1ed5i m\u00e0u s\u1eafc theo t\u00e2m tr\u1ea1ng ho\u1eb7c th\u1eadm ch\u00ed \u0111\u1ed3ng b\u1ed9 h\u00f3a v\u1edbi \u00e2m nh\u1ea1c.<\/span><\/p>\n<p style=\"text-align: justify;\"><span style=\"font-size: 14pt;\">Kh\u00f4ng ch\u1ec9 \u0111\u1eb9p m\u1eaft m\u00e0 c\u00f2n ti\u1ebft ki\u1ec7m n\u0103ng l\u01b0\u1ee3ng, \u0111\u00e8n Led \u0111i\u1ec3m Pixel O35A\/O35B s\u1eed d\u1ee5ng c\u00f4ng su\u1ea5t ch\u1ec9 1.4W. B\u1ea1n c\u00f3 th\u1ec3 y\u00ean t\u00e2m s\u1eed d\u1ee5ng ch\u00fang trong th\u1eddi gian d\u00e0i m\u00e0 kh\u00f4ng c\u1ea7n lo l\u1eafng v\u1ec1 h\u00f3a \u0111\u01a1n \u0111i\u1ec7n.<\/span><\/p>\n<p style=\"text-align: justify;\"><span style=\"font-size: 14pt;\">V\u1edbi lo\u1ea1i \u0111\u00e8n 3535RGB, b\u1ea1n c\u00f3 th\u1ec3 th\u1ef1c hi\u1ec7n m\u1ecdi \u00fd t\u01b0\u1edfng s\u00e1ng t\u1ea1o m\u1ed9t c\u00e1ch d\u1ec5 d\u00e0ng. T\u1ea1o ra c\u00e1c m\u1eabu \u00e1nh s\u00e1ng \u0111\u1ed9c \u0111\u00e1o, k\u1ebft h\u1ee3p m\u00e0u s\u1eafc \u0111\u1ec3 t\u1ea1o n\u00ean m\u1ed9t kh\u00f4ng gian \u0111\u1ed9c \u0111\u00e1o v\u00e0 \u1ea5n t\u01b0\u1ee3ng.<\/span><\/p>\n<p style=\"text-align: justify;\"><span style=\"font-size: 14pt;\">Qu\u1ea3n l\u00fd \u00e1nh s\u00e1ng d\u1ec5 d\u00e0ng h\u01a1n bao gi\u1edd h\u1ebft v\u1edbi ch\u1ebf \u0111\u1ed9 \u0111i\u1ec1u khi\u1ec3n SPI. B\u1ea1n c\u00f3 th\u1ec3 linh ho\u1ea1t thay \u0111\u1ed5i ch\u1ebf \u0111\u1ed9 hi\u1ec3n th\u1ecb, t\u1ed1c \u0111\u1ed9 ch\u1edbp nh\u00e1y v\u00e0 th\u1eadm ch\u00ed \u0111\u1ed3ng b\u1ed9 h\u00f3a v\u1edbi c\u00e1c thi\u1ebft b\u1ecb kh\u00e1c trong kh\u00f4ng gian c\u1ee7a b\u1ea1n.<\/span><\/p>\n<p style=\"text-align: justify;\"><span style=\"font-size: 14pt;\">V\u1edbi v\u1ecf b\u1ecdc b\u1eb1ng PC ch\u1ea5t l\u01b0\u1ee3ng cao v\u00e0 d\u00e2y d\u1eabn \u0111\u01b0\u1ee3c l\u00e0m t\u1eeb PVC v\u00e0 \u0111\u1ed3ng, \u0111\u00e8n Led \u0111i\u1ec3m Pixel O35A\/O35B kh\u00f4ng ch\u1ec9 \u0111\u1eb9p m\u1eaft m\u00e0 c\u00f2n b\u1ec1n b\u1ec9 theo th\u1eddi gian.<\/span><\/p>\n<p style=\"text-align: justify;\"><span style=\"font-size: 14pt;\">\u0110\u00e8n Led \u0111i\u1ec3m Pixel O35A\/O35B c\u00f3 th\u1ec3 \u0111\u01b0\u1ee3c \u1ee9ng d\u1ee5ng r\u1ed9ng r\u00e3i trong n\u1ed9i th\u1ea5t, trang tr\u00ed s\u00e2n v\u01b0\u1eddn, qu\u1ea7y bar, nh\u00e0 h\u00e0ng, qu\u1ea3ng c\u00e1o th\u01b0\u01a1ng hi\u1ec7u v\u00e0 nhi\u1ec1u kh\u00f4ng gian kh\u00e1c. Gi\u1edbi h\u1ea1n ch\u1ec9 n\u1eb1m trong t\u01b0\u1edfng t\u01b0\u1ee3ng c\u1ee7a b\u1ea1n!<\/span><\/p>\n<p style=\"text-align: justify;\"><span style=\"font-size: 14pt;\">H\u00e3y \u0111\u1ec3 \u0111\u00e8n Led \u0111i\u1ec3m Pixel O35A v\u00e0 O35B mang \u0111\u1ebfn m\u1ed9t c\u00e1ch m\u1edbi m\u1ebb \u0111\u1ec3 th\u1ec3 hi\u1ec7n s\u1ef1 s\u00e1ng t\u1ea1o c\u1ee7a b\u1ea1n trong m\u1ecdi kh\u00f4ng gian. Li\u00ean h\u1ec7 v\u1edbi ch\u00fang t\u00f4i ngay h\u00f4m nay \u0111\u1ec3 bi\u1ebft th\u00eam chi ti\u1ebft v\u00e0 \u0111\u1eb7t h\u00e0ng!<\/span><\/p>\n<p>&nbsp;<\/p>\n<p style=\"text-align: justify;\"><span style=\"font-size: 14pt;\"><a href=\"https:\/\/vilight.vn\/website\/wp-content\/uploads\/2023\/08\/O35A-O35B.jpg\"><img decoding=\"async\" class=\"size-full wp-image-4394 aligncenter lazyload\" data-src=\"https:\/\/vilight.vn\/website\/wp-content\/uploads\/2023\/08\/O35A-O35B.jpg\" alt=\"O35A\" width=\"1200\" height=\"239\" data-srcset=\"https:\/\/vilight.vn\/website\/wp-content\/uploads\/2023\/08\/O35A-O35B.jpg 1200w, https:\/\/vilight.vn\/website\/wp-content\/uploads\/2023\/08\/O35A-O35B-800x159.jpg 800w, https:\/\/vilight.vn\/website\/wp-content\/uploads\/2023\/08\/O35A-O35B-300x60.jpg 300w, https:\/\/vilight.vn\/website\/wp-content\/uploads\/2023\/08\/O35A-O35B-1024x204.jpg 1024w, https:\/\/vilight.vn\/website\/wp-content\/uploads\/2023\/08\/O35A-O35B-768x153.jpg 768w, https:\/\/vilight.vn\/website\/wp-content\/uploads\/2023\/08\/O35A-O35B-150x30.jpg 150w, https:\/\/vilight.vn\/website\/wp-content\/uploads\/2023\/08\/O35A-O35B-480x96.jpg 480w\" data-sizes=\"(max-width:767px) 480px, (max-width:1200px) 100vw, 1200px\" src=\"data:image\/svg+xml;base64,PHN2ZyB3aWR0aD0iMSIgaGVpZ2h0PSIxIiB4bWxucz0iaHR0cDovL3d3dy53My5vcmcvMjAwMC9zdmciPjwvc3ZnPg==\" style=\"--smush-placeholder-width: 1200px; --smush-placeholder-aspect-ratio: 1200\/239;\" \/><\/a><\/span><\/p>\n<p><span style=\"font-size: 14pt;\">M\u1ed9t s\u1ed1 m\u1eabu \u0111\u00e8n chuy\u00ean d\u00f9ng trong trang tr\u00ed chi\u1ebfu s\u00e1ng trang tr\u00ed l\u1ec5 h\u1ed9i b\u1ea1n c\u00f3 th\u1ec3 tham kh\u1ea3o <a href=\"https:\/\/vilight.vn\/website\/danh-muc-san-pham\/den-led-pixel\/trang-tri\/\">t\u1ea1i \u0111\u00e2y\u00a0<\/a><\/span><\/p>\n","protected":false},"excerpt":{"rendered":"<p style=\"text-align: justify;\"><span style=\"font-size: 14pt;\">\u0110\u00e8n LED \u0111i\u1ec3m Pixel O35A\/B &#8211; S\u1eafc m\u00e0u \u0111a d\u1ea1ng, ti\u1ebft ki\u1ec7m n\u0103ng l\u01b0\u1ee3ng. \u0110i\u1ec1u khi\u1ec3n th\u00f4ng minh SPI, v\u1ecf b\u1ecdc PC b\u1ec1n b\u1ec9. S\u1ea3n ph\u1ea9m c\u00f3 th\u1ec3 \u0111\u01b0\u1ee3c \u1ee9ng d\u1ee5ng r\u1ed9ng r\u00e3i trong n\u1ed9i th\u1ea5t, trang tr\u00ed s\u00e2n v\u01b0\u1eddn, qu\u1ea7y bar, nh\u00e0 h\u00e0ng, qu\u1ea3ng c\u00e1o th\u01b0\u01a1ng hi\u1ec7u v\u00e0 nhi\u1ec1u kh\u00f4ng gian kh\u00e1c.<\/span><\/p>\n","protected":false},"featured_media":4395,"template":"","meta":[],"product_brand":[],"product_cat":[77,313,627],"product_tag":[],"class_list":{"0":"post-4393","1":"product","2":"type-product","3":"status-publish","4":"has-post-thumbnail","6":"product_cat-den-led-pixel","7":"product_cat-trang-tri","8":"product_cat-o-series","10":"first","11":"instock","12":"taxable","13":"shipping-taxable","14":"product-type-simple"},"yoast_head":"<!-- This site is optimized with the Yoast SEO Premium plugin v27.5 (Yoast SEO v27.5) - https:\/\/yoast.com\/product\/yoast-seo-premium-wordpress\/ -->\n<title>\u0110\u00e8n LED \u0111i\u1ec3m Pixel VL O35A - O35B - Vilight Co.ltd<\/title>\n<meta name=\"description\" content=\"\u0110\u00e8n LED \u0111i\u1ec3m Pixel 1.4W O35A - O35B - S\u1eafc m\u00e0u \u0111a d\u1ea1ng, ti\u1ebft ki\u1ec7m n\u0103ng l\u01b0\u1ee3ng. \u0110i\u1ec1u khi\u1ec3n th\u00f4ng minh SPI, v\u1ecf b\u1ecdc PC b\u1ec1n b\u1ec9 hi\u1ec7u su\u1ea5t cao.\" \/>\n<meta name=\"robots\" content=\"index, follow, max-snippet:-1, max-image-preview:large, max-video-preview:-1\" \/>\n<link rel=\"canonical\" href=\"https:\/\/vilight.vn\/website\/san-pham\/den-led-pixel\/trang-tri\/den-led-diem-pixel-o35a-o35b\/\" \/>\n<meta property=\"og:locale\" content=\"vi_VN\" \/>\n<meta property=\"og:type\" content=\"article\" \/>\n<meta property=\"og:title\" content=\"\u0110\u00e8n LED \u0111i\u1ec3m Pixel VL O35A - O35B\" \/>\n<meta property=\"og:description\" content=\"\u0110\u00e8n LED \u0111i\u1ec3m Pixel O35A\/B - S\u1eafc m\u00e0u \u0111a d\u1ea1ng, ti\u1ebft ki\u1ec7m n\u0103ng l\u01b0\u1ee3ng. \u0110i\u1ec1u khi\u1ec3n th\u00f4ng minh SPI, v\u1ecf b\u1ecdc PC b\u1ec1n b\u1ec9. S\u1ea3n ph\u1ea9m c\u00f3 th\u1ec3 \u0111\u01b0\u1ee3c \u1ee9ng d\u1ee5ng r\u1ed9ng r\u00e3i trong n\u1ed9i th\u1ea5t, trang tr\u00ed s\u00e2n v\u01b0\u1eddn, qu\u1ea7y bar, nh\u00e0 h\u00e0ng, qu\u1ea3ng c\u00e1o th\u01b0\u01a1ng hi\u1ec7u v\u00e0 nhi\u1ec1u kh\u00f4ng gian kh\u00e1c.\" \/>\n<meta property=\"og:url\" content=\"https:\/\/vilight.vn\/website\/san-pham\/den-led-pixel\/trang-tri\/den-led-diem-pixel-o35a-o35b\/\" \/>\n<meta property=\"og:site_name\" content=\"Vilight Co.ltd\" \/>\n<meta property=\"article:publisher\" content=\"http:\/\/facebook.com\/vilight.vn\" \/>\n<meta property=\"article:modified_time\" content=\"2025-08-27T07:54:48+00:00\" \/>\n<meta property=\"og:image\" content=\"https:\/\/vilight.vn\/website\/wp-content\/uploads\/2023\/08\/O35A.jpg\" \/>\n\t<meta property=\"og:image:width\" content=\"600\" \/>\n\t<meta property=\"og:image:height\" content=\"600\" \/>\n\t<meta property=\"og:image:type\" content=\"image\/jpeg\" \/>\n<meta name=\"twitter:card\" content=\"summary_large_image\" \/>\n<meta name=\"twitter:label1\" content=\"Gi\u00e1\" \/>\n\t<meta name=\"twitter:data1\" content=\"\" \/>\n\t<meta name=\"twitter:label2\" content=\"Kh\u1ea3 d\u1ee5ng\" \/>\n\t<meta name=\"twitter:data2\" content=\"Trong kho\" \/>\n<script type=\"application\/ld+json\" class=\"yoast-schema-graph\">{\"@context\":\"https:\\\/\\\/schema.org\",\"@graph\":[{\"@type\":\"WebPage\",\"@id\":\"https:\\\/\\\/vilight.vn\\\/website\\\/san-pham\\\/den-led-pixel\\\/trang-tri\\\/den-led-diem-pixel-o35a-o35b\\\/\",\"url\":\"https:\\\/\\\/vilight.vn\\\/website\\\/san-pham\\\/den-led-pixel\\\/trang-tri\\\/den-led-diem-pixel-o35a-o35b\\\/\",\"name\":\"\u0110\u00e8n LED \u0111i\u1ec3m Pixel VL O35A - O35B - Vilight Co.ltd\",\"isPartOf\":{\"@id\":\"https:\\\/\\\/vilight.vn\\\/website\\\/#website\"},\"primaryImageOfPage\":{\"@id\":\"https:\\\/\\\/vilight.vn\\\/website\\\/san-pham\\\/den-led-pixel\\\/trang-tri\\\/den-led-diem-pixel-o35a-o35b\\\/#primaryimage\"},\"image\":{\"@id\":\"https:\\\/\\\/vilight.vn\\\/website\\\/san-pham\\\/den-led-pixel\\\/trang-tri\\\/den-led-diem-pixel-o35a-o35b\\\/#primaryimage\"},\"thumbnailUrl\":\"https:\\\/\\\/vilight.vn\\\/website\\\/wp-content\\\/uploads\\\/2023\\\/08\\\/O35A.jpg\",\"datePublished\":\"2023-08-18T07:50:47+00:00\",\"dateModified\":\"2025-08-27T07:54:48+00:00\",\"description\":\"\u0110\u00e8n LED \u0111i\u1ec3m Pixel 1.4W O35A - O35B - S\u1eafc m\u00e0u \u0111a d\u1ea1ng, ti\u1ebft ki\u1ec7m n\u0103ng l\u01b0\u1ee3ng. \u0110i\u1ec1u khi\u1ec3n th\u00f4ng minh SPI, v\u1ecf b\u1ecdc PC b\u1ec1n b\u1ec9 hi\u1ec7u su\u1ea5t cao.\",\"breadcrumb\":{\"@id\":\"https:\\\/\\\/vilight.vn\\\/website\\\/san-pham\\\/den-led-pixel\\\/trang-tri\\\/den-led-diem-pixel-o35a-o35b\\\/#breadcrumb\"},\"inLanguage\":\"vi\",\"potentialAction\":[{\"@type\":\"ReadAction\",\"target\":[\"https:\\\/\\\/vilight.vn\\\/website\\\/san-pham\\\/den-led-pixel\\\/trang-tri\\\/den-led-diem-pixel-o35a-o35b\\\/\"]}]},{\"@type\":\"ImageObject\",\"inLanguage\":\"vi\",\"@id\":\"https:\\\/\\\/vilight.vn\\\/website\\\/san-pham\\\/den-led-pixel\\\/trang-tri\\\/den-led-diem-pixel-o35a-o35b\\\/#primaryimage\",\"url\":\"https:\\\/\\\/vilight.vn\\\/website\\\/wp-content\\\/uploads\\\/2023\\\/08\\\/O35A.jpg\",\"contentUrl\":\"https:\\\/\\\/vilight.vn\\\/website\\\/wp-content\\\/uploads\\\/2023\\\/08\\\/O35A.jpg\",\"width\":600,\"height\":600,\"caption\":\"O35B\"},{\"@type\":\"BreadcrumbList\",\"@id\":\"https:\\\/\\\/vilight.vn\\\/website\\\/san-pham\\\/den-led-pixel\\\/trang-tri\\\/den-led-diem-pixel-o35a-o35b\\\/#breadcrumb\",\"itemListElement\":[{\"@type\":\"ListItem\",\"position\":1,\"name\":\"Home\",\"item\":\"https:\\\/\\\/vilight.vn\\\/website\\\/\"},{\"@type\":\"ListItem\",\"position\":2,\"name\":\"store\",\"item\":\"https:\\\/\\\/vilight.vn\\\/website\\\/store\\\/\"},{\"@type\":\"ListItem\",\"position\":3,\"name\":\"\u0110\u00e8n LED \u0111i\u1ec3m Pixel VL O35A &#8211; O35B\"}]},{\"@type\":\"WebSite\",\"@id\":\"https:\\\/\\\/vilight.vn\\\/website\\\/#website\",\"url\":\"https:\\\/\\\/vilight.vn\\\/website\\\/\",\"name\":\"Vilight Co.ltd\",\"description\":\"Chi\u1ebfu s\u00e1ng m\u1ef9 thu\u1eadt, chi\u1ebfu s\u00e1ng th\u00f4ng minh, LED Pixel 3D, chi\u1ebfu s\u00e1ng trang tr\u00ed \u0111\u00f4 th\u1ecb, chi\u1ebfu s\u00e1ng v\u00f2ng xoay, chi\u1ebfu s\u00e1ng \u0111\u1ea3o giao th\u00f4ng, c\u1ed5ng ch\u00e0o \u0111\u00f4 th\u1ecb\",\"publisher\":{\"@id\":\"https:\\\/\\\/vilight.vn\\\/website\\\/#organization\"},\"potentialAction\":[{\"@type\":\"SearchAction\",\"target\":{\"@type\":\"EntryPoint\",\"urlTemplate\":\"https:\\\/\\\/vilight.vn\\\/website\\\/?s={search_term_string}\"},\"query-input\":{\"@type\":\"PropertyValueSpecification\",\"valueRequired\":true,\"valueName\":\"search_term_string\"}}],\"inLanguage\":\"vi\"},{\"@type\":\"Organization\",\"@id\":\"https:\\\/\\\/vilight.vn\\\/website\\\/#organization\",\"name\":\"Vilight\",\"url\":\"https:\\\/\\\/vilight.vn\\\/website\\\/\",\"logo\":{\"@type\":\"ImageObject\",\"inLanguage\":\"vi\",\"@id\":\"https:\\\/\\\/vilight.vn\\\/website\\\/#\\\/schema\\\/logo\\\/image\\\/\",\"url\":\"https:\\\/\\\/vilight.vn\\\/website\\\/wp-content\\\/uploads\\\/2022\\\/05\\\/chieu_sang_trang_tri_do_thi_bang_den_led_pixel.png\",\"contentUrl\":\"https:\\\/\\\/vilight.vn\\\/website\\\/wp-content\\\/uploads\\\/2022\\\/05\\\/chieu_sang_trang_tri_do_thi_bang_den_led_pixel.png\",\"width\":800,\"height\":427,\"caption\":\"Vilight\"},\"image\":{\"@id\":\"https:\\\/\\\/vilight.vn\\\/website\\\/#\\\/schema\\\/logo\\\/image\\\/\"},\"sameAs\":[\"http:\\\/\\\/facebook.com\\\/vilight.vn\",\"https:\\\/\\\/www.linkedin.com\\\/company\\\/vilight-vn\",\"https:\\\/\\\/www.youtube.com\\\/channel\\\/UCEwR2naeDcuarMX1kSv_rLQ\\\/videos\"]}]}<\/script>\n<meta property=\"product:brand\" content=\"\u0110\u00e8n trang tr\u00ed l\u1ec5 h\u1ed9i\" \/>\n<meta property=\"product:price:currency\" content=\"VND\" \/>\n<meta property=\"og:availability\" content=\"instock\" \/>\n<meta property=\"product:availability\" content=\"instock\" \/>\n<meta property=\"product:condition\" content=\"new\" \/>\n<!-- \/ Yoast SEO Premium plugin. -->","yoast_head_json":{"title":"\u0110\u00e8n LED \u0111i\u1ec3m Pixel VL O35A - O35B - Vilight Co.ltd","description":"\u0110\u00e8n LED \u0111i\u1ec3m Pixel 1.4W O35A - O35B - S\u1eafc m\u00e0u \u0111a d\u1ea1ng, ti\u1ebft ki\u1ec7m n\u0103ng l\u01b0\u1ee3ng. \u0110i\u1ec1u khi\u1ec3n th\u00f4ng minh SPI, v\u1ecf b\u1ecdc PC b\u1ec1n b\u1ec9 hi\u1ec7u su\u1ea5t cao.","robots":{"index":"index","follow":"follow","max-snippet":"max-snippet:-1","max-image-preview":"max-image-preview:large","max-video-preview":"max-video-preview:-1"},"canonical":"https:\/\/vilight.vn\/website\/san-pham\/den-led-pixel\/trang-tri\/den-led-diem-pixel-o35a-o35b\/","og_locale":"vi_VN","og_type":"article","og_title":"\u0110\u00e8n LED \u0111i\u1ec3m Pixel VL O35A - O35B","og_description":"\u0110\u00e8n LED \u0111i\u1ec3m Pixel O35A\/B - S\u1eafc m\u00e0u \u0111a d\u1ea1ng, ti\u1ebft ki\u1ec7m n\u0103ng l\u01b0\u1ee3ng. \u0110i\u1ec1u khi\u1ec3n th\u00f4ng minh SPI, v\u1ecf b\u1ecdc PC b\u1ec1n b\u1ec9. S\u1ea3n ph\u1ea9m c\u00f3 th\u1ec3 \u0111\u01b0\u1ee3c \u1ee9ng d\u1ee5ng r\u1ed9ng r\u00e3i trong n\u1ed9i th\u1ea5t, trang tr\u00ed s\u00e2n v\u01b0\u1eddn, qu\u1ea7y bar, nh\u00e0 h\u00e0ng, qu\u1ea3ng c\u00e1o th\u01b0\u01a1ng hi\u1ec7u v\u00e0 nhi\u1ec1u kh\u00f4ng gian kh\u00e1c.","og_url":"https:\/\/vilight.vn\/website\/san-pham\/den-led-pixel\/trang-tri\/den-led-diem-pixel-o35a-o35b\/","og_site_name":"Vilight Co.ltd","article_publisher":"http:\/\/facebook.com\/vilight.vn","article_modified_time":"2025-08-27T07:54:48+00:00","og_image":[{"width":600,"height":600,"url":"https:\/\/vilight.vn\/website\/wp-content\/uploads\/2023\/08\/O35A.jpg","type":"image\/jpeg"}],"twitter_card":"summary_large_image","twitter_misc":{"Gi\u00e1":"","Kh\u1ea3 d\u1ee5ng":"Trong kho"},"schema":{"@context":"https:\/\/schema.org","@graph":[{"@type":"WebPage","@id":"https:\/\/vilight.vn\/website\/san-pham\/den-led-pixel\/trang-tri\/den-led-diem-pixel-o35a-o35b\/","url":"https:\/\/vilight.vn\/website\/san-pham\/den-led-pixel\/trang-tri\/den-led-diem-pixel-o35a-o35b\/","name":"\u0110\u00e8n LED \u0111i\u1ec3m Pixel VL O35A - O35B - Vilight Co.ltd","isPartOf":{"@id":"https:\/\/vilight.vn\/website\/#website"},"primaryImageOfPage":{"@id":"https:\/\/vilight.vn\/website\/san-pham\/den-led-pixel\/trang-tri\/den-led-diem-pixel-o35a-o35b\/#primaryimage"},"image":{"@id":"https:\/\/vilight.vn\/website\/san-pham\/den-led-pixel\/trang-tri\/den-led-diem-pixel-o35a-o35b\/#primaryimage"},"thumbnailUrl":"https:\/\/vilight.vn\/website\/wp-content\/uploads\/2023\/08\/O35A.jpg","datePublished":"2023-08-18T07:50:47+00:00","dateModified":"2025-08-27T07:54:48+00:00","description":"\u0110\u00e8n LED \u0111i\u1ec3m Pixel 1.4W O35A - O35B - S\u1eafc m\u00e0u \u0111a d\u1ea1ng, ti\u1ebft ki\u1ec7m n\u0103ng l\u01b0\u1ee3ng. \u0110i\u1ec1u khi\u1ec3n th\u00f4ng minh SPI, v\u1ecf b\u1ecdc PC b\u1ec1n b\u1ec9 hi\u1ec7u su\u1ea5t cao.","breadcrumb":{"@id":"https:\/\/vilight.vn\/website\/san-pham\/den-led-pixel\/trang-tri\/den-led-diem-pixel-o35a-o35b\/#breadcrumb"},"inLanguage":"vi","potentialAction":[{"@type":"ReadAction","target":["https:\/\/vilight.vn\/website\/san-pham\/den-led-pixel\/trang-tri\/den-led-diem-pixel-o35a-o35b\/"]}]},{"@type":"ImageObject","inLanguage":"vi","@id":"https:\/\/vilight.vn\/website\/san-pham\/den-led-pixel\/trang-tri\/den-led-diem-pixel-o35a-o35b\/#primaryimage","url":"https:\/\/vilight.vn\/website\/wp-content\/uploads\/2023\/08\/O35A.jpg","contentUrl":"https:\/\/vilight.vn\/website\/wp-content\/uploads\/2023\/08\/O35A.jpg","width":600,"height":600,"caption":"O35B"},{"@type":"BreadcrumbList","@id":"https:\/\/vilight.vn\/website\/san-pham\/den-led-pixel\/trang-tri\/den-led-diem-pixel-o35a-o35b\/#breadcrumb","itemListElement":[{"@type":"ListItem","position":1,"name":"Home","item":"https:\/\/vilight.vn\/website\/"},{"@type":"ListItem","position":2,"name":"store","item":"https:\/\/vilight.vn\/website\/store\/"},{"@type":"ListItem","position":3,"name":"\u0110\u00e8n LED \u0111i\u1ec3m Pixel VL O35A &#8211; O35B"}]},{"@type":"WebSite","@id":"https:\/\/vilight.vn\/website\/#website","url":"https:\/\/vilight.vn\/website\/","name":"Vilight Co.ltd","description":"Chi\u1ebfu s\u00e1ng m\u1ef9 thu\u1eadt, chi\u1ebfu s\u00e1ng th\u00f4ng minh, LED Pixel 3D, chi\u1ebfu s\u00e1ng trang tr\u00ed \u0111\u00f4 th\u1ecb, chi\u1ebfu s\u00e1ng v\u00f2ng xoay, chi\u1ebfu s\u00e1ng \u0111\u1ea3o giao th\u00f4ng, c\u1ed5ng ch\u00e0o \u0111\u00f4 th\u1ecb","publisher":{"@id":"https:\/\/vilight.vn\/website\/#organization"},"potentialAction":[{"@type":"SearchAction","target":{"@type":"EntryPoint","urlTemplate":"https:\/\/vilight.vn\/website\/?s={search_term_string}"},"query-input":{"@type":"PropertyValueSpecification","valueRequired":true,"valueName":"search_term_string"}}],"inLanguage":"vi"},{"@type":"Organization","@id":"https:\/\/vilight.vn\/website\/#organization","name":"Vilight","url":"https:\/\/vilight.vn\/website\/","logo":{"@type":"ImageObject","inLanguage":"vi","@id":"https:\/\/vilight.vn\/website\/#\/schema\/logo\/image\/","url":"https:\/\/vilight.vn\/website\/wp-content\/uploads\/2022\/05\/chieu_sang_trang_tri_do_thi_bang_den_led_pixel.png","contentUrl":"https:\/\/vilight.vn\/website\/wp-content\/uploads\/2022\/05\/chieu_sang_trang_tri_do_thi_bang_den_led_pixel.png","width":800,"height":427,"caption":"Vilight"},"image":{"@id":"https:\/\/vilight.vn\/website\/#\/schema\/logo\/image\/"},"sameAs":["http:\/\/facebook.com\/vilight.vn","https:\/\/www.linkedin.com\/company\/vilight-vn","https:\/\/www.youtube.com\/channel\/UCEwR2naeDcuarMX1kSv_rLQ\/videos"]}]},"product_brand":"\u0110\u00e8n trang tr\u00ed l\u1ec5 h\u1ed9i","product_price_currency":"VND","og_availability":"instock","product_availability":"instock","product_condition":"new"},"_links":{"self":[{"href":"https:\/\/vilight.vn\/website\/wp-json\/wp\/v2\/product\/4393","targetHints":{"allow":["GET"]}}],"collection":[{"href":"https:\/\/vilight.vn\/website\/wp-json\/wp\/v2\/product"}],"about":[{"href":"https:\/\/vilight.vn\/website\/wp-json\/wp\/v2\/types\/product"}],"wp:featuredmedia":[{"embeddable":true,"href":"https:\/\/vilight.vn\/website\/wp-json\/wp\/v2\/media\/4395"}],"wp:attachment":[{"href":"https:\/\/vilight.vn\/website\/wp-json\/wp\/v2\/media?parent=4393"}],"wp:term":[{"taxonomy":"product_brand","embeddable":true,"href":"https:\/\/vilight.vn\/website\/wp-json\/wp\/v2\/product_brand?post=4393"},{"taxonomy":"product_cat","embeddable":true,"href":"https:\/\/vilight.vn\/website\/wp-json\/wp\/v2\/product_cat?post=4393"},{"taxonomy":"product_tag","embeddable":true,"href":"https:\/\/vilight.vn\/website\/wp-json\/wp\/v2\/product_tag?post=4393"}],"curies":[{"name":"wp","href":"https:\/\/api.w.org\/{rel}","templated":true}]}}