{"id":4396,"date":"2023-08-18T14:54:31","date_gmt":"2023-08-18T07:54:31","guid":{"rendered":"https:\/\/vilight.vn\/website\/?post_type=product&#038;p=4396"},"modified":"2024-10-02T08:04:36","modified_gmt":"2024-10-02T01:04:36","slug":"den-led-diem-pixel-o13","status":"publish","type":"product","link":"https:\/\/vilight.vn\/website\/san-pham\/den-led-pixel\/den-led-diem-pixel-o13\/","title":{"rendered":"\u0110\u00e8n LED \u0111i\u1ec3m Pixel VL O13"},"content":{"rendered":"<h2 style=\"text-align: justify;\"><span style=\"font-size: 18pt;\">T\u1ea1o N\u00ean Hi\u1ec7u \u1ee8ng \u00c1nh S\u00e1ng Tuy\u1ec7t V\u1eddi V\u1edbi \u0110\u00e8n Led \u0111i\u1ec3m Pixel VL O13.\u00a0<\/span><\/h2>\n<p style=\"text-align: justify;\"><span style=\"font-size: 14pt;\">B\u1ea1n \u0111ang t\u00ecm ki\u1ebfm c\u00e1ch \u0111\u1ec3 l\u00e0m m\u1edbi kh\u00f4ng gian s\u1ed1ng ho\u1eb7c l\u00e0m vi\u1ec7c c\u1ee7a m\u00ecnh b\u1eb1ng \u00e1nh s\u00e1ng? \u0110\u00e8n LED \u0110i\u1ec3m Pixel O13 s\u1ebd \u0111em \u0111\u1ebfn cho b\u1ea1n m\u1ed9t tr\u1ea3i nghi\u1ec7m \u00e1nh s\u00e1ng \u0111\u1ed9c \u0111\u00e1o v\u00e0 \u1ea5n t\u01b0\u1ee3ng. V\u1edbi c\u00e1c th\u00f4ng s\u1ed1 chi ti\u1ebft c\u1ee5 th\u1ec3 v\u00e0 t\u00ednh n\u0103ng \u0111\u1ed9c \u0111\u00e1o, O13 s\u1ebd l\u00e0 l\u1ef1a ch\u1ecdn ho\u00e0n h\u1ea3o \u0111\u1ec3 t\u1ea1o n\u00ean m\u1ed9t kh\u00f4ng gian th\u00fa v\u1ecb v\u00e0 \u0111\u1ea7y s\u00e1ng t\u1ea1o.S\u1ea3n ph\u1ea9m ph\u00f9 h\u1ee3p \u0111\u1ec3 s\u1eed d\u1ee5ng cho c\u00e1c c\u00f4ng tr\u00ecnh chi\u1ebfu s\u00e1ng trang tr\u00ed l\u1ec5 h\u1ed9i, chi\u1ebfu s\u00e1ng trang tr\u00ed cho c\u00e1c c\u00f4ng tr\u00ecnh c\u00f4ng c\u1ed9ng v\u00e0 nhi\u1ec1u \u1ee9ng d\u1ee5ng th\u1ef1c ti\u1ec5n trong cu\u1ed9c s\u1ed1ng.\u00a0<\/span><\/p>\n<p style=\"text-align: justify;\"><span style=\"font-size: 14pt;\">V\u1edbi \u0111i\u1ec7n \u00e1p ho\u1ea1t \u0111\u1ed9ng DC24V, \u0110\u00e8n LED \u0110i\u1ec3m Pixel O13 mang \u0111\u1ebfn \u00e1nh s\u00e1ng m\u1ea1nh m\u1ebd v\u00e0 \u1ed5n \u0111\u1ecbnh. C\u00f4ng su\u1ea5t 1.4W cho ch\u1ebf \u0111\u1ed9 m\u00e0u \u0111\u01a1n v\u00e0 2.8W cho ch\u1ebf \u0111\u1ed9 m\u00e0u RGB gi\u00fap b\u1ea1n linh ho\u1ea1t trong vi\u1ec7c ch\u1ecdn c\u1ea5u h\u00ecnh \u00e1nh s\u00e1ng ph\u00f9 h\u1ee3p v\u1edbi \u00fd mu\u1ed1n c\u1ee7a b\u1ea1n.<\/span><\/p>\n<p style=\"text-align: justify;\"><span style=\"font-size: 14pt;\">V\u1edbi ch\u1ebf \u0111\u1ed9 hi\u1ec3n th\u1ecb \u0111a d\u1ea1ng, b\u1ea1n c\u00f3 th\u1ec3 t\u1ea1o ra c\u00e1c hi\u1ec7u \u1ee9ng \u00e1nh s\u00e1ng \u0111\u1ed9c \u0111\u00e1o v\u00e0 phong ph\u00fa. Ch\u1ecdn ch\u1ebf \u0111\u1ed9 RGB \u0111\u1ec3 t\u1eadn h\u01b0\u1edfng m\u1ed9t m\u00e0n tr\u00ecnh di\u1ec5n m\u00e0u s\u1eafc s\u1eb7c s\u1ee1, ho\u1eb7c ch\u1ecdn ch\u1ebf \u0111\u1ed9 m\u00e0u \u0111\u01a1n \u0111\u1ec3 t\u1ea1o ra \u0111i\u1ec3m nh\u1ea5n tinh t\u1ebf v\u00e0 sang tr\u1ecdng.<\/span><\/p>\n<p style=\"text-align: justify;\"><span style=\"font-size: 14pt;\">\u0110\u00e8n LED \u0110i\u1ec3m Pixel O13 \u0111\u01b0\u1ee3c trang b\u1ecb lo\u1ea1i \u0111\u00e8n 3535RGB cho ch\u1ebf \u0111\u1ed9 \u0111a m\u00e0u ho\u1eb7c 2835W cho ch\u1ebf \u0111\u1ed9 m\u00e0u \u0111\u01a1n, gi\u00fap b\u1ea1n linh ho\u1ea1t trong vi\u1ec7c l\u1ef1a ch\u1ecdn lo\u1ea1i \u00e1nh s\u00e1ng ph\u00f9 h\u1ee3p v\u1edbi \u00fd mu\u1ed1n c\u1ee7a b\u1ea1n. \u0110i\u1ec1u khi\u1ec3n th\u00f4ng qua giao th\u1ee9c SPI gi\u00fap b\u1ea1n d\u1ec5 d\u00e0ng thay \u0111\u1ed5i ch\u1ebf \u0111\u1ed9 \u00e1nh s\u00e1ng m\u1ed9t c\u00e1ch linh ho\u1ea1t.<\/span><\/p>\n<p style=\"text-align: justify;\"><span style=\"font-size: 14pt;\">V\u1edbi v\u1ecf \u0111\u00e8n l\u00e0m t\u1eeb PC (polycarbonate) \u2013 m\u1ed9t lo\u1ea1i nh\u1ef1a c\u1ee9ng v\u00e0 trong su\u1ed1t, \u0110\u00e8n LED \u0110i\u1ec3m Pixel O13 kh\u00f4ng ch\u1ec9 l\u00e0 ngu\u1ed3n s\u00e1ng m\u00e0 c\u00f2n l\u00e0 m\u1ed9t t\u00e1c ph\u1ea9m ngh\u1ec7 thu\u1eadt. V\u1edbi v\u1eadt li\u1ec7u d\u00e2y l\u00e0 PVC k\u1ebft h\u1ee3p v\u1edbi \u0111\u1ed3ng, \u0111\u00e8n \u0111\u1ea3m b\u1ea3o s\u1ef1 an to\u00e0n v\u00e0 \u0111\u1ed9 b\u1ec1n trong qu\u00e1 tr\u00ecnh s\u1eed d\u1ee5ng.<\/span><\/p>\n<p style=\"text-align: justify;\"><span style=\"font-size: 14pt;\">H\u00e3y t\u1ea1o n\u00ean m\u1ed9t kh\u00f4ng gian th\u00fa v\u1ecb v\u00e0 \u0111\u1ed9c \u0111\u00e1o v\u1edbi \u0110\u00e8n LED \u0110i\u1ec3m Pixel O13. Cho d\u00f9 b\u1ea1n \u0111ang t\u1ea1o n\u00ean kh\u00f4ng gian s\u1ed1ng \u1ea5m c\u00fang hay kh\u00f4ng gian l\u00e0m vi\u1ec7c s\u00e1ng t\u1ea1o, O13 s\u1ebd l\u00e0 ng\u01b0\u1eddi b\u1ea1n \u0111\u1ed3ng h\u00e0nh \u0111\u00e1ng tin c\u1eady mang \u0111\u1ebfn hi\u1ec7u \u1ee9ng \u00e1nh s\u00e1ng kh\u00f4ng gi\u1edbi h\u1ea1n.<\/span><\/p>\n<p>&nbsp;<\/p>\n<h2 style=\"text-align: justify;\"><span style=\"font-size: 14pt;\"><a href=\"https:\/\/vilight.vn\/website\/wp-content\/uploads\/2023\/08\/O13-thoong-soos-ky-thua.jpg\"><img decoding=\"async\" class=\"size-full wp-image-4397 lazyload\" data-src=\"https:\/\/vilight.vn\/website\/wp-content\/uploads\/2023\/08\/O13-thoong-soos-ky-thua.jpg\" alt=\"o13 \u0111\u00e8n led \u0111i\u1ec3m pixel \" width=\"1200\" height=\"232\" data-srcset=\"https:\/\/vilight.vn\/website\/wp-content\/uploads\/2023\/08\/O13-thoong-soos-ky-thua.jpg 1200w, https:\/\/vilight.vn\/website\/wp-content\/uploads\/2023\/08\/O13-thoong-soos-ky-thua-800x155.jpg 800w, https:\/\/vilight.vn\/website\/wp-content\/uploads\/2023\/08\/O13-thoong-soos-ky-thua-300x58.jpg 300w, https:\/\/vilight.vn\/website\/wp-content\/uploads\/2023\/08\/O13-thoong-soos-ky-thua-1024x198.jpg 1024w, https:\/\/vilight.vn\/website\/wp-content\/uploads\/2023\/08\/O13-thoong-soos-ky-thua-768x148.jpg 768w, https:\/\/vilight.vn\/website\/wp-content\/uploads\/2023\/08\/O13-thoong-soos-ky-thua-150x29.jpg 150w, https:\/\/vilight.vn\/website\/wp-content\/uploads\/2023\/08\/O13-thoong-soos-ky-thua-480x93.jpg 480w\" data-sizes=\"(max-width:767px) 480px, (max-width:1200px) 100vw, 1200px\" src=\"data:image\/svg+xml;base64,PHN2ZyB3aWR0aD0iMSIgaGVpZ2h0PSIxIiB4bWxucz0iaHR0cDovL3d3dy53My5vcmcvMjAwMC9zdmciPjwvc3ZnPg==\" style=\"--smush-placeholder-width: 1200px; --smush-placeholder-aspect-ratio: 1200\/232;\" \/><\/a><\/span><\/h2>\n<p><span style=\"font-size: 14pt;\">M\u1ed9t s\u1ed1 m\u1eabu \u0111\u00e8n chuy\u00ean d\u00f9ng trong trang tr\u00ed chi\u1ebfu s\u00e1ng trang tr\u00ed l\u1ec5 h\u1ed9i b\u1ea1n c\u00f3 th\u1ec3 tham kh\u1ea3o <a href=\"https:\/\/vilight.vn\/website\/danh-muc-san-pham\/den-led-pixel\/trang-tri\/\">t\u1ea1i \u0111\u00e2y\u00a0<\/a><\/span><\/p>\n","protected":false},"excerpt":{"rendered":"<p style=\"text-align: justify;\"><span style=\"font-size: 14pt;\">\u0110\u00e8n LED \u0111i\u1ec3m Pixel O13 &#8211; S\u00e1ng t\u1ea1o kh\u00f4ng gian v\u1edbi \u00e1nh s\u00e1ng \u0111a d\u1ea1ng. M\u00e0u s\u1eafc RGB\/W, c\u00f4ng su\u1ea5t linh ho\u1ea1t, thi\u1ebft k\u1ebf tinh t\u1ebf. D\u1ec5 d\u00e0ng \u0111i\u1ec1u khi\u1ec3n qua giao th\u1ee9c SPI.<\/span><\/p>\n","protected":false},"featured_media":4402,"template":"","meta":[],"product_brand":[],"product_cat":[77,313,627],"product_tag":[],"class_list":{"0":"post-4396","1":"product","2":"type-product","3":"status-publish","4":"has-post-thumbnail","6":"product_cat-den-led-pixel","7":"product_cat-trang-tri","8":"product_cat-o-series","10":"first","11":"instock","12":"taxable","13":"shipping-taxable","14":"product-type-simple"},"yoast_head":"<!-- This site is optimized with the Yoast SEO Premium plugin v27.4 (Yoast SEO v27.4) - https:\/\/yoast.com\/product\/yoast-seo-premium-wordpress\/ -->\n<title>\u0110\u00e8n LED \u0111i\u1ec3m Pixel VL O13 - Vilight Co.ltd<\/title>\n<meta name=\"description\" content=\"\u0110\u00e8n LED \u0110i\u1ec3m Pixel O13 - S\u00e1ng t\u1ea1o kh\u00f4ng gian v\u1edbi \u00e1nh s\u00e1ng \u0111a d\u1ea1ng. RGB\/W ch\u1ebf \u0111\u1ed9 hi\u1ec3n th\u1ecb, c\u00f4ng su\u1ea5t linh ho\u1ea1t, thi\u1ebft k\u1ebf tinh t\u1ebf.\" \/>\n<meta name=\"robots\" content=\"index, follow, max-snippet:-1, max-image-preview:large, max-video-preview:-1\" \/>\n<link rel=\"canonical\" href=\"https:\/\/vilight.vn\/website\/san-pham\/den-led-pixel\/den-led-diem-pixel-o13\/\" \/>\n<meta property=\"og:locale\" content=\"vi_VN\" \/>\n<meta property=\"og:type\" content=\"article\" \/>\n<meta property=\"og:title\" content=\"\u0110\u00e8n LED \u0111i\u1ec3m Pixel VL O13\" \/>\n<meta property=\"og:description\" content=\"\u0110\u00e8n LED \u0111i\u1ec3m Pixel O13 - S\u00e1ng t\u1ea1o kh\u00f4ng gian v\u1edbi \u00e1nh s\u00e1ng \u0111a d\u1ea1ng. M\u00e0u s\u1eafc RGB\/W, c\u00f4ng su\u1ea5t linh ho\u1ea1t, thi\u1ebft k\u1ebf tinh t\u1ebf. D\u1ec5 d\u00e0ng \u0111i\u1ec1u khi\u1ec3n qua giao th\u1ee9c SPI.\" \/>\n<meta property=\"og:url\" content=\"https:\/\/vilight.vn\/website\/san-pham\/den-led-pixel\/den-led-diem-pixel-o13\/\" \/>\n<meta property=\"og:site_name\" content=\"Vilight Co.ltd\" \/>\n<meta property=\"article:publisher\" content=\"http:\/\/facebook.com\/vilight.vn\" \/>\n<meta property=\"article:modified_time\" content=\"2024-10-02T01:04:36+00:00\" \/>\n<meta property=\"og:image\" content=\"https:\/\/vilight.vn\/website\/wp-content\/uploads\/2023\/08\/O13-logo-1.jpg\" \/>\n\t<meta property=\"og:image:width\" content=\"600\" \/>\n\t<meta property=\"og:image:height\" content=\"600\" \/>\n\t<meta property=\"og:image:type\" content=\"image\/jpeg\" \/>\n<meta name=\"twitter:card\" content=\"summary_large_image\" \/>\n<meta name=\"twitter:label1\" content=\"Gi\u00e1\" \/>\n\t<meta name=\"twitter:data1\" content=\"\" \/>\n\t<meta name=\"twitter:label2\" content=\"Kh\u1ea3 d\u1ee5ng\" \/>\n\t<meta name=\"twitter:data2\" content=\"Trong kho\" \/>\n<script type=\"application\/ld+json\" class=\"yoast-schema-graph\">{\"@context\":\"https:\\\/\\\/schema.org\",\"@graph\":[{\"@type\":\"WebPage\",\"@id\":\"https:\\\/\\\/vilight.vn\\\/website\\\/san-pham\\\/den-led-pixel\\\/den-led-diem-pixel-o13\\\/\",\"url\":\"https:\\\/\\\/vilight.vn\\\/website\\\/san-pham\\\/den-led-pixel\\\/den-led-diem-pixel-o13\\\/\",\"name\":\"\u0110\u00e8n LED \u0111i\u1ec3m Pixel VL O13 - Vilight Co.ltd\",\"isPartOf\":{\"@id\":\"https:\\\/\\\/vilight.vn\\\/website\\\/#website\"},\"primaryImageOfPage\":{\"@id\":\"https:\\\/\\\/vilight.vn\\\/website\\\/san-pham\\\/den-led-pixel\\\/den-led-diem-pixel-o13\\\/#primaryimage\"},\"image\":{\"@id\":\"https:\\\/\\\/vilight.vn\\\/website\\\/san-pham\\\/den-led-pixel\\\/den-led-diem-pixel-o13\\\/#primaryimage\"},\"thumbnailUrl\":\"https:\\\/\\\/vilight.vn\\\/website\\\/wp-content\\\/uploads\\\/2023\\\/08\\\/O13-logo-1.jpg\",\"datePublished\":\"2023-08-18T07:54:31+00:00\",\"dateModified\":\"2024-10-02T01:04:36+00:00\",\"description\":\"\u0110\u00e8n LED \u0110i\u1ec3m Pixel O13 - S\u00e1ng t\u1ea1o kh\u00f4ng gian v\u1edbi \u00e1nh s\u00e1ng \u0111a d\u1ea1ng. RGB\\\/W ch\u1ebf \u0111\u1ed9 hi\u1ec3n th\u1ecb, c\u00f4ng su\u1ea5t linh ho\u1ea1t, thi\u1ebft k\u1ebf tinh t\u1ebf.\",\"breadcrumb\":{\"@id\":\"https:\\\/\\\/vilight.vn\\\/website\\\/san-pham\\\/den-led-pixel\\\/den-led-diem-pixel-o13\\\/#breadcrumb\"},\"inLanguage\":\"vi\",\"potentialAction\":[{\"@type\":\"ReadAction\",\"target\":[\"https:\\\/\\\/vilight.vn\\\/website\\\/san-pham\\\/den-led-pixel\\\/den-led-diem-pixel-o13\\\/\"]}]},{\"@type\":\"ImageObject\",\"inLanguage\":\"vi\",\"@id\":\"https:\\\/\\\/vilight.vn\\\/website\\\/san-pham\\\/den-led-pixel\\\/den-led-diem-pixel-o13\\\/#primaryimage\",\"url\":\"https:\\\/\\\/vilight.vn\\\/website\\\/wp-content\\\/uploads\\\/2023\\\/08\\\/O13-logo-1.jpg\",\"contentUrl\":\"https:\\\/\\\/vilight.vn\\\/website\\\/wp-content\\\/uploads\\\/2023\\\/08\\\/O13-logo-1.jpg\",\"width\":600,\"height\":600},{\"@type\":\"BreadcrumbList\",\"@id\":\"https:\\\/\\\/vilight.vn\\\/website\\\/san-pham\\\/den-led-pixel\\\/den-led-diem-pixel-o13\\\/#breadcrumb\",\"itemListElement\":[{\"@type\":\"ListItem\",\"position\":1,\"name\":\"Home\",\"item\":\"https:\\\/\\\/vilight.vn\\\/website\\\/\"},{\"@type\":\"ListItem\",\"position\":2,\"name\":\"store\",\"item\":\"https:\\\/\\\/vilight.vn\\\/website\\\/store\\\/\"},{\"@type\":\"ListItem\",\"position\":3,\"name\":\"\u0110\u00e8n LED \u0111i\u1ec3m Pixel VL O13\"}]},{\"@type\":\"WebSite\",\"@id\":\"https:\\\/\\\/vilight.vn\\\/website\\\/#website\",\"url\":\"https:\\\/\\\/vilight.vn\\\/website\\\/\",\"name\":\"Vilight Co.ltd\",\"description\":\"Chi\u1ebfu s\u00e1ng m\u1ef9 thu\u1eadt, chi\u1ebfu s\u00e1ng th\u00f4ng minh, LED Pixel 3D, chi\u1ebfu s\u00e1ng trang tr\u00ed \u0111\u00f4 th\u1ecb, chi\u1ebfu s\u00e1ng v\u00f2ng xoay, chi\u1ebfu s\u00e1ng \u0111\u1ea3o giao th\u00f4ng, c\u1ed5ng ch\u00e0o \u0111\u00f4 th\u1ecb\",\"publisher\":{\"@id\":\"https:\\\/\\\/vilight.vn\\\/website\\\/#organization\"},\"potentialAction\":[{\"@type\":\"SearchAction\",\"target\":{\"@type\":\"EntryPoint\",\"urlTemplate\":\"https:\\\/\\\/vilight.vn\\\/website\\\/?s={search_term_string}\"},\"query-input\":{\"@type\":\"PropertyValueSpecification\",\"valueRequired\":true,\"valueName\":\"search_term_string\"}}],\"inLanguage\":\"vi\"},{\"@type\":\"Organization\",\"@id\":\"https:\\\/\\\/vilight.vn\\\/website\\\/#organization\",\"name\":\"Vilight\",\"url\":\"https:\\\/\\\/vilight.vn\\\/website\\\/\",\"logo\":{\"@type\":\"ImageObject\",\"inLanguage\":\"vi\",\"@id\":\"https:\\\/\\\/vilight.vn\\\/website\\\/#\\\/schema\\\/logo\\\/image\\\/\",\"url\":\"https:\\\/\\\/vilight.vn\\\/website\\\/wp-content\\\/uploads\\\/2022\\\/05\\\/chieu_sang_trang_tri_do_thi_bang_den_led_pixel.png\",\"contentUrl\":\"https:\\\/\\\/vilight.vn\\\/website\\\/wp-content\\\/uploads\\\/2022\\\/05\\\/chieu_sang_trang_tri_do_thi_bang_den_led_pixel.png\",\"width\":800,\"height\":427,\"caption\":\"Vilight\"},\"image\":{\"@id\":\"https:\\\/\\\/vilight.vn\\\/website\\\/#\\\/schema\\\/logo\\\/image\\\/\"},\"sameAs\":[\"http:\\\/\\\/facebook.com\\\/vilight.vn\",\"https:\\\/\\\/www.linkedin.com\\\/company\\\/vilight-vn\",\"https:\\\/\\\/www.youtube.com\\\/channel\\\/UCEwR2naeDcuarMX1kSv_rLQ\\\/videos\"]}]}<\/script>\n<meta property=\"product:brand\" content=\"\u0110\u00e8n LED Pixel\" \/>\n<meta property=\"product:price:currency\" content=\"VND\" \/>\n<meta property=\"og:availability\" content=\"instock\" \/>\n<meta property=\"product:availability\" content=\"instock\" \/>\n<meta property=\"product:condition\" content=\"new\" \/>\n<!-- \/ Yoast SEO Premium plugin. -->","yoast_head_json":{"title":"\u0110\u00e8n LED \u0111i\u1ec3m Pixel VL O13 - Vilight Co.ltd","description":"\u0110\u00e8n LED \u0110i\u1ec3m Pixel O13 - S\u00e1ng t\u1ea1o kh\u00f4ng gian v\u1edbi \u00e1nh s\u00e1ng \u0111a d\u1ea1ng. RGB\/W ch\u1ebf \u0111\u1ed9 hi\u1ec3n th\u1ecb, c\u00f4ng su\u1ea5t linh ho\u1ea1t, thi\u1ebft k\u1ebf tinh t\u1ebf.","robots":{"index":"index","follow":"follow","max-snippet":"max-snippet:-1","max-image-preview":"max-image-preview:large","max-video-preview":"max-video-preview:-1"},"canonical":"https:\/\/vilight.vn\/website\/san-pham\/den-led-pixel\/den-led-diem-pixel-o13\/","og_locale":"vi_VN","og_type":"article","og_title":"\u0110\u00e8n LED \u0111i\u1ec3m Pixel VL O13","og_description":"\u0110\u00e8n LED \u0111i\u1ec3m Pixel O13 - S\u00e1ng t\u1ea1o kh\u00f4ng gian v\u1edbi \u00e1nh s\u00e1ng \u0111a d\u1ea1ng. M\u00e0u s\u1eafc RGB\/W, c\u00f4ng su\u1ea5t linh ho\u1ea1t, thi\u1ebft k\u1ebf tinh t\u1ebf. D\u1ec5 d\u00e0ng \u0111i\u1ec1u khi\u1ec3n qua giao th\u1ee9c SPI.","og_url":"https:\/\/vilight.vn\/website\/san-pham\/den-led-pixel\/den-led-diem-pixel-o13\/","og_site_name":"Vilight Co.ltd","article_publisher":"http:\/\/facebook.com\/vilight.vn","article_modified_time":"2024-10-02T01:04:36+00:00","og_image":[{"width":600,"height":600,"url":"https:\/\/vilight.vn\/website\/wp-content\/uploads\/2023\/08\/O13-logo-1.jpg","type":"image\/jpeg"}],"twitter_card":"summary_large_image","twitter_misc":{"Gi\u00e1":"","Kh\u1ea3 d\u1ee5ng":"Trong kho"},"schema":{"@context":"https:\/\/schema.org","@graph":[{"@type":"WebPage","@id":"https:\/\/vilight.vn\/website\/san-pham\/den-led-pixel\/den-led-diem-pixel-o13\/","url":"https:\/\/vilight.vn\/website\/san-pham\/den-led-pixel\/den-led-diem-pixel-o13\/","name":"\u0110\u00e8n LED \u0111i\u1ec3m Pixel VL O13 - Vilight Co.ltd","isPartOf":{"@id":"https:\/\/vilight.vn\/website\/#website"},"primaryImageOfPage":{"@id":"https:\/\/vilight.vn\/website\/san-pham\/den-led-pixel\/den-led-diem-pixel-o13\/#primaryimage"},"image":{"@id":"https:\/\/vilight.vn\/website\/san-pham\/den-led-pixel\/den-led-diem-pixel-o13\/#primaryimage"},"thumbnailUrl":"https:\/\/vilight.vn\/website\/wp-content\/uploads\/2023\/08\/O13-logo-1.jpg","datePublished":"2023-08-18T07:54:31+00:00","dateModified":"2024-10-02T01:04:36+00:00","description":"\u0110\u00e8n LED \u0110i\u1ec3m Pixel O13 - S\u00e1ng t\u1ea1o kh\u00f4ng gian v\u1edbi \u00e1nh s\u00e1ng \u0111a d\u1ea1ng. RGB\/W ch\u1ebf \u0111\u1ed9 hi\u1ec3n th\u1ecb, c\u00f4ng su\u1ea5t linh ho\u1ea1t, thi\u1ebft k\u1ebf tinh t\u1ebf.","breadcrumb":{"@id":"https:\/\/vilight.vn\/website\/san-pham\/den-led-pixel\/den-led-diem-pixel-o13\/#breadcrumb"},"inLanguage":"vi","potentialAction":[{"@type":"ReadAction","target":["https:\/\/vilight.vn\/website\/san-pham\/den-led-pixel\/den-led-diem-pixel-o13\/"]}]},{"@type":"ImageObject","inLanguage":"vi","@id":"https:\/\/vilight.vn\/website\/san-pham\/den-led-pixel\/den-led-diem-pixel-o13\/#primaryimage","url":"https:\/\/vilight.vn\/website\/wp-content\/uploads\/2023\/08\/O13-logo-1.jpg","contentUrl":"https:\/\/vilight.vn\/website\/wp-content\/uploads\/2023\/08\/O13-logo-1.jpg","width":600,"height":600},{"@type":"BreadcrumbList","@id":"https:\/\/vilight.vn\/website\/san-pham\/den-led-pixel\/den-led-diem-pixel-o13\/#breadcrumb","itemListElement":[{"@type":"ListItem","position":1,"name":"Home","item":"https:\/\/vilight.vn\/website\/"},{"@type":"ListItem","position":2,"name":"store","item":"https:\/\/vilight.vn\/website\/store\/"},{"@type":"ListItem","position":3,"name":"\u0110\u00e8n LED \u0111i\u1ec3m Pixel VL O13"}]},{"@type":"WebSite","@id":"https:\/\/vilight.vn\/website\/#website","url":"https:\/\/vilight.vn\/website\/","name":"Vilight Co.ltd","description":"Chi\u1ebfu s\u00e1ng m\u1ef9 thu\u1eadt, chi\u1ebfu s\u00e1ng th\u00f4ng minh, LED Pixel 3D, chi\u1ebfu s\u00e1ng trang tr\u00ed \u0111\u00f4 th\u1ecb, chi\u1ebfu s\u00e1ng v\u00f2ng xoay, chi\u1ebfu s\u00e1ng \u0111\u1ea3o giao th\u00f4ng, c\u1ed5ng ch\u00e0o \u0111\u00f4 th\u1ecb","publisher":{"@id":"https:\/\/vilight.vn\/website\/#organization"},"potentialAction":[{"@type":"SearchAction","target":{"@type":"EntryPoint","urlTemplate":"https:\/\/vilight.vn\/website\/?s={search_term_string}"},"query-input":{"@type":"PropertyValueSpecification","valueRequired":true,"valueName":"search_term_string"}}],"inLanguage":"vi"},{"@type":"Organization","@id":"https:\/\/vilight.vn\/website\/#organization","name":"Vilight","url":"https:\/\/vilight.vn\/website\/","logo":{"@type":"ImageObject","inLanguage":"vi","@id":"https:\/\/vilight.vn\/website\/#\/schema\/logo\/image\/","url":"https:\/\/vilight.vn\/website\/wp-content\/uploads\/2022\/05\/chieu_sang_trang_tri_do_thi_bang_den_led_pixel.png","contentUrl":"https:\/\/vilight.vn\/website\/wp-content\/uploads\/2022\/05\/chieu_sang_trang_tri_do_thi_bang_den_led_pixel.png","width":800,"height":427,"caption":"Vilight"},"image":{"@id":"https:\/\/vilight.vn\/website\/#\/schema\/logo\/image\/"},"sameAs":["http:\/\/facebook.com\/vilight.vn","https:\/\/www.linkedin.com\/company\/vilight-vn","https:\/\/www.youtube.com\/channel\/UCEwR2naeDcuarMX1kSv_rLQ\/videos"]}]},"product_brand":"\u0110\u00e8n LED Pixel","product_price_currency":"VND","og_availability":"instock","product_availability":"instock","product_condition":"new"},"_links":{"self":[{"href":"https:\/\/vilight.vn\/website\/wp-json\/wp\/v2\/product\/4396","targetHints":{"allow":["GET"]}}],"collection":[{"href":"https:\/\/vilight.vn\/website\/wp-json\/wp\/v2\/product"}],"about":[{"href":"https:\/\/vilight.vn\/website\/wp-json\/wp\/v2\/types\/product"}],"wp:featuredmedia":[{"embeddable":true,"href":"https:\/\/vilight.vn\/website\/wp-json\/wp\/v2\/media\/4402"}],"wp:attachment":[{"href":"https:\/\/vilight.vn\/website\/wp-json\/wp\/v2\/media?parent=4396"}],"wp:term":[{"taxonomy":"product_brand","embeddable":true,"href":"https:\/\/vilight.vn\/website\/wp-json\/wp\/v2\/product_brand?post=4396"},{"taxonomy":"product_cat","embeddable":true,"href":"https:\/\/vilight.vn\/website\/wp-json\/wp\/v2\/product_cat?post=4396"},{"taxonomy":"product_tag","embeddable":true,"href":"https:\/\/vilight.vn\/website\/wp-json\/wp\/v2\/product_tag?post=4396"}],"curies":[{"name":"wp","href":"https:\/\/api.w.org\/{rel}","templated":true}]}}