{"id":4399,"date":"2023-08-18T15:00:18","date_gmt":"2023-08-18T08:00:18","guid":{"rendered":"https:\/\/vilight.vn\/website\/?post_type=product&#038;p=4399"},"modified":"2024-10-01T14:00:14","modified_gmt":"2024-10-01T07:00:14","slug":"den-led-diem-pixel-o46a-o46b","status":"publish","type":"product","link":"https:\/\/vilight.vn\/website\/san-pham\/den-led-pixel\/den-led-diem-pixel-o46a-o46b\/","title":{"rendered":"\u0110\u00e8n LED \u0111i\u1ec3m Pixel VL O46A &#8211; O46B"},"content":{"rendered":"<h2 style=\"text-align: justify;\"><span style=\"font-size: 18pt;\">\u0110\u00e8n Led \u0111i\u1ec3m Pixel VL O46A &#8211; O46B: S\u1ef1 K\u1ebft H\u1ee3p Ho\u00e0n H\u1ea3o Gi\u1eefa \u00c1nh S\u00e1ng v\u00e0 M\u00e0u S\u1eafc.\u00a0<\/span><\/h2>\n<p style=\"text-align: justify;\"><span style=\"font-size: 14pt;\">V\u1edbi s\u1ef1 ph\u00e1t tri\u1ec3n kh\u00f4ng ng\u1eebng c\u1ee7a c\u00f4ng ngh\u1ec7 LED, c\u00e1c gi\u1ea3i ph\u00e1p chi\u1ebfu s\u00e1ng ng\u00e0y c\u00e0ng \u0111a d\u1ea1ng v\u00e0 phong ph\u00fa h\u01a1n. Trong t\u1eadp trung v\u00e0o s\u1ef1 \u0111a d\u1ea1ng v\u00e0 m\u00e0u s\u1eafc tuy\u1ec7t \u0111\u1eb9p c\u1ee7a \u00e1nh s\u00e1ng, \u0110\u00e8n LED \u0110i\u1ec3m Pixel O46A v\u00e0 O46B \u0111\u00e3 ch\u1ee9ng minh m\u00ecnh l\u00e0 s\u1ef1 k\u1ebft h\u1ee3p ho\u00e0n h\u1ea3o gi\u1eefa hi\u1ec7u su\u1ea5t \u00e1nh s\u00e1ng v\u00e0 kh\u1ea3 n\u0103ng t\u1ea1o ra m\u00e0u s\u1eafc s\u1ed1ng \u0111\u1ed9ng.S\u1ea3n ph\u1ea9m ph\u00f9 h\u1ee3p \u0111\u1ec3 s\u1eed d\u1ee5ng cho c\u00e1c c\u00f4ng tr\u00ecnh chi\u1ebfu s\u00e1ng trang tr\u00ed l\u1ec5 h\u1ed9i, chi\u1ebfu s\u00e1ng trang tr\u00ed cho c\u00e1c c\u00f4ng tr\u00ecnh c\u00f4ng c\u1ed9ng v\u00e0 nhi\u1ec1u \u1ee9ng d\u1ee5ng th\u1ef1c ti\u1ec5n trong cu\u1ed9c s\u1ed1ng.\u00a0<\/span><\/p>\n<p style=\"text-align: justify;\"><span style=\"font-size: 14pt;\">V\u1edbi \u0111i\u1ec7n \u00e1p ho\u1ea1t \u0111\u1ed9ng linh ho\u1ea1t, \u0110\u00e8n LED \u0110i\u1ec3m Pixel O46A v\u00e0 O46B ho\u1ea1t \u0111\u1ed9ng \u1ed5n \u0111\u1ecbnh t\u1ea1i c\u1ea3 DC12V v\u00e0 DC24V. \u0110i\u1ec1u n\u00e0y mang l\u1ea1i s\u1ef1 linh ho\u1ea1t cho vi\u1ec7c t\u00edch h\u1ee3p v\u00e0o c\u00e1c d\u1ef1 \u00e1n chi\u1ebfu s\u00e1ng v\u1edbi y\u00eau c\u1ea7u kh\u00e1c nhau. M\u1ed7i b\u00f3ng \u0111\u00e8n ch\u1ec9 ti\u00eau th\u1ee5 1.4W n\u0103ng l\u01b0\u1ee3ng, gi\u00fap ti\u1ebft ki\u1ec7m \u0111i\u1ec7n n\u0103ng m\u00e0 v\u1eabn \u0111\u1ea3m b\u1ea3o hi\u1ec7u su\u1ea5t \u00e1nh s\u00e1ng t\u1ed1t nh\u1ea5t.<\/span><\/p>\n<p style=\"text-align: justify;\"><span style=\"font-size: 14pt;\">V\u1edbi ch\u1ebf \u0111\u1ed9 hi\u1ec3n th\u1ecb RGB, \u0110\u00e8n LED \u0110i\u1ec3m Pixel O46A\/O46B th\u1ef1c s\u1ef1 l\u00e0 m\u1ed9t t\u00e1c ph\u1ea9m ngh\u1ec7 thu\u1eadt \u00e1nh s\u00e1ng. Kh\u1ea3 n\u0103ng k\u1ebft h\u1ee3p c\u00e1c m\u00e0u s\u1eafc c\u01a1 b\u1ea3n \u0111\u1ec3 t\u1ea1o ra h\u00e0ng lo\u1ea1t m\u00e0u s\u1eafc phong ph\u00fa, t\u01b0\u01a1i s\u00e1ng, v\u00e0 s\u1ed1ng \u0111\u1ed9ng, s\u1ea3n ph\u1ea9m n\u00e0y th\u00edch nghi t\u1ed1t trong c\u00e1c \u1ee9ng d\u1ee5ng trang tr\u00ed n\u1ed9i th\u1ea5t, ngo\u1ea1i th\u1ea5t v\u00e0 c\u1ea3nh quan.<\/span><\/p>\n<p style=\"text-align: justify;\"><span style=\"font-size: 14pt;\">V\u1edbi lo\u1ea1i \u0111\u00e8n 3535RGB, m\u1ed7i b\u00f3ng \u0111\u00e8n ch\u1ee9a s\u1eb5n chip LED \u0111\u1ecf, xanh v\u00e0 l\u1ee5c, cho ph\u00e9p t\u1ea1o ra hi\u1ec7u \u1ee9ng \u00e1nh s\u00e1ng \u0111a d\u1ea1ng. \u0110i\u1ec1u khi\u1ec3n th\u00f4ng qua giao di\u1ec7n SPI mang l\u1ea1i kh\u1ea3 n\u0103ng t\u00f9y ch\u1ec9nh linh ho\u1ea1t, cho ph\u00e9p b\u1ea1n th\u1ec3 hi\u1ec7n s\u1ef1 s\u00e1ng t\u1ea1o v\u00e0 t\u1ea1o ra c\u00e1c hi\u1ec7u \u1ee9ng \u00e1nh s\u00e1ng \u0111\u1ed9c \u0111\u00e1o.<\/span><\/p>\n<p style=\"text-align: justify;\"><span style=\"font-size: 14pt;\">V\u1edbi v\u1ecf \u0111\u00e8n b\u1eb1ng polycarbonate (PC) ch\u1ea5t l\u01b0\u1ee3ng cao, s\u1ea3n ph\u1ea9m kh\u00f4ng ch\u1ec9 ch\u1eafc ch\u1eafn v\u00e0 b\u1ec1n b\u1ec9 m\u00e0 c\u00f2n c\u00f3 kh\u1ea3 n\u0103ng ch\u1ed1ng n\u01b0\u1edbc t\u1ed1t, ph\u00f9 h\u1ee3p v\u1edbi c\u1ea3 m\u00f4i tr\u01b0\u1eddng b\u00ean ngo\u00e0i. Ch\u1ea5t li\u1ec7u d\u00e2y \u0111i\u1ec7n PVC k\u1ebft h\u1ee3p v\u1edbi \u0111\u1ed3ng gi\u00fap t\u1ed1i \u01b0u h\u00f3a truy\u1ec1n t\u1ea3i d\u1eef li\u1ec7u v\u00e0 \u0111i\u1ec7n n\u0103ng, \u0111\u1ea3m b\u1ea3o hi\u1ec7u su\u1ea5t \u1ed5n \u0111\u1ecbnh v\u00e0 an to\u00e0n.<\/span><\/p>\n<p style=\"text-align: justify;\"><span style=\"font-size: 14pt;\">\u0110\u00e8n LED \u0110i\u1ec3m Pixel O46A v\u00e0 O46B kh\u00f4ng ch\u1ec9 l\u00e0 m\u1ed9t s\u1ea3n ph\u1ea9m chi\u1ebfu s\u00e1ng, m\u00e0 c\u00f2n l\u00e0 m\u1ed9t t\u00e1c ph\u1ea9m ngh\u1ec7 thu\u1eadt th\u1ec3 hi\u1ec7n s\u1ef1 tinh t\u1ebf v\u00e0 \u0111a d\u1ea1ng c\u1ee7a \u00e1nh s\u00e1ng v\u00e0 m\u00e0u s\u1eafc. V\u1edbi hi\u1ec7u su\u1ea5t \u0111\u00e1ng tin c\u1eady, kh\u1ea3 n\u0103ng t\u1ea1o m\u00e0u \u1ea5n t\u01b0\u1ee3ng v\u00e0 thi\u1ebft k\u1ebf \u0111\u1eb3ng c\u1ea5p, s\u1ea3n ph\u1ea9m n\u00e0y \u0111\u00e1p \u1ee9ng t\u1ed1t nhu c\u1ea7u trang tr\u00ed v\u00e0 chi\u1ebfu s\u00e1ng trong nhi\u1ec1u kh\u00f4ng gian kh\u00e1c nhau.<\/span><\/p>\n<p>&nbsp;<\/p>\n<p style=\"text-align: justify;\"><span style=\"font-size: 14pt;\"><a href=\"https:\/\/vilight.vn\/website\/wp-content\/uploads\/2023\/08\/O46B.jpg\"><img decoding=\"async\" class=\"aligncenter wp-image-4400 size-full lazyload\" data-src=\"https:\/\/vilight.vn\/website\/wp-content\/uploads\/2023\/08\/O46B.jpg\" alt=\"\u0110\u00e8n Led \u0111i\u1ec3m Pixel VL O46A - O46B\" width=\"1200\" height=\"241\" data-srcset=\"https:\/\/vilight.vn\/website\/wp-content\/uploads\/2023\/08\/O46B.jpg 1200w, https:\/\/vilight.vn\/website\/wp-content\/uploads\/2023\/08\/O46B-800x161.jpg 800w, https:\/\/vilight.vn\/website\/wp-content\/uploads\/2023\/08\/O46B-300x60.jpg 300w, https:\/\/vilight.vn\/website\/wp-content\/uploads\/2023\/08\/O46B-1024x206.jpg 1024w, https:\/\/vilight.vn\/website\/wp-content\/uploads\/2023\/08\/O46B-768x154.jpg 768w, https:\/\/vilight.vn\/website\/wp-content\/uploads\/2023\/08\/O46B-150x30.jpg 150w, https:\/\/vilight.vn\/website\/wp-content\/uploads\/2023\/08\/O46B-480x96.jpg 480w\" data-sizes=\"(max-width:767px) 480px, (max-width:1200px) 100vw, 1200px\" src=\"data:image\/svg+xml;base64,PHN2ZyB3aWR0aD0iMSIgaGVpZ2h0PSIxIiB4bWxucz0iaHR0cDovL3d3dy53My5vcmcvMjAwMC9zdmciPjwvc3ZnPg==\" style=\"--smush-placeholder-width: 1200px; --smush-placeholder-aspect-ratio: 1200\/241;\" \/><\/a><\/span><\/p>\n<p><span style=\"font-size: 14pt;\">M\u1ed9t s\u1ed1 m\u1eabu \u0111\u00e8n chuy\u00ean d\u00f9ng trong trang tr\u00ed chi\u1ebfu s\u00e1ng trang tr\u00ed l\u1ec5 h\u1ed9i b\u1ea1n c\u00f3 th\u1ec3 tham kh\u1ea3o <a href=\"https:\/\/vilight.vn\/website\/danh-muc-san-pham\/den-led-pixel\/trang-tri\/\">t\u1ea1i \u0111\u00e2y\u00a0<\/a><\/span><\/p>\n","protected":false},"excerpt":{"rendered":"<p style=\"text-align: justify;\"><span style=\"font-size: 14pt;\">Kh\u00e1m ph\u00e1 \u0110\u00e8n LED \u0111i\u1ec3m Pixel O46A\/O46B &#8211; C\u00f4ng su\u1ea5t 1.4W, hi\u1ec3n th\u1ecb RGB t\u01b0\u01a1i s\u00e1ng, \u0111i\u1ec1u khi\u1ec3n SPI linh ho\u1ea1t. Th\u00eam m\u00e0u s\u1eafc s\u1ed1ng \u0111\u1ed9ng v\u00e0o m\u1ecdi kh\u00f4ng gian v\u1edbi thi\u1ebft k\u1ebf b\u1ec1n b\u1ec9 v\u00e0 ch\u1ea5t l\u01b0\u1ee3ng cao.<\/span><\/p>\n","protected":false},"featured_media":4401,"template":"","meta":[],"product_brand":[],"product_cat":[77,313,627],"product_tag":[],"class_list":{"0":"post-4399","1":"product","2":"type-product","3":"status-publish","4":"has-post-thumbnail","6":"product_cat-den-led-pixel","7":"product_cat-trang-tri","8":"product_cat-o-series","10":"first","11":"instock","12":"taxable","13":"shipping-taxable","14":"product-type-simple"},"yoast_head":"<!-- This site is optimized with the Yoast SEO Premium plugin v27.4 (Yoast SEO v27.4) - https:\/\/yoast.com\/product\/yoast-seo-premium-wordpress\/ -->\n<title>\u0110\u00e8n LED \u0111i\u1ec3m Pixel VL O46A - O46B - Vilight Co.ltd<\/title>\n<meta name=\"description\" content=\"\u0110\u00e8n LED \u0111i\u1ec3m Pixel O46A\/O46B - C\u00f4ng su\u1ea5t 1.4W, hi\u1ec3n th\u1ecb RGB t\u01b0\u01a1i s\u00e1ng, \u0111i\u1ec1u khi\u1ec3n SPI linh ho\u1ea1t. Th\u00eam m\u00e0u s\u1eafc s\u1ed1ng \u0111\u1ed9ng v\u00e0o m\u1ecdi kh\u00f4ng gian.\" \/>\n<meta name=\"robots\" content=\"index, follow, max-snippet:-1, max-image-preview:large, max-video-preview:-1\" \/>\n<link rel=\"canonical\" href=\"https:\/\/vilight.vn\/website\/san-pham\/den-led-pixel\/den-led-diem-pixel-o46a-o46b\/\" \/>\n<meta property=\"og:locale\" content=\"vi_VN\" \/>\n<meta property=\"og:type\" content=\"article\" \/>\n<meta property=\"og:title\" content=\"\u0110\u00e8n LED \u0111i\u1ec3m Pixel VL O46A - O46B\" \/>\n<meta property=\"og:description\" content=\"Kh\u00e1m ph\u00e1 \u0110\u00e8n LED \u0111i\u1ec3m Pixel O46A\/O46B - C\u00f4ng su\u1ea5t 1.4W, hi\u1ec3n th\u1ecb RGB t\u01b0\u01a1i s\u00e1ng, \u0111i\u1ec1u khi\u1ec3n SPI linh ho\u1ea1t. Th\u00eam m\u00e0u s\u1eafc s\u1ed1ng \u0111\u1ed9ng v\u00e0o m\u1ecdi kh\u00f4ng gian v\u1edbi thi\u1ebft k\u1ebf b\u1ec1n b\u1ec9 v\u00e0 ch\u1ea5t l\u01b0\u1ee3ng cao.\" \/>\n<meta property=\"og:url\" content=\"https:\/\/vilight.vn\/website\/san-pham\/den-led-pixel\/den-led-diem-pixel-o46a-o46b\/\" \/>\n<meta property=\"og:site_name\" content=\"Vilight Co.ltd\" \/>\n<meta property=\"article:publisher\" content=\"http:\/\/facebook.com\/vilight.vn\" \/>\n<meta property=\"article:modified_time\" content=\"2024-10-01T07:00:14+00:00\" \/>\n<meta property=\"og:image\" content=\"https:\/\/vilight.vn\/website\/wp-content\/uploads\/2023\/08\/o46A.jpg\" \/>\n\t<meta property=\"og:image:width\" content=\"600\" \/>\n\t<meta property=\"og:image:height\" content=\"600\" \/>\n\t<meta property=\"og:image:type\" content=\"image\/jpeg\" \/>\n<meta name=\"twitter:card\" content=\"summary_large_image\" \/>\n<meta name=\"twitter:label1\" content=\"Gi\u00e1\" \/>\n\t<meta name=\"twitter:data1\" content=\"\" \/>\n\t<meta name=\"twitter:label2\" content=\"Kh\u1ea3 d\u1ee5ng\" \/>\n\t<meta name=\"twitter:data2\" content=\"Trong kho\" \/>\n<script type=\"application\/ld+json\" class=\"yoast-schema-graph\">{\"@context\":\"https:\\\/\\\/schema.org\",\"@graph\":[{\"@type\":\"WebPage\",\"@id\":\"https:\\\/\\\/vilight.vn\\\/website\\\/san-pham\\\/den-led-pixel\\\/den-led-diem-pixel-o46a-o46b\\\/\",\"url\":\"https:\\\/\\\/vilight.vn\\\/website\\\/san-pham\\\/den-led-pixel\\\/den-led-diem-pixel-o46a-o46b\\\/\",\"name\":\"\u0110\u00e8n LED \u0111i\u1ec3m Pixel VL O46A - O46B - Vilight Co.ltd\",\"isPartOf\":{\"@id\":\"https:\\\/\\\/vilight.vn\\\/website\\\/#website\"},\"primaryImageOfPage\":{\"@id\":\"https:\\\/\\\/vilight.vn\\\/website\\\/san-pham\\\/den-led-pixel\\\/den-led-diem-pixel-o46a-o46b\\\/#primaryimage\"},\"image\":{\"@id\":\"https:\\\/\\\/vilight.vn\\\/website\\\/san-pham\\\/den-led-pixel\\\/den-led-diem-pixel-o46a-o46b\\\/#primaryimage\"},\"thumbnailUrl\":\"https:\\\/\\\/vilight.vn\\\/website\\\/wp-content\\\/uploads\\\/2023\\\/08\\\/o46A.jpg\",\"datePublished\":\"2023-08-18T08:00:18+00:00\",\"dateModified\":\"2024-10-01T07:00:14+00:00\",\"description\":\"\u0110\u00e8n LED \u0111i\u1ec3m Pixel O46A\\\/O46B - C\u00f4ng su\u1ea5t 1.4W, hi\u1ec3n th\u1ecb RGB t\u01b0\u01a1i s\u00e1ng, \u0111i\u1ec1u khi\u1ec3n SPI linh ho\u1ea1t. Th\u00eam m\u00e0u s\u1eafc s\u1ed1ng \u0111\u1ed9ng v\u00e0o m\u1ecdi kh\u00f4ng gian.\",\"breadcrumb\":{\"@id\":\"https:\\\/\\\/vilight.vn\\\/website\\\/san-pham\\\/den-led-pixel\\\/den-led-diem-pixel-o46a-o46b\\\/#breadcrumb\"},\"inLanguage\":\"vi\",\"potentialAction\":[{\"@type\":\"ReadAction\",\"target\":[\"https:\\\/\\\/vilight.vn\\\/website\\\/san-pham\\\/den-led-pixel\\\/den-led-diem-pixel-o46a-o46b\\\/\"]}]},{\"@type\":\"ImageObject\",\"inLanguage\":\"vi\",\"@id\":\"https:\\\/\\\/vilight.vn\\\/website\\\/san-pham\\\/den-led-pixel\\\/den-led-diem-pixel-o46a-o46b\\\/#primaryimage\",\"url\":\"https:\\\/\\\/vilight.vn\\\/website\\\/wp-content\\\/uploads\\\/2023\\\/08\\\/o46A.jpg\",\"contentUrl\":\"https:\\\/\\\/vilight.vn\\\/website\\\/wp-content\\\/uploads\\\/2023\\\/08\\\/o46A.jpg\",\"width\":600,\"height\":600,\"caption\":\"\u0110\u00e8n Led \u0111i\u1ec3m Pixel VL O46A - O46B\"},{\"@type\":\"BreadcrumbList\",\"@id\":\"https:\\\/\\\/vilight.vn\\\/website\\\/san-pham\\\/den-led-pixel\\\/den-led-diem-pixel-o46a-o46b\\\/#breadcrumb\",\"itemListElement\":[{\"@type\":\"ListItem\",\"position\":1,\"name\":\"Home\",\"item\":\"https:\\\/\\\/vilight.vn\\\/website\\\/\"},{\"@type\":\"ListItem\",\"position\":2,\"name\":\"store\",\"item\":\"https:\\\/\\\/vilight.vn\\\/website\\\/store\\\/\"},{\"@type\":\"ListItem\",\"position\":3,\"name\":\"\u0110\u00e8n LED \u0111i\u1ec3m Pixel VL O46A &#8211; O46B\"}]},{\"@type\":\"WebSite\",\"@id\":\"https:\\\/\\\/vilight.vn\\\/website\\\/#website\",\"url\":\"https:\\\/\\\/vilight.vn\\\/website\\\/\",\"name\":\"Vilight Co.ltd\",\"description\":\"Chi\u1ebfu s\u00e1ng m\u1ef9 thu\u1eadt, chi\u1ebfu s\u00e1ng th\u00f4ng minh, LED Pixel 3D, chi\u1ebfu s\u00e1ng trang tr\u00ed \u0111\u00f4 th\u1ecb, chi\u1ebfu s\u00e1ng v\u00f2ng xoay, chi\u1ebfu s\u00e1ng \u0111\u1ea3o giao th\u00f4ng, c\u1ed5ng ch\u00e0o \u0111\u00f4 th\u1ecb\",\"publisher\":{\"@id\":\"https:\\\/\\\/vilight.vn\\\/website\\\/#organization\"},\"potentialAction\":[{\"@type\":\"SearchAction\",\"target\":{\"@type\":\"EntryPoint\",\"urlTemplate\":\"https:\\\/\\\/vilight.vn\\\/website\\\/?s={search_term_string}\"},\"query-input\":{\"@type\":\"PropertyValueSpecification\",\"valueRequired\":true,\"valueName\":\"search_term_string\"}}],\"inLanguage\":\"vi\"},{\"@type\":\"Organization\",\"@id\":\"https:\\\/\\\/vilight.vn\\\/website\\\/#organization\",\"name\":\"Vilight\",\"url\":\"https:\\\/\\\/vilight.vn\\\/website\\\/\",\"logo\":{\"@type\":\"ImageObject\",\"inLanguage\":\"vi\",\"@id\":\"https:\\\/\\\/vilight.vn\\\/website\\\/#\\\/schema\\\/logo\\\/image\\\/\",\"url\":\"https:\\\/\\\/vilight.vn\\\/website\\\/wp-content\\\/uploads\\\/2022\\\/05\\\/chieu_sang_trang_tri_do_thi_bang_den_led_pixel.png\",\"contentUrl\":\"https:\\\/\\\/vilight.vn\\\/website\\\/wp-content\\\/uploads\\\/2022\\\/05\\\/chieu_sang_trang_tri_do_thi_bang_den_led_pixel.png\",\"width\":800,\"height\":427,\"caption\":\"Vilight\"},\"image\":{\"@id\":\"https:\\\/\\\/vilight.vn\\\/website\\\/#\\\/schema\\\/logo\\\/image\\\/\"},\"sameAs\":[\"http:\\\/\\\/facebook.com\\\/vilight.vn\",\"https:\\\/\\\/www.linkedin.com\\\/company\\\/vilight-vn\",\"https:\\\/\\\/www.youtube.com\\\/channel\\\/UCEwR2naeDcuarMX1kSv_rLQ\\\/videos\"]}]}<\/script>\n<meta property=\"product:brand\" content=\"\u0110\u00e8n LED Pixel\" \/>\n<meta property=\"product:price:currency\" content=\"VND\" \/>\n<meta property=\"og:availability\" content=\"instock\" \/>\n<meta property=\"product:availability\" content=\"instock\" \/>\n<meta property=\"product:condition\" content=\"new\" \/>\n<!-- \/ Yoast SEO Premium plugin. -->","yoast_head_json":{"title":"\u0110\u00e8n LED \u0111i\u1ec3m Pixel VL O46A - O46B - Vilight Co.ltd","description":"\u0110\u00e8n LED \u0111i\u1ec3m Pixel O46A\/O46B - C\u00f4ng su\u1ea5t 1.4W, hi\u1ec3n th\u1ecb RGB t\u01b0\u01a1i s\u00e1ng, \u0111i\u1ec1u khi\u1ec3n SPI linh ho\u1ea1t. Th\u00eam m\u00e0u s\u1eafc s\u1ed1ng \u0111\u1ed9ng v\u00e0o m\u1ecdi kh\u00f4ng gian.","robots":{"index":"index","follow":"follow","max-snippet":"max-snippet:-1","max-image-preview":"max-image-preview:large","max-video-preview":"max-video-preview:-1"},"canonical":"https:\/\/vilight.vn\/website\/san-pham\/den-led-pixel\/den-led-diem-pixel-o46a-o46b\/","og_locale":"vi_VN","og_type":"article","og_title":"\u0110\u00e8n LED \u0111i\u1ec3m Pixel VL O46A - O46B","og_description":"Kh\u00e1m ph\u00e1 \u0110\u00e8n LED \u0111i\u1ec3m Pixel O46A\/O46B - C\u00f4ng su\u1ea5t 1.4W, hi\u1ec3n th\u1ecb RGB t\u01b0\u01a1i s\u00e1ng, \u0111i\u1ec1u khi\u1ec3n SPI linh ho\u1ea1t. Th\u00eam m\u00e0u s\u1eafc s\u1ed1ng \u0111\u1ed9ng v\u00e0o m\u1ecdi kh\u00f4ng gian v\u1edbi thi\u1ebft k\u1ebf b\u1ec1n b\u1ec9 v\u00e0 ch\u1ea5t l\u01b0\u1ee3ng cao.","og_url":"https:\/\/vilight.vn\/website\/san-pham\/den-led-pixel\/den-led-diem-pixel-o46a-o46b\/","og_site_name":"Vilight Co.ltd","article_publisher":"http:\/\/facebook.com\/vilight.vn","article_modified_time":"2024-10-01T07:00:14+00:00","og_image":[{"width":600,"height":600,"url":"https:\/\/vilight.vn\/website\/wp-content\/uploads\/2023\/08\/o46A.jpg","type":"image\/jpeg"}],"twitter_card":"summary_large_image","twitter_misc":{"Gi\u00e1":"","Kh\u1ea3 d\u1ee5ng":"Trong kho"},"schema":{"@context":"https:\/\/schema.org","@graph":[{"@type":"WebPage","@id":"https:\/\/vilight.vn\/website\/san-pham\/den-led-pixel\/den-led-diem-pixel-o46a-o46b\/","url":"https:\/\/vilight.vn\/website\/san-pham\/den-led-pixel\/den-led-diem-pixel-o46a-o46b\/","name":"\u0110\u00e8n LED \u0111i\u1ec3m Pixel VL O46A - O46B - Vilight Co.ltd","isPartOf":{"@id":"https:\/\/vilight.vn\/website\/#website"},"primaryImageOfPage":{"@id":"https:\/\/vilight.vn\/website\/san-pham\/den-led-pixel\/den-led-diem-pixel-o46a-o46b\/#primaryimage"},"image":{"@id":"https:\/\/vilight.vn\/website\/san-pham\/den-led-pixel\/den-led-diem-pixel-o46a-o46b\/#primaryimage"},"thumbnailUrl":"https:\/\/vilight.vn\/website\/wp-content\/uploads\/2023\/08\/o46A.jpg","datePublished":"2023-08-18T08:00:18+00:00","dateModified":"2024-10-01T07:00:14+00:00","description":"\u0110\u00e8n LED \u0111i\u1ec3m Pixel O46A\/O46B - C\u00f4ng su\u1ea5t 1.4W, hi\u1ec3n th\u1ecb RGB t\u01b0\u01a1i s\u00e1ng, \u0111i\u1ec1u khi\u1ec3n SPI linh ho\u1ea1t. Th\u00eam m\u00e0u s\u1eafc s\u1ed1ng \u0111\u1ed9ng v\u00e0o m\u1ecdi kh\u00f4ng gian.","breadcrumb":{"@id":"https:\/\/vilight.vn\/website\/san-pham\/den-led-pixel\/den-led-diem-pixel-o46a-o46b\/#breadcrumb"},"inLanguage":"vi","potentialAction":[{"@type":"ReadAction","target":["https:\/\/vilight.vn\/website\/san-pham\/den-led-pixel\/den-led-diem-pixel-o46a-o46b\/"]}]},{"@type":"ImageObject","inLanguage":"vi","@id":"https:\/\/vilight.vn\/website\/san-pham\/den-led-pixel\/den-led-diem-pixel-o46a-o46b\/#primaryimage","url":"https:\/\/vilight.vn\/website\/wp-content\/uploads\/2023\/08\/o46A.jpg","contentUrl":"https:\/\/vilight.vn\/website\/wp-content\/uploads\/2023\/08\/o46A.jpg","width":600,"height":600,"caption":"\u0110\u00e8n Led \u0111i\u1ec3m Pixel VL O46A - O46B"},{"@type":"BreadcrumbList","@id":"https:\/\/vilight.vn\/website\/san-pham\/den-led-pixel\/den-led-diem-pixel-o46a-o46b\/#breadcrumb","itemListElement":[{"@type":"ListItem","position":1,"name":"Home","item":"https:\/\/vilight.vn\/website\/"},{"@type":"ListItem","position":2,"name":"store","item":"https:\/\/vilight.vn\/website\/store\/"},{"@type":"ListItem","position":3,"name":"\u0110\u00e8n LED \u0111i\u1ec3m Pixel VL O46A &#8211; O46B"}]},{"@type":"WebSite","@id":"https:\/\/vilight.vn\/website\/#website","url":"https:\/\/vilight.vn\/website\/","name":"Vilight Co.ltd","description":"Chi\u1ebfu s\u00e1ng m\u1ef9 thu\u1eadt, chi\u1ebfu s\u00e1ng th\u00f4ng minh, LED Pixel 3D, chi\u1ebfu s\u00e1ng trang tr\u00ed \u0111\u00f4 th\u1ecb, chi\u1ebfu s\u00e1ng v\u00f2ng xoay, chi\u1ebfu s\u00e1ng \u0111\u1ea3o giao th\u00f4ng, c\u1ed5ng ch\u00e0o \u0111\u00f4 th\u1ecb","publisher":{"@id":"https:\/\/vilight.vn\/website\/#organization"},"potentialAction":[{"@type":"SearchAction","target":{"@type":"EntryPoint","urlTemplate":"https:\/\/vilight.vn\/website\/?s={search_term_string}"},"query-input":{"@type":"PropertyValueSpecification","valueRequired":true,"valueName":"search_term_string"}}],"inLanguage":"vi"},{"@type":"Organization","@id":"https:\/\/vilight.vn\/website\/#organization","name":"Vilight","url":"https:\/\/vilight.vn\/website\/","logo":{"@type":"ImageObject","inLanguage":"vi","@id":"https:\/\/vilight.vn\/website\/#\/schema\/logo\/image\/","url":"https:\/\/vilight.vn\/website\/wp-content\/uploads\/2022\/05\/chieu_sang_trang_tri_do_thi_bang_den_led_pixel.png","contentUrl":"https:\/\/vilight.vn\/website\/wp-content\/uploads\/2022\/05\/chieu_sang_trang_tri_do_thi_bang_den_led_pixel.png","width":800,"height":427,"caption":"Vilight"},"image":{"@id":"https:\/\/vilight.vn\/website\/#\/schema\/logo\/image\/"},"sameAs":["http:\/\/facebook.com\/vilight.vn","https:\/\/www.linkedin.com\/company\/vilight-vn","https:\/\/www.youtube.com\/channel\/UCEwR2naeDcuarMX1kSv_rLQ\/videos"]}]},"product_brand":"\u0110\u00e8n LED Pixel","product_price_currency":"VND","og_availability":"instock","product_availability":"instock","product_condition":"new"},"_links":{"self":[{"href":"https:\/\/vilight.vn\/website\/wp-json\/wp\/v2\/product\/4399","targetHints":{"allow":["GET"]}}],"collection":[{"href":"https:\/\/vilight.vn\/website\/wp-json\/wp\/v2\/product"}],"about":[{"href":"https:\/\/vilight.vn\/website\/wp-json\/wp\/v2\/types\/product"}],"wp:featuredmedia":[{"embeddable":true,"href":"https:\/\/vilight.vn\/website\/wp-json\/wp\/v2\/media\/4401"}],"wp:attachment":[{"href":"https:\/\/vilight.vn\/website\/wp-json\/wp\/v2\/media?parent=4399"}],"wp:term":[{"taxonomy":"product_brand","embeddable":true,"href":"https:\/\/vilight.vn\/website\/wp-json\/wp\/v2\/product_brand?post=4399"},{"taxonomy":"product_cat","embeddable":true,"href":"https:\/\/vilight.vn\/website\/wp-json\/wp\/v2\/product_cat?post=4399"},{"taxonomy":"product_tag","embeddable":true,"href":"https:\/\/vilight.vn\/website\/wp-json\/wp\/v2\/product_tag?post=4399"}],"curies":[{"name":"wp","href":"https:\/\/api.w.org\/{rel}","templated":true}]}}