{"id":4406,"date":"2023-08-18T15:06:40","date_gmt":"2023-08-18T08:06:40","guid":{"rendered":"https:\/\/vilight.vn\/website\/?post_type=product&#038;p=4406"},"modified":"2024-10-01T14:17:03","modified_gmt":"2024-10-01T07:17:03","slug":"den-led-diem-pixel-o30a-o30b","status":"publish","type":"product","link":"https:\/\/vilight.vn\/website\/san-pham\/den-led-pixel\/den-led-diem-pixel-o30a-o30b\/","title":{"rendered":"\u0110\u00e8n LED \u0111i\u1ec3m Pixel VL O30A &#8211; O30B"},"content":{"rendered":"<h2 style=\"text-align: justify;\"><span style=\"font-size: 18pt;\">\u0110\u00e8n Led \u0111i\u1ec3m Pixel VL O30A &#8211; O30B &#8211; S\u1ef1 K\u1ebft H\u1ee3p Ho\u00e0n H\u1ea3o Gi\u1eefa \u00c1nh S\u00e1ng v\u00e0 S\u00e1ng T\u1ea1o.\u00a0<\/span><\/h2>\n<p style=\"text-align: justify;\"><span style=\"font-size: 14pt;\">B\u1ea1n \u0111ang t\u00ecm ki\u1ebfm gi\u1ea3i ph\u00e1p \u00e1nh s\u00e1ng \u0111\u1ed9c \u0111\u00e1o \u0111\u1ec3 t\u1ea1o n\u00ean kh\u00f4ng gian s\u1ed1ng v\u00e0 l\u00e0m vi\u1ec7c th\u00fa v\u1ecb h\u01a1n? \u0110\u00e8n LED \u0111i\u1ec3m Pixel O30A v\u00e0 O30B ch\u1eafc ch\u1eafn l\u00e0 s\u1ef1 l\u1ef1a ch\u1ecdn tuy\u1ec7t v\u1eddi \u0111\u1ec3 mang \u0111\u1ebfn kh\u00f4ng gian \u00e1nh s\u00e1ng \u0111a d\u1ea1ng v\u00e0 s\u00e1ng t\u1ea1o. V\u1edbi c\u00e1c th\u00f4ng s\u1ed1 k\u1ef9 thu\u1eadt c\u1ee5 th\u1ec3 d\u01b0\u1edbi \u0111\u00e2y, s\u1ea3n ph\u1ea9m n\u00e0y h\u1ee9a h\u1eb9n \u0111em \u0111\u1ebfn cho b\u1ea1n nh\u1eefng tr\u1ea3i nghi\u1ec7m \u00e1nh s\u00e1ng \u0111\u1ed9c \u0111\u00e1o v\u00e0 \u1ea5n t\u01b0\u1ee3ng.S\u1ea3n ph\u1ea9m ph\u00f9 h\u1ee3p \u0111\u1ec3 s\u1eed d\u1ee5ng cho c\u00e1c c\u00f4ng tr\u00ecnh chi\u1ebfu s\u00e1ng trang tr\u00ed l\u1ec5 h\u1ed9i, chi\u1ebfu s\u00e1ng trang tr\u00ed cho c\u00e1c c\u00f4ng tr\u00ecnh c\u00f4ng c\u1ed9ng v\u00e0 nhi\u1ec1u \u1ee9ng d\u1ee5ng th\u1ef1c ti\u1ec5n trong cu\u1ed9c s\u1ed1ng.\u00a0<\/span><\/p>\n<p style=\"text-align: justify;\"><span style=\"font-size: 14pt;\">1. \u0110a d\u1ea1ng m\u00e0u s\u1eafc v\u1edbi c\u00f4ng ngh\u1ec7 RGB<\/span><br \/>\n<span style=\"font-size: 14pt;\">\u0110\u00e8n LED \u0111i\u1ec3m O30A\/O30B mang trong m\u00ecnh kh\u1ea3 n\u0103ng hi\u1ec3n th\u1ecb \u0111a d\u1ea1ng m\u00e0u s\u1eafc th\u00f4ng qua c\u00f4ng ngh\u1ec7 RGB (\u0111\u1ecf, xanh l\u00e1 c\u00e2y v\u00e0 xanh lam). B\u1ea1n c\u00f3 th\u1ec3 d\u1ec5 d\u00e0ng t\u1ea1o ra c\u00e1c hi\u1ec7u \u1ee9ng \u00e1nh s\u00e1ng t\u00f9y ch\u1ec9nh, thay \u0111\u1ed5i m\u00e0u s\u1eafc theo mong mu\u1ed1n \u0111\u1ec3 ph\u00f9 h\u1ee3p v\u1edbi m\u1ecdi t\u00ecnh hu\u1ed1ng v\u00e0 kh\u00f4ng gian.<\/span><\/p>\n<p style=\"text-align: justify;\"><span style=\"font-size: 14pt;\">2. Hi\u1ec7u su\u1ea5t n\u0103ng l\u01b0\u1ee3ng v\u01b0\u1ee3t tr\u1ed9i<\/span><br \/>\n<span style=\"font-size: 14pt;\">V\u1edbi \u0111\u1ed9 ho\u00e0n thi\u1ec7n cao, \u0111\u00e8n LED \u0111i\u1ec3m Pixel O30A\/O30B ti\u1ebft ki\u1ec7m n\u0103ng l\u01b0\u1ee3ng \u0111\u00e1ng k\u1ec3. V\u1edbi c\u00f4ng su\u1ea5t ch\u1ec9 0.7W, s\u1ea3n ph\u1ea9m n\u00e0y kh\u00f4ng ch\u1ec9 gi\u00fap b\u1ea1n ti\u1ebft ki\u1ec7m \u0111i\u1ec7n n\u0103ng m\u00e0 c\u00f2n gi\u1ea3m thi\u1ec3u t\u00e1c \u0111\u1ed9ng \u0111\u1ebfn m\u00f4i tr\u01b0\u1eddng.<\/span><\/p>\n<p style=\"text-align: justify;\"><span style=\"font-size: 14pt;\">3. Ki\u1ec3m so\u00e1t linh ho\u1ea1t th\u00f4ng qua giao th\u1ee9c SPI<\/span><br \/>\n<span style=\"font-size: 14pt;\">Giao th\u1ee9c truy\u1ec1n th\u00f4ng SPI cho ph\u00e9p b\u1ea1n ho\u00e0n to\u00e0n ki\u1ec3m so\u00e1t c\u00e1c \u0111\u00e8n LED \u0111i\u1ec3m Pixel. T\u00f9y ch\u1ec9nh m\u00e0u s\u1eafc, \u0111\u1ed9 s\u00e1ng v\u00e0 hi\u1ec7u \u1ee9ng \u00e1nh s\u00e1ng tr\u1edf n\u00ean d\u1ec5 d\u00e0ng h\u01a1n bao gi\u1edd h\u1ebft, gi\u00fap b\u1ea1n t\u1ea1o ra nh\u1eefng tr\u1ea3i nghi\u1ec7m \u00e1nh s\u00e1ng \u0111\u1ed9c \u0111\u00e1o v\u00e0 t\u01b0\u01a1ng th\u00edch v\u1edbi \u00fd t\u01b0\u1edfng s\u00e1ng t\u1ea1o c\u1ee7a b\u1ea1n.<\/span><\/p>\n<p style=\"text-align: justify;\"><span style=\"font-size: 14pt;\">4. V\u1eadt li\u1ec7u ch\u1ea5t l\u01b0\u1ee3ng v\u00e0 thi\u1ebft k\u1ebf b\u1ec1n b\u1ec9<\/span><br \/>\n<span style=\"font-size: 14pt;\">V\u1edbi v\u1ecf \u0111\u00e8n l\u00e0m t\u1eeb ch\u1ea5t li\u1ec7u PC (polycarbonate), \u0111\u00e8n LED \u0111i\u1ec3m Pixel O30A\/O30B \u0111\u1ea3m b\u1ea3o \u0111\u1ed9 b\u1ec1n cao v\u00e0 kh\u1ea3 n\u0103ng ch\u1ecbu nhi\u1ec7t t\u1ed1t. V\u1eadt li\u1ec7u d\u00e2y PVC k\u1ebft h\u1ee3p v\u1edbi \u0111\u1ed3ng gi\u00fap \u0111\u1ea3m b\u1ea3o s\u1ef1 \u1ed5n \u0111\u1ecbnh trong vi\u1ec7c truy\u1ec1n t\u1ea3i t\u00edn hi\u1ec7u, \u0111\u1ed3ng th\u1eddi gi\u1ea3m thi\u1ec3u nguy c\u01a1 h\u1ecfng h\u00f3c.<\/span><\/p>\n<p style=\"text-align: justify;\"><span style=\"font-size: 14pt;\">Kh\u00f4ng ch\u1ec9 l\u00e0 ngu\u1ed3n \u00e1nh s\u00e1ng m\u00e0 c\u00f2n l\u00e0 m\u1ed9t t\u00e1c ph\u1ea9m ngh\u1ec7 thu\u1eadt, \u0111\u00e8n LED \u0111i\u1ec3m Pixel O30A\/O30B s\u1ebd ch\u1eafc ch\u1eafn l\u00e0 \u0111i\u1ec3m nh\u1ea5n t\u1ea1o n\u00ean kh\u00f4ng gian \u0111\u1ed9c \u0111\u00e1o v\u00e0 phong c\u00e1ch. \u0110\u1ebfn v\u1edbi ch\u00fang t\u00f4i v\u00e0 kh\u00e1m ph\u00e1 th\u00eam v\u1ec1 s\u1ea3n ph\u1ea9m n\u00e0y \u0111\u1ec3 bi\u1ebft th\u00eam c\u00e1ch n\u00f3 c\u00f3 th\u1ec3 thay \u0111\u1ed5i v\u00e0 l\u00e0m m\u1edbi m\u1ecdi kh\u00f4ng gian b\u1ea1n \u01b0a th\u00edch.<\/span><\/p>\n<p>&nbsp;<\/p>\n<p style=\"text-align: justify;\"><span style=\"font-size: 14pt;\"><a href=\"https:\/\/vilight.vn\/website\/wp-content\/uploads\/2023\/08\/O30B.jpg\"><img decoding=\"async\" class=\"size-full wp-image-4407 lazyload\" data-src=\"https:\/\/vilight.vn\/website\/wp-content\/uploads\/2023\/08\/O30B.jpg\" alt=\"O30A\" width=\"1200\" height=\"232\" data-srcset=\"https:\/\/vilight.vn\/website\/wp-content\/uploads\/2023\/08\/O30B.jpg 1200w, https:\/\/vilight.vn\/website\/wp-content\/uploads\/2023\/08\/O30B-800x155.jpg 800w, https:\/\/vilight.vn\/website\/wp-content\/uploads\/2023\/08\/O30B-300x58.jpg 300w, https:\/\/vilight.vn\/website\/wp-content\/uploads\/2023\/08\/O30B-1024x198.jpg 1024w, https:\/\/vilight.vn\/website\/wp-content\/uploads\/2023\/08\/O30B-768x148.jpg 768w, https:\/\/vilight.vn\/website\/wp-content\/uploads\/2023\/08\/O30B-150x29.jpg 150w, https:\/\/vilight.vn\/website\/wp-content\/uploads\/2023\/08\/O30B-480x93.jpg 480w\" data-sizes=\"(max-width:767px) 480px, (max-width:1200px) 100vw, 1200px\" src=\"data:image\/svg+xml;base64,PHN2ZyB3aWR0aD0iMSIgaGVpZ2h0PSIxIiB4bWxucz0iaHR0cDovL3d3dy53My5vcmcvMjAwMC9zdmciPjwvc3ZnPg==\" style=\"--smush-placeholder-width: 1200px; --smush-placeholder-aspect-ratio: 1200\/232;\" \/><\/a><\/span><\/p>\n<p><span style=\"font-size: 14pt;\">M\u1ed9t s\u1ed1 m\u1eabu \u0111\u00e8n chuy\u00ean d\u00f9ng trong trang tr\u00ed chi\u1ebfu s\u00e1ng trang tr\u00ed l\u1ec5 h\u1ed9i b\u1ea1n c\u00f3 th\u1ec3 tham kh\u1ea3o <a href=\"https:\/\/vilight.vn\/website\/danh-muc-san-pham\/den-led-pixel\/trang-tri\/\">t\u1ea1i \u0111\u00e2y\u00a0<\/a><\/span><\/p>\n","protected":false},"excerpt":{"rendered":"<p style=\"text-align: justify;\"><span style=\"font-size: 14pt;\">Kh\u00e1m ph\u00e1 s\u1ef1 k\u1ebft h\u1ee3p tuy\u1ec7t v\u1eddi gi\u1eefa \u00e1nh s\u00e1ng v\u00e0 s\u00e1ng t\u1ea1o v\u1edbi \u0111\u00e8n LED \u0111i\u1ec3m Pixel O30A\/O30B. \u0110a d\u1ea1ng m\u00e0u s\u1eafc RGB, ki\u1ec3m so\u00e1t SPI linh ho\u1ea1t, thi\u1ebft k\u1ebf b\u1ec1n b\u1ec9.<\/span><\/p>\n","protected":false},"featured_media":4408,"template":"","meta":[],"product_brand":[],"product_cat":[77,313,627],"product_tag":[],"class_list":{"0":"post-4406","1":"product","2":"type-product","3":"status-publish","4":"has-post-thumbnail","6":"product_cat-den-led-pixel","7":"product_cat-trang-tri","8":"product_cat-o-series","10":"first","11":"instock","12":"taxable","13":"shipping-taxable","14":"product-type-simple"},"yoast_head":"<!-- This site is optimized with the Yoast SEO Premium plugin v27.4 (Yoast SEO v27.4) - https:\/\/yoast.com\/product\/yoast-seo-premium-wordpress\/ -->\n<title>\u0110\u00e8n LED \u0111i\u1ec3m Pixel VL O30A - O30B - Vilight Co.ltd<\/title>\n<meta name=\"description\" content=\"S\u1ef1 k\u1ebft h\u1ee3p tuy\u1ec7t v\u1eddi gi\u1eefa \u00e1nh s\u00e1ng v\u00e0 s\u00e1ng t\u1ea1o v\u1edbi \u0111\u00e8n LED \u0111i\u1ec3m Pixel 0.7W O30A\/O30B. \u0110a d\u1ea1ng m\u00e0u s\u1eafc RGB, ki\u1ec3m so\u00e1t SPI linh ho\u1ea1t, thi\u1ebft k\u1ebf b\u1ec1n b\u1ec9.\" \/>\n<meta name=\"robots\" content=\"index, follow, max-snippet:-1, max-image-preview:large, max-video-preview:-1\" \/>\n<link rel=\"canonical\" href=\"https:\/\/vilight.vn\/website\/san-pham\/den-led-pixel\/den-led-diem-pixel-o30a-o30b\/\" \/>\n<meta property=\"og:locale\" content=\"vi_VN\" \/>\n<meta property=\"og:type\" content=\"article\" \/>\n<meta property=\"og:title\" content=\"\u0110\u00e8n LED \u0111i\u1ec3m Pixel VL O30A - O30B\" \/>\n<meta property=\"og:description\" content=\"Kh\u00e1m ph\u00e1 s\u1ef1 k\u1ebft h\u1ee3p tuy\u1ec7t v\u1eddi gi\u1eefa \u00e1nh s\u00e1ng v\u00e0 s\u00e1ng t\u1ea1o v\u1edbi \u0111\u00e8n LED \u0111i\u1ec3m Pixel O30A\/O30B. \u0110a d\u1ea1ng m\u00e0u s\u1eafc RGB, ki\u1ec3m so\u00e1t SPI linh ho\u1ea1t, thi\u1ebft k\u1ebf b\u1ec1n b\u1ec9.\" \/>\n<meta property=\"og:url\" content=\"https:\/\/vilight.vn\/website\/san-pham\/den-led-pixel\/den-led-diem-pixel-o30a-o30b\/\" \/>\n<meta property=\"og:site_name\" content=\"Vilight Co.ltd\" \/>\n<meta property=\"article:publisher\" content=\"http:\/\/facebook.com\/vilight.vn\" \/>\n<meta property=\"article:modified_time\" content=\"2024-10-01T07:17:03+00:00\" \/>\n<meta property=\"og:image\" content=\"https:\/\/vilight.vn\/website\/wp-content\/uploads\/2023\/08\/O30A.jpg\" \/>\n\t<meta property=\"og:image:width\" content=\"600\" \/>\n\t<meta property=\"og:image:height\" content=\"600\" \/>\n\t<meta property=\"og:image:type\" content=\"image\/jpeg\" \/>\n<meta name=\"twitter:card\" content=\"summary_large_image\" \/>\n<meta name=\"twitter:label1\" content=\"Gi\u00e1\" \/>\n\t<meta name=\"twitter:data1\" content=\"\" \/>\n\t<meta name=\"twitter:label2\" content=\"Kh\u1ea3 d\u1ee5ng\" \/>\n\t<meta name=\"twitter:data2\" content=\"Trong kho\" \/>\n<script type=\"application\/ld+json\" class=\"yoast-schema-graph\">{\"@context\":\"https:\\\/\\\/schema.org\",\"@graph\":[{\"@type\":\"WebPage\",\"@id\":\"https:\\\/\\\/vilight.vn\\\/website\\\/san-pham\\\/den-led-pixel\\\/den-led-diem-pixel-o30a-o30b\\\/\",\"url\":\"https:\\\/\\\/vilight.vn\\\/website\\\/san-pham\\\/den-led-pixel\\\/den-led-diem-pixel-o30a-o30b\\\/\",\"name\":\"\u0110\u00e8n LED \u0111i\u1ec3m Pixel VL O30A - O30B - Vilight Co.ltd\",\"isPartOf\":{\"@id\":\"https:\\\/\\\/vilight.vn\\\/website\\\/#website\"},\"primaryImageOfPage\":{\"@id\":\"https:\\\/\\\/vilight.vn\\\/website\\\/san-pham\\\/den-led-pixel\\\/den-led-diem-pixel-o30a-o30b\\\/#primaryimage\"},\"image\":{\"@id\":\"https:\\\/\\\/vilight.vn\\\/website\\\/san-pham\\\/den-led-pixel\\\/den-led-diem-pixel-o30a-o30b\\\/#primaryimage\"},\"thumbnailUrl\":\"https:\\\/\\\/vilight.vn\\\/website\\\/wp-content\\\/uploads\\\/2023\\\/08\\\/O30A.jpg\",\"datePublished\":\"2023-08-18T08:06:40+00:00\",\"dateModified\":\"2024-10-01T07:17:03+00:00\",\"description\":\"S\u1ef1 k\u1ebft h\u1ee3p tuy\u1ec7t v\u1eddi gi\u1eefa \u00e1nh s\u00e1ng v\u00e0 s\u00e1ng t\u1ea1o v\u1edbi \u0111\u00e8n LED \u0111i\u1ec3m Pixel 0.7W O30A\\\/O30B. \u0110a d\u1ea1ng m\u00e0u s\u1eafc RGB, ki\u1ec3m so\u00e1t SPI linh ho\u1ea1t, thi\u1ebft k\u1ebf b\u1ec1n b\u1ec9.\",\"breadcrumb\":{\"@id\":\"https:\\\/\\\/vilight.vn\\\/website\\\/san-pham\\\/den-led-pixel\\\/den-led-diem-pixel-o30a-o30b\\\/#breadcrumb\"},\"inLanguage\":\"vi\",\"potentialAction\":[{\"@type\":\"ReadAction\",\"target\":[\"https:\\\/\\\/vilight.vn\\\/website\\\/san-pham\\\/den-led-pixel\\\/den-led-diem-pixel-o30a-o30b\\\/\"]}]},{\"@type\":\"ImageObject\",\"inLanguage\":\"vi\",\"@id\":\"https:\\\/\\\/vilight.vn\\\/website\\\/san-pham\\\/den-led-pixel\\\/den-led-diem-pixel-o30a-o30b\\\/#primaryimage\",\"url\":\"https:\\\/\\\/vilight.vn\\\/website\\\/wp-content\\\/uploads\\\/2023\\\/08\\\/O30A.jpg\",\"contentUrl\":\"https:\\\/\\\/vilight.vn\\\/website\\\/wp-content\\\/uploads\\\/2023\\\/08\\\/O30A.jpg\",\"width\":600,\"height\":600,\"caption\":\"o30B\"},{\"@type\":\"BreadcrumbList\",\"@id\":\"https:\\\/\\\/vilight.vn\\\/website\\\/san-pham\\\/den-led-pixel\\\/den-led-diem-pixel-o30a-o30b\\\/#breadcrumb\",\"itemListElement\":[{\"@type\":\"ListItem\",\"position\":1,\"name\":\"Home\",\"item\":\"https:\\\/\\\/vilight.vn\\\/website\\\/\"},{\"@type\":\"ListItem\",\"position\":2,\"name\":\"store\",\"item\":\"https:\\\/\\\/vilight.vn\\\/website\\\/store\\\/\"},{\"@type\":\"ListItem\",\"position\":3,\"name\":\"\u0110\u00e8n LED \u0111i\u1ec3m Pixel VL O30A &#8211; O30B\"}]},{\"@type\":\"WebSite\",\"@id\":\"https:\\\/\\\/vilight.vn\\\/website\\\/#website\",\"url\":\"https:\\\/\\\/vilight.vn\\\/website\\\/\",\"name\":\"Vilight Co.ltd\",\"description\":\"Chi\u1ebfu s\u00e1ng m\u1ef9 thu\u1eadt, chi\u1ebfu s\u00e1ng th\u00f4ng minh, LED Pixel 3D, chi\u1ebfu s\u00e1ng trang tr\u00ed \u0111\u00f4 th\u1ecb, chi\u1ebfu s\u00e1ng v\u00f2ng xoay, chi\u1ebfu s\u00e1ng \u0111\u1ea3o giao th\u00f4ng, c\u1ed5ng ch\u00e0o \u0111\u00f4 th\u1ecb\",\"publisher\":{\"@id\":\"https:\\\/\\\/vilight.vn\\\/website\\\/#organization\"},\"potentialAction\":[{\"@type\":\"SearchAction\",\"target\":{\"@type\":\"EntryPoint\",\"urlTemplate\":\"https:\\\/\\\/vilight.vn\\\/website\\\/?s={search_term_string}\"},\"query-input\":{\"@type\":\"PropertyValueSpecification\",\"valueRequired\":true,\"valueName\":\"search_term_string\"}}],\"inLanguage\":\"vi\"},{\"@type\":\"Organization\",\"@id\":\"https:\\\/\\\/vilight.vn\\\/website\\\/#organization\",\"name\":\"Vilight\",\"url\":\"https:\\\/\\\/vilight.vn\\\/website\\\/\",\"logo\":{\"@type\":\"ImageObject\",\"inLanguage\":\"vi\",\"@id\":\"https:\\\/\\\/vilight.vn\\\/website\\\/#\\\/schema\\\/logo\\\/image\\\/\",\"url\":\"https:\\\/\\\/vilight.vn\\\/website\\\/wp-content\\\/uploads\\\/2022\\\/05\\\/chieu_sang_trang_tri_do_thi_bang_den_led_pixel.png\",\"contentUrl\":\"https:\\\/\\\/vilight.vn\\\/website\\\/wp-content\\\/uploads\\\/2022\\\/05\\\/chieu_sang_trang_tri_do_thi_bang_den_led_pixel.png\",\"width\":800,\"height\":427,\"caption\":\"Vilight\"},\"image\":{\"@id\":\"https:\\\/\\\/vilight.vn\\\/website\\\/#\\\/schema\\\/logo\\\/image\\\/\"},\"sameAs\":[\"http:\\\/\\\/facebook.com\\\/vilight.vn\",\"https:\\\/\\\/www.linkedin.com\\\/company\\\/vilight-vn\",\"https:\\\/\\\/www.youtube.com\\\/channel\\\/UCEwR2naeDcuarMX1kSv_rLQ\\\/videos\"]}]}<\/script>\n<meta property=\"product:brand\" content=\"\u0110\u00e8n LED Pixel\" \/>\n<meta property=\"product:price:currency\" content=\"VND\" \/>\n<meta property=\"og:availability\" content=\"instock\" \/>\n<meta property=\"product:availability\" content=\"instock\" \/>\n<meta property=\"product:condition\" content=\"new\" \/>\n<!-- \/ Yoast SEO Premium plugin. -->","yoast_head_json":{"title":"\u0110\u00e8n LED \u0111i\u1ec3m Pixel VL O30A - O30B - Vilight Co.ltd","description":"S\u1ef1 k\u1ebft h\u1ee3p tuy\u1ec7t v\u1eddi gi\u1eefa \u00e1nh s\u00e1ng v\u00e0 s\u00e1ng t\u1ea1o v\u1edbi \u0111\u00e8n LED \u0111i\u1ec3m Pixel 0.7W O30A\/O30B. \u0110a d\u1ea1ng m\u00e0u s\u1eafc RGB, ki\u1ec3m so\u00e1t SPI linh ho\u1ea1t, thi\u1ebft k\u1ebf b\u1ec1n b\u1ec9.","robots":{"index":"index","follow":"follow","max-snippet":"max-snippet:-1","max-image-preview":"max-image-preview:large","max-video-preview":"max-video-preview:-1"},"canonical":"https:\/\/vilight.vn\/website\/san-pham\/den-led-pixel\/den-led-diem-pixel-o30a-o30b\/","og_locale":"vi_VN","og_type":"article","og_title":"\u0110\u00e8n LED \u0111i\u1ec3m Pixel VL O30A - O30B","og_description":"Kh\u00e1m ph\u00e1 s\u1ef1 k\u1ebft h\u1ee3p tuy\u1ec7t v\u1eddi gi\u1eefa \u00e1nh s\u00e1ng v\u00e0 s\u00e1ng t\u1ea1o v\u1edbi \u0111\u00e8n LED \u0111i\u1ec3m Pixel O30A\/O30B. \u0110a d\u1ea1ng m\u00e0u s\u1eafc RGB, ki\u1ec3m so\u00e1t SPI linh ho\u1ea1t, thi\u1ebft k\u1ebf b\u1ec1n b\u1ec9.","og_url":"https:\/\/vilight.vn\/website\/san-pham\/den-led-pixel\/den-led-diem-pixel-o30a-o30b\/","og_site_name":"Vilight Co.ltd","article_publisher":"http:\/\/facebook.com\/vilight.vn","article_modified_time":"2024-10-01T07:17:03+00:00","og_image":[{"width":600,"height":600,"url":"https:\/\/vilight.vn\/website\/wp-content\/uploads\/2023\/08\/O30A.jpg","type":"image\/jpeg"}],"twitter_card":"summary_large_image","twitter_misc":{"Gi\u00e1":"","Kh\u1ea3 d\u1ee5ng":"Trong kho"},"schema":{"@context":"https:\/\/schema.org","@graph":[{"@type":"WebPage","@id":"https:\/\/vilight.vn\/website\/san-pham\/den-led-pixel\/den-led-diem-pixel-o30a-o30b\/","url":"https:\/\/vilight.vn\/website\/san-pham\/den-led-pixel\/den-led-diem-pixel-o30a-o30b\/","name":"\u0110\u00e8n LED \u0111i\u1ec3m Pixel VL O30A - O30B - Vilight Co.ltd","isPartOf":{"@id":"https:\/\/vilight.vn\/website\/#website"},"primaryImageOfPage":{"@id":"https:\/\/vilight.vn\/website\/san-pham\/den-led-pixel\/den-led-diem-pixel-o30a-o30b\/#primaryimage"},"image":{"@id":"https:\/\/vilight.vn\/website\/san-pham\/den-led-pixel\/den-led-diem-pixel-o30a-o30b\/#primaryimage"},"thumbnailUrl":"https:\/\/vilight.vn\/website\/wp-content\/uploads\/2023\/08\/O30A.jpg","datePublished":"2023-08-18T08:06:40+00:00","dateModified":"2024-10-01T07:17:03+00:00","description":"S\u1ef1 k\u1ebft h\u1ee3p tuy\u1ec7t v\u1eddi gi\u1eefa \u00e1nh s\u00e1ng v\u00e0 s\u00e1ng t\u1ea1o v\u1edbi \u0111\u00e8n LED \u0111i\u1ec3m Pixel 0.7W O30A\/O30B. \u0110a d\u1ea1ng m\u00e0u s\u1eafc RGB, ki\u1ec3m so\u00e1t SPI linh ho\u1ea1t, thi\u1ebft k\u1ebf b\u1ec1n b\u1ec9.","breadcrumb":{"@id":"https:\/\/vilight.vn\/website\/san-pham\/den-led-pixel\/den-led-diem-pixel-o30a-o30b\/#breadcrumb"},"inLanguage":"vi","potentialAction":[{"@type":"ReadAction","target":["https:\/\/vilight.vn\/website\/san-pham\/den-led-pixel\/den-led-diem-pixel-o30a-o30b\/"]}]},{"@type":"ImageObject","inLanguage":"vi","@id":"https:\/\/vilight.vn\/website\/san-pham\/den-led-pixel\/den-led-diem-pixel-o30a-o30b\/#primaryimage","url":"https:\/\/vilight.vn\/website\/wp-content\/uploads\/2023\/08\/O30A.jpg","contentUrl":"https:\/\/vilight.vn\/website\/wp-content\/uploads\/2023\/08\/O30A.jpg","width":600,"height":600,"caption":"o30B"},{"@type":"BreadcrumbList","@id":"https:\/\/vilight.vn\/website\/san-pham\/den-led-pixel\/den-led-diem-pixel-o30a-o30b\/#breadcrumb","itemListElement":[{"@type":"ListItem","position":1,"name":"Home","item":"https:\/\/vilight.vn\/website\/"},{"@type":"ListItem","position":2,"name":"store","item":"https:\/\/vilight.vn\/website\/store\/"},{"@type":"ListItem","position":3,"name":"\u0110\u00e8n LED \u0111i\u1ec3m Pixel VL O30A &#8211; O30B"}]},{"@type":"WebSite","@id":"https:\/\/vilight.vn\/website\/#website","url":"https:\/\/vilight.vn\/website\/","name":"Vilight Co.ltd","description":"Chi\u1ebfu s\u00e1ng m\u1ef9 thu\u1eadt, chi\u1ebfu s\u00e1ng th\u00f4ng minh, LED Pixel 3D, chi\u1ebfu s\u00e1ng trang tr\u00ed \u0111\u00f4 th\u1ecb, chi\u1ebfu s\u00e1ng v\u00f2ng xoay, chi\u1ebfu s\u00e1ng \u0111\u1ea3o giao th\u00f4ng, c\u1ed5ng ch\u00e0o \u0111\u00f4 th\u1ecb","publisher":{"@id":"https:\/\/vilight.vn\/website\/#organization"},"potentialAction":[{"@type":"SearchAction","target":{"@type":"EntryPoint","urlTemplate":"https:\/\/vilight.vn\/website\/?s={search_term_string}"},"query-input":{"@type":"PropertyValueSpecification","valueRequired":true,"valueName":"search_term_string"}}],"inLanguage":"vi"},{"@type":"Organization","@id":"https:\/\/vilight.vn\/website\/#organization","name":"Vilight","url":"https:\/\/vilight.vn\/website\/","logo":{"@type":"ImageObject","inLanguage":"vi","@id":"https:\/\/vilight.vn\/website\/#\/schema\/logo\/image\/","url":"https:\/\/vilight.vn\/website\/wp-content\/uploads\/2022\/05\/chieu_sang_trang_tri_do_thi_bang_den_led_pixel.png","contentUrl":"https:\/\/vilight.vn\/website\/wp-content\/uploads\/2022\/05\/chieu_sang_trang_tri_do_thi_bang_den_led_pixel.png","width":800,"height":427,"caption":"Vilight"},"image":{"@id":"https:\/\/vilight.vn\/website\/#\/schema\/logo\/image\/"},"sameAs":["http:\/\/facebook.com\/vilight.vn","https:\/\/www.linkedin.com\/company\/vilight-vn","https:\/\/www.youtube.com\/channel\/UCEwR2naeDcuarMX1kSv_rLQ\/videos"]}]},"product_brand":"\u0110\u00e8n LED Pixel","product_price_currency":"VND","og_availability":"instock","product_availability":"instock","product_condition":"new"},"_links":{"self":[{"href":"https:\/\/vilight.vn\/website\/wp-json\/wp\/v2\/product\/4406","targetHints":{"allow":["GET"]}}],"collection":[{"href":"https:\/\/vilight.vn\/website\/wp-json\/wp\/v2\/product"}],"about":[{"href":"https:\/\/vilight.vn\/website\/wp-json\/wp\/v2\/types\/product"}],"wp:featuredmedia":[{"embeddable":true,"href":"https:\/\/vilight.vn\/website\/wp-json\/wp\/v2\/media\/4408"}],"wp:attachment":[{"href":"https:\/\/vilight.vn\/website\/wp-json\/wp\/v2\/media?parent=4406"}],"wp:term":[{"taxonomy":"product_brand","embeddable":true,"href":"https:\/\/vilight.vn\/website\/wp-json\/wp\/v2\/product_brand?post=4406"},{"taxonomy":"product_cat","embeddable":true,"href":"https:\/\/vilight.vn\/website\/wp-json\/wp\/v2\/product_cat?post=4406"},{"taxonomy":"product_tag","embeddable":true,"href":"https:\/\/vilight.vn\/website\/wp-json\/wp\/v2\/product_tag?post=4406"}],"curies":[{"name":"wp","href":"https:\/\/api.w.org\/{rel}","templated":true}]}}