{"id":4409,"date":"2023-08-18T15:09:00","date_gmt":"2023-08-18T08:09:00","guid":{"rendered":"https:\/\/vilight.vn\/website\/?post_type=product&#038;p=4409"},"modified":"2024-10-01T14:22:17","modified_gmt":"2024-10-01T07:22:17","slug":"den-led-diem-pixel-o20a-o20b","status":"publish","type":"product","link":"https:\/\/vilight.vn\/website\/san-pham\/den-led-pixel\/den-led-diem-pixel-o20a-o20b\/","title":{"rendered":"\u0110\u00e8n LED \u0111i\u1ec3m Pixel VL O20A &#8211; O20B"},"content":{"rendered":"<h2 style=\"text-align: justify;\"><span style=\"font-size: 18pt;\">\u0110\u00e8n Led \u0111i\u1ec3m Pixel VL O20A &#8211; O20B: S\u00e1ng T\u1ea1o\u00a0 trong M\u1ed7i Pixel.\u00a0<\/span><\/h2>\n<p style=\"text-align: justify;\"><span style=\"font-size: 14pt;\">B\u1ea1n \u0111ang t\u00ecm ki\u1ebfm m\u1ed9t gi\u1ea3i ph\u00e1p chi\u1ebfu s\u00e1ng \u0111\u1ed9t ph\u00e1 v\u00e0 t\u1ea1o \u0111i\u1ec3m nh\u1ea5n cho kh\u00f4ng gian c\u1ee7a m\u00ecnh? H\u00e3y ch\u00e0o \u0111\u00f3n \u0111\u00e8n LED \u0110i\u1ec3m Pixel O20A &#8211; O20B, s\u1ea3n ph\u1ea9m \u0111\u1ea7y s\u00e1ng t\u1ea1o v\u1edbi nh\u1eefng th\u00f4ng s\u1ed1 k\u1ef9 thu\u1eadt \u0111\u00e1ng ch\u00fa \u00fd:S\u1ea3n ph\u1ea9m ph\u00f9 h\u1ee3p \u0111\u1ec3 s\u1eed d\u1ee5ng cho c\u00e1c c\u00f4ng tr\u00ecnh chi\u1ebfu s\u00e1ng trang tr\u00ed l\u1ec5 h\u1ed9i, chi\u1ebfu s\u00e1ng trang tr\u00ed cho c\u00e1c c\u00f4ng tr\u00ecnh c\u00f4ng c\u1ed9ng v\u00e0 nhi\u1ec1u \u1ee9ng d\u1ee5ng th\u1ef1c ti\u1ec5n trong cu\u1ed9c s\u1ed1ng.\u00a0<\/span><\/p>\n<p style=\"text-align: justify;\"><span style=\"font-size: 14pt;\">V\u1edbi \u0111i\u1ec7n \u00e1p DC12V v\u00e0 c\u00f4ng su\u1ea5t 0.7W, \u0111\u00e8n LED \u0110i\u1ec3m O20A &#8211; O20B kh\u00f4ng ch\u1ec9 ti\u1ebft ki\u1ec7m n\u0103ng l\u01b0\u1ee3ng m\u00e0 c\u00f2n mang l\u1ea1i hi\u1ec7u su\u1ea5t \u00e1nh s\u00e1ng \u0111\u00e1ng kinh ng\u1ea1c. Ch\u1ea5t l\u01b0\u1ee3ng \u00e1nh s\u00e1ng \u1ed5n \u0111\u1ecbnh v\u00e0 \u0111\u1ed9 s\u00e1ng v\u01b0\u1ee3t tr\u1ed9i s\u1ebd l\u00e0m cho kh\u00f4ng gian c\u1ee7a b\u1ea1n th\u1ef1c s\u1ef1 n\u1ed5i b\u1eadt.<\/span><\/p>\n<p style=\"text-align: justify;\"><span style=\"font-size: 14pt;\">V\u1edbi ch\u1ebf \u0111\u1ed9 hi\u1ec3n th\u1ecb RGB\/W (m\u00e0u \u0111\u1ecf, xanh l\u00e1 c\u00e2y, xanh d\u01b0\u01a1ng v\u00e0 tr\u1eafng), b\u1ea1n c\u00f3 kh\u1ea3 n\u0103ng t\u00f9y ch\u1ec9nh \u00e1nh s\u00e1ng theo s\u1edf th\u00edch v\u00e0 t\u1ea1o ra nh\u1eefng hi\u1ec7u \u1ee9ng m\u00e0u s\u1eafc \u0111\u1ed9c \u0111\u00e1o. Cho d\u00f9 b\u1ea1n mu\u1ed1n t\u1ea1o b\u1ea7u kh\u00f4ng gian \u1ea5m \u00e1p b\u1eb1ng \u00e1nh s\u00e1ng tr\u1eafng hay t\u1ea1o \u0111i\u1ec3m nh\u1ea5n b\u1eb1ng c\u00e1c m\u00e0u s\u1eafc t\u01b0\u01a1i s\u00e1ng, O20A &#8211; O20B c\u00f3 th\u1ec3 l\u00e0 l\u1ef1a ch\u1ecdn ho\u00e0n h\u1ea3o.<\/span><\/p>\n<p style=\"text-align: justify;\"><span style=\"font-size: 14pt;\">S\u1ea3n ph\u1ea9m s\u1eed d\u1ee5ng lo\u1ea1i \u0111\u00e8n 3535RGB cho m\u00e0u s\u1eafc RGB v\u00e0 2835W cho \u00e1nh s\u00e1ng tr\u1eafng. S\u1ef1 k\u1ebft h\u1ee3p n\u00e0y mang \u0111\u1ebfn s\u1ef1 \u1ed5n \u0111\u1ecbnh v\u00e0 \u0111\u1ed9 tin c\u1eady cao, \u0111\u1ed3ng th\u1eddi gi\u00fap t\u1ed1i \u01b0u h\u00f3a tr\u1ea3i nghi\u1ec7m \u00e1nh s\u00e1ng c\u1ee7a b\u1ea1n.<\/span><\/p>\n<p style=\"text-align: justify;\"><span style=\"font-size: 14pt;\">V\u1edbi ch\u1ebf \u0111\u1ed9 \u0111i\u1ec1u khi\u1ec3n SPI, b\u1ea1n c\u00f3 th\u1ec3 d\u1ec5 d\u00e0ng \u0111i\u1ec1u ch\u1ec9nh \u00e1nh s\u00e1ng theo mong mu\u1ed1n. T\u1ea1o ra nh\u1eefng hi\u1ec7u \u1ee9ng \u00e1nh s\u00e1ng \u0111\u1ed9c \u0111\u00e1o, \u0111i\u1ec1u ch\u1ec9nh \u0111\u1ed9 s\u00e1ng, v\u00e0 t\u1ea1o ra nh\u1eefng tr\u1ea3i nghi\u1ec7m \u00e1nh s\u00e1ng th\u00fa v\u1ecb.<\/span><\/p>\n<p style=\"text-align: justify;\"><span style=\"font-size: 14pt;\">V\u1edbi v\u1ecf \u0111\u00e8n b\u1eb1ng polycarbonate (PC) v\u00e0 d\u00e2y b\u1ecdc b\u1edfi PVC+copper (nh\u1ef1a PVC v\u00e0 l\u00f5i \u0111\u1ed3ng), s\u1ea3n ph\u1ea9m kh\u00f4ng ch\u1ec9 \u0111\u1eb9p m\u1eaft m\u00e0 c\u00f2n b\u1ec1n b\u1ec9 theo th\u1eddi gian. \u0110\u00e8n LED \u0110i\u1ec3m Pixel O20A &#8211; O20B s\u1ebd l\u00e0 s\u1ef1 b\u1ed5 sung ho\u00e0n h\u1ea3o cho m\u1ecdi kh\u00f4ng gian t\u1eeb n\u1ed9i th\u1ea5t \u0111\u1ebfn ngo\u1ea1i th\u1ea5t.<\/span><\/p>\n<p style=\"text-align: justify;\"><span style=\"font-size: 14pt;\">Kh\u00e1m ph\u00e1 s\u1ef1 \u0111a d\u1ea1ng v\u00e0 ti\u1ec1m n\u0103ng v\u00f4 h\u1ea1n m\u00e0 \u0111\u00e8n LED \u0110i\u1ec3m Pixel O20A &#8211; O20B mang l\u1ea1i. Cho ph\u00e9p s\u1ef1 s\u00e1ng t\u1ea1o c\u1ee7a b\u1ea1n t\u1ecfa s\u00e1ng qua t\u1eebng pixel, t\u1ea1o ra kh\u00f4ng gian \u0111\u1ed9c \u0111\u00e1o v\u00e0 \u1ea5n t\u01b0\u1ee3ng.<\/span><\/p>\n<p>&nbsp;<\/p>\n<p style=\"text-align: justify;\"><span style=\"font-size: 14pt;\"><a href=\"https:\/\/vilight.vn\/website\/wp-content\/uploads\/2023\/08\/O20B.jpg\"><img decoding=\"async\" class=\"aligncenter wp-image-4410 size-full lazyload\" data-src=\"https:\/\/vilight.vn\/website\/wp-content\/uploads\/2023\/08\/O20B.jpg\" alt=\"\u0110\u00e8n Led \u0111i\u1ec3m Pixel O20A - O20B\" width=\"1200\" height=\"260\" data-srcset=\"https:\/\/vilight.vn\/website\/wp-content\/uploads\/2023\/08\/O20B.jpg 1200w, https:\/\/vilight.vn\/website\/wp-content\/uploads\/2023\/08\/O20B-800x173.jpg 800w, https:\/\/vilight.vn\/website\/wp-content\/uploads\/2023\/08\/O20B-300x65.jpg 300w, https:\/\/vilight.vn\/website\/wp-content\/uploads\/2023\/08\/O20B-1024x222.jpg 1024w, https:\/\/vilight.vn\/website\/wp-content\/uploads\/2023\/08\/O20B-768x166.jpg 768w, https:\/\/vilight.vn\/website\/wp-content\/uploads\/2023\/08\/O20B-150x33.jpg 150w, https:\/\/vilight.vn\/website\/wp-content\/uploads\/2023\/08\/O20B-480x104.jpg 480w\" data-sizes=\"(max-width:767px) 480px, (max-width:1200px) 100vw, 1200px\" src=\"data:image\/svg+xml;base64,PHN2ZyB3aWR0aD0iMSIgaGVpZ2h0PSIxIiB4bWxucz0iaHR0cDovL3d3dy53My5vcmcvMjAwMC9zdmciPjwvc3ZnPg==\" style=\"--smush-placeholder-width: 1200px; --smush-placeholder-aspect-ratio: 1200\/260;\" \/><\/a><\/span><\/p>\n<p><span style=\"font-size: 14pt;\">M\u1ed9t s\u1ed1 m\u1eabu \u0111\u00e8n chuy\u00ean d\u00f9ng trong trang tr\u00ed chi\u1ebfu s\u00e1ng trang tr\u00ed l\u1ec5 h\u1ed9i b\u1ea1n c\u00f3 th\u1ec3 tham kh\u1ea3o <a href=\"https:\/\/vilight.vn\/website\/danh-muc-san-pham\/den-led-pixel\/trang-tri\/\">t\u1ea1i \u0111\u00e2y\u00a0<\/a><\/span><\/p>\n","protected":false},"excerpt":{"rendered":"<p>Kh\u00e1m ph\u00e1 \u0111\u00e8n LED \u0111i\u1ec3m Pixel O20A &#8211; O20B: M\u00e0u s\u1eafc \u0111a d\u1ea1ng, \u0111i\u1ec1u khi\u1ec3n d\u1ec5 d\u00e0ng qua SPI. S\u00e1ng t\u1ea1o kh\u00f4ng gi\u1edbi h\u1ea1n cho kh\u00f4ng gian c\u1ee7a b\u1ea1n.<\/p>\n","protected":false},"featured_media":4411,"template":"","meta":[],"product_brand":[],"product_cat":[77,313,627],"product_tag":[],"class_list":{"0":"post-4409","1":"product","2":"type-product","3":"status-publish","4":"has-post-thumbnail","6":"product_cat-den-led-pixel","7":"product_cat-trang-tri","8":"product_cat-o-series","10":"first","11":"instock","12":"taxable","13":"shipping-taxable","14":"product-type-simple"},"yoast_head":"<!-- This site is optimized with the Yoast SEO Premium plugin v27.4 (Yoast SEO v27.4) - https:\/\/yoast.com\/product\/yoast-seo-premium-wordpress\/ -->\n<title>\u0110\u00e8n LED \u0111i\u1ec3m Pixel VL O20A - O20B - Vilight Co.ltd<\/title>\n<meta name=\"description\" content=\"Kh\u00e1m ph\u00e1 \u0111\u00e8n LED \u0110i\u1ec3m Pixel 0.7W O20A - O20B: M\u00e0u s\u1eafc \u0111a d\u1ea1ng, \u0111i\u1ec1u khi\u1ec3n d\u1ec5 d\u00e0ng qua SPI. S\u00e1ng t\u1ea1o kh\u00f4ng gi\u1edbi h\u1ea1n cho kh\u00f4ng gian c\u1ee7a b\u1ea1n.\" \/>\n<meta name=\"robots\" content=\"index, follow, max-snippet:-1, max-image-preview:large, max-video-preview:-1\" \/>\n<link rel=\"canonical\" href=\"https:\/\/vilight.vn\/website\/san-pham\/den-led-pixel\/den-led-diem-pixel-o20a-o20b\/\" \/>\n<meta property=\"og:locale\" content=\"vi_VN\" \/>\n<meta property=\"og:type\" content=\"article\" \/>\n<meta property=\"og:title\" content=\"\u0110\u00e8n LED \u0111i\u1ec3m Pixel VL O20A - O20B\" \/>\n<meta property=\"og:description\" content=\"Kh\u00e1m ph\u00e1 \u0111\u00e8n LED \u0111i\u1ec3m Pixel O20A - O20B: M\u00e0u s\u1eafc \u0111a d\u1ea1ng, \u0111i\u1ec1u khi\u1ec3n d\u1ec5 d\u00e0ng qua SPI. S\u00e1ng t\u1ea1o kh\u00f4ng gi\u1edbi h\u1ea1n cho kh\u00f4ng gian c\u1ee7a b\u1ea1n.\" \/>\n<meta property=\"og:url\" content=\"https:\/\/vilight.vn\/website\/san-pham\/den-led-pixel\/den-led-diem-pixel-o20a-o20b\/\" \/>\n<meta property=\"og:site_name\" content=\"Vilight Co.ltd\" \/>\n<meta property=\"article:publisher\" content=\"http:\/\/facebook.com\/vilight.vn\" \/>\n<meta property=\"article:modified_time\" content=\"2024-10-01T07:22:17+00:00\" \/>\n<meta property=\"og:image\" content=\"https:\/\/vilight.vn\/website\/wp-content\/uploads\/2023\/08\/O20A.jpg\" \/>\n\t<meta property=\"og:image:width\" content=\"600\" \/>\n\t<meta property=\"og:image:height\" content=\"600\" \/>\n\t<meta property=\"og:image:type\" content=\"image\/jpeg\" \/>\n<meta name=\"twitter:card\" content=\"summary_large_image\" \/>\n<meta name=\"twitter:label1\" content=\"Gi\u00e1\" \/>\n\t<meta name=\"twitter:data1\" content=\"\" \/>\n\t<meta name=\"twitter:label2\" content=\"Kh\u1ea3 d\u1ee5ng\" \/>\n\t<meta name=\"twitter:data2\" content=\"Trong kho\" \/>\n<script type=\"application\/ld+json\" class=\"yoast-schema-graph\">{\"@context\":\"https:\\\/\\\/schema.org\",\"@graph\":[{\"@type\":\"WebPage\",\"@id\":\"https:\\\/\\\/vilight.vn\\\/website\\\/san-pham\\\/den-led-pixel\\\/den-led-diem-pixel-o20a-o20b\\\/\",\"url\":\"https:\\\/\\\/vilight.vn\\\/website\\\/san-pham\\\/den-led-pixel\\\/den-led-diem-pixel-o20a-o20b\\\/\",\"name\":\"\u0110\u00e8n LED \u0111i\u1ec3m Pixel VL O20A - O20B - Vilight Co.ltd\",\"isPartOf\":{\"@id\":\"https:\\\/\\\/vilight.vn\\\/website\\\/#website\"},\"primaryImageOfPage\":{\"@id\":\"https:\\\/\\\/vilight.vn\\\/website\\\/san-pham\\\/den-led-pixel\\\/den-led-diem-pixel-o20a-o20b\\\/#primaryimage\"},\"image\":{\"@id\":\"https:\\\/\\\/vilight.vn\\\/website\\\/san-pham\\\/den-led-pixel\\\/den-led-diem-pixel-o20a-o20b\\\/#primaryimage\"},\"thumbnailUrl\":\"https:\\\/\\\/vilight.vn\\\/website\\\/wp-content\\\/uploads\\\/2023\\\/08\\\/O20A.jpg\",\"datePublished\":\"2023-08-18T08:09:00+00:00\",\"dateModified\":\"2024-10-01T07:22:17+00:00\",\"description\":\"Kh\u00e1m ph\u00e1 \u0111\u00e8n LED \u0110i\u1ec3m Pixel 0.7W O20A - O20B: M\u00e0u s\u1eafc \u0111a d\u1ea1ng, \u0111i\u1ec1u khi\u1ec3n d\u1ec5 d\u00e0ng qua SPI. S\u00e1ng t\u1ea1o kh\u00f4ng gi\u1edbi h\u1ea1n cho kh\u00f4ng gian c\u1ee7a b\u1ea1n.\",\"breadcrumb\":{\"@id\":\"https:\\\/\\\/vilight.vn\\\/website\\\/san-pham\\\/den-led-pixel\\\/den-led-diem-pixel-o20a-o20b\\\/#breadcrumb\"},\"inLanguage\":\"vi\",\"potentialAction\":[{\"@type\":\"ReadAction\",\"target\":[\"https:\\\/\\\/vilight.vn\\\/website\\\/san-pham\\\/den-led-pixel\\\/den-led-diem-pixel-o20a-o20b\\\/\"]}]},{\"@type\":\"ImageObject\",\"inLanguage\":\"vi\",\"@id\":\"https:\\\/\\\/vilight.vn\\\/website\\\/san-pham\\\/den-led-pixel\\\/den-led-diem-pixel-o20a-o20b\\\/#primaryimage\",\"url\":\"https:\\\/\\\/vilight.vn\\\/website\\\/wp-content\\\/uploads\\\/2023\\\/08\\\/O20A.jpg\",\"contentUrl\":\"https:\\\/\\\/vilight.vn\\\/website\\\/wp-content\\\/uploads\\\/2023\\\/08\\\/O20A.jpg\",\"width\":600,\"height\":600,\"caption\":\"\u0110\u00e8n Led \u0111i\u1ec3m Pixel O20A - O20B\"},{\"@type\":\"BreadcrumbList\",\"@id\":\"https:\\\/\\\/vilight.vn\\\/website\\\/san-pham\\\/den-led-pixel\\\/den-led-diem-pixel-o20a-o20b\\\/#breadcrumb\",\"itemListElement\":[{\"@type\":\"ListItem\",\"position\":1,\"name\":\"Home\",\"item\":\"https:\\\/\\\/vilight.vn\\\/website\\\/\"},{\"@type\":\"ListItem\",\"position\":2,\"name\":\"store\",\"item\":\"https:\\\/\\\/vilight.vn\\\/website\\\/store\\\/\"},{\"@type\":\"ListItem\",\"position\":3,\"name\":\"\u0110\u00e8n LED \u0111i\u1ec3m Pixel VL O20A &#8211; O20B\"}]},{\"@type\":\"WebSite\",\"@id\":\"https:\\\/\\\/vilight.vn\\\/website\\\/#website\",\"url\":\"https:\\\/\\\/vilight.vn\\\/website\\\/\",\"name\":\"Vilight Co.ltd\",\"description\":\"Chi\u1ebfu s\u00e1ng m\u1ef9 thu\u1eadt, chi\u1ebfu s\u00e1ng th\u00f4ng minh, LED Pixel 3D, chi\u1ebfu s\u00e1ng trang tr\u00ed \u0111\u00f4 th\u1ecb, chi\u1ebfu s\u00e1ng v\u00f2ng xoay, chi\u1ebfu s\u00e1ng \u0111\u1ea3o giao th\u00f4ng, c\u1ed5ng ch\u00e0o \u0111\u00f4 th\u1ecb\",\"publisher\":{\"@id\":\"https:\\\/\\\/vilight.vn\\\/website\\\/#organization\"},\"potentialAction\":[{\"@type\":\"SearchAction\",\"target\":{\"@type\":\"EntryPoint\",\"urlTemplate\":\"https:\\\/\\\/vilight.vn\\\/website\\\/?s={search_term_string}\"},\"query-input\":{\"@type\":\"PropertyValueSpecification\",\"valueRequired\":true,\"valueName\":\"search_term_string\"}}],\"inLanguage\":\"vi\"},{\"@type\":\"Organization\",\"@id\":\"https:\\\/\\\/vilight.vn\\\/website\\\/#organization\",\"name\":\"Vilight\",\"url\":\"https:\\\/\\\/vilight.vn\\\/website\\\/\",\"logo\":{\"@type\":\"ImageObject\",\"inLanguage\":\"vi\",\"@id\":\"https:\\\/\\\/vilight.vn\\\/website\\\/#\\\/schema\\\/logo\\\/image\\\/\",\"url\":\"https:\\\/\\\/vilight.vn\\\/website\\\/wp-content\\\/uploads\\\/2022\\\/05\\\/chieu_sang_trang_tri_do_thi_bang_den_led_pixel.png\",\"contentUrl\":\"https:\\\/\\\/vilight.vn\\\/website\\\/wp-content\\\/uploads\\\/2022\\\/05\\\/chieu_sang_trang_tri_do_thi_bang_den_led_pixel.png\",\"width\":800,\"height\":427,\"caption\":\"Vilight\"},\"image\":{\"@id\":\"https:\\\/\\\/vilight.vn\\\/website\\\/#\\\/schema\\\/logo\\\/image\\\/\"},\"sameAs\":[\"http:\\\/\\\/facebook.com\\\/vilight.vn\",\"https:\\\/\\\/www.linkedin.com\\\/company\\\/vilight-vn\",\"https:\\\/\\\/www.youtube.com\\\/channel\\\/UCEwR2naeDcuarMX1kSv_rLQ\\\/videos\"]}]}<\/script>\n<meta property=\"product:brand\" content=\"\u0110\u00e8n LED Pixel\" \/>\n<meta property=\"product:price:currency\" content=\"VND\" \/>\n<meta property=\"og:availability\" content=\"instock\" \/>\n<meta property=\"product:availability\" content=\"instock\" \/>\n<meta property=\"product:condition\" content=\"new\" \/>\n<!-- \/ Yoast SEO Premium plugin. -->","yoast_head_json":{"title":"\u0110\u00e8n LED \u0111i\u1ec3m Pixel VL O20A - O20B - Vilight Co.ltd","description":"Kh\u00e1m ph\u00e1 \u0111\u00e8n LED \u0110i\u1ec3m Pixel 0.7W O20A - O20B: M\u00e0u s\u1eafc \u0111a d\u1ea1ng, \u0111i\u1ec1u khi\u1ec3n d\u1ec5 d\u00e0ng qua SPI. S\u00e1ng t\u1ea1o kh\u00f4ng gi\u1edbi h\u1ea1n cho kh\u00f4ng gian c\u1ee7a b\u1ea1n.","robots":{"index":"index","follow":"follow","max-snippet":"max-snippet:-1","max-image-preview":"max-image-preview:large","max-video-preview":"max-video-preview:-1"},"canonical":"https:\/\/vilight.vn\/website\/san-pham\/den-led-pixel\/den-led-diem-pixel-o20a-o20b\/","og_locale":"vi_VN","og_type":"article","og_title":"\u0110\u00e8n LED \u0111i\u1ec3m Pixel VL O20A - O20B","og_description":"Kh\u00e1m ph\u00e1 \u0111\u00e8n LED \u0111i\u1ec3m Pixel O20A - O20B: M\u00e0u s\u1eafc \u0111a d\u1ea1ng, \u0111i\u1ec1u khi\u1ec3n d\u1ec5 d\u00e0ng qua SPI. S\u00e1ng t\u1ea1o kh\u00f4ng gi\u1edbi h\u1ea1n cho kh\u00f4ng gian c\u1ee7a b\u1ea1n.","og_url":"https:\/\/vilight.vn\/website\/san-pham\/den-led-pixel\/den-led-diem-pixel-o20a-o20b\/","og_site_name":"Vilight Co.ltd","article_publisher":"http:\/\/facebook.com\/vilight.vn","article_modified_time":"2024-10-01T07:22:17+00:00","og_image":[{"width":600,"height":600,"url":"https:\/\/vilight.vn\/website\/wp-content\/uploads\/2023\/08\/O20A.jpg","type":"image\/jpeg"}],"twitter_card":"summary_large_image","twitter_misc":{"Gi\u00e1":"","Kh\u1ea3 d\u1ee5ng":"Trong kho"},"schema":{"@context":"https:\/\/schema.org","@graph":[{"@type":"WebPage","@id":"https:\/\/vilight.vn\/website\/san-pham\/den-led-pixel\/den-led-diem-pixel-o20a-o20b\/","url":"https:\/\/vilight.vn\/website\/san-pham\/den-led-pixel\/den-led-diem-pixel-o20a-o20b\/","name":"\u0110\u00e8n LED \u0111i\u1ec3m Pixel VL O20A - O20B - Vilight Co.ltd","isPartOf":{"@id":"https:\/\/vilight.vn\/website\/#website"},"primaryImageOfPage":{"@id":"https:\/\/vilight.vn\/website\/san-pham\/den-led-pixel\/den-led-diem-pixel-o20a-o20b\/#primaryimage"},"image":{"@id":"https:\/\/vilight.vn\/website\/san-pham\/den-led-pixel\/den-led-diem-pixel-o20a-o20b\/#primaryimage"},"thumbnailUrl":"https:\/\/vilight.vn\/website\/wp-content\/uploads\/2023\/08\/O20A.jpg","datePublished":"2023-08-18T08:09:00+00:00","dateModified":"2024-10-01T07:22:17+00:00","description":"Kh\u00e1m ph\u00e1 \u0111\u00e8n LED \u0110i\u1ec3m Pixel 0.7W O20A - O20B: M\u00e0u s\u1eafc \u0111a d\u1ea1ng, \u0111i\u1ec1u khi\u1ec3n d\u1ec5 d\u00e0ng qua SPI. S\u00e1ng t\u1ea1o kh\u00f4ng gi\u1edbi h\u1ea1n cho kh\u00f4ng gian c\u1ee7a b\u1ea1n.","breadcrumb":{"@id":"https:\/\/vilight.vn\/website\/san-pham\/den-led-pixel\/den-led-diem-pixel-o20a-o20b\/#breadcrumb"},"inLanguage":"vi","potentialAction":[{"@type":"ReadAction","target":["https:\/\/vilight.vn\/website\/san-pham\/den-led-pixel\/den-led-diem-pixel-o20a-o20b\/"]}]},{"@type":"ImageObject","inLanguage":"vi","@id":"https:\/\/vilight.vn\/website\/san-pham\/den-led-pixel\/den-led-diem-pixel-o20a-o20b\/#primaryimage","url":"https:\/\/vilight.vn\/website\/wp-content\/uploads\/2023\/08\/O20A.jpg","contentUrl":"https:\/\/vilight.vn\/website\/wp-content\/uploads\/2023\/08\/O20A.jpg","width":600,"height":600,"caption":"\u0110\u00e8n Led \u0111i\u1ec3m Pixel O20A - O20B"},{"@type":"BreadcrumbList","@id":"https:\/\/vilight.vn\/website\/san-pham\/den-led-pixel\/den-led-diem-pixel-o20a-o20b\/#breadcrumb","itemListElement":[{"@type":"ListItem","position":1,"name":"Home","item":"https:\/\/vilight.vn\/website\/"},{"@type":"ListItem","position":2,"name":"store","item":"https:\/\/vilight.vn\/website\/store\/"},{"@type":"ListItem","position":3,"name":"\u0110\u00e8n LED \u0111i\u1ec3m Pixel VL O20A &#8211; O20B"}]},{"@type":"WebSite","@id":"https:\/\/vilight.vn\/website\/#website","url":"https:\/\/vilight.vn\/website\/","name":"Vilight Co.ltd","description":"Chi\u1ebfu s\u00e1ng m\u1ef9 thu\u1eadt, chi\u1ebfu s\u00e1ng th\u00f4ng minh, LED Pixel 3D, chi\u1ebfu s\u00e1ng trang tr\u00ed \u0111\u00f4 th\u1ecb, chi\u1ebfu s\u00e1ng v\u00f2ng xoay, chi\u1ebfu s\u00e1ng \u0111\u1ea3o giao th\u00f4ng, c\u1ed5ng ch\u00e0o \u0111\u00f4 th\u1ecb","publisher":{"@id":"https:\/\/vilight.vn\/website\/#organization"},"potentialAction":[{"@type":"SearchAction","target":{"@type":"EntryPoint","urlTemplate":"https:\/\/vilight.vn\/website\/?s={search_term_string}"},"query-input":{"@type":"PropertyValueSpecification","valueRequired":true,"valueName":"search_term_string"}}],"inLanguage":"vi"},{"@type":"Organization","@id":"https:\/\/vilight.vn\/website\/#organization","name":"Vilight","url":"https:\/\/vilight.vn\/website\/","logo":{"@type":"ImageObject","inLanguage":"vi","@id":"https:\/\/vilight.vn\/website\/#\/schema\/logo\/image\/","url":"https:\/\/vilight.vn\/website\/wp-content\/uploads\/2022\/05\/chieu_sang_trang_tri_do_thi_bang_den_led_pixel.png","contentUrl":"https:\/\/vilight.vn\/website\/wp-content\/uploads\/2022\/05\/chieu_sang_trang_tri_do_thi_bang_den_led_pixel.png","width":800,"height":427,"caption":"Vilight"},"image":{"@id":"https:\/\/vilight.vn\/website\/#\/schema\/logo\/image\/"},"sameAs":["http:\/\/facebook.com\/vilight.vn","https:\/\/www.linkedin.com\/company\/vilight-vn","https:\/\/www.youtube.com\/channel\/UCEwR2naeDcuarMX1kSv_rLQ\/videos"]}]},"product_brand":"\u0110\u00e8n LED Pixel","product_price_currency":"VND","og_availability":"instock","product_availability":"instock","product_condition":"new"},"_links":{"self":[{"href":"https:\/\/vilight.vn\/website\/wp-json\/wp\/v2\/product\/4409","targetHints":{"allow":["GET"]}}],"collection":[{"href":"https:\/\/vilight.vn\/website\/wp-json\/wp\/v2\/product"}],"about":[{"href":"https:\/\/vilight.vn\/website\/wp-json\/wp\/v2\/types\/product"}],"wp:featuredmedia":[{"embeddable":true,"href":"https:\/\/vilight.vn\/website\/wp-json\/wp\/v2\/media\/4411"}],"wp:attachment":[{"href":"https:\/\/vilight.vn\/website\/wp-json\/wp\/v2\/media?parent=4409"}],"wp:term":[{"taxonomy":"product_brand","embeddable":true,"href":"https:\/\/vilight.vn\/website\/wp-json\/wp\/v2\/product_brand?post=4409"},{"taxonomy":"product_cat","embeddable":true,"href":"https:\/\/vilight.vn\/website\/wp-json\/wp\/v2\/product_cat?post=4409"},{"taxonomy":"product_tag","embeddable":true,"href":"https:\/\/vilight.vn\/website\/wp-json\/wp\/v2\/product_tag?post=4409"}],"curies":[{"name":"wp","href":"https:\/\/api.w.org\/{rel}","templated":true}]}}