{"id":4412,"date":"2023-08-18T15:32:06","date_gmt":"2023-08-18T08:32:06","guid":{"rendered":"https:\/\/vilight.vn\/website\/?post_type=product&#038;p=4412"},"modified":"2024-10-01T15:03:13","modified_gmt":"2024-10-01T08:03:13","slug":"den-led-diem-pixel-o10a-2","status":"publish","type":"product","link":"https:\/\/vilight.vn\/website\/san-pham\/den-led-pixel\/den-led-diem-pixel-o10a-2\/","title":{"rendered":"\u0110\u00e8n LED \u0111i\u1ec3m Pixel VL O10A"},"content":{"rendered":"<h2 style=\"text-align: justify;\"><span style=\"font-size: 18pt;\">\u0110\u00e8n Led \u0111i\u1ec3m Pixel VL O10A: S\u00e1ng T\u1ea1o V\u00f4 H\u1ea1n T\u1ea1i \u0110i\u1ec3m Nh\u1ea5n.\u00a0<\/span><\/h2>\n<p style=\"text-align: justify;\"><span style=\"font-size: 14pt;\">B\u1ea1n \u0111ang t\u00ecm ki\u1ebfm gi\u1ea3i ph\u00e1p chi\u1ebfu s\u00e1ng \u0111\u1ed9c \u0111\u00e1o \u0111\u1ec3 l\u00e0m n\u1ed5i b\u1eadt kh\u00f4ng gian c\u1ee7a m\u00ecnh? H\u00e3y c\u00f9ng ch\u00e0o \u0111\u00f3n O10A Pixel LED Light &#8211; m\u1ed9t t\u00e1c ph\u1ea9m s\u00e1ng t\u1ea1o v\u1edbi nh\u1eefng th\u00f4ng s\u1ed1 k\u1ef9 thu\u1eadt \u1ea5n t\u01b0\u1ee3ng:S\u1ea3n ph\u1ea9m ph\u00f9 h\u1ee3p \u0111\u1ec3 s\u1eed d\u1ee5ng cho c\u00e1c c\u00f4ng tr\u00ecnh chi\u1ebfu s\u00e1ng trang tr\u00ed l\u1ec5 h\u1ed9i, chi\u1ebfu s\u00e1ng trang tr\u00ed cho c\u00e1c c\u00f4ng tr\u00ecnh c\u00f4ng c\u1ed9ng v\u00e0 nhi\u1ec1u \u1ee9ng d\u1ee5ng th\u1ef1c ti\u1ec5n trong cu\u1ed9c s\u1ed1ng.\u00a0<\/span><\/p>\n<p style=\"text-align: justify;\"><span style=\"font-size: 14pt;\">V\u1edbi \u0111i\u1ec7n \u00e1p DC12V v\u00e0 c\u00f4ng su\u1ea5t ch\u1ec9 0.7W, \u0111\u00e8n LED \u0111i\u1ec3m Pixel O10A kh\u00f4ng ch\u1ec9 ti\u1ebft ki\u1ec7m n\u0103ng l\u01b0\u1ee3ng m\u00e0 c\u00f2n mang \u0111\u1ebfn hi\u1ec7u su\u1ea5t \u00e1nh s\u00e1ng tuy\u1ec7t v\u1eddi. Kh\u00f4ng gian c\u1ee7a b\u1ea1n s\u1ebd \u0111\u01b0\u1ee3c bao ph\u1ee7 b\u1edfi \u00e1nh s\u00e1ng \u0111a d\u1ea1ng v\u00e0 \u0111\u1ed9 s\u00e1ng \u0111\u1eb7c bi\u1ec7t.<\/span><\/p>\n<p style=\"text-align: justify;\"><span style=\"font-size: 14pt;\">Ch\u1ebf \u0111\u1ed9 hi\u1ec3n th\u1ecb RGB\/W cho ph\u00e9p b\u1ea1n t\u1ea1o ra nh\u1eefng hi\u1ec7u \u1ee9ng m\u00e0u s\u1eafc \u0111\u1ed9c \u0111\u00e1o. Ch\u1ecdn t\u1eeb \u0111\u1ecf, xanh l\u00e1 c\u00e2y, xanh d\u01b0\u01a1ng v\u00e0 \u00e1nh s\u00e1ng tr\u1eafng \u0111\u1ec3 th\u1ec3 hi\u1ec7n t\u00e2m tr\u1ea1ng v\u00e0 phong c\u00e1ch ri\u00eang c\u1ee7a b\u1ea1n. S\u1ef1 \u0111a d\u1ea1ng m\u00e0u s\u1eafc s\u1ebd l\u00e0m cho kh\u00f4ng gian tr\u1edf n\u00ean s\u1ed1ng \u0111\u1ed9ng h\u01a1n bao gi\u1edd h\u1ebft.<\/span><\/p>\n<p style=\"text-align: justify;\"><span style=\"font-size: 14pt;\">V\u1edbi s\u1ef1 k\u1ebft h\u1ee3p gi\u1eefa lo\u1ea1i \u0111\u00e8n 3535RGB cho m\u00e0u s\u1eafc RGB v\u00e0 2835W cho \u00e1nh s\u00e1ng tr\u1eafng, O10A mang \u0111\u1ebfn s\u1ef1 \u1ed5n \u0111\u1ecbnh v\u00e0 \u0111\u1ed9 tin c\u1eady cao trong tr\u1ea3i nghi\u1ec7m \u00e1nh s\u00e1ng. B\u1ea1n c\u00f3 th\u1ec3 ho\u00e0n to\u00e0n y\u00ean t\u00e2m v\u1ec1 ch\u1ea5t l\u01b0\u1ee3ng \u00e1nh s\u00e1ng v\u00e0 hi\u1ec7u su\u1ea5t.<\/span><\/p>\n<p style=\"text-align: justify;\"><span style=\"font-size: 14pt;\">V\u1edbi ch\u1ebf \u0111\u1ed9 \u0111i\u1ec1u khi\u1ec3n SPI, b\u1ea1n c\u00f3 quy\u1ec1n ki\u1ec3m so\u00e1t ho\u00e0n to\u00e0n \u00e1nh s\u00e1ng. T\u1ea1o ra c\u00e1c hi\u1ec7u \u1ee9ng \u00e1nh s\u00e1ng \u0111\u1ed9c \u0111\u00e1o, \u0111i\u1ec1u ch\u1ec9nh \u0111\u1ed9 s\u00e1ng v\u00e0 t\u1ea1o ra nh\u1eefng tr\u1ea3i nghi\u1ec7m \u00e1nh s\u00e1ng \u0111\u1ed9c \u0111\u00e1o theo \u00fd th\u00edch c\u1ee7a b\u1ea1n.<\/span><\/p>\n<p style=\"text-align: justify;\"><span style=\"font-size: 14pt;\">V\u1edbi v\u1ecf \u0111\u00e8n b\u1eb1ng polycarbonate (PC) v\u00e0 d\u00e2y b\u1ecdc b\u1edfi PVC+copper (PVC v\u00e0 l\u00f5i \u0111\u1ed3ng), O10A kh\u00f4ng ch\u1ec9 mang \u0111\u1ebfn s\u1ef1 sang tr\u1ecdng m\u00e0 c\u00f2n \u0111\u1ea3m b\u1ea3o t\u00ednh b\u1ec1n v\u1eefng theo th\u1eddi gian. \u0110\u00e8n LED \u0110i\u1ec3m Pixel O10A s\u1ebd l\u00e0 \u0111i\u1ec3m nh\u1ea5n ho\u00e0n h\u1ea3o cho m\u1ecdi kh\u00f4ng gian n\u1ed9i th\u1ea5t v\u00e0 ngo\u1ea1i th\u1ea5t.<\/span><\/p>\n<p style=\"text-align: justify;\"><span style=\"font-size: 14pt;\">Kh\u00e1m ph\u00e1 ti\u1ec1m n\u0103ng v\u00f4 h\u1ea1n c\u1ee7a \u00e1nh s\u00e1ng v\u1edbi \u0111\u00e8n LED \u0110i\u1ec3m Pixel O10A. H\u00e3y \u0111\u1ec3 s\u1ef1 s\u00e1ng t\u1ea1o c\u1ee7a b\u1ea1n t\u1ecfa s\u00e1ng qua t\u1eebng pixel, t\u1ea1o ra kh\u00f4ng gian s\u1ed1ng \u0111\u1ed9ng v\u00e0 th\u00fa v\u1ecb h\u01a1n bao gi\u1edd h\u1ebft.<\/span><\/p>\n<p>&nbsp;<\/p>\n<p style=\"text-align: justify;\"><span style=\"font-size: 14pt;\"><a href=\"https:\/\/vilight.vn\/website\/wp-content\/uploads\/2023\/08\/O10A-.jpg\"><img decoding=\"async\" class=\"aligncenter wp-image-4414 size-full lazyload\" data-src=\"https:\/\/vilight.vn\/website\/wp-content\/uploads\/2023\/08\/O10A-.jpg\" alt=\"\u0110\u00e8n Led \u0111i\u1ec3m Pixel O10A\" width=\"1200\" height=\"189\" data-srcset=\"https:\/\/vilight.vn\/website\/wp-content\/uploads\/2023\/08\/O10A-.jpg 1200w, https:\/\/vilight.vn\/website\/wp-content\/uploads\/2023\/08\/O10A--800x126.jpg 800w, https:\/\/vilight.vn\/website\/wp-content\/uploads\/2023\/08\/O10A--300x47.jpg 300w, https:\/\/vilight.vn\/website\/wp-content\/uploads\/2023\/08\/O10A--1024x161.jpg 1024w, https:\/\/vilight.vn\/website\/wp-content\/uploads\/2023\/08\/O10A--768x121.jpg 768w, https:\/\/vilight.vn\/website\/wp-content\/uploads\/2023\/08\/O10A--150x24.jpg 150w, https:\/\/vilight.vn\/website\/wp-content\/uploads\/2023\/08\/O10A--480x76.jpg 480w\" data-sizes=\"(max-width:767px) 480px, (max-width:1200px) 100vw, 1200px\" src=\"data:image\/svg+xml;base64,PHN2ZyB3aWR0aD0iMSIgaGVpZ2h0PSIxIiB4bWxucz0iaHR0cDovL3d3dy53My5vcmcvMjAwMC9zdmciPjwvc3ZnPg==\" style=\"--smush-placeholder-width: 1200px; --smush-placeholder-aspect-ratio: 1200\/189;\" \/><\/a><\/span><\/p>\n<p><span style=\"font-size: 14pt;\">M\u1ed9t s\u1ed1 m\u1eabu \u0111\u00e8n chuy\u00ean d\u00f9ng trong trang tr\u00ed chi\u1ebfu s\u00e1ng trang tr\u00ed l\u1ec5 h\u1ed9i b\u1ea1n c\u00f3 th\u1ec3 tham kh\u1ea3o <a href=\"https:\/\/vilight.vn\/website\/danh-muc-san-pham\/den-led-pixel\/trang-tri\/\">t\u1ea1i \u0111\u00e2y\u00a0<\/a><\/span><\/p>\n","protected":false},"excerpt":{"rendered":"<p style=\"text-align: justify;\"><span style=\"font-size: 14pt;\">\u0110\u00e8n LED \u0110i\u1ec3m Pixel O10A: \u00c1nh s\u00e1ng \u0111a d\u1ea1ng RGB\/W, \u0111i\u1ec1u khi\u1ec3n th\u00f4ng qua SPI. Thi\u1ebft k\u1ebf b\u1ec1n b\u1ec9 v\u1edbi v\u1ecf PC v\u00e0 d\u00e2y PVC+copper. S\u00e1ng t\u1ea1o kh\u00f4ng gi\u1edbi h\u1ea1n!<\/span><\/p>\n","protected":false},"featured_media":4415,"template":"","meta":[],"product_brand":[],"product_cat":[77,313,627],"product_tag":[],"class_list":{"0":"post-4412","1":"product","2":"type-product","3":"status-publish","4":"has-post-thumbnail","6":"product_cat-den-led-pixel","7":"product_cat-trang-tri","8":"product_cat-o-series","10":"first","11":"instock","12":"taxable","13":"shipping-taxable","14":"product-type-simple"},"yoast_head":"<!-- This site is optimized with the Yoast SEO Premium plugin v27.4 (Yoast SEO v27.4) - https:\/\/yoast.com\/product\/yoast-seo-premium-wordpress\/ -->\n<title>\u0110\u00e8n LED \u0111i\u1ec3m Pixel VL O10A - Vilight Co.ltd<\/title>\n<meta name=\"description\" content=\"\u0110\u00e8n LED \u0110i\u1ec3m Pixel 0.7W O10A: \u00c1nh s\u00e1ng \u0111a d\u1ea1ng RGB\/W, \u0111i\u1ec1u khi\u1ec3n th\u00f4ng qua SPI. Thi\u1ebft k\u1ebf b\u1ec1n b\u1ec9 v\u1edbi v\u1ecf PC v\u00e0 d\u00e2y PVC+copper. S\u00e1ng t\u1ea1o kh\u00f4ng gi\u1edbi h\u1ea1n!\" \/>\n<meta name=\"robots\" content=\"index, follow, max-snippet:-1, max-image-preview:large, max-video-preview:-1\" \/>\n<link rel=\"canonical\" href=\"https:\/\/vilight.vn\/website\/san-pham\/den-led-pixel\/den-led-diem-pixel-o10a-2\/\" \/>\n<meta property=\"og:locale\" content=\"vi_VN\" \/>\n<meta property=\"og:type\" content=\"article\" \/>\n<meta property=\"og:title\" content=\"\u0110\u00e8n LED \u0111i\u1ec3m Pixel VL O10A\" \/>\n<meta property=\"og:description\" content=\"\u0110\u00e8n LED \u0110i\u1ec3m Pixel O10A: \u00c1nh s\u00e1ng \u0111a d\u1ea1ng RGB\/W, \u0111i\u1ec1u khi\u1ec3n th\u00f4ng qua SPI. Thi\u1ebft k\u1ebf b\u1ec1n b\u1ec9 v\u1edbi v\u1ecf PC v\u00e0 d\u00e2y PVC+copper. S\u00e1ng t\u1ea1o kh\u00f4ng gi\u1edbi h\u1ea1n!\" \/>\n<meta property=\"og:url\" content=\"https:\/\/vilight.vn\/website\/san-pham\/den-led-pixel\/den-led-diem-pixel-o10a-2\/\" \/>\n<meta property=\"og:site_name\" content=\"Vilight Co.ltd\" \/>\n<meta property=\"article:publisher\" content=\"http:\/\/facebook.com\/vilight.vn\" \/>\n<meta property=\"article:modified_time\" content=\"2024-10-01T08:03:13+00:00\" \/>\n<meta property=\"og:image\" content=\"https:\/\/vilight.vn\/website\/wp-content\/uploads\/2023\/08\/O10A-2.jpg\" \/>\n\t<meta property=\"og:image:width\" content=\"600\" \/>\n\t<meta property=\"og:image:height\" content=\"654\" \/>\n\t<meta property=\"og:image:type\" content=\"image\/jpeg\" \/>\n<meta name=\"twitter:card\" content=\"summary_large_image\" \/>\n<meta name=\"twitter:label1\" content=\"Gi\u00e1\" \/>\n\t<meta name=\"twitter:data1\" content=\"\" \/>\n\t<meta name=\"twitter:label2\" content=\"Kh\u1ea3 d\u1ee5ng\" \/>\n\t<meta name=\"twitter:data2\" content=\"Trong kho\" \/>\n<script type=\"application\/ld+json\" class=\"yoast-schema-graph\">{\"@context\":\"https:\\\/\\\/schema.org\",\"@graph\":[{\"@type\":\"WebPage\",\"@id\":\"https:\\\/\\\/vilight.vn\\\/website\\\/san-pham\\\/den-led-pixel\\\/den-led-diem-pixel-o10a-2\\\/\",\"url\":\"https:\\\/\\\/vilight.vn\\\/website\\\/san-pham\\\/den-led-pixel\\\/den-led-diem-pixel-o10a-2\\\/\",\"name\":\"\u0110\u00e8n LED \u0111i\u1ec3m Pixel VL O10A - Vilight Co.ltd\",\"isPartOf\":{\"@id\":\"https:\\\/\\\/vilight.vn\\\/website\\\/#website\"},\"primaryImageOfPage\":{\"@id\":\"https:\\\/\\\/vilight.vn\\\/website\\\/san-pham\\\/den-led-pixel\\\/den-led-diem-pixel-o10a-2\\\/#primaryimage\"},\"image\":{\"@id\":\"https:\\\/\\\/vilight.vn\\\/website\\\/san-pham\\\/den-led-pixel\\\/den-led-diem-pixel-o10a-2\\\/#primaryimage\"},\"thumbnailUrl\":\"https:\\\/\\\/vilight.vn\\\/website\\\/wp-content\\\/uploads\\\/2023\\\/08\\\/O10A-2.jpg\",\"datePublished\":\"2023-08-18T08:32:06+00:00\",\"dateModified\":\"2024-10-01T08:03:13+00:00\",\"description\":\"\u0110\u00e8n LED \u0110i\u1ec3m Pixel 0.7W O10A: \u00c1nh s\u00e1ng \u0111a d\u1ea1ng RGB\\\/W, \u0111i\u1ec1u khi\u1ec3n th\u00f4ng qua SPI. Thi\u1ebft k\u1ebf b\u1ec1n b\u1ec9 v\u1edbi v\u1ecf PC v\u00e0 d\u00e2y PVC+copper. S\u00e1ng t\u1ea1o kh\u00f4ng gi\u1edbi h\u1ea1n!\",\"breadcrumb\":{\"@id\":\"https:\\\/\\\/vilight.vn\\\/website\\\/san-pham\\\/den-led-pixel\\\/den-led-diem-pixel-o10a-2\\\/#breadcrumb\"},\"inLanguage\":\"vi\",\"potentialAction\":[{\"@type\":\"ReadAction\",\"target\":[\"https:\\\/\\\/vilight.vn\\\/website\\\/san-pham\\\/den-led-pixel\\\/den-led-diem-pixel-o10a-2\\\/\"]}]},{\"@type\":\"ImageObject\",\"inLanguage\":\"vi\",\"@id\":\"https:\\\/\\\/vilight.vn\\\/website\\\/san-pham\\\/den-led-pixel\\\/den-led-diem-pixel-o10a-2\\\/#primaryimage\",\"url\":\"https:\\\/\\\/vilight.vn\\\/website\\\/wp-content\\\/uploads\\\/2023\\\/08\\\/O10A-2.jpg\",\"contentUrl\":\"https:\\\/\\\/vilight.vn\\\/website\\\/wp-content\\\/uploads\\\/2023\\\/08\\\/O10A-2.jpg\",\"width\":600,\"height\":654,\"caption\":\"\u0110\u00e8n Led \u0111i\u1ec3m Pixel O10A\"},{\"@type\":\"BreadcrumbList\",\"@id\":\"https:\\\/\\\/vilight.vn\\\/website\\\/san-pham\\\/den-led-pixel\\\/den-led-diem-pixel-o10a-2\\\/#breadcrumb\",\"itemListElement\":[{\"@type\":\"ListItem\",\"position\":1,\"name\":\"Home\",\"item\":\"https:\\\/\\\/vilight.vn\\\/website\\\/\"},{\"@type\":\"ListItem\",\"position\":2,\"name\":\"store\",\"item\":\"https:\\\/\\\/vilight.vn\\\/website\\\/store\\\/\"},{\"@type\":\"ListItem\",\"position\":3,\"name\":\"\u0110\u00e8n LED \u0111i\u1ec3m Pixel VL O10A\"}]},{\"@type\":\"WebSite\",\"@id\":\"https:\\\/\\\/vilight.vn\\\/website\\\/#website\",\"url\":\"https:\\\/\\\/vilight.vn\\\/website\\\/\",\"name\":\"Vilight Co.ltd\",\"description\":\"Chi\u1ebfu s\u00e1ng m\u1ef9 thu\u1eadt, chi\u1ebfu s\u00e1ng th\u00f4ng minh, LED Pixel 3D, chi\u1ebfu s\u00e1ng trang tr\u00ed \u0111\u00f4 th\u1ecb, chi\u1ebfu s\u00e1ng v\u00f2ng xoay, chi\u1ebfu s\u00e1ng \u0111\u1ea3o giao th\u00f4ng, c\u1ed5ng ch\u00e0o \u0111\u00f4 th\u1ecb\",\"publisher\":{\"@id\":\"https:\\\/\\\/vilight.vn\\\/website\\\/#organization\"},\"potentialAction\":[{\"@type\":\"SearchAction\",\"target\":{\"@type\":\"EntryPoint\",\"urlTemplate\":\"https:\\\/\\\/vilight.vn\\\/website\\\/?s={search_term_string}\"},\"query-input\":{\"@type\":\"PropertyValueSpecification\",\"valueRequired\":true,\"valueName\":\"search_term_string\"}}],\"inLanguage\":\"vi\"},{\"@type\":\"Organization\",\"@id\":\"https:\\\/\\\/vilight.vn\\\/website\\\/#organization\",\"name\":\"Vilight\",\"url\":\"https:\\\/\\\/vilight.vn\\\/website\\\/\",\"logo\":{\"@type\":\"ImageObject\",\"inLanguage\":\"vi\",\"@id\":\"https:\\\/\\\/vilight.vn\\\/website\\\/#\\\/schema\\\/logo\\\/image\\\/\",\"url\":\"https:\\\/\\\/vilight.vn\\\/website\\\/wp-content\\\/uploads\\\/2022\\\/05\\\/chieu_sang_trang_tri_do_thi_bang_den_led_pixel.png\",\"contentUrl\":\"https:\\\/\\\/vilight.vn\\\/website\\\/wp-content\\\/uploads\\\/2022\\\/05\\\/chieu_sang_trang_tri_do_thi_bang_den_led_pixel.png\",\"width\":800,\"height\":427,\"caption\":\"Vilight\"},\"image\":{\"@id\":\"https:\\\/\\\/vilight.vn\\\/website\\\/#\\\/schema\\\/logo\\\/image\\\/\"},\"sameAs\":[\"http:\\\/\\\/facebook.com\\\/vilight.vn\",\"https:\\\/\\\/www.linkedin.com\\\/company\\\/vilight-vn\",\"https:\\\/\\\/www.youtube.com\\\/channel\\\/UCEwR2naeDcuarMX1kSv_rLQ\\\/videos\"]}]}<\/script>\n<meta property=\"product:brand\" content=\"\u0110\u00e8n LED Pixel\" \/>\n<meta property=\"product:price:currency\" content=\"VND\" \/>\n<meta property=\"og:availability\" content=\"instock\" \/>\n<meta property=\"product:availability\" content=\"instock\" \/>\n<meta property=\"product:condition\" content=\"new\" \/>\n<!-- \/ Yoast SEO Premium plugin. -->","yoast_head_json":{"title":"\u0110\u00e8n LED \u0111i\u1ec3m Pixel VL O10A - Vilight Co.ltd","description":"\u0110\u00e8n LED \u0110i\u1ec3m Pixel 0.7W O10A: \u00c1nh s\u00e1ng \u0111a d\u1ea1ng RGB\/W, \u0111i\u1ec1u khi\u1ec3n th\u00f4ng qua SPI. Thi\u1ebft k\u1ebf b\u1ec1n b\u1ec9 v\u1edbi v\u1ecf PC v\u00e0 d\u00e2y PVC+copper. S\u00e1ng t\u1ea1o kh\u00f4ng gi\u1edbi h\u1ea1n!","robots":{"index":"index","follow":"follow","max-snippet":"max-snippet:-1","max-image-preview":"max-image-preview:large","max-video-preview":"max-video-preview:-1"},"canonical":"https:\/\/vilight.vn\/website\/san-pham\/den-led-pixel\/den-led-diem-pixel-o10a-2\/","og_locale":"vi_VN","og_type":"article","og_title":"\u0110\u00e8n LED \u0111i\u1ec3m Pixel VL O10A","og_description":"\u0110\u00e8n LED \u0110i\u1ec3m Pixel O10A: \u00c1nh s\u00e1ng \u0111a d\u1ea1ng RGB\/W, \u0111i\u1ec1u khi\u1ec3n th\u00f4ng qua SPI. Thi\u1ebft k\u1ebf b\u1ec1n b\u1ec9 v\u1edbi v\u1ecf PC v\u00e0 d\u00e2y PVC+copper. S\u00e1ng t\u1ea1o kh\u00f4ng gi\u1edbi h\u1ea1n!","og_url":"https:\/\/vilight.vn\/website\/san-pham\/den-led-pixel\/den-led-diem-pixel-o10a-2\/","og_site_name":"Vilight Co.ltd","article_publisher":"http:\/\/facebook.com\/vilight.vn","article_modified_time":"2024-10-01T08:03:13+00:00","og_image":[{"width":600,"height":654,"url":"https:\/\/vilight.vn\/website\/wp-content\/uploads\/2023\/08\/O10A-2.jpg","type":"image\/jpeg"}],"twitter_card":"summary_large_image","twitter_misc":{"Gi\u00e1":"","Kh\u1ea3 d\u1ee5ng":"Trong kho"},"schema":{"@context":"https:\/\/schema.org","@graph":[{"@type":"WebPage","@id":"https:\/\/vilight.vn\/website\/san-pham\/den-led-pixel\/den-led-diem-pixel-o10a-2\/","url":"https:\/\/vilight.vn\/website\/san-pham\/den-led-pixel\/den-led-diem-pixel-o10a-2\/","name":"\u0110\u00e8n LED \u0111i\u1ec3m Pixel VL O10A - Vilight Co.ltd","isPartOf":{"@id":"https:\/\/vilight.vn\/website\/#website"},"primaryImageOfPage":{"@id":"https:\/\/vilight.vn\/website\/san-pham\/den-led-pixel\/den-led-diem-pixel-o10a-2\/#primaryimage"},"image":{"@id":"https:\/\/vilight.vn\/website\/san-pham\/den-led-pixel\/den-led-diem-pixel-o10a-2\/#primaryimage"},"thumbnailUrl":"https:\/\/vilight.vn\/website\/wp-content\/uploads\/2023\/08\/O10A-2.jpg","datePublished":"2023-08-18T08:32:06+00:00","dateModified":"2024-10-01T08:03:13+00:00","description":"\u0110\u00e8n LED \u0110i\u1ec3m Pixel 0.7W O10A: \u00c1nh s\u00e1ng \u0111a d\u1ea1ng RGB\/W, \u0111i\u1ec1u khi\u1ec3n th\u00f4ng qua SPI. Thi\u1ebft k\u1ebf b\u1ec1n b\u1ec9 v\u1edbi v\u1ecf PC v\u00e0 d\u00e2y PVC+copper. S\u00e1ng t\u1ea1o kh\u00f4ng gi\u1edbi h\u1ea1n!","breadcrumb":{"@id":"https:\/\/vilight.vn\/website\/san-pham\/den-led-pixel\/den-led-diem-pixel-o10a-2\/#breadcrumb"},"inLanguage":"vi","potentialAction":[{"@type":"ReadAction","target":["https:\/\/vilight.vn\/website\/san-pham\/den-led-pixel\/den-led-diem-pixel-o10a-2\/"]}]},{"@type":"ImageObject","inLanguage":"vi","@id":"https:\/\/vilight.vn\/website\/san-pham\/den-led-pixel\/den-led-diem-pixel-o10a-2\/#primaryimage","url":"https:\/\/vilight.vn\/website\/wp-content\/uploads\/2023\/08\/O10A-2.jpg","contentUrl":"https:\/\/vilight.vn\/website\/wp-content\/uploads\/2023\/08\/O10A-2.jpg","width":600,"height":654,"caption":"\u0110\u00e8n Led \u0111i\u1ec3m Pixel O10A"},{"@type":"BreadcrumbList","@id":"https:\/\/vilight.vn\/website\/san-pham\/den-led-pixel\/den-led-diem-pixel-o10a-2\/#breadcrumb","itemListElement":[{"@type":"ListItem","position":1,"name":"Home","item":"https:\/\/vilight.vn\/website\/"},{"@type":"ListItem","position":2,"name":"store","item":"https:\/\/vilight.vn\/website\/store\/"},{"@type":"ListItem","position":3,"name":"\u0110\u00e8n LED \u0111i\u1ec3m Pixel VL O10A"}]},{"@type":"WebSite","@id":"https:\/\/vilight.vn\/website\/#website","url":"https:\/\/vilight.vn\/website\/","name":"Vilight Co.ltd","description":"Chi\u1ebfu s\u00e1ng m\u1ef9 thu\u1eadt, chi\u1ebfu s\u00e1ng th\u00f4ng minh, LED Pixel 3D, chi\u1ebfu s\u00e1ng trang tr\u00ed \u0111\u00f4 th\u1ecb, chi\u1ebfu s\u00e1ng v\u00f2ng xoay, chi\u1ebfu s\u00e1ng \u0111\u1ea3o giao th\u00f4ng, c\u1ed5ng ch\u00e0o \u0111\u00f4 th\u1ecb","publisher":{"@id":"https:\/\/vilight.vn\/website\/#organization"},"potentialAction":[{"@type":"SearchAction","target":{"@type":"EntryPoint","urlTemplate":"https:\/\/vilight.vn\/website\/?s={search_term_string}"},"query-input":{"@type":"PropertyValueSpecification","valueRequired":true,"valueName":"search_term_string"}}],"inLanguage":"vi"},{"@type":"Organization","@id":"https:\/\/vilight.vn\/website\/#organization","name":"Vilight","url":"https:\/\/vilight.vn\/website\/","logo":{"@type":"ImageObject","inLanguage":"vi","@id":"https:\/\/vilight.vn\/website\/#\/schema\/logo\/image\/","url":"https:\/\/vilight.vn\/website\/wp-content\/uploads\/2022\/05\/chieu_sang_trang_tri_do_thi_bang_den_led_pixel.png","contentUrl":"https:\/\/vilight.vn\/website\/wp-content\/uploads\/2022\/05\/chieu_sang_trang_tri_do_thi_bang_den_led_pixel.png","width":800,"height":427,"caption":"Vilight"},"image":{"@id":"https:\/\/vilight.vn\/website\/#\/schema\/logo\/image\/"},"sameAs":["http:\/\/facebook.com\/vilight.vn","https:\/\/www.linkedin.com\/company\/vilight-vn","https:\/\/www.youtube.com\/channel\/UCEwR2naeDcuarMX1kSv_rLQ\/videos"]}]},"product_brand":"\u0110\u00e8n LED Pixel","product_price_currency":"VND","og_availability":"instock","product_availability":"instock","product_condition":"new"},"_links":{"self":[{"href":"https:\/\/vilight.vn\/website\/wp-json\/wp\/v2\/product\/4412","targetHints":{"allow":["GET"]}}],"collection":[{"href":"https:\/\/vilight.vn\/website\/wp-json\/wp\/v2\/product"}],"about":[{"href":"https:\/\/vilight.vn\/website\/wp-json\/wp\/v2\/types\/product"}],"wp:featuredmedia":[{"embeddable":true,"href":"https:\/\/vilight.vn\/website\/wp-json\/wp\/v2\/media\/4415"}],"wp:attachment":[{"href":"https:\/\/vilight.vn\/website\/wp-json\/wp\/v2\/media?parent=4412"}],"wp:term":[{"taxonomy":"product_brand","embeddable":true,"href":"https:\/\/vilight.vn\/website\/wp-json\/wp\/v2\/product_brand?post=4412"},{"taxonomy":"product_cat","embeddable":true,"href":"https:\/\/vilight.vn\/website\/wp-json\/wp\/v2\/product_cat?post=4412"},{"taxonomy":"product_tag","embeddable":true,"href":"https:\/\/vilight.vn\/website\/wp-json\/wp\/v2\/product_tag?post=4412"}],"curies":[{"name":"wp","href":"https:\/\/api.w.org\/{rel}","templated":true}]}}