{"id":4423,"date":"2023-08-21T08:51:49","date_gmt":"2023-08-21T01:51:49","guid":{"rendered":"https:\/\/vilight.vn\/website\/?post_type=product&#038;p=4423"},"modified":"2024-10-01T15:02:27","modified_gmt":"2024-10-01T08:02:27","slug":"den-led-diem-pixel-o50c-o50d","status":"publish","type":"product","link":"https:\/\/vilight.vn\/website\/san-pham\/den-led-pixel\/den-led-diem-pixel-o50c-o50d\/","title":{"rendered":"\u0110\u00e8n LED \u0111i\u1ec3m Pixel VL O50C &#8211; O50D"},"content":{"rendered":"<h2 style=\"text-align: justify;\"><span style=\"font-size: 18pt;\">\u0110\u00e8n Led \u0111i\u1ec3m Pixel VL O50C &#8211; O50D &#8211; S\u00e1ng T\u1ea1o V\u00f4 Gi\u1edbi H\u1ea1n.\u00a0<\/span><\/h2>\n<p style=\"text-align: justify;\"><span style=\"font-size: 14pt;\">B\u1ea1n \u0111ang t\u00ecm ki\u1ebfm gi\u1ea3i ph\u00e1p chi\u1ebfu s\u00e1ng \u0111\u1ed9c \u0111\u00e1o v\u00e0 \u1ea5n t\u01b0\u1ee3ng cho kh\u00f4ng gian c\u1ee7a m\u00ecnh? \u0110\u00e8n LED \u0110i\u1ec3m Pixel O50C\/O50D ch\u1eafc ch\u1eafn s\u1ebd l\u00e0 s\u1ef1 l\u1ef1a ch\u1ecdn tuy\u1ec7t v\u1eddi cho nh\u1eefng \u00fd t\u01b0\u1edfng s\u00e1ng t\u1ea1o v\u00e0 \u0111\u1ed9c \u0111\u00e1o c\u1ee7a b\u1ea1n. V\u1edbi c\u00e1c th\u00f4ng s\u1ed1 k\u1ef9 thu\u1eadt \u0111\u00e1ng kinh ng\u1ea1c, s\u1ea3n ph\u1ea9m n\u00e0y h\u1ee9a h\u1eb9n mang \u0111\u1ebfn m\u1ed9t tr\u1ea3i nghi\u1ec7m \u00e1nh s\u00e1ng \u0111\u1ed9c \u0111\u00e1o v\u00e0 kh\u00f4ng gi\u1edbi h\u1ea1n. S\u1ea3n ph\u1ea9m ph\u00f9 h\u1ee3p \u0111\u1ec3 s\u1eed d\u1ee5ng cho c\u00e1c c\u00f4ng tr\u00ecnh chi\u1ebfu s\u00e1ng trang tr\u00ed l\u1ec5 h\u1ed9i, chi\u1ebfu s\u00e1ng trang tr\u00ed cho c\u00e1c c\u00f4ng tr\u00ecnh c\u00f4ng c\u1ed9ng v\u00e0 nhi\u1ec1u \u1ee9ng d\u1ee5ng th\u1ef1c ti\u1ec5n trong cu\u1ed9c s\u1ed1ng.\u00a0<\/span><\/p>\n<p style=\"text-align: justify;\"><span style=\"font-size: 14pt;\">Ch\u1ea5t L\u01b0\u1ee3ng \u00c1nh S\u00e1ng Tuy\u1ec7t H\u1ea3o:<\/span><br \/>\n<span style=\"font-size: 14pt;\">V\u1edbi hi\u1ec3n th\u1ecb m\u00e0u s\u1eafc \u0111a d\u1ea1ng, \u0110\u00e8n Led \u0111i\u1ec3m O50C &#8211; O50D cho ph\u00e9p b\u1ea1n t\u1ea1o ra nh\u1eefng hi\u1ec7u \u1ee9ng \u00e1nh s\u00e1ng t\u00f9y ch\u1ec9nh theo \u00fd th\u00edch. B\u1ea1n c\u00f3 th\u1ec3 thay \u0111\u1ed5i m\u00e0u s\u1eafc \u0111\u1ec3 t\u1ea1o ra kh\u00f4ng gian \u1ea5n t\u01b0\u1ee3ng ho\u1eb7c ch\u1ecdn m\u00e0u tr\u1eafng s\u00e1ng \u0111\u1ec3 t\u1ea1o \u0111i\u1ec3m nh\u1ea5n v\u01b0\u1ee3t tr\u1ed9i.<\/span><\/p>\n<p style=\"text-align: justify;\"><span style=\"font-size: 14pt;\">S\u00e1ng T\u1ea1o Kh\u00f4ng Gi\u1edbi H\u1ea1n:<\/span><br \/>\n<span style=\"font-size: 14pt;\">V\u1edbi kh\u1ea3 n\u0103ng hi\u1ec3n th\u1ecb RGB ho\u1eb7c m\u00e0u tr\u1eafng, b\u1ea1n c\u00f3 th\u1ec3 th\u1ec3 hi\u1ec7n s\u1ef1 s\u00e1ng t\u1ea1o kh\u00f4ng gi\u1edbi h\u1ea1n th\u00f4ng qua s\u1ea3n ph\u1ea9m n\u00e0y. T\u1eeb vi\u1ec7c t\u1ea1o n\u00ean c\u00e1c bi\u1ec3u t\u01b0\u1ee3ng, h\u00ecnh v\u1ebd \u0111\u1ed9c \u0111\u00e1o cho \u0111\u1ebfn vi\u1ec7c t\u1ea1o ra c\u00e1c hi\u1ec7u \u1ee9ng ch\u1edbp s\u00e1ng v\u00e0 chuy\u1ec3n \u0111\u1ed9ng, ch\u1ec9 c\u1ea7n m\u1ed9t ch\u00fat t\u01b0\u1edfng t\u01b0\u1ee3ng, b\u1ea1n c\u00f3 th\u1ec3 bi\u1ebfn nh\u1eefng \u00fd t\u01b0\u1edfng c\u1ee7a m\u00ecnh th\u00e0nh hi\u1ec7n th\u1ef1c \u00e1nh s\u00e1ng \u0111\u1ed9c \u0111\u00e1o.<\/span><\/p>\n<p style=\"text-align: justify;\"><span style=\"font-size: 14pt;\">D\u1ec5 D\u00e0ng \u0110i\u1ec1u Khi\u1ec3n:<\/span><br \/>\n<span style=\"font-size: 14pt;\">V\u1edbi ch\u1ebf \u0111\u1ed9 \u0111i\u1ec1u khi\u1ec3n th\u00f4ng qua giao th\u1ee9c SPI, vi\u1ec7c thay \u0111\u1ed5i m\u00e0u s\u1eafc v\u00e0 hi\u1ec7u \u1ee9ng \u00e1nh s\u00e1ng tr\u1edf n\u00ean d\u1ec5 d\u00e0ng h\u01a1n bao gi\u1edd h\u1ebft. B\u1ea1n c\u00f3 th\u1ec3 linh ho\u1ea1t \u0111i\u1ec1u ch\u1ec9nh t\u1eeb xa \u0111\u1ec3 ph\u00f9 h\u1ee3p v\u1edbi kh\u00f4ng gian v\u00e0 s\u1ef1 ki\u1ec7n c\u1ee5 th\u1ec3.<\/span><\/p>\n<p style=\"text-align: justify;\"><span style=\"font-size: 14pt;\">Ch\u1ea5t L\u01b0\u1ee3ng \u0110\u1ec9nh Cao:<\/span><br \/>\n<span style=\"font-size: 14pt;\">V\u1edbi v\u1ecf b\u1ecdc b\u1eb1ng nh\u1ef1a polycarbonate (PC) v\u00e0 d\u00e2y ngu\u1ed3n b\u1ec1n b\u1ec9 l\u00e0m t\u1eeb PVC v\u00e0 \u0111\u1ed3ng, \u0111\u00e8n LED \u0110i\u1ec3m Pixel O50C\/O50D \u0111\u1ea3m b\u1ea3o s\u1ef1 b\u1ec1n v\u1eefng v\u00e0 an to\u00e0n trong su\u1ed1t th\u1eddi gian d\u00e0i s\u1eed d\u1ee5ng.<\/span><\/p>\n<p style=\"text-align: justify;\"><span style=\"font-size: 14pt;\">\u1ee8ng D\u1ee5ng \u0110a D\u1ea1ng:<\/span><br \/>\n<span style=\"font-size: 14pt;\">V\u1edbi kh\u1ea3 n\u0103ng t\u1ea1o ra nh\u1eefng hi\u1ec7u \u1ee9ng \u00e1nh s\u00e1ng \u0111\u1ed9c \u0111\u00e1o, s\u1ea3n ph\u1ea9m n\u00e0y r\u1ea5t th\u00edch h\u1ee3p cho nhi\u1ec1u \u1ee9ng d\u1ee5ng kh\u00e1c nhau. T\u1eeb vi\u1ec7c trang tr\u00ed chi\u1ebfu s\u00e1ng trong kh\u00f4ng gian gia \u0111\u00ecnh, c\u1eeda h\u00e0ng, nh\u00e0 h\u00e0ng cho \u0111\u1ebfn vi\u1ec7c t\u1ea1o ra nh\u1eefng bi\u1ec3u ng\u1eef qu\u1ea3ng c\u00e1o thu h\u00fat \u00e1nh nh\u00ecn, \u0111\u00e8n LED \u0110i\u1ec3m Pixel O50C\/O50D s\u1ebd mang \u0111\u1ebfn s\u1ef1 ph\u1ea5n kh\u00edch v\u00e0 t\u1ea1o \u0111i\u1ec3m nh\u1ea5n \u0111\u1ed9c \u0111\u00e1o.<\/span><\/p>\n<p style=\"text-align: justify;\"><span style=\"font-size: 14pt;\">Kh\u00e1m ph\u00e1 s\u1ef1 \u0111a d\u1ea1ng v\u00e0 s\u00e1ng t\u1ea1o c\u1ee7a \u0110\u00e8n Led \u0111i\u1ec3m O50C &#8211; O50D ngay h\u00f4m nay \u0111\u1ec3 t\u1ea1o n\u00ean nh\u1eefng tr\u1ea3i nghi\u1ec7m \u00e1nh s\u00e1ng kh\u00f4ng gi\u1edbi h\u1ea1n cho kh\u00f4ng gian c\u1ee7a b\u1ea1n.<\/span><\/p>\n<p>&nbsp;<\/p>\n<p style=\"text-align: justify;\"><span style=\"font-size: 14pt;\"><a href=\"https:\/\/vilight.vn\/website\/wp-content\/uploads\/2023\/08\/O50C.jpg\"><img decoding=\"async\" class=\"size-full wp-image-4424 lazyload\" data-src=\"https:\/\/vilight.vn\/website\/wp-content\/uploads\/2023\/08\/O50C.jpg\" alt=\"O50C \u0111\u00e8n led \u0111i\u1ec3m Pixel \" width=\"1200\" height=\"216\" data-srcset=\"https:\/\/vilight.vn\/website\/wp-content\/uploads\/2023\/08\/O50C.jpg 1200w, https:\/\/vilight.vn\/website\/wp-content\/uploads\/2023\/08\/O50C-800x144.jpg 800w, https:\/\/vilight.vn\/website\/wp-content\/uploads\/2023\/08\/O50C-300x54.jpg 300w, https:\/\/vilight.vn\/website\/wp-content\/uploads\/2023\/08\/O50C-1024x184.jpg 1024w, https:\/\/vilight.vn\/website\/wp-content\/uploads\/2023\/08\/O50C-768x138.jpg 768w, https:\/\/vilight.vn\/website\/wp-content\/uploads\/2023\/08\/O50C-150x27.jpg 150w, https:\/\/vilight.vn\/website\/wp-content\/uploads\/2023\/08\/O50C-480x86.jpg 480w\" data-sizes=\"(max-width:767px) 480px, (max-width:1200px) 100vw, 1200px\" src=\"data:image\/svg+xml;base64,PHN2ZyB3aWR0aD0iMSIgaGVpZ2h0PSIxIiB4bWxucz0iaHR0cDovL3d3dy53My5vcmcvMjAwMC9zdmciPjwvc3ZnPg==\" style=\"--smush-placeholder-width: 1200px; --smush-placeholder-aspect-ratio: 1200\/216;\" \/><\/a><\/span><\/p>\n<p><span style=\"font-size: 14pt;\">M\u1ed9t s\u1ed1 m\u1eabu \u0111\u00e8n chuy\u00ean d\u00f9ng trong trang tr\u00ed chi\u1ebfu s\u00e1ng trang tr\u00ed l\u1ec5 h\u1ed9i b\u1ea1n c\u00f3 th\u1ec3 tham kh\u1ea3o t\u1ea1i \u0111\u00e2y\u00a0<\/span><\/p>\n","protected":false},"excerpt":{"rendered":"<p>Kh\u00e1m ph\u00e1 \u0110\u00e8n LED \u0111i\u1ec3m Pixel O50C &#8211; O50D &#8211; S\u1ef1 k\u1ebft h\u1ee3p ho\u00e0n h\u1ea3o gi\u1eefa \u00e1nh s\u00e1ng \u0111a d\u1ea1ng, ch\u1ea5t l\u01b0\u1ee3ng b\u1ec1n b\u1ec9 v\u00e0 kh\u1ea3 n\u0103ng s\u00e1ng t\u1ea1o kh\u00f4ng gi\u1edbi h\u1ea1n. \u0110i\u1ec1u khi\u1ec3n m\u00e0u s\u1eafc v\u00e0 hi\u1ec7u \u1ee9ng d\u1ec5 d\u00e0ng qua giao th\u1ee9c SPI.<\/p>\n","protected":false},"featured_media":4425,"template":"","meta":[],"product_brand":[],"product_cat":[77,313,627],"product_tag":[],"class_list":{"0":"post-4423","1":"product","2":"type-product","3":"status-publish","4":"has-post-thumbnail","6":"product_cat-den-led-pixel","7":"product_cat-trang-tri","8":"product_cat-o-series","9":"pa_chuan-dieu-khien-spi","10":"pa_cong-suat-1-4w","11":"pa_dien-ap-hoat-dong-24vdc","12":"pa_nhiet-do-mau-rgb","14":"first","15":"instock","16":"taxable","17":"shipping-taxable","18":"product-type-simple"},"yoast_head":"<!-- This site is optimized with the Yoast SEO Premium plugin v27.4 (Yoast SEO v27.4) - https:\/\/yoast.com\/product\/yoast-seo-premium-wordpress\/ -->\n<title>\u0110\u00e8n LED \u0111i\u1ec3m Pixel VL O50C - O50D - Vilight Co.ltd<\/title>\n<meta name=\"description\" content=\"\u0110\u00e8n LED \u0111i\u1ec3m Pixel 1.4W O50C - O50DD - S\u1ef1 k\u1ebft h\u1ee3p ho\u00e0n h\u1ea3o gi\u1eefa \u00e1nh s\u00e1ng \u0111a d\u1ea1ng, ch\u1ea5t l\u01b0\u1ee3ng b\u1ec1n b\u1ec9 v\u00e0 kh\u1ea3 n\u0103ng s\u00e1ng t\u1ea1o kh\u00f4ng gi\u1edbi h\u1ea1n.\" \/>\n<meta name=\"robots\" content=\"index, follow, max-snippet:-1, max-image-preview:large, max-video-preview:-1\" \/>\n<link rel=\"canonical\" href=\"https:\/\/vilight.vn\/website\/san-pham\/den-led-pixel\/den-led-diem-pixel-o50c-o50d\/\" \/>\n<meta property=\"og:locale\" content=\"vi_VN\" \/>\n<meta property=\"og:type\" content=\"article\" \/>\n<meta property=\"og:title\" content=\"\u0110\u00e8n LED \u0111i\u1ec3m Pixel VL O50C - O50D\" \/>\n<meta property=\"og:description\" content=\"Kh\u00e1m ph\u00e1 \u0110\u00e8n LED \u0111i\u1ec3m Pixel O50C - O50D - S\u1ef1 k\u1ebft h\u1ee3p ho\u00e0n h\u1ea3o gi\u1eefa \u00e1nh s\u00e1ng \u0111a d\u1ea1ng, ch\u1ea5t l\u01b0\u1ee3ng b\u1ec1n b\u1ec9 v\u00e0 kh\u1ea3 n\u0103ng s\u00e1ng t\u1ea1o kh\u00f4ng gi\u1edbi h\u1ea1n. \u0110i\u1ec1u khi\u1ec3n m\u00e0u s\u1eafc v\u00e0 hi\u1ec7u \u1ee9ng d\u1ec5 d\u00e0ng qua giao th\u1ee9c SPI.\" \/>\n<meta property=\"og:url\" content=\"https:\/\/vilight.vn\/website\/san-pham\/den-led-pixel\/den-led-diem-pixel-o50c-o50d\/\" \/>\n<meta property=\"og:site_name\" content=\"Vilight Co.ltd\" \/>\n<meta property=\"article:publisher\" content=\"http:\/\/facebook.com\/vilight.vn\" \/>\n<meta property=\"article:modified_time\" content=\"2024-10-01T08:02:27+00:00\" \/>\n<meta property=\"og:image\" content=\"https:\/\/vilight.vn\/website\/wp-content\/uploads\/2023\/08\/O50D.jpg\" \/>\n\t<meta property=\"og:image:width\" content=\"600\" \/>\n\t<meta property=\"og:image:height\" content=\"600\" \/>\n\t<meta property=\"og:image:type\" content=\"image\/jpeg\" \/>\n<meta name=\"twitter:card\" content=\"summary_large_image\" \/>\n<meta name=\"twitter:label1\" content=\"Gi\u00e1\" \/>\n\t<meta name=\"twitter:data1\" content=\"\" \/>\n\t<meta name=\"twitter:label2\" content=\"Kh\u1ea3 d\u1ee5ng\" \/>\n\t<meta name=\"twitter:data2\" content=\"Trong kho\" \/>\n<script type=\"application\/ld+json\" class=\"yoast-schema-graph\">{\"@context\":\"https:\\\/\\\/schema.org\",\"@graph\":[{\"@type\":\"WebPage\",\"@id\":\"https:\\\/\\\/vilight.vn\\\/website\\\/san-pham\\\/den-led-pixel\\\/den-led-diem-pixel-o50c-o50d\\\/\",\"url\":\"https:\\\/\\\/vilight.vn\\\/website\\\/san-pham\\\/den-led-pixel\\\/den-led-diem-pixel-o50c-o50d\\\/\",\"name\":\"\u0110\u00e8n LED \u0111i\u1ec3m Pixel VL O50C - O50D - Vilight Co.ltd\",\"isPartOf\":{\"@id\":\"https:\\\/\\\/vilight.vn\\\/website\\\/#website\"},\"primaryImageOfPage\":{\"@id\":\"https:\\\/\\\/vilight.vn\\\/website\\\/san-pham\\\/den-led-pixel\\\/den-led-diem-pixel-o50c-o50d\\\/#primaryimage\"},\"image\":{\"@id\":\"https:\\\/\\\/vilight.vn\\\/website\\\/san-pham\\\/den-led-pixel\\\/den-led-diem-pixel-o50c-o50d\\\/#primaryimage\"},\"thumbnailUrl\":\"https:\\\/\\\/vilight.vn\\\/website\\\/wp-content\\\/uploads\\\/2023\\\/08\\\/O50D.jpg\",\"datePublished\":\"2023-08-21T01:51:49+00:00\",\"dateModified\":\"2024-10-01T08:02:27+00:00\",\"description\":\"\u0110\u00e8n LED \u0111i\u1ec3m Pixel 1.4W O50C - O50DD - S\u1ef1 k\u1ebft h\u1ee3p ho\u00e0n h\u1ea3o gi\u1eefa \u00e1nh s\u00e1ng \u0111a d\u1ea1ng, ch\u1ea5t l\u01b0\u1ee3ng b\u1ec1n b\u1ec9 v\u00e0 kh\u1ea3 n\u0103ng s\u00e1ng t\u1ea1o kh\u00f4ng gi\u1edbi h\u1ea1n.\",\"breadcrumb\":{\"@id\":\"https:\\\/\\\/vilight.vn\\\/website\\\/san-pham\\\/den-led-pixel\\\/den-led-diem-pixel-o50c-o50d\\\/#breadcrumb\"},\"inLanguage\":\"vi\",\"potentialAction\":[{\"@type\":\"ReadAction\",\"target\":[\"https:\\\/\\\/vilight.vn\\\/website\\\/san-pham\\\/den-led-pixel\\\/den-led-diem-pixel-o50c-o50d\\\/\"]}]},{\"@type\":\"ImageObject\",\"inLanguage\":\"vi\",\"@id\":\"https:\\\/\\\/vilight.vn\\\/website\\\/san-pham\\\/den-led-pixel\\\/den-led-diem-pixel-o50c-o50d\\\/#primaryimage\",\"url\":\"https:\\\/\\\/vilight.vn\\\/website\\\/wp-content\\\/uploads\\\/2023\\\/08\\\/O50D.jpg\",\"contentUrl\":\"https:\\\/\\\/vilight.vn\\\/website\\\/wp-content\\\/uploads\\\/2023\\\/08\\\/O50D.jpg\",\"width\":600,\"height\":600,\"caption\":\"O50D \u0111\u00e8n led \u0111i\u1ec3m Pixel\"},{\"@type\":\"BreadcrumbList\",\"@id\":\"https:\\\/\\\/vilight.vn\\\/website\\\/san-pham\\\/den-led-pixel\\\/den-led-diem-pixel-o50c-o50d\\\/#breadcrumb\",\"itemListElement\":[{\"@type\":\"ListItem\",\"position\":1,\"name\":\"Home\",\"item\":\"https:\\\/\\\/vilight.vn\\\/website\\\/\"},{\"@type\":\"ListItem\",\"position\":2,\"name\":\"store\",\"item\":\"https:\\\/\\\/vilight.vn\\\/website\\\/store\\\/\"},{\"@type\":\"ListItem\",\"position\":3,\"name\":\"\u0110\u00e8n LED \u0111i\u1ec3m Pixel VL O50C &#8211; O50D\"}]},{\"@type\":\"WebSite\",\"@id\":\"https:\\\/\\\/vilight.vn\\\/website\\\/#website\",\"url\":\"https:\\\/\\\/vilight.vn\\\/website\\\/\",\"name\":\"Vilight Co.ltd\",\"description\":\"Chi\u1ebfu s\u00e1ng m\u1ef9 thu\u1eadt, chi\u1ebfu s\u00e1ng th\u00f4ng minh, LED Pixel 3D, chi\u1ebfu s\u00e1ng trang tr\u00ed \u0111\u00f4 th\u1ecb, chi\u1ebfu s\u00e1ng v\u00f2ng xoay, chi\u1ebfu s\u00e1ng \u0111\u1ea3o giao th\u00f4ng, c\u1ed5ng ch\u00e0o \u0111\u00f4 th\u1ecb\",\"publisher\":{\"@id\":\"https:\\\/\\\/vilight.vn\\\/website\\\/#organization\"},\"potentialAction\":[{\"@type\":\"SearchAction\",\"target\":{\"@type\":\"EntryPoint\",\"urlTemplate\":\"https:\\\/\\\/vilight.vn\\\/website\\\/?s={search_term_string}\"},\"query-input\":{\"@type\":\"PropertyValueSpecification\",\"valueRequired\":true,\"valueName\":\"search_term_string\"}}],\"inLanguage\":\"vi\"},{\"@type\":\"Organization\",\"@id\":\"https:\\\/\\\/vilight.vn\\\/website\\\/#organization\",\"name\":\"Vilight\",\"url\":\"https:\\\/\\\/vilight.vn\\\/website\\\/\",\"logo\":{\"@type\":\"ImageObject\",\"inLanguage\":\"vi\",\"@id\":\"https:\\\/\\\/vilight.vn\\\/website\\\/#\\\/schema\\\/logo\\\/image\\\/\",\"url\":\"https:\\\/\\\/vilight.vn\\\/website\\\/wp-content\\\/uploads\\\/2022\\\/05\\\/chieu_sang_trang_tri_do_thi_bang_den_led_pixel.png\",\"contentUrl\":\"https:\\\/\\\/vilight.vn\\\/website\\\/wp-content\\\/uploads\\\/2022\\\/05\\\/chieu_sang_trang_tri_do_thi_bang_den_led_pixel.png\",\"width\":800,\"height\":427,\"caption\":\"Vilight\"},\"image\":{\"@id\":\"https:\\\/\\\/vilight.vn\\\/website\\\/#\\\/schema\\\/logo\\\/image\\\/\"},\"sameAs\":[\"http:\\\/\\\/facebook.com\\\/vilight.vn\",\"https:\\\/\\\/www.linkedin.com\\\/company\\\/vilight-vn\",\"https:\\\/\\\/www.youtube.com\\\/channel\\\/UCEwR2naeDcuarMX1kSv_rLQ\\\/videos\"]}]}<\/script>\n<meta property=\"product:brand\" content=\"\u0110\u00e8n LED Pixel\" \/>\n<meta property=\"product:price:currency\" content=\"VND\" \/>\n<meta property=\"og:availability\" content=\"instock\" \/>\n<meta property=\"product:availability\" content=\"instock\" \/>\n<meta property=\"product:condition\" content=\"new\" \/>\n<!-- \/ Yoast SEO Premium plugin. -->","yoast_head_json":{"title":"\u0110\u00e8n LED \u0111i\u1ec3m Pixel VL O50C - O50D - Vilight Co.ltd","description":"\u0110\u00e8n LED \u0111i\u1ec3m Pixel 1.4W O50C - O50DD - S\u1ef1 k\u1ebft h\u1ee3p ho\u00e0n h\u1ea3o gi\u1eefa \u00e1nh s\u00e1ng \u0111a d\u1ea1ng, ch\u1ea5t l\u01b0\u1ee3ng b\u1ec1n b\u1ec9 v\u00e0 kh\u1ea3 n\u0103ng s\u00e1ng t\u1ea1o kh\u00f4ng gi\u1edbi h\u1ea1n.","robots":{"index":"index","follow":"follow","max-snippet":"max-snippet:-1","max-image-preview":"max-image-preview:large","max-video-preview":"max-video-preview:-1"},"canonical":"https:\/\/vilight.vn\/website\/san-pham\/den-led-pixel\/den-led-diem-pixel-o50c-o50d\/","og_locale":"vi_VN","og_type":"article","og_title":"\u0110\u00e8n LED \u0111i\u1ec3m Pixel VL O50C - O50D","og_description":"Kh\u00e1m ph\u00e1 \u0110\u00e8n LED \u0111i\u1ec3m Pixel O50C - O50D - S\u1ef1 k\u1ebft h\u1ee3p ho\u00e0n h\u1ea3o gi\u1eefa \u00e1nh s\u00e1ng \u0111a d\u1ea1ng, ch\u1ea5t l\u01b0\u1ee3ng b\u1ec1n b\u1ec9 v\u00e0 kh\u1ea3 n\u0103ng s\u00e1ng t\u1ea1o kh\u00f4ng gi\u1edbi h\u1ea1n. \u0110i\u1ec1u khi\u1ec3n m\u00e0u s\u1eafc v\u00e0 hi\u1ec7u \u1ee9ng d\u1ec5 d\u00e0ng qua giao th\u1ee9c SPI.","og_url":"https:\/\/vilight.vn\/website\/san-pham\/den-led-pixel\/den-led-diem-pixel-o50c-o50d\/","og_site_name":"Vilight Co.ltd","article_publisher":"http:\/\/facebook.com\/vilight.vn","article_modified_time":"2024-10-01T08:02:27+00:00","og_image":[{"width":600,"height":600,"url":"https:\/\/vilight.vn\/website\/wp-content\/uploads\/2023\/08\/O50D.jpg","type":"image\/jpeg"}],"twitter_card":"summary_large_image","twitter_misc":{"Gi\u00e1":"","Kh\u1ea3 d\u1ee5ng":"Trong kho"},"schema":{"@context":"https:\/\/schema.org","@graph":[{"@type":"WebPage","@id":"https:\/\/vilight.vn\/website\/san-pham\/den-led-pixel\/den-led-diem-pixel-o50c-o50d\/","url":"https:\/\/vilight.vn\/website\/san-pham\/den-led-pixel\/den-led-diem-pixel-o50c-o50d\/","name":"\u0110\u00e8n LED \u0111i\u1ec3m Pixel VL O50C - O50D - Vilight Co.ltd","isPartOf":{"@id":"https:\/\/vilight.vn\/website\/#website"},"primaryImageOfPage":{"@id":"https:\/\/vilight.vn\/website\/san-pham\/den-led-pixel\/den-led-diem-pixel-o50c-o50d\/#primaryimage"},"image":{"@id":"https:\/\/vilight.vn\/website\/san-pham\/den-led-pixel\/den-led-diem-pixel-o50c-o50d\/#primaryimage"},"thumbnailUrl":"https:\/\/vilight.vn\/website\/wp-content\/uploads\/2023\/08\/O50D.jpg","datePublished":"2023-08-21T01:51:49+00:00","dateModified":"2024-10-01T08:02:27+00:00","description":"\u0110\u00e8n LED \u0111i\u1ec3m Pixel 1.4W O50C - O50DD - S\u1ef1 k\u1ebft h\u1ee3p ho\u00e0n h\u1ea3o gi\u1eefa \u00e1nh s\u00e1ng \u0111a d\u1ea1ng, ch\u1ea5t l\u01b0\u1ee3ng b\u1ec1n b\u1ec9 v\u00e0 kh\u1ea3 n\u0103ng s\u00e1ng t\u1ea1o kh\u00f4ng gi\u1edbi h\u1ea1n.","breadcrumb":{"@id":"https:\/\/vilight.vn\/website\/san-pham\/den-led-pixel\/den-led-diem-pixel-o50c-o50d\/#breadcrumb"},"inLanguage":"vi","potentialAction":[{"@type":"ReadAction","target":["https:\/\/vilight.vn\/website\/san-pham\/den-led-pixel\/den-led-diem-pixel-o50c-o50d\/"]}]},{"@type":"ImageObject","inLanguage":"vi","@id":"https:\/\/vilight.vn\/website\/san-pham\/den-led-pixel\/den-led-diem-pixel-o50c-o50d\/#primaryimage","url":"https:\/\/vilight.vn\/website\/wp-content\/uploads\/2023\/08\/O50D.jpg","contentUrl":"https:\/\/vilight.vn\/website\/wp-content\/uploads\/2023\/08\/O50D.jpg","width":600,"height":600,"caption":"O50D \u0111\u00e8n led \u0111i\u1ec3m Pixel"},{"@type":"BreadcrumbList","@id":"https:\/\/vilight.vn\/website\/san-pham\/den-led-pixel\/den-led-diem-pixel-o50c-o50d\/#breadcrumb","itemListElement":[{"@type":"ListItem","position":1,"name":"Home","item":"https:\/\/vilight.vn\/website\/"},{"@type":"ListItem","position":2,"name":"store","item":"https:\/\/vilight.vn\/website\/store\/"},{"@type":"ListItem","position":3,"name":"\u0110\u00e8n LED \u0111i\u1ec3m Pixel VL O50C &#8211; O50D"}]},{"@type":"WebSite","@id":"https:\/\/vilight.vn\/website\/#website","url":"https:\/\/vilight.vn\/website\/","name":"Vilight Co.ltd","description":"Chi\u1ebfu s\u00e1ng m\u1ef9 thu\u1eadt, chi\u1ebfu s\u00e1ng th\u00f4ng minh, LED Pixel 3D, chi\u1ebfu s\u00e1ng trang tr\u00ed \u0111\u00f4 th\u1ecb, chi\u1ebfu s\u00e1ng v\u00f2ng xoay, chi\u1ebfu s\u00e1ng \u0111\u1ea3o giao th\u00f4ng, c\u1ed5ng ch\u00e0o \u0111\u00f4 th\u1ecb","publisher":{"@id":"https:\/\/vilight.vn\/website\/#organization"},"potentialAction":[{"@type":"SearchAction","target":{"@type":"EntryPoint","urlTemplate":"https:\/\/vilight.vn\/website\/?s={search_term_string}"},"query-input":{"@type":"PropertyValueSpecification","valueRequired":true,"valueName":"search_term_string"}}],"inLanguage":"vi"},{"@type":"Organization","@id":"https:\/\/vilight.vn\/website\/#organization","name":"Vilight","url":"https:\/\/vilight.vn\/website\/","logo":{"@type":"ImageObject","inLanguage":"vi","@id":"https:\/\/vilight.vn\/website\/#\/schema\/logo\/image\/","url":"https:\/\/vilight.vn\/website\/wp-content\/uploads\/2022\/05\/chieu_sang_trang_tri_do_thi_bang_den_led_pixel.png","contentUrl":"https:\/\/vilight.vn\/website\/wp-content\/uploads\/2022\/05\/chieu_sang_trang_tri_do_thi_bang_den_led_pixel.png","width":800,"height":427,"caption":"Vilight"},"image":{"@id":"https:\/\/vilight.vn\/website\/#\/schema\/logo\/image\/"},"sameAs":["http:\/\/facebook.com\/vilight.vn","https:\/\/www.linkedin.com\/company\/vilight-vn","https:\/\/www.youtube.com\/channel\/UCEwR2naeDcuarMX1kSv_rLQ\/videos"]}]},"product_brand":"\u0110\u00e8n LED Pixel","product_price_currency":"VND","og_availability":"instock","product_availability":"instock","product_condition":"new"},"_links":{"self":[{"href":"https:\/\/vilight.vn\/website\/wp-json\/wp\/v2\/product\/4423","targetHints":{"allow":["GET"]}}],"collection":[{"href":"https:\/\/vilight.vn\/website\/wp-json\/wp\/v2\/product"}],"about":[{"href":"https:\/\/vilight.vn\/website\/wp-json\/wp\/v2\/types\/product"}],"wp:featuredmedia":[{"embeddable":true,"href":"https:\/\/vilight.vn\/website\/wp-json\/wp\/v2\/media\/4425"}],"wp:attachment":[{"href":"https:\/\/vilight.vn\/website\/wp-json\/wp\/v2\/media?parent=4423"}],"wp:term":[{"taxonomy":"product_brand","embeddable":true,"href":"https:\/\/vilight.vn\/website\/wp-json\/wp\/v2\/product_brand?post=4423"},{"taxonomy":"product_cat","embeddable":true,"href":"https:\/\/vilight.vn\/website\/wp-json\/wp\/v2\/product_cat?post=4423"},{"taxonomy":"product_tag","embeddable":true,"href":"https:\/\/vilight.vn\/website\/wp-json\/wp\/v2\/product_tag?post=4423"}],"curies":[{"name":"wp","href":"https:\/\/api.w.org\/{rel}","templated":true}]}}