{"id":4426,"date":"2023-08-21T08:53:15","date_gmt":"2023-08-21T01:53:15","guid":{"rendered":"https:\/\/vilight.vn\/website\/?post_type=product&#038;p=4426"},"modified":"2023-08-25T10:00:08","modified_gmt":"2023-08-25T03:00:08","slug":"den-led-diem-pixel-s20a","status":"publish","type":"product","link":"https:\/\/vilight.vn\/website\/san-pham\/den-led-pixel\/den-led-diem-pixel-s20a\/","title":{"rendered":"\u0110\u00e8n Led \u0111i\u1ec3m Pixel VL S20A"},"content":{"rendered":"<h2 style=\"text-align: justify;\"><span style=\"font-size: 18pt;\">Ch\u00e0o m\u1eebng \u0111\u1ebfn v\u1edbi th\u1ebf gi\u1edbi \u00e1nh s\u00e1ng \u0111\u1ea7y m\u00e0u s\u1eafc &#8211; \u0110\u00e8n Led \u0111i\u1ec3m Pixel VL S20A.\u00a0<\/span><\/h2>\n<p style=\"text-align: justify;\"><span style=\"font-size: 14pt;\">B\u1ea1n \u0111ang t\u00ecm ki\u1ebfm m\u1ed9t gi\u1ea3i ph\u00e1p chi\u1ebfu s\u00e1ng \u0111\u1ed9c \u0111\u00e1o, mang \u0111\u1eadm t\u00ednh s\u00e1ng t\u1ea1o v\u00e0 phong c\u00e1ch cho kh\u00f4ng gian c\u1ee7a m\u00ecnh? \u0110\u1eebng b\u1ecf l\u1ee1 c\u01a1 h\u1ed9i tr\u1ea3i nghi\u1ec7m s\u1ea3n ph\u1ea9m \u0111\u1ed9c quy\u1ec1n c\u1ee7a ch\u00fang t\u00f4i &#8211; \u0110\u00e8n LED \u0111i\u1ec3m Pixel S20A. V\u1edbi th\u00f4ng s\u1ed1 k\u1ef9 thu\u1eadt v\u01b0\u1ee3t tr\u1ed9i v\u00e0 thi\u1ebft k\u1ebf tinh t\u1ebf, S20A s\u1ebd \u0111\u01b0a b\u1ea1n v\u00e0o m\u1ed9t th\u1ebf gi\u1edbi m\u1edbi c\u1ee7a \u00e1nh s\u00e1ng v\u00e0 m\u00e0u s\u1eafc. S\u1ea3n ph\u1ea9m ph\u00f9 h\u1ee3p \u0111\u1ec3 s\u1eed d\u1ee5ng cho c\u00e1c c\u00f4ng tr\u00ecnh chi\u1ebfu s\u00e1ng trang tr\u00ed l\u1ec5 h\u1ed9i, chi\u1ebfu s\u00e1ng trang tr\u00ed cho c\u00e1c c\u00f4ng tr\u00ecnh c\u00f4ng c\u1ed9ng v\u00e0 nhi\u1ec1u \u1ee9ng d\u1ee5ng th\u1ef1c ti\u1ec5n trong cu\u1ed9c s\u1ed1ng.\u00a0<\/span><\/p>\n<p style=\"text-align: justify;\"><span style=\"font-size: 14pt;\">\u0110\u1eb7c \u0111i\u1ec3m n\u1ed5i b\u1eadt:<\/span><\/p>\n<p style=\"text-align: justify;\"><span style=\"font-size: 14pt;\">1. \u00c1nh s\u00e1ng \u0111a d\u1ea1ng<\/span><\/p>\n<p style=\"text-align: justify;\"><span style=\"font-size: 14pt;\">\u0110\u00e8n LED \u0111i\u1ec3m Pixel S20A \u0111\u01b0\u1ee3c thi\u1ebft k\u1ebf \u0111\u1ec3 mang \u0111\u1ebfn s\u1ef1 \u0111a d\u1ea1ng trong vi\u1ec7c chi\u1ebfu s\u00e1ng. V\u1edbi kh\u1ea3 n\u0103ng hi\u1ec3n th\u1ecb c\u00e1c m\u00e0u s\u1eafc \u0111\u1ea7y s\u1eafc n\u00e9t (\u0111\u1ecf, xanh l\u00e1 c\u00e2y, xanh d\u01b0\u01a1ng), b\u1ea1n c\u00f3 th\u1ec3 t\u1ea1o ra c\u00e1c hi\u1ec7u \u1ee9ng \u00e1nh s\u00e1ng th\u00fa v\u1ecb v\u00e0 ph\u00f9 h\u1ee3p v\u1edbi nhi\u1ec1u t\u00ecnh hu\u1ed1ng kh\u00e1c nhau.<\/span><\/p>\n<p style=\"text-align: justify;\"><span style=\"font-size: 14pt;\">2. Ti\u1ebft ki\u1ec7m n\u0103ng l\u01b0\u1ee3ng:<\/span><\/p>\n<p style=\"text-align: justify;\"><span style=\"font-size: 14pt;\">V\u1edbi c\u00f4ng su\u1ea5t ti\u00eau th\u1ee5 ch\u1ec9 0.3W khi ho\u1ea1t \u0111\u1ed9ng \u1edf \u0111i\u1ec7n \u00e1p DC5V v\u00e0 0.6W khi ho\u1ea1t \u0111\u1ed9ng \u1edf \u0111i\u1ec7n \u00e1p DC12V, S20A l\u00e0 m\u1ed9t gi\u1ea3i ph\u00e1p ti\u1ebft ki\u1ec7m n\u0103ng l\u01b0\u1ee3ng, gi\u00fap b\u1ea1n b\u1ea3o v\u1ec7 m\u00f4i tr\u01b0\u1eddng v\u00e0 gi\u1ea3m thi\u1ec3u chi ph\u00ed ho\u1ea1t \u0111\u1ed9ng.<\/span><\/p>\n<p style=\"text-align: justify;\"><span style=\"font-size: 14pt;\">3. D\u1ec5 d\u00e0ng \u0111i\u1ec1u khi\u1ec3n:<\/span><\/p>\n<p style=\"text-align: justify;\"><span style=\"font-size: 14pt;\">\u0110\u00e8n LED \u0111i\u1ec3m Pixel S20A s\u1eed d\u1ee5ng ch\u1ebf \u0111\u1ed9 \u0111i\u1ec1u khi\u1ec3n SPI, gi\u00fap b\u1ea1n d\u1ec5 d\u00e0ng thay \u0111\u1ed5i m\u00e0u s\u1eafc v\u00e0 hi\u1ec7u \u1ee9ng \u00e1nh s\u00e1ng theo \u00fd mu\u1ed1n. B\u1ea1n c\u00f3 th\u1ec3 t\u1ea1o ra c\u00e1c chu\u1ed7i \u00e1nh s\u00e1ng chuy\u1ec3n \u0111\u1ed9ng, ph\u00e1t s\u00e1ng theo nh\u1ecbp \u0111i\u1ec7u \u00e2m nh\u1ea1c v\u00e0 nhi\u1ec1u hi\u1ec7u \u1ee9ng kh\u00e1c ch\u1ec9 b\u1eb1ng m\u1ed9t v\u00e0i thao t\u00e1c \u0111\u01a1n gi\u1ea3n.<\/span><\/p>\n<p style=\"text-align: justify;\"><span style=\"font-size: 14pt;\">4. Ch\u1ea5t l\u01b0\u1ee3ng \u0111\u1ec9nh cao:<\/span><\/p>\n<p style=\"text-align: justify;\"><span style=\"font-size: 14pt;\">\u0110\u00e8n LED \u0111i\u1ec3m Pixel S20A \u0111\u01b0\u1ee3c s\u1ea3n xu\u1ea5t v\u1edbi v\u1eadt li\u1ec7u cao c\u1ea5p, v\u1ecf \u0111\u00e8n PC (polycarbonate) ch\u1eafc ch\u1eafn v\u00e0 b\u1ec1n b\u1ec9, \u0111\u1ea3m b\u1ea3o tu\u1ed5i th\u1ecd v\u00e0 \u0111\u1ed9 b\u1ec1n cao trong m\u1ecdi \u0111i\u1ec1u ki\u1ec7n s\u1eed d\u1ee5ng.<\/span><\/p>\n<p style=\"text-align: justify;\"><span style=\"font-size: 14pt;\">5. L\u1eafp \u0111\u1eb7t d\u1ec5 d\u00e0ng<\/span><\/p>\n<p style=\"text-align: justify;\"><span style=\"font-size: 14pt;\">S20A \u0111i k\u00e8m v\u1edbi d\u00e2y c\u00e1p PVC k\u1ebft h\u1ee3p v\u1edbi d\u00e2y \u0111\u1ed3ng, gi\u00fap b\u1ea1n d\u1ec5 d\u00e0ng l\u1eafp \u0111\u1eb7t v\u00e0 k\u1ebft n\u1ed1i v\u1edbi ngu\u1ed3n \u0111i\u1ec7n.<\/span><\/p>\n<p style=\"text-align: justify;\"><span style=\"font-size: 14pt;\">Kh\u00e1m ph\u00e1 th\u1ebf gi\u1edbi m\u1edbi c\u1ee7a \u00e1nh s\u00e1ng v\u00e0 m\u00e0u s\u1eafc v\u1edbi \u0110\u00e8n LED \u0111i\u1ec3m Pixel S20A!** Cho d\u00f9 b\u1ea1n \u0111ang trang tr\u00ed kh\u00f4ng gian s\u1ed1ng, s\u1ef1 ki\u1ec7n, qu\u00e1n bar hay d\u1ef1 \u00e1n ngh\u1ec7 thu\u1eadt, S20A s\u1ebd l\u00e0 ngu\u1ed3n c\u1ea3m h\u1ee9ng kh\u00f4ng th\u1ec3 thi\u1ebfu. H\u00e3y b\u1eaft \u0111\u1ea7u h\u00e0nh tr\u00ecnh s\u00e1ng t\u1ea1o c\u1ee7a b\u1ea1n ngay h\u00f4m nay v\u00e0 bi\u1ebfn m\u1ecdi \u00fd t\u01b0\u1edfng th\u00e0nh hi\u1ec7n th\u1ef1c v\u1edbi S20A.<\/span><\/p>\n<p>&nbsp;<\/p>\n<p style=\"text-align: justify;\"><span style=\"font-size: 14pt;\"><a href=\"https:\/\/vilight.vn\/website\/wp-content\/uploads\/2023\/08\/S20A.jpg\"><img decoding=\"async\" class=\"size-full wp-image-4427 lazyload\" data-src=\"https:\/\/vilight.vn\/website\/wp-content\/uploads\/2023\/08\/S20A.jpg\" alt=\"S20A \u0110\u00e8n led \u0111i\u1ec3m \" width=\"1200\" height=\"244\" data-srcset=\"https:\/\/vilight.vn\/website\/wp-content\/uploads\/2023\/08\/S20A.jpg 1200w, https:\/\/vilight.vn\/website\/wp-content\/uploads\/2023\/08\/S20A-800x163.jpg 800w, https:\/\/vilight.vn\/website\/wp-content\/uploads\/2023\/08\/S20A-300x61.jpg 300w, https:\/\/vilight.vn\/website\/wp-content\/uploads\/2023\/08\/S20A-1024x208.jpg 1024w, https:\/\/vilight.vn\/website\/wp-content\/uploads\/2023\/08\/S20A-768x156.jpg 768w, https:\/\/vilight.vn\/website\/wp-content\/uploads\/2023\/08\/S20A-150x31.jpg 150w, https:\/\/vilight.vn\/website\/wp-content\/uploads\/2023\/08\/S20A-480x98.jpg 480w\" data-sizes=\"(max-width:767px) 480px, (max-width:1200px) 100vw, 1200px\" src=\"data:image\/svg+xml;base64,PHN2ZyB3aWR0aD0iMSIgaGVpZ2h0PSIxIiB4bWxucz0iaHR0cDovL3d3dy53My5vcmcvMjAwMC9zdmciPjwvc3ZnPg==\" style=\"--smush-placeholder-width: 1200px; --smush-placeholder-aspect-ratio: 1200\/244;\" \/><\/a><\/span><\/p>\n<p><span style=\"font-size: 14pt;\">M\u1ed9t s\u1ed1 m\u1eabu \u0111\u00e8n chuy\u00ean d\u00f9ng trong trang tr\u00ed chi\u1ebfu s\u00e1ng trang tr\u00ed l\u1ec5 h\u1ed9i b\u1ea1n c\u00f3 th\u1ec3 tham kh\u1ea3o <a href=\"https:\/\/vilight.vn\/website\/danh-muc-san-pham\/den-led-pixel\/trang-tri\/\">t\u1ea1i \u0111\u00e2y\u00a0<\/a><\/span><\/p>\n","protected":false},"excerpt":{"rendered":"<p style=\"text-align: justify;\"><span style=\"font-size: 14pt;\">Ch\u00e0o m\u1eebng \u0111\u1ebfn v\u1edbi s\u1ef1 ki\u1ec7n \u00e1nh s\u00e1ng \u0111\u1ed9t ph\u00e1! \u0110\u00e8n LED \u0111i\u1ec3m Pixel S20A &#8211; s\u1ef1 k\u1ebft h\u1ee3p ho\u00e0n h\u1ea3o gi\u1eefa hi\u1ec7u su\u1ea5t \u0111\u1ec9nh cao v\u00e0 s\u1ef1 s\u00e1ng t\u1ea1o kh\u00f4ng gi\u1edbi h\u1ea1n. T\u1ea1o n\u00ean th\u1ebf gi\u1edbi \u00e1nh s\u00e1ng \u0111a d\u1ea1ng v\u1edbi RGB, d\u1ec5 d\u00e0ng \u0111i\u1ec1u khi\u1ec3n qua SPI. \u0110\u00f3n ch\u00e0o \u00e1nh s\u00e1ng m\u1edbi c\u00f9ng S20A!<\/span><\/p>\n","protected":false},"featured_media":4428,"template":"","meta":[],"product_brand":[],"product_cat":[77,313,193],"product_tag":[],"class_list":{"0":"post-4426","1":"product","2":"type-product","3":"status-publish","4":"has-post-thumbnail","6":"product_cat-den-led-pixel","7":"product_cat-trang-tri","8":"product_cat-s-series","9":"pa_chuan-dieu-khien-spi","10":"pa_cong-suat-0-3w","11":"pa_cong-suat-0-6w","12":"pa_dien-ap-hoat-dong-12v","13":"pa_dien-ap-hoat-dong-dc-5v","14":"pa_nhiet-do-mau-rgb","16":"first","17":"instock","18":"taxable","19":"shipping-taxable","20":"product-type-simple"},"yoast_head":"<!-- This site is optimized with the Yoast SEO Premium plugin v27.4 (Yoast SEO v27.4) - https:\/\/yoast.com\/product\/yoast-seo-premium-wordpress\/ -->\n<title>\u0110\u00e8n Led \u0111i\u1ec3m Pixel VL S20A - Vilight Co.ltd<\/title>\n<meta name=\"description\" content=\"Ch\u00e0o m\u1eebng \u0111\u1ebfn v\u1edbi s\u1ef1 ki\u1ec7n \u00e1nh s\u00e1ng \u0111\u1ed9t ph\u00e1! \u0110\u00e8n LED \u0111i\u1ec3m Pixel S20A - s\u1ef1 k\u1ebft h\u1ee3p ho\u00e0n h\u1ea3o gi\u1eefa hi\u1ec7u su\u1ea5t \u0111\u1ec9nh cao v\u00e0 s\u1ef1 s\u00e1ng t\u1ea1o kh\u00f4ng gi\u1edbi h\u1ea1n.\" \/>\n<meta name=\"robots\" content=\"index, follow, max-snippet:-1, max-image-preview:large, max-video-preview:-1\" \/>\n<link rel=\"canonical\" href=\"https:\/\/vilight.vn\/website\/san-pham\/den-led-pixel\/den-led-diem-pixel-s20a\/\" \/>\n<meta property=\"og:locale\" content=\"vi_VN\" \/>\n<meta property=\"og:type\" content=\"article\" \/>\n<meta property=\"og:title\" content=\"\u0110\u00e8n Led \u0111i\u1ec3m Pixel VL S20A\" \/>\n<meta property=\"og:description\" content=\"Ch\u00e0o m\u1eebng \u0111\u1ebfn v\u1edbi s\u1ef1 ki\u1ec7n \u00e1nh s\u00e1ng \u0111\u1ed9t ph\u00e1! \u0110\u00e8n LED \u0111i\u1ec3m Pixel S20A - s\u1ef1 k\u1ebft h\u1ee3p ho\u00e0n h\u1ea3o gi\u1eefa hi\u1ec7u su\u1ea5t \u0111\u1ec9nh cao v\u00e0 s\u1ef1 s\u00e1ng t\u1ea1o kh\u00f4ng gi\u1edbi h\u1ea1n. T\u1ea1o n\u00ean th\u1ebf gi\u1edbi \u00e1nh s\u00e1ng \u0111a d\u1ea1ng v\u1edbi RGB, d\u1ec5 d\u00e0ng \u0111i\u1ec1u khi\u1ec3n qua SPI. \u0110\u00f3n ch\u00e0o \u00e1nh s\u00e1ng m\u1edbi c\u00f9ng S20A!\" \/>\n<meta property=\"og:url\" content=\"https:\/\/vilight.vn\/website\/san-pham\/den-led-pixel\/den-led-diem-pixel-s20a\/\" \/>\n<meta property=\"og:site_name\" content=\"Vilight Co.ltd\" \/>\n<meta property=\"article:publisher\" content=\"http:\/\/facebook.com\/vilight.vn\" \/>\n<meta property=\"article:modified_time\" content=\"2023-08-25T03:00:08+00:00\" \/>\n<meta property=\"og:image\" content=\"https:\/\/vilight.vn\/website\/wp-content\/uploads\/2023\/08\/S20C.jpg\" \/>\n\t<meta property=\"og:image:width\" content=\"600\" \/>\n\t<meta property=\"og:image:height\" content=\"600\" \/>\n\t<meta property=\"og:image:type\" content=\"image\/jpeg\" \/>\n<meta name=\"twitter:card\" content=\"summary_large_image\" \/>\n<meta name=\"twitter:label1\" content=\"Gi\u00e1\" \/>\n\t<meta name=\"twitter:data1\" content=\"\" \/>\n\t<meta name=\"twitter:label2\" content=\"Kh\u1ea3 d\u1ee5ng\" \/>\n\t<meta name=\"twitter:data2\" content=\"Trong kho\" \/>\n<script type=\"application\/ld+json\" class=\"yoast-schema-graph\">{\"@context\":\"https:\\\/\\\/schema.org\",\"@graph\":[{\"@type\":\"WebPage\",\"@id\":\"https:\\\/\\\/vilight.vn\\\/website\\\/san-pham\\\/den-led-pixel\\\/den-led-diem-pixel-s20a\\\/\",\"url\":\"https:\\\/\\\/vilight.vn\\\/website\\\/san-pham\\\/den-led-pixel\\\/den-led-diem-pixel-s20a\\\/\",\"name\":\"\u0110\u00e8n Led \u0111i\u1ec3m Pixel VL S20A - Vilight Co.ltd\",\"isPartOf\":{\"@id\":\"https:\\\/\\\/vilight.vn\\\/website\\\/#website\"},\"primaryImageOfPage\":{\"@id\":\"https:\\\/\\\/vilight.vn\\\/website\\\/san-pham\\\/den-led-pixel\\\/den-led-diem-pixel-s20a\\\/#primaryimage\"},\"image\":{\"@id\":\"https:\\\/\\\/vilight.vn\\\/website\\\/san-pham\\\/den-led-pixel\\\/den-led-diem-pixel-s20a\\\/#primaryimage\"},\"thumbnailUrl\":\"https:\\\/\\\/vilight.vn\\\/website\\\/wp-content\\\/uploads\\\/2023\\\/08\\\/S20C.jpg\",\"datePublished\":\"2023-08-21T01:53:15+00:00\",\"dateModified\":\"2023-08-25T03:00:08+00:00\",\"description\":\"Ch\u00e0o m\u1eebng \u0111\u1ebfn v\u1edbi s\u1ef1 ki\u1ec7n \u00e1nh s\u00e1ng \u0111\u1ed9t ph\u00e1! \u0110\u00e8n LED \u0111i\u1ec3m Pixel S20A - s\u1ef1 k\u1ebft h\u1ee3p ho\u00e0n h\u1ea3o gi\u1eefa hi\u1ec7u su\u1ea5t \u0111\u1ec9nh cao v\u00e0 s\u1ef1 s\u00e1ng t\u1ea1o kh\u00f4ng gi\u1edbi h\u1ea1n.\",\"breadcrumb\":{\"@id\":\"https:\\\/\\\/vilight.vn\\\/website\\\/san-pham\\\/den-led-pixel\\\/den-led-diem-pixel-s20a\\\/#breadcrumb\"},\"inLanguage\":\"vi\",\"potentialAction\":[{\"@type\":\"ReadAction\",\"target\":[\"https:\\\/\\\/vilight.vn\\\/website\\\/san-pham\\\/den-led-pixel\\\/den-led-diem-pixel-s20a\\\/\"]}]},{\"@type\":\"ImageObject\",\"inLanguage\":\"vi\",\"@id\":\"https:\\\/\\\/vilight.vn\\\/website\\\/san-pham\\\/den-led-pixel\\\/den-led-diem-pixel-s20a\\\/#primaryimage\",\"url\":\"https:\\\/\\\/vilight.vn\\\/website\\\/wp-content\\\/uploads\\\/2023\\\/08\\\/S20C.jpg\",\"contentUrl\":\"https:\\\/\\\/vilight.vn\\\/website\\\/wp-content\\\/uploads\\\/2023\\\/08\\\/S20C.jpg\",\"width\":600,\"height\":600,\"caption\":\"\u0110\u00e8n Led \u0111i\u1ec3m Pixel S20A\"},{\"@type\":\"BreadcrumbList\",\"@id\":\"https:\\\/\\\/vilight.vn\\\/website\\\/san-pham\\\/den-led-pixel\\\/den-led-diem-pixel-s20a\\\/#breadcrumb\",\"itemListElement\":[{\"@type\":\"ListItem\",\"position\":1,\"name\":\"Home\",\"item\":\"https:\\\/\\\/vilight.vn\\\/website\\\/\"},{\"@type\":\"ListItem\",\"position\":2,\"name\":\"store\",\"item\":\"https:\\\/\\\/vilight.vn\\\/website\\\/store\\\/\"},{\"@type\":\"ListItem\",\"position\":3,\"name\":\"\u0110\u00e8n Led \u0111i\u1ec3m Pixel VL S20A\"}]},{\"@type\":\"WebSite\",\"@id\":\"https:\\\/\\\/vilight.vn\\\/website\\\/#website\",\"url\":\"https:\\\/\\\/vilight.vn\\\/website\\\/\",\"name\":\"Vilight Co.ltd\",\"description\":\"Chi\u1ebfu s\u00e1ng m\u1ef9 thu\u1eadt, chi\u1ebfu s\u00e1ng th\u00f4ng minh, LED Pixel 3D, chi\u1ebfu s\u00e1ng trang tr\u00ed \u0111\u00f4 th\u1ecb, chi\u1ebfu s\u00e1ng v\u00f2ng xoay, chi\u1ebfu s\u00e1ng \u0111\u1ea3o giao th\u00f4ng, c\u1ed5ng ch\u00e0o \u0111\u00f4 th\u1ecb\",\"publisher\":{\"@id\":\"https:\\\/\\\/vilight.vn\\\/website\\\/#organization\"},\"potentialAction\":[{\"@type\":\"SearchAction\",\"target\":{\"@type\":\"EntryPoint\",\"urlTemplate\":\"https:\\\/\\\/vilight.vn\\\/website\\\/?s={search_term_string}\"},\"query-input\":{\"@type\":\"PropertyValueSpecification\",\"valueRequired\":true,\"valueName\":\"search_term_string\"}}],\"inLanguage\":\"vi\"},{\"@type\":\"Organization\",\"@id\":\"https:\\\/\\\/vilight.vn\\\/website\\\/#organization\",\"name\":\"Vilight\",\"url\":\"https:\\\/\\\/vilight.vn\\\/website\\\/\",\"logo\":{\"@type\":\"ImageObject\",\"inLanguage\":\"vi\",\"@id\":\"https:\\\/\\\/vilight.vn\\\/website\\\/#\\\/schema\\\/logo\\\/image\\\/\",\"url\":\"https:\\\/\\\/vilight.vn\\\/website\\\/wp-content\\\/uploads\\\/2022\\\/05\\\/chieu_sang_trang_tri_do_thi_bang_den_led_pixel.png\",\"contentUrl\":\"https:\\\/\\\/vilight.vn\\\/website\\\/wp-content\\\/uploads\\\/2022\\\/05\\\/chieu_sang_trang_tri_do_thi_bang_den_led_pixel.png\",\"width\":800,\"height\":427,\"caption\":\"Vilight\"},\"image\":{\"@id\":\"https:\\\/\\\/vilight.vn\\\/website\\\/#\\\/schema\\\/logo\\\/image\\\/\"},\"sameAs\":[\"http:\\\/\\\/facebook.com\\\/vilight.vn\",\"https:\\\/\\\/www.linkedin.com\\\/company\\\/vilight-vn\",\"https:\\\/\\\/www.youtube.com\\\/channel\\\/UCEwR2naeDcuarMX1kSv_rLQ\\\/videos\"]}]}<\/script>\n<meta property=\"product:brand\" content=\"\u0110\u00e8n LED Pixel\" \/>\n<meta property=\"product:price:currency\" content=\"VND\" \/>\n<meta property=\"og:availability\" content=\"instock\" \/>\n<meta property=\"product:availability\" content=\"instock\" \/>\n<meta property=\"product:condition\" content=\"new\" \/>\n<!-- \/ Yoast SEO Premium plugin. -->","yoast_head_json":{"title":"\u0110\u00e8n Led \u0111i\u1ec3m Pixel VL S20A - Vilight Co.ltd","description":"Ch\u00e0o m\u1eebng \u0111\u1ebfn v\u1edbi s\u1ef1 ki\u1ec7n \u00e1nh s\u00e1ng \u0111\u1ed9t ph\u00e1! \u0110\u00e8n LED \u0111i\u1ec3m Pixel S20A - s\u1ef1 k\u1ebft h\u1ee3p ho\u00e0n h\u1ea3o gi\u1eefa hi\u1ec7u su\u1ea5t \u0111\u1ec9nh cao v\u00e0 s\u1ef1 s\u00e1ng t\u1ea1o kh\u00f4ng gi\u1edbi h\u1ea1n.","robots":{"index":"index","follow":"follow","max-snippet":"max-snippet:-1","max-image-preview":"max-image-preview:large","max-video-preview":"max-video-preview:-1"},"canonical":"https:\/\/vilight.vn\/website\/san-pham\/den-led-pixel\/den-led-diem-pixel-s20a\/","og_locale":"vi_VN","og_type":"article","og_title":"\u0110\u00e8n Led \u0111i\u1ec3m Pixel VL S20A","og_description":"Ch\u00e0o m\u1eebng \u0111\u1ebfn v\u1edbi s\u1ef1 ki\u1ec7n \u00e1nh s\u00e1ng \u0111\u1ed9t ph\u00e1! \u0110\u00e8n LED \u0111i\u1ec3m Pixel S20A - s\u1ef1 k\u1ebft h\u1ee3p ho\u00e0n h\u1ea3o gi\u1eefa hi\u1ec7u su\u1ea5t \u0111\u1ec9nh cao v\u00e0 s\u1ef1 s\u00e1ng t\u1ea1o kh\u00f4ng gi\u1edbi h\u1ea1n. T\u1ea1o n\u00ean th\u1ebf gi\u1edbi \u00e1nh s\u00e1ng \u0111a d\u1ea1ng v\u1edbi RGB, d\u1ec5 d\u00e0ng \u0111i\u1ec1u khi\u1ec3n qua SPI. \u0110\u00f3n ch\u00e0o \u00e1nh s\u00e1ng m\u1edbi c\u00f9ng S20A!","og_url":"https:\/\/vilight.vn\/website\/san-pham\/den-led-pixel\/den-led-diem-pixel-s20a\/","og_site_name":"Vilight Co.ltd","article_publisher":"http:\/\/facebook.com\/vilight.vn","article_modified_time":"2023-08-25T03:00:08+00:00","og_image":[{"width":600,"height":600,"url":"https:\/\/vilight.vn\/website\/wp-content\/uploads\/2023\/08\/S20C.jpg","type":"image\/jpeg"}],"twitter_card":"summary_large_image","twitter_misc":{"Gi\u00e1":"","Kh\u1ea3 d\u1ee5ng":"Trong kho"},"schema":{"@context":"https:\/\/schema.org","@graph":[{"@type":"WebPage","@id":"https:\/\/vilight.vn\/website\/san-pham\/den-led-pixel\/den-led-diem-pixel-s20a\/","url":"https:\/\/vilight.vn\/website\/san-pham\/den-led-pixel\/den-led-diem-pixel-s20a\/","name":"\u0110\u00e8n Led \u0111i\u1ec3m Pixel VL S20A - Vilight Co.ltd","isPartOf":{"@id":"https:\/\/vilight.vn\/website\/#website"},"primaryImageOfPage":{"@id":"https:\/\/vilight.vn\/website\/san-pham\/den-led-pixel\/den-led-diem-pixel-s20a\/#primaryimage"},"image":{"@id":"https:\/\/vilight.vn\/website\/san-pham\/den-led-pixel\/den-led-diem-pixel-s20a\/#primaryimage"},"thumbnailUrl":"https:\/\/vilight.vn\/website\/wp-content\/uploads\/2023\/08\/S20C.jpg","datePublished":"2023-08-21T01:53:15+00:00","dateModified":"2023-08-25T03:00:08+00:00","description":"Ch\u00e0o m\u1eebng \u0111\u1ebfn v\u1edbi s\u1ef1 ki\u1ec7n \u00e1nh s\u00e1ng \u0111\u1ed9t ph\u00e1! \u0110\u00e8n LED \u0111i\u1ec3m Pixel S20A - s\u1ef1 k\u1ebft h\u1ee3p ho\u00e0n h\u1ea3o gi\u1eefa hi\u1ec7u su\u1ea5t \u0111\u1ec9nh cao v\u00e0 s\u1ef1 s\u00e1ng t\u1ea1o kh\u00f4ng gi\u1edbi h\u1ea1n.","breadcrumb":{"@id":"https:\/\/vilight.vn\/website\/san-pham\/den-led-pixel\/den-led-diem-pixel-s20a\/#breadcrumb"},"inLanguage":"vi","potentialAction":[{"@type":"ReadAction","target":["https:\/\/vilight.vn\/website\/san-pham\/den-led-pixel\/den-led-diem-pixel-s20a\/"]}]},{"@type":"ImageObject","inLanguage":"vi","@id":"https:\/\/vilight.vn\/website\/san-pham\/den-led-pixel\/den-led-diem-pixel-s20a\/#primaryimage","url":"https:\/\/vilight.vn\/website\/wp-content\/uploads\/2023\/08\/S20C.jpg","contentUrl":"https:\/\/vilight.vn\/website\/wp-content\/uploads\/2023\/08\/S20C.jpg","width":600,"height":600,"caption":"\u0110\u00e8n Led \u0111i\u1ec3m Pixel S20A"},{"@type":"BreadcrumbList","@id":"https:\/\/vilight.vn\/website\/san-pham\/den-led-pixel\/den-led-diem-pixel-s20a\/#breadcrumb","itemListElement":[{"@type":"ListItem","position":1,"name":"Home","item":"https:\/\/vilight.vn\/website\/"},{"@type":"ListItem","position":2,"name":"store","item":"https:\/\/vilight.vn\/website\/store\/"},{"@type":"ListItem","position":3,"name":"\u0110\u00e8n Led \u0111i\u1ec3m Pixel VL S20A"}]},{"@type":"WebSite","@id":"https:\/\/vilight.vn\/website\/#website","url":"https:\/\/vilight.vn\/website\/","name":"Vilight Co.ltd","description":"Chi\u1ebfu s\u00e1ng m\u1ef9 thu\u1eadt, chi\u1ebfu s\u00e1ng th\u00f4ng minh, LED Pixel 3D, chi\u1ebfu s\u00e1ng trang tr\u00ed \u0111\u00f4 th\u1ecb, chi\u1ebfu s\u00e1ng v\u00f2ng xoay, chi\u1ebfu s\u00e1ng \u0111\u1ea3o giao th\u00f4ng, c\u1ed5ng ch\u00e0o \u0111\u00f4 th\u1ecb","publisher":{"@id":"https:\/\/vilight.vn\/website\/#organization"},"potentialAction":[{"@type":"SearchAction","target":{"@type":"EntryPoint","urlTemplate":"https:\/\/vilight.vn\/website\/?s={search_term_string}"},"query-input":{"@type":"PropertyValueSpecification","valueRequired":true,"valueName":"search_term_string"}}],"inLanguage":"vi"},{"@type":"Organization","@id":"https:\/\/vilight.vn\/website\/#organization","name":"Vilight","url":"https:\/\/vilight.vn\/website\/","logo":{"@type":"ImageObject","inLanguage":"vi","@id":"https:\/\/vilight.vn\/website\/#\/schema\/logo\/image\/","url":"https:\/\/vilight.vn\/website\/wp-content\/uploads\/2022\/05\/chieu_sang_trang_tri_do_thi_bang_den_led_pixel.png","contentUrl":"https:\/\/vilight.vn\/website\/wp-content\/uploads\/2022\/05\/chieu_sang_trang_tri_do_thi_bang_den_led_pixel.png","width":800,"height":427,"caption":"Vilight"},"image":{"@id":"https:\/\/vilight.vn\/website\/#\/schema\/logo\/image\/"},"sameAs":["http:\/\/facebook.com\/vilight.vn","https:\/\/www.linkedin.com\/company\/vilight-vn","https:\/\/www.youtube.com\/channel\/UCEwR2naeDcuarMX1kSv_rLQ\/videos"]}]},"product_brand":"\u0110\u00e8n LED Pixel","product_price_currency":"VND","og_availability":"instock","product_availability":"instock","product_condition":"new"},"_links":{"self":[{"href":"https:\/\/vilight.vn\/website\/wp-json\/wp\/v2\/product\/4426","targetHints":{"allow":["GET"]}}],"collection":[{"href":"https:\/\/vilight.vn\/website\/wp-json\/wp\/v2\/product"}],"about":[{"href":"https:\/\/vilight.vn\/website\/wp-json\/wp\/v2\/types\/product"}],"wp:featuredmedia":[{"embeddable":true,"href":"https:\/\/vilight.vn\/website\/wp-json\/wp\/v2\/media\/4428"}],"wp:attachment":[{"href":"https:\/\/vilight.vn\/website\/wp-json\/wp\/v2\/media?parent=4426"}],"wp:term":[{"taxonomy":"product_brand","embeddable":true,"href":"https:\/\/vilight.vn\/website\/wp-json\/wp\/v2\/product_brand?post=4426"},{"taxonomy":"product_cat","embeddable":true,"href":"https:\/\/vilight.vn\/website\/wp-json\/wp\/v2\/product_cat?post=4426"},{"taxonomy":"product_tag","embeddable":true,"href":"https:\/\/vilight.vn\/website\/wp-json\/wp\/v2\/product_tag?post=4426"}],"curies":[{"name":"wp","href":"https:\/\/api.w.org\/{rel}","templated":true}]}}