{"id":4429,"date":"2023-08-21T08:54:30","date_gmt":"2023-08-21T01:54:30","guid":{"rendered":"https:\/\/vilight.vn\/website\/?post_type=product&#038;p=4429"},"modified":"2023-08-25T10:00:35","modified_gmt":"2023-08-25T03:00:35","slug":"den-led-diem-pixel-s20b","status":"publish","type":"product","link":"https:\/\/vilight.vn\/website\/san-pham\/den-led-pixel\/den-led-diem-pixel-s20b\/","title":{"rendered":"\u0110\u00e8n Led \u0111i\u1ec3m Pixel VL S20B"},"content":{"rendered":"<h2 style=\"text-align: justify;\"><span style=\"font-size: 18pt;\">\u0110\u00e8n Led \u0111i\u1ec3m Pixel VL S20B &#8211; S\u00e1ng t\u1ea1o kh\u00f4ng gi\u1edbi h\u1ea1n.\u00a0<\/span><\/h2>\n<p style=\"text-align: justify;\"><span style=\"font-size: 14pt;\">B\u1ea1n \u0111ang t\u00ecm ki\u1ebfm gi\u1ea3i ph\u00e1p chi\u1ebfu s\u00e1ng \u0111\u1ed9c \u0111\u00e1o \u0111\u1ec3 l\u00e0m cho kh\u00f4ng gian c\u1ee7a m\u00ecnh th\u00eam ph\u1ea7n \u0111\u1eb7c bi\u1ec7t? \u0110\u1eebng b\u1ecf l\u1ee1 c\u01a1 h\u1ed9i tr\u1ea3i nghi\u1ec7m \u0110\u00e8n LED \u0110i\u1ec3m Pixel S20B &#8211; m\u1ed9t s\u1ea3n ph\u1ea9m \u0111\u1ed9c \u0111\u00e1o mang \u0111\u1ebfn kh\u00f4ng gian s\u1ed1ng v\u00e0 l\u00e0m vi\u1ec7c c\u1ee7a b\u1ea1n m\u1ed9t m\u00e0u s\u1eafc m\u1edbi m\u1ebb v\u00e0 s\u1ef1 s\u00e1ng t\u1ea1o kh\u00f4ng gi\u1edbi h\u1ea1n.. S\u1ea3n ph\u1ea9m ph\u00f9 h\u1ee3p \u0111\u1ec3 s\u1eed d\u1ee5ng cho c\u00e1c c\u00f4ng tr\u00ecnh chi\u1ebfu s\u00e1ng trang tr\u00ed l\u1ec5 h\u1ed9i, chi\u1ebfu s\u00e1ng trang tr\u00ed cho c\u00e1c c\u00f4ng tr\u00ecnh c\u00f4ng c\u1ed9ng v\u00e0 nhi\u1ec1u \u1ee9ng d\u1ee5ng th\u1ef1c ti\u1ec5n trong cu\u1ed9c s\u1ed1ng.\u00a0<\/span><\/p>\n<p style=\"text-align: justify;\"><span style=\"font-size: 14pt;\">\u0110i\u1ec7n \u00e1p linh ho\u1ea1t<\/span><br \/>\n<span style=\"font-size: 14pt;\">V\u1edbi kh\u1ea3 n\u0103ng ho\u1ea1t \u0111\u1ed9ng \u1edf c\u1ea3 \u0111\u1ed9ng \u00e1p DC5V v\u00e0 DC12V, \u0110\u00e8n LED \u0110i\u1ec3m Pixel S20B mang \u0111\u1ebfn s\u1ef1 linh ho\u1ea1t trong vi\u1ec7c t\u00edch h\u1ee3p v\u00e0o c\u00e1c d\u1ef1 \u00e1n \u00e1nh s\u00e1ng c\u1ee7a b\u1ea1n. B\u1ea1n c\u00f3 th\u1ec3 l\u1ef1a ch\u1ecdn \u0111i\u1ec7n \u00e1p ph\u00f9 h\u1ee3p v\u1edbi y\u00eau c\u1ea7u c\u1ee5 th\u1ec3 c\u1ee7a kh\u00f4ng gian v\u00e0 t\u1eadn d\u1ee5ng hi\u1ec7u su\u1ea5t ti\u1ebft ki\u1ec7m n\u0103ng l\u01b0\u1ee3ng \u1ea5n t\u01b0\u1ee3ng v\u1edbi ch\u1ec9 0.3W ho\u1eb7c 0.6W t\u01b0\u01a1ng \u1ee9ng.<\/span><\/p>\n<p style=\"text-align: justify;\"><span style=\"font-size: 14pt;\">Hi\u1ec3n th\u1ecb \u0111a d\u1ea1ng<\/span><br \/>\n<span style=\"font-size: 14pt;\">V\u1edbi ch\u1ebf \u0111\u1ed9 hi\u1ec3n th\u1ecb RGB, \u0110\u00e8n LED \u0110i\u1ec3m Pixel S20B cho ph\u00e9p b\u1ea1n t\u1ea1o ra nh\u1eefng hi\u1ec7u \u1ee9ng \u00e1nh s\u00e1ng phong ph\u00fa v\u00e0 \u0111a d\u1ea1ng. T\u1ef1 do s\u00e1ng t\u1ea1o c\u1ee7a b\u1ea1n kh\u00f4ng c\u00f2n b\u1ecb r\u00e0ng bu\u1ed9c b\u1edfi m\u1ed9t m\u00e0u duy nh\u1ea5t &#8211; thay v\u00e0o \u0111\u00f3, b\u1ea1n c\u00f3 th\u1ec3 t\u1ea1o ra nh\u1eefng pha tr\u1ed9n m\u00e0u s\u1eafc tinh t\u1ebf, t\u1ea1o n\u00ean kh\u00f4ng gian s\u1ed1ng \u0111\u1ed9c \u0111\u00e1o v\u00e0 th\u00fa v\u1ecb.<\/span><\/p>\n<p style=\"text-align: justify;\"><span style=\"font-size: 14pt;\">Ch\u1ea5t l\u01b0\u1ee3ng \u0111\u1ec9nh cao<\/span><br \/>\n<span style=\"font-size: 14pt;\">\u0110\u01b0\u1ee3c trang b\u1ecb lo\u1ea1i b\u00f3ng \u0111\u00e8n F8 RG (k\u1ebft h\u1ee3p gi\u1eefa m\u00e0u \u0111\u1ecf v\u00e0 xanh l\u00e1 c\u00e2y), \u0110\u00e8n LED \u0110i\u1ec3m Pixel S20B kh\u00f4ng ch\u1ec9 mang \u0111\u1ebfn \u00e1nh s\u00e1ng t\u01b0\u01a1i s\u00e1ng m\u00e0 c\u00f2n th\u1ec3 hi\u1ec7n r\u00f5 n\u00e9t s\u1ef1 ch\u00fa \u00fd \u0111\u1ebfn ch\u1ea5t l\u01b0\u1ee3ng. V\u1edbi v\u1ecf ngo\u00e0i b\u1eb1ng polycarbonate (PC), s\u1ea3n ph\u1ea9m kh\u00f4ng ch\u1ec9 b\u1ec1n b\u1ec9 m\u00e0 c\u00f2n \u0111\u1ea3m b\u1ea3o an to\u00e0n cho m\u00f4i tr\u01b0\u1eddng xung quanh.<\/span><\/p>\n<p style=\"text-align: justify;\"><span style=\"font-size: 14pt;\">D\u1ec5 d\u00e0ng ki\u1ec3m so\u00e1t<\/span><br \/>\n<span style=\"font-size: 14pt;\">S\u1ea3n ph\u1ea9m \u0111\u01b0\u1ee3c \u0111i\u1ec1u khi\u1ec3n th\u00f4ng qua ch\u1ebf \u0111\u1ed9 SPI (Serial Peripheral Interface), cho ph\u00e9p b\u1ea1n d\u1ec5 d\u00e0ng t\u00f9y ch\u1ec9nh hi\u1ec3n th\u1ecb \u00e1nh s\u00e1ng theo \u00fd mu\u1ed1n. \u0110i\u1ec1u n\u00e0y mang \u0111\u1ebfn s\u1ef1 linh ho\u1ea1t v\u00e0 ti\u1ec7n l\u1ee3i trong vi\u1ec7c t\u1ea1o ra c\u00e1c hi\u1ec7u \u1ee9ng \u00e1nh s\u00e1ng \u0111\u1ed9c \u0111\u00e1o v\u00e0 th\u00fa v\u1ecb.<\/span><\/p>\n<p style=\"text-align: justify;\"><span style=\"font-size: 14pt;\">Kh\u00e1m ph\u00e1 th\u1ebf gi\u1edbi m\u1edbi v\u1edbi \u0110\u00e8n LED \u0110i\u1ec3m Pixel S20B.** Cho d\u00f9 b\u1ea1n \u0111ang t\u1ea1o d\u1ef1ng kh\u00f4ng gian ngh\u1ec7 thu\u1eadt, ph\u00f2ng tr\u01b0ng b\u00e0y s\u1ea3n ph\u1ea9m, hay ch\u1ec9 \u0111\u01a1n gi\u1ea3n l\u00e0 mu\u1ed1n l\u00e0m m\u1edbi kh\u00f4ng gian s\u1ed1ng, s\u1ea3n ph\u1ea9m n\u00e0y s\u1ebd kh\u00f4ng bao gi\u1edd l\u00e0m b\u1ea1n th\u1ea5t v\u1ecdng. \u0110\u1eb7t h\u00e0ng ngay h\u00f4m nay v\u00e0 bi\u1ebfn \u01b0\u1edbc m\u01a1 \u00e1nh s\u00e1ng c\u1ee7a b\u1ea1n th\u00e0nh hi\u1ec7n th\u1ef1c!<\/span><\/p>\n<p style=\"text-align: justify;\"><span style=\"font-size: 14pt;\"><a href=\"https:\/\/vilight.vn\/website\/wp-content\/uploads\/2023\/08\/S20B.jpg\"><img decoding=\"async\" class=\"size-full wp-image-4430 lazyload\" data-src=\"https:\/\/vilight.vn\/website\/wp-content\/uploads\/2023\/08\/S20B.jpg\" alt=\"\u0110\u00e8n Led \u0111i\u1ec3m Pixel S20B\" width=\"1200\" height=\"268\" data-srcset=\"https:\/\/vilight.vn\/website\/wp-content\/uploads\/2023\/08\/S20B.jpg 1200w, https:\/\/vilight.vn\/website\/wp-content\/uploads\/2023\/08\/S20B-800x179.jpg 800w, https:\/\/vilight.vn\/website\/wp-content\/uploads\/2023\/08\/S20B-300x67.jpg 300w, https:\/\/vilight.vn\/website\/wp-content\/uploads\/2023\/08\/S20B-1024x229.jpg 1024w, https:\/\/vilight.vn\/website\/wp-content\/uploads\/2023\/08\/S20B-768x172.jpg 768w, https:\/\/vilight.vn\/website\/wp-content\/uploads\/2023\/08\/S20B-150x34.jpg 150w, https:\/\/vilight.vn\/website\/wp-content\/uploads\/2023\/08\/S20B-480x107.jpg 480w\" data-sizes=\"(max-width:767px) 480px, (max-width:1200px) 100vw, 1200px\" src=\"data:image\/svg+xml;base64,PHN2ZyB3aWR0aD0iMSIgaGVpZ2h0PSIxIiB4bWxucz0iaHR0cDovL3d3dy53My5vcmcvMjAwMC9zdmciPjwvc3ZnPg==\" style=\"--smush-placeholder-width: 1200px; --smush-placeholder-aspect-ratio: 1200\/268;\" \/><\/a><\/span><\/p>\n<p><span style=\"font-size: 14pt;\">M\u1ed9t s\u1ed1 m\u1eabu \u0111\u00e8n chuy\u00ean d\u00f9ng trong trang tr\u00ed chi\u1ebfu s\u00e1ng trang tr\u00ed l\u1ec5 h\u1ed9i b\u1ea1n c\u00f3 th\u1ec3 tham kh\u1ea3o <a href=\"https:\/\/vilight.vn\/website\/danh-muc-san-pham\/den-led-pixel\/trang-tri\/\">t\u1ea1i \u0111\u00e2y\u00a0<\/a><\/span><\/p>\n","protected":false},"excerpt":{"rendered":"<p style=\"text-align: justify;\"><span style=\"font-size: 14pt;\">Kh\u00e1m ph\u00e1 s\u1ef1 k\u1ebft h\u1ee3p ho\u00e0n h\u1ea3o c\u1ee7a \u0111\u00e8n LED \u0111i\u1ec3m Pixel S20B &#8211; t\u1eeb thi\u1ebft k\u1ebf linh ho\u1ea1t v\u1edbi \u0111a d\u1ea1ng m\u00e0u s\u1eafc RGB, \u0111\u1ebfn ch\u1ea5t l\u01b0\u1ee3ng v\u01b0\u1ee3t tr\u1ed9i v\u1edbi v\u1ecf polycarbonate b\u1ec1n b\u1ec9. T\u1ea1o n\u00ean kh\u00f4ng gian s\u1ed1ng v\u00e0 l\u00e0m vi\u1ec7c \u0111\u1ed9c \u0111\u00e1o v\u1edbi hi\u1ec7u \u1ee9ng \u00e1nh s\u00e1ng tinh t\u1ebf.<\/span><\/p>\n","protected":false},"featured_media":4431,"template":"","meta":[],"product_brand":[],"product_cat":[77,313,193],"product_tag":[],"class_list":{"0":"post-4429","1":"product","2":"type-product","3":"status-publish","4":"has-post-thumbnail","6":"product_cat-den-led-pixel","7":"product_cat-trang-tri","8":"product_cat-s-series","9":"pa_chuan-dieu-khien-spi","10":"pa_cong-suat-0-3w","11":"pa_cong-suat-0-6w","12":"pa_dien-ap-hoat-dong-12v","13":"pa_dien-ap-hoat-dong-dc-5v","14":"pa_nhiet-do-mau-rgb","16":"first","17":"instock","18":"taxable","19":"shipping-taxable","20":"product-type-simple"},"yoast_head":"<!-- This site is optimized with the Yoast SEO Premium plugin v27.4 (Yoast SEO v27.4) - https:\/\/yoast.com\/product\/yoast-seo-premium-wordpress\/ -->\n<title>\u0110\u00e8n Led \u0111i\u1ec3m Pixel VL S20B - Vilight Co.ltd<\/title>\n<meta name=\"description\" content=\"Kh\u00e1m ph\u00e1 s\u1ef1 k\u1ebft h\u1ee3p ho\u00e0n h\u1ea3o c\u1ee7a \u0111\u00e8n LED \u0111i\u1ec3m Pixel S20B - t\u1eeb thi\u1ebft k\u1ebf linh ho\u1ea1t v\u1edbi \u0111a d\u1ea1ng m\u00e0u s\u1eafc RGB, \u0111\u1ebfn ch\u1ea5t l\u01b0\u1ee3ng v\u01b0\u1ee3t tr\u1ed9i v\u1edbi v\u1ecf polycarbonate b\u1ec1n\" \/>\n<meta name=\"robots\" content=\"index, follow, max-snippet:-1, max-image-preview:large, max-video-preview:-1\" \/>\n<link rel=\"canonical\" href=\"https:\/\/vilight.vn\/website\/san-pham\/den-led-pixel\/den-led-diem-pixel-s20b\/\" \/>\n<meta property=\"og:locale\" content=\"vi_VN\" \/>\n<meta property=\"og:type\" content=\"article\" \/>\n<meta property=\"og:title\" content=\"\u0110\u00e8n Led \u0111i\u1ec3m Pixel VL S20B\" \/>\n<meta property=\"og:description\" content=\"Kh\u00e1m ph\u00e1 s\u1ef1 k\u1ebft h\u1ee3p ho\u00e0n h\u1ea3o c\u1ee7a \u0111\u00e8n LED \u0111i\u1ec3m Pixel S20B - t\u1eeb thi\u1ebft k\u1ebf linh ho\u1ea1t v\u1edbi \u0111a d\u1ea1ng m\u00e0u s\u1eafc RGB, \u0111\u1ebfn ch\u1ea5t l\u01b0\u1ee3ng v\u01b0\u1ee3t tr\u1ed9i v\u1edbi v\u1ecf polycarbonate b\u1ec1n b\u1ec9. T\u1ea1o n\u00ean kh\u00f4ng gian s\u1ed1ng v\u00e0 l\u00e0m vi\u1ec7c \u0111\u1ed9c \u0111\u00e1o v\u1edbi hi\u1ec7u \u1ee9ng \u00e1nh s\u00e1ng tinh t\u1ebf.\" \/>\n<meta property=\"og:url\" content=\"https:\/\/vilight.vn\/website\/san-pham\/den-led-pixel\/den-led-diem-pixel-s20b\/\" \/>\n<meta property=\"og:site_name\" content=\"Vilight Co.ltd\" \/>\n<meta property=\"article:publisher\" content=\"http:\/\/facebook.com\/vilight.vn\" \/>\n<meta property=\"article:modified_time\" content=\"2023-08-25T03:00:35+00:00\" \/>\n<meta property=\"og:image\" content=\"https:\/\/vilight.vn\/website\/wp-content\/uploads\/2023\/08\/S20C-1.jpg\" \/>\n\t<meta property=\"og:image:width\" content=\"600\" \/>\n\t<meta property=\"og:image:height\" content=\"600\" \/>\n\t<meta property=\"og:image:type\" content=\"image\/jpeg\" \/>\n<meta name=\"twitter:card\" content=\"summary_large_image\" \/>\n<meta name=\"twitter:label1\" content=\"Gi\u00e1\" \/>\n\t<meta name=\"twitter:data1\" content=\"\" \/>\n\t<meta name=\"twitter:label2\" content=\"Kh\u1ea3 d\u1ee5ng\" \/>\n\t<meta name=\"twitter:data2\" content=\"Trong kho\" \/>\n<script type=\"application\/ld+json\" class=\"yoast-schema-graph\">{\"@context\":\"https:\\\/\\\/schema.org\",\"@graph\":[{\"@type\":\"WebPage\",\"@id\":\"https:\\\/\\\/vilight.vn\\\/website\\\/san-pham\\\/den-led-pixel\\\/den-led-diem-pixel-s20b\\\/\",\"url\":\"https:\\\/\\\/vilight.vn\\\/website\\\/san-pham\\\/den-led-pixel\\\/den-led-diem-pixel-s20b\\\/\",\"name\":\"\u0110\u00e8n Led \u0111i\u1ec3m Pixel VL S20B - Vilight Co.ltd\",\"isPartOf\":{\"@id\":\"https:\\\/\\\/vilight.vn\\\/website\\\/#website\"},\"primaryImageOfPage\":{\"@id\":\"https:\\\/\\\/vilight.vn\\\/website\\\/san-pham\\\/den-led-pixel\\\/den-led-diem-pixel-s20b\\\/#primaryimage\"},\"image\":{\"@id\":\"https:\\\/\\\/vilight.vn\\\/website\\\/san-pham\\\/den-led-pixel\\\/den-led-diem-pixel-s20b\\\/#primaryimage\"},\"thumbnailUrl\":\"https:\\\/\\\/vilight.vn\\\/website\\\/wp-content\\\/uploads\\\/2023\\\/08\\\/S20C-1.jpg\",\"datePublished\":\"2023-08-21T01:54:30+00:00\",\"dateModified\":\"2023-08-25T03:00:35+00:00\",\"description\":\"Kh\u00e1m ph\u00e1 s\u1ef1 k\u1ebft h\u1ee3p ho\u00e0n h\u1ea3o c\u1ee7a \u0111\u00e8n LED \u0111i\u1ec3m Pixel S20B - t\u1eeb thi\u1ebft k\u1ebf linh ho\u1ea1t v\u1edbi \u0111a d\u1ea1ng m\u00e0u s\u1eafc RGB, \u0111\u1ebfn ch\u1ea5t l\u01b0\u1ee3ng v\u01b0\u1ee3t tr\u1ed9i v\u1edbi v\u1ecf polycarbonate b\u1ec1n\",\"breadcrumb\":{\"@id\":\"https:\\\/\\\/vilight.vn\\\/website\\\/san-pham\\\/den-led-pixel\\\/den-led-diem-pixel-s20b\\\/#breadcrumb\"},\"inLanguage\":\"vi\",\"potentialAction\":[{\"@type\":\"ReadAction\",\"target\":[\"https:\\\/\\\/vilight.vn\\\/website\\\/san-pham\\\/den-led-pixel\\\/den-led-diem-pixel-s20b\\\/\"]}]},{\"@type\":\"ImageObject\",\"inLanguage\":\"vi\",\"@id\":\"https:\\\/\\\/vilight.vn\\\/website\\\/san-pham\\\/den-led-pixel\\\/den-led-diem-pixel-s20b\\\/#primaryimage\",\"url\":\"https:\\\/\\\/vilight.vn\\\/website\\\/wp-content\\\/uploads\\\/2023\\\/08\\\/S20C-1.jpg\",\"contentUrl\":\"https:\\\/\\\/vilight.vn\\\/website\\\/wp-content\\\/uploads\\\/2023\\\/08\\\/S20C-1.jpg\",\"width\":600,\"height\":600,\"caption\":\"\u0110\u00e8n Led \u0111i\u1ec3m Pixel S20B\"},{\"@type\":\"BreadcrumbList\",\"@id\":\"https:\\\/\\\/vilight.vn\\\/website\\\/san-pham\\\/den-led-pixel\\\/den-led-diem-pixel-s20b\\\/#breadcrumb\",\"itemListElement\":[{\"@type\":\"ListItem\",\"position\":1,\"name\":\"Home\",\"item\":\"https:\\\/\\\/vilight.vn\\\/website\\\/\"},{\"@type\":\"ListItem\",\"position\":2,\"name\":\"store\",\"item\":\"https:\\\/\\\/vilight.vn\\\/website\\\/store\\\/\"},{\"@type\":\"ListItem\",\"position\":3,\"name\":\"\u0110\u00e8n Led \u0111i\u1ec3m Pixel VL S20B\"}]},{\"@type\":\"WebSite\",\"@id\":\"https:\\\/\\\/vilight.vn\\\/website\\\/#website\",\"url\":\"https:\\\/\\\/vilight.vn\\\/website\\\/\",\"name\":\"Vilight Co.ltd\",\"description\":\"Chi\u1ebfu s\u00e1ng m\u1ef9 thu\u1eadt, chi\u1ebfu s\u00e1ng th\u00f4ng minh, LED Pixel 3D, chi\u1ebfu s\u00e1ng trang tr\u00ed \u0111\u00f4 th\u1ecb, chi\u1ebfu s\u00e1ng v\u00f2ng xoay, chi\u1ebfu s\u00e1ng \u0111\u1ea3o giao th\u00f4ng, c\u1ed5ng ch\u00e0o \u0111\u00f4 th\u1ecb\",\"publisher\":{\"@id\":\"https:\\\/\\\/vilight.vn\\\/website\\\/#organization\"},\"potentialAction\":[{\"@type\":\"SearchAction\",\"target\":{\"@type\":\"EntryPoint\",\"urlTemplate\":\"https:\\\/\\\/vilight.vn\\\/website\\\/?s={search_term_string}\"},\"query-input\":{\"@type\":\"PropertyValueSpecification\",\"valueRequired\":true,\"valueName\":\"search_term_string\"}}],\"inLanguage\":\"vi\"},{\"@type\":\"Organization\",\"@id\":\"https:\\\/\\\/vilight.vn\\\/website\\\/#organization\",\"name\":\"Vilight\",\"url\":\"https:\\\/\\\/vilight.vn\\\/website\\\/\",\"logo\":{\"@type\":\"ImageObject\",\"inLanguage\":\"vi\",\"@id\":\"https:\\\/\\\/vilight.vn\\\/website\\\/#\\\/schema\\\/logo\\\/image\\\/\",\"url\":\"https:\\\/\\\/vilight.vn\\\/website\\\/wp-content\\\/uploads\\\/2022\\\/05\\\/chieu_sang_trang_tri_do_thi_bang_den_led_pixel.png\",\"contentUrl\":\"https:\\\/\\\/vilight.vn\\\/website\\\/wp-content\\\/uploads\\\/2022\\\/05\\\/chieu_sang_trang_tri_do_thi_bang_den_led_pixel.png\",\"width\":800,\"height\":427,\"caption\":\"Vilight\"},\"image\":{\"@id\":\"https:\\\/\\\/vilight.vn\\\/website\\\/#\\\/schema\\\/logo\\\/image\\\/\"},\"sameAs\":[\"http:\\\/\\\/facebook.com\\\/vilight.vn\",\"https:\\\/\\\/www.linkedin.com\\\/company\\\/vilight-vn\",\"https:\\\/\\\/www.youtube.com\\\/channel\\\/UCEwR2naeDcuarMX1kSv_rLQ\\\/videos\"]}]}<\/script>\n<meta property=\"product:brand\" content=\"\u0110\u00e8n LED Pixel\" \/>\n<meta property=\"product:price:currency\" content=\"VND\" \/>\n<meta property=\"og:availability\" content=\"instock\" \/>\n<meta property=\"product:availability\" content=\"instock\" \/>\n<meta property=\"product:condition\" content=\"new\" \/>\n<!-- \/ Yoast SEO Premium plugin. -->","yoast_head_json":{"title":"\u0110\u00e8n Led \u0111i\u1ec3m Pixel VL S20B - Vilight Co.ltd","description":"Kh\u00e1m ph\u00e1 s\u1ef1 k\u1ebft h\u1ee3p ho\u00e0n h\u1ea3o c\u1ee7a \u0111\u00e8n LED \u0111i\u1ec3m Pixel S20B - t\u1eeb thi\u1ebft k\u1ebf linh ho\u1ea1t v\u1edbi \u0111a d\u1ea1ng m\u00e0u s\u1eafc RGB, \u0111\u1ebfn ch\u1ea5t l\u01b0\u1ee3ng v\u01b0\u1ee3t tr\u1ed9i v\u1edbi v\u1ecf polycarbonate b\u1ec1n","robots":{"index":"index","follow":"follow","max-snippet":"max-snippet:-1","max-image-preview":"max-image-preview:large","max-video-preview":"max-video-preview:-1"},"canonical":"https:\/\/vilight.vn\/website\/san-pham\/den-led-pixel\/den-led-diem-pixel-s20b\/","og_locale":"vi_VN","og_type":"article","og_title":"\u0110\u00e8n Led \u0111i\u1ec3m Pixel VL S20B","og_description":"Kh\u00e1m ph\u00e1 s\u1ef1 k\u1ebft h\u1ee3p ho\u00e0n h\u1ea3o c\u1ee7a \u0111\u00e8n LED \u0111i\u1ec3m Pixel S20B - t\u1eeb thi\u1ebft k\u1ebf linh ho\u1ea1t v\u1edbi \u0111a d\u1ea1ng m\u00e0u s\u1eafc RGB, \u0111\u1ebfn ch\u1ea5t l\u01b0\u1ee3ng v\u01b0\u1ee3t tr\u1ed9i v\u1edbi v\u1ecf polycarbonate b\u1ec1n b\u1ec9. T\u1ea1o n\u00ean kh\u00f4ng gian s\u1ed1ng v\u00e0 l\u00e0m vi\u1ec7c \u0111\u1ed9c \u0111\u00e1o v\u1edbi hi\u1ec7u \u1ee9ng \u00e1nh s\u00e1ng tinh t\u1ebf.","og_url":"https:\/\/vilight.vn\/website\/san-pham\/den-led-pixel\/den-led-diem-pixel-s20b\/","og_site_name":"Vilight Co.ltd","article_publisher":"http:\/\/facebook.com\/vilight.vn","article_modified_time":"2023-08-25T03:00:35+00:00","og_image":[{"width":600,"height":600,"url":"https:\/\/vilight.vn\/website\/wp-content\/uploads\/2023\/08\/S20C-1.jpg","type":"image\/jpeg"}],"twitter_card":"summary_large_image","twitter_misc":{"Gi\u00e1":"","Kh\u1ea3 d\u1ee5ng":"Trong kho"},"schema":{"@context":"https:\/\/schema.org","@graph":[{"@type":"WebPage","@id":"https:\/\/vilight.vn\/website\/san-pham\/den-led-pixel\/den-led-diem-pixel-s20b\/","url":"https:\/\/vilight.vn\/website\/san-pham\/den-led-pixel\/den-led-diem-pixel-s20b\/","name":"\u0110\u00e8n Led \u0111i\u1ec3m Pixel VL S20B - Vilight Co.ltd","isPartOf":{"@id":"https:\/\/vilight.vn\/website\/#website"},"primaryImageOfPage":{"@id":"https:\/\/vilight.vn\/website\/san-pham\/den-led-pixel\/den-led-diem-pixel-s20b\/#primaryimage"},"image":{"@id":"https:\/\/vilight.vn\/website\/san-pham\/den-led-pixel\/den-led-diem-pixel-s20b\/#primaryimage"},"thumbnailUrl":"https:\/\/vilight.vn\/website\/wp-content\/uploads\/2023\/08\/S20C-1.jpg","datePublished":"2023-08-21T01:54:30+00:00","dateModified":"2023-08-25T03:00:35+00:00","description":"Kh\u00e1m ph\u00e1 s\u1ef1 k\u1ebft h\u1ee3p ho\u00e0n h\u1ea3o c\u1ee7a \u0111\u00e8n LED \u0111i\u1ec3m Pixel S20B - t\u1eeb thi\u1ebft k\u1ebf linh ho\u1ea1t v\u1edbi \u0111a d\u1ea1ng m\u00e0u s\u1eafc RGB, \u0111\u1ebfn ch\u1ea5t l\u01b0\u1ee3ng v\u01b0\u1ee3t tr\u1ed9i v\u1edbi v\u1ecf polycarbonate b\u1ec1n","breadcrumb":{"@id":"https:\/\/vilight.vn\/website\/san-pham\/den-led-pixel\/den-led-diem-pixel-s20b\/#breadcrumb"},"inLanguage":"vi","potentialAction":[{"@type":"ReadAction","target":["https:\/\/vilight.vn\/website\/san-pham\/den-led-pixel\/den-led-diem-pixel-s20b\/"]}]},{"@type":"ImageObject","inLanguage":"vi","@id":"https:\/\/vilight.vn\/website\/san-pham\/den-led-pixel\/den-led-diem-pixel-s20b\/#primaryimage","url":"https:\/\/vilight.vn\/website\/wp-content\/uploads\/2023\/08\/S20C-1.jpg","contentUrl":"https:\/\/vilight.vn\/website\/wp-content\/uploads\/2023\/08\/S20C-1.jpg","width":600,"height":600,"caption":"\u0110\u00e8n Led \u0111i\u1ec3m Pixel S20B"},{"@type":"BreadcrumbList","@id":"https:\/\/vilight.vn\/website\/san-pham\/den-led-pixel\/den-led-diem-pixel-s20b\/#breadcrumb","itemListElement":[{"@type":"ListItem","position":1,"name":"Home","item":"https:\/\/vilight.vn\/website\/"},{"@type":"ListItem","position":2,"name":"store","item":"https:\/\/vilight.vn\/website\/store\/"},{"@type":"ListItem","position":3,"name":"\u0110\u00e8n Led \u0111i\u1ec3m Pixel VL S20B"}]},{"@type":"WebSite","@id":"https:\/\/vilight.vn\/website\/#website","url":"https:\/\/vilight.vn\/website\/","name":"Vilight Co.ltd","description":"Chi\u1ebfu s\u00e1ng m\u1ef9 thu\u1eadt, chi\u1ebfu s\u00e1ng th\u00f4ng minh, LED Pixel 3D, chi\u1ebfu s\u00e1ng trang tr\u00ed \u0111\u00f4 th\u1ecb, chi\u1ebfu s\u00e1ng v\u00f2ng xoay, chi\u1ebfu s\u00e1ng \u0111\u1ea3o giao th\u00f4ng, c\u1ed5ng ch\u00e0o \u0111\u00f4 th\u1ecb","publisher":{"@id":"https:\/\/vilight.vn\/website\/#organization"},"potentialAction":[{"@type":"SearchAction","target":{"@type":"EntryPoint","urlTemplate":"https:\/\/vilight.vn\/website\/?s={search_term_string}"},"query-input":{"@type":"PropertyValueSpecification","valueRequired":true,"valueName":"search_term_string"}}],"inLanguage":"vi"},{"@type":"Organization","@id":"https:\/\/vilight.vn\/website\/#organization","name":"Vilight","url":"https:\/\/vilight.vn\/website\/","logo":{"@type":"ImageObject","inLanguage":"vi","@id":"https:\/\/vilight.vn\/website\/#\/schema\/logo\/image\/","url":"https:\/\/vilight.vn\/website\/wp-content\/uploads\/2022\/05\/chieu_sang_trang_tri_do_thi_bang_den_led_pixel.png","contentUrl":"https:\/\/vilight.vn\/website\/wp-content\/uploads\/2022\/05\/chieu_sang_trang_tri_do_thi_bang_den_led_pixel.png","width":800,"height":427,"caption":"Vilight"},"image":{"@id":"https:\/\/vilight.vn\/website\/#\/schema\/logo\/image\/"},"sameAs":["http:\/\/facebook.com\/vilight.vn","https:\/\/www.linkedin.com\/company\/vilight-vn","https:\/\/www.youtube.com\/channel\/UCEwR2naeDcuarMX1kSv_rLQ\/videos"]}]},"product_brand":"\u0110\u00e8n LED Pixel","product_price_currency":"VND","og_availability":"instock","product_availability":"instock","product_condition":"new"},"_links":{"self":[{"href":"https:\/\/vilight.vn\/website\/wp-json\/wp\/v2\/product\/4429","targetHints":{"allow":["GET"]}}],"collection":[{"href":"https:\/\/vilight.vn\/website\/wp-json\/wp\/v2\/product"}],"about":[{"href":"https:\/\/vilight.vn\/website\/wp-json\/wp\/v2\/types\/product"}],"wp:featuredmedia":[{"embeddable":true,"href":"https:\/\/vilight.vn\/website\/wp-json\/wp\/v2\/media\/4431"}],"wp:attachment":[{"href":"https:\/\/vilight.vn\/website\/wp-json\/wp\/v2\/media?parent=4429"}],"wp:term":[{"taxonomy":"product_brand","embeddable":true,"href":"https:\/\/vilight.vn\/website\/wp-json\/wp\/v2\/product_brand?post=4429"},{"taxonomy":"product_cat","embeddable":true,"href":"https:\/\/vilight.vn\/website\/wp-json\/wp\/v2\/product_cat?post=4429"},{"taxonomy":"product_tag","embeddable":true,"href":"https:\/\/vilight.vn\/website\/wp-json\/wp\/v2\/product_tag?post=4429"}],"curies":[{"name":"wp","href":"https:\/\/api.w.org\/{rel}","templated":true}]}}