{"id":4432,"date":"2023-08-21T08:55:47","date_gmt":"2023-08-21T01:55:47","guid":{"rendered":"https:\/\/vilight.vn\/website\/?post_type=product&#038;p=4432"},"modified":"2025-08-27T14:44:38","modified_gmt":"2025-08-27T07:44:38","slug":"den-led-diem-pixel-s02a","status":"publish","type":"product","link":"https:\/\/vilight.vn\/website\/san-pham\/den-led-pixel\/den-led-diem-pixel-s02a\/","title":{"rendered":"\u0110\u00e8n LED VL S02A"},"content":{"rendered":"<h2 style=\"text-align: justify;\"><span style=\"font-size: 18pt;\">\u0110\u00e8n Led \u0111i\u1ec3m Pixel VL S02A : S\u00e1ng T\u1ea1o Kh\u00f4ng Gi\u1edbi H\u1ea1n trong T\u1ea7m Tay.\u00a0<\/span><\/h2>\n<p style=\"text-align: justify;\"><span style=\"font-size: 14pt;\">B\u1ea1n \u0111ang t\u00ecm ki\u1ebfm m\u1ed9t gi\u1ea3i ph\u00e1p chi\u1ebfu s\u00e1ng \u0111\u1ed9t ph\u00e1, hi\u1ec7n \u0111\u1ea1i v\u00e0 t\u1ea1o \u0111i\u1ec3m nh\u1ea5n cho kh\u00f4ng gian c\u1ee7a m\u00ecnh? \u0110\u00e8n LED \u0110i\u1ec3m Pixel S02A ch\u00ednh l\u00e0 s\u1ef1 l\u1ef1a ch\u1ecdn ho\u00e0n h\u1ea3o \u0111\u1ec3 mang \u0111\u1ebfn s\u1ef1 s\u00e1ng t\u1ea1o kh\u00f4ng gi\u1edbi h\u1ea1n v\u00e0 \u00e1nh s\u00e1ng \u0111a d\u1ea1ng cho m\u1ecdi kh\u00f4ng gian. V\u1edbi c\u00e1c th\u00f4ng s\u1ed1 k\u1ef9 thu\u1eadt \u0111\u1ec9nh cao v\u00e0 thi\u1ebft k\u1ebf hi\u1ec7n \u0111\u1ea1i, s\u1ea3n ph\u1ea9m n\u00e0y kh\u00f4ng ch\u1ec9 \u0111\u01a1n thu\u1ea7n l\u00e0 m\u1ed9t b\u1ed9 \u0111\u00e8n m\u00e0 c\u00f2n l\u00e0 m\u1ed9t t\u00e1c ph\u1ea9m ngh\u1ec7 thu\u1eadt \u00e1nh s\u00e1ng \u0111\u1ed9c \u0111\u00e1o.. S\u1ea3n ph\u1ea9m ph\u00f9 h\u1ee3p \u0111\u1ec3 s\u1eed d\u1ee5ng cho c\u00e1c c\u00f4ng tr\u00ecnh chi\u1ebfu s\u00e1ng trang tr\u00ed l\u1ec5 h\u1ed9i, chi\u1ebfu s\u00e1ng trang tr\u00ed cho c\u00e1c c\u00f4ng tr\u00ecnh c\u00f4ng c\u1ed9ng v\u00e0 nhi\u1ec1u \u1ee9ng d\u1ee5ng th\u1ef1c ti\u1ec5n trong cu\u1ed9c s\u1ed1ng.\u00a0<\/span><\/p>\n<p style=\"text-align: justify;\"><span style=\"font-size: 14pt;\">\u0110a d\u1ea1ng m\u00e0u s\u1eafc v\u1edbi ch\u1ebf \u0111\u1ed9 RGB:<\/span><br \/>\n<span style=\"font-size: 14pt;\">M\u1ed9t trong nh\u1eefng \u0111i\u1ec3m n\u1ed5i b\u1eadt c\u1ee7a \u0110\u00e8n LED \u0110i\u1ec3m Pixel S02A ch\u00ednh l\u00e0 ch\u1ebf \u0111\u1ed9 hi\u1ec3n th\u1ecb RGB, cho ph\u00e9p b\u1ea1n t\u1eadn d\u1ee5ng h\u00e0ng tri\u1ec7u gam m\u00e0u kh\u00e1c nhau \u0111\u1ec3 t\u1ea1o ra nh\u1eefng hi\u1ec7u \u1ee9ng \u00e1nh s\u00e1ng tinh t\u1ebf v\u00e0 b\u1eaft m\u1eaft. B\u1ea1n c\u00f3 th\u1ec3 d\u1ec5 d\u00e0ng \u0111i\u1ec1u ch\u1ec9nh m\u00e0u s\u1eafc \u0111\u1ec3 ph\u00f9 h\u1ee3p v\u1edbi m\u1ecdi kh\u00f4ng gian v\u00e0 t\u1ea1o n\u00ean kh\u00f4ng gian th\u00fa v\u1ecb v\u00e0 s\u1ed1ng \u0111\u1ed9ng.<\/span><\/p>\n<p style=\"text-align: justify;\"><span style=\"font-size: 14pt;\">Hi\u1ec7u su\u1ea5t v\u01b0\u1ee3t tr\u1ed9i v\u1edbi c\u00f4ng ngh\u1ec7 LED:<\/span><br \/>\n<span style=\"font-size: 14pt;\">V\u1edbi c\u00f4ng su\u1ea5t ch\u1ec9 0.7W, \u0110\u00e8n LED \u0110i\u1ec3m Pixel S02A kh\u00f4ng ch\u1ec9 ti\u1ebft ki\u1ec7m n\u0103ng l\u01b0\u1ee3ng m\u00e0 c\u00f2n mang l\u1ea1i hi\u1ec7u su\u1ea5t \u00e1nh s\u00e1ng v\u01b0\u1ee3t tr\u1ed9i. C\u00f4ng ngh\u1ec7 LED ti\u00ean ti\u1ebfn gi\u00fap \u0111\u1ea3m b\u1ea3o \u0111\u1ed9 s\u00e1ng \u1ed5n \u0111\u1ecbnh v\u00e0 tu\u1ed5i th\u1ecd cao, gi\u00fap b\u1ea1n ti\u1ebft ki\u1ec7m chi ph\u00ed b\u1ea3o tr\u00ec v\u00e0 thay th\u1ebf \u0111\u00e8n trong th\u1eddi gian d\u00e0i.<\/span><\/p>\n<p style=\"text-align: justify;\"><span style=\"font-size: 14pt;\">D\u1ec5 d\u00e0ng ki\u1ec3m so\u00e1t v\u1edbi ch\u1ebf \u0111\u1ed9 DMX512:<\/span><br \/>\n<span style=\"font-size: 14pt;\">Kh\u1ea3 n\u0103ng ki\u1ec3m so\u00e1t l\u00e0 m\u1ed9t trong nh\u1eefng \u01b0u \u0111i\u1ec3m quan tr\u1ecdng c\u1ee7a \u0110\u00e8n LED \u0110i\u1ec3m Pixel S02A. V\u1edbi ch\u1ebf \u0111\u1ed9 \u0111i\u1ec1u khi\u1ec3n DMX512, b\u1ea1n c\u00f3 kh\u1ea3 n\u0103ng t\u00f9y ch\u1ec9nh m\u1ecdi kh\u00eda c\u1ea1nh c\u1ee7a \u00e1nh s\u00e1ng, t\u1eeb m\u00e0u s\u1eafc, \u0111\u1ed9 s\u00e1ng \u0111\u1ebfn c\u00e1c hi\u1ec7u \u1ee9ng chuy\u1ec3n \u0111\u1ed5i kh\u00e1c nhau. \u0110i\u1ec1u n\u00e0y gi\u00fap b\u1ea1n t\u1ea1o ra nh\u1eefng tr\u1ea3i nghi\u1ec7m \u00e1nh s\u00e1ng \u0111\u1ed9c \u0111\u00e1o v\u00e0 th\u00fa v\u1ecb cho m\u1ecdi d\u1ef1 \u00e1n.<\/span><\/p>\n<p style=\"text-align: justify;\"><span style=\"font-size: 14pt;\">Thi\u1ebft k\u1ebf tinh t\u1ebf v\u00e0 ch\u1ea5t li\u1ec7u \u0111\u1eb3ng c\u1ea5p:<\/span><br \/>\n<span style=\"font-size: 14pt;\">V\u1edbi v\u1ecf b\u1ecdc b\u1eb1ng polycarbonate (PC), \u0110\u00e8n LED \u0110i\u1ec3m Pixel S02A mang \u0111\u1ebfn v\u1ebb ngo\u1ea1i h\u00ecnh hi\u1ec7n \u0111\u1ea1i v\u00e0 tinh t\u1ebf. Kh\u00f4ng ch\u1ec9 \u0111\u1eb9p m\u1eaft, v\u1ecf b\u1ecdc PC c\u00f2n b\u1ec1n b\u1ec9 v\u00e0 ch\u1ed1ng ch\u1ecbu t\u1ed1t v\u1edbi c\u00e1c y\u1ebfu t\u1ed1 m\u00f4i tr\u01b0\u1eddng nh\u01b0 th\u1eddi ti\u1ebft kh\u1eafc nghi\u1ec7t v\u00e0 t\u00e1c \u0111\u1ed9ng t\u1eeb m\u00f4i tr\u01b0\u1eddng xung quanh.<\/span><\/p>\n<p style=\"text-align: justify;\"><span style=\"font-size: 14pt;\">L\u1eafp \u0111\u1eb7t d\u1ec5 d\u00e0ng v\u00e0 an to\u00e0n:<\/span><br \/>\n<span style=\"font-size: 14pt;\">V\u1edbi \u0111i\u1ec7n \u00e1p DC12V v\u00e0 v\u1eadt li\u1ec7u d\u00e2y ch\u1ea5t l\u01b0\u1ee3ng cao PVC k\u1ebft h\u1ee3p \u0111\u1ed3ng, vi\u1ec7c l\u1eafp \u0111\u1eb7t v\u00e0 s\u1eed d\u1ee5ng \u0110\u00e8n LED \u0110i\u1ec3m Pixel S02A tr\u1edf n\u00ean d\u1ec5 d\u00e0ng v\u00e0 an to\u00e0n. B\u1ea1n c\u00f3 th\u1ec3 y\u00ean t\u00e2m v\u1ec1 vi\u1ec7c s\u1eed d\u1ee5ng s\u1ea3n ph\u1ea9m n\u00e0y trong m\u1ecdi kh\u00f4ng gian m\u00e0 kh\u00f4ng ph\u1ea3i lo l\u1eafng v\u1ec1 v\u1ea5n \u0111\u1ec1 an to\u00e0n.<\/span><\/p>\n<p style=\"text-align: justify;\"><span style=\"font-size: 14pt;\">K\u1ebft lu\u1eadn:<\/span><br \/>\n<span style=\"font-size: 14pt;\">T\u1ed5ng h\u1ee3p l\u1ea1i, \u0110\u00e8n LED \u0110i\u1ec3m Pixel S02A l\u00e0 m\u1ed9t gi\u1ea3i ph\u00e1p chi\u1ebfu s\u00e1ng t\u1ed1i \u01b0u, mang \u0111\u1ebfn s\u1ef1 s\u00e1ng t\u1ea1o kh\u00f4ng gi\u1edbi h\u1ea1n v\u00e0 \u00e1nh s\u00e1ng \u0111a d\u1ea1ng cho m\u1ecdi kh\u00f4ng gian. V\u1edbi kh\u1ea3 n\u0103ng t\u1ea1o m\u00e0u s\u1eafc \u0111a d\u1ea1ng, hi\u1ec7u su\u1ea5t v\u01b0\u1ee3t tr\u1ed9i, kh\u1ea3 n\u0103ng ki\u1ec3m so\u00e1t linh ho\u1ea1t v\u00e0 thi\u1ebft k\u1ebf tinh t\u1ebf, s\u1ea3n ph\u1ea9m n\u00e0y th\u1ef1c s\u1ef1 l\u00e0 m\u1ed9t l\u1ef1a ch\u1ecdn kh\u00f4ng th\u1ec3 b\u1ecf qua \u0111\u1ec3 l\u00e0m m\u1edbi kh\u00f4ng gian c\u1ee7a b\u1ea1n.<\/span><\/p>\n<p style=\"text-align: justify;\"><span style=\"font-size: 14pt;\"><a href=\"https:\/\/vilight.vn\/website\/wp-content\/uploads\/2023\/08\/S02A.jpg\"><img decoding=\"async\" class=\"size-full wp-image-4433 lazyload\" data-src=\"https:\/\/vilight.vn\/website\/wp-content\/uploads\/2023\/08\/S02A.jpg\" alt=\"\u0110\u00e8n Led \u0111i\u1ec3m Pixel S02A\" width=\"1200\" height=\"249\" data-srcset=\"https:\/\/vilight.vn\/website\/wp-content\/uploads\/2023\/08\/S02A.jpg 1200w, https:\/\/vilight.vn\/website\/wp-content\/uploads\/2023\/08\/S02A-800x166.jpg 800w, https:\/\/vilight.vn\/website\/wp-content\/uploads\/2023\/08\/S02A-300x62.jpg 300w, https:\/\/vilight.vn\/website\/wp-content\/uploads\/2023\/08\/S02A-1024x212.jpg 1024w, https:\/\/vilight.vn\/website\/wp-content\/uploads\/2023\/08\/S02A-768x159.jpg 768w, https:\/\/vilight.vn\/website\/wp-content\/uploads\/2023\/08\/S02A-150x31.jpg 150w, https:\/\/vilight.vn\/website\/wp-content\/uploads\/2023\/08\/S02A-480x100.jpg 480w\" data-sizes=\"(max-width:767px) 480px, (max-width:1200px) 100vw, 1200px\" src=\"data:image\/svg+xml;base64,PHN2ZyB3aWR0aD0iMSIgaGVpZ2h0PSIxIiB4bWxucz0iaHR0cDovL3d3dy53My5vcmcvMjAwMC9zdmciPjwvc3ZnPg==\" style=\"--smush-placeholder-width: 1200px; --smush-placeholder-aspect-ratio: 1200\/249;\" \/><\/a><\/span><\/p>\n<p><span style=\"font-size: 14pt;\">M\u1ed9t s\u1ed1 m\u1eabu \u0111\u00e8n chuy\u00ean d\u00f9ng trong trang tr\u00ed chi\u1ebfu s\u00e1ng trang tr\u00ed l\u1ec5 h\u1ed9i b\u1ea1n c\u00f3 th\u1ec3 tham kh\u1ea3o <a href=\"https:\/\/vilight.vn\/website\/danh-muc-san-pham\/den-led-pixel\/trang-tri\/\">t\u1ea1i \u0111\u00e2y\u00a0<\/a><\/span><\/p>\n","protected":false},"excerpt":{"rendered":"<p style=\"text-align: justify;\"><span style=\"font-size: 14pt;\">\u0110\u00e8n LED \u0110i\u1ec3m Pixel S02A: \u00c1nh S\u00e1ng \u0110a D\u1ea1ng, Ki\u1ec3m So\u00e1t Linh Ho\u1ea1t. V\u1edbi RGB hi\u1ec3n th\u1ecb, c\u00f4ng su\u1ea5t 0.7W v\u00e0 ch\u1ebf \u0111\u1ed9 DMX512, S02A mang \u0111\u1ebfn \u00e1nh s\u00e1ng tinh t\u1ebf, ki\u1ec3m so\u00e1t m\u00e0u s\u1eafc \u0111a d\u1ea1ng cho kh\u00f4ng gian.<\/span><\/p>\n","protected":false},"featured_media":4434,"template":"","meta":[],"product_brand":[],"product_cat":[77,313,193],"product_tag":[],"class_list":{"0":"post-4432","1":"product","2":"type-product","3":"status-publish","4":"has-post-thumbnail","6":"product_cat-den-led-pixel","7":"product_cat-trang-tri","8":"product_cat-s-series","9":"pa_chuan-dieu-khien-dmx512","10":"pa_cong-suat-0-7w","11":"pa_dien-ap-hoat-dong-12v","12":"pa_nhiet-do-mau-rgb","14":"first","15":"instock","16":"taxable","17":"shipping-taxable","18":"product-type-simple"},"yoast_head":"<!-- This site is optimized with the Yoast SEO Premium plugin v27.4 (Yoast SEO v27.4) - https:\/\/yoast.com\/product\/yoast-seo-premium-wordpress\/ -->\n<title>\u0110\u00e8n LED VL S02A - Vilight Co.ltd<\/title>\n<meta name=\"description\" content=\"\u0110\u00e8n LED trang tr\u00ed VL S02A: \u00c1nh S\u00e1ng \u0110a D\u1ea1ng, Ki\u1ec3m So\u00e1t Linh Ho\u1ea1t. V\u1edbi RGB hi\u1ec3n th\u1ecb, c\u00f4ng su\u1ea5t 0.7W v\u00e0 ch\u1ebf \u0111\u1ed9 DMX512, S02A mang \u0111\u1ebfn \u00e1nh s\u00e1ng tinh t\u1ebf.\" \/>\n<meta name=\"robots\" content=\"index, follow, max-snippet:-1, max-image-preview:large, max-video-preview:-1\" \/>\n<link rel=\"canonical\" href=\"https:\/\/vilight.vn\/website\/san-pham\/den-led-pixel\/den-led-diem-pixel-s02a\/\" \/>\n<meta property=\"og:locale\" content=\"vi_VN\" \/>\n<meta property=\"og:type\" content=\"article\" \/>\n<meta property=\"og:title\" content=\"\u0110\u00e8n LED VL S02A\" \/>\n<meta property=\"og:description\" content=\"\u0110\u00e8n LED \u0110i\u1ec3m Pixel S02A: \u00c1nh S\u00e1ng \u0110a D\u1ea1ng, Ki\u1ec3m So\u00e1t Linh Ho\u1ea1t. V\u1edbi RGB hi\u1ec3n th\u1ecb, c\u00f4ng su\u1ea5t 0.7W v\u00e0 ch\u1ebf \u0111\u1ed9 DMX512, S02A mang \u0111\u1ebfn \u00e1nh s\u00e1ng tinh t\u1ebf, ki\u1ec3m so\u00e1t m\u00e0u s\u1eafc \u0111a d\u1ea1ng cho kh\u00f4ng gian.\" \/>\n<meta property=\"og:url\" content=\"https:\/\/vilight.vn\/website\/san-pham\/den-led-pixel\/den-led-diem-pixel-s02a\/\" \/>\n<meta property=\"og:site_name\" content=\"Vilight Co.ltd\" \/>\n<meta property=\"article:publisher\" content=\"http:\/\/facebook.com\/vilight.vn\" \/>\n<meta property=\"article:modified_time\" content=\"2025-08-27T07:44:38+00:00\" \/>\n<meta property=\"og:image\" content=\"https:\/\/vilight.vn\/website\/wp-content\/uploads\/2023\/08\/S02A-Logo.jpg\" \/>\n\t<meta property=\"og:image:width\" content=\"467\" \/>\n\t<meta property=\"og:image:height\" content=\"467\" \/>\n\t<meta property=\"og:image:type\" content=\"image\/jpeg\" \/>\n<meta name=\"twitter:card\" content=\"summary_large_image\" \/>\n<meta name=\"twitter:label1\" content=\"Gi\u00e1\" \/>\n\t<meta name=\"twitter:data1\" content=\"\" \/>\n\t<meta name=\"twitter:label2\" content=\"Kh\u1ea3 d\u1ee5ng\" \/>\n\t<meta name=\"twitter:data2\" content=\"Trong kho\" \/>\n<script type=\"application\/ld+json\" class=\"yoast-schema-graph\">{\"@context\":\"https:\\\/\\\/schema.org\",\"@graph\":[{\"@type\":\"WebPage\",\"@id\":\"https:\\\/\\\/vilight.vn\\\/website\\\/san-pham\\\/den-led-pixel\\\/den-led-diem-pixel-s02a\\\/\",\"url\":\"https:\\\/\\\/vilight.vn\\\/website\\\/san-pham\\\/den-led-pixel\\\/den-led-diem-pixel-s02a\\\/\",\"name\":\"\u0110\u00e8n LED VL S02A - Vilight Co.ltd\",\"isPartOf\":{\"@id\":\"https:\\\/\\\/vilight.vn\\\/website\\\/#website\"},\"primaryImageOfPage\":{\"@id\":\"https:\\\/\\\/vilight.vn\\\/website\\\/san-pham\\\/den-led-pixel\\\/den-led-diem-pixel-s02a\\\/#primaryimage\"},\"image\":{\"@id\":\"https:\\\/\\\/vilight.vn\\\/website\\\/san-pham\\\/den-led-pixel\\\/den-led-diem-pixel-s02a\\\/#primaryimage\"},\"thumbnailUrl\":\"https:\\\/\\\/vilight.vn\\\/website\\\/wp-content\\\/uploads\\\/2023\\\/08\\\/S02A-Logo.jpg\",\"datePublished\":\"2023-08-21T01:55:47+00:00\",\"dateModified\":\"2025-08-27T07:44:38+00:00\",\"description\":\"\u0110\u00e8n LED trang tr\u00ed VL S02A: \u00c1nh S\u00e1ng \u0110a D\u1ea1ng, Ki\u1ec3m So\u00e1t Linh Ho\u1ea1t. V\u1edbi RGB hi\u1ec3n th\u1ecb, c\u00f4ng su\u1ea5t 0.7W v\u00e0 ch\u1ebf \u0111\u1ed9 DMX512, S02A mang \u0111\u1ebfn \u00e1nh s\u00e1ng tinh t\u1ebf.\",\"breadcrumb\":{\"@id\":\"https:\\\/\\\/vilight.vn\\\/website\\\/san-pham\\\/den-led-pixel\\\/den-led-diem-pixel-s02a\\\/#breadcrumb\"},\"inLanguage\":\"vi\",\"potentialAction\":[{\"@type\":\"ReadAction\",\"target\":[\"https:\\\/\\\/vilight.vn\\\/website\\\/san-pham\\\/den-led-pixel\\\/den-led-diem-pixel-s02a\\\/\"]}]},{\"@type\":\"ImageObject\",\"inLanguage\":\"vi\",\"@id\":\"https:\\\/\\\/vilight.vn\\\/website\\\/san-pham\\\/den-led-pixel\\\/den-led-diem-pixel-s02a\\\/#primaryimage\",\"url\":\"https:\\\/\\\/vilight.vn\\\/website\\\/wp-content\\\/uploads\\\/2023\\\/08\\\/S02A-Logo.jpg\",\"contentUrl\":\"https:\\\/\\\/vilight.vn\\\/website\\\/wp-content\\\/uploads\\\/2023\\\/08\\\/S02A-Logo.jpg\",\"width\":467,\"height\":467},{\"@type\":\"BreadcrumbList\",\"@id\":\"https:\\\/\\\/vilight.vn\\\/website\\\/san-pham\\\/den-led-pixel\\\/den-led-diem-pixel-s02a\\\/#breadcrumb\",\"itemListElement\":[{\"@type\":\"ListItem\",\"position\":1,\"name\":\"Home\",\"item\":\"https:\\\/\\\/vilight.vn\\\/website\\\/\"},{\"@type\":\"ListItem\",\"position\":2,\"name\":\"store\",\"item\":\"https:\\\/\\\/vilight.vn\\\/website\\\/store\\\/\"},{\"@type\":\"ListItem\",\"position\":3,\"name\":\"\u0110\u00e8n LED VL S02A\"}]},{\"@type\":\"WebSite\",\"@id\":\"https:\\\/\\\/vilight.vn\\\/website\\\/#website\",\"url\":\"https:\\\/\\\/vilight.vn\\\/website\\\/\",\"name\":\"Vilight Co.ltd\",\"description\":\"Chi\u1ebfu s\u00e1ng m\u1ef9 thu\u1eadt, chi\u1ebfu s\u00e1ng th\u00f4ng minh, LED Pixel 3D, chi\u1ebfu s\u00e1ng trang tr\u00ed \u0111\u00f4 th\u1ecb, chi\u1ebfu s\u00e1ng v\u00f2ng xoay, chi\u1ebfu s\u00e1ng \u0111\u1ea3o giao th\u00f4ng, c\u1ed5ng ch\u00e0o \u0111\u00f4 th\u1ecb\",\"publisher\":{\"@id\":\"https:\\\/\\\/vilight.vn\\\/website\\\/#organization\"},\"potentialAction\":[{\"@type\":\"SearchAction\",\"target\":{\"@type\":\"EntryPoint\",\"urlTemplate\":\"https:\\\/\\\/vilight.vn\\\/website\\\/?s={search_term_string}\"},\"query-input\":{\"@type\":\"PropertyValueSpecification\",\"valueRequired\":true,\"valueName\":\"search_term_string\"}}],\"inLanguage\":\"vi\"},{\"@type\":\"Organization\",\"@id\":\"https:\\\/\\\/vilight.vn\\\/website\\\/#organization\",\"name\":\"Vilight\",\"url\":\"https:\\\/\\\/vilight.vn\\\/website\\\/\",\"logo\":{\"@type\":\"ImageObject\",\"inLanguage\":\"vi\",\"@id\":\"https:\\\/\\\/vilight.vn\\\/website\\\/#\\\/schema\\\/logo\\\/image\\\/\",\"url\":\"https:\\\/\\\/vilight.vn\\\/website\\\/wp-content\\\/uploads\\\/2022\\\/05\\\/chieu_sang_trang_tri_do_thi_bang_den_led_pixel.png\",\"contentUrl\":\"https:\\\/\\\/vilight.vn\\\/website\\\/wp-content\\\/uploads\\\/2022\\\/05\\\/chieu_sang_trang_tri_do_thi_bang_den_led_pixel.png\",\"width\":800,\"height\":427,\"caption\":\"Vilight\"},\"image\":{\"@id\":\"https:\\\/\\\/vilight.vn\\\/website\\\/#\\\/schema\\\/logo\\\/image\\\/\"},\"sameAs\":[\"http:\\\/\\\/facebook.com\\\/vilight.vn\",\"https:\\\/\\\/www.linkedin.com\\\/company\\\/vilight-vn\",\"https:\\\/\\\/www.youtube.com\\\/channel\\\/UCEwR2naeDcuarMX1kSv_rLQ\\\/videos\"]}]}<\/script>\n<meta property=\"product:brand\" content=\"\u0110\u00e8n LED Pixel\" \/>\n<meta property=\"product:price:currency\" content=\"VND\" \/>\n<meta property=\"og:availability\" content=\"instock\" \/>\n<meta property=\"product:availability\" content=\"instock\" \/>\n<meta property=\"product:condition\" content=\"new\" \/>\n<!-- \/ Yoast SEO Premium plugin. -->","yoast_head_json":{"title":"\u0110\u00e8n LED VL S02A - Vilight Co.ltd","description":"\u0110\u00e8n LED trang tr\u00ed VL S02A: \u00c1nh S\u00e1ng \u0110a D\u1ea1ng, Ki\u1ec3m So\u00e1t Linh Ho\u1ea1t. V\u1edbi RGB hi\u1ec3n th\u1ecb, c\u00f4ng su\u1ea5t 0.7W v\u00e0 ch\u1ebf \u0111\u1ed9 DMX512, S02A mang \u0111\u1ebfn \u00e1nh s\u00e1ng tinh t\u1ebf.","robots":{"index":"index","follow":"follow","max-snippet":"max-snippet:-1","max-image-preview":"max-image-preview:large","max-video-preview":"max-video-preview:-1"},"canonical":"https:\/\/vilight.vn\/website\/san-pham\/den-led-pixel\/den-led-diem-pixel-s02a\/","og_locale":"vi_VN","og_type":"article","og_title":"\u0110\u00e8n LED VL S02A","og_description":"\u0110\u00e8n LED \u0110i\u1ec3m Pixel S02A: \u00c1nh S\u00e1ng \u0110a D\u1ea1ng, Ki\u1ec3m So\u00e1t Linh Ho\u1ea1t. V\u1edbi RGB hi\u1ec3n th\u1ecb, c\u00f4ng su\u1ea5t 0.7W v\u00e0 ch\u1ebf \u0111\u1ed9 DMX512, S02A mang \u0111\u1ebfn \u00e1nh s\u00e1ng tinh t\u1ebf, ki\u1ec3m so\u00e1t m\u00e0u s\u1eafc \u0111a d\u1ea1ng cho kh\u00f4ng gian.","og_url":"https:\/\/vilight.vn\/website\/san-pham\/den-led-pixel\/den-led-diem-pixel-s02a\/","og_site_name":"Vilight Co.ltd","article_publisher":"http:\/\/facebook.com\/vilight.vn","article_modified_time":"2025-08-27T07:44:38+00:00","og_image":[{"width":467,"height":467,"url":"https:\/\/vilight.vn\/website\/wp-content\/uploads\/2023\/08\/S02A-Logo.jpg","type":"image\/jpeg"}],"twitter_card":"summary_large_image","twitter_misc":{"Gi\u00e1":"","Kh\u1ea3 d\u1ee5ng":"Trong kho"},"schema":{"@context":"https:\/\/schema.org","@graph":[{"@type":"WebPage","@id":"https:\/\/vilight.vn\/website\/san-pham\/den-led-pixel\/den-led-diem-pixel-s02a\/","url":"https:\/\/vilight.vn\/website\/san-pham\/den-led-pixel\/den-led-diem-pixel-s02a\/","name":"\u0110\u00e8n LED VL S02A - Vilight Co.ltd","isPartOf":{"@id":"https:\/\/vilight.vn\/website\/#website"},"primaryImageOfPage":{"@id":"https:\/\/vilight.vn\/website\/san-pham\/den-led-pixel\/den-led-diem-pixel-s02a\/#primaryimage"},"image":{"@id":"https:\/\/vilight.vn\/website\/san-pham\/den-led-pixel\/den-led-diem-pixel-s02a\/#primaryimage"},"thumbnailUrl":"https:\/\/vilight.vn\/website\/wp-content\/uploads\/2023\/08\/S02A-Logo.jpg","datePublished":"2023-08-21T01:55:47+00:00","dateModified":"2025-08-27T07:44:38+00:00","description":"\u0110\u00e8n LED trang tr\u00ed VL S02A: \u00c1nh S\u00e1ng \u0110a D\u1ea1ng, Ki\u1ec3m So\u00e1t Linh Ho\u1ea1t. V\u1edbi RGB hi\u1ec3n th\u1ecb, c\u00f4ng su\u1ea5t 0.7W v\u00e0 ch\u1ebf \u0111\u1ed9 DMX512, S02A mang \u0111\u1ebfn \u00e1nh s\u00e1ng tinh t\u1ebf.","breadcrumb":{"@id":"https:\/\/vilight.vn\/website\/san-pham\/den-led-pixel\/den-led-diem-pixel-s02a\/#breadcrumb"},"inLanguage":"vi","potentialAction":[{"@type":"ReadAction","target":["https:\/\/vilight.vn\/website\/san-pham\/den-led-pixel\/den-led-diem-pixel-s02a\/"]}]},{"@type":"ImageObject","inLanguage":"vi","@id":"https:\/\/vilight.vn\/website\/san-pham\/den-led-pixel\/den-led-diem-pixel-s02a\/#primaryimage","url":"https:\/\/vilight.vn\/website\/wp-content\/uploads\/2023\/08\/S02A-Logo.jpg","contentUrl":"https:\/\/vilight.vn\/website\/wp-content\/uploads\/2023\/08\/S02A-Logo.jpg","width":467,"height":467},{"@type":"BreadcrumbList","@id":"https:\/\/vilight.vn\/website\/san-pham\/den-led-pixel\/den-led-diem-pixel-s02a\/#breadcrumb","itemListElement":[{"@type":"ListItem","position":1,"name":"Home","item":"https:\/\/vilight.vn\/website\/"},{"@type":"ListItem","position":2,"name":"store","item":"https:\/\/vilight.vn\/website\/store\/"},{"@type":"ListItem","position":3,"name":"\u0110\u00e8n LED VL S02A"}]},{"@type":"WebSite","@id":"https:\/\/vilight.vn\/website\/#website","url":"https:\/\/vilight.vn\/website\/","name":"Vilight Co.ltd","description":"Chi\u1ebfu s\u00e1ng m\u1ef9 thu\u1eadt, chi\u1ebfu s\u00e1ng th\u00f4ng minh, LED Pixel 3D, chi\u1ebfu s\u00e1ng trang tr\u00ed \u0111\u00f4 th\u1ecb, chi\u1ebfu s\u00e1ng v\u00f2ng xoay, chi\u1ebfu s\u00e1ng \u0111\u1ea3o giao th\u00f4ng, c\u1ed5ng ch\u00e0o \u0111\u00f4 th\u1ecb","publisher":{"@id":"https:\/\/vilight.vn\/website\/#organization"},"potentialAction":[{"@type":"SearchAction","target":{"@type":"EntryPoint","urlTemplate":"https:\/\/vilight.vn\/website\/?s={search_term_string}"},"query-input":{"@type":"PropertyValueSpecification","valueRequired":true,"valueName":"search_term_string"}}],"inLanguage":"vi"},{"@type":"Organization","@id":"https:\/\/vilight.vn\/website\/#organization","name":"Vilight","url":"https:\/\/vilight.vn\/website\/","logo":{"@type":"ImageObject","inLanguage":"vi","@id":"https:\/\/vilight.vn\/website\/#\/schema\/logo\/image\/","url":"https:\/\/vilight.vn\/website\/wp-content\/uploads\/2022\/05\/chieu_sang_trang_tri_do_thi_bang_den_led_pixel.png","contentUrl":"https:\/\/vilight.vn\/website\/wp-content\/uploads\/2022\/05\/chieu_sang_trang_tri_do_thi_bang_den_led_pixel.png","width":800,"height":427,"caption":"Vilight"},"image":{"@id":"https:\/\/vilight.vn\/website\/#\/schema\/logo\/image\/"},"sameAs":["http:\/\/facebook.com\/vilight.vn","https:\/\/www.linkedin.com\/company\/vilight-vn","https:\/\/www.youtube.com\/channel\/UCEwR2naeDcuarMX1kSv_rLQ\/videos"]}]},"product_brand":"\u0110\u00e8n LED Pixel","product_price_currency":"VND","og_availability":"instock","product_availability":"instock","product_condition":"new"},"_links":{"self":[{"href":"https:\/\/vilight.vn\/website\/wp-json\/wp\/v2\/product\/4432","targetHints":{"allow":["GET"]}}],"collection":[{"href":"https:\/\/vilight.vn\/website\/wp-json\/wp\/v2\/product"}],"about":[{"href":"https:\/\/vilight.vn\/website\/wp-json\/wp\/v2\/types\/product"}],"wp:featuredmedia":[{"embeddable":true,"href":"https:\/\/vilight.vn\/website\/wp-json\/wp\/v2\/media\/4434"}],"wp:attachment":[{"href":"https:\/\/vilight.vn\/website\/wp-json\/wp\/v2\/media?parent=4432"}],"wp:term":[{"taxonomy":"product_brand","embeddable":true,"href":"https:\/\/vilight.vn\/website\/wp-json\/wp\/v2\/product_brand?post=4432"},{"taxonomy":"product_cat","embeddable":true,"href":"https:\/\/vilight.vn\/website\/wp-json\/wp\/v2\/product_cat?post=4432"},{"taxonomy":"product_tag","embeddable":true,"href":"https:\/\/vilight.vn\/website\/wp-json\/wp\/v2\/product_tag?post=4432"}],"curies":[{"name":"wp","href":"https:\/\/api.w.org\/{rel}","templated":true}]}}