{"id":4435,"date":"2023-08-21T08:58:18","date_gmt":"2023-08-21T01:58:18","guid":{"rendered":"https:\/\/vilight.vn\/website\/?post_type=product&#038;p=4435"},"modified":"2025-08-27T14:44:22","modified_gmt":"2025-08-27T07:44:22","slug":"den-led-diem-pixel-s01a","status":"publish","type":"product","link":"https:\/\/vilight.vn\/website\/san-pham\/den-led-pixel\/den-led-diem-pixel-s01a\/","title":{"rendered":"\u0110\u00e8n LED VL S01A"},"content":{"rendered":"<h2 style=\"text-align: justify;\"><span style=\"font-size: 18pt;\">\u0110\u00e8n Led \u0111i\u1ec3m Pixel VL S01A &#8211; S\u00e1ng t\u1ea1o kh\u00f4ng gi\u1edbi h\u1ea1n trong t\u1eebng \u0111i\u1ec3m nh\u1ea5n.\u00a0<\/span><\/h2>\n<p style=\"text-align: justify;\"><span style=\"font-size: 14pt;\">Trong th\u1ebf gi\u1edbi \u0111ang ng\u00e0y c\u00e0ng chuy\u1ec3n \u0111\u1ed5i sang s\u1ef1 ph\u00e1t tri\u1ec3n c\u00f4ng ngh\u1ec7, \u0111\u00e8n LED kh\u00f4ng ch\u1ec9 \u0111\u01a1n thu\u1ea7n l\u00e0 ngu\u1ed3n s\u00e1ng m\u00e0 c\u00f2n l\u00e0 m\u1ed9t t\u00e1c ph\u1ea9m ngh\u1ec7 thu\u1eadt, bi\u1ec3u t\u01b0\u1ee3ng c\u1ee7a s\u1ef1 s\u00e1ng t\u1ea1o v\u00e0 tinh th\u1ea7n hi\u1ec7n \u0111\u1ea1i. V\u00e0 gi\u1eefa nh\u1eefng s\u1ea3n ph\u1ea9m \u0111\u00e8n LED \u0111a d\u1ea1ng, \u0110\u00e8n LED \u0111i\u1ec3m Pixel S01A \u0111\u00e3 nhanh ch\u00f3ng thu h\u00fat s\u1ef1 ch\u00fa \u00fd b\u1edfi s\u1ef1 linh ho\u1ea1t, m\u00e0u s\u1eafc phong ph\u00fa v\u00e0 kh\u1ea3 n\u0103ng \u0111i\u1ec1u khi\u1ec3n th\u00f4ng minh.. S\u1ea3n ph\u1ea9m ph\u00f9 h\u1ee3p \u0111\u1ec3 s\u1eed d\u1ee5ng cho c\u00e1c c\u00f4ng tr\u00ecnh chi\u1ebfu s\u00e1ng trang tr\u00ed l\u1ec5 h\u1ed9i, chi\u1ebfu s\u00e1ng trang tr\u00ed cho c\u00e1c c\u00f4ng tr\u00ecnh c\u00f4ng c\u1ed9ng v\u00e0 nhi\u1ec1u \u1ee9ng d\u1ee5ng th\u1ef1c ti\u1ec5n trong cu\u1ed9c s\u1ed1ng.\u00a0<\/span><\/p>\n<p style=\"text-align: justify;\"><span style=\"font-size: 14pt;\">V\u1edbi m\u00f4 h\u00ecnh s\u1ea3n ph\u1ea9m mang m\u00e3 hi\u1ec7u S01A, ng\u01b0\u1eddi d\u00f9ng c\u00f3 th\u1ec3 d\u1ec5 d\u00e0ng l\u1ef1a ch\u1ecdn \u0111i\u1ec7n \u00e1p ho\u1ea1t \u0111\u1ed9ng ph\u00f9 h\u1ee3p, bao g\u1ed3m c\u1ea3 DC5V v\u00e0 DC12V, gi\u00fap t\u1ed1i \u01b0u h\u00f3a vi\u1ec7c s\u1eed d\u1ee5ng n\u0103ng l\u01b0\u1ee3ng. \u0110i\u1ec1u n\u00e0y kh\u00f4ng ch\u1ec9 ti\u1ebft ki\u1ec7m \u0111i\u1ec7n n\u0103ng m\u00e0 c\u00f2n \u0111\u1ea3m b\u1ea3o hi\u1ec7u su\u1ea5t ho\u1ea1t \u0111\u1ed9ng \u1ed5n \u0111\u1ecbnh v\u00e0 b\u1ec1n b\u1ec9.<\/span><\/p>\n<p style=\"text-align: justify;\"><span style=\"font-size: 14pt;\">Kh\u00f4ng ch\u1ec9 v\u1eady, c\u00f4ng su\u1ea5t ti\u00eau th\u1ee5 linh ho\u1ea1t c\u1ee7a 0.3W, 0.6W v\u00e0 0.7W c\u00f9ng v\u1edbi ch\u1ebf \u0111\u1ed9 hi\u1ec3n th\u1ecb \u0111a d\u1ea1ng nh\u01b0 RGB (\u0111\u1ecf, xanh l\u00e1 c\u00e2y, xanh d\u01b0\u01a1ng), RGBW (\u0111\u1ecf, xanh l\u00e1 c\u00e2y, xanh d\u01b0\u01a1ng, tr\u1eafng) v\u00e0 W (tr\u1eafng duy nh\u1ea5t), mang \u0111\u1ebfn cho ng\u01b0\u1eddi d\u00f9ng s\u1ef1 l\u1ef1a ch\u1ecdn t\u1ed1i \u01b0u \u0111\u1ec3 th\u1ec3 hi\u1ec7n s\u1ef1 s\u00e1ng t\u1ea1o trong t\u1eebng kh\u00f4ng gian.<\/span><\/p>\n<p style=\"text-align: justify;\"><span style=\"font-size: 14pt;\">V\u1edbi lo\u1ea1i \u0111\u00e8n 3535RGB, 5050RGB v\u00e0 5050RGBW, s\u1ea3n ph\u1ea9m n\u00e0y kh\u00f4ng ch\u1ec9 cung c\u1ea5p kh\u1ea3 n\u0103ng hi\u1ec3n th\u1ecb m\u00e0u s\u1eafc \u1ea5n t\u01b0\u1ee3ng m\u00e0 c\u00f2n t\u1ea1o ra hi\u1ec7u \u1ee9ng \u00e1nh s\u00e1ng \u0111\u1ed9c \u0111\u00e1o, t\u1eeb \u00e1nh s\u00e1ng lung linh cho \u0111\u1ebfn \u00e1nh s\u00e1ng tinh t\u1ebf, t\u1ea1o \u0111i\u1ec3m nh\u1ea5n \u0111\u1ed9c \u0111\u00e1o cho m\u1ecdi kh\u00f4ng gian.<\/span><\/p>\n<p style=\"text-align: justify;\"><span style=\"font-size: 14pt;\">S\u1ef1 linh ho\u1ea1t c\u1ee7a vi\u1ec7c \u0111i\u1ec1u khi\u1ec3n c\u0169ng l\u00e0 \u0111i\u1ec3m \u0111\u00e1ng ch\u00fa \u00fd. V\u1edbi kh\u1ea3 n\u0103ng \u0111i\u1ec1u khi\u1ec3n b\u1eb1ng DMX512, SPI ho\u1eb7c ch\u1ebf \u0111\u1ed9 b\u1eadt\/t\u1eaft (ON\/OFF), ng\u01b0\u1eddi d\u00f9ng c\u00f3 th\u1ec3 d\u1ec5 d\u00e0ng t\u1ea1o ra c\u00e1c hi\u1ec7u \u1ee9ng \u00e1nh s\u00e1ng ph\u1ee9c t\u1ea1p, thay \u0111\u1ed5i m\u00e0u s\u1eafc v\u00e0 \u0111\u1ed9 s\u00e1ng m\u1ed9t c\u00e1ch d\u1ec5 d\u00e0ng.<\/span><\/p>\n<p style=\"text-align: justify;\"><span style=\"font-size: 14pt;\">V\u1edbi v\u1ecf \u0111\u00e8n \u0111\u01b0\u1ee3c l\u00e0m t\u1eeb ch\u1ea5t li\u1ec7u PC (polycarbonate) v\u00e0 ch\u1ea5t li\u1ec7u d\u00e2y b\u1ec1n b\u1ec9 t\u1eeb PVC k\u1ebft h\u1ee3p v\u1edbi d\u00e2y \u0111\u1ed3ng, \u0110\u00e8n LED \u0111i\u1ec3m Pixel S01A kh\u00f4ng ch\u1ec9 l\u00e0 m\u1ed9t s\u1ea3n ph\u1ea9m \u0111\u1eb9p m\u1eaft m\u00e0 c\u00f2n \u0111\u00e1ng tin c\u1eady v\u00e0 b\u1ec1n b\u1ec9 trong th\u1eddi gian d\u00e0i.<\/span><\/p>\n<p style=\"text-align: justify;\"><span style=\"font-size: 14pt;\">Trong t\u1ed5ng th\u1ec3, \u0110\u00e8n LED \u0111i\u1ec3m Pixel S01A l\u00e0 m\u1ed9t tuy\u1ec7t t\u00e1c c\u00f4ng ngh\u1ec7 k\u1ebft h\u1ee3p ngh\u1ec7 thu\u1eadt, mang \u0111\u1ebfn s\u1ef1 s\u00e1ng t\u1ea1o kh\u00f4ng gi\u1edbi h\u1ea1n cho m\u1ecdi kh\u00f4ng gian. T\u1eeb c\u00e1c \u1ee9ng d\u1ee5ng trang tr\u00ed cho \u0111\u1ebfn s\u1eed d\u1ee5ng trong l\u0129nh v\u1ef1c s\u00e2n kh\u1ea5u, qu\u1ea3ng c\u00e1o hay chi\u1ebfu s\u00e1ng, s\u1ea3n ph\u1ea9m n\u00e0y \u0111\u00e3 ch\u1ee9ng t\u1ecf m\u00ecnh l\u00e0 m\u1ed9t l\u1ef1a ch\u1ecdn xu\u1ea5t s\u1eafc cho nh\u1eefng ng\u01b0\u1eddi \u0111am m\u00ea s\u1ef1 s\u00e1ng t\u1ea1o v\u00e0 kh\u00e1m ph\u00e1.<\/span><\/p>\n<p>&nbsp;<\/p>\n<p style=\"text-align: justify;\"><span style=\"font-size: 14pt;\"><a href=\"https:\/\/vilight.vn\/website\/wp-content\/uploads\/2023\/08\/S01A.jpg\"><img decoding=\"async\" class=\"size-full wp-image-4437 lazyload\" data-src=\"https:\/\/vilight.vn\/website\/wp-content\/uploads\/2023\/08\/S01A.jpg\" alt=\"\u0110\u00e8n Led \u0111i\u1ec3m Pixel S01A\" width=\"1200\" height=\"247\" data-srcset=\"https:\/\/vilight.vn\/website\/wp-content\/uploads\/2023\/08\/S01A.jpg 1200w, https:\/\/vilight.vn\/website\/wp-content\/uploads\/2023\/08\/S01A-800x165.jpg 800w, https:\/\/vilight.vn\/website\/wp-content\/uploads\/2023\/08\/S01A-300x62.jpg 300w, https:\/\/vilight.vn\/website\/wp-content\/uploads\/2023\/08\/S01A-1024x211.jpg 1024w, https:\/\/vilight.vn\/website\/wp-content\/uploads\/2023\/08\/S01A-768x158.jpg 768w, https:\/\/vilight.vn\/website\/wp-content\/uploads\/2023\/08\/S01A-150x31.jpg 150w, https:\/\/vilight.vn\/website\/wp-content\/uploads\/2023\/08\/S01A-480x99.jpg 480w\" data-sizes=\"(max-width:767px) 480px, (max-width:1200px) 100vw, 1200px\" src=\"data:image\/svg+xml;base64,PHN2ZyB3aWR0aD0iMSIgaGVpZ2h0PSIxIiB4bWxucz0iaHR0cDovL3d3dy53My5vcmcvMjAwMC9zdmciPjwvc3ZnPg==\" style=\"--smush-placeholder-width: 1200px; --smush-placeholder-aspect-ratio: 1200\/247;\" \/><\/a><\/span><\/p>\n<p><span style=\"font-size: 14pt;\">M\u1ed9t s\u1ed1 m\u1eabu \u0111\u00e8n chuy\u00ean d\u00f9ng trong trang tr\u00ed chi\u1ebfu s\u00e1ng trang tr\u00ed l\u1ec5 h\u1ed9i b\u1ea1n c\u00f3 th\u1ec3 tham kh\u1ea3o <a href=\"https:\/\/vilight.vn\/website\/danh-muc-san-pham\/den-led-pixel\/trang-tri\/\">t\u1ea1i \u0111\u00e2y\u00a0<\/a><\/span><\/p>\n","protected":false},"excerpt":{"rendered":"<p style=\"text-align: justify;\"><span style=\"font-size: 14pt;\">Ch\u00e0o m\u1eebng b\u1ea1n \u0111\u1ebfn v\u1edbi th\u1ebf gi\u1edbi c\u1ee7a s\u1ef1 s\u00e1ng t\u1ea1o v\u00f4 t\u1eadn v\u1edbi \u0110\u00e8n LED \u0111i\u1ec3m Pixel S01A. V\u1edbi kh\u1ea3 n\u0103ng hi\u1ec3n th\u1ecb \u0111a d\u1ea1ng, \u0111i\u1ec1u khi\u1ec3n th\u00f4ng minh v\u00e0 v\u1eadt li\u1ec7u b\u1ec1n b\u1ec9, s\u1ea3n ph\u1ea9m n\u00e0y l\u00e0 s\u1ef1 l\u1ef1a ch\u1ecdn ho\u00e0n h\u1ea3o cho m\u1ecdi \u1ee9ng d\u1ee5ng trang tr\u00ed, chi\u1ebfu s\u00e1ng v\u00e0 ngh\u1ec7 thu\u1eadt \u00e1nh s\u00e1ng.<\/span><\/p>\n","protected":false},"featured_media":4438,"template":"","meta":[],"product_brand":[],"product_cat":[77,313,193],"product_tag":[],"class_list":{"0":"post-4435","1":"product","2":"type-product","3":"status-publish","4":"has-post-thumbnail","6":"product_cat-den-led-pixel","7":"product_cat-trang-tri","8":"product_cat-s-series","9":"pa_chuan-dieu-khien-dmx","10":"pa_chuan-dieu-khien-on-off","11":"pa_chuan-dieu-khien-spi","12":"pa_cong-suat-0-3w","13":"pa_cong-suat-0-6w","14":"pa_cong-suat-0-7w","15":"pa_dien-ap-hoat-dong-12v","16":"pa_dien-ap-hoat-dong-dc-5v","17":"pa_nhiet-do-mau-rgb","18":"pa_nhiet-do-mau-rgbw","20":"first","21":"instock","22":"taxable","23":"shipping-taxable","24":"product-type-simple"},"yoast_head":"<!-- This site is optimized with the Yoast SEO Premium plugin v27.4 (Yoast SEO v27.4) - https:\/\/yoast.com\/product\/yoast-seo-premium-wordpress\/ -->\n<title>\u0110\u00e8n LED VL S01A - Vilight Co.ltd<\/title>\n<meta name=\"description\" content=\"Ch\u00e0o m\u1eebng \u0111\u1ebfn v\u1edbi th\u1ebf gi\u1edbi c\u1ee7a s\u1ef1 s\u00e1ng t\u1ea1o v\u00f4 t\u1eadn v\u1edbi \u0110\u00e8n LED trang tr\u00ed VL S01A. V\u1edbi kh\u1ea3 n\u0103ng hi\u1ec3n th\u1ecb \u0111a d\u1ea1ng, \u0111i\u1ec1u khi\u1ec3n th\u00f4ng minh v\u00e0 v\u1eadt li\u1ec7u b\u1ec1n b\u1ec9.\" \/>\n<meta name=\"robots\" content=\"index, follow, max-snippet:-1, max-image-preview:large, max-video-preview:-1\" \/>\n<link rel=\"canonical\" href=\"https:\/\/vilight.vn\/website\/san-pham\/den-led-pixel\/den-led-diem-pixel-s01a\/\" \/>\n<meta property=\"og:locale\" content=\"vi_VN\" \/>\n<meta property=\"og:type\" content=\"article\" \/>\n<meta property=\"og:title\" content=\"\u0110\u00e8n LED VL S01A\" \/>\n<meta property=\"og:description\" content=\"Ch\u00e0o m\u1eebng b\u1ea1n \u0111\u1ebfn v\u1edbi th\u1ebf gi\u1edbi c\u1ee7a s\u1ef1 s\u00e1ng t\u1ea1o v\u00f4 t\u1eadn v\u1edbi \u0110\u00e8n LED \u0111i\u1ec3m Pixel S01A. V\u1edbi kh\u1ea3 n\u0103ng hi\u1ec3n th\u1ecb \u0111a d\u1ea1ng, \u0111i\u1ec1u khi\u1ec3n th\u00f4ng minh v\u00e0 v\u1eadt li\u1ec7u b\u1ec1n b\u1ec9, s\u1ea3n ph\u1ea9m n\u00e0y l\u00e0 s\u1ef1 l\u1ef1a ch\u1ecdn ho\u00e0n h\u1ea3o cho m\u1ecdi \u1ee9ng d\u1ee5ng trang tr\u00ed, chi\u1ebfu s\u00e1ng v\u00e0 ngh\u1ec7 thu\u1eadt \u00e1nh s\u00e1ng.\" \/>\n<meta property=\"og:url\" content=\"https:\/\/vilight.vn\/website\/san-pham\/den-led-pixel\/den-led-diem-pixel-s01a\/\" \/>\n<meta property=\"og:site_name\" content=\"Vilight Co.ltd\" \/>\n<meta property=\"article:publisher\" content=\"http:\/\/facebook.com\/vilight.vn\" \/>\n<meta property=\"article:modified_time\" content=\"2025-08-27T07:44:22+00:00\" \/>\n<meta property=\"og:image\" content=\"https:\/\/vilight.vn\/website\/wp-content\/uploads\/2023\/08\/S01A-Logo.jpg\" \/>\n\t<meta property=\"og:image:width\" content=\"600\" \/>\n\t<meta property=\"og:image:height\" content=\"601\" \/>\n\t<meta property=\"og:image:type\" content=\"image\/jpeg\" \/>\n<meta name=\"twitter:card\" content=\"summary_large_image\" \/>\n<meta name=\"twitter:label1\" content=\"Gi\u00e1\" \/>\n\t<meta name=\"twitter:data1\" content=\"\" \/>\n\t<meta name=\"twitter:label2\" content=\"Kh\u1ea3 d\u1ee5ng\" \/>\n\t<meta name=\"twitter:data2\" content=\"Trong kho\" \/>\n<script type=\"application\/ld+json\" class=\"yoast-schema-graph\">{\"@context\":\"https:\\\/\\\/schema.org\",\"@graph\":[{\"@type\":\"WebPage\",\"@id\":\"https:\\\/\\\/vilight.vn\\\/website\\\/san-pham\\\/den-led-pixel\\\/den-led-diem-pixel-s01a\\\/\",\"url\":\"https:\\\/\\\/vilight.vn\\\/website\\\/san-pham\\\/den-led-pixel\\\/den-led-diem-pixel-s01a\\\/\",\"name\":\"\u0110\u00e8n LED VL S01A - Vilight Co.ltd\",\"isPartOf\":{\"@id\":\"https:\\\/\\\/vilight.vn\\\/website\\\/#website\"},\"primaryImageOfPage\":{\"@id\":\"https:\\\/\\\/vilight.vn\\\/website\\\/san-pham\\\/den-led-pixel\\\/den-led-diem-pixel-s01a\\\/#primaryimage\"},\"image\":{\"@id\":\"https:\\\/\\\/vilight.vn\\\/website\\\/san-pham\\\/den-led-pixel\\\/den-led-diem-pixel-s01a\\\/#primaryimage\"},\"thumbnailUrl\":\"https:\\\/\\\/vilight.vn\\\/website\\\/wp-content\\\/uploads\\\/2023\\\/08\\\/S01A-Logo.jpg\",\"datePublished\":\"2023-08-21T01:58:18+00:00\",\"dateModified\":\"2025-08-27T07:44:22+00:00\",\"description\":\"Ch\u00e0o m\u1eebng \u0111\u1ebfn v\u1edbi th\u1ebf gi\u1edbi c\u1ee7a s\u1ef1 s\u00e1ng t\u1ea1o v\u00f4 t\u1eadn v\u1edbi \u0110\u00e8n LED trang tr\u00ed VL S01A. V\u1edbi kh\u1ea3 n\u0103ng hi\u1ec3n th\u1ecb \u0111a d\u1ea1ng, \u0111i\u1ec1u khi\u1ec3n th\u00f4ng minh v\u00e0 v\u1eadt li\u1ec7u b\u1ec1n b\u1ec9.\",\"breadcrumb\":{\"@id\":\"https:\\\/\\\/vilight.vn\\\/website\\\/san-pham\\\/den-led-pixel\\\/den-led-diem-pixel-s01a\\\/#breadcrumb\"},\"inLanguage\":\"vi\",\"potentialAction\":[{\"@type\":\"ReadAction\",\"target\":[\"https:\\\/\\\/vilight.vn\\\/website\\\/san-pham\\\/den-led-pixel\\\/den-led-diem-pixel-s01a\\\/\"]}]},{\"@type\":\"ImageObject\",\"inLanguage\":\"vi\",\"@id\":\"https:\\\/\\\/vilight.vn\\\/website\\\/san-pham\\\/den-led-pixel\\\/den-led-diem-pixel-s01a\\\/#primaryimage\",\"url\":\"https:\\\/\\\/vilight.vn\\\/website\\\/wp-content\\\/uploads\\\/2023\\\/08\\\/S01A-Logo.jpg\",\"contentUrl\":\"https:\\\/\\\/vilight.vn\\\/website\\\/wp-content\\\/uploads\\\/2023\\\/08\\\/S01A-Logo.jpg\",\"width\":600,\"height\":601,\"caption\":\"\u0110\u00e8n Led \u0111i\u1ec3m Pixel S01A\"},{\"@type\":\"BreadcrumbList\",\"@id\":\"https:\\\/\\\/vilight.vn\\\/website\\\/san-pham\\\/den-led-pixel\\\/den-led-diem-pixel-s01a\\\/#breadcrumb\",\"itemListElement\":[{\"@type\":\"ListItem\",\"position\":1,\"name\":\"Home\",\"item\":\"https:\\\/\\\/vilight.vn\\\/website\\\/\"},{\"@type\":\"ListItem\",\"position\":2,\"name\":\"store\",\"item\":\"https:\\\/\\\/vilight.vn\\\/website\\\/store\\\/\"},{\"@type\":\"ListItem\",\"position\":3,\"name\":\"\u0110\u00e8n LED VL S01A\"}]},{\"@type\":\"WebSite\",\"@id\":\"https:\\\/\\\/vilight.vn\\\/website\\\/#website\",\"url\":\"https:\\\/\\\/vilight.vn\\\/website\\\/\",\"name\":\"Vilight Co.ltd\",\"description\":\"Chi\u1ebfu s\u00e1ng m\u1ef9 thu\u1eadt, chi\u1ebfu s\u00e1ng th\u00f4ng minh, LED Pixel 3D, chi\u1ebfu s\u00e1ng trang tr\u00ed \u0111\u00f4 th\u1ecb, chi\u1ebfu s\u00e1ng v\u00f2ng xoay, chi\u1ebfu s\u00e1ng \u0111\u1ea3o giao th\u00f4ng, c\u1ed5ng ch\u00e0o \u0111\u00f4 th\u1ecb\",\"publisher\":{\"@id\":\"https:\\\/\\\/vilight.vn\\\/website\\\/#organization\"},\"potentialAction\":[{\"@type\":\"SearchAction\",\"target\":{\"@type\":\"EntryPoint\",\"urlTemplate\":\"https:\\\/\\\/vilight.vn\\\/website\\\/?s={search_term_string}\"},\"query-input\":{\"@type\":\"PropertyValueSpecification\",\"valueRequired\":true,\"valueName\":\"search_term_string\"}}],\"inLanguage\":\"vi\"},{\"@type\":\"Organization\",\"@id\":\"https:\\\/\\\/vilight.vn\\\/website\\\/#organization\",\"name\":\"Vilight\",\"url\":\"https:\\\/\\\/vilight.vn\\\/website\\\/\",\"logo\":{\"@type\":\"ImageObject\",\"inLanguage\":\"vi\",\"@id\":\"https:\\\/\\\/vilight.vn\\\/website\\\/#\\\/schema\\\/logo\\\/image\\\/\",\"url\":\"https:\\\/\\\/vilight.vn\\\/website\\\/wp-content\\\/uploads\\\/2022\\\/05\\\/chieu_sang_trang_tri_do_thi_bang_den_led_pixel.png\",\"contentUrl\":\"https:\\\/\\\/vilight.vn\\\/website\\\/wp-content\\\/uploads\\\/2022\\\/05\\\/chieu_sang_trang_tri_do_thi_bang_den_led_pixel.png\",\"width\":800,\"height\":427,\"caption\":\"Vilight\"},\"image\":{\"@id\":\"https:\\\/\\\/vilight.vn\\\/website\\\/#\\\/schema\\\/logo\\\/image\\\/\"},\"sameAs\":[\"http:\\\/\\\/facebook.com\\\/vilight.vn\",\"https:\\\/\\\/www.linkedin.com\\\/company\\\/vilight-vn\",\"https:\\\/\\\/www.youtube.com\\\/channel\\\/UCEwR2naeDcuarMX1kSv_rLQ\\\/videos\"]}]}<\/script>\n<meta property=\"product:brand\" content=\"\u0110\u00e8n LED Pixel\" \/>\n<meta property=\"product:price:currency\" content=\"VND\" \/>\n<meta property=\"og:availability\" content=\"instock\" \/>\n<meta property=\"product:availability\" content=\"instock\" \/>\n<meta property=\"product:condition\" content=\"new\" \/>\n<!-- \/ Yoast SEO Premium plugin. -->","yoast_head_json":{"title":"\u0110\u00e8n LED VL S01A - Vilight Co.ltd","description":"Ch\u00e0o m\u1eebng \u0111\u1ebfn v\u1edbi th\u1ebf gi\u1edbi c\u1ee7a s\u1ef1 s\u00e1ng t\u1ea1o v\u00f4 t\u1eadn v\u1edbi \u0110\u00e8n LED trang tr\u00ed VL S01A. V\u1edbi kh\u1ea3 n\u0103ng hi\u1ec3n th\u1ecb \u0111a d\u1ea1ng, \u0111i\u1ec1u khi\u1ec3n th\u00f4ng minh v\u00e0 v\u1eadt li\u1ec7u b\u1ec1n b\u1ec9.","robots":{"index":"index","follow":"follow","max-snippet":"max-snippet:-1","max-image-preview":"max-image-preview:large","max-video-preview":"max-video-preview:-1"},"canonical":"https:\/\/vilight.vn\/website\/san-pham\/den-led-pixel\/den-led-diem-pixel-s01a\/","og_locale":"vi_VN","og_type":"article","og_title":"\u0110\u00e8n LED VL S01A","og_description":"Ch\u00e0o m\u1eebng b\u1ea1n \u0111\u1ebfn v\u1edbi th\u1ebf gi\u1edbi c\u1ee7a s\u1ef1 s\u00e1ng t\u1ea1o v\u00f4 t\u1eadn v\u1edbi \u0110\u00e8n LED \u0111i\u1ec3m Pixel S01A. V\u1edbi kh\u1ea3 n\u0103ng hi\u1ec3n th\u1ecb \u0111a d\u1ea1ng, \u0111i\u1ec1u khi\u1ec3n th\u00f4ng minh v\u00e0 v\u1eadt li\u1ec7u b\u1ec1n b\u1ec9, s\u1ea3n ph\u1ea9m n\u00e0y l\u00e0 s\u1ef1 l\u1ef1a ch\u1ecdn ho\u00e0n h\u1ea3o cho m\u1ecdi \u1ee9ng d\u1ee5ng trang tr\u00ed, chi\u1ebfu s\u00e1ng v\u00e0 ngh\u1ec7 thu\u1eadt \u00e1nh s\u00e1ng.","og_url":"https:\/\/vilight.vn\/website\/san-pham\/den-led-pixel\/den-led-diem-pixel-s01a\/","og_site_name":"Vilight Co.ltd","article_publisher":"http:\/\/facebook.com\/vilight.vn","article_modified_time":"2025-08-27T07:44:22+00:00","og_image":[{"width":600,"height":601,"url":"https:\/\/vilight.vn\/website\/wp-content\/uploads\/2023\/08\/S01A-Logo.jpg","type":"image\/jpeg"}],"twitter_card":"summary_large_image","twitter_misc":{"Gi\u00e1":"","Kh\u1ea3 d\u1ee5ng":"Trong kho"},"schema":{"@context":"https:\/\/schema.org","@graph":[{"@type":"WebPage","@id":"https:\/\/vilight.vn\/website\/san-pham\/den-led-pixel\/den-led-diem-pixel-s01a\/","url":"https:\/\/vilight.vn\/website\/san-pham\/den-led-pixel\/den-led-diem-pixel-s01a\/","name":"\u0110\u00e8n LED VL S01A - Vilight Co.ltd","isPartOf":{"@id":"https:\/\/vilight.vn\/website\/#website"},"primaryImageOfPage":{"@id":"https:\/\/vilight.vn\/website\/san-pham\/den-led-pixel\/den-led-diem-pixel-s01a\/#primaryimage"},"image":{"@id":"https:\/\/vilight.vn\/website\/san-pham\/den-led-pixel\/den-led-diem-pixel-s01a\/#primaryimage"},"thumbnailUrl":"https:\/\/vilight.vn\/website\/wp-content\/uploads\/2023\/08\/S01A-Logo.jpg","datePublished":"2023-08-21T01:58:18+00:00","dateModified":"2025-08-27T07:44:22+00:00","description":"Ch\u00e0o m\u1eebng \u0111\u1ebfn v\u1edbi th\u1ebf gi\u1edbi c\u1ee7a s\u1ef1 s\u00e1ng t\u1ea1o v\u00f4 t\u1eadn v\u1edbi \u0110\u00e8n LED trang tr\u00ed VL S01A. V\u1edbi kh\u1ea3 n\u0103ng hi\u1ec3n th\u1ecb \u0111a d\u1ea1ng, \u0111i\u1ec1u khi\u1ec3n th\u00f4ng minh v\u00e0 v\u1eadt li\u1ec7u b\u1ec1n b\u1ec9.","breadcrumb":{"@id":"https:\/\/vilight.vn\/website\/san-pham\/den-led-pixel\/den-led-diem-pixel-s01a\/#breadcrumb"},"inLanguage":"vi","potentialAction":[{"@type":"ReadAction","target":["https:\/\/vilight.vn\/website\/san-pham\/den-led-pixel\/den-led-diem-pixel-s01a\/"]}]},{"@type":"ImageObject","inLanguage":"vi","@id":"https:\/\/vilight.vn\/website\/san-pham\/den-led-pixel\/den-led-diem-pixel-s01a\/#primaryimage","url":"https:\/\/vilight.vn\/website\/wp-content\/uploads\/2023\/08\/S01A-Logo.jpg","contentUrl":"https:\/\/vilight.vn\/website\/wp-content\/uploads\/2023\/08\/S01A-Logo.jpg","width":600,"height":601,"caption":"\u0110\u00e8n Led \u0111i\u1ec3m Pixel S01A"},{"@type":"BreadcrumbList","@id":"https:\/\/vilight.vn\/website\/san-pham\/den-led-pixel\/den-led-diem-pixel-s01a\/#breadcrumb","itemListElement":[{"@type":"ListItem","position":1,"name":"Home","item":"https:\/\/vilight.vn\/website\/"},{"@type":"ListItem","position":2,"name":"store","item":"https:\/\/vilight.vn\/website\/store\/"},{"@type":"ListItem","position":3,"name":"\u0110\u00e8n LED VL S01A"}]},{"@type":"WebSite","@id":"https:\/\/vilight.vn\/website\/#website","url":"https:\/\/vilight.vn\/website\/","name":"Vilight Co.ltd","description":"Chi\u1ebfu s\u00e1ng m\u1ef9 thu\u1eadt, chi\u1ebfu s\u00e1ng th\u00f4ng minh, LED Pixel 3D, chi\u1ebfu s\u00e1ng trang tr\u00ed \u0111\u00f4 th\u1ecb, chi\u1ebfu s\u00e1ng v\u00f2ng xoay, chi\u1ebfu s\u00e1ng \u0111\u1ea3o giao th\u00f4ng, c\u1ed5ng ch\u00e0o \u0111\u00f4 th\u1ecb","publisher":{"@id":"https:\/\/vilight.vn\/website\/#organization"},"potentialAction":[{"@type":"SearchAction","target":{"@type":"EntryPoint","urlTemplate":"https:\/\/vilight.vn\/website\/?s={search_term_string}"},"query-input":{"@type":"PropertyValueSpecification","valueRequired":true,"valueName":"search_term_string"}}],"inLanguage":"vi"},{"@type":"Organization","@id":"https:\/\/vilight.vn\/website\/#organization","name":"Vilight","url":"https:\/\/vilight.vn\/website\/","logo":{"@type":"ImageObject","inLanguage":"vi","@id":"https:\/\/vilight.vn\/website\/#\/schema\/logo\/image\/","url":"https:\/\/vilight.vn\/website\/wp-content\/uploads\/2022\/05\/chieu_sang_trang_tri_do_thi_bang_den_led_pixel.png","contentUrl":"https:\/\/vilight.vn\/website\/wp-content\/uploads\/2022\/05\/chieu_sang_trang_tri_do_thi_bang_den_led_pixel.png","width":800,"height":427,"caption":"Vilight"},"image":{"@id":"https:\/\/vilight.vn\/website\/#\/schema\/logo\/image\/"},"sameAs":["http:\/\/facebook.com\/vilight.vn","https:\/\/www.linkedin.com\/company\/vilight-vn","https:\/\/www.youtube.com\/channel\/UCEwR2naeDcuarMX1kSv_rLQ\/videos"]}]},"product_brand":"\u0110\u00e8n LED Pixel","product_price_currency":"VND","og_availability":"instock","product_availability":"instock","product_condition":"new"},"_links":{"self":[{"href":"https:\/\/vilight.vn\/website\/wp-json\/wp\/v2\/product\/4435","targetHints":{"allow":["GET"]}}],"collection":[{"href":"https:\/\/vilight.vn\/website\/wp-json\/wp\/v2\/product"}],"about":[{"href":"https:\/\/vilight.vn\/website\/wp-json\/wp\/v2\/types\/product"}],"wp:featuredmedia":[{"embeddable":true,"href":"https:\/\/vilight.vn\/website\/wp-json\/wp\/v2\/media\/4438"}],"wp:attachment":[{"href":"https:\/\/vilight.vn\/website\/wp-json\/wp\/v2\/media?parent=4435"}],"wp:term":[{"taxonomy":"product_brand","embeddable":true,"href":"https:\/\/vilight.vn\/website\/wp-json\/wp\/v2\/product_brand?post=4435"},{"taxonomy":"product_cat","embeddable":true,"href":"https:\/\/vilight.vn\/website\/wp-json\/wp\/v2\/product_cat?post=4435"},{"taxonomy":"product_tag","embeddable":true,"href":"https:\/\/vilight.vn\/website\/wp-json\/wp\/v2\/product_tag?post=4435"}],"curies":[{"name":"wp","href":"https:\/\/api.w.org\/{rel}","templated":true}]}}