{"id":4637,"date":"2024-04-23T01:15:57","date_gmt":"2024-04-22T18:15:57","guid":{"rendered":"https:\/\/vilight.vn\/website\/?post_type=product&#038;p=4637"},"modified":"2024-10-04T09:25:46","modified_gmt":"2024-10-04T02:25:46","slug":"den-am-dat-vi05-60w","status":"publish","type":"product","link":"https:\/\/vilight.vn\/website\/san-pham\/den-chieu-sang-facade\/am-dat-cao-cap\/den-am-dat-vi05-60w\/","title":{"rendered":"\u0110\u00e8n \u00e2m \u0111\u1ea5t Vi05 &#8211; 60W"},"content":{"rendered":"<h2>\u0110\u00e8n \u00e2m \u0111\u1ea5t RGBW 60W cao c\u1ea5p :<\/h2>\n<ul>\n<li>\u0110\u00e8n \u00c2m \u0111\u1ea5t Vi05 l\u00e0 lo\u1ea1i \u0111\u00e8n \u00e2m \u0111\u1ea5t 60W n\u1eb1m \u1edf ph\u00e2n kh\u00fac s\u1ea3n ph\u1ea9m cao c\u1ea5p.<\/li>\n<li>v\u1ecf b\u1eb1ng nh\u00f4m \u0111\u00fac \u00e1p su\u1ea5t cao s\u01a1n t\u0129nh \u0111i\u1ec7n, m\u1eb7t \u0111\u00e8n b\u1eb1ng th\u00e9p kh\u00f4ng g\u1ec9 SUS316L v\u00e0 k\u00ednh c\u01b0\u1eddng l\u1ef1c.<\/li>\n<li>M\u1eb7t \u0111\u00e8n c\u00f3 t\u00edch h\u1ee3p l\u01b0\u1edbi ch\u1ed1ng ch\u00f3i \u0111\u1ec3 ch\u1ed1ng \u00e1nh s\u00e1ng ch\u00f3i ng\u01b0\u1ee3c v\u00e0o m\u1eaft ng\u01b0\u1eddi xem.<\/li>\n<li>\u0110\u00e8n c\u00f3 c\u01a1 c\u1ea5u c\u01a1 kh\u00ed \u0111\u1eb7c bi\u1ec7t \u0111\u1ec3 ch\u1ec9nh g\u00f3c nghi\u00ean c\u1ee7a m\u1eb7t \u0111\u00e8n trong ph\u1ea1m vi 0-150Do \u0111\u00f3 c\u00f3 th\u1ec3 \u0111i\u1ec1u ch\u1ec9nh \u0111\u1ec3 h\u01b0\u1edbng lu\u1ed3ng \u00e1nh s\u00e1ng v\u00e0o \u0111\u1ed1i t\u01b0\u1ee3ng c\u1ea7n chi\u1ebfu s\u00e1ng m\u1ed9t c\u00e1ch linh ho\u1ea1t.<\/li>\n<li>\u0110\u00e8n c\u00f3 kh\u1ea3 n\u0103ng gi\u00e1m s\u00e1t, \u0111i\u1ec1u khi\u1ec3n b\u1eadt\/t\u1eaft, ti\u1ebft gi\u1ea3m t\u1eeb trung t\u00e2m \u0111i\u1ec1u khi\u1ec3n.<br \/>\nhide<img decoding=\"async\" class=\"alignnone lazyload\" title=\"\u0110\u00e8n \u00e2m \u0111\u1ea5t 60W, \u0111\u00e8n \u00e2m \u0111\u1ea5t RGB 60W, \u0110\u00e8n \u00e2m \u0111\u1ea5t RGBW 60W\" data-src=\"https:\/\/vilight.vn\/website\/wp-content\/uploads\/2024\/04\/den-am-dat-60w-50w-40w.jpg#4638\" alt=\"den am dat 60w-50w-40w\" width=\"1200\" height=\"450\" src=\"data:image\/svg+xml;base64,PHN2ZyB3aWR0aD0iMSIgaGVpZ2h0PSIxIiB4bWxucz0iaHR0cDovL3d3dy53My5vcmcvMjAwMC9zdmciPjwvc3ZnPg==\" style=\"--smush-placeholder-width: 1200px; --smush-placeholder-aspect-ratio: 1200\/450;\" \/><br \/>\nfull<br \/>\n\u0111\u00e8n \u00e2m \u0111\u1ea5t 60W RGB.<br \/>\n\u0110\u00e8n \u00e2m \u0111\u1ea5t b\u1ea3o h\u00e0nh 5 n\u0103m, g\u00f3c nghi\u00eang m\u1eb7t \u0111\u00e8n \u0111i\u1ec1u ch\u1ec9nh \u0111\u01b0\u1ee3c 15 \u0111\u1ed9.<br \/>\ncontain<br \/>\ncenter center<br \/>\nhide<\/li>\n<\/ul>\n<h2>Th\u00f4ng s\u1ed1 k\u1ef9 thu\u1eadt \u0111\u00e8n \u00e2m \u0111\u1ea5t RGB 60W :<\/h2>\n<h3>\u0110\u00e8n \u00e2m \u0111\u1ea5t 60w.<\/h3>\n<h3><\/h3>\n<ul>\n<li>Th\u00f4ng tinTh\u00f4ng s\u1ed1 k\u1ef9 thu\u1eadt.<\/li>\n<li>M\u00e3 \u0111\u00e8nVi05-A.<\/li>\n<li>Vi05-B.<\/li>\n<li>Vi05-C.<\/li>\n<li>Ngu\u1ed3n s\u00e1ng Cree\/Osram.<\/li>\n<li>G\u00f3c chi\u1ebfu 6\u00b0 8\u00b0 12\u00b0 20\u00b0 30\u00b0 45\u00b0 60\u00b0 10&#215;70\u00b0 10&#215;60\u00b0 15&#215;30\u00b0.<\/li>\n<li>\u0110i\u1ec7n \u00e1p ho\u1ea1t \u0111\u1ed9ng AC120V-277V.<\/li>\n<li>C\u00f4ng su\u1ea5t danh \u0111\u1ecbnh 40W 50W 60W.<\/li>\n<li>C\u00e0i \u0111\u1eb7t t\u1eeb trung t\u00e2mC\u00e0i \u0111\u1eb7t l\u1ecbch ho\u1ea1t \u0111\u1ed9ng (th\u1eddi gian \u0111\u00f3ng, t\u1eaft, th\u1eddi gian v\u00e0 m\u1ee9c ti\u1ebft gi\u1ea3m c\u00f4ng su\u1ea5t).<\/li>\n<li>\u0110i\u1ec1u khi\u1ec3n t\u1ee9c th\u1eddi.<\/li>\n<li>T\u00ednh n\u0103ng c\u00e0i \u0111\u1eb7t t\u1eeb trung t\u00e2m s\u1eed d\u1ee5ng khi k\u1ebft n\u1ed1i v\u1edbi <a href=\"https:\/\/vilight.vn\/website\/san-pham\/chieu-sang-thong-minh\/bo-dieu-khien-den-idim\/\">b\u1ed9 \u0111i\u1ec1u khi\u1ec3n idim<\/a> v\u00e0\u00a0 <a href=\"https:\/\/vilight.vn\/website\/san-pham\/chieu-sang-thong-minh\/tu-chieu-sang-thong-minh\/tu-chieu-sang-thong-minh\/\">t\u1ee7 \u0111i\u1ec1u khi\u1ec3n chi\u1ebfu s\u00e1ng th\u00f4ng minh.<\/a><\/li>\n<li>DMX512.<\/li>\n<li>Nhi\u1ec7t \u0111\u1ed9 m\u00e0u \u0110\u01a1n s\u1eafc (3.000K, 4.000K, 6.000K).<\/li>\n<li>RGBW.<\/li>\n<li>Nhi\u1ec7t \u0111\u1ed9 ho\u1ea1t \u0111\u1ed9ng &#8211; 20\u00baC ~ 45\u00baC.<\/li>\n<li>\u0110\u1ed9 \u1ea9m10% ~ 90%.<\/li>\n<\/ul>\n<p>\u0110\u1ed9 k\u00ednIP67<br \/>\nhide<\/p>\n<h3>\u0111\u00e8n \u00e2m \u0111\u1ea5t 120w:<\/h3>\n<ul>\n<li>C\u00e1c lo\u1ea1i \u0111\u00e8n \u00e2m \u0111\u1ea5t c\u00f4ng su\u1ea5t l\u1edbn.<\/li>\n<li>\u0110\u00e8n \u00e2m \u0111\u1ea5t 150W.<\/li>\n<li>\u0110\u00e8n \u00e2m \u0111\u1ea5t 120W.<\/li>\n<li>\u0110\u00e8n \u00e2m \u0111\u1ea5t 90W.<\/li>\n<li>\u0110\u00e8n \u00e2m \u0111\u1ea5t 50W.<\/li>\n<li>\u0110\u00e8n \u00e2m \u0111\u1ea5t 40W.<\/li>\n<\/ul>\n","protected":false},"excerpt":{"rendered":"<p style=\"text-align: justify;\">Vi03 \u2013 \u0110\u00e8n \u00e2m \u0111\u1ea5t cao c\u1ea5p c\u00f4ng su\u1ea5t cao, g\u00f3c chi\u1ebfu \u0111a d\u1ea1ng, t\u1eeb c\u00e1c g\u00f3c chi\u1ebfu c\u1ef1c h\u1eb9p <span class=\"fontstyle0\">cho t\u1edbi c\u00e1c g\u00f3c chi\u1ebfu r\u1ed9ng, tr\u00ean 60\u00b0 ho\u1eb7c c\u00e1c g\u00f3c chi\u1ebfu \u0111\u1eb7c th\u00f9 nh\u01b0 10&#215;70\u00b0,15&#215;60\u00b0.<\/span><\/p>\n","protected":false},"featured_media":4639,"template":"","meta":[],"product_brand":[],"product_cat":[514],"product_tag":[515],"class_list":{"0":"post-4637","1":"product","2":"type-product","3":"status-publish","4":"has-post-thumbnail","6":"product_cat-am-dat-cao-cap","7":"product_tag-den-am-dat-6x1-2w","8":"pa_chuan-dieu-khien-1-10v","9":"pa_chuan-dieu-khien-dmx","10":"pa_chuan-dieu-khien-on-off","11":"pa_cong-suat-40w","12":"pa_cong-suat-48w","13":"pa_cong-suat-60w","14":"pa_dien-ap-hoat-dong-24vdc","15":"pa_dien-ap-hoat-dong-ac-120-240v","16":"pa_do-kin-ip67","17":"pa_goc-chieu-10x70","18":"pa_goc-chieu-289","19":"pa_goc-chieu-231","20":"pa_goc-chieu-15x60","21":"pa_goc-chieu-308","22":"pa_goc-chieu-233","23":"pa_goc-chieu-234","24":"pa_goc-chieu-280","25":"pa_goc-chieu-278","27":"first","28":"instock","29":"taxable","30":"shipping-taxable","31":"purchasable","32":"product-type-simple"},"yoast_head":"<!-- This site is optimized with the Yoast SEO Premium plugin v27.5 (Yoast SEO v27.5) - https:\/\/yoast.com\/product\/yoast-seo-premium-wordpress\/ -->\n<title>\u0110\u00e8n \u00e2m \u0111\u1ea5t RGBW 40W, 50W, 60W chu\u1ea9n DMX - Vilight Co.ltd<\/title>\n<meta name=\"description\" content=\"\u0110\u00e8n \u00e2m \u0111\u1ea5t RGBW 40W, 50W, 60W - D\u00f2ng s\u1ea3n ph\u1ea9m \u0111\u00e8n \u00e2m \u0111\u1ea5t cao c\u1ea5p, c\u00f3 th\u1ec3 \u0111i\u1ec1u khi\u1ec3n t\u1eeb trung t\u00e2m, t\u1eeb ph\u1ea7n m\u1ec1m, t\u1eeb thi\u1ebft b\u1ecb di \u0111\u1ed9ng, V\u00e0 \u0111i\u1ec1u khi\u1ec3n DMX.\" \/>\n<meta name=\"robots\" content=\"index, follow, max-snippet:-1, max-image-preview:large, max-video-preview:-1\" \/>\n<link rel=\"canonical\" href=\"https:\/\/vilight.vn\/website\/san-pham\/den-chieu-sang-facade\/am-dat-cao-cap\/den-am-dat-vi05-60w\/\" \/>\n<meta property=\"og:locale\" content=\"vi_VN\" \/>\n<meta property=\"og:type\" content=\"article\" \/>\n<meta property=\"og:title\" content=\"\u0110\u00e8n \u00e2m \u0111\u1ea5t Vi05 - 60W\" \/>\n<meta property=\"og:description\" content=\"Vi03 \u2013 \u0110\u00e8n \u00e2m \u0111\u1ea5t cao c\u1ea5p c\u00f4ng su\u1ea5t cao, g\u00f3c chi\u1ebfu \u0111a d\u1ea1ng, t\u1eeb c\u00e1c g\u00f3c chi\u1ebfu c\u1ef1c h\u1eb9p cho t\u1edbi c\u00e1c g\u00f3c chi\u1ebfu r\u1ed9ng, tr\u00ean 60\u00b0 ho\u1eb7c c\u00e1c g\u00f3c chi\u1ebfu \u0111\u1eb7c th\u00f9 nh\u01b0 10x70\u00b0,15x60\u00b0.\" \/>\n<meta property=\"og:url\" content=\"https:\/\/vilight.vn\/website\/san-pham\/den-chieu-sang-facade\/am-dat-cao-cap\/den-am-dat-vi05-60w\/\" \/>\n<meta property=\"og:site_name\" content=\"Vilight Co.ltd\" \/>\n<meta property=\"article:publisher\" content=\"http:\/\/facebook.com\/vilight.vn\" \/>\n<meta property=\"article:modified_time\" content=\"2024-10-04T02:25:46+00:00\" \/>\n<meta property=\"og:image\" content=\"https:\/\/vilight.vn\/website\/wp-content\/uploads\/2024\/04\/den_am_dat_cong_suat_cao_den_am_dat_60W.jpg\" \/>\n\t<meta property=\"og:image:width\" content=\"600\" \/>\n\t<meta property=\"og:image:height\" content=\"600\" \/>\n\t<meta property=\"og:image:type\" content=\"image\/jpeg\" \/>\n<meta name=\"twitter:card\" content=\"summary_large_image\" \/>\n<meta name=\"twitter:label1\" content=\"Gi\u00e1\" \/>\n\t<meta name=\"twitter:data1\" content=\"11.200.000&#8363;\" \/>\n\t<meta name=\"twitter:label2\" content=\"Kh\u1ea3 d\u1ee5ng\" \/>\n\t<meta name=\"twitter:data2\" content=\"Trong kho\" \/>\n<script type=\"application\/ld+json\" class=\"yoast-schema-graph\">{\"@context\":\"https:\\\/\\\/schema.org\",\"@graph\":[{\"@type\":\"WebPage\",\"@id\":\"https:\\\/\\\/vilight.vn\\\/website\\\/san-pham\\\/den-chieu-sang-facade\\\/am-dat-cao-cap\\\/den-am-dat-vi05-60w\\\/\",\"url\":\"https:\\\/\\\/vilight.vn\\\/website\\\/san-pham\\\/den-chieu-sang-facade\\\/am-dat-cao-cap\\\/den-am-dat-vi05-60w\\\/\",\"name\":\"\u0110\u00e8n \u00e2m \u0111\u1ea5t RGBW 40W, 50W, 60W chu\u1ea9n DMX - Vilight Co.ltd\",\"isPartOf\":{\"@id\":\"https:\\\/\\\/vilight.vn\\\/website\\\/#website\"},\"primaryImageOfPage\":{\"@id\":\"https:\\\/\\\/vilight.vn\\\/website\\\/san-pham\\\/den-chieu-sang-facade\\\/am-dat-cao-cap\\\/den-am-dat-vi05-60w\\\/#primaryimage\"},\"image\":{\"@id\":\"https:\\\/\\\/vilight.vn\\\/website\\\/san-pham\\\/den-chieu-sang-facade\\\/am-dat-cao-cap\\\/den-am-dat-vi05-60w\\\/#primaryimage\"},\"thumbnailUrl\":\"https:\\\/\\\/vilight.vn\\\/website\\\/wp-content\\\/uploads\\\/2024\\\/04\\\/den_am_dat_cong_suat_cao_den_am_dat_60W.jpg\",\"datePublished\":\"2024-04-22T18:15:57+00:00\",\"dateModified\":\"2024-10-04T02:25:46+00:00\",\"description\":\"\u0110\u00e8n \u00e2m \u0111\u1ea5t RGBW 40W, 50W, 60W - D\u00f2ng s\u1ea3n ph\u1ea9m \u0111\u00e8n \u00e2m \u0111\u1ea5t cao c\u1ea5p, c\u00f3 th\u1ec3 \u0111i\u1ec1u khi\u1ec3n t\u1eeb trung t\u00e2m, t\u1eeb ph\u1ea7n m\u1ec1m, t\u1eeb thi\u1ebft b\u1ecb di \u0111\u1ed9ng, V\u00e0 \u0111i\u1ec1u khi\u1ec3n DMX.\",\"breadcrumb\":{\"@id\":\"https:\\\/\\\/vilight.vn\\\/website\\\/san-pham\\\/den-chieu-sang-facade\\\/am-dat-cao-cap\\\/den-am-dat-vi05-60w\\\/#breadcrumb\"},\"inLanguage\":\"vi\",\"potentialAction\":[{\"@type\":\"ReadAction\",\"target\":[\"https:\\\/\\\/vilight.vn\\\/website\\\/san-pham\\\/den-chieu-sang-facade\\\/am-dat-cao-cap\\\/den-am-dat-vi05-60w\\\/\"]}]},{\"@type\":\"ImageObject\",\"inLanguage\":\"vi\",\"@id\":\"https:\\\/\\\/vilight.vn\\\/website\\\/san-pham\\\/den-chieu-sang-facade\\\/am-dat-cao-cap\\\/den-am-dat-vi05-60w\\\/#primaryimage\",\"url\":\"https:\\\/\\\/vilight.vn\\\/website\\\/wp-content\\\/uploads\\\/2024\\\/04\\\/den_am_dat_cong_suat_cao_den_am_dat_60W.jpg\",\"contentUrl\":\"https:\\\/\\\/vilight.vn\\\/website\\\/wp-content\\\/uploads\\\/2024\\\/04\\\/den_am_dat_cong_suat_cao_den_am_dat_60W.jpg\",\"width\":600,\"height\":600},{\"@type\":\"BreadcrumbList\",\"@id\":\"https:\\\/\\\/vilight.vn\\\/website\\\/san-pham\\\/den-chieu-sang-facade\\\/am-dat-cao-cap\\\/den-am-dat-vi05-60w\\\/#breadcrumb\",\"itemListElement\":[{\"@type\":\"ListItem\",\"position\":1,\"name\":\"Home\",\"item\":\"https:\\\/\\\/vilight.vn\\\/website\\\/\"},{\"@type\":\"ListItem\",\"position\":2,\"name\":\"store\",\"item\":\"https:\\\/\\\/vilight.vn\\\/website\\\/store\\\/\"},{\"@type\":\"ListItem\",\"position\":3,\"name\":\"\u0110\u00e8n \u00e2m \u0111\u1ea5t Vi05 &#8211; 60W\"}]},{\"@type\":\"WebSite\",\"@id\":\"https:\\\/\\\/vilight.vn\\\/website\\\/#website\",\"url\":\"https:\\\/\\\/vilight.vn\\\/website\\\/\",\"name\":\"Vilight Co.ltd\",\"description\":\"Chi\u1ebfu s\u00e1ng m\u1ef9 thu\u1eadt, chi\u1ebfu s\u00e1ng th\u00f4ng minh, LED Pixel 3D, chi\u1ebfu s\u00e1ng trang tr\u00ed \u0111\u00f4 th\u1ecb, chi\u1ebfu s\u00e1ng v\u00f2ng xoay, chi\u1ebfu s\u00e1ng \u0111\u1ea3o giao th\u00f4ng, c\u1ed5ng ch\u00e0o \u0111\u00f4 th\u1ecb\",\"publisher\":{\"@id\":\"https:\\\/\\\/vilight.vn\\\/website\\\/#organization\"},\"potentialAction\":[{\"@type\":\"SearchAction\",\"target\":{\"@type\":\"EntryPoint\",\"urlTemplate\":\"https:\\\/\\\/vilight.vn\\\/website\\\/?s={search_term_string}\"},\"query-input\":{\"@type\":\"PropertyValueSpecification\",\"valueRequired\":true,\"valueName\":\"search_term_string\"}}],\"inLanguage\":\"vi\"},{\"@type\":\"Organization\",\"@id\":\"https:\\\/\\\/vilight.vn\\\/website\\\/#organization\",\"name\":\"Vilight\",\"url\":\"https:\\\/\\\/vilight.vn\\\/website\\\/\",\"logo\":{\"@type\":\"ImageObject\",\"inLanguage\":\"vi\",\"@id\":\"https:\\\/\\\/vilight.vn\\\/website\\\/#\\\/schema\\\/logo\\\/image\\\/\",\"url\":\"https:\\\/\\\/vilight.vn\\\/website\\\/wp-content\\\/uploads\\\/2022\\\/05\\\/chieu_sang_trang_tri_do_thi_bang_den_led_pixel.png\",\"contentUrl\":\"https:\\\/\\\/vilight.vn\\\/website\\\/wp-content\\\/uploads\\\/2022\\\/05\\\/chieu_sang_trang_tri_do_thi_bang_den_led_pixel.png\",\"width\":800,\"height\":427,\"caption\":\"Vilight\"},\"image\":{\"@id\":\"https:\\\/\\\/vilight.vn\\\/website\\\/#\\\/schema\\\/logo\\\/image\\\/\"},\"sameAs\":[\"http:\\\/\\\/facebook.com\\\/vilight.vn\",\"https:\\\/\\\/www.linkedin.com\\\/company\\\/vilight-vn\",\"https:\\\/\\\/www.youtube.com\\\/channel\\\/UCEwR2naeDcuarMX1kSv_rLQ\\\/videos\"]}]}<\/script>\n<meta property=\"product:brand\" content=\"\u0110\u00e8n \u00c2m \u0110\u1ea5t\" \/>\n<meta property=\"product:price:amount\" content=\"11200000\" \/>\n<meta property=\"product:price:currency\" content=\"VND\" \/>\n<meta property=\"og:availability\" content=\"instock\" \/>\n<meta property=\"product:availability\" content=\"instock\" \/>\n<meta property=\"product:condition\" content=\"new\" \/>\n<!-- \/ Yoast SEO Premium plugin. -->","yoast_head_json":{"title":"\u0110\u00e8n \u00e2m \u0111\u1ea5t RGBW 40W, 50W, 60W chu\u1ea9n DMX - Vilight Co.ltd","description":"\u0110\u00e8n \u00e2m \u0111\u1ea5t RGBW 40W, 50W, 60W - D\u00f2ng s\u1ea3n ph\u1ea9m \u0111\u00e8n \u00e2m \u0111\u1ea5t cao c\u1ea5p, c\u00f3 th\u1ec3 \u0111i\u1ec1u khi\u1ec3n t\u1eeb trung t\u00e2m, t\u1eeb ph\u1ea7n m\u1ec1m, t\u1eeb thi\u1ebft b\u1ecb di \u0111\u1ed9ng, V\u00e0 \u0111i\u1ec1u khi\u1ec3n DMX.","robots":{"index":"index","follow":"follow","max-snippet":"max-snippet:-1","max-image-preview":"max-image-preview:large","max-video-preview":"max-video-preview:-1"},"canonical":"https:\/\/vilight.vn\/website\/san-pham\/den-chieu-sang-facade\/am-dat-cao-cap\/den-am-dat-vi05-60w\/","og_locale":"vi_VN","og_type":"article","og_title":"\u0110\u00e8n \u00e2m \u0111\u1ea5t Vi05 - 60W","og_description":"Vi03 \u2013 \u0110\u00e8n \u00e2m \u0111\u1ea5t cao c\u1ea5p c\u00f4ng su\u1ea5t cao, g\u00f3c chi\u1ebfu \u0111a d\u1ea1ng, t\u1eeb c\u00e1c g\u00f3c chi\u1ebfu c\u1ef1c h\u1eb9p cho t\u1edbi c\u00e1c g\u00f3c chi\u1ebfu r\u1ed9ng, tr\u00ean 60\u00b0 ho\u1eb7c c\u00e1c g\u00f3c chi\u1ebfu \u0111\u1eb7c th\u00f9 nh\u01b0 10x70\u00b0,15x60\u00b0.","og_url":"https:\/\/vilight.vn\/website\/san-pham\/den-chieu-sang-facade\/am-dat-cao-cap\/den-am-dat-vi05-60w\/","og_site_name":"Vilight Co.ltd","article_publisher":"http:\/\/facebook.com\/vilight.vn","article_modified_time":"2024-10-04T02:25:46+00:00","og_image":[{"width":600,"height":600,"url":"https:\/\/vilight.vn\/website\/wp-content\/uploads\/2024\/04\/den_am_dat_cong_suat_cao_den_am_dat_60W.jpg","type":"image\/jpeg"}],"twitter_card":"summary_large_image","twitter_misc":{"Gi\u00e1":"11.200.000&#8363;","Kh\u1ea3 d\u1ee5ng":"Trong kho"},"schema":{"@context":"https:\/\/schema.org","@graph":[{"@type":"WebPage","@id":"https:\/\/vilight.vn\/website\/san-pham\/den-chieu-sang-facade\/am-dat-cao-cap\/den-am-dat-vi05-60w\/","url":"https:\/\/vilight.vn\/website\/san-pham\/den-chieu-sang-facade\/am-dat-cao-cap\/den-am-dat-vi05-60w\/","name":"\u0110\u00e8n \u00e2m \u0111\u1ea5t RGBW 40W, 50W, 60W chu\u1ea9n DMX - Vilight Co.ltd","isPartOf":{"@id":"https:\/\/vilight.vn\/website\/#website"},"primaryImageOfPage":{"@id":"https:\/\/vilight.vn\/website\/san-pham\/den-chieu-sang-facade\/am-dat-cao-cap\/den-am-dat-vi05-60w\/#primaryimage"},"image":{"@id":"https:\/\/vilight.vn\/website\/san-pham\/den-chieu-sang-facade\/am-dat-cao-cap\/den-am-dat-vi05-60w\/#primaryimage"},"thumbnailUrl":"https:\/\/vilight.vn\/website\/wp-content\/uploads\/2024\/04\/den_am_dat_cong_suat_cao_den_am_dat_60W.jpg","datePublished":"2024-04-22T18:15:57+00:00","dateModified":"2024-10-04T02:25:46+00:00","description":"\u0110\u00e8n \u00e2m \u0111\u1ea5t RGBW 40W, 50W, 60W - D\u00f2ng s\u1ea3n ph\u1ea9m \u0111\u00e8n \u00e2m \u0111\u1ea5t cao c\u1ea5p, c\u00f3 th\u1ec3 \u0111i\u1ec1u khi\u1ec3n t\u1eeb trung t\u00e2m, t\u1eeb ph\u1ea7n m\u1ec1m, t\u1eeb thi\u1ebft b\u1ecb di \u0111\u1ed9ng, V\u00e0 \u0111i\u1ec1u khi\u1ec3n DMX.","breadcrumb":{"@id":"https:\/\/vilight.vn\/website\/san-pham\/den-chieu-sang-facade\/am-dat-cao-cap\/den-am-dat-vi05-60w\/#breadcrumb"},"inLanguage":"vi","potentialAction":[{"@type":"ReadAction","target":["https:\/\/vilight.vn\/website\/san-pham\/den-chieu-sang-facade\/am-dat-cao-cap\/den-am-dat-vi05-60w\/"]}]},{"@type":"ImageObject","inLanguage":"vi","@id":"https:\/\/vilight.vn\/website\/san-pham\/den-chieu-sang-facade\/am-dat-cao-cap\/den-am-dat-vi05-60w\/#primaryimage","url":"https:\/\/vilight.vn\/website\/wp-content\/uploads\/2024\/04\/den_am_dat_cong_suat_cao_den_am_dat_60W.jpg","contentUrl":"https:\/\/vilight.vn\/website\/wp-content\/uploads\/2024\/04\/den_am_dat_cong_suat_cao_den_am_dat_60W.jpg","width":600,"height":600},{"@type":"BreadcrumbList","@id":"https:\/\/vilight.vn\/website\/san-pham\/den-chieu-sang-facade\/am-dat-cao-cap\/den-am-dat-vi05-60w\/#breadcrumb","itemListElement":[{"@type":"ListItem","position":1,"name":"Home","item":"https:\/\/vilight.vn\/website\/"},{"@type":"ListItem","position":2,"name":"store","item":"https:\/\/vilight.vn\/website\/store\/"},{"@type":"ListItem","position":3,"name":"\u0110\u00e8n \u00e2m \u0111\u1ea5t Vi05 &#8211; 60W"}]},{"@type":"WebSite","@id":"https:\/\/vilight.vn\/website\/#website","url":"https:\/\/vilight.vn\/website\/","name":"Vilight Co.ltd","description":"Chi\u1ebfu s\u00e1ng m\u1ef9 thu\u1eadt, chi\u1ebfu s\u00e1ng th\u00f4ng minh, LED Pixel 3D, chi\u1ebfu s\u00e1ng trang tr\u00ed \u0111\u00f4 th\u1ecb, chi\u1ebfu s\u00e1ng v\u00f2ng xoay, chi\u1ebfu s\u00e1ng \u0111\u1ea3o giao th\u00f4ng, c\u1ed5ng ch\u00e0o \u0111\u00f4 th\u1ecb","publisher":{"@id":"https:\/\/vilight.vn\/website\/#organization"},"potentialAction":[{"@type":"SearchAction","target":{"@type":"EntryPoint","urlTemplate":"https:\/\/vilight.vn\/website\/?s={search_term_string}"},"query-input":{"@type":"PropertyValueSpecification","valueRequired":true,"valueName":"search_term_string"}}],"inLanguage":"vi"},{"@type":"Organization","@id":"https:\/\/vilight.vn\/website\/#organization","name":"Vilight","url":"https:\/\/vilight.vn\/website\/","logo":{"@type":"ImageObject","inLanguage":"vi","@id":"https:\/\/vilight.vn\/website\/#\/schema\/logo\/image\/","url":"https:\/\/vilight.vn\/website\/wp-content\/uploads\/2022\/05\/chieu_sang_trang_tri_do_thi_bang_den_led_pixel.png","contentUrl":"https:\/\/vilight.vn\/website\/wp-content\/uploads\/2022\/05\/chieu_sang_trang_tri_do_thi_bang_den_led_pixel.png","width":800,"height":427,"caption":"Vilight"},"image":{"@id":"https:\/\/vilight.vn\/website\/#\/schema\/logo\/image\/"},"sameAs":["http:\/\/facebook.com\/vilight.vn","https:\/\/www.linkedin.com\/company\/vilight-vn","https:\/\/www.youtube.com\/channel\/UCEwR2naeDcuarMX1kSv_rLQ\/videos"]}]},"product_brand":"\u0110\u00e8n \u00c2m \u0110\u1ea5t","product_price_amount":"11200000","product_price_currency":"VND","og_availability":"instock","product_availability":"instock","product_condition":"new"},"_links":{"self":[{"href":"https:\/\/vilight.vn\/website\/wp-json\/wp\/v2\/product\/4637","targetHints":{"allow":["GET"]}}],"collection":[{"href":"https:\/\/vilight.vn\/website\/wp-json\/wp\/v2\/product"}],"about":[{"href":"https:\/\/vilight.vn\/website\/wp-json\/wp\/v2\/types\/product"}],"wp:featuredmedia":[{"embeddable":true,"href":"https:\/\/vilight.vn\/website\/wp-json\/wp\/v2\/media\/4639"}],"wp:attachment":[{"href":"https:\/\/vilight.vn\/website\/wp-json\/wp\/v2\/media?parent=4637"}],"wp:term":[{"taxonomy":"product_brand","embeddable":true,"href":"https:\/\/vilight.vn\/website\/wp-json\/wp\/v2\/product_brand?post=4637"},{"taxonomy":"product_cat","embeddable":true,"href":"https:\/\/vilight.vn\/website\/wp-json\/wp\/v2\/product_cat?post=4637"},{"taxonomy":"product_tag","embeddable":true,"href":"https:\/\/vilight.vn\/website\/wp-json\/wp\/v2\/product_tag?post=4637"}],"curies":[{"name":"wp","href":"https:\/\/api.w.org\/{rel}","templated":true}]}}