{"id":4672,"date":"2024-05-03T15:20:15","date_gmt":"2024-05-03T08:20:15","guid":{"rendered":"https:\/\/vilight.vn\/website\/?post_type=product&#038;p=4672"},"modified":"2024-10-04T08:21:02","modified_gmt":"2024-10-04T01:21:02","slug":"den-am-dat-vi29-15-6w","status":"publish","type":"product","link":"https:\/\/vilight.vn\/website\/san-pham\/den-chieu-sang-facade\/am-dat-cao-cap\/den-am-dat-vi29-15-6w\/","title":{"rendered":"\u0110\u00e8n \u00e2m \u0111\u1ea5t Vi29 15.6W"},"content":{"rendered":"<h2>\u0110\u00e8n \u00e2m \u0111\u1ea5t Linear 12&#215;1.2W :<\/h2>\n<ul>\n<li>\u0110\u00e8n \u00c2m \u0111\u1ea5t Vi29 (\u0111\u00e8n \u00e2m m\u00e1ng d\u00e0i 14.4w, \u0111\u00e8n \u00e2m \u0111\u1ea5t m\u00e1ng d\u00e0i 12&#215;1.2W) l\u00e0 lo\u1ea1i \u0111\u00e8n \u00e2m \u0111\u1ea5t n\u1eb1m \u1edf ph\u00e2n kh\u00fac s\u1ea3n ph\u1ea9m cao c\u1ea5p.<\/li>\n<li>v\u1ecf b\u1eb1ng nh\u00f4m \u0111\u00fac \u00e1p su\u1ea5t cao s\u01a1n t\u0129nh \u0111i\u1ec7n.<\/li>\n<li>m\u1eb7t \u0111\u00e8n b\u1eb1ng th\u00e9p kh\u00f4ng g\u1ec9 SUS316L v\u00e0 k\u00ednh c\u01b0\u1eddng l\u1ef1c d\u00e0y 6mm.<\/li>\n<li>S\u1eed d\u1ee5ng ch\u1ee7 y\u1ebfu trong chi\u1ebfu s\u00e1ng c\u1ea3nh quan (pha m\u1ea3ng t\u01b0\u1eddng, pha \u0111\u1ed1i t\u01b0\u1ee3ng ki\u1ebfn tr\u00fac).<\/li>\n<li>Chip LED Osram t\u1ea1o ra hi\u1ec7u qu\u1ea3 \u00e1nh s\u00e1ng cao c\u1ea5p, b\u1ec1n \u0111\u1eb9p.Th\u00e2n \u0111\u00e8n b\u1eb1ng nh\u00f4m \u0111c\u00fa \u00e1p l\u1ef1c cao, s\u01a1n t\u0129nh \u0111i\u1ec7n.Th\u00e2n \u0111\u00e8n c\u00f3 k\u1ebft c\u1ea5u c\u01a1 kh\u00ed \u0111\u1ec3 ch\u1ec9nh g\u00f3c nghi\u00eang c\u1ee7a \u0111\u00e8n.\u0110\u00e8n c\u00f3 c\u00e1c phi\u00ean b\u1ea3n c\u00f3 th\u1ec3 \u0111i\u1ec1u khi\u1ec3n, gi\u00e1m s\u00e1t th\u00f4ng minh, qua giao th\u1ee9c Dali, 1-10V, Triac.<br \/>\nhide<img decoding=\"async\" data-src=\"https:\/\/vilight.vn\/website\/wp-content\/uploads\/2024\/05\/Den_am_dat_linear_12x1.3W_dai_565mm_den_am_dat_mang_dai_15.6W.jpg#4673\" alt=\"Den_am_dat_linear_12x1.3W_dai_565mm_den_am_dat_mang_dai_15.6W\" src=\"data:image\/svg+xml;base64,PHN2ZyB3aWR0aD0iMSIgaGVpZ2h0PSIxIiB4bWxucz0iaHR0cDovL3d3dy53My5vcmcvMjAwMC9zdmciPjwvc3ZnPg==\" class=\"lazyload\" style=\"--smush-placeholder-width: 1150px; --smush-placeholder-aspect-ratio: 1150\/360;\" \/><br \/>\nfull<br \/>\n\u0110\u00e8n \u00e2m \u0111\u1ea5t linear 15.6W, \u0111\u00e8n \u00e2m \u0111\u1ea5t m\u00e1ng d\u00e0i 12&#215;1.3W<br \/>\n\u0110\u00e8n \u00e2m m\u00e1ng d\u00e0i 15.6W (\u0111\u00e8n \u00e2m \u0111\u1ea5t m\u00e1ng d\u00e0i 12&#215;1.3w)<br \/>\ncontain<br \/>\ncenter center<br \/>\nhide<\/li>\n<\/ul>\n<h2>Th\u00f4ng s\u1ed1 k\u1ef9 thu\u1eadt \u0111\u00e8n \u00e2m \u0111\u1ea5t linear 15.6W\u00a0 :<\/h2>\n<p>Th\u00f4ng tinTh\u00f4ng s\u1ed1 k\u1ef9 thu\u1eadtNgu\u1ed3n s\u00e1ng12 x 1.3W, chip OsramG\u00f3c chi\u1ebfu 8\u00b0 10\u00b0 12\u00b0 20\u00b0 30\u00b0 45\u00b0 12&#215;45\u00b0K\u00edch th\u01b0\u1edbc \u0111\u00e8n\u00a0d\u00e0i 565mm, r\u1ed9ng 83mm, cao 75mm\u0110i\u1ec7n \u00e1p ho\u1ea1t \u0111\u1ed9ngC\u00f3 c\u00e1c phi\u00ean b\u1ea3n ho\u1ea1t \u0111\u1ed9ng v\u1edbi \u0111i\u1ec7n \u00e1p DC24V ho\u1eb7c AC220VC\u00f4ng su\u1ea5t ti\u00eau hao17W (\u0111\u1ed1i v\u1edbi \u0111\u00e8n DC24V), 16.8W (\u0111o \u1edf \u0111i\u1ec7n \u00e1p AC240V)Nhi\u1ec7t \u0111\u1ed9 ho\u1ea1t \u0111\u1ed9ng\u00a0&#8211; 20\u00baC ~ 40\u00baCD\u00e2y c\u00e1p theo \u0111\u00e8n3\u00d71.0mm\u00b2, L=0.5m\u0110\u1ed9 k\u00ednIP67\u0110\u1ed9 c\u1ee9ngIK06\u0110\u1ed9 d\u00e0y m\u1eb7t k\u00ednh\u00a06 mmQuang th\u00f4ng1400 lumens (v\u1edbi nhi\u1ec7t \u0111\u1ed9 m\u00e0u 4.000K)\u0110i\u1ec1u khi\u1ec3n trung t\u00e2mC\u00f3 kh\u1ea3 n\u0103ng v\u1edbi giao th\u1ee9c Dali, 1-10V, Triac.<br \/>\nhide<\/p>\n<p><img decoding=\"async\" data-src=\"https:\/\/vilight.vn\/website\/wp-content\/uploads\/2024\/05\/quang-thong-den-am-dat-linear-15.6w-den-am-dat-mang-dai-12x1.3w.jpg#4674\" alt=\"quang thong den am dat linear 15.6w den am dat mang dai 12\u00d71.3w\" src=\"data:image\/svg+xml;base64,PHN2ZyB3aWR0aD0iMSIgaGVpZ2h0PSIxIiB4bWxucz0iaHR0cDovL3d3dy53My5vcmcvMjAwMC9zdmciPjwvc3ZnPg==\" class=\"lazyload\" style=\"--smush-placeholder-width: 1716px; --smush-placeholder-aspect-ratio: 1716\/409;\" \/><br \/>\nfull<br \/>\n\u0110\u00e8n \u00e2m \u0111\u1ea5t linear 15.6W<br \/>\nQuang ph\u1ed5 \u0111\u00e8n \u00e2m \u0111\u1ea5t linear 12&#215;1.3W v\u1edbi g\u00f3c chi\u1ebfu 20 \u0111\u1ed9<br \/>\ncontain<br \/>\ncenter center<br \/>\nhide<\/p>\n","protected":false},"excerpt":{"rendered":"<p style=\"text-align: justify;\"><span style=\"font-size: 12pt;\">\u0110\u00e8n m\u00e1ng d\u00e0i, v\u1edbi chi\u1ec1u d\u00e0i h\u01a1n 500mm, g\u00f3c nghi\u00eang c\u1ee7a m\u1eb7t \u0111\u00e8n c\u00f3 th\u1ec3 \u0111i\u1ec1u ch\u1ec9nh \u0111\u01b0\u1ee3c th\u00f4ng qua n\u00fat c\u01a1 kh\u00ed b\u00ean ngo\u00e0i m\u00e0 kh\u00f4ng can thi\u1ec7p v\u00e0o b\u00ean trong b\u1ed9 \u0111\u00e8n.<\/span><\/p>\n","protected":false},"featured_media":4675,"template":"","meta":[],"product_brand":[],"product_cat":[514],"product_tag":[526],"class_list":{"0":"post-4672","1":"product","2":"type-product","3":"status-publish","4":"has-post-thumbnail","6":"product_cat-am-dat-cao-cap","7":"product_tag-den-am-dat-vi18","8":"pa_chuan-dieu-khien-1-10v","9":"pa_chuan-dieu-khien-dali","10":"pa_chuan-dieu-khien-on-off","11":"pa_cong-suat-15w","12":"pa_dien-ap-hoat-dong-24vdc","13":"pa_dien-ap-hoat-dong-ac-120-240v","14":"pa_do-kin-ip67","15":"pa_goc-chieu-279","16":"pa_goc-chieu-289","17":"pa_goc-chieu-308","18":"pa_goc-chieu-233","19":"pa_goc-chieu-234","20":"pa_goc-chieu-278","21":"pa_nhiet-do-mau-3000k","22":"pa_nhiet-do-mau-4000k","24":"first","25":"instock","26":"taxable","27":"shipping-taxable","28":"purchasable","29":"product-type-simple"},"yoast_head":"<!-- This site is optimized with the Yoast SEO Premium plugin v27.4 (Yoast SEO v27.4) - https:\/\/yoast.com\/product\/yoast-seo-premium-wordpress\/ -->\n<title>\u0110\u00e8n \u00e2m \u0111\u1ea5t m\u00e1ng d\u00e0i 15.6W, \u0111\u00e8n \u00e2m \u0111\u1ea5t linear 12x1.3W 565mm - Vilight Co.ltd<\/title>\n<meta name=\"description\" content=\"\u0110\u00e8n \u00e2m \u0111\u1ea5t m\u00e1ng d\u00e0i 15.6W, \u0111\u00e8n \u00e2m linear 12x1.3W, \u0111\u00e8n \u00e2m \u0111\u1ea5t linear 15.6W ph\u00f9 h\u1ee3p \u0111\u1ec3 chi\u1ebfu s\u00e1ng m\u1ea3ng t\u01b0\u1eddng, v\u1eadt th\u1ec3 ki\u1ebfn tr\u00fac, c\u00e1c c\u1ed9t vu\u00f4ng.\" \/>\n<meta name=\"robots\" content=\"index, follow, max-snippet:-1, max-image-preview:large, max-video-preview:-1\" \/>\n<link rel=\"canonical\" href=\"https:\/\/vilight.vn\/website\/san-pham\/den-chieu-sang-facade\/am-dat-cao-cap\/den-am-dat-vi29-15-6w\/\" \/>\n<meta property=\"og:locale\" content=\"vi_VN\" \/>\n<meta property=\"og:type\" content=\"article\" \/>\n<meta property=\"og:title\" content=\"\u0110\u00e8n \u00e2m \u0111\u1ea5t Vi29 15.6W\" \/>\n<meta property=\"og:description\" content=\"\u0110\u00e8n m\u00e1ng d\u00e0i, v\u1edbi chi\u1ec1u d\u00e0i h\u01a1n 500mm, g\u00f3c nghi\u00eang c\u1ee7a m\u1eb7t \u0111\u00e8n c\u00f3 th\u1ec3 \u0111i\u1ec1u ch\u1ec9nh \u0111\u01b0\u1ee3c th\u00f4ng qua n\u00fat c\u01a1 kh\u00ed b\u00ean ngo\u00e0i m\u00e0 kh\u00f4ng can thi\u1ec7p v\u00e0o b\u00ean trong b\u1ed9 \u0111\u00e8n.\" \/>\n<meta property=\"og:url\" content=\"https:\/\/vilight.vn\/website\/san-pham\/den-chieu-sang-facade\/am-dat-cao-cap\/den-am-dat-vi29-15-6w\/\" \/>\n<meta property=\"og:site_name\" content=\"Vilight Co.ltd\" \/>\n<meta property=\"article:publisher\" content=\"http:\/\/facebook.com\/vilight.vn\" \/>\n<meta property=\"article:modified_time\" content=\"2024-10-04T01:21:02+00:00\" \/>\n<meta property=\"og:image\" content=\"https:\/\/vilight.vn\/website\/wp-content\/uploads\/2024\/05\/Den_am_dat_linear_12x1.3W_dai_565mm.jpg\" \/>\n\t<meta property=\"og:image:width\" content=\"429\" \/>\n\t<meta property=\"og:image:height\" content=\"359\" \/>\n\t<meta property=\"og:image:type\" content=\"image\/jpeg\" \/>\n<meta name=\"twitter:card\" content=\"summary_large_image\" \/>\n<meta name=\"twitter:label1\" content=\"Gi\u00e1\" \/>\n\t<meta name=\"twitter:data1\" content=\"6.100.000&#8363;\" \/>\n\t<meta name=\"twitter:label2\" content=\"Kh\u1ea3 d\u1ee5ng\" \/>\n\t<meta name=\"twitter:data2\" content=\"Trong kho\" \/>\n<script type=\"application\/ld+json\" class=\"yoast-schema-graph\">{\"@context\":\"https:\\\/\\\/schema.org\",\"@graph\":[{\"@type\":\"WebPage\",\"@id\":\"https:\\\/\\\/vilight.vn\\\/website\\\/san-pham\\\/den-chieu-sang-facade\\\/am-dat-cao-cap\\\/den-am-dat-vi29-15-6w\\\/\",\"url\":\"https:\\\/\\\/vilight.vn\\\/website\\\/san-pham\\\/den-chieu-sang-facade\\\/am-dat-cao-cap\\\/den-am-dat-vi29-15-6w\\\/\",\"name\":\"\u0110\u00e8n \u00e2m \u0111\u1ea5t m\u00e1ng d\u00e0i 15.6W, \u0111\u00e8n \u00e2m \u0111\u1ea5t linear 12x1.3W 565mm - Vilight Co.ltd\",\"isPartOf\":{\"@id\":\"https:\\\/\\\/vilight.vn\\\/website\\\/#website\"},\"primaryImageOfPage\":{\"@id\":\"https:\\\/\\\/vilight.vn\\\/website\\\/san-pham\\\/den-chieu-sang-facade\\\/am-dat-cao-cap\\\/den-am-dat-vi29-15-6w\\\/#primaryimage\"},\"image\":{\"@id\":\"https:\\\/\\\/vilight.vn\\\/website\\\/san-pham\\\/den-chieu-sang-facade\\\/am-dat-cao-cap\\\/den-am-dat-vi29-15-6w\\\/#primaryimage\"},\"thumbnailUrl\":\"https:\\\/\\\/vilight.vn\\\/website\\\/wp-content\\\/uploads\\\/2024\\\/05\\\/Den_am_dat_linear_12x1.3W_dai_565mm.jpg\",\"datePublished\":\"2024-05-03T08:20:15+00:00\",\"dateModified\":\"2024-10-04T01:21:02+00:00\",\"description\":\"\u0110\u00e8n \u00e2m \u0111\u1ea5t m\u00e1ng d\u00e0i 15.6W, \u0111\u00e8n \u00e2m linear 12x1.3W, \u0111\u00e8n \u00e2m \u0111\u1ea5t linear 15.6W ph\u00f9 h\u1ee3p \u0111\u1ec3 chi\u1ebfu s\u00e1ng m\u1ea3ng t\u01b0\u1eddng, v\u1eadt th\u1ec3 ki\u1ebfn tr\u00fac, c\u00e1c c\u1ed9t vu\u00f4ng.\",\"breadcrumb\":{\"@id\":\"https:\\\/\\\/vilight.vn\\\/website\\\/san-pham\\\/den-chieu-sang-facade\\\/am-dat-cao-cap\\\/den-am-dat-vi29-15-6w\\\/#breadcrumb\"},\"inLanguage\":\"vi\",\"potentialAction\":[{\"@type\":\"ReadAction\",\"target\":[\"https:\\\/\\\/vilight.vn\\\/website\\\/san-pham\\\/den-chieu-sang-facade\\\/am-dat-cao-cap\\\/den-am-dat-vi29-15-6w\\\/\"]}]},{\"@type\":\"ImageObject\",\"inLanguage\":\"vi\",\"@id\":\"https:\\\/\\\/vilight.vn\\\/website\\\/san-pham\\\/den-chieu-sang-facade\\\/am-dat-cao-cap\\\/den-am-dat-vi29-15-6w\\\/#primaryimage\",\"url\":\"https:\\\/\\\/vilight.vn\\\/website\\\/wp-content\\\/uploads\\\/2024\\\/05\\\/Den_am_dat_linear_12x1.3W_dai_565mm.jpg\",\"contentUrl\":\"https:\\\/\\\/vilight.vn\\\/website\\\/wp-content\\\/uploads\\\/2024\\\/05\\\/Den_am_dat_linear_12x1.3W_dai_565mm.jpg\",\"width\":429,\"height\":359,\"caption\":\"\u0111\u00e8n m\u00e1ng d\u00e0i 16W \u0111i\u1ec1u ch\u1ec9nh \u0111\u01b0\u1ee3c g\u00f3c nghi\u00eang m\u1eb7t \u0111\u00e8n\"},{\"@type\":\"BreadcrumbList\",\"@id\":\"https:\\\/\\\/vilight.vn\\\/website\\\/san-pham\\\/den-chieu-sang-facade\\\/am-dat-cao-cap\\\/den-am-dat-vi29-15-6w\\\/#breadcrumb\",\"itemListElement\":[{\"@type\":\"ListItem\",\"position\":1,\"name\":\"Home\",\"item\":\"https:\\\/\\\/vilight.vn\\\/website\\\/\"},{\"@type\":\"ListItem\",\"position\":2,\"name\":\"store\",\"item\":\"https:\\\/\\\/vilight.vn\\\/website\\\/store\\\/\"},{\"@type\":\"ListItem\",\"position\":3,\"name\":\"\u0110\u00e8n \u00e2m \u0111\u1ea5t Vi29 15.6W\"}]},{\"@type\":\"WebSite\",\"@id\":\"https:\\\/\\\/vilight.vn\\\/website\\\/#website\",\"url\":\"https:\\\/\\\/vilight.vn\\\/website\\\/\",\"name\":\"Vilight Co.ltd\",\"description\":\"Chi\u1ebfu s\u00e1ng m\u1ef9 thu\u1eadt, chi\u1ebfu s\u00e1ng th\u00f4ng minh, LED Pixel 3D, chi\u1ebfu s\u00e1ng trang tr\u00ed \u0111\u00f4 th\u1ecb, chi\u1ebfu s\u00e1ng v\u00f2ng xoay, chi\u1ebfu s\u00e1ng \u0111\u1ea3o giao th\u00f4ng, c\u1ed5ng ch\u00e0o \u0111\u00f4 th\u1ecb\",\"publisher\":{\"@id\":\"https:\\\/\\\/vilight.vn\\\/website\\\/#organization\"},\"potentialAction\":[{\"@type\":\"SearchAction\",\"target\":{\"@type\":\"EntryPoint\",\"urlTemplate\":\"https:\\\/\\\/vilight.vn\\\/website\\\/?s={search_term_string}\"},\"query-input\":{\"@type\":\"PropertyValueSpecification\",\"valueRequired\":true,\"valueName\":\"search_term_string\"}}],\"inLanguage\":\"vi\"},{\"@type\":\"Organization\",\"@id\":\"https:\\\/\\\/vilight.vn\\\/website\\\/#organization\",\"name\":\"Vilight\",\"url\":\"https:\\\/\\\/vilight.vn\\\/website\\\/\",\"logo\":{\"@type\":\"ImageObject\",\"inLanguage\":\"vi\",\"@id\":\"https:\\\/\\\/vilight.vn\\\/website\\\/#\\\/schema\\\/logo\\\/image\\\/\",\"url\":\"https:\\\/\\\/vilight.vn\\\/website\\\/wp-content\\\/uploads\\\/2022\\\/05\\\/chieu_sang_trang_tri_do_thi_bang_den_led_pixel.png\",\"contentUrl\":\"https:\\\/\\\/vilight.vn\\\/website\\\/wp-content\\\/uploads\\\/2022\\\/05\\\/chieu_sang_trang_tri_do_thi_bang_den_led_pixel.png\",\"width\":800,\"height\":427,\"caption\":\"Vilight\"},\"image\":{\"@id\":\"https:\\\/\\\/vilight.vn\\\/website\\\/#\\\/schema\\\/logo\\\/image\\\/\"},\"sameAs\":[\"http:\\\/\\\/facebook.com\\\/vilight.vn\",\"https:\\\/\\\/www.linkedin.com\\\/company\\\/vilight-vn\",\"https:\\\/\\\/www.youtube.com\\\/channel\\\/UCEwR2naeDcuarMX1kSv_rLQ\\\/videos\"]}]}<\/script>\n<meta property=\"product:brand\" content=\"\u0110\u00e8n \u00c2m \u0110\u1ea5t\" \/>\n<meta property=\"product:price:amount\" content=\"6100000\" \/>\n<meta property=\"product:price:currency\" content=\"VND\" \/>\n<meta property=\"og:availability\" content=\"instock\" \/>\n<meta property=\"product:availability\" content=\"instock\" \/>\n<meta property=\"product:condition\" content=\"new\" \/>\n<!-- \/ Yoast SEO Premium plugin. -->","yoast_head_json":{"title":"\u0110\u00e8n \u00e2m \u0111\u1ea5t m\u00e1ng d\u00e0i 15.6W, \u0111\u00e8n \u00e2m \u0111\u1ea5t linear 12x1.3W 565mm - Vilight Co.ltd","description":"\u0110\u00e8n \u00e2m \u0111\u1ea5t m\u00e1ng d\u00e0i 15.6W, \u0111\u00e8n \u00e2m linear 12x1.3W, \u0111\u00e8n \u00e2m \u0111\u1ea5t linear 15.6W ph\u00f9 h\u1ee3p \u0111\u1ec3 chi\u1ebfu s\u00e1ng m\u1ea3ng t\u01b0\u1eddng, v\u1eadt th\u1ec3 ki\u1ebfn tr\u00fac, c\u00e1c c\u1ed9t vu\u00f4ng.","robots":{"index":"index","follow":"follow","max-snippet":"max-snippet:-1","max-image-preview":"max-image-preview:large","max-video-preview":"max-video-preview:-1"},"canonical":"https:\/\/vilight.vn\/website\/san-pham\/den-chieu-sang-facade\/am-dat-cao-cap\/den-am-dat-vi29-15-6w\/","og_locale":"vi_VN","og_type":"article","og_title":"\u0110\u00e8n \u00e2m \u0111\u1ea5t Vi29 15.6W","og_description":"\u0110\u00e8n m\u00e1ng d\u00e0i, v\u1edbi chi\u1ec1u d\u00e0i h\u01a1n 500mm, g\u00f3c nghi\u00eang c\u1ee7a m\u1eb7t \u0111\u00e8n c\u00f3 th\u1ec3 \u0111i\u1ec1u ch\u1ec9nh \u0111\u01b0\u1ee3c th\u00f4ng qua n\u00fat c\u01a1 kh\u00ed b\u00ean ngo\u00e0i m\u00e0 kh\u00f4ng can thi\u1ec7p v\u00e0o b\u00ean trong b\u1ed9 \u0111\u00e8n.","og_url":"https:\/\/vilight.vn\/website\/san-pham\/den-chieu-sang-facade\/am-dat-cao-cap\/den-am-dat-vi29-15-6w\/","og_site_name":"Vilight Co.ltd","article_publisher":"http:\/\/facebook.com\/vilight.vn","article_modified_time":"2024-10-04T01:21:02+00:00","og_image":[{"width":429,"height":359,"url":"https:\/\/vilight.vn\/website\/wp-content\/uploads\/2024\/05\/Den_am_dat_linear_12x1.3W_dai_565mm.jpg","type":"image\/jpeg"}],"twitter_card":"summary_large_image","twitter_misc":{"Gi\u00e1":"6.100.000&#8363;","Kh\u1ea3 d\u1ee5ng":"Trong kho"},"schema":{"@context":"https:\/\/schema.org","@graph":[{"@type":"WebPage","@id":"https:\/\/vilight.vn\/website\/san-pham\/den-chieu-sang-facade\/am-dat-cao-cap\/den-am-dat-vi29-15-6w\/","url":"https:\/\/vilight.vn\/website\/san-pham\/den-chieu-sang-facade\/am-dat-cao-cap\/den-am-dat-vi29-15-6w\/","name":"\u0110\u00e8n \u00e2m \u0111\u1ea5t m\u00e1ng d\u00e0i 15.6W, \u0111\u00e8n \u00e2m \u0111\u1ea5t linear 12x1.3W 565mm - Vilight Co.ltd","isPartOf":{"@id":"https:\/\/vilight.vn\/website\/#website"},"primaryImageOfPage":{"@id":"https:\/\/vilight.vn\/website\/san-pham\/den-chieu-sang-facade\/am-dat-cao-cap\/den-am-dat-vi29-15-6w\/#primaryimage"},"image":{"@id":"https:\/\/vilight.vn\/website\/san-pham\/den-chieu-sang-facade\/am-dat-cao-cap\/den-am-dat-vi29-15-6w\/#primaryimage"},"thumbnailUrl":"https:\/\/vilight.vn\/website\/wp-content\/uploads\/2024\/05\/Den_am_dat_linear_12x1.3W_dai_565mm.jpg","datePublished":"2024-05-03T08:20:15+00:00","dateModified":"2024-10-04T01:21:02+00:00","description":"\u0110\u00e8n \u00e2m \u0111\u1ea5t m\u00e1ng d\u00e0i 15.6W, \u0111\u00e8n \u00e2m linear 12x1.3W, \u0111\u00e8n \u00e2m \u0111\u1ea5t linear 15.6W ph\u00f9 h\u1ee3p \u0111\u1ec3 chi\u1ebfu s\u00e1ng m\u1ea3ng t\u01b0\u1eddng, v\u1eadt th\u1ec3 ki\u1ebfn tr\u00fac, c\u00e1c c\u1ed9t vu\u00f4ng.","breadcrumb":{"@id":"https:\/\/vilight.vn\/website\/san-pham\/den-chieu-sang-facade\/am-dat-cao-cap\/den-am-dat-vi29-15-6w\/#breadcrumb"},"inLanguage":"vi","potentialAction":[{"@type":"ReadAction","target":["https:\/\/vilight.vn\/website\/san-pham\/den-chieu-sang-facade\/am-dat-cao-cap\/den-am-dat-vi29-15-6w\/"]}]},{"@type":"ImageObject","inLanguage":"vi","@id":"https:\/\/vilight.vn\/website\/san-pham\/den-chieu-sang-facade\/am-dat-cao-cap\/den-am-dat-vi29-15-6w\/#primaryimage","url":"https:\/\/vilight.vn\/website\/wp-content\/uploads\/2024\/05\/Den_am_dat_linear_12x1.3W_dai_565mm.jpg","contentUrl":"https:\/\/vilight.vn\/website\/wp-content\/uploads\/2024\/05\/Den_am_dat_linear_12x1.3W_dai_565mm.jpg","width":429,"height":359,"caption":"\u0111\u00e8n m\u00e1ng d\u00e0i 16W \u0111i\u1ec1u ch\u1ec9nh \u0111\u01b0\u1ee3c g\u00f3c nghi\u00eang m\u1eb7t \u0111\u00e8n"},{"@type":"BreadcrumbList","@id":"https:\/\/vilight.vn\/website\/san-pham\/den-chieu-sang-facade\/am-dat-cao-cap\/den-am-dat-vi29-15-6w\/#breadcrumb","itemListElement":[{"@type":"ListItem","position":1,"name":"Home","item":"https:\/\/vilight.vn\/website\/"},{"@type":"ListItem","position":2,"name":"store","item":"https:\/\/vilight.vn\/website\/store\/"},{"@type":"ListItem","position":3,"name":"\u0110\u00e8n \u00e2m \u0111\u1ea5t Vi29 15.6W"}]},{"@type":"WebSite","@id":"https:\/\/vilight.vn\/website\/#website","url":"https:\/\/vilight.vn\/website\/","name":"Vilight Co.ltd","description":"Chi\u1ebfu s\u00e1ng m\u1ef9 thu\u1eadt, chi\u1ebfu s\u00e1ng th\u00f4ng minh, LED Pixel 3D, chi\u1ebfu s\u00e1ng trang tr\u00ed \u0111\u00f4 th\u1ecb, chi\u1ebfu s\u00e1ng v\u00f2ng xoay, chi\u1ebfu s\u00e1ng \u0111\u1ea3o giao th\u00f4ng, c\u1ed5ng ch\u00e0o \u0111\u00f4 th\u1ecb","publisher":{"@id":"https:\/\/vilight.vn\/website\/#organization"},"potentialAction":[{"@type":"SearchAction","target":{"@type":"EntryPoint","urlTemplate":"https:\/\/vilight.vn\/website\/?s={search_term_string}"},"query-input":{"@type":"PropertyValueSpecification","valueRequired":true,"valueName":"search_term_string"}}],"inLanguage":"vi"},{"@type":"Organization","@id":"https:\/\/vilight.vn\/website\/#organization","name":"Vilight","url":"https:\/\/vilight.vn\/website\/","logo":{"@type":"ImageObject","inLanguage":"vi","@id":"https:\/\/vilight.vn\/website\/#\/schema\/logo\/image\/","url":"https:\/\/vilight.vn\/website\/wp-content\/uploads\/2022\/05\/chieu_sang_trang_tri_do_thi_bang_den_led_pixel.png","contentUrl":"https:\/\/vilight.vn\/website\/wp-content\/uploads\/2022\/05\/chieu_sang_trang_tri_do_thi_bang_den_led_pixel.png","width":800,"height":427,"caption":"Vilight"},"image":{"@id":"https:\/\/vilight.vn\/website\/#\/schema\/logo\/image\/"},"sameAs":["http:\/\/facebook.com\/vilight.vn","https:\/\/www.linkedin.com\/company\/vilight-vn","https:\/\/www.youtube.com\/channel\/UCEwR2naeDcuarMX1kSv_rLQ\/videos"]}]},"product_brand":"\u0110\u00e8n \u00c2m \u0110\u1ea5t","product_price_amount":"6100000","product_price_currency":"VND","og_availability":"instock","product_availability":"instock","product_condition":"new"},"_links":{"self":[{"href":"https:\/\/vilight.vn\/website\/wp-json\/wp\/v2\/product\/4672","targetHints":{"allow":["GET"]}}],"collection":[{"href":"https:\/\/vilight.vn\/website\/wp-json\/wp\/v2\/product"}],"about":[{"href":"https:\/\/vilight.vn\/website\/wp-json\/wp\/v2\/types\/product"}],"wp:featuredmedia":[{"embeddable":true,"href":"https:\/\/vilight.vn\/website\/wp-json\/wp\/v2\/media\/4675"}],"wp:attachment":[{"href":"https:\/\/vilight.vn\/website\/wp-json\/wp\/v2\/media?parent=4672"}],"wp:term":[{"taxonomy":"product_brand","embeddable":true,"href":"https:\/\/vilight.vn\/website\/wp-json\/wp\/v2\/product_brand?post=4672"},{"taxonomy":"product_cat","embeddable":true,"href":"https:\/\/vilight.vn\/website\/wp-json\/wp\/v2\/product_cat?post=4672"},{"taxonomy":"product_tag","embeddable":true,"href":"https:\/\/vilight.vn\/website\/wp-json\/wp\/v2\/product_tag?post=4672"}],"curies":[{"name":"wp","href":"https:\/\/api.w.org\/{rel}","templated":true}]}}