{"id":4697,"date":"2024-05-04T16:20:16","date_gmt":"2024-05-04T09:20:16","guid":{"rendered":"https:\/\/vilight.vn\/website\/?post_type=product&#038;p=4697"},"modified":"2024-10-04T08:54:58","modified_gmt":"2024-10-04T01:54:58","slug":"den-am-dat-vi16-6w","status":"publish","type":"product","link":"https:\/\/vilight.vn\/website\/san-pham\/den-chieu-sang-facade\/am-dat-cao-cap\/den-am-dat-vi16-6w\/","title":{"rendered":"\u0110\u00e8n \u00e2m \u0111\u1ea5t Vi16 &#8211; 6W"},"content":{"rendered":"<h2>\u0110\u00e8n \u00e2m \u0111\u1ea5t ch\u00f3a vu\u00f4ng 7W :<\/h2>\n<ul>\n<li>\u0110\u00e8n \u00c2m \u0111\u1ea5t Vi14.<\/li>\n<li>\u0111\u00e8n \u00e2m \u0111\u1ea5t h\u00ecnh vu\u00f4ng 7W.<\/li>\n<li>\u0111\u00e8n \u00e2m \u0111\u1ea5t COB 7W) l\u00e0 lo\u1ea1i \u0111\u00e8n \u00e2m \u0111\u1ea5t n\u1eb1m \u1edf ph\u00e2n kh\u00fac s\u1ea3n ph\u1ea9m cao c\u1ea5p.<\/li>\n<li>v\u1ecf b\u1eb1ng nh\u00f4m \u0111\u00fac \u00e1p su\u1ea5t cao s\u01a1n t\u0129nh \u0111i\u1ec7n.<\/li>\n<li>m\u1eb7t \u0111\u00e8n b\u1eb1ng th\u00e9p kh\u00f4ng g\u1ec9 SUS316L v\u00e0 k\u00ednh c\u01b0\u1eddng l\u1ef1c d\u00e0y 5mm.<\/li>\n<li>S\u1eed d\u1ee5ng ch\u1ee7 y\u1ebfu trong chi\u1ebfu s\u00e1ng c\u1ea3nh quan (\u0111\u00e8n \u00e2m \u0111\u1ea5t chi\u1ebfu c\u00e2y xanh).<\/li>\n<li>\u0110\u00e8n \u0111\u01b0\u1ee3c thi\u1ebft k\u1ebf ch\u1eafc ch\u1eafn, ch\u1ecbu \u0111\u01b0\u1ee3c t\u1ea3i tr\u1ecdng \u0111\u00e8 l\u00ean m\u1eb7t \u0111\u00e8n, kh\u1ed1i l\u01b0\u1ee3ng t\u1ea3i tr\u1ecdng l\u00ean t\u1edbi 2.500kg.<\/li>\n<li>Chip LED COB Nichia (Nh\u1eadt B\u1ea3n) t\u1ea1o ra hi\u1ec7u qu\u1ea3 \u00e1nh s\u00e1ng cao c\u1ea5p, b\u1ec1n \u0111\u1eb9p.<br \/>\nhide<img decoding=\"async\" data-src=\"https:\/\/vilight.vn\/website\/wp-content\/uploads\/2023\/07\/den-am-dat-vuong-7W.jpg#4615\" alt=\"den am dat vuong 7W\" src=\"data:image\/svg+xml;base64,PHN2ZyB3aWR0aD0iMSIgaGVpZ2h0PSIxIiB4bWxucz0iaHR0cDovL3d3dy53My5vcmcvMjAwMC9zdmciPjwvc3ZnPg==\" class=\"lazyload\" style=\"--smush-placeholder-width: 1150px; --smush-placeholder-aspect-ratio: 1150\/360;\" \/><br \/>\nfull<br \/>\n\u0111\u00e8n \u00e2m \u0111\u1ea5t ch\u00f3a vu\u00f4ng, \u0111\u00e8n \u00e2m \u0111\u1ea5t h\u00ecnh vu\u00f4ng<br \/>\n\u0110\u00e8n \u00e2m \u0111\u1ea5t ch\u00f3a vu\u00f4ng 7W COB<br \/>\ncontain<br \/>\ncenter center<br \/>\nhide<\/li>\n<\/ul>\n<h2>Th\u00f4ng s\u1ed1 k\u1ef9 thu\u1eadt \u0111\u00e8n \u00e2m \u0111\u1ea5t h\u00ecnh vu\u00f4ng 7W\u00a0 :<\/h2>\n<p>Th\u00f4ng tinTh\u00f4ng s\u1ed1 k\u1ef9 thu\u1eadtNgu\u1ed3n s\u00e1ng1 x 7W, chip COB NichiaG\u00f3c chi\u1ebfu18\u00b0 25\u00b0 40\u00b0\u0110i\u1ec7n \u00e1p ho\u1ea1t \u0111\u1ed9ngC\u00f3 c\u00e1c phi\u00ean b\u1ea3n ho\u1ea1t \u0111\u1ed9ng v\u1edbi \u0111i\u1ec7n \u00e1p DC24V ho\u1eb7c AC220VC\u00f4ng su\u1ea5t ti\u00eau hao7.8W (\u0111\u1ed1i v\u1edbi \u0111\u00e8n DC24V), 9.1W (\u0111o \u1edf \u0111i\u1ec7n \u00e1p AC240V)Quang th\u00f4ng800 lumens \u0111\u1ed1i v\u1edbi \u0111\u00e8n 4.000K, 750lumens \u0111\u1ed1i v\u1edbi \u0111\u00e8n 3.000KNhi\u1ec7t \u0111\u1ed9 ho\u1ea1t \u0111\u1ed9ng\u00a0&#8211; 20\u00baC ~ 40\u00baCD\u00e2y c\u00e1p theo \u0111\u00e8n3\u00d71.0mm\u00b2, L=0.5m\u0110\u1ed9 k\u00ednIP67\u0110\u1ed9 c\u1ee9ngIK06\u0110\u1ed9 d\u00e0y m\u1eb7t k\u00ednh\u00a05 mmT\u1ea3i tr\u1ecdng ch\u1ecbu l\u1ef1c1.500kg<br \/>\nhide<\/p>\n","protected":false},"excerpt":{"rendered":"<p style=\"text-align: justify;\"><span style=\"font-size: 12pt;\">\u0110\u00e8n c\u00f3 h\u00ecnh vu\u00f4ng v\u1ee9c, tinh t\u1ebf, ph\u00f9 h\u1ee3p v\u1edbi nhu c\u1ea7u b\u1ed1 tr\u00ed c\u00e1c lo\u1ea1i \u0111\u00e8n c\u00f3 d\u1ea1ng h\u00ecnh vu\u00f4ng trong kh\u00f4ng gian ki\u1ebfn tr\u00fac, kh\u00f4ng gian chi\u1ebfu s\u00e1ng c\u1ea3nh quan.<\/span><\/p>\n","protected":false},"featured_media":4079,"template":"","meta":[],"product_brand":[],"product_cat":[514],"product_tag":[525],"class_list":{"0":"post-4697","1":"product","2":"type-product","3":"status-publish","4":"has-post-thumbnail","6":"product_cat-am-dat-cao-cap","7":"product_tag-den-am-dat-vi17","8":"pa_chuan-dieu-khien-on-off","9":"pa_cong-suat-7w","10":"pa_dien-ap-hoat-dong-24vdc","11":"pa_dien-ap-hoat-dong-ac-120-240v","12":"pa_do-kin-ip67","13":"pa_goc-chieu-645","14":"pa_goc-chieu-232","15":"pa_goc-chieu-646","16":"pa_nhiet-do-mau-2000k","17":"pa_nhiet-do-mau-3000k","18":"pa_nhiet-do-mau-6000k","20":"first","21":"instock","22":"taxable","23":"shipping-taxable","24":"purchasable","25":"product-type-simple"},"yoast_head":"<!-- This site is optimized with the Yoast SEO Premium plugin v27.4 (Yoast SEO v27.4) - https:\/\/yoast.com\/product\/yoast-seo-premium-wordpress\/ -->\n<title>\u0110\u00e8n \u00e2m \u0111\u1ea5t ch\u00f3a vu\u00f4ng 6W, chip LED Osram \u0111\u1ed9 b\u1ec1n cao - Vilight Co.ltd<\/title>\n<meta name=\"description\" content=\"\u0110\u00e8n \u00e2m \u0111\u1ea5t ch\u00f3a vu\u00f4ng 6W (\u0111\u00e8n \u00e2m \u0111\u1ea5t b\u1ea5t \u0111\u1ed1i x\u1ee9ng 6W), s\u1eed d\u1ee5ng LED cao c\u1ea5p 6W Osram mang l\u1ea1i hi\u1ec7u qu\u1ea3 m\u1ef9 thu\u1eadt cao c\u1ea5p, tu\u1ed5i th\u1ecd l\u00e2u d\u00e0i.\" \/>\n<meta name=\"robots\" content=\"index, follow, max-snippet:-1, max-image-preview:large, max-video-preview:-1\" \/>\n<link rel=\"canonical\" href=\"https:\/\/vilight.vn\/website\/san-pham\/den-chieu-sang-facade\/am-dat-cao-cap\/den-am-dat-vi16-6w\/\" \/>\n<meta property=\"og:locale\" content=\"vi_VN\" \/>\n<meta property=\"og:type\" content=\"article\" \/>\n<meta property=\"og:title\" content=\"\u0110\u00e8n \u00e2m \u0111\u1ea5t Vi16 - 6W\" \/>\n<meta property=\"og:description\" content=\"\u0110\u00e8n c\u00f3 h\u00ecnh vu\u00f4ng v\u1ee9c, tinh t\u1ebf, ph\u00f9 h\u1ee3p v\u1edbi nhu c\u1ea7u b\u1ed1 tr\u00ed c\u00e1c lo\u1ea1i \u0111\u00e8n c\u00f3 d\u1ea1ng h\u00ecnh vu\u00f4ng trong kh\u00f4ng gian ki\u1ebfn tr\u00fac, kh\u00f4ng gian chi\u1ebfu s\u00e1ng c\u1ea3nh quan.\" \/>\n<meta property=\"og:url\" content=\"https:\/\/vilight.vn\/website\/san-pham\/den-chieu-sang-facade\/am-dat-cao-cap\/den-am-dat-vi16-6w\/\" \/>\n<meta property=\"og:site_name\" content=\"Vilight Co.ltd\" \/>\n<meta property=\"article:publisher\" content=\"http:\/\/facebook.com\/vilight.vn\" \/>\n<meta property=\"article:modified_time\" content=\"2024-10-04T01:54:58+00:00\" \/>\n<meta property=\"og:image\" content=\"https:\/\/vilight.vn\/website\/wp-content\/uploads\/2023\/07\/Logo-Vi17-den-am-dat.jpg\" \/>\n\t<meta property=\"og:image:width\" content=\"501\" \/>\n\t<meta property=\"og:image:height\" content=\"500\" \/>\n\t<meta property=\"og:image:type\" content=\"image\/jpeg\" \/>\n<meta name=\"twitter:card\" content=\"summary_large_image\" \/>\n<meta name=\"twitter:label1\" content=\"Gi\u00e1\" \/>\n\t<meta name=\"twitter:data1\" content=\"2.900.000&#8363;\" \/>\n\t<meta name=\"twitter:label2\" content=\"Kh\u1ea3 d\u1ee5ng\" \/>\n\t<meta name=\"twitter:data2\" content=\"Trong kho\" \/>\n<script type=\"application\/ld+json\" class=\"yoast-schema-graph\">{\"@context\":\"https:\\\/\\\/schema.org\",\"@graph\":[{\"@type\":\"WebPage\",\"@id\":\"https:\\\/\\\/vilight.vn\\\/website\\\/san-pham\\\/den-chieu-sang-facade\\\/am-dat-cao-cap\\\/den-am-dat-vi16-6w\\\/\",\"url\":\"https:\\\/\\\/vilight.vn\\\/website\\\/san-pham\\\/den-chieu-sang-facade\\\/am-dat-cao-cap\\\/den-am-dat-vi16-6w\\\/\",\"name\":\"\u0110\u00e8n \u00e2m \u0111\u1ea5t ch\u00f3a vu\u00f4ng 6W, chip LED Osram \u0111\u1ed9 b\u1ec1n cao - Vilight Co.ltd\",\"isPartOf\":{\"@id\":\"https:\\\/\\\/vilight.vn\\\/website\\\/#website\"},\"primaryImageOfPage\":{\"@id\":\"https:\\\/\\\/vilight.vn\\\/website\\\/san-pham\\\/den-chieu-sang-facade\\\/am-dat-cao-cap\\\/den-am-dat-vi16-6w\\\/#primaryimage\"},\"image\":{\"@id\":\"https:\\\/\\\/vilight.vn\\\/website\\\/san-pham\\\/den-chieu-sang-facade\\\/am-dat-cao-cap\\\/den-am-dat-vi16-6w\\\/#primaryimage\"},\"thumbnailUrl\":\"https:\\\/\\\/vilight.vn\\\/website\\\/wp-content\\\/uploads\\\/2023\\\/07\\\/Logo-Vi17-den-am-dat.jpg\",\"datePublished\":\"2024-05-04T09:20:16+00:00\",\"dateModified\":\"2024-10-04T01:54:58+00:00\",\"description\":\"\u0110\u00e8n \u00e2m \u0111\u1ea5t ch\u00f3a vu\u00f4ng 6W (\u0111\u00e8n \u00e2m \u0111\u1ea5t b\u1ea5t \u0111\u1ed1i x\u1ee9ng 6W), s\u1eed d\u1ee5ng LED cao c\u1ea5p 6W Osram mang l\u1ea1i hi\u1ec7u qu\u1ea3 m\u1ef9 thu\u1eadt cao c\u1ea5p, tu\u1ed5i th\u1ecd l\u00e2u d\u00e0i.\",\"breadcrumb\":{\"@id\":\"https:\\\/\\\/vilight.vn\\\/website\\\/san-pham\\\/den-chieu-sang-facade\\\/am-dat-cao-cap\\\/den-am-dat-vi16-6w\\\/#breadcrumb\"},\"inLanguage\":\"vi\",\"potentialAction\":[{\"@type\":\"ReadAction\",\"target\":[\"https:\\\/\\\/vilight.vn\\\/website\\\/san-pham\\\/den-chieu-sang-facade\\\/am-dat-cao-cap\\\/den-am-dat-vi16-6w\\\/\"]}]},{\"@type\":\"ImageObject\",\"inLanguage\":\"vi\",\"@id\":\"https:\\\/\\\/vilight.vn\\\/website\\\/san-pham\\\/den-chieu-sang-facade\\\/am-dat-cao-cap\\\/den-am-dat-vi16-6w\\\/#primaryimage\",\"url\":\"https:\\\/\\\/vilight.vn\\\/website\\\/wp-content\\\/uploads\\\/2023\\\/07\\\/Logo-Vi17-den-am-dat.jpg\",\"contentUrl\":\"https:\\\/\\\/vilight.vn\\\/website\\\/wp-content\\\/uploads\\\/2023\\\/07\\\/Logo-Vi17-den-am-dat.jpg\",\"width\":501,\"height\":500,\"caption\":\"\u0110\u00e8n \u00e2m \u0111\u1ea5t Vi17\"},{\"@type\":\"BreadcrumbList\",\"@id\":\"https:\\\/\\\/vilight.vn\\\/website\\\/san-pham\\\/den-chieu-sang-facade\\\/am-dat-cao-cap\\\/den-am-dat-vi16-6w\\\/#breadcrumb\",\"itemListElement\":[{\"@type\":\"ListItem\",\"position\":1,\"name\":\"Home\",\"item\":\"https:\\\/\\\/vilight.vn\\\/website\\\/\"},{\"@type\":\"ListItem\",\"position\":2,\"name\":\"store\",\"item\":\"https:\\\/\\\/vilight.vn\\\/website\\\/store\\\/\"},{\"@type\":\"ListItem\",\"position\":3,\"name\":\"\u0110\u00e8n \u00e2m \u0111\u1ea5t Vi16 &#8211; 6W\"}]},{\"@type\":\"WebSite\",\"@id\":\"https:\\\/\\\/vilight.vn\\\/website\\\/#website\",\"url\":\"https:\\\/\\\/vilight.vn\\\/website\\\/\",\"name\":\"Vilight Co.ltd\",\"description\":\"Chi\u1ebfu s\u00e1ng m\u1ef9 thu\u1eadt, chi\u1ebfu s\u00e1ng th\u00f4ng minh, LED Pixel 3D, chi\u1ebfu s\u00e1ng trang tr\u00ed \u0111\u00f4 th\u1ecb, chi\u1ebfu s\u00e1ng v\u00f2ng xoay, chi\u1ebfu s\u00e1ng \u0111\u1ea3o giao th\u00f4ng, c\u1ed5ng ch\u00e0o \u0111\u00f4 th\u1ecb\",\"publisher\":{\"@id\":\"https:\\\/\\\/vilight.vn\\\/website\\\/#organization\"},\"potentialAction\":[{\"@type\":\"SearchAction\",\"target\":{\"@type\":\"EntryPoint\",\"urlTemplate\":\"https:\\\/\\\/vilight.vn\\\/website\\\/?s={search_term_string}\"},\"query-input\":{\"@type\":\"PropertyValueSpecification\",\"valueRequired\":true,\"valueName\":\"search_term_string\"}}],\"inLanguage\":\"vi\"},{\"@type\":\"Organization\",\"@id\":\"https:\\\/\\\/vilight.vn\\\/website\\\/#organization\",\"name\":\"Vilight\",\"url\":\"https:\\\/\\\/vilight.vn\\\/website\\\/\",\"logo\":{\"@type\":\"ImageObject\",\"inLanguage\":\"vi\",\"@id\":\"https:\\\/\\\/vilight.vn\\\/website\\\/#\\\/schema\\\/logo\\\/image\\\/\",\"url\":\"https:\\\/\\\/vilight.vn\\\/website\\\/wp-content\\\/uploads\\\/2022\\\/05\\\/chieu_sang_trang_tri_do_thi_bang_den_led_pixel.png\",\"contentUrl\":\"https:\\\/\\\/vilight.vn\\\/website\\\/wp-content\\\/uploads\\\/2022\\\/05\\\/chieu_sang_trang_tri_do_thi_bang_den_led_pixel.png\",\"width\":800,\"height\":427,\"caption\":\"Vilight\"},\"image\":{\"@id\":\"https:\\\/\\\/vilight.vn\\\/website\\\/#\\\/schema\\\/logo\\\/image\\\/\"},\"sameAs\":[\"http:\\\/\\\/facebook.com\\\/vilight.vn\",\"https:\\\/\\\/www.linkedin.com\\\/company\\\/vilight-vn\",\"https:\\\/\\\/www.youtube.com\\\/channel\\\/UCEwR2naeDcuarMX1kSv_rLQ\\\/videos\"]}]}<\/script>\n<meta property=\"product:brand\" content=\"\u0110\u00e8n \u00c2m \u0110\u1ea5t\" \/>\n<meta property=\"product:price:amount\" content=\"2900000\" \/>\n<meta property=\"product:price:currency\" content=\"VND\" \/>\n<meta property=\"og:availability\" content=\"instock\" \/>\n<meta property=\"product:availability\" content=\"instock\" \/>\n<meta property=\"product:condition\" content=\"new\" \/>\n<!-- \/ Yoast SEO Premium plugin. -->","yoast_head_json":{"title":"\u0110\u00e8n \u00e2m \u0111\u1ea5t ch\u00f3a vu\u00f4ng 6W, chip LED Osram \u0111\u1ed9 b\u1ec1n cao - Vilight Co.ltd","description":"\u0110\u00e8n \u00e2m \u0111\u1ea5t ch\u00f3a vu\u00f4ng 6W (\u0111\u00e8n \u00e2m \u0111\u1ea5t b\u1ea5t \u0111\u1ed1i x\u1ee9ng 6W), s\u1eed d\u1ee5ng LED cao c\u1ea5p 6W Osram mang l\u1ea1i hi\u1ec7u qu\u1ea3 m\u1ef9 thu\u1eadt cao c\u1ea5p, tu\u1ed5i th\u1ecd l\u00e2u d\u00e0i.","robots":{"index":"index","follow":"follow","max-snippet":"max-snippet:-1","max-image-preview":"max-image-preview:large","max-video-preview":"max-video-preview:-1"},"canonical":"https:\/\/vilight.vn\/website\/san-pham\/den-chieu-sang-facade\/am-dat-cao-cap\/den-am-dat-vi16-6w\/","og_locale":"vi_VN","og_type":"article","og_title":"\u0110\u00e8n \u00e2m \u0111\u1ea5t Vi16 - 6W","og_description":"\u0110\u00e8n c\u00f3 h\u00ecnh vu\u00f4ng v\u1ee9c, tinh t\u1ebf, ph\u00f9 h\u1ee3p v\u1edbi nhu c\u1ea7u b\u1ed1 tr\u00ed c\u00e1c lo\u1ea1i \u0111\u00e8n c\u00f3 d\u1ea1ng h\u00ecnh vu\u00f4ng trong kh\u00f4ng gian ki\u1ebfn tr\u00fac, kh\u00f4ng gian chi\u1ebfu s\u00e1ng c\u1ea3nh quan.","og_url":"https:\/\/vilight.vn\/website\/san-pham\/den-chieu-sang-facade\/am-dat-cao-cap\/den-am-dat-vi16-6w\/","og_site_name":"Vilight Co.ltd","article_publisher":"http:\/\/facebook.com\/vilight.vn","article_modified_time":"2024-10-04T01:54:58+00:00","og_image":[{"width":501,"height":500,"url":"https:\/\/vilight.vn\/website\/wp-content\/uploads\/2023\/07\/Logo-Vi17-den-am-dat.jpg","type":"image\/jpeg"}],"twitter_card":"summary_large_image","twitter_misc":{"Gi\u00e1":"2.900.000&#8363;","Kh\u1ea3 d\u1ee5ng":"Trong kho"},"schema":{"@context":"https:\/\/schema.org","@graph":[{"@type":"WebPage","@id":"https:\/\/vilight.vn\/website\/san-pham\/den-chieu-sang-facade\/am-dat-cao-cap\/den-am-dat-vi16-6w\/","url":"https:\/\/vilight.vn\/website\/san-pham\/den-chieu-sang-facade\/am-dat-cao-cap\/den-am-dat-vi16-6w\/","name":"\u0110\u00e8n \u00e2m \u0111\u1ea5t ch\u00f3a vu\u00f4ng 6W, chip LED Osram \u0111\u1ed9 b\u1ec1n cao - Vilight Co.ltd","isPartOf":{"@id":"https:\/\/vilight.vn\/website\/#website"},"primaryImageOfPage":{"@id":"https:\/\/vilight.vn\/website\/san-pham\/den-chieu-sang-facade\/am-dat-cao-cap\/den-am-dat-vi16-6w\/#primaryimage"},"image":{"@id":"https:\/\/vilight.vn\/website\/san-pham\/den-chieu-sang-facade\/am-dat-cao-cap\/den-am-dat-vi16-6w\/#primaryimage"},"thumbnailUrl":"https:\/\/vilight.vn\/website\/wp-content\/uploads\/2023\/07\/Logo-Vi17-den-am-dat.jpg","datePublished":"2024-05-04T09:20:16+00:00","dateModified":"2024-10-04T01:54:58+00:00","description":"\u0110\u00e8n \u00e2m \u0111\u1ea5t ch\u00f3a vu\u00f4ng 6W (\u0111\u00e8n \u00e2m \u0111\u1ea5t b\u1ea5t \u0111\u1ed1i x\u1ee9ng 6W), s\u1eed d\u1ee5ng LED cao c\u1ea5p 6W Osram mang l\u1ea1i hi\u1ec7u qu\u1ea3 m\u1ef9 thu\u1eadt cao c\u1ea5p, tu\u1ed5i th\u1ecd l\u00e2u d\u00e0i.","breadcrumb":{"@id":"https:\/\/vilight.vn\/website\/san-pham\/den-chieu-sang-facade\/am-dat-cao-cap\/den-am-dat-vi16-6w\/#breadcrumb"},"inLanguage":"vi","potentialAction":[{"@type":"ReadAction","target":["https:\/\/vilight.vn\/website\/san-pham\/den-chieu-sang-facade\/am-dat-cao-cap\/den-am-dat-vi16-6w\/"]}]},{"@type":"ImageObject","inLanguage":"vi","@id":"https:\/\/vilight.vn\/website\/san-pham\/den-chieu-sang-facade\/am-dat-cao-cap\/den-am-dat-vi16-6w\/#primaryimage","url":"https:\/\/vilight.vn\/website\/wp-content\/uploads\/2023\/07\/Logo-Vi17-den-am-dat.jpg","contentUrl":"https:\/\/vilight.vn\/website\/wp-content\/uploads\/2023\/07\/Logo-Vi17-den-am-dat.jpg","width":501,"height":500,"caption":"\u0110\u00e8n \u00e2m \u0111\u1ea5t Vi17"},{"@type":"BreadcrumbList","@id":"https:\/\/vilight.vn\/website\/san-pham\/den-chieu-sang-facade\/am-dat-cao-cap\/den-am-dat-vi16-6w\/#breadcrumb","itemListElement":[{"@type":"ListItem","position":1,"name":"Home","item":"https:\/\/vilight.vn\/website\/"},{"@type":"ListItem","position":2,"name":"store","item":"https:\/\/vilight.vn\/website\/store\/"},{"@type":"ListItem","position":3,"name":"\u0110\u00e8n \u00e2m \u0111\u1ea5t Vi16 &#8211; 6W"}]},{"@type":"WebSite","@id":"https:\/\/vilight.vn\/website\/#website","url":"https:\/\/vilight.vn\/website\/","name":"Vilight Co.ltd","description":"Chi\u1ebfu s\u00e1ng m\u1ef9 thu\u1eadt, chi\u1ebfu s\u00e1ng th\u00f4ng minh, LED Pixel 3D, chi\u1ebfu s\u00e1ng trang tr\u00ed \u0111\u00f4 th\u1ecb, chi\u1ebfu s\u00e1ng v\u00f2ng xoay, chi\u1ebfu s\u00e1ng \u0111\u1ea3o giao th\u00f4ng, c\u1ed5ng ch\u00e0o \u0111\u00f4 th\u1ecb","publisher":{"@id":"https:\/\/vilight.vn\/website\/#organization"},"potentialAction":[{"@type":"SearchAction","target":{"@type":"EntryPoint","urlTemplate":"https:\/\/vilight.vn\/website\/?s={search_term_string}"},"query-input":{"@type":"PropertyValueSpecification","valueRequired":true,"valueName":"search_term_string"}}],"inLanguage":"vi"},{"@type":"Organization","@id":"https:\/\/vilight.vn\/website\/#organization","name":"Vilight","url":"https:\/\/vilight.vn\/website\/","logo":{"@type":"ImageObject","inLanguage":"vi","@id":"https:\/\/vilight.vn\/website\/#\/schema\/logo\/image\/","url":"https:\/\/vilight.vn\/website\/wp-content\/uploads\/2022\/05\/chieu_sang_trang_tri_do_thi_bang_den_led_pixel.png","contentUrl":"https:\/\/vilight.vn\/website\/wp-content\/uploads\/2022\/05\/chieu_sang_trang_tri_do_thi_bang_den_led_pixel.png","width":800,"height":427,"caption":"Vilight"},"image":{"@id":"https:\/\/vilight.vn\/website\/#\/schema\/logo\/image\/"},"sameAs":["http:\/\/facebook.com\/vilight.vn","https:\/\/www.linkedin.com\/company\/vilight-vn","https:\/\/www.youtube.com\/channel\/UCEwR2naeDcuarMX1kSv_rLQ\/videos"]}]},"product_brand":"\u0110\u00e8n \u00c2m \u0110\u1ea5t","product_price_amount":"2900000","product_price_currency":"VND","og_availability":"instock","product_availability":"instock","product_condition":"new"},"_links":{"self":[{"href":"https:\/\/vilight.vn\/website\/wp-json\/wp\/v2\/product\/4697","targetHints":{"allow":["GET"]}}],"collection":[{"href":"https:\/\/vilight.vn\/website\/wp-json\/wp\/v2\/product"}],"about":[{"href":"https:\/\/vilight.vn\/website\/wp-json\/wp\/v2\/types\/product"}],"wp:featuredmedia":[{"embeddable":true,"href":"https:\/\/vilight.vn\/website\/wp-json\/wp\/v2\/media\/4079"}],"wp:attachment":[{"href":"https:\/\/vilight.vn\/website\/wp-json\/wp\/v2\/media?parent=4697"}],"wp:term":[{"taxonomy":"product_brand","embeddable":true,"href":"https:\/\/vilight.vn\/website\/wp-json\/wp\/v2\/product_brand?post=4697"},{"taxonomy":"product_cat","embeddable":true,"href":"https:\/\/vilight.vn\/website\/wp-json\/wp\/v2\/product_cat?post=4697"},{"taxonomy":"product_tag","embeddable":true,"href":"https:\/\/vilight.vn\/website\/wp-json\/wp\/v2\/product_tag?post=4697"}],"curies":[{"name":"wp","href":"https:\/\/api.w.org\/{rel}","templated":true}]}}