{"id":4717,"date":"2024-05-14T11:34:35","date_gmt":"2024-05-14T04:34:35","guid":{"rendered":"https:\/\/vilight.vn\/website\/?post_type=product&#038;p=4717"},"modified":"2024-10-04T10:32:02","modified_gmt":"2024-10-04T03:32:02","slug":"den-am-nuoc-vw04-7w","status":"publish","type":"product","link":"https:\/\/vilight.vn\/website\/san-pham\/den-chieu-sang-facade\/den-am-nuoc\/den-am-nuoc-vw04-7w\/","title":{"rendered":"\u0110\u00e8n \u00e2m n\u01b0\u1edbc VW06"},"content":{"rendered":"<h2>\u0110\u00e8n \u00e2m n\u01b0\u1edbc 7W\u00a0 :<\/h2>\n<ul>\n<li>\u0110\u00e8n \u00e2m n\u01b0\u1edbc, lo\u1ea1i \u0111\u00e8n \u00e2m d\u01b0\u1edbi s\u00e0n h\u1ed3 n\u01b0\u1edbc, \u00e2m trong k\u1ebft c\u1ea5u b\u00ea t\u00f4ng.<\/li>\n<li>\u0110\u00e8n c\u00f3 k\u00edch th\u01b0\u1edbc nh\u1ecf g\u1ecdn.<\/li>\n<li>\u0110\u00e8n c\u00f3 k\u00e8m theo k\u1ebft c\u1ea5u l\u1eafp \u0111\u1eb7t chuy\u00ean d\u1ee5ng.<\/li>\n<li>S\u1eed d\u1ee5ng chip LED Osram ch\u1ea5t l\u01b0\u1ee3ng cao.<\/li>\n<li>C\u00f4ng su\u1ea5t \u0111\u00e8n 3&#215;2.2W Single Color.<\/li>\n<li>V\u1ecf \u0111\u00e8n b\u1eb1ng th\u00e9p kh\u00f4ng g\u1ec9 SUS316.<\/li>\n<li>K\u00ednh c\u01b0\u1eddng l\u1ef1c d\u00e0y 8mm.<\/li>\n<li>V\u1ecf \u0111\u1ec3 l\u00e0m m\u00f3ng \u0111\u00e8n l\u00e0m b\u1eb1ng nh\u1ef1a PC\/ABS ALLOYS<br \/>\nhide<img decoding=\"async\" data-src=\"https:\/\/vilight.vn\/website\/wp-content\/uploads\/2024\/05\/den_am_nuoc_7W_den_am_nuoc_3x2.2W.jpg#4718\" alt=\"den_am_nuoc_7W_den_am_nuoc_3x2.2W\" src=\"data:image\/svg+xml;base64,PHN2ZyB3aWR0aD0iMSIgaGVpZ2h0PSIxIiB4bWxucz0iaHR0cDovL3d3dy53My5vcmcvMjAwMC9zdmciPjwvc3ZnPg==\" class=\"lazyload\" style=\"--smush-placeholder-width: 1150px; --smush-placeholder-aspect-ratio: 1150\/360;\" \/><br \/>\nfull<br \/>\n\u0110\u00e8n \u00e2m n\u01b0\u1edbc 7W<br \/>\n\u0110\u00e8n \u00e2m n\u01b0\u1edbc 3&#215;2.2W<br \/>\ncontain<br \/>\ncenter center<br \/>\nhide<\/li>\n<\/ul>\n<h2>Th\u00f4ng s\u1ed1 k\u1ef9 thu\u1eadt \u0111\u00e8n \u00e2m n\u01b0\u1edbc 7W\u00a0 \u0111\u01a1n s\u1eafc :<\/h2>\n<ul>\n<li>Th\u00f4ng tinTh\u00f4ng s\u1ed1 k\u1ef9 thu\u1eadt<\/li>\n<li>Ngu\u1ed3n s\u00e1ng3 x 2.2W \u0111\u01a1n s\u1eafc.<\/li>\n<li>G\u00f3c chi\u1ebfu 15\u00b0 30\u00b0.<\/li>\n<li>\u0110i\u1ec7n \u00e1p ho\u1ea1t \u0111\u1ed9ng DC24V.<\/li>\n<li>\u0110i\u1ec1u khi\u1ec3nON\/OFF.<\/li>\n<li>Quang th\u00f4ng 250 lumens.<\/li>\n<li>Nhi\u1ec7t \u0111\u1ed9 ho\u1ea1t \u0111\u1ed9ng Nhi\u1ec7t \u0111\u1ed9 m\u00f4i tr\u01b0\u1eddng n\u01b0\u1edbc khi ho\u1ea1t \u0111\u1ed9ng : &#8211; 20\u00baC ~ 40\u00baC.<\/li>\n<li>D\u00e2y c\u00e1p theo \u0111\u00e8n2\u00d71.0mm\u00b2, L=1m.<\/li>\n<li>\u0110\u1ed9 k\u00ednIP68.<\/li>\n<li>\u0110\u1ed9 d\u00e0y m\u1eb7t k\u00ednh 8 mm<br \/>\nhide<img decoding=\"async\" data-src=\"https:\/\/vilight.vn\/website\/wp-content\/uploads\/2024\/05\/quang-pho-den-am-nuoc-7w.jpg#4719\" alt=\"quang pho den am nuoc 7w\" src=\"data:image\/svg+xml;base64,PHN2ZyB3aWR0aD0iMSIgaGVpZ2h0PSIxIiB4bWxucz0iaHR0cDovL3d3dy53My5vcmcvMjAwMC9zdmciPjwvc3ZnPg==\" class=\"lazyload\" style=\"--smush-placeholder-width: 1717px; --smush-placeholder-aspect-ratio: 1717\/398;\" \/><br \/>\nfull<br \/>\nQuang ph\u1ed5 \u0111\u00e8n \u00e2m n\u01b0\u1edbc 7W<br \/>\nQuang ph\u1ed5 \u0111\u00e8n \u1edf g\u00f3c chi\u1ebfu 20 \u0111\u1ed9.<br \/>\ncontain<br \/>\ncenter center<br \/>\nhide<img decoding=\"async\" data-src=\"https:\/\/vilight.vn\/website\/wp-content\/uploads\/2024\/05\/den-am-nuoc-7w-chieu-sang-ho-nuoc.jpg#4720\" alt=\"den am nuoc 7w chieu sang ho nuoc\" src=\"data:image\/svg+xml;base64,PHN2ZyB3aWR0aD0iMSIgaGVpZ2h0PSIxIiB4bWxucz0iaHR0cDovL3d3dy53My5vcmcvMjAwMC9zdmciPjwvc3ZnPg==\" class=\"lazyload\" style=\"--smush-placeholder-width: 1000px; --smush-placeholder-aspect-ratio: 1000\/666;\" \/><br \/>\nfull<br \/>\nHi\u1ec7u \u1ee9ng h\u1ed3 n\u01b0\u1edbc s\u1eed d\u1ee5ng \u0111\u00e8n \u00e2m th\u00e0nh h\u1ed3 n\u01b0\u1edbc<br \/>\nC\u00f4ng tr\u00ecnh minh h\u1ecda, chi\u1ebfu s\u00e1ng h\u1ed3 n\u01b0\u1edbc b\u1eb1ng \u0111\u00e8n \u00e2m \u0111\u00e1y h\u1ed3<br \/>\ncontain<br \/>\ncenter center<br \/>\nhide<\/li>\n<\/ul>\n<h2 class=\"h2 font-weight-semibold\">1000+ m\u1eabu \u0111\u00e8n LED \u00e2m th\u00e0nh h\u1ed3 n\u01b0\u1edbc xu\u1ea5t s\u1eafc gi\u00e1 r\u1ebb 2024 :<\/h2>\n<h2><b>1. \u0110\u00e8n LED \u00e2m n\u01b0\u1edbc h\u1ed3 b\u01a1i nh\u1ef1a\u00a0<\/b><\/h2>\n<h3><span id=\"11_thong_tin_ky_thuat\" class=\"ez-toc-section\"><\/span><b>1.1 Th\u00f4ng tin k\u1ef9 thu\u1eadt<\/b><b> \u0111\u00e8n \u00e2m n\u01b0\u1edbc 3&#215;2.2W :<\/b><\/h3>\n<table>\n<tbody>\n<tr>\n<td width=\"301\">C\u00f4ng su\u1ea5t<\/td>\n<td width=\"301\">9, 12, 18, 24 (W)<\/td>\n<\/tr>\n<tr>\n<td width=\"301\">H\u1ec7 s\u1ed1 c\u00f4ng su\u1ea5t<\/td>\n<td width=\"301\">0.98<\/td>\n<\/tr>\n<tr>\n<td width=\"301\">Chip LED<\/td>\n<td width=\"301\">Chip m\u1eaft<\/td>\n<\/tr>\n<tr>\n<td width=\"301\">Tu\u1ed5i th\u1ecd<\/td>\n<td width=\"301\">65000 (h)<\/td>\n<\/tr>\n<tr>\n<td width=\"301\">M\u00e0u \u00e1nh s\u00e1ng<\/td>\n<td width=\"301\">tr\u1eafng \u1ea5m (v\u00e0ng), tr\u1eafng, \u0111\u1ed5i m\u00e0u<\/td>\n<\/tr>\n<tr>\n<td width=\"301\">Nhi\u1ec7t \u0111\u1ed9 m\u00e0u<\/td>\n<td width=\"301\">2700-3500,5500-6700 (K)<\/td>\n<\/tr>\n<tr>\n<td width=\"301\">Ch\u1ea5t li\u1ec7u v\u1ecf<\/td>\n<td width=\"301\">Nh\u1ef1a<\/td>\n<\/tr>\n<tr>\n<td width=\"301\">Ch\u1ec9 s\u1ed1 ho\u00e0n m\u00e0u<\/td>\n<td width=\"301\">85 (Ra)<\/td>\n<\/tr>\n<tr>\n<td width=\"301\">Ti\u00eau chu\u1ea9n<\/td>\n<td width=\"301\">IP68<\/td>\n<\/tr>\n<tr>\n<td width=\"301\">Ch\u1ee9ng nh\u1eadn<\/td>\n<td width=\"301\">ISO, CE, RoHS<\/td>\n<\/tr>\n<tr>\n<td width=\"301\">G\u00f3c m\u1edf<\/td>\n<td width=\"301\">30\/45\/60\/120 (\u00b0)<\/td>\n<\/tr>\n<tr>\n<td width=\"301\">B\u1ea3o h\u00e0nh<\/td>\n<td width=\"301\">24 th\u00e1ng<\/td>\n<\/tr>\n<tr>\n<td width=\"301\">Giao h\u00e0ng<\/td>\n<td width=\"301\">To\u00e0n qu\u1ed1c<\/td>\n<\/tr>\n<\/tbody>\n<\/table>\n<h4><\/h4>\n<p>&nbsp;<\/p>\n","protected":false},"excerpt":{"rendered":"<p style=\"text-align: justify;\"><span style=\"font-size: 12pt;\">\u0110\u00e8n \u00e2m v\u00e0o th\u00e0nh h\u1ed3 n\u01b0\u1edbc chi\u1ebfu h\u1eaft s\u00e1ng h\u1ed3 n\u01b0\u1edbc. \u0110\u00e8n c\u00f3 k\u1ebft c\u1ea5u chuy\u00ean nghi\u1ec7p.<\/span><\/p>\n","protected":false},"featured_media":4305,"template":"","meta":[],"product_brand":[],"product_cat":[633,73],"product_tag":[],"class_list":{"0":"post-4717","1":"product","2":"type-product","3":"status-publish","4":"has-post-thumbnail","6":"product_cat-den-am-nuoc","7":"product_cat-den-chieu-sang-facade","8":"pa_chuan-dieu-khien-on-off","9":"pa_cong-suat-7w","10":"pa_dien-ap-hoat-dong-24vdc","11":"pa_do-chiu-luc-ik06","12":"pa_do-kin-ip68","13":"pa_goc-chieu-231","14":"pa_goc-chieu-233","15":"pa_nhiet-do-mau-3000k","16":"pa_nhiet-do-mau-4000k","17":"pa_nhiet-do-mau-6000k","19":"first","20":"instock","21":"taxable","22":"shipping-taxable","23":"purchasable","24":"product-type-simple"},"yoast_head":"<!-- This site is optimized with the Yoast SEO Premium plugin v27.4 (Yoast SEO v27.4) - https:\/\/yoast.com\/product\/yoast-seo-premium-wordpress\/ -->\n<title>\u0110\u00e8n \u00c2m N\u01b0\u1edbc 7W (\u0111\u00e8n \u00e2m n\u01b0\u1edbc 3x2,2W), \u0110\u00e8n \u00e2m n\u01b0\u1edbc cao c\u1ea5p.<\/title>\n<meta name=\"description\" content=\"\u0110\u00e8n \u00e2m n\u01b0\u1edbc 7W (\u0111\u00e8n \u00e2m n\u01b0\u1edbc 3x2.2W) \u0111\u01b0\u1ee3c thi\u1ebft k\u1ebf \u0111\u1ec3 l\u1eafp \u0111\u1eb7t \u00e2m v\u00e0o k\u1ebft c\u1ea5u b\u00ea t\u00f4ng c\u1ee7a h\u1ed3 n\u01b0\u1edbc nh\u01b0 th\u00e0nh h\u1ed3 n\u01b0\u1edbc hay \u0111\u00e1y h\u1ed3.\" \/>\n<meta name=\"robots\" content=\"index, follow, max-snippet:-1, max-image-preview:large, max-video-preview:-1\" \/>\n<link rel=\"canonical\" href=\"https:\/\/vilight.vn\/website\/san-pham\/den-chieu-sang-facade\/den-am-nuoc\/den-am-nuoc-vw04-7w\/\" \/>\n<meta property=\"og:locale\" content=\"vi_VN\" \/>\n<meta property=\"og:type\" content=\"article\" \/>\n<meta property=\"og:title\" content=\"\u0110\u00e8n \u00e2m n\u01b0\u1edbc VW06\" \/>\n<meta property=\"og:description\" content=\"\u0110\u00e8n \u00e2m v\u00e0o th\u00e0nh h\u1ed3 n\u01b0\u1edbc chi\u1ebfu h\u1eaft s\u00e1ng h\u1ed3 n\u01b0\u1edbc. \u0110\u00e8n c\u00f3 k\u1ebft c\u1ea5u chuy\u00ean nghi\u1ec7p.\" \/>\n<meta property=\"og:url\" content=\"https:\/\/vilight.vn\/website\/san-pham\/den-chieu-sang-facade\/den-am-nuoc\/den-am-nuoc-vw04-7w\/\" \/>\n<meta property=\"og:site_name\" content=\"Vilight Co.ltd\" \/>\n<meta property=\"article:publisher\" content=\"http:\/\/facebook.com\/vilight.vn\" \/>\n<meta property=\"article:modified_time\" content=\"2024-10-04T03:32:02+00:00\" \/>\n<meta property=\"og:image\" content=\"https:\/\/vilight.vn\/website\/wp-content\/uploads\/2023\/08\/am-nuoc-VL-PL02.jpg\" \/>\n\t<meta property=\"og:image:width\" content=\"600\" \/>\n\t<meta property=\"og:image:height\" content=\"600\" \/>\n\t<meta property=\"og:image:type\" content=\"image\/jpeg\" \/>\n<meta name=\"twitter:card\" content=\"summary_large_image\" \/>\n<meta name=\"twitter:label1\" content=\"Gi\u00e1\" \/>\n\t<meta name=\"twitter:data1\" content=\"3.300.000&#8363;\" \/>\n\t<meta name=\"twitter:label2\" content=\"Kh\u1ea3 d\u1ee5ng\" \/>\n\t<meta name=\"twitter:data2\" content=\"Trong kho\" \/>\n<script type=\"application\/ld+json\" class=\"yoast-schema-graph\">{\"@context\":\"https:\\\/\\\/schema.org\",\"@graph\":[{\"@type\":\"WebPage\",\"@id\":\"https:\\\/\\\/vilight.vn\\\/website\\\/san-pham\\\/den-chieu-sang-facade\\\/den-am-nuoc\\\/den-am-nuoc-vw04-7w\\\/\",\"url\":\"https:\\\/\\\/vilight.vn\\\/website\\\/san-pham\\\/den-chieu-sang-facade\\\/den-am-nuoc\\\/den-am-nuoc-vw04-7w\\\/\",\"name\":\"\u0110\u00e8n \u00c2m N\u01b0\u1edbc 7W (\u0111\u00e8n \u00e2m n\u01b0\u1edbc 3x2,2W), \u0110\u00e8n \u00e2m n\u01b0\u1edbc cao c\u1ea5p.\",\"isPartOf\":{\"@id\":\"https:\\\/\\\/vilight.vn\\\/website\\\/#website\"},\"primaryImageOfPage\":{\"@id\":\"https:\\\/\\\/vilight.vn\\\/website\\\/san-pham\\\/den-chieu-sang-facade\\\/den-am-nuoc\\\/den-am-nuoc-vw04-7w\\\/#primaryimage\"},\"image\":{\"@id\":\"https:\\\/\\\/vilight.vn\\\/website\\\/san-pham\\\/den-chieu-sang-facade\\\/den-am-nuoc\\\/den-am-nuoc-vw04-7w\\\/#primaryimage\"},\"thumbnailUrl\":\"https:\\\/\\\/vilight.vn\\\/website\\\/wp-content\\\/uploads\\\/2023\\\/08\\\/am-nuoc-VL-PL02.jpg\",\"datePublished\":\"2024-05-14T04:34:35+00:00\",\"dateModified\":\"2024-10-04T03:32:02+00:00\",\"description\":\"\u0110\u00e8n \u00e2m n\u01b0\u1edbc 7W (\u0111\u00e8n \u00e2m n\u01b0\u1edbc 3x2.2W) \u0111\u01b0\u1ee3c thi\u1ebft k\u1ebf \u0111\u1ec3 l\u1eafp \u0111\u1eb7t \u00e2m v\u00e0o k\u1ebft c\u1ea5u b\u00ea t\u00f4ng c\u1ee7a h\u1ed3 n\u01b0\u1edbc nh\u01b0 th\u00e0nh h\u1ed3 n\u01b0\u1edbc hay \u0111\u00e1y h\u1ed3.\",\"breadcrumb\":{\"@id\":\"https:\\\/\\\/vilight.vn\\\/website\\\/san-pham\\\/den-chieu-sang-facade\\\/den-am-nuoc\\\/den-am-nuoc-vw04-7w\\\/#breadcrumb\"},\"inLanguage\":\"vi\",\"potentialAction\":[{\"@type\":\"ReadAction\",\"target\":[\"https:\\\/\\\/vilight.vn\\\/website\\\/san-pham\\\/den-chieu-sang-facade\\\/den-am-nuoc\\\/den-am-nuoc-vw04-7w\\\/\"]}]},{\"@type\":\"ImageObject\",\"inLanguage\":\"vi\",\"@id\":\"https:\\\/\\\/vilight.vn\\\/website\\\/san-pham\\\/den-chieu-sang-facade\\\/den-am-nuoc\\\/den-am-nuoc-vw04-7w\\\/#primaryimage\",\"url\":\"https:\\\/\\\/vilight.vn\\\/website\\\/wp-content\\\/uploads\\\/2023\\\/08\\\/am-nuoc-VL-PL02.jpg\",\"contentUrl\":\"https:\\\/\\\/vilight.vn\\\/website\\\/wp-content\\\/uploads\\\/2023\\\/08\\\/am-nuoc-VL-PL02.jpg\",\"width\":600,\"height\":600,\"caption\":\"\u00e2m n\u01b0\u1edbc VL PL02\"},{\"@type\":\"BreadcrumbList\",\"@id\":\"https:\\\/\\\/vilight.vn\\\/website\\\/san-pham\\\/den-chieu-sang-facade\\\/den-am-nuoc\\\/den-am-nuoc-vw04-7w\\\/#breadcrumb\",\"itemListElement\":[{\"@type\":\"ListItem\",\"position\":1,\"name\":\"Home\",\"item\":\"https:\\\/\\\/vilight.vn\\\/website\\\/\"},{\"@type\":\"ListItem\",\"position\":2,\"name\":\"store\",\"item\":\"https:\\\/\\\/vilight.vn\\\/website\\\/store\\\/\"},{\"@type\":\"ListItem\",\"position\":3,\"name\":\"\u0110\u00e8n \u00e2m n\u01b0\u1edbc VW06\"}]},{\"@type\":\"WebSite\",\"@id\":\"https:\\\/\\\/vilight.vn\\\/website\\\/#website\",\"url\":\"https:\\\/\\\/vilight.vn\\\/website\\\/\",\"name\":\"Vilight Co.ltd\",\"description\":\"Chi\u1ebfu s\u00e1ng m\u1ef9 thu\u1eadt, chi\u1ebfu s\u00e1ng th\u00f4ng minh, LED Pixel 3D, chi\u1ebfu s\u00e1ng trang tr\u00ed \u0111\u00f4 th\u1ecb, chi\u1ebfu s\u00e1ng v\u00f2ng xoay, chi\u1ebfu s\u00e1ng \u0111\u1ea3o giao th\u00f4ng, c\u1ed5ng ch\u00e0o \u0111\u00f4 th\u1ecb\",\"publisher\":{\"@id\":\"https:\\\/\\\/vilight.vn\\\/website\\\/#organization\"},\"potentialAction\":[{\"@type\":\"SearchAction\",\"target\":{\"@type\":\"EntryPoint\",\"urlTemplate\":\"https:\\\/\\\/vilight.vn\\\/website\\\/?s={search_term_string}\"},\"query-input\":{\"@type\":\"PropertyValueSpecification\",\"valueRequired\":true,\"valueName\":\"search_term_string\"}}],\"inLanguage\":\"vi\"},{\"@type\":\"Organization\",\"@id\":\"https:\\\/\\\/vilight.vn\\\/website\\\/#organization\",\"name\":\"Vilight\",\"url\":\"https:\\\/\\\/vilight.vn\\\/website\\\/\",\"logo\":{\"@type\":\"ImageObject\",\"inLanguage\":\"vi\",\"@id\":\"https:\\\/\\\/vilight.vn\\\/website\\\/#\\\/schema\\\/logo\\\/image\\\/\",\"url\":\"https:\\\/\\\/vilight.vn\\\/website\\\/wp-content\\\/uploads\\\/2022\\\/05\\\/chieu_sang_trang_tri_do_thi_bang_den_led_pixel.png\",\"contentUrl\":\"https:\\\/\\\/vilight.vn\\\/website\\\/wp-content\\\/uploads\\\/2022\\\/05\\\/chieu_sang_trang_tri_do_thi_bang_den_led_pixel.png\",\"width\":800,\"height\":427,\"caption\":\"Vilight\"},\"image\":{\"@id\":\"https:\\\/\\\/vilight.vn\\\/website\\\/#\\\/schema\\\/logo\\\/image\\\/\"},\"sameAs\":[\"http:\\\/\\\/facebook.com\\\/vilight.vn\",\"https:\\\/\\\/www.linkedin.com\\\/company\\\/vilight-vn\",\"https:\\\/\\\/www.youtube.com\\\/channel\\\/UCEwR2naeDcuarMX1kSv_rLQ\\\/videos\"]}]}<\/script>\n<meta property=\"product:brand\" content=\"\u0110\u00e8n \u00c2m N\u01b0\u1edbc\" \/>\n<meta property=\"product:price:amount\" content=\"3300000\" \/>\n<meta property=\"product:price:currency\" content=\"VND\" \/>\n<meta property=\"og:availability\" content=\"instock\" \/>\n<meta property=\"product:availability\" content=\"instock\" \/>\n<meta property=\"product:condition\" content=\"new\" \/>\n<!-- \/ Yoast SEO Premium plugin. -->","yoast_head_json":{"title":"\u0110\u00e8n \u00c2m N\u01b0\u1edbc 7W (\u0111\u00e8n \u00e2m n\u01b0\u1edbc 3x2,2W), \u0110\u00e8n \u00e2m n\u01b0\u1edbc cao c\u1ea5p.","description":"\u0110\u00e8n \u00e2m n\u01b0\u1edbc 7W (\u0111\u00e8n \u00e2m n\u01b0\u1edbc 3x2.2W) \u0111\u01b0\u1ee3c thi\u1ebft k\u1ebf \u0111\u1ec3 l\u1eafp \u0111\u1eb7t \u00e2m v\u00e0o k\u1ebft c\u1ea5u b\u00ea t\u00f4ng c\u1ee7a h\u1ed3 n\u01b0\u1edbc nh\u01b0 th\u00e0nh h\u1ed3 n\u01b0\u1edbc hay \u0111\u00e1y h\u1ed3.","robots":{"index":"index","follow":"follow","max-snippet":"max-snippet:-1","max-image-preview":"max-image-preview:large","max-video-preview":"max-video-preview:-1"},"canonical":"https:\/\/vilight.vn\/website\/san-pham\/den-chieu-sang-facade\/den-am-nuoc\/den-am-nuoc-vw04-7w\/","og_locale":"vi_VN","og_type":"article","og_title":"\u0110\u00e8n \u00e2m n\u01b0\u1edbc VW06","og_description":"\u0110\u00e8n \u00e2m v\u00e0o th\u00e0nh h\u1ed3 n\u01b0\u1edbc chi\u1ebfu h\u1eaft s\u00e1ng h\u1ed3 n\u01b0\u1edbc. \u0110\u00e8n c\u00f3 k\u1ebft c\u1ea5u chuy\u00ean nghi\u1ec7p.","og_url":"https:\/\/vilight.vn\/website\/san-pham\/den-chieu-sang-facade\/den-am-nuoc\/den-am-nuoc-vw04-7w\/","og_site_name":"Vilight Co.ltd","article_publisher":"http:\/\/facebook.com\/vilight.vn","article_modified_time":"2024-10-04T03:32:02+00:00","og_image":[{"width":600,"height":600,"url":"https:\/\/vilight.vn\/website\/wp-content\/uploads\/2023\/08\/am-nuoc-VL-PL02.jpg","type":"image\/jpeg"}],"twitter_card":"summary_large_image","twitter_misc":{"Gi\u00e1":"3.300.000&#8363;","Kh\u1ea3 d\u1ee5ng":"Trong kho"},"schema":{"@context":"https:\/\/schema.org","@graph":[{"@type":"WebPage","@id":"https:\/\/vilight.vn\/website\/san-pham\/den-chieu-sang-facade\/den-am-nuoc\/den-am-nuoc-vw04-7w\/","url":"https:\/\/vilight.vn\/website\/san-pham\/den-chieu-sang-facade\/den-am-nuoc\/den-am-nuoc-vw04-7w\/","name":"\u0110\u00e8n \u00c2m N\u01b0\u1edbc 7W (\u0111\u00e8n \u00e2m n\u01b0\u1edbc 3x2,2W), \u0110\u00e8n \u00e2m n\u01b0\u1edbc cao c\u1ea5p.","isPartOf":{"@id":"https:\/\/vilight.vn\/website\/#website"},"primaryImageOfPage":{"@id":"https:\/\/vilight.vn\/website\/san-pham\/den-chieu-sang-facade\/den-am-nuoc\/den-am-nuoc-vw04-7w\/#primaryimage"},"image":{"@id":"https:\/\/vilight.vn\/website\/san-pham\/den-chieu-sang-facade\/den-am-nuoc\/den-am-nuoc-vw04-7w\/#primaryimage"},"thumbnailUrl":"https:\/\/vilight.vn\/website\/wp-content\/uploads\/2023\/08\/am-nuoc-VL-PL02.jpg","datePublished":"2024-05-14T04:34:35+00:00","dateModified":"2024-10-04T03:32:02+00:00","description":"\u0110\u00e8n \u00e2m n\u01b0\u1edbc 7W (\u0111\u00e8n \u00e2m n\u01b0\u1edbc 3x2.2W) \u0111\u01b0\u1ee3c thi\u1ebft k\u1ebf \u0111\u1ec3 l\u1eafp \u0111\u1eb7t \u00e2m v\u00e0o k\u1ebft c\u1ea5u b\u00ea t\u00f4ng c\u1ee7a h\u1ed3 n\u01b0\u1edbc nh\u01b0 th\u00e0nh h\u1ed3 n\u01b0\u1edbc hay \u0111\u00e1y h\u1ed3.","breadcrumb":{"@id":"https:\/\/vilight.vn\/website\/san-pham\/den-chieu-sang-facade\/den-am-nuoc\/den-am-nuoc-vw04-7w\/#breadcrumb"},"inLanguage":"vi","potentialAction":[{"@type":"ReadAction","target":["https:\/\/vilight.vn\/website\/san-pham\/den-chieu-sang-facade\/den-am-nuoc\/den-am-nuoc-vw04-7w\/"]}]},{"@type":"ImageObject","inLanguage":"vi","@id":"https:\/\/vilight.vn\/website\/san-pham\/den-chieu-sang-facade\/den-am-nuoc\/den-am-nuoc-vw04-7w\/#primaryimage","url":"https:\/\/vilight.vn\/website\/wp-content\/uploads\/2023\/08\/am-nuoc-VL-PL02.jpg","contentUrl":"https:\/\/vilight.vn\/website\/wp-content\/uploads\/2023\/08\/am-nuoc-VL-PL02.jpg","width":600,"height":600,"caption":"\u00e2m n\u01b0\u1edbc VL PL02"},{"@type":"BreadcrumbList","@id":"https:\/\/vilight.vn\/website\/san-pham\/den-chieu-sang-facade\/den-am-nuoc\/den-am-nuoc-vw04-7w\/#breadcrumb","itemListElement":[{"@type":"ListItem","position":1,"name":"Home","item":"https:\/\/vilight.vn\/website\/"},{"@type":"ListItem","position":2,"name":"store","item":"https:\/\/vilight.vn\/website\/store\/"},{"@type":"ListItem","position":3,"name":"\u0110\u00e8n \u00e2m n\u01b0\u1edbc VW06"}]},{"@type":"WebSite","@id":"https:\/\/vilight.vn\/website\/#website","url":"https:\/\/vilight.vn\/website\/","name":"Vilight Co.ltd","description":"Chi\u1ebfu s\u00e1ng m\u1ef9 thu\u1eadt, chi\u1ebfu s\u00e1ng th\u00f4ng minh, LED Pixel 3D, chi\u1ebfu s\u00e1ng trang tr\u00ed \u0111\u00f4 th\u1ecb, chi\u1ebfu s\u00e1ng v\u00f2ng xoay, chi\u1ebfu s\u00e1ng \u0111\u1ea3o giao th\u00f4ng, c\u1ed5ng ch\u00e0o \u0111\u00f4 th\u1ecb","publisher":{"@id":"https:\/\/vilight.vn\/website\/#organization"},"potentialAction":[{"@type":"SearchAction","target":{"@type":"EntryPoint","urlTemplate":"https:\/\/vilight.vn\/website\/?s={search_term_string}"},"query-input":{"@type":"PropertyValueSpecification","valueRequired":true,"valueName":"search_term_string"}}],"inLanguage":"vi"},{"@type":"Organization","@id":"https:\/\/vilight.vn\/website\/#organization","name":"Vilight","url":"https:\/\/vilight.vn\/website\/","logo":{"@type":"ImageObject","inLanguage":"vi","@id":"https:\/\/vilight.vn\/website\/#\/schema\/logo\/image\/","url":"https:\/\/vilight.vn\/website\/wp-content\/uploads\/2022\/05\/chieu_sang_trang_tri_do_thi_bang_den_led_pixel.png","contentUrl":"https:\/\/vilight.vn\/website\/wp-content\/uploads\/2022\/05\/chieu_sang_trang_tri_do_thi_bang_den_led_pixel.png","width":800,"height":427,"caption":"Vilight"},"image":{"@id":"https:\/\/vilight.vn\/website\/#\/schema\/logo\/image\/"},"sameAs":["http:\/\/facebook.com\/vilight.vn","https:\/\/www.linkedin.com\/company\/vilight-vn","https:\/\/www.youtube.com\/channel\/UCEwR2naeDcuarMX1kSv_rLQ\/videos"]}]},"product_brand":"\u0110\u00e8n \u00c2m N\u01b0\u1edbc","product_price_amount":"3300000","product_price_currency":"VND","og_availability":"instock","product_availability":"instock","product_condition":"new"},"_links":{"self":[{"href":"https:\/\/vilight.vn\/website\/wp-json\/wp\/v2\/product\/4717","targetHints":{"allow":["GET"]}}],"collection":[{"href":"https:\/\/vilight.vn\/website\/wp-json\/wp\/v2\/product"}],"about":[{"href":"https:\/\/vilight.vn\/website\/wp-json\/wp\/v2\/types\/product"}],"wp:featuredmedia":[{"embeddable":true,"href":"https:\/\/vilight.vn\/website\/wp-json\/wp\/v2\/media\/4305"}],"wp:attachment":[{"href":"https:\/\/vilight.vn\/website\/wp-json\/wp\/v2\/media?parent=4717"}],"wp:term":[{"taxonomy":"product_brand","embeddable":true,"href":"https:\/\/vilight.vn\/website\/wp-json\/wp\/v2\/product_brand?post=4717"},{"taxonomy":"product_cat","embeddable":true,"href":"https:\/\/vilight.vn\/website\/wp-json\/wp\/v2\/product_cat?post=4717"},{"taxonomy":"product_tag","embeddable":true,"href":"https:\/\/vilight.vn\/website\/wp-json\/wp\/v2\/product_tag?post=4717"}],"curies":[{"name":"wp","href":"https:\/\/api.w.org\/{rel}","templated":true}]}}