{"id":4723,"date":"2024-05-14T13:59:54","date_gmt":"2024-05-14T06:59:54","guid":{"rendered":"https:\/\/vilight.vn\/website\/?post_type=product&#038;p=4723"},"modified":"2024-10-04T10:29:44","modified_gmt":"2024-10-04T03:29:44","slug":"den-am-nuoc-vw03-5w","status":"publish","type":"product","link":"https:\/\/vilight.vn\/website\/san-pham\/den-chieu-sang-facade\/den-am-nuoc\/den-am-nuoc-vw03-5w\/","title":{"rendered":"\u0110\u00e8n \u00e2m n\u01b0\u1edbc VW04"},"content":{"rendered":"<h2>\u0110\u00e8n \u00e2m n\u01b0\u1edbc 5W\u00a0 :<\/h2>\n<ul>\n<li>\u0110\u00e8n \u00e2m n\u01b0\u1edbc, lo\u1ea1i \u0111\u00e8n \u00e2m d\u01b0\u1edbi s\u00e0n h\u1ed3 n\u01b0\u1edbc, \u00e2m trong k\u1ebft c\u1ea5u b\u00ea t\u00f4ng.<\/li>\n<li>\u0110\u00e8n c\u00f3 k\u00edch th\u01b0\u1edbc nh\u1ecf g\u1ecdn.\u0110\u00e8n c\u00f3 k\u00e8m theo k\u1ebft c\u1ea5u l\u1eafp \u0111\u1eb7t chuy\u00ean d\u1ee5ng.<\/li>\n<li>S\u1eed d\u1ee5ng chip LED Osram ch\u1ea5t l\u01b0\u1ee3ng cao.C\u00f4ng su\u1ea5t \u0111\u00e8n 1&#215;3.6W Single Color.<\/li>\n<li>V\u1ecf \u0111\u00e8n b\u1eb1ng th\u00e9p kh\u00f4ng g\u1ec9 SUS316.K\u00ednh c\u01b0\u1eddng l\u1ef1c d\u00e0y 8mm.<\/li>\n<li>V\u1ecf \u0111\u1ec3 l\u00e0m m\u00f3ng \u0111\u00e8n l\u00e0m b\u1eb1ng nh\u1ef1a PC\/ABS ALLOYS<br \/>\nhide<img decoding=\"async\" data-src=\"https:\/\/vilight.vn\/website\/wp-content\/uploads\/2024\/05\/DEN_AM_NUOC_5w_DEN_AM_NUOC_1X3.6w.jpg#4725\" alt=\"DEN_AM_NUOC_5w_DEN_AM_NUOC_1X3.6w\" src=\"data:image\/svg+xml;base64,PHN2ZyB3aWR0aD0iMSIgaGVpZ2h0PSIxIiB4bWxucz0iaHR0cDovL3d3dy53My5vcmcvMjAwMC9zdmciPjwvc3ZnPg==\" class=\"lazyload\" style=\"--smush-placeholder-width: 1150px; --smush-placeholder-aspect-ratio: 1150\/360;\" \/><br \/>\nfull<br \/>\n\u0110\u00e8n \u00e2m n\u01b0\u1edbc 5W<br \/>\n\u0110\u00e8n \u00e2m n\u01b0\u1edbc 1&#215;3.6W<br \/>\ncontain<br \/>\ncenter center<br \/>\nhide<\/li>\n<\/ul>\n<h2>Th\u00f4ng s\u1ed1 k\u1ef9 thu\u1eadt \u0111\u00e8n \u00e2m n\u01b0\u1edbc 5W\u00a0 \u0111\u01a1n s\u1eafc :<\/h2>\n<p>Th\u00f4ng tinTh\u00f4ng s\u1ed1 k\u1ef9 thu\u1eadt<\/p>\n<ul>\n<li>Ngu\u1ed3n s\u00e1ng1 x 3.6W \u0111\u01a1n s\u1eafc.<\/li>\n<li>C\u00f4ng su\u1ea5t ti\u00eau th\u1ee5 5W.<\/li>\n<li>G\u00f3c chi\u1ebfu9\u00b0 15\u00b0 20\u00b0 45\u00b0 60\u00b0 30&#215;45\u00b0.<\/li>\n<li>\u0110i\u1ec7n \u00e1p ho\u1ea1t \u0111\u1ed9ng DC24V.<\/li>\n<li>\u0110i\u1ec1u khi\u1ec3n ON\/OFF.<\/li>\n<li>Quang th\u00f4ng 300 lumens (\u1edf 3.000K), 400 lumens (\u1edf 4.000K).<\/li>\n<li>Nhi\u1ec7t \u0111\u1ed9 ho\u1ea1t \u0111\u1ed9ng Nhi\u1ec7t \u0111\u1ed9 m\u00f4i tr\u01b0\u1eddng n\u01b0\u1edbc khi ho\u1ea1t \u0111\u1ed9ng : &#8211; 20\u00baC ~ 40\u00baC.<\/li>\n<li>D\u00e2y c\u00e1p theo \u0111\u00e8n 2\u00d71.0mm\u00b2, L=1m.<\/li>\n<li>\u0110\u1ed9 k\u00edn IP68.<\/li>\n<li>\u0110\u1ed9 d\u00e0y m\u1eb7t k\u00ednh8 mm.<\/li>\n<li>IK08<br \/>\nhide<img decoding=\"async\" data-src=\"https:\/\/vilight.vn\/website\/wp-content\/uploads\/2024\/05\/quang-pho-den-am-nuoc-5w-goc-30-do.jpg#4726\" alt=\"quang pho den am nuoc 5w goc 30 do\" src=\"data:image\/svg+xml;base64,PHN2ZyB3aWR0aD0iMSIgaGVpZ2h0PSIxIiB4bWxucz0iaHR0cDovL3d3dy53My5vcmcvMjAwMC9zdmciPjwvc3ZnPg==\" class=\"lazyload\" style=\"--smush-placeholder-width: 1731px; --smush-placeholder-aspect-ratio: 1731\/409;\" \/><br \/>\nfull<br \/>\nQuang ph\u1ed5 \u0111\u00e8n \u00e2m n\u01b0\u1edbc 5W<br \/>\nQuang ph\u1ed5 \u0111\u00e8n \u1edf g\u00f3c chi\u1ebfu 30 \u0111\u1ed9.<br \/>\ncontain<br \/>\ncenter center<br \/>\nhide<img decoding=\"async\" data-src=\"https:\/\/vilight.vn\/website\/wp-content\/uploads\/2024\/05\/quang-pho-den-am-nuoc-5w-goc-30x45-do.jpg#4727\" alt=\"quang pho den am nuoc 5w goc 30\u00d745 do\" src=\"data:image\/svg+xml;base64,PHN2ZyB3aWR0aD0iMSIgaGVpZ2h0PSIxIiB4bWxucz0iaHR0cDovL3d3dy53My5vcmcvMjAwMC9zdmciPjwvc3ZnPg==\" class=\"lazyload\" style=\"--smush-placeholder-width: 1708px; --smush-placeholder-aspect-ratio: 1708\/408;\" \/><br \/>\nfull<br \/>\nQuang ph\u1ed5 \u0111\u00e8n \u00e2m n\u01b0\u1edbc 1&#215;3.6W<br \/>\nQuang ph\u1ed5 \u0111\u00e8n \u1edf g\u00f3c chi\u1ebfu 30 x 45 \u0111\u1ed9.<br \/>\ncontain<br \/>\ncenter center<br \/>\nhide<img decoding=\"async\" data-src=\"https:\/\/vilight.vn\/website\/wp-content\/uploads\/2024\/05\/den-am-ho-nuoc-5w.jpg#4728\" alt=\"den am ho nuoc 5w\" src=\"data:image\/svg+xml;base64,PHN2ZyB3aWR0aD0iMSIgaGVpZ2h0PSIxIiB4bWxucz0iaHR0cDovL3d3dy53My5vcmcvMjAwMC9zdmciPjwvc3ZnPg==\" class=\"lazyload\" style=\"--smush-placeholder-width: 1548px; --smush-placeholder-aspect-ratio: 1548\/723;\" \/><br \/>\nfull<br \/>\nHi\u1ec7u \u1ee9ng h\u1ed3 n\u01b0\u1edbc s\u1eed d\u1ee5ng \u0111\u00e8n \u00e2m th\u00e0nh h\u1ed3 n\u01b0\u1edbc<br \/>\nC\u00f4ng tr\u00ecnh minh h\u1ecda, chi\u1ebfu s\u00e1ng h\u1ed3 n\u01b0\u1edbc b\u1eb1ng \u0111\u00e8n \u00e2m \u0111\u00e1y h\u1ed3<br \/>\ncontain<br \/>\ncenter center<br \/>\nhide<\/li>\n<\/ul>\n<p>&nbsp;<\/p>\n<p>&nbsp;<\/p>\n<h2>L\u1eafp \u0111\u1eb7t \u0111\u00e8n chi\u1ebfu s\u00e1ng b\u1ec3 b\u01a1i v\u00e0 nh\u1eefng v\u1ea5n \u0111\u1ec1 quan tr\u1ecdng c\u1ea7n l\u01b0u \u00fd<\/h2>\n<ul>\n<li><strong>\u0110\u00e8n chi\u1ebfu s\u00e1ng b\u1ec3 b\u01a1i<\/strong>\u00a0l\u00e0 d\u00f2ng thi\u1ebft b\u1ecb \u0111\u1eb7c bi\u1ec7t b\u1edfi \u1ee9ng d\u1ee5ng \u1edf m\u00f4i tr\u01b0\u1eddng d\u01b0\u1edbi n\u01b0\u1edbc.<\/li>\n<li>Do \u0111\u00f3, trong qu\u00e1 tr\u00ecnh l\u1eafp \u0111\u1eb7t \u0111\u00f2i h\u1ecfi ng\u01b0\u1eddi d\u00f9ng c\u1ea7n \u0111\u1eb7c bi\u1ec7t ch\u00fa \u00fd \u0111\u1ec3 \u0111\u1ea3m b\u1ea3o hi\u1ec7u qu\u1ea3 cao nh\u1ea5t, tr\u00e1nh x\u1ea3y ra nh\u1eefng s\u1ef1 c\u1ed1 \u0111\u00e1ng ti\u1ebfc.<\/li>\n<li>N\u1ebfu b\u1ea1n \u0111ang g\u1eb7p kh\u00f3 kh\u0103n trong vi\u1ec7c ch\u1ecdn l\u1ef1a, l\u1eafp \u0111\u1eb7t \u0111\u00e8n b\u1ec3 b\u01a1i. V\u1eady th\u00ec nh\u1ea5t \u0111\u1ecbnh \u0111\u1eebng b\u1ecf qua kinh nghi\u1ec7m h\u1eefu \u00edch \u0111\u01b0\u1ee3c b\u1eadt m\u00ed ngay sau \u0111\u00e2y.<\/li>\n<\/ul>\n<div class=\"news_description\">\n<h3><strong>Ch\u1ecdn \u0111\u00e8n chi\u1ebfu s\u00e1ng b\u1ec3 b\u01a1i ph\u00f9 h\u1ee3p th\u1ec3 t\u00edch<\/strong><\/h3>\n<ul>\n<li>V\u1edbi b\u1ec3 b\u01a1i gia \u0111\u00ecnh, th\u1ec3 t\u00edch kho\u1ea3ng t\u1eeb 40-90m3 ph\u00f9 h\u1ee3p lo\u1ea1i \u0111\u00e8n c\u00f4ng su\u1ea5t 8w\/12v.<\/li>\n<li>B\u1ec3 b\u01a1i th\u1ec3 t\u00edch 120 \u2013 200m3 c\u00f3 \u0111\u01b0\u1ee3c \u0111\u1ed9 chi\u1ebfu s\u00e1ng t\u1ed1t nh\u1ea5t khi d\u00f9ng \u0111\u00e8n led c\u00f4ng su\u1ea5t 10w, 18w\/12v, ho\u1eb7c \u0111\u00e8n halogel 75w, 100w.<\/li>\n<li>B\u1ec3 b\u01a1i c\u00f4ng c\u1ed9ng t\u1eeb 300m3 \u2013 1000m3 s\u1ebd \u0111\u01b0\u1ee3c \u0111\u00e8n c\u00f4ng su\u1ea5t 20w \u2013 50w \u0111\u00e1p \u1ee9ng t\u1ed1t.<\/li>\n<\/ul>\n<h2>C\u00f3 n\u00ean l\u1eafp \u0111\u00e8n chi\u1ebfu s\u00e1ng b\u1ec3 b\u01a1i trong nh\u00e0 kh\u00f4ng?<\/h2>\n<ul>\n<li>N\u00ean l\u1eafp \u0111\u00e8n \u0111\u00e8n chi\u1ebfu s\u00e1ng b\u1ec3 b\u01a1i \u0111\u1ec3 c\u00f3 \u00e1nh s\u00e1ng lung linh cho kh\u00f4ng gian.<\/li>\n<\/ul>\n<h2 class=\"title_h2\">Thi\u1ebft k\u1ebf h\u1ec7 th\u1ed1ng chi\u1ebfu s\u00e1ng v\u00e0 b\u1ea3o d\u01b0\u1ee1ng \u0111\u00e8n \u0111\u00fang c\u00e1ch<\/h2>\n<ul>\n<li class=\"noidung\">Sau khi l\u1ef1a ch\u1ecdn cho m\u00ecnh nh\u1eefng b\u00f3ng \u0111\u00e8n LED h\u1ed3 b\u01a1i th\u00edch h\u1ee3p, vi\u1ec7c c\u1ea7n l\u00e0m ti\u1ebfp theo \u0111\u00f3 ch\u00ednh l\u00e0 ti\u1ebfn h\u00e0nh l\u1eafp \u0111\u1eb7t c\u00e1c b\u00f3ng \u0111\u00e8n v\u00e0o nh\u1eefng v\u1ecb tr\u00ed ph\u00f9 h\u1ee3p.<\/li>\n<li class=\"noidung\">B\u1ea1n c\u00f3 th\u1ec3 l\u1eafp \u0111\u1eb7t \u1edf \u0111\u00e1y hay th\u00e0nh c\u1ee7a h\u1ed3 b\u01a1i, nh\u01b0 v\u1eady s\u1ebd \u0111\u1ea3m b\u1ea3o cho m\u1eadt \u0111\u1ed9 \u00e1nh s\u00e1ng bao ph\u1ee7 to\u00e0n di\u1ec7n.<\/li>\n<li class=\"noidung\">C\u00e1c b\u00f3ng \u0111\u00e8n h\u1ed3 b\u01a1i v\u1edbi k\u00edch th\u01b0\u1edbc nh\u1ecf n\u00ean s\u1ebd kh\u00f4ng chi\u1ebfm qu\u00e1 nhi\u1ec1u di\u1ec7n t\u00edch c\u0169ng nh\u01b0 t\u0103ng th\u00eam t\u00ednh th\u1ea9m m\u1ef9 cho h\u1ed3.<\/li>\n<\/ul>\n<h2 class=\"title_h2\">T\u1ea1i sao n\u00ean s\u1eed d\u1ee5ng \u0111\u00e8n led \u00e2m n\u01b0\u1edbc cho h\u1ed3 b\u01a1i?<\/h2>\n<ul>\n<li class=\"noidung\">\u0110\u00e8n led \u00e2m n\u01b0\u1edbc \u0111\u01b0\u1ee3c l\u1eafp \u0111\u1eb7t ch\u00ecm v\u00e0o th\u00e0nh hay \u0111\u00e1y h\u1ed3 b\u01a1i s\u1ebd t\u1ea1o ra c\u00e1c \u0111i\u1ec3m nh\u1ea5n khi \u0111\u00e8n ph\u00e1t s\u00e1ng, \u0111\u1ed3ng th\u1eddi c\u1ea3nh quan xung quanh h\u1ed3 c\u0169ng \u0111\u01b0\u1ee3c ho\u00e0 m\u00ecnh v\u00e0o d\u00f2ng n\u01b0\u1edbc t\u1ea1o ra m\u1ed9t kh\u00f4ng gian l\u00e3ng m\u1ea1n, lung linh huy\u1ec1n \u1ea3o.<\/li>\n<li class=\"noidung\">Nh\u1eb1m mang \u0111\u1ebfn c\u1ea3m gi\u00e1c trong l\u00e0nh, tho\u1ea3i m\u00e1i cho c\u00e1c ho\u1ea1t \u0111\u1ed9ng b\u01a1i l\u1ed9i hay c\u00e1c b\u1eefa ti\u1ec7c nh\u1ecf b\u00ean c\u1ea1nh h\u1ed3 b\u01a1i, s\u1ea3n ph\u1ea9m \u0111\u00e8n n\u00e0y s\u1ebd gi\u00fap b\u1ea1n th\u01b0 gi\u00e3n sau nh\u1eefng ng\u00e0y l\u00e0m vi\u1ec7c c\u0103ng th\u1eb3ng. B\u01a1i l\u1ed9i c\u0169ng ch\u00ednh l\u00e0 m\u1ed9t trong nh\u1eefng ph\u01b0\u01a1ng ph\u00e1p gi\u1ea3i to\u1ea3 stress h\u1eefu hi\u1ec7u, v\u00ec v\u1eady ho\u1ea1t \u0111\u1ed9ng n\u00e0y ng\u00e0y c\u00e0ng tr\u1edf n\u00ean quen thu\u1ed9c v\u1edbi ch\u00fang ta h\u01a1n, v\u00e0 s\u1ebd tuy\u1ec7t v\u1eddi h\u01a1n n\u1eefa khi \u0111\u01b0\u1ee3c \u0111\u1eafm ch\u00ecm trong kh\u00f4ng gian m\u00e0 \u0111\u00e8n led h\u1ed3 b\u01a1i mang l\u1ea1i.<\/li>\n<\/ul>\n<p>&nbsp;<\/p>\n<p class=\"noidung\">C\u00e1c lo\u1ea1i \u0111\u00e8n led \u00e2m n\u01b0\u1edbc<\/p>\n<p>&nbsp;<\/p>\n<ul>\n<li class=\"noidung\">Kh\u00f4ng ch\u1ec9 \u0111\u01b0\u1ee3c \u1ee9ng d\u1ee5ng trong trang tr\u00ed h\u1ed3 b\u01a1i m\u00e0\u00a0\u0111\u00e8n led \u00e2m n\u01b0\u1edbc c\u00f2n \u0111\u01b0\u1ee3c s\u1eed d\u1ee5ng cho c\u00e1c h\u1ed3 c\u00e1 ti\u1ec3u c\u1ea3nh hay c\u00e1c th\u00e1c n\u01b0\u1edbc, \u0111\u00e0i phun n\u01b0\u1edbc nh\u00e2n t\u1ea1o. C\u00f3 th\u1ec3 ch\u1ecdn lo\u1ea1i \u0111\u00e8n \u0111\u01a1n s\u1eafc hay lo\u1ea1i \u0111\u00e8n led \u0111\u1ed5i m\u00e0u.<\/li>\n<li class=\"noidung\">\u0110\u1ed1i v\u1edbi nh\u1eefng kh\u00f4ng gian h\u1ed3 b\u01a1i k\u00edn, tr\u1ed3ng nhi\u1ec1u c\u00e2y c\u1ed1i xung quanh, ch\u00fang ta n\u00ean d\u00f9ng lo\u1ea1i \u0111\u01a1n s\u1eafc m\u00e0u xanh ng\u1ecdc hay m\u00e0u t\u00edm bi\u1ebfc. N\u00f3 kh\u00f4ng nh\u1eefng mang l\u1ea1i \u00e1nh s\u00e1ng cho h\u1ed3 b\u01a1i m\u00e0 c\u00f2n gi\u00fap c\u00e2y c\u1ed1i xung quanh c\u0169ng \u0111\u01b0\u1ee3c to\u1ea3 s\u00e1ng c\u00f9ng.<\/li>\n<\/ul>\n<\/div>\n","protected":false},"excerpt":{"rendered":"<p style=\"text-align: justify;\"><span style=\"font-size: 12pt;\">\u0110\u00e8n \u00e2m v\u00e0o th\u00e0nh h\u1ed3 n\u01b0\u1edbc chi\u1ebfu h\u1eaft s\u00e1ng h\u1ed3 n\u01b0\u1edbc. \u0110\u00e8n c\u00f3 k\u1ebft c\u1ea5u chuy\u00ean nghi\u1ec7p.<\/span><\/p>\n","protected":false},"featured_media":4310,"template":"","meta":[],"product_brand":[],"product_cat":[633,73],"product_tag":[],"class_list":{"0":"post-4723","1":"product","2":"type-product","3":"status-publish","4":"has-post-thumbnail","6":"product_cat-den-am-nuoc","7":"product_cat-den-chieu-sang-facade","8":"pa_chuan-dieu-khien-on-off","9":"pa_cong-suat-5w","10":"pa_dien-ap-hoat-dong-24vdc","11":"pa_do-chiu-luc-ik08","12":"pa_do-kin-ip68","13":"pa_goc-chieu-279","14":"pa_goc-chieu-231","15":"pa_goc-chieu-308","16":"pa_goc-chieu-233","17":"pa_goc-chieu-234","18":"pa_goc-chieu-45-35","19":"pa_nhiet-do-mau-3000k","20":"pa_nhiet-do-mau-4000k","21":"pa_nhiet-do-mau-6000k","23":"first","24":"instock","25":"taxable","26":"shipping-taxable","27":"purchasable","28":"product-type-simple"},"yoast_head":"<!-- This site is optimized with the Yoast SEO Premium plugin v27.4 (Yoast SEO v27.4) - https:\/\/yoast.com\/product\/yoast-seo-premium-wordpress\/ -->\n<title>\u0110\u00e8n \u00c2m N\u01b0\u1edbc 5W (\u0111\u00e8n \u00e2m n\u01b0\u1edbc 1x3.6W), \u0110\u00e8n \u00e2m n\u01b0\u1edbc cao c\u1ea5p.<\/title>\n<meta name=\"description\" content=\"\u0110\u00e8n \u00e2m n\u01b0\u1edbc 5W (\u0111\u00e8n \u00e2m n\u01b0\u1edbc 1x3.6W) \u0111\u01b0\u1ee3c thi\u1ebft k\u1ebf \u0111\u1ec3 l\u1eafp \u0111\u1eb7t \u00e2m v\u00e0o k\u1ebft c\u1ea5u b\u00ea t\u00f4ng c\u1ee7a h\u1ed3 n\u01b0\u1edbc nh\u01b0 th\u00e0nh h\u1ed3 n\u01b0\u1edbc hay \u0111\u00e1y h\u1ed3.\" \/>\n<meta name=\"robots\" content=\"index, follow, max-snippet:-1, max-image-preview:large, max-video-preview:-1\" \/>\n<link rel=\"canonical\" href=\"https:\/\/vilight.vn\/website\/san-pham\/den-chieu-sang-facade\/den-am-nuoc\/den-am-nuoc-vw03-5w\/\" \/>\n<meta property=\"og:locale\" content=\"vi_VN\" \/>\n<meta property=\"og:type\" content=\"article\" \/>\n<meta property=\"og:title\" content=\"\u0110\u00e8n \u00e2m n\u01b0\u1edbc VW04\" \/>\n<meta property=\"og:description\" content=\"\u0110\u00e8n \u00e2m v\u00e0o th\u00e0nh h\u1ed3 n\u01b0\u1edbc chi\u1ebfu h\u1eaft s\u00e1ng h\u1ed3 n\u01b0\u1edbc. \u0110\u00e8n c\u00f3 k\u1ebft c\u1ea5u chuy\u00ean nghi\u1ec7p.\" \/>\n<meta property=\"og:url\" content=\"https:\/\/vilight.vn\/website\/san-pham\/den-chieu-sang-facade\/den-am-nuoc\/den-am-nuoc-vw03-5w\/\" \/>\n<meta property=\"og:site_name\" content=\"Vilight Co.ltd\" \/>\n<meta property=\"article:publisher\" content=\"http:\/\/facebook.com\/vilight.vn\" \/>\n<meta property=\"article:modified_time\" content=\"2024-10-04T03:29:44+00:00\" \/>\n<meta property=\"og:image\" content=\"https:\/\/vilight.vn\/website\/wp-content\/uploads\/2023\/08\/Den-am-nuoc-PL03.jpg\" \/>\n\t<meta property=\"og:image:width\" content=\"600\" \/>\n\t<meta property=\"og:image:height\" content=\"600\" \/>\n\t<meta property=\"og:image:type\" content=\"image\/jpeg\" \/>\n<meta name=\"twitter:card\" content=\"summary_large_image\" \/>\n<meta name=\"twitter:label1\" content=\"Gi\u00e1\" \/>\n\t<meta name=\"twitter:data1\" content=\"3.200.000&#8363;\" \/>\n\t<meta name=\"twitter:label2\" content=\"Kh\u1ea3 d\u1ee5ng\" \/>\n\t<meta name=\"twitter:data2\" content=\"Trong kho\" \/>\n<script type=\"application\/ld+json\" class=\"yoast-schema-graph\">{\"@context\":\"https:\\\/\\\/schema.org\",\"@graph\":[{\"@type\":\"WebPage\",\"@id\":\"https:\\\/\\\/vilight.vn\\\/website\\\/san-pham\\\/den-chieu-sang-facade\\\/den-am-nuoc\\\/den-am-nuoc-vw03-5w\\\/\",\"url\":\"https:\\\/\\\/vilight.vn\\\/website\\\/san-pham\\\/den-chieu-sang-facade\\\/den-am-nuoc\\\/den-am-nuoc-vw03-5w\\\/\",\"name\":\"\u0110\u00e8n \u00c2m N\u01b0\u1edbc 5W (\u0111\u00e8n \u00e2m n\u01b0\u1edbc 1x3.6W), \u0110\u00e8n \u00e2m n\u01b0\u1edbc cao c\u1ea5p.\",\"isPartOf\":{\"@id\":\"https:\\\/\\\/vilight.vn\\\/website\\\/#website\"},\"primaryImageOfPage\":{\"@id\":\"https:\\\/\\\/vilight.vn\\\/website\\\/san-pham\\\/den-chieu-sang-facade\\\/den-am-nuoc\\\/den-am-nuoc-vw03-5w\\\/#primaryimage\"},\"image\":{\"@id\":\"https:\\\/\\\/vilight.vn\\\/website\\\/san-pham\\\/den-chieu-sang-facade\\\/den-am-nuoc\\\/den-am-nuoc-vw03-5w\\\/#primaryimage\"},\"thumbnailUrl\":\"https:\\\/\\\/vilight.vn\\\/website\\\/wp-content\\\/uploads\\\/2023\\\/08\\\/Den-am-nuoc-PL03.jpg\",\"datePublished\":\"2024-05-14T06:59:54+00:00\",\"dateModified\":\"2024-10-04T03:29:44+00:00\",\"description\":\"\u0110\u00e8n \u00e2m n\u01b0\u1edbc 5W (\u0111\u00e8n \u00e2m n\u01b0\u1edbc 1x3.6W) \u0111\u01b0\u1ee3c thi\u1ebft k\u1ebf \u0111\u1ec3 l\u1eafp \u0111\u1eb7t \u00e2m v\u00e0o k\u1ebft c\u1ea5u b\u00ea t\u00f4ng c\u1ee7a h\u1ed3 n\u01b0\u1edbc nh\u01b0 th\u00e0nh h\u1ed3 n\u01b0\u1edbc hay \u0111\u00e1y h\u1ed3.\",\"breadcrumb\":{\"@id\":\"https:\\\/\\\/vilight.vn\\\/website\\\/san-pham\\\/den-chieu-sang-facade\\\/den-am-nuoc\\\/den-am-nuoc-vw03-5w\\\/#breadcrumb\"},\"inLanguage\":\"vi\",\"potentialAction\":[{\"@type\":\"ReadAction\",\"target\":[\"https:\\\/\\\/vilight.vn\\\/website\\\/san-pham\\\/den-chieu-sang-facade\\\/den-am-nuoc\\\/den-am-nuoc-vw03-5w\\\/\"]}]},{\"@type\":\"ImageObject\",\"inLanguage\":\"vi\",\"@id\":\"https:\\\/\\\/vilight.vn\\\/website\\\/san-pham\\\/den-chieu-sang-facade\\\/den-am-nuoc\\\/den-am-nuoc-vw03-5w\\\/#primaryimage\",\"url\":\"https:\\\/\\\/vilight.vn\\\/website\\\/wp-content\\\/uploads\\\/2023\\\/08\\\/Den-am-nuoc-PL03.jpg\",\"contentUrl\":\"https:\\\/\\\/vilight.vn\\\/website\\\/wp-content\\\/uploads\\\/2023\\\/08\\\/Den-am-nuoc-PL03.jpg\",\"width\":600,\"height\":600,\"caption\":\"\u0110\u00e8n \u00e2m n\u01b0\u1edbc VL PL03\"},{\"@type\":\"BreadcrumbList\",\"@id\":\"https:\\\/\\\/vilight.vn\\\/website\\\/san-pham\\\/den-chieu-sang-facade\\\/den-am-nuoc\\\/den-am-nuoc-vw03-5w\\\/#breadcrumb\",\"itemListElement\":[{\"@type\":\"ListItem\",\"position\":1,\"name\":\"Home\",\"item\":\"https:\\\/\\\/vilight.vn\\\/website\\\/\"},{\"@type\":\"ListItem\",\"position\":2,\"name\":\"store\",\"item\":\"https:\\\/\\\/vilight.vn\\\/website\\\/store\\\/\"},{\"@type\":\"ListItem\",\"position\":3,\"name\":\"\u0110\u00e8n \u00e2m n\u01b0\u1edbc VW04\"}]},{\"@type\":\"WebSite\",\"@id\":\"https:\\\/\\\/vilight.vn\\\/website\\\/#website\",\"url\":\"https:\\\/\\\/vilight.vn\\\/website\\\/\",\"name\":\"Vilight Co.ltd\",\"description\":\"Chi\u1ebfu s\u00e1ng m\u1ef9 thu\u1eadt, chi\u1ebfu s\u00e1ng th\u00f4ng minh, LED Pixel 3D, chi\u1ebfu s\u00e1ng trang tr\u00ed \u0111\u00f4 th\u1ecb, chi\u1ebfu s\u00e1ng v\u00f2ng xoay, chi\u1ebfu s\u00e1ng \u0111\u1ea3o giao th\u00f4ng, c\u1ed5ng ch\u00e0o \u0111\u00f4 th\u1ecb\",\"publisher\":{\"@id\":\"https:\\\/\\\/vilight.vn\\\/website\\\/#organization\"},\"potentialAction\":[{\"@type\":\"SearchAction\",\"target\":{\"@type\":\"EntryPoint\",\"urlTemplate\":\"https:\\\/\\\/vilight.vn\\\/website\\\/?s={search_term_string}\"},\"query-input\":{\"@type\":\"PropertyValueSpecification\",\"valueRequired\":true,\"valueName\":\"search_term_string\"}}],\"inLanguage\":\"vi\"},{\"@type\":\"Organization\",\"@id\":\"https:\\\/\\\/vilight.vn\\\/website\\\/#organization\",\"name\":\"Vilight\",\"url\":\"https:\\\/\\\/vilight.vn\\\/website\\\/\",\"logo\":{\"@type\":\"ImageObject\",\"inLanguage\":\"vi\",\"@id\":\"https:\\\/\\\/vilight.vn\\\/website\\\/#\\\/schema\\\/logo\\\/image\\\/\",\"url\":\"https:\\\/\\\/vilight.vn\\\/website\\\/wp-content\\\/uploads\\\/2022\\\/05\\\/chieu_sang_trang_tri_do_thi_bang_den_led_pixel.png\",\"contentUrl\":\"https:\\\/\\\/vilight.vn\\\/website\\\/wp-content\\\/uploads\\\/2022\\\/05\\\/chieu_sang_trang_tri_do_thi_bang_den_led_pixel.png\",\"width\":800,\"height\":427,\"caption\":\"Vilight\"},\"image\":{\"@id\":\"https:\\\/\\\/vilight.vn\\\/website\\\/#\\\/schema\\\/logo\\\/image\\\/\"},\"sameAs\":[\"http:\\\/\\\/facebook.com\\\/vilight.vn\",\"https:\\\/\\\/www.linkedin.com\\\/company\\\/vilight-vn\",\"https:\\\/\\\/www.youtube.com\\\/channel\\\/UCEwR2naeDcuarMX1kSv_rLQ\\\/videos\"]}]}<\/script>\n<meta property=\"product:brand\" content=\"\u0110\u00e8n \u00c2m N\u01b0\u1edbc\" \/>\n<meta property=\"product:price:amount\" content=\"3200000\" \/>\n<meta property=\"product:price:currency\" content=\"VND\" \/>\n<meta property=\"og:availability\" content=\"instock\" \/>\n<meta property=\"product:availability\" content=\"instock\" \/>\n<meta property=\"product:condition\" content=\"new\" \/>\n<!-- \/ Yoast SEO Premium plugin. -->","yoast_head_json":{"title":"\u0110\u00e8n \u00c2m N\u01b0\u1edbc 5W (\u0111\u00e8n \u00e2m n\u01b0\u1edbc 1x3.6W), \u0110\u00e8n \u00e2m n\u01b0\u1edbc cao c\u1ea5p.","description":"\u0110\u00e8n \u00e2m n\u01b0\u1edbc 5W (\u0111\u00e8n \u00e2m n\u01b0\u1edbc 1x3.6W) \u0111\u01b0\u1ee3c thi\u1ebft k\u1ebf \u0111\u1ec3 l\u1eafp \u0111\u1eb7t \u00e2m v\u00e0o k\u1ebft c\u1ea5u b\u00ea t\u00f4ng c\u1ee7a h\u1ed3 n\u01b0\u1edbc nh\u01b0 th\u00e0nh h\u1ed3 n\u01b0\u1edbc hay \u0111\u00e1y h\u1ed3.","robots":{"index":"index","follow":"follow","max-snippet":"max-snippet:-1","max-image-preview":"max-image-preview:large","max-video-preview":"max-video-preview:-1"},"canonical":"https:\/\/vilight.vn\/website\/san-pham\/den-chieu-sang-facade\/den-am-nuoc\/den-am-nuoc-vw03-5w\/","og_locale":"vi_VN","og_type":"article","og_title":"\u0110\u00e8n \u00e2m n\u01b0\u1edbc VW04","og_description":"\u0110\u00e8n \u00e2m v\u00e0o th\u00e0nh h\u1ed3 n\u01b0\u1edbc chi\u1ebfu h\u1eaft s\u00e1ng h\u1ed3 n\u01b0\u1edbc. \u0110\u00e8n c\u00f3 k\u1ebft c\u1ea5u chuy\u00ean nghi\u1ec7p.","og_url":"https:\/\/vilight.vn\/website\/san-pham\/den-chieu-sang-facade\/den-am-nuoc\/den-am-nuoc-vw03-5w\/","og_site_name":"Vilight Co.ltd","article_publisher":"http:\/\/facebook.com\/vilight.vn","article_modified_time":"2024-10-04T03:29:44+00:00","og_image":[{"width":600,"height":600,"url":"https:\/\/vilight.vn\/website\/wp-content\/uploads\/2023\/08\/Den-am-nuoc-PL03.jpg","type":"image\/jpeg"}],"twitter_card":"summary_large_image","twitter_misc":{"Gi\u00e1":"3.200.000&#8363;","Kh\u1ea3 d\u1ee5ng":"Trong kho"},"schema":{"@context":"https:\/\/schema.org","@graph":[{"@type":"WebPage","@id":"https:\/\/vilight.vn\/website\/san-pham\/den-chieu-sang-facade\/den-am-nuoc\/den-am-nuoc-vw03-5w\/","url":"https:\/\/vilight.vn\/website\/san-pham\/den-chieu-sang-facade\/den-am-nuoc\/den-am-nuoc-vw03-5w\/","name":"\u0110\u00e8n \u00c2m N\u01b0\u1edbc 5W (\u0111\u00e8n \u00e2m n\u01b0\u1edbc 1x3.6W), \u0110\u00e8n \u00e2m n\u01b0\u1edbc cao c\u1ea5p.","isPartOf":{"@id":"https:\/\/vilight.vn\/website\/#website"},"primaryImageOfPage":{"@id":"https:\/\/vilight.vn\/website\/san-pham\/den-chieu-sang-facade\/den-am-nuoc\/den-am-nuoc-vw03-5w\/#primaryimage"},"image":{"@id":"https:\/\/vilight.vn\/website\/san-pham\/den-chieu-sang-facade\/den-am-nuoc\/den-am-nuoc-vw03-5w\/#primaryimage"},"thumbnailUrl":"https:\/\/vilight.vn\/website\/wp-content\/uploads\/2023\/08\/Den-am-nuoc-PL03.jpg","datePublished":"2024-05-14T06:59:54+00:00","dateModified":"2024-10-04T03:29:44+00:00","description":"\u0110\u00e8n \u00e2m n\u01b0\u1edbc 5W (\u0111\u00e8n \u00e2m n\u01b0\u1edbc 1x3.6W) \u0111\u01b0\u1ee3c thi\u1ebft k\u1ebf \u0111\u1ec3 l\u1eafp \u0111\u1eb7t \u00e2m v\u00e0o k\u1ebft c\u1ea5u b\u00ea t\u00f4ng c\u1ee7a h\u1ed3 n\u01b0\u1edbc nh\u01b0 th\u00e0nh h\u1ed3 n\u01b0\u1edbc hay \u0111\u00e1y h\u1ed3.","breadcrumb":{"@id":"https:\/\/vilight.vn\/website\/san-pham\/den-chieu-sang-facade\/den-am-nuoc\/den-am-nuoc-vw03-5w\/#breadcrumb"},"inLanguage":"vi","potentialAction":[{"@type":"ReadAction","target":["https:\/\/vilight.vn\/website\/san-pham\/den-chieu-sang-facade\/den-am-nuoc\/den-am-nuoc-vw03-5w\/"]}]},{"@type":"ImageObject","inLanguage":"vi","@id":"https:\/\/vilight.vn\/website\/san-pham\/den-chieu-sang-facade\/den-am-nuoc\/den-am-nuoc-vw03-5w\/#primaryimage","url":"https:\/\/vilight.vn\/website\/wp-content\/uploads\/2023\/08\/Den-am-nuoc-PL03.jpg","contentUrl":"https:\/\/vilight.vn\/website\/wp-content\/uploads\/2023\/08\/Den-am-nuoc-PL03.jpg","width":600,"height":600,"caption":"\u0110\u00e8n \u00e2m n\u01b0\u1edbc VL PL03"},{"@type":"BreadcrumbList","@id":"https:\/\/vilight.vn\/website\/san-pham\/den-chieu-sang-facade\/den-am-nuoc\/den-am-nuoc-vw03-5w\/#breadcrumb","itemListElement":[{"@type":"ListItem","position":1,"name":"Home","item":"https:\/\/vilight.vn\/website\/"},{"@type":"ListItem","position":2,"name":"store","item":"https:\/\/vilight.vn\/website\/store\/"},{"@type":"ListItem","position":3,"name":"\u0110\u00e8n \u00e2m n\u01b0\u1edbc VW04"}]},{"@type":"WebSite","@id":"https:\/\/vilight.vn\/website\/#website","url":"https:\/\/vilight.vn\/website\/","name":"Vilight Co.ltd","description":"Chi\u1ebfu s\u00e1ng m\u1ef9 thu\u1eadt, chi\u1ebfu s\u00e1ng th\u00f4ng minh, LED Pixel 3D, chi\u1ebfu s\u00e1ng trang tr\u00ed \u0111\u00f4 th\u1ecb, chi\u1ebfu s\u00e1ng v\u00f2ng xoay, chi\u1ebfu s\u00e1ng \u0111\u1ea3o giao th\u00f4ng, c\u1ed5ng ch\u00e0o \u0111\u00f4 th\u1ecb","publisher":{"@id":"https:\/\/vilight.vn\/website\/#organization"},"potentialAction":[{"@type":"SearchAction","target":{"@type":"EntryPoint","urlTemplate":"https:\/\/vilight.vn\/website\/?s={search_term_string}"},"query-input":{"@type":"PropertyValueSpecification","valueRequired":true,"valueName":"search_term_string"}}],"inLanguage":"vi"},{"@type":"Organization","@id":"https:\/\/vilight.vn\/website\/#organization","name":"Vilight","url":"https:\/\/vilight.vn\/website\/","logo":{"@type":"ImageObject","inLanguage":"vi","@id":"https:\/\/vilight.vn\/website\/#\/schema\/logo\/image\/","url":"https:\/\/vilight.vn\/website\/wp-content\/uploads\/2022\/05\/chieu_sang_trang_tri_do_thi_bang_den_led_pixel.png","contentUrl":"https:\/\/vilight.vn\/website\/wp-content\/uploads\/2022\/05\/chieu_sang_trang_tri_do_thi_bang_den_led_pixel.png","width":800,"height":427,"caption":"Vilight"},"image":{"@id":"https:\/\/vilight.vn\/website\/#\/schema\/logo\/image\/"},"sameAs":["http:\/\/facebook.com\/vilight.vn","https:\/\/www.linkedin.com\/company\/vilight-vn","https:\/\/www.youtube.com\/channel\/UCEwR2naeDcuarMX1kSv_rLQ\/videos"]}]},"product_brand":"\u0110\u00e8n \u00c2m N\u01b0\u1edbc","product_price_amount":"3200000","product_price_currency":"VND","og_availability":"instock","product_availability":"instock","product_condition":"new"},"_links":{"self":[{"href":"https:\/\/vilight.vn\/website\/wp-json\/wp\/v2\/product\/4723","targetHints":{"allow":["GET"]}}],"collection":[{"href":"https:\/\/vilight.vn\/website\/wp-json\/wp\/v2\/product"}],"about":[{"href":"https:\/\/vilight.vn\/website\/wp-json\/wp\/v2\/types\/product"}],"wp:featuredmedia":[{"embeddable":true,"href":"https:\/\/vilight.vn\/website\/wp-json\/wp\/v2\/media\/4310"}],"wp:attachment":[{"href":"https:\/\/vilight.vn\/website\/wp-json\/wp\/v2\/media?parent=4723"}],"wp:term":[{"taxonomy":"product_brand","embeddable":true,"href":"https:\/\/vilight.vn\/website\/wp-json\/wp\/v2\/product_brand?post=4723"},{"taxonomy":"product_cat","embeddable":true,"href":"https:\/\/vilight.vn\/website\/wp-json\/wp\/v2\/product_cat?post=4723"},{"taxonomy":"product_tag","embeddable":true,"href":"https:\/\/vilight.vn\/website\/wp-json\/wp\/v2\/product_tag?post=4723"}],"curies":[{"name":"wp","href":"https:\/\/api.w.org\/{rel}","templated":true}]}}