{"id":4729,"date":"2024-05-15T11:37:58","date_gmt":"2024-05-15T04:37:58","guid":{"rendered":"https:\/\/vilight.vn\/website\/?post_type=product&#038;p=4729"},"modified":"2024-10-04T10:34:44","modified_gmt":"2024-10-04T03:34:44","slug":"den-am-nuoc-vw08","status":"publish","type":"product","link":"https:\/\/vilight.vn\/website\/san-pham\/den-chieu-sang-facade\/den-am-nuoc\/den-am-nuoc-vw08\/","title":{"rendered":"\u0110\u00e8n \u00e2m n\u01b0\u1edbc VW08"},"content":{"rendered":"<h2>\u0110\u00e8n \u00e2m n\u01b0\u1edbc 12W\u00a0 :<\/h2>\n<ul>\n<li>\u0110\u00e8n \u00e2m n\u01b0\u1edbc, lo\u1ea1i \u0111\u00e8n \u00e2m d\u01b0\u1edbi s\u00e0n h\u1ed3 n\u01b0\u1edbc, \u00e2m trong k\u1ebft c\u1ea5u b\u00ea t\u00f4ng.<\/li>\n<li>\u0110\u00e8n c\u00f3 k\u00edch th\u01b0\u1edbc nh\u1ecf g\u1ecdn.\u0110\u00e8n c\u00f3 k\u00e8m theo k\u1ebft c\u1ea5u l\u1eafp \u0111\u1eb7t chuy\u00ean d\u1ee5ng.<\/li>\n<li>S\u1eed d\u1ee5ng chip LED Osram ch\u1ea5t l\u01b0\u1ee3ng cao.<\/li>\n<li>\u0110\u00e8n LED \u00e2m n\u01b0\u1edbc 4&#215;2.7W.<\/li>\n<li>C\u00f4ng su\u1ea5t \u0111\u00e8n 4&#215;2.7W Single Color.<\/li>\n<li>V\u1ecf \u0111\u00e8n b\u1eb1ng th\u00e9p kh\u00f4ng g\u1ec9 SUS316.K\u00ednh c\u01b0\u1eddng l\u1ef1c d\u00e0y 8mm.V\u1ecf \u0111\u1ec3 l\u00e0m m\u00f3ng \u0111\u00e8n l\u00e0m b\u1eb1ng nh\u1ef1a PC\/ABS ALLOYS.<br \/>\nhide<img decoding=\"async\" data-src=\"https:\/\/vilight.vn\/website\/wp-content\/uploads\/2024\/05\/den_am_nuoc_12W_den_am_nuoc_4x2.7w.jpg#4731\" alt=\"den_am_nuoc_12W_den_am_nuoc_4x2.7w\" src=\"data:image\/svg+xml;base64,PHN2ZyB3aWR0aD0iMSIgaGVpZ2h0PSIxIiB4bWxucz0iaHR0cDovL3d3dy53My5vcmcvMjAwMC9zdmciPjwvc3ZnPg==\" class=\"lazyload\" style=\"--smush-placeholder-width: 1150px; --smush-placeholder-aspect-ratio: 1150\/360;\" \/><br \/>\nfull<br \/>\n\u0110\u00e8n \u00e2m n\u01b0\u1edbc 5W<br \/>\n\u0110\u00e8n \u00e2m n\u01b0\u1edbc 1&#215;3.6W<br \/>\ncontain<br \/>\ncenter center<br \/>\nhide<\/li>\n<\/ul>\n<h2>Th\u00f4ng s\u1ed1 k\u1ef9 thu\u1eadt \u0111\u00e8n \u00e2m n\u01b0\u1edbc 12W, \u0111\u00e8n led \u00e2m n\u01b0\u1edbc 4&#215;2.7W \u0111\u01a1n s\u1eafc :<\/h2>\n<ul>\n<li>Th\u00f4ng tinTh\u00f4ng s\u1ed1 k\u1ef9 thu\u1eadt.<\/li>\n<li>Ngu\u1ed3n s\u00e1ng 4 x 2.7W \u0111\u01a1n s\u1eafc.<\/li>\n<li>C\u00f4ng su\u1ea5t ti\u00eau th\u1ee512.2W.<\/li>\n<li>G\u00f3c chi\u1ebfu 20\u00b0 35\u00b0 50\u00b0.<\/li>\n<li>\u0110i\u1ec7n \u00e1p ho\u1ea1t \u0111\u1ed9ng DC24V.<\/li>\n<li>\u0110i\u1ec1u khi\u1ec3n ON\/OFF, 1-10V, Dali, c\u00f3 th\u1ec3 gi\u00e1m s\u00e1t v\u00e0 \u0111i\u1ec1u ch\u1ec9nh c\u00f4ng su\u1ea5t th\u00f4ng qua \u0111i\u1ec7n tho\u1ea1i.<\/li>\n<li>Quang th\u00f4ng 900 lumens (\u1edf 4.000K).<\/li>\n<li>Nhi\u1ec7t \u0111\u1ed9 ho\u1ea1t \u0111\u1ed9ng Nhi\u1ec7t \u0111\u1ed9 m\u00f4i tr\u01b0\u1eddng n\u01b0\u1edbc khi ho\u1ea1t \u0111\u1ed9ng : &#8211; 20\u00baC ~ 40\u00baC.<\/li>\n<li>D\u00e2y c\u00e1p theo \u0111\u00e8n2\u00d71.0mm\u00b2, L=1m\u0110\u1ed9 k\u00ednIP68.<\/li>\n<li>\u0110\u1ed9 d\u00e0y m\u1eb7t k\u00ednh 8 mm.<\/li>\n<li>IK08<br \/>\nhide<img decoding=\"async\" data-src=\"https:\/\/vilight.vn\/website\/wp-content\/uploads\/2024\/05\/quang-pho-den-am-nuoc-12w.jpg#4732\" alt=\"quang pho den am nuoc 12w\" src=\"data:image\/svg+xml;base64,PHN2ZyB3aWR0aD0iMSIgaGVpZ2h0PSIxIiB4bWxucz0iaHR0cDovL3d3dy53My5vcmcvMjAwMC9zdmciPjwvc3ZnPg==\" class=\"lazyload\" style=\"--smush-placeholder-width: 1761px; --smush-placeholder-aspect-ratio: 1761\/385;\" \/><br \/>\nfull<br \/>\nQuang ph\u1ed5 \u0111\u00e8n \u00e2m n\u01b0\u1edbc 12W<br \/>\nQuang ph\u1ed5 \u0111\u00e8n \u1edf g\u00f3c chi\u1ebfu 30 \u0111\u1ed9.<br \/>\ncontain<br \/>\ncenter center<br \/>\nhide<img decoding=\"async\" data-src=\"https:\/\/vilight.vn\/website\/wp-content\/uploads\/2024\/05\/Den_am_nuoc_12W_den_am_nuoc_4x2.7W-1.jpg#4733\" alt=\"Den_am_nuoc_12W_den_am_nuoc_4x2.7W\" src=\"data:image\/svg+xml;base64,PHN2ZyB3aWR0aD0iMSIgaGVpZ2h0PSIxIiB4bWxucz0iaHR0cDovL3d3dy53My5vcmcvMjAwMC9zdmciPjwvc3ZnPg==\" class=\"lazyload\" style=\"--smush-placeholder-width: 1200px; --smush-placeholder-aspect-ratio: 1200\/636;\" \/><br \/>\nfull<br \/>\nHi\u1ec7u \u1ee9ng h\u1ed3 n\u01b0\u1edbc s\u1eed d\u1ee5ng \u0111\u00e8n \u00e2m th\u00e0nh h\u1ed3 n\u01b0\u1edbc<br \/>\nC\u00f4ng tr\u00ecnh minh h\u1ecda, chi\u1ebfu s\u00e1ng h\u1ed3 n\u01b0\u1edbc b\u1eb1ng \u0111\u00e8n \u00e2m \u0111\u00e1y h\u1ed3<br \/>\ncontain<br \/>\ncenter center<br \/>\nhide<\/li>\n<\/ul>\n<p><strong>\u01afu \u0111i\u00eam c\u1ee7a \u0111\u00e8n \u00e2m n\u01b0\u1edbc h\u1ed3 b\u01a1i\u00a0<\/strong><\/p>\n<p>&#8211; \u0110\u00e8n s\u1eed d\u1ee5ng c\u00e1c nh\u00e2n vi\u00ean l\u1eafp r\u00e1p c\u00f3 tay ngh\u1ec1 cao v\u00e0 \u0111\u00e3 c\u00f3 nhi\u1ec1u kinh nghi\u1ec7m trong l\u0129nh v\u1ef1c \u0111\u00e8n led.<\/p>\n<p>&#8211; \u0110\u00e8n s\u1eed d\u1ee5ng c\u00e1c v\u1eadt li\u1ec7u cao c\u1ea5p \u0111\u1ec3 t\u1ea1o th\u00e0nh mang \u0111\u1ebfn s\u1ea3n ph\u1ea9m ch\u1ea5t l\u01b0\u1ee3ng nh\u1ea5t.<\/p>\n<p><strong>Chip led c\u1ee7a \u0111\u00e8n \u00e2m n\u01b0\u1edbc h\u1ed3 b\u01a1i<\/strong><\/p>\n<p>&#8211; Chip led c\u1ee7a \u0111\u00e8n h\u1ed3 b\u01a1i c\u1ee7a Heesun s\u1eed d\u1ee5ng chip led Epileds cao c\u1ea5p c\u1ee7a \u0110\u00e0i Loan.<\/p>\n<p>&#8211; S\u1eed d\u1ee5ng chip led cao c\u1ea5p cho n\u00ean tu\u1ed5i th\u1ecd c\u1ee7a \u0111\u00e8n led b\u1ec3 b\u01a1i Heesun l\u00ean t\u1edbi 65.000 gi\u1edd v\u00e0 c\u00f3 kh\u1ea3 n\u0103ng ti\u1ebft ki\u1ec7m 80% \u0111i\u1ec7n, t\u1eeb \u0111\u00f3 s\u1ebd gi\u00fap b\u1ea1n ti\u1ebft ki\u1ec7m r\u1ea5t nhi\u1ec1u chi ph\u00ed.<\/p>\n<p><strong>Ngu\u1ed3n led\u00a0<\/strong><\/p>\n<p>&#8211; Ngu\u1ed3n \u0111i\u1ec7n s\u1eed d\u1ee5ng ngu\u1ed3n 12v ho\u1eb7c 24 \u0111\u1ec3 \u0111\u1ea3m b\u1ea3o t\u00ednh an to\u00e0n cho ng\u01b0\u1eddi v\u00e0 vi sinh v\u1eadt.<\/p>\n<p>&#8211; Ngu\u1ed3n led s\u1eed d\u1ee5ng ngu\u1ed3n Meanwell v\u00e0 Done gi\u00fap \u0111\u00e8n c\u00f3 th\u1ec3 ho\u1ea1t \u0111\u1ed9ng \u1ed5n \u0111\u1ecbnh.<\/p>\n<p>&#8211; C\u00e1c h\u00e3ng ngu\u1ed3n tr\u00ean \u0111\u01b0\u1ee3c r\u1ea5t nhi\u1ec1u chuy\u00ean gia \u0111\u00e1nh gi\u00e1 cao tr\u00ean th\u1ecb tr\u01b0\u1eddng.<\/p>\n<h3><b>Th\u00e2n \u0111\u00e8n<\/b><\/h3>\n<p>&#8211; S\u1eed d\u1ee5ng c\u00e1c v\u1eadt li\u1ec7u b\u1ec1n b\u1ec9 nh\u01b0 Inox 304 v\u00e0 nh\u1ef1a ABS \u0111\u1ec3 c\u1ea5u th\u00e0nh.<\/p>\n<p>&#8211; 2 ch\u1ea5t li\u1ec7u n\u00e0y s\u1ebd kh\u00f4ng b\u1ecb oxy ho\u00e1 v\u00e0 ch\u1ecbu \u0111\u01b0\u1ee3c \u00e1p l\u1ef1c n\u01b0\u1edbc l\u1edbn m\u00e0 kh\u00f4ng b\u1ecb bi\u1ebfn d\u1ea1ng.<\/p>\n<p>&#8211; \u0110\u00e8n \u0111\u01b0\u1ee3c r\u00e1p theo ti\u00eau chu\u1ea9n IP68 r\u1ea5t k\u00edn v\u00e0 ch\u1eb7t ch\u1ebd, c\u00f3 \u0111\u1ed9 ho\u00e0n thi\u1ec7n cao.<\/p>\n<p><strong>V\u1ecb tr\u00ed l\u1eafp \u0111\u1eb7t<\/strong><\/p>\n<p>&#8211; \u0110\u00e8n c\u00f3 th\u1ec3 l\u1eafp \u0111\u1eb7t nhi\u1ec1u v\u1ecb tr\u00ed kh\u00e1c nhau nh\u01b0 b\u1ed3n masage, ph\u00f2ng x\u00f4ng h\u01a1i, su\u1ed1i n\u01b0\u1edbc n\u00f3ng, b\u1ec3 b\u01a1i, h\u1ed3 b\u01a1i\u2026<\/p>\n<p>&#8211; \u0110\u00e8n c\u00f3 th\u1ec3 k\u1ebft h\u1ee3p v\u1edbi nhi\u1ec1u m\u1eabu\u00a0<strong>\u0111\u00e8n \u00e2m n\u01b0\u1edbc<\/strong>\u00a0kh\u00e1c \u0111\u1ec3 t\u00f4 \u0111i\u1ec3m n\u1ed5i b\u1eadt cho kh\u00f4ng gian chi\u1ebfu s\u00e1ng c\u1ee7a b\u1ea1n.<\/p>\n<h2><em><strong>1. Th\u00f4ng s\u1ed1 k\u1ef9 thu\u1eadt c\u1ee7a \u0110\u00e8n\u00a0LED \u00e2m n\u01b0\u1edbc h\u1ed3 b\u01a1i 12V<\/strong><\/em><\/h2>\n<table>\n<tbody>\n<tr>\n<td><strong>STT<\/strong><\/td>\n<td><strong>Ch\u1ec9 ti\u00eau<\/strong><\/td>\n<td><b>9W<\/b><\/td>\n<td><strong>12W<\/strong><\/td>\n<td><strong>18W<\/strong><\/td>\n<td><strong>24w<\/strong><\/td>\n<td><strong>36W<\/strong><\/td>\n<\/tr>\n<tr>\n<td>1<\/td>\n<td><strong>\u0110i\u1ec7n \u00e1p<\/strong><\/td>\n<td>12V<\/td>\n<td>12V<\/td>\n<td>12V<\/td>\n<td>12V<\/td>\n<td>12V<\/td>\n<\/tr>\n<tr>\n<td>2<\/td>\n<td><strong>Ti\u00eau chu\u1ea9n ch\u1ed1ng n\u01b0\u1edbc<\/strong><\/td>\n<td>IP68<\/td>\n<td>IP68<\/td>\n<td>IP68<\/td>\n<td>IP68<\/td>\n<td>IP68<\/td>\n<\/tr>\n<tr>\n<td>3<\/td>\n<td><strong>M\u00e0u S\u1eafc<\/strong><\/td>\n<td>Tr\u1eafng\/V\u00e0ng\/ \u0111\u1ed5i m\u00e0u<\/td>\n<td>Tr\u1eafng\/V\u00e0ng\/ \u0111\u1ed5i m\u00e0u<\/td>\n<td>Tr\u1eafng\/V\u00e0ng\/ \u0111\u1ed5i m\u00e0u<\/td>\n<td>Tr\u1eafng\/V\u00e0ng\/ \u0111\u1ed5i m\u00e0u<\/td>\n<td>Tr\u1eafng\/V\u00e0ng\/ \u0111\u1ed5i m\u00e0u<\/td>\n<\/tr>\n<tr>\n<td>4<\/td>\n<td><strong>K\u00edch th\u01b0\u1edbc<\/strong><\/td>\n<td>\u00d8230mm<\/td>\n<td>\u00d8230mm<\/td>\n<td>\u00d8300mm<\/td>\n<td>\u00d8300mm<\/td>\n<td>\u00d8300mm<\/td>\n<\/tr>\n<tr>\n<td>5<\/td>\n<td><strong>Tu\u1ed5i th\u1ecd<\/strong><\/td>\n<td>65,000 h<\/td>\n<td>65,000 h<\/td>\n<td>65,000 h<\/td>\n<td>65,000 h<\/td>\n<td>65,000 h<\/td>\n<\/tr>\n<\/tbody>\n<\/table>\n","protected":false},"excerpt":{"rendered":"<p style=\"text-align: justify;\"><span style=\"font-size: 12pt;\">\u0110\u00e8n \u00e2m v\u00e0o th\u00e0nh h\u1ed3 n\u01b0\u1edbc chi\u1ebfu h\u1eaft s\u00e1ng h\u1ed3 n\u01b0\u1edbc. \u0110\u00e8n c\u00f3 k\u1ebft c\u1ea5u chuy\u00ean nghi\u1ec7p.<\/span><\/p>\n","protected":false},"featured_media":4310,"template":"","meta":[],"product_brand":[],"product_cat":[633,73],"product_tag":[],"class_list":{"0":"post-4729","1":"product","2":"type-product","3":"status-publish","4":"has-post-thumbnail","6":"product_cat-den-am-nuoc","7":"product_cat-den-chieu-sang-facade","8":"pa_chuan-dieu-khien-1-10v","9":"pa_chuan-dieu-khien-dali","10":"pa_chuan-dieu-khien-on-off","11":"pa_cong-suat-12w","12":"pa_dien-ap-hoat-dong-24vdc","13":"pa_do-chiu-luc-ik08","14":"pa_do-kin-ip68","15":"pa_goc-chieu-308","16":"pa_goc-chieu-233","17":"pa_goc-chieu-606","18":"pa_nhiet-do-mau-3000k","19":"pa_nhiet-do-mau-4000k","20":"pa_nhiet-do-mau-6000k","22":"first","23":"instock","24":"taxable","25":"shipping-taxable","26":"purchasable","27":"product-type-simple"},"yoast_head":"<!-- This site is optimized with the Yoast SEO Premium plugin v27.4 (Yoast SEO v27.4) - https:\/\/yoast.com\/product\/yoast-seo-premium-wordpress\/ -->\n<title>\u0110\u00e8n \u00c2m N\u01b0\u1edbc 12W (\u0111\u00e8n \u00e2m n\u01b0\u1edbc 4x2.7W), \u00c2m Th\u00e0nh H\u1ed3 B\u01a1i.<\/title>\n<meta name=\"description\" content=\"\u0110\u00e8n \u00e2m n\u01b0\u1edbc 12W (\u0111\u00e8n \u00e2m n\u01b0\u1edbc 4x2.7W) \u0111\u01b0\u1ee3c thi\u1ebft k\u1ebf \u0111\u1ec3 l\u1eafp \u0111\u1eb7t \u00e2m v\u00e0o k\u1ebft c\u1ea5u b\u00ea t\u00f4ng c\u1ee7a h\u1ed3 n\u01b0\u1edbc nh\u01b0 th\u00e0nh h\u1ed3 n\u01b0\u1edbc hay \u0111\u00e1y h\u1ed3.\" \/>\n<meta name=\"robots\" content=\"index, follow, max-snippet:-1, max-image-preview:large, max-video-preview:-1\" \/>\n<link rel=\"canonical\" href=\"https:\/\/vilight.vn\/website\/san-pham\/den-chieu-sang-facade\/den-am-nuoc\/den-am-nuoc-vw08\/\" \/>\n<meta property=\"og:locale\" content=\"vi_VN\" \/>\n<meta property=\"og:type\" content=\"article\" \/>\n<meta property=\"og:title\" content=\"\u0110\u00e8n \u00e2m n\u01b0\u1edbc VW08\" \/>\n<meta property=\"og:description\" content=\"\u0110\u00e8n \u00e2m v\u00e0o th\u00e0nh h\u1ed3 n\u01b0\u1edbc chi\u1ebfu h\u1eaft s\u00e1ng h\u1ed3 n\u01b0\u1edbc. \u0110\u00e8n c\u00f3 k\u1ebft c\u1ea5u chuy\u00ean nghi\u1ec7p.\" \/>\n<meta property=\"og:url\" content=\"https:\/\/vilight.vn\/website\/san-pham\/den-chieu-sang-facade\/den-am-nuoc\/den-am-nuoc-vw08\/\" \/>\n<meta property=\"og:site_name\" content=\"Vilight Co.ltd\" \/>\n<meta property=\"article:publisher\" content=\"http:\/\/facebook.com\/vilight.vn\" \/>\n<meta property=\"article:modified_time\" content=\"2024-10-04T03:34:44+00:00\" \/>\n<meta property=\"og:image\" content=\"https:\/\/vilight.vn\/website\/wp-content\/uploads\/2023\/08\/Den-am-nuoc-PL03.jpg\" \/>\n\t<meta property=\"og:image:width\" content=\"600\" \/>\n\t<meta property=\"og:image:height\" content=\"600\" \/>\n\t<meta property=\"og:image:type\" content=\"image\/jpeg\" \/>\n<meta name=\"twitter:card\" content=\"summary_large_image\" \/>\n<meta name=\"twitter:label1\" content=\"Gi\u00e1\" \/>\n\t<meta name=\"twitter:data1\" content=\"3.500.000&#8363;\" \/>\n\t<meta name=\"twitter:label2\" content=\"Kh\u1ea3 d\u1ee5ng\" \/>\n\t<meta name=\"twitter:data2\" content=\"Trong kho\" \/>\n<script type=\"application\/ld+json\" class=\"yoast-schema-graph\">{\"@context\":\"https:\\\/\\\/schema.org\",\"@graph\":[{\"@type\":\"WebPage\",\"@id\":\"https:\\\/\\\/vilight.vn\\\/website\\\/san-pham\\\/den-chieu-sang-facade\\\/den-am-nuoc\\\/den-am-nuoc-vw08\\\/\",\"url\":\"https:\\\/\\\/vilight.vn\\\/website\\\/san-pham\\\/den-chieu-sang-facade\\\/den-am-nuoc\\\/den-am-nuoc-vw08\\\/\",\"name\":\"\u0110\u00e8n \u00c2m N\u01b0\u1edbc 12W (\u0111\u00e8n \u00e2m n\u01b0\u1edbc 4x2.7W), \u00c2m Th\u00e0nh H\u1ed3 B\u01a1i.\",\"isPartOf\":{\"@id\":\"https:\\\/\\\/vilight.vn\\\/website\\\/#website\"},\"primaryImageOfPage\":{\"@id\":\"https:\\\/\\\/vilight.vn\\\/website\\\/san-pham\\\/den-chieu-sang-facade\\\/den-am-nuoc\\\/den-am-nuoc-vw08\\\/#primaryimage\"},\"image\":{\"@id\":\"https:\\\/\\\/vilight.vn\\\/website\\\/san-pham\\\/den-chieu-sang-facade\\\/den-am-nuoc\\\/den-am-nuoc-vw08\\\/#primaryimage\"},\"thumbnailUrl\":\"https:\\\/\\\/vilight.vn\\\/website\\\/wp-content\\\/uploads\\\/2023\\\/08\\\/Den-am-nuoc-PL03.jpg\",\"datePublished\":\"2024-05-15T04:37:58+00:00\",\"dateModified\":\"2024-10-04T03:34:44+00:00\",\"description\":\"\u0110\u00e8n \u00e2m n\u01b0\u1edbc 12W (\u0111\u00e8n \u00e2m n\u01b0\u1edbc 4x2.7W) \u0111\u01b0\u1ee3c thi\u1ebft k\u1ebf \u0111\u1ec3 l\u1eafp \u0111\u1eb7t \u00e2m v\u00e0o k\u1ebft c\u1ea5u b\u00ea t\u00f4ng c\u1ee7a h\u1ed3 n\u01b0\u1edbc nh\u01b0 th\u00e0nh h\u1ed3 n\u01b0\u1edbc hay \u0111\u00e1y h\u1ed3.\",\"breadcrumb\":{\"@id\":\"https:\\\/\\\/vilight.vn\\\/website\\\/san-pham\\\/den-chieu-sang-facade\\\/den-am-nuoc\\\/den-am-nuoc-vw08\\\/#breadcrumb\"},\"inLanguage\":\"vi\",\"potentialAction\":[{\"@type\":\"ReadAction\",\"target\":[\"https:\\\/\\\/vilight.vn\\\/website\\\/san-pham\\\/den-chieu-sang-facade\\\/den-am-nuoc\\\/den-am-nuoc-vw08\\\/\"]}]},{\"@type\":\"ImageObject\",\"inLanguage\":\"vi\",\"@id\":\"https:\\\/\\\/vilight.vn\\\/website\\\/san-pham\\\/den-chieu-sang-facade\\\/den-am-nuoc\\\/den-am-nuoc-vw08\\\/#primaryimage\",\"url\":\"https:\\\/\\\/vilight.vn\\\/website\\\/wp-content\\\/uploads\\\/2023\\\/08\\\/Den-am-nuoc-PL03.jpg\",\"contentUrl\":\"https:\\\/\\\/vilight.vn\\\/website\\\/wp-content\\\/uploads\\\/2023\\\/08\\\/Den-am-nuoc-PL03.jpg\",\"width\":600,\"height\":600,\"caption\":\"\u0110\u00e8n \u00e2m n\u01b0\u1edbc VL PL03\"},{\"@type\":\"BreadcrumbList\",\"@id\":\"https:\\\/\\\/vilight.vn\\\/website\\\/san-pham\\\/den-chieu-sang-facade\\\/den-am-nuoc\\\/den-am-nuoc-vw08\\\/#breadcrumb\",\"itemListElement\":[{\"@type\":\"ListItem\",\"position\":1,\"name\":\"Home\",\"item\":\"https:\\\/\\\/vilight.vn\\\/website\\\/\"},{\"@type\":\"ListItem\",\"position\":2,\"name\":\"store\",\"item\":\"https:\\\/\\\/vilight.vn\\\/website\\\/store\\\/\"},{\"@type\":\"ListItem\",\"position\":3,\"name\":\"\u0110\u00e8n \u00e2m n\u01b0\u1edbc VW08\"}]},{\"@type\":\"WebSite\",\"@id\":\"https:\\\/\\\/vilight.vn\\\/website\\\/#website\",\"url\":\"https:\\\/\\\/vilight.vn\\\/website\\\/\",\"name\":\"Vilight Co.ltd\",\"description\":\"Chi\u1ebfu s\u00e1ng m\u1ef9 thu\u1eadt, chi\u1ebfu s\u00e1ng th\u00f4ng minh, LED Pixel 3D, chi\u1ebfu s\u00e1ng trang tr\u00ed \u0111\u00f4 th\u1ecb, chi\u1ebfu s\u00e1ng v\u00f2ng xoay, chi\u1ebfu s\u00e1ng \u0111\u1ea3o giao th\u00f4ng, c\u1ed5ng ch\u00e0o \u0111\u00f4 th\u1ecb\",\"publisher\":{\"@id\":\"https:\\\/\\\/vilight.vn\\\/website\\\/#organization\"},\"potentialAction\":[{\"@type\":\"SearchAction\",\"target\":{\"@type\":\"EntryPoint\",\"urlTemplate\":\"https:\\\/\\\/vilight.vn\\\/website\\\/?s={search_term_string}\"},\"query-input\":{\"@type\":\"PropertyValueSpecification\",\"valueRequired\":true,\"valueName\":\"search_term_string\"}}],\"inLanguage\":\"vi\"},{\"@type\":\"Organization\",\"@id\":\"https:\\\/\\\/vilight.vn\\\/website\\\/#organization\",\"name\":\"Vilight\",\"url\":\"https:\\\/\\\/vilight.vn\\\/website\\\/\",\"logo\":{\"@type\":\"ImageObject\",\"inLanguage\":\"vi\",\"@id\":\"https:\\\/\\\/vilight.vn\\\/website\\\/#\\\/schema\\\/logo\\\/image\\\/\",\"url\":\"https:\\\/\\\/vilight.vn\\\/website\\\/wp-content\\\/uploads\\\/2022\\\/05\\\/chieu_sang_trang_tri_do_thi_bang_den_led_pixel.png\",\"contentUrl\":\"https:\\\/\\\/vilight.vn\\\/website\\\/wp-content\\\/uploads\\\/2022\\\/05\\\/chieu_sang_trang_tri_do_thi_bang_den_led_pixel.png\",\"width\":800,\"height\":427,\"caption\":\"Vilight\"},\"image\":{\"@id\":\"https:\\\/\\\/vilight.vn\\\/website\\\/#\\\/schema\\\/logo\\\/image\\\/\"},\"sameAs\":[\"http:\\\/\\\/facebook.com\\\/vilight.vn\",\"https:\\\/\\\/www.linkedin.com\\\/company\\\/vilight-vn\",\"https:\\\/\\\/www.youtube.com\\\/channel\\\/UCEwR2naeDcuarMX1kSv_rLQ\\\/videos\"]}]}<\/script>\n<meta property=\"product:brand\" content=\"\u0110\u00e8n \u00c2m N\u01b0\u1edbc\" \/>\n<meta property=\"product:price:amount\" content=\"3500000\" \/>\n<meta property=\"product:price:currency\" content=\"VND\" \/>\n<meta property=\"og:availability\" content=\"instock\" \/>\n<meta property=\"product:availability\" content=\"instock\" \/>\n<meta property=\"product:condition\" content=\"new\" \/>\n<!-- \/ Yoast SEO Premium plugin. -->","yoast_head_json":{"title":"\u0110\u00e8n \u00c2m N\u01b0\u1edbc 12W (\u0111\u00e8n \u00e2m n\u01b0\u1edbc 4x2.7W), \u00c2m Th\u00e0nh H\u1ed3 B\u01a1i.","description":"\u0110\u00e8n \u00e2m n\u01b0\u1edbc 12W (\u0111\u00e8n \u00e2m n\u01b0\u1edbc 4x2.7W) \u0111\u01b0\u1ee3c thi\u1ebft k\u1ebf \u0111\u1ec3 l\u1eafp \u0111\u1eb7t \u00e2m v\u00e0o k\u1ebft c\u1ea5u b\u00ea t\u00f4ng c\u1ee7a h\u1ed3 n\u01b0\u1edbc nh\u01b0 th\u00e0nh h\u1ed3 n\u01b0\u1edbc hay \u0111\u00e1y h\u1ed3.","robots":{"index":"index","follow":"follow","max-snippet":"max-snippet:-1","max-image-preview":"max-image-preview:large","max-video-preview":"max-video-preview:-1"},"canonical":"https:\/\/vilight.vn\/website\/san-pham\/den-chieu-sang-facade\/den-am-nuoc\/den-am-nuoc-vw08\/","og_locale":"vi_VN","og_type":"article","og_title":"\u0110\u00e8n \u00e2m n\u01b0\u1edbc VW08","og_description":"\u0110\u00e8n \u00e2m v\u00e0o th\u00e0nh h\u1ed3 n\u01b0\u1edbc chi\u1ebfu h\u1eaft s\u00e1ng h\u1ed3 n\u01b0\u1edbc. \u0110\u00e8n c\u00f3 k\u1ebft c\u1ea5u chuy\u00ean nghi\u1ec7p.","og_url":"https:\/\/vilight.vn\/website\/san-pham\/den-chieu-sang-facade\/den-am-nuoc\/den-am-nuoc-vw08\/","og_site_name":"Vilight Co.ltd","article_publisher":"http:\/\/facebook.com\/vilight.vn","article_modified_time":"2024-10-04T03:34:44+00:00","og_image":[{"width":600,"height":600,"url":"https:\/\/vilight.vn\/website\/wp-content\/uploads\/2023\/08\/Den-am-nuoc-PL03.jpg","type":"image\/jpeg"}],"twitter_card":"summary_large_image","twitter_misc":{"Gi\u00e1":"3.500.000&#8363;","Kh\u1ea3 d\u1ee5ng":"Trong kho"},"schema":{"@context":"https:\/\/schema.org","@graph":[{"@type":"WebPage","@id":"https:\/\/vilight.vn\/website\/san-pham\/den-chieu-sang-facade\/den-am-nuoc\/den-am-nuoc-vw08\/","url":"https:\/\/vilight.vn\/website\/san-pham\/den-chieu-sang-facade\/den-am-nuoc\/den-am-nuoc-vw08\/","name":"\u0110\u00e8n \u00c2m N\u01b0\u1edbc 12W (\u0111\u00e8n \u00e2m n\u01b0\u1edbc 4x2.7W), \u00c2m Th\u00e0nh H\u1ed3 B\u01a1i.","isPartOf":{"@id":"https:\/\/vilight.vn\/website\/#website"},"primaryImageOfPage":{"@id":"https:\/\/vilight.vn\/website\/san-pham\/den-chieu-sang-facade\/den-am-nuoc\/den-am-nuoc-vw08\/#primaryimage"},"image":{"@id":"https:\/\/vilight.vn\/website\/san-pham\/den-chieu-sang-facade\/den-am-nuoc\/den-am-nuoc-vw08\/#primaryimage"},"thumbnailUrl":"https:\/\/vilight.vn\/website\/wp-content\/uploads\/2023\/08\/Den-am-nuoc-PL03.jpg","datePublished":"2024-05-15T04:37:58+00:00","dateModified":"2024-10-04T03:34:44+00:00","description":"\u0110\u00e8n \u00e2m n\u01b0\u1edbc 12W (\u0111\u00e8n \u00e2m n\u01b0\u1edbc 4x2.7W) \u0111\u01b0\u1ee3c thi\u1ebft k\u1ebf \u0111\u1ec3 l\u1eafp \u0111\u1eb7t \u00e2m v\u00e0o k\u1ebft c\u1ea5u b\u00ea t\u00f4ng c\u1ee7a h\u1ed3 n\u01b0\u1edbc nh\u01b0 th\u00e0nh h\u1ed3 n\u01b0\u1edbc hay \u0111\u00e1y h\u1ed3.","breadcrumb":{"@id":"https:\/\/vilight.vn\/website\/san-pham\/den-chieu-sang-facade\/den-am-nuoc\/den-am-nuoc-vw08\/#breadcrumb"},"inLanguage":"vi","potentialAction":[{"@type":"ReadAction","target":["https:\/\/vilight.vn\/website\/san-pham\/den-chieu-sang-facade\/den-am-nuoc\/den-am-nuoc-vw08\/"]}]},{"@type":"ImageObject","inLanguage":"vi","@id":"https:\/\/vilight.vn\/website\/san-pham\/den-chieu-sang-facade\/den-am-nuoc\/den-am-nuoc-vw08\/#primaryimage","url":"https:\/\/vilight.vn\/website\/wp-content\/uploads\/2023\/08\/Den-am-nuoc-PL03.jpg","contentUrl":"https:\/\/vilight.vn\/website\/wp-content\/uploads\/2023\/08\/Den-am-nuoc-PL03.jpg","width":600,"height":600,"caption":"\u0110\u00e8n \u00e2m n\u01b0\u1edbc VL PL03"},{"@type":"BreadcrumbList","@id":"https:\/\/vilight.vn\/website\/san-pham\/den-chieu-sang-facade\/den-am-nuoc\/den-am-nuoc-vw08\/#breadcrumb","itemListElement":[{"@type":"ListItem","position":1,"name":"Home","item":"https:\/\/vilight.vn\/website\/"},{"@type":"ListItem","position":2,"name":"store","item":"https:\/\/vilight.vn\/website\/store\/"},{"@type":"ListItem","position":3,"name":"\u0110\u00e8n \u00e2m n\u01b0\u1edbc VW08"}]},{"@type":"WebSite","@id":"https:\/\/vilight.vn\/website\/#website","url":"https:\/\/vilight.vn\/website\/","name":"Vilight Co.ltd","description":"Chi\u1ebfu s\u00e1ng m\u1ef9 thu\u1eadt, chi\u1ebfu s\u00e1ng th\u00f4ng minh, LED Pixel 3D, chi\u1ebfu s\u00e1ng trang tr\u00ed \u0111\u00f4 th\u1ecb, chi\u1ebfu s\u00e1ng v\u00f2ng xoay, chi\u1ebfu s\u00e1ng \u0111\u1ea3o giao th\u00f4ng, c\u1ed5ng ch\u00e0o \u0111\u00f4 th\u1ecb","publisher":{"@id":"https:\/\/vilight.vn\/website\/#organization"},"potentialAction":[{"@type":"SearchAction","target":{"@type":"EntryPoint","urlTemplate":"https:\/\/vilight.vn\/website\/?s={search_term_string}"},"query-input":{"@type":"PropertyValueSpecification","valueRequired":true,"valueName":"search_term_string"}}],"inLanguage":"vi"},{"@type":"Organization","@id":"https:\/\/vilight.vn\/website\/#organization","name":"Vilight","url":"https:\/\/vilight.vn\/website\/","logo":{"@type":"ImageObject","inLanguage":"vi","@id":"https:\/\/vilight.vn\/website\/#\/schema\/logo\/image\/","url":"https:\/\/vilight.vn\/website\/wp-content\/uploads\/2022\/05\/chieu_sang_trang_tri_do_thi_bang_den_led_pixel.png","contentUrl":"https:\/\/vilight.vn\/website\/wp-content\/uploads\/2022\/05\/chieu_sang_trang_tri_do_thi_bang_den_led_pixel.png","width":800,"height":427,"caption":"Vilight"},"image":{"@id":"https:\/\/vilight.vn\/website\/#\/schema\/logo\/image\/"},"sameAs":["http:\/\/facebook.com\/vilight.vn","https:\/\/www.linkedin.com\/company\/vilight-vn","https:\/\/www.youtube.com\/channel\/UCEwR2naeDcuarMX1kSv_rLQ\/videos"]}]},"product_brand":"\u0110\u00e8n \u00c2m N\u01b0\u1edbc","product_price_amount":"3500000","product_price_currency":"VND","og_availability":"instock","product_availability":"instock","product_condition":"new"},"_links":{"self":[{"href":"https:\/\/vilight.vn\/website\/wp-json\/wp\/v2\/product\/4729","targetHints":{"allow":["GET"]}}],"collection":[{"href":"https:\/\/vilight.vn\/website\/wp-json\/wp\/v2\/product"}],"about":[{"href":"https:\/\/vilight.vn\/website\/wp-json\/wp\/v2\/types\/product"}],"wp:featuredmedia":[{"embeddable":true,"href":"https:\/\/vilight.vn\/website\/wp-json\/wp\/v2\/media\/4310"}],"wp:attachment":[{"href":"https:\/\/vilight.vn\/website\/wp-json\/wp\/v2\/media?parent=4729"}],"wp:term":[{"taxonomy":"product_brand","embeddable":true,"href":"https:\/\/vilight.vn\/website\/wp-json\/wp\/v2\/product_brand?post=4729"},{"taxonomy":"product_cat","embeddable":true,"href":"https:\/\/vilight.vn\/website\/wp-json\/wp\/v2\/product_cat?post=4729"},{"taxonomy":"product_tag","embeddable":true,"href":"https:\/\/vilight.vn\/website\/wp-json\/wp\/v2\/product_tag?post=4729"}],"curies":[{"name":"wp","href":"https:\/\/api.w.org\/{rel}","templated":true}]}}