{"id":4738,"date":"2024-06-18T18:02:28","date_gmt":"2024-06-18T11:02:28","guid":{"rendered":"https:\/\/vilight.vn\/website\/?post_type=product&#038;p=4738"},"modified":"2024-10-04T10:26:42","modified_gmt":"2024-10-04T03:26:42","slug":"den-am-nuoc-vw02-2","status":"publish","type":"product","link":"https:\/\/vilight.vn\/website\/san-pham\/den-chieu-sang-facade\/den-am-nuoc\/den-am-nuoc-vw02-2\/","title":{"rendered":"\u0110\u00e8n \u00e2m n\u01b0\u1edbc VW03"},"content":{"rendered":"<h2>\u0110\u00e8n \u00e2m n\u01b0\u1edbc 3W RGBW :<\/h2>\n<ul>\n<li>\u0110\u00e8n \u00e2m n\u01b0\u1edbc, lo\u1ea1i \u0111\u00e8n \u00e2m d\u01b0\u1edbi s\u00e0n h\u1ed3 n\u01b0\u1edbc, \u00e2m trong k\u1ebft c\u1ea5u b\u00ea t\u00f4ng.<\/li>\n<li>\u0110\u00e8n c\u00f3 k\u00edch th\u01b0\u1edbc nh\u1ecf g\u1ecdn.\u0110\u00e8n c\u00f3 k\u00e8m theo k\u1ebft c\u1ea5u l\u1eafp \u0111\u1eb7t chuy\u00ean d\u1ee5ng.<\/li>\n<li>S\u1eed d\u1ee5ng chip LED Osram ch\u1ea5t l\u01b0\u1ee3ng cao.<\/li>\n<li>C\u00f4ng su\u1ea5t \u0111\u00e8n 1x3W RGBW 4in1 full color.<\/li>\n<li>V\u1ecf \u0111\u00e8n b\u1eb1ng th\u00e9p kh\u00f4ng g\u1ec9 SUS316.K\u00ednh c\u01b0\u1eddng l\u1ef1c d\u00e0y 7mm.<\/li>\n<li>V\u1ecf \u0111\u1ec3 l\u00e0m m\u00f3ng \u0111\u00e8n l\u00e0m b\u1eb1ng nh\u1ef1a 120# PC\/ABS ALLOYS<br \/>\nhide<img decoding=\"async\" data-src=\"https:\/\/vilight.vn\/website\/wp-content\/uploads\/2024\/05\/DEN_AM_NUOC_3w_RGBW.jpg#4713\" alt=\"DEN_AM_NUOC_3w_RGBW\" src=\"data:image\/svg+xml;base64,PHN2ZyB3aWR0aD0iMSIgaGVpZ2h0PSIxIiB4bWxucz0iaHR0cDovL3d3dy53My5vcmcvMjAwMC9zdmciPjwvc3ZnPg==\" class=\"lazyload\" style=\"--smush-placeholder-width: 1150px; --smush-placeholder-aspect-ratio: 1150\/360;\" \/><br \/>\nfull<br \/>\n\u0110\u00e8n \u00e2m n\u01b0\u1edbc 3W RGBW<br \/>\n\u0110\u00e8n \u00e2m n\u01b0\u1edbc RGBW<br \/>\ncontain<br \/>\ncenter center<br \/>\nhide<\/li>\n<\/ul>\n<h2>Th\u00f4ng s\u1ed1 k\u1ef9 thu\u1eadt \u0111\u00e8n \u00e2m n\u01b0\u1edbc 3W\u00a0 RGBW :<\/h2>\n<ul>\n<li>Th\u00f4ng tinTh\u00f4ng s\u1ed1 k\u1ef9 thu\u1eadt.<\/li>\n<li>Ngu\u1ed3n s\u00e1ng1 x 3W RGBW 4in1 full color.<\/li>\n<li>G\u00f3c chi\u1ebfu20\u00b0 30\u00b0.<\/li>\n<li>\u0110i\u1ec7n \u00e1p ho\u1ea1t \u0111\u1ed9ng DC24V.<\/li>\n<li>\u0110i\u1ec1u khi\u1ec3nDMX 512.<\/li>\n<li>Quang th\u00f4ng 250 lumens.<\/li>\n<li>Nhi\u1ec7t \u0111\u1ed9 ho\u1ea1t \u0111\u1ed9ng &#8211; 20\u00baC ~ 40\u00baC.<\/li>\n<li>D\u00e2y c\u00e1p theo \u0111\u00e8n3\u00d71.0mm\u00b2, L=0.5m.<\/li>\n<li>\u0110\u1ed9 k\u00ednIP68\u0110\u1ed9 d\u00e0y m\u1eb7t k\u00ednh 7 mm<br \/>\nhide<img decoding=\"async\" data-src=\"https:\/\/vilight.vn\/website\/wp-content\/uploads\/2024\/05\/QUANG-THONG-DEN-AM-NUOC-3W-RGBW.jpg#4714\" alt=\"QUANG THONG DEN AM NUOC 3W RGBW\" src=\"data:image\/svg+xml;base64,PHN2ZyB3aWR0aD0iMSIgaGVpZ2h0PSIxIiB4bWxucz0iaHR0cDovL3d3dy53My5vcmcvMjAwMC9zdmciPjwvc3ZnPg==\" class=\"lazyload\" style=\"--smush-placeholder-width: 1725px; --smush-placeholder-aspect-ratio: 1725\/400;\" \/><br \/>\nfull<br \/>\nQuang ph\u1ed5 \u0111\u00e8n \u00e2m n\u01b0\u1edbc 3W<br \/>\nQuang ph\u1ed5 \u0111\u00e8n \u1edf g\u00f3c chi\u1ebfu 20 \u0111\u1ed9.<br \/>\ncontain<br \/>\ncenter center<br \/>\nhide<img decoding=\"async\" data-src=\"https:\/\/vilight.vn\/website\/wp-content\/uploads\/2024\/05\/den-ho-nuoc-am-nuoc.jpg#4715\" alt=\"den ho nuoc am nuoc\" src=\"data:image\/svg+xml;base64,PHN2ZyB3aWR0aD0iMSIgaGVpZ2h0PSIxIiB4bWxucz0iaHR0cDovL3d3dy53My5vcmcvMjAwMC9zdmciPjwvc3ZnPg==\" class=\"lazyload\" style=\"--smush-placeholder-width: 696px; --smush-placeholder-aspect-ratio: 696\/390;\" \/><br \/>\nfull<br \/>\nHi\u1ec7u \u1ee9ng h\u1ed3 n\u01b0\u1edbc s\u1eed d\u1ee5ng \u0111\u00e8n \u00e2m th\u00e0nh h\u1ed3 n\u01b0\u1edbc<br \/>\nC\u00f4ng tr\u00ecnh minh h\u1ecda, chi\u1ebfu s\u00e1ng h\u1ed3 n\u01b0\u1edbc b\u1eb1ng \u0111\u00e8n \u00e2m \u0111\u00e1y h\u1ed3<br \/>\ncontain<br \/>\ncenter center<br \/>\nhide<\/li>\n<\/ul>\n<p><strong>\u1ee8ng d\u1ee5ng:<\/strong>\u00a0<a href=\"https:\/\/ledcaocap.vn\/xem-sp\/den-led-am-nuoc-cho-ho-boi-1220\">\u0110\u00e8n LED \u00e2m n\u01b0\u1edbc l\u1eafp n\u1ed5i<\/a>\u00a0d\u00f9ng chi\u1ebfu s\u00e1ng trang tr\u00ed d\u01b0\u1edbi n\u01b0\u1edbc cho b\u1ec3 b\u01a1i, h\u1ed3 b\u01a1i, h\u1ed3 c\u00e1&#8230;. V\u1edbi nhi\u1ec1u m\u00e0u s\u1eafc \u00e1nh s\u00e1ng \u0111\u1eb9p t\u1ea1o v\u1ebb sang tr\u1ecdng cho m\u1eb7t n\u01b0\u1edbc<\/p>\n<p><strong>\u01afu \u0111i\u1ec3m:<\/strong><\/p>\n<div id=\"_mcePaste\">Thi\u1ebft k\u1ebf sang tr\u1ecdng v\u1edbi \u00e1nh s\u00e1ng nhi\u1ec1u m\u00e0u s\u1eafc, t\u1ea1o quang c\u1ea3nh sang tr\u1ecdng cho h\u1ed3 b\u01a1i<\/div>\n<div id=\"_mcePaste\">\u0110\u00e8n led h\u1ed3 b\u01a1i n\u1eafp n\u1ed5i d\u1ec5 d\u00e0ng cho vi\u1ec7c l\u1eafp \u0111\u1eb7t v\u00e0 b\u1ea3o tr\u00ec<\/div>\n<div id=\"_mcePaste\">\u0110\u00e8n led \u00e2m n\u01b0\u1edbc cho h\u1ed3 b\u01a1i th\u1ebf h\u1ec7 m\u1edbi tu\u1ed5i th\u1ecd l\u00ean \u0111\u1ebfn 50.000 gi\u1edd cao h\u01a1n g\u1ea5p 5 l\u1ea7n b\u1ed9 \u0111\u00e8n b\u1ec3 b\u01a1i Halogen.<\/div>\n<div id=\"_mcePaste\">\u0110\u1ea1t ti\u00eau chu\u1ea9n IP68 d\u00f9ng s\u1eed d\u1ee5ng chi\u1ebfu s\u00e1ng trang tr\u00ed d\u01b0\u1edbi n\u01b0\u1edbc<\/div>\n<ul>\n<li>&#8211; Thi\u1ebft k\u1ebf sang tr\u1ecdng v\u1edbi \u00e1nh s\u00e1ng nhi\u1ec1u m\u00e0u s\u1eafc, t\u1ea1o quang c\u1ea3nh sang tr\u1ecdng cho h\u1ed3 b\u01a1i<\/li>\n<li>&#8211;\u00a0\u0110\u00e8n led h\u1ed3 b\u01a1i l\u1eafp n\u1ed5i d\u1ec5 d\u00e0ng cho vi\u1ec7c l\u1eafp \u0111\u1eb7t v\u00e0 b\u1ea3o tr\u00ec<\/li>\n<li>&#8211;\u00a0\u0110\u00e8n led \u00e2m n\u01b0\u1edbc cho h\u1ed3 b\u01a1i th\u1ebf h\u1ec7 m\u1edbi tu\u1ed5i th\u1ecd l\u00ean \u0111\u1ebfn 50.000 gi\u1edd cao h\u01a1n g\u1ea5p 5 l\u1ea7n b\u1ed9 \u0111\u00e8n b\u1ec3 b\u01a1i Halogen.<\/li>\n<li>&#8211;\u00a0\u0110\u1ea1t ti\u00eau chu\u1ea9n IP68 d\u00f9ng s\u1eed d\u1ee5ng chi\u1ebfu s\u00e1ng trang tr\u00ed d\u01b0\u1edbi n\u01b0\u1edbc<\/li>\n<\/ul>\n<h3><strong>\u0110\u00e8n led h\u1ed3 b\u01a1i 18W :<\/strong><\/h3>\n<ul>\n<li>thi\u1ebft k\u1ebf hi\u1ec7n \u0111\u1ea1i, \u0111\u1eb9p m\u1eaft, l\u1eafp \u0111\u1eb7t \u00e2m th\u00e0nh \u1edf b\u1ec3 b\u01a1i \u0111\u1ec3 cung c\u1ea5p \u00e1nh s\u00e1ng cho c\u1ea3 m\u1eb7t n\u01b0\u1edbc l\u1eabn ph\u00eda d\u01b0\u1edbi \u0111\u00e1y h\u1ed3. N\u00f3 kh\u00f4ng ch\u1ec9 l\u00e0 thi\u1ebft b\u1ecb chi\u1ebfu s\u00e1ng \u0111\u01a1n thu\u1ea7n m\u00e0 c\u00f2n gi\u00fap trang tr\u00ed b\u1ec3 b\u01a1i th\u00eam \u0111\u1eb9p m\u1eaft.<\/li>\n<li>Ch\u1ea5t li\u1ec7u c\u1ee7a \u0111\u00e8n \u0111\u01b0\u1ee3c l\u00e0m t\u1eeb inox 304 ch\u1ed1ng g\u1ec9, ch\u1ed1ng \u0103n m\u00f2n, ch\u1ecbu nhi\u1ec7t, ch\u1ecbu \u0111\u01b0\u1ee3c \u00e1p l\u1ef1c cao trong m\u00f4i tr\u01b0\u1eddng n\u01b0\u1edbc.<\/li>\n<li>M\u1eb7t k\u00ednh c\u01b0\u1eddng l\u1ef1c c\u1ee9ng c\u00e1p, ch\u1eafc ch\u1eafn, \u0111\u1ea3m b\u1ea3o \u0111\u1ed9 b\u1ec1n, th\u00e2n thi\u1ec7n v\u1edbi m\u00f4i tr\u01b0\u1eddng, \u0111\u1ed9 truy\u1ec1n s\u00e1ng cao h\u01a1n, \u0111\u1ed3ng \u0111\u1ec1u h\u01a1n<\/li>\n<li>\u00a0Thi\u1ebft k\u1ebf ti\u00eau chu\u1ea9n IP 68 ch\u1ed1ng n\u01b0\u1edbc ch\u1ed1ng b\u1ee5i, ho\u1ea1t \u0111\u1ed9ng b\u1ec1n b\u1ec9 trong m\u00f4i tr\u01b0\u1eddng n\u01b0\u1edbc.<\/li>\n<li>\u00a0S\u1eed d\u1ee5ng \u0111i\u1ec7n \u00e1p 24V v\u1eeba t\u1ed1i \u01b0u chi ph\u00ed v\u1eeba ti\u1ebft ki\u1ec7m \u0111i\u1ec7n n\u0103ng, an to\u00e0n khi s\u1eed d\u1ee5ng.<\/li>\n<li>\u0110\u00e8n trang b\u1ecb kh\u1ea3 n\u0103ng ch\u1ed1ng th\u1ea5m n\u01b0\u1edbc, ch\u1ed1ng b\u00e1m b\u1ea9n, rong r\u00eau.<\/li>\n<li>\u00a0Ch\u1ea5t l\u01b0\u1ee3ng \u00e1nh s\u00e1ng cao v\u1edbi ch\u1ebf \u0111\u1ed9 \u0111\u1ed5i m\u00e0u t\u1ef1 \u0111\u1ed9ng.<br \/>\n7. Thi\u1ebft k\u1ebf hi\u1ec7n \u0111\u1ea1i, d\u1ec5 d\u00e0ng l\u1eafp \u0111\u1eb7t, v\u1ec7 sinh, thay m\u1edbi.<\/li>\n<\/ul>\n","protected":false},"excerpt":{"rendered":"<p style=\"text-align: justify;\"><span style=\"font-size: 12pt;\">\u0110\u00e8n \u00e2m v\u00e0o th\u00e0nh h\u1ed3 n\u01b0\u1edbc chi\u1ebfu h\u1eaft s\u00e1ng h\u1ed3 n\u01b0\u1edbc. \u0110\u00e8n c\u00f3 k\u1ebft c\u1ea5u chuy\u00ean nghi\u1ec7p.<\/span><\/p>\n","protected":false},"featured_media":4716,"template":"","meta":[],"product_brand":[],"product_cat":[633,73],"product_tag":[],"class_list":{"0":"post-4738","1":"product","2":"type-product","3":"status-publish","4":"has-post-thumbnail","6":"product_cat-den-am-nuoc","7":"product_cat-den-chieu-sang-facade","8":"pa_chuan-dieu-khien-dmx512","9":"pa_cong-suat-3w","10":"pa_dien-ap-hoat-dong-24vdc","11":"pa_do-chiu-luc-ik06","12":"pa_do-kin-ip68","13":"pa_goc-chieu-308","14":"pa_goc-chieu-233","15":"pa_nhiet-do-mau-3000k","16":"pa_nhiet-do-mau-4000k","17":"pa_nhiet-do-mau-6000k","19":"first","20":"instock","21":"taxable","22":"shipping-taxable","23":"purchasable","24":"product-type-simple"},"yoast_head":"<!-- This site is optimized with the Yoast SEO Premium plugin v27.6 (Yoast SEO v27.6) - https:\/\/yoast.com\/product\/yoast-seo-premium-wordpress\/ -->\n<title>\u0110\u00e8n \u00c2m N\u01b0\u1edbc 3W RGBW 4in1 \u00c2m V\u00e0o Th\u00e0nh H\u1ed3 ho\u1eb7c \u0110\u00e1y H\u1ed3.<\/title>\n<meta name=\"description\" content=\"\u0110\u00e8n \u00e2m n\u01b0\u1edbc 3W RGBW 4in1 fullcolor LED Osram \u0111\u01b0\u1ee3c thi\u1ebft k\u1ebf \u0111\u1ec3 l\u1eafp \u0111\u1eb7t \u00e2m v\u00e0o k\u1ebft c\u1ea5u b\u00ea t\u00f4ng c\u1ee7a h\u1ed3 n\u01b0\u1edbc nh\u01b0 th\u00e0nh h\u1ed3 n\u01b0\u1edbc hay \u0111\u00e1y h\u1ed3.\" \/>\n<meta name=\"robots\" content=\"index, follow, max-snippet:-1, max-image-preview:large, max-video-preview:-1\" \/>\n<link rel=\"canonical\" href=\"https:\/\/vilight.vn\/website\/san-pham\/den-chieu-sang-facade\/den-am-nuoc\/den-am-nuoc-vw02-2\/\" \/>\n<meta property=\"og:locale\" content=\"vi_VN\" \/>\n<meta property=\"og:type\" content=\"article\" \/>\n<meta property=\"og:title\" content=\"\u0110\u00e8n \u00e2m n\u01b0\u1edbc VW03\" \/>\n<meta property=\"og:description\" content=\"\u0110\u00e8n \u00e2m v\u00e0o th\u00e0nh h\u1ed3 n\u01b0\u1edbc chi\u1ebfu h\u1eaft s\u00e1ng h\u1ed3 n\u01b0\u1edbc. \u0110\u00e8n c\u00f3 k\u1ebft c\u1ea5u chuy\u00ean nghi\u1ec7p.\" \/>\n<meta property=\"og:url\" content=\"https:\/\/vilight.vn\/website\/san-pham\/den-chieu-sang-facade\/den-am-nuoc\/den-am-nuoc-vw02-2\/\" \/>\n<meta property=\"og:site_name\" content=\"Vilight Co.ltd\" \/>\n<meta property=\"article:publisher\" content=\"http:\/\/facebook.com\/vilight.vn\" \/>\n<meta property=\"article:modified_time\" content=\"2024-10-04T03:26:42+00:00\" \/>\n<meta property=\"og:image\" content=\"https:\/\/vilight.vn\/website\/wp-content\/uploads\/2024\/05\/den-am-nuoc-3w-rgbw-4in1-fullcolor.jpg\" \/>\n\t<meta property=\"og:image:width\" content=\"300\" \/>\n\t<meta property=\"og:image:height\" content=\"300\" \/>\n\t<meta property=\"og:image:type\" content=\"image\/jpeg\" \/>\n<meta name=\"twitter:card\" content=\"summary_large_image\" \/>\n<meta name=\"twitter:label1\" content=\"Gi\u00e1\" \/>\n\t<meta name=\"twitter:data1\" content=\"3.100.000&#8363;\" \/>\n\t<meta name=\"twitter:label2\" content=\"Kh\u1ea3 d\u1ee5ng\" \/>\n\t<meta name=\"twitter:data2\" content=\"Trong kho\" \/>\n<script type=\"application\/ld+json\" class=\"yoast-schema-graph\">{\"@context\":\"https:\\\/\\\/schema.org\",\"@graph\":[{\"@type\":\"WebPage\",\"@id\":\"https:\\\/\\\/vilight.vn\\\/website\\\/san-pham\\\/den-chieu-sang-facade\\\/den-am-nuoc\\\/den-am-nuoc-vw02-2\\\/\",\"url\":\"https:\\\/\\\/vilight.vn\\\/website\\\/san-pham\\\/den-chieu-sang-facade\\\/den-am-nuoc\\\/den-am-nuoc-vw02-2\\\/\",\"name\":\"\u0110\u00e8n \u00c2m N\u01b0\u1edbc 3W RGBW 4in1 \u00c2m V\u00e0o Th\u00e0nh H\u1ed3 ho\u1eb7c \u0110\u00e1y H\u1ed3.\",\"isPartOf\":{\"@id\":\"https:\\\/\\\/vilight.vn\\\/website\\\/#website\"},\"primaryImageOfPage\":{\"@id\":\"https:\\\/\\\/vilight.vn\\\/website\\\/san-pham\\\/den-chieu-sang-facade\\\/den-am-nuoc\\\/den-am-nuoc-vw02-2\\\/#primaryimage\"},\"image\":{\"@id\":\"https:\\\/\\\/vilight.vn\\\/website\\\/san-pham\\\/den-chieu-sang-facade\\\/den-am-nuoc\\\/den-am-nuoc-vw02-2\\\/#primaryimage\"},\"thumbnailUrl\":\"https:\\\/\\\/vilight.vn\\\/website\\\/wp-content\\\/uploads\\\/2024\\\/05\\\/den-am-nuoc-3w-rgbw-4in1-fullcolor.jpg\",\"datePublished\":\"2024-06-18T11:02:28+00:00\",\"dateModified\":\"2024-10-04T03:26:42+00:00\",\"description\":\"\u0110\u00e8n \u00e2m n\u01b0\u1edbc 3W RGBW 4in1 fullcolor LED Osram \u0111\u01b0\u1ee3c thi\u1ebft k\u1ebf \u0111\u1ec3 l\u1eafp \u0111\u1eb7t \u00e2m v\u00e0o k\u1ebft c\u1ea5u b\u00ea t\u00f4ng c\u1ee7a h\u1ed3 n\u01b0\u1edbc nh\u01b0 th\u00e0nh h\u1ed3 n\u01b0\u1edbc hay \u0111\u00e1y h\u1ed3.\",\"breadcrumb\":{\"@id\":\"https:\\\/\\\/vilight.vn\\\/website\\\/san-pham\\\/den-chieu-sang-facade\\\/den-am-nuoc\\\/den-am-nuoc-vw02-2\\\/#breadcrumb\"},\"inLanguage\":\"vi\",\"potentialAction\":[{\"@type\":\"ReadAction\",\"target\":[\"https:\\\/\\\/vilight.vn\\\/website\\\/san-pham\\\/den-chieu-sang-facade\\\/den-am-nuoc\\\/den-am-nuoc-vw02-2\\\/\"]}]},{\"@type\":\"ImageObject\",\"inLanguage\":\"vi\",\"@id\":\"https:\\\/\\\/vilight.vn\\\/website\\\/san-pham\\\/den-chieu-sang-facade\\\/den-am-nuoc\\\/den-am-nuoc-vw02-2\\\/#primaryimage\",\"url\":\"https:\\\/\\\/vilight.vn\\\/website\\\/wp-content\\\/uploads\\\/2024\\\/05\\\/den-am-nuoc-3w-rgbw-4in1-fullcolor.jpg\",\"contentUrl\":\"https:\\\/\\\/vilight.vn\\\/website\\\/wp-content\\\/uploads\\\/2024\\\/05\\\/den-am-nuoc-3w-rgbw-4in1-fullcolor.jpg\",\"width\":300,\"height\":300},{\"@type\":\"BreadcrumbList\",\"@id\":\"https:\\\/\\\/vilight.vn\\\/website\\\/san-pham\\\/den-chieu-sang-facade\\\/den-am-nuoc\\\/den-am-nuoc-vw02-2\\\/#breadcrumb\",\"itemListElement\":[{\"@type\":\"ListItem\",\"position\":1,\"name\":\"Home\",\"item\":\"https:\\\/\\\/vilight.vn\\\/website\\\/\"},{\"@type\":\"ListItem\",\"position\":2,\"name\":\"store\",\"item\":\"https:\\\/\\\/vilight.vn\\\/website\\\/store\\\/\"},{\"@type\":\"ListItem\",\"position\":3,\"name\":\"\u0110\u00e8n \u00e2m n\u01b0\u1edbc VW03\"}]},{\"@type\":\"WebSite\",\"@id\":\"https:\\\/\\\/vilight.vn\\\/website\\\/#website\",\"url\":\"https:\\\/\\\/vilight.vn\\\/website\\\/\",\"name\":\"Vilight Co.ltd\",\"description\":\"Chi\u1ebfu s\u00e1ng m\u1ef9 thu\u1eadt, chi\u1ebfu s\u00e1ng th\u00f4ng minh, LED Pixel 3D, chi\u1ebfu s\u00e1ng trang tr\u00ed \u0111\u00f4 th\u1ecb, chi\u1ebfu s\u00e1ng v\u00f2ng xoay, chi\u1ebfu s\u00e1ng \u0111\u1ea3o giao th\u00f4ng, c\u1ed5ng ch\u00e0o \u0111\u00f4 th\u1ecb\",\"publisher\":{\"@id\":\"https:\\\/\\\/vilight.vn\\\/website\\\/#organization\"},\"potentialAction\":[{\"@type\":\"SearchAction\",\"target\":{\"@type\":\"EntryPoint\",\"urlTemplate\":\"https:\\\/\\\/vilight.vn\\\/website\\\/?s={search_term_string}\"},\"query-input\":{\"@type\":\"PropertyValueSpecification\",\"valueRequired\":true,\"valueName\":\"search_term_string\"}}],\"inLanguage\":\"vi\"},{\"@type\":\"Organization\",\"@id\":\"https:\\\/\\\/vilight.vn\\\/website\\\/#organization\",\"name\":\"Vilight\",\"url\":\"https:\\\/\\\/vilight.vn\\\/website\\\/\",\"logo\":{\"@type\":\"ImageObject\",\"inLanguage\":\"vi\",\"@id\":\"https:\\\/\\\/vilight.vn\\\/website\\\/#\\\/schema\\\/logo\\\/image\\\/\",\"url\":\"https:\\\/\\\/vilight.vn\\\/website\\\/wp-content\\\/uploads\\\/2022\\\/05\\\/chieu_sang_trang_tri_do_thi_bang_den_led_pixel.png\",\"contentUrl\":\"https:\\\/\\\/vilight.vn\\\/website\\\/wp-content\\\/uploads\\\/2022\\\/05\\\/chieu_sang_trang_tri_do_thi_bang_den_led_pixel.png\",\"width\":800,\"height\":427,\"caption\":\"Vilight\"},\"image\":{\"@id\":\"https:\\\/\\\/vilight.vn\\\/website\\\/#\\\/schema\\\/logo\\\/image\\\/\"},\"sameAs\":[\"http:\\\/\\\/facebook.com\\\/vilight.vn\",\"https:\\\/\\\/www.linkedin.com\\\/company\\\/vilight-vn\",\"https:\\\/\\\/www.youtube.com\\\/channel\\\/UCEwR2naeDcuarMX1kSv_rLQ\\\/videos\"]}]}<\/script>\n<meta property=\"product:brand\" content=\"\u0110\u00e8n \u00c2m N\u01b0\u1edbc\" \/>\n<meta property=\"product:price:amount\" content=\"3100000\" \/>\n<meta property=\"product:price:currency\" content=\"VND\" \/>\n<meta property=\"og:availability\" content=\"instock\" \/>\n<meta property=\"product:availability\" content=\"instock\" \/>\n<meta property=\"product:condition\" content=\"new\" \/>\n<!-- \/ Yoast SEO Premium plugin. -->","yoast_head_json":{"title":"\u0110\u00e8n \u00c2m N\u01b0\u1edbc 3W RGBW 4in1 \u00c2m V\u00e0o Th\u00e0nh H\u1ed3 ho\u1eb7c \u0110\u00e1y H\u1ed3.","description":"\u0110\u00e8n \u00e2m n\u01b0\u1edbc 3W RGBW 4in1 fullcolor LED Osram \u0111\u01b0\u1ee3c thi\u1ebft k\u1ebf \u0111\u1ec3 l\u1eafp \u0111\u1eb7t \u00e2m v\u00e0o k\u1ebft c\u1ea5u b\u00ea t\u00f4ng c\u1ee7a h\u1ed3 n\u01b0\u1edbc nh\u01b0 th\u00e0nh h\u1ed3 n\u01b0\u1edbc hay \u0111\u00e1y h\u1ed3.","robots":{"index":"index","follow":"follow","max-snippet":"max-snippet:-1","max-image-preview":"max-image-preview:large","max-video-preview":"max-video-preview:-1"},"canonical":"https:\/\/vilight.vn\/website\/san-pham\/den-chieu-sang-facade\/den-am-nuoc\/den-am-nuoc-vw02-2\/","og_locale":"vi_VN","og_type":"article","og_title":"\u0110\u00e8n \u00e2m n\u01b0\u1edbc VW03","og_description":"\u0110\u00e8n \u00e2m v\u00e0o th\u00e0nh h\u1ed3 n\u01b0\u1edbc chi\u1ebfu h\u1eaft s\u00e1ng h\u1ed3 n\u01b0\u1edbc. \u0110\u00e8n c\u00f3 k\u1ebft c\u1ea5u chuy\u00ean nghi\u1ec7p.","og_url":"https:\/\/vilight.vn\/website\/san-pham\/den-chieu-sang-facade\/den-am-nuoc\/den-am-nuoc-vw02-2\/","og_site_name":"Vilight Co.ltd","article_publisher":"http:\/\/facebook.com\/vilight.vn","article_modified_time":"2024-10-04T03:26:42+00:00","og_image":[{"width":300,"height":300,"url":"https:\/\/vilight.vn\/website\/wp-content\/uploads\/2024\/05\/den-am-nuoc-3w-rgbw-4in1-fullcolor.jpg","type":"image\/jpeg"}],"twitter_card":"summary_large_image","twitter_misc":{"Gi\u00e1":"3.100.000&#8363;","Kh\u1ea3 d\u1ee5ng":"Trong kho"},"schema":{"@context":"https:\/\/schema.org","@graph":[{"@type":"WebPage","@id":"https:\/\/vilight.vn\/website\/san-pham\/den-chieu-sang-facade\/den-am-nuoc\/den-am-nuoc-vw02-2\/","url":"https:\/\/vilight.vn\/website\/san-pham\/den-chieu-sang-facade\/den-am-nuoc\/den-am-nuoc-vw02-2\/","name":"\u0110\u00e8n \u00c2m N\u01b0\u1edbc 3W RGBW 4in1 \u00c2m V\u00e0o Th\u00e0nh H\u1ed3 ho\u1eb7c \u0110\u00e1y H\u1ed3.","isPartOf":{"@id":"https:\/\/vilight.vn\/website\/#website"},"primaryImageOfPage":{"@id":"https:\/\/vilight.vn\/website\/san-pham\/den-chieu-sang-facade\/den-am-nuoc\/den-am-nuoc-vw02-2\/#primaryimage"},"image":{"@id":"https:\/\/vilight.vn\/website\/san-pham\/den-chieu-sang-facade\/den-am-nuoc\/den-am-nuoc-vw02-2\/#primaryimage"},"thumbnailUrl":"https:\/\/vilight.vn\/website\/wp-content\/uploads\/2024\/05\/den-am-nuoc-3w-rgbw-4in1-fullcolor.jpg","datePublished":"2024-06-18T11:02:28+00:00","dateModified":"2024-10-04T03:26:42+00:00","description":"\u0110\u00e8n \u00e2m n\u01b0\u1edbc 3W RGBW 4in1 fullcolor LED Osram \u0111\u01b0\u1ee3c thi\u1ebft k\u1ebf \u0111\u1ec3 l\u1eafp \u0111\u1eb7t \u00e2m v\u00e0o k\u1ebft c\u1ea5u b\u00ea t\u00f4ng c\u1ee7a h\u1ed3 n\u01b0\u1edbc nh\u01b0 th\u00e0nh h\u1ed3 n\u01b0\u1edbc hay \u0111\u00e1y h\u1ed3.","breadcrumb":{"@id":"https:\/\/vilight.vn\/website\/san-pham\/den-chieu-sang-facade\/den-am-nuoc\/den-am-nuoc-vw02-2\/#breadcrumb"},"inLanguage":"vi","potentialAction":[{"@type":"ReadAction","target":["https:\/\/vilight.vn\/website\/san-pham\/den-chieu-sang-facade\/den-am-nuoc\/den-am-nuoc-vw02-2\/"]}]},{"@type":"ImageObject","inLanguage":"vi","@id":"https:\/\/vilight.vn\/website\/san-pham\/den-chieu-sang-facade\/den-am-nuoc\/den-am-nuoc-vw02-2\/#primaryimage","url":"https:\/\/vilight.vn\/website\/wp-content\/uploads\/2024\/05\/den-am-nuoc-3w-rgbw-4in1-fullcolor.jpg","contentUrl":"https:\/\/vilight.vn\/website\/wp-content\/uploads\/2024\/05\/den-am-nuoc-3w-rgbw-4in1-fullcolor.jpg","width":300,"height":300},{"@type":"BreadcrumbList","@id":"https:\/\/vilight.vn\/website\/san-pham\/den-chieu-sang-facade\/den-am-nuoc\/den-am-nuoc-vw02-2\/#breadcrumb","itemListElement":[{"@type":"ListItem","position":1,"name":"Home","item":"https:\/\/vilight.vn\/website\/"},{"@type":"ListItem","position":2,"name":"store","item":"https:\/\/vilight.vn\/website\/store\/"},{"@type":"ListItem","position":3,"name":"\u0110\u00e8n \u00e2m n\u01b0\u1edbc VW03"}]},{"@type":"WebSite","@id":"https:\/\/vilight.vn\/website\/#website","url":"https:\/\/vilight.vn\/website\/","name":"Vilight Co.ltd","description":"Chi\u1ebfu s\u00e1ng m\u1ef9 thu\u1eadt, chi\u1ebfu s\u00e1ng th\u00f4ng minh, LED Pixel 3D, chi\u1ebfu s\u00e1ng trang tr\u00ed \u0111\u00f4 th\u1ecb, chi\u1ebfu s\u00e1ng v\u00f2ng xoay, chi\u1ebfu s\u00e1ng \u0111\u1ea3o giao th\u00f4ng, c\u1ed5ng ch\u00e0o \u0111\u00f4 th\u1ecb","publisher":{"@id":"https:\/\/vilight.vn\/website\/#organization"},"potentialAction":[{"@type":"SearchAction","target":{"@type":"EntryPoint","urlTemplate":"https:\/\/vilight.vn\/website\/?s={search_term_string}"},"query-input":{"@type":"PropertyValueSpecification","valueRequired":true,"valueName":"search_term_string"}}],"inLanguage":"vi"},{"@type":"Organization","@id":"https:\/\/vilight.vn\/website\/#organization","name":"Vilight","url":"https:\/\/vilight.vn\/website\/","logo":{"@type":"ImageObject","inLanguage":"vi","@id":"https:\/\/vilight.vn\/website\/#\/schema\/logo\/image\/","url":"https:\/\/vilight.vn\/website\/wp-content\/uploads\/2022\/05\/chieu_sang_trang_tri_do_thi_bang_den_led_pixel.png","contentUrl":"https:\/\/vilight.vn\/website\/wp-content\/uploads\/2022\/05\/chieu_sang_trang_tri_do_thi_bang_den_led_pixel.png","width":800,"height":427,"caption":"Vilight"},"image":{"@id":"https:\/\/vilight.vn\/website\/#\/schema\/logo\/image\/"},"sameAs":["http:\/\/facebook.com\/vilight.vn","https:\/\/www.linkedin.com\/company\/vilight-vn","https:\/\/www.youtube.com\/channel\/UCEwR2naeDcuarMX1kSv_rLQ\/videos"]}]},"product_brand":"\u0110\u00e8n \u00c2m N\u01b0\u1edbc","product_price_amount":"3100000","product_price_currency":"VND","og_availability":"instock","product_availability":"instock","product_condition":"new"},"_links":{"self":[{"href":"https:\/\/vilight.vn\/website\/wp-json\/wp\/v2\/product\/4738","targetHints":{"allow":["GET"]}}],"collection":[{"href":"https:\/\/vilight.vn\/website\/wp-json\/wp\/v2\/product"}],"about":[{"href":"https:\/\/vilight.vn\/website\/wp-json\/wp\/v2\/types\/product"}],"wp:featuredmedia":[{"embeddable":true,"href":"https:\/\/vilight.vn\/website\/wp-json\/wp\/v2\/media\/4716"}],"wp:attachment":[{"href":"https:\/\/vilight.vn\/website\/wp-json\/wp\/v2\/media?parent=4738"}],"wp:term":[{"taxonomy":"product_brand","embeddable":true,"href":"https:\/\/vilight.vn\/website\/wp-json\/wp\/v2\/product_brand?post=4738"},{"taxonomy":"product_cat","embeddable":true,"href":"https:\/\/vilight.vn\/website\/wp-json\/wp\/v2\/product_cat?post=4738"},{"taxonomy":"product_tag","embeddable":true,"href":"https:\/\/vilight.vn\/website\/wp-json\/wp\/v2\/product_tag?post=4738"}],"curies":[{"name":"wp","href":"https:\/\/api.w.org\/{rel}","templated":true}]}}