{"id":4746,"date":"2024-06-18T20:47:33","date_gmt":"2024-06-18T13:47:33","guid":{"rendered":"https:\/\/vilight.vn\/website\/?post_type=product&#038;p=4746"},"modified":"2024-10-04T10:31:14","modified_gmt":"2024-10-04T03:31:14","slug":"den-am-nuoc-vw05-2","status":"publish","type":"product","link":"https:\/\/vilight.vn\/website\/san-pham\/den-chieu-sang-facade\/den-am-nuoc\/den-am-nuoc-vw05-2\/","title":{"rendered":"\u0110\u00e8n \u00e2m n\u01b0\u1edbc VW05"},"content":{"rendered":"<h2>\u0110\u00e8n \u00e2m n\u01b0\u1edbc 5W\/7W\u00a0 :<\/h2>\n<p>\u0110\u00e8n \u00e2m n\u01b0\u1edbc, lo\u1ea1i \u0111\u00e8n \u00e2m d\u01b0\u1edbi s\u00e0n h\u1ed3 n\u01b0\u1edbc, \u00e2m trong k\u1ebft c\u1ea5u b\u00ea t\u00f4ng.<\/p>\n<p>\u0110\u00e8n c\u00f3 k\u00edch th\u01b0\u1edbc nh\u1ecf g\u1ecdn.<\/p>\n<p>\u0110\u00e8n c\u00f3 k\u00e8m theo k\u1ebft c\u1ea5u l\u1eafp \u0111\u1eb7t chuy\u00ean d\u1ee5ng.<\/p>\n<p>S\u1eed d\u1ee5ng chip LED CREE ch\u1ea5t l\u01b0\u1ee3ng cao.C\u00f4ng su\u1ea5t \u0111\u00e8n 1x5W ho\u1eb7c 1x7W chip COB CREE.<\/p>\n<p>&nbsp;<\/p>\n<p>V\u1ecf \u0111\u00e8n b\u1eb1ng th\u00e9p kh\u00f4ng g\u1ec9 SUS316.K\u00ednh c\u01b0\u1eddng l\u1ef1c d\u00e0y 10mm.<br \/>\nhide<\/p>\n<p><img decoding=\"async\" data-src=\"https:\/\/vilight.vn\/website\/wp-content\/uploads\/2024\/06\/VW05_kich-thuoc-den.jpg#4747\" alt=\"VW05_kich thuoc den\" src=\"data:image\/svg+xml;base64,PHN2ZyB3aWR0aD0iMSIgaGVpZ2h0PSIxIiB4bWxucz0iaHR0cDovL3d3dy53My5vcmcvMjAwMC9zdmciPjwvc3ZnPg==\" class=\"lazyload\" style=\"--smush-placeholder-width: 1348px; --smush-placeholder-aspect-ratio: 1348\/757;\" \/><br \/>\nfull<br \/>\n\u0110\u00e8n \u00e2m n\u01b0\u1edbc 5W\/7w<br \/>\n\u0110\u00e8n \u00e2m n\u01b0\u1edbc 1x5W 1x7w<br \/>\ncontain<br \/>\ncenter center<br \/>\nhide<\/p>\n<h2>Th\u00f4ng s\u1ed1 k\u1ef9 thu\u1eadt \u0111\u00e8n \u00e2m n\u01b0\u1edbc 5W,7W \u0111\u01a1n s\u1eafc :<\/h2>\n<ul>\n<li>Th\u00f4ng tinTh\u00f4ng s\u1ed1 k\u1ef9 thu\u1eadt.<\/li>\n<li>M\u00e3 \u0111\u00e8n VW05-AVW05-B.<\/li>\n<li>Ngu\u1ed3n s\u00e1ng1 x 5W1 x 7W.<\/li>\n<li>CRI80.<\/li>\n<li>G\u00f3c chi\u1ebfu 25\u00b0 40\u00b0.<\/li>\n<li>\u0110i\u1ec7n \u00e1p ho\u1ea1t \u0111\u1ed9ng DC12V.<\/li>\n<li>\u0110i\u1ec1u khi\u1ec3nON\/OFF.<\/li>\n<li>Quang th\u00f4ng300 lumens (\u1edf 3.000K) 700 lumens<\/li>\n<li>Nhi\u1ec7t \u0111\u1ed9 ho\u1ea1t \u0111\u1ed9ngNhi\u1ec7t \u0111\u1ed9 m\u00f4i tr\u01b0\u1eddng n\u01b0\u1edbc khi ho\u1ea1t \u0111\u1ed9ng : &#8211; 20\u00baC ~ 40\u00baCD\u00e2y c\u00e1p theo \u0111\u00e8n2\u00d71.0mm\u00b2, L=1m\u0110\u1ed9 k\u00ednIP68\u0110\u1ed9 d\u00e0y m\u1eb7t k\u00ednh10 mmIK09<br \/>\nhide<img decoding=\"async\" data-src=\"https:\/\/vilight.vn\/website\/wp-content\/uploads\/2024\/06\/VW05_QUANGTHONG.jpg#4748\" alt=\"VW05_QUANGTHONG\" src=\"data:image\/svg+xml;base64,PHN2ZyB3aWR0aD0iMSIgaGVpZ2h0PSIxIiB4bWxucz0iaHR0cDovL3d3dy53My5vcmcvMjAwMC9zdmciPjwvc3ZnPg==\" class=\"lazyload\" style=\"--smush-placeholder-width: 1325px; --smush-placeholder-aspect-ratio: 1325\/762;\" \/><br \/>\nfull<br \/>\nQuang ph\u1ed5 \u0111\u00e8n \u00e2m n\u01b0\u1edbc 5W<br \/>\nQuang ph\u1ed5 \u0111\u00e8n \u1edf g\u00f3c chi\u1ebfu 25 \u0111\u1ed9.<br \/>\ncontain<br \/>\ncenter center<br \/>\nhide<img decoding=\"async\" data-src=\"https:\/\/vilight.vn\/website\/wp-content\/uploads\/2024\/06\/VW05_hinhanh.jpg#4749\" alt=\"VW05_hinhanh\" src=\"data:image\/svg+xml;base64,PHN2ZyB3aWR0aD0iMSIgaGVpZ2h0PSIxIiB4bWxucz0iaHR0cDovL3d3dy53My5vcmcvMjAwMC9zdmciPjwvc3ZnPg==\" class=\"lazyload\" style=\"--smush-placeholder-width: 897px; --smush-placeholder-aspect-ratio: 897\/417;\" \/><br \/>\nfull<br \/>\nHi\u1ec7u \u1ee9ng h\u1ed3 n\u01b0\u1edbc s\u1eed d\u1ee5ng \u0111\u00e8n \u00e2m th\u00e0nh h\u1ed3 n\u01b0\u1edbc<br \/>\nC\u00f4ng tr\u00ecnh minh h\u1ecda, chi\u1ebfu s\u00e1ng h\u1ed3 n\u01b0\u1edbc b\u1eb1ng \u0111\u00e8n \u00e2m \u0111\u00e1y h\u1ed3<br \/>\ncontain<br \/>\ncenter center<br \/>\nhide<\/li>\n<\/ul>\n","protected":false},"excerpt":{"rendered":"<p style=\"text-align: justify;\"><span style=\"font-size: 12pt;\">\u0110\u00e8n \u00e2m v\u00e0o th\u00e0nh h\u1ed3 n\u01b0\u1edbc chi\u1ebfu h\u1eaft s\u00e1ng h\u1ed3 n\u01b0\u1edbc. \u0110\u00e8n c\u00f3 k\u1ebft c\u1ea5u chuy\u00ean nghi\u1ec7p. \u0110\u00e8n ch\u1ea5t l\u01b0\u1ee3ng cao, gi\u00e1 r\u1ebb, b\u1ea3o h\u00e0nh 2.5 n\u0103m.<\/span><\/p>\n","protected":false},"featured_media":4310,"template":"","meta":[],"product_brand":[],"product_cat":[633,73],"product_tag":[],"class_list":{"0":"post-4746","1":"product","2":"type-product","3":"status-publish","4":"has-post-thumbnail","6":"product_cat-den-am-nuoc","7":"product_cat-den-chieu-sang-facade","8":"pa_chuan-dieu-khien-on-off","9":"pa_cong-suat-5w","10":"pa_cong-suat-7w","11":"pa_dien-ap-hoat-dong-12v","12":"pa_do-chiu-luc-ik09","13":"pa_do-kin-ip68","14":"pa_goc-chieu-232","15":"pa_goc-chieu-646","16":"pa_nhiet-do-mau-3000k","17":"pa_nhiet-do-mau-4000k","18":"pa_nhiet-do-mau-6000k","20":"first","21":"instock","22":"taxable","23":"shipping-taxable","24":"purchasable","25":"product-type-simple"},"yoast_head":"<!-- This site is optimized with the Yoast SEO Premium plugin v27.4 (Yoast SEO v27.4) - https:\/\/yoast.com\/product\/yoast-seo-premium-wordpress\/ -->\n<title>\u0110\u00e8n \u00c2m N\u01b0\u1edbc 5W Gi\u00e1 R\u1ebb B\u1ea3o h\u00e0nh 2-3 n\u0103m, Ch\u1ea5t l\u01b0\u1ee3ng cao.<\/title>\n<meta name=\"description\" content=\"\u0110\u00e8n \u00e2m n\u01b0\u1edbc 5W\/7W gi\u00e1 r\u1ebb, ch\u1ea5t l\u01b0\u1ee3ng cao, b\u1ea3o h\u00e0nh 2-3 n\u0103m, \u0111\u01b0\u1ee3c thi\u1ebft k\u1ebf \u0111\u1ec3 l\u1eafp \u0111\u1eb7t \u00e2m v\u00e0o k\u1ebft c\u1ea5u b\u00ea t\u00f4ng c\u1ee7a h\u1ed3 n\u01b0\u1edbc nh\u01b0 th\u00e0nh h\u1ed3 n\u01b0\u1edbc hay \u0111\u00e1y h\u1ed3.\" \/>\n<meta name=\"robots\" content=\"index, follow, max-snippet:-1, max-image-preview:large, max-video-preview:-1\" \/>\n<link rel=\"canonical\" href=\"https:\/\/vilight.vn\/website\/san-pham\/den-chieu-sang-facade\/den-am-nuoc\/den-am-nuoc-vw05-2\/\" \/>\n<meta property=\"og:locale\" content=\"vi_VN\" \/>\n<meta property=\"og:type\" content=\"article\" \/>\n<meta property=\"og:title\" content=\"\u0110\u00e8n \u00e2m n\u01b0\u1edbc VW05\" \/>\n<meta property=\"og:description\" content=\"\u0110\u00e8n \u00e2m v\u00e0o th\u00e0nh h\u1ed3 n\u01b0\u1edbc chi\u1ebfu h\u1eaft s\u00e1ng h\u1ed3 n\u01b0\u1edbc. \u0110\u00e8n c\u00f3 k\u1ebft c\u1ea5u chuy\u00ean nghi\u1ec7p. \u0110\u00e8n ch\u1ea5t l\u01b0\u1ee3ng cao, gi\u00e1 r\u1ebb, b\u1ea3o h\u00e0nh 2.5 n\u0103m.\" \/>\n<meta property=\"og:url\" content=\"https:\/\/vilight.vn\/website\/san-pham\/den-chieu-sang-facade\/den-am-nuoc\/den-am-nuoc-vw05-2\/\" \/>\n<meta property=\"og:site_name\" content=\"Vilight Co.ltd\" \/>\n<meta property=\"article:publisher\" content=\"http:\/\/facebook.com\/vilight.vn\" \/>\n<meta property=\"article:modified_time\" content=\"2024-10-04T03:31:14+00:00\" \/>\n<meta property=\"og:image\" content=\"https:\/\/vilight.vn\/website\/wp-content\/uploads\/2023\/08\/Den-am-nuoc-PL03.jpg\" \/>\n\t<meta property=\"og:image:width\" content=\"600\" \/>\n\t<meta property=\"og:image:height\" content=\"600\" \/>\n\t<meta property=\"og:image:type\" content=\"image\/jpeg\" \/>\n<meta name=\"twitter:card\" content=\"summary_large_image\" \/>\n<meta name=\"twitter:label1\" content=\"Gi\u00e1\" \/>\n\t<meta name=\"twitter:data1\" content=\"2.700.000&#8363;\" \/>\n\t<meta name=\"twitter:label2\" content=\"Kh\u1ea3 d\u1ee5ng\" \/>\n\t<meta name=\"twitter:data2\" content=\"Trong kho\" \/>\n<script type=\"application\/ld+json\" class=\"yoast-schema-graph\">{\"@context\":\"https:\\\/\\\/schema.org\",\"@graph\":[{\"@type\":\"WebPage\",\"@id\":\"https:\\\/\\\/vilight.vn\\\/website\\\/san-pham\\\/den-chieu-sang-facade\\\/den-am-nuoc\\\/den-am-nuoc-vw05-2\\\/\",\"url\":\"https:\\\/\\\/vilight.vn\\\/website\\\/san-pham\\\/den-chieu-sang-facade\\\/den-am-nuoc\\\/den-am-nuoc-vw05-2\\\/\",\"name\":\"\u0110\u00e8n \u00c2m N\u01b0\u1edbc 5W Gi\u00e1 R\u1ebb B\u1ea3o h\u00e0nh 2-3 n\u0103m, Ch\u1ea5t l\u01b0\u1ee3ng cao.\",\"isPartOf\":{\"@id\":\"https:\\\/\\\/vilight.vn\\\/website\\\/#website\"},\"primaryImageOfPage\":{\"@id\":\"https:\\\/\\\/vilight.vn\\\/website\\\/san-pham\\\/den-chieu-sang-facade\\\/den-am-nuoc\\\/den-am-nuoc-vw05-2\\\/#primaryimage\"},\"image\":{\"@id\":\"https:\\\/\\\/vilight.vn\\\/website\\\/san-pham\\\/den-chieu-sang-facade\\\/den-am-nuoc\\\/den-am-nuoc-vw05-2\\\/#primaryimage\"},\"thumbnailUrl\":\"https:\\\/\\\/vilight.vn\\\/website\\\/wp-content\\\/uploads\\\/2023\\\/08\\\/Den-am-nuoc-PL03.jpg\",\"datePublished\":\"2024-06-18T13:47:33+00:00\",\"dateModified\":\"2024-10-04T03:31:14+00:00\",\"description\":\"\u0110\u00e8n \u00e2m n\u01b0\u1edbc 5W\\\/7W gi\u00e1 r\u1ebb, ch\u1ea5t l\u01b0\u1ee3ng cao, b\u1ea3o h\u00e0nh 2-3 n\u0103m, \u0111\u01b0\u1ee3c thi\u1ebft k\u1ebf \u0111\u1ec3 l\u1eafp \u0111\u1eb7t \u00e2m v\u00e0o k\u1ebft c\u1ea5u b\u00ea t\u00f4ng c\u1ee7a h\u1ed3 n\u01b0\u1edbc nh\u01b0 th\u00e0nh h\u1ed3 n\u01b0\u1edbc hay \u0111\u00e1y h\u1ed3.\",\"breadcrumb\":{\"@id\":\"https:\\\/\\\/vilight.vn\\\/website\\\/san-pham\\\/den-chieu-sang-facade\\\/den-am-nuoc\\\/den-am-nuoc-vw05-2\\\/#breadcrumb\"},\"inLanguage\":\"vi\",\"potentialAction\":[{\"@type\":\"ReadAction\",\"target\":[\"https:\\\/\\\/vilight.vn\\\/website\\\/san-pham\\\/den-chieu-sang-facade\\\/den-am-nuoc\\\/den-am-nuoc-vw05-2\\\/\"]}]},{\"@type\":\"ImageObject\",\"inLanguage\":\"vi\",\"@id\":\"https:\\\/\\\/vilight.vn\\\/website\\\/san-pham\\\/den-chieu-sang-facade\\\/den-am-nuoc\\\/den-am-nuoc-vw05-2\\\/#primaryimage\",\"url\":\"https:\\\/\\\/vilight.vn\\\/website\\\/wp-content\\\/uploads\\\/2023\\\/08\\\/Den-am-nuoc-PL03.jpg\",\"contentUrl\":\"https:\\\/\\\/vilight.vn\\\/website\\\/wp-content\\\/uploads\\\/2023\\\/08\\\/Den-am-nuoc-PL03.jpg\",\"width\":600,\"height\":600,\"caption\":\"\u0110\u00e8n \u00e2m n\u01b0\u1edbc VL PL03\"},{\"@type\":\"BreadcrumbList\",\"@id\":\"https:\\\/\\\/vilight.vn\\\/website\\\/san-pham\\\/den-chieu-sang-facade\\\/den-am-nuoc\\\/den-am-nuoc-vw05-2\\\/#breadcrumb\",\"itemListElement\":[{\"@type\":\"ListItem\",\"position\":1,\"name\":\"Home\",\"item\":\"https:\\\/\\\/vilight.vn\\\/website\\\/\"},{\"@type\":\"ListItem\",\"position\":2,\"name\":\"store\",\"item\":\"https:\\\/\\\/vilight.vn\\\/website\\\/store\\\/\"},{\"@type\":\"ListItem\",\"position\":3,\"name\":\"\u0110\u00e8n \u00e2m n\u01b0\u1edbc VW05\"}]},{\"@type\":\"WebSite\",\"@id\":\"https:\\\/\\\/vilight.vn\\\/website\\\/#website\",\"url\":\"https:\\\/\\\/vilight.vn\\\/website\\\/\",\"name\":\"Vilight Co.ltd\",\"description\":\"Chi\u1ebfu s\u00e1ng m\u1ef9 thu\u1eadt, chi\u1ebfu s\u00e1ng th\u00f4ng minh, LED Pixel 3D, chi\u1ebfu s\u00e1ng trang tr\u00ed \u0111\u00f4 th\u1ecb, chi\u1ebfu s\u00e1ng v\u00f2ng xoay, chi\u1ebfu s\u00e1ng \u0111\u1ea3o giao th\u00f4ng, c\u1ed5ng ch\u00e0o \u0111\u00f4 th\u1ecb\",\"publisher\":{\"@id\":\"https:\\\/\\\/vilight.vn\\\/website\\\/#organization\"},\"potentialAction\":[{\"@type\":\"SearchAction\",\"target\":{\"@type\":\"EntryPoint\",\"urlTemplate\":\"https:\\\/\\\/vilight.vn\\\/website\\\/?s={search_term_string}\"},\"query-input\":{\"@type\":\"PropertyValueSpecification\",\"valueRequired\":true,\"valueName\":\"search_term_string\"}}],\"inLanguage\":\"vi\"},{\"@type\":\"Organization\",\"@id\":\"https:\\\/\\\/vilight.vn\\\/website\\\/#organization\",\"name\":\"Vilight\",\"url\":\"https:\\\/\\\/vilight.vn\\\/website\\\/\",\"logo\":{\"@type\":\"ImageObject\",\"inLanguage\":\"vi\",\"@id\":\"https:\\\/\\\/vilight.vn\\\/website\\\/#\\\/schema\\\/logo\\\/image\\\/\",\"url\":\"https:\\\/\\\/vilight.vn\\\/website\\\/wp-content\\\/uploads\\\/2022\\\/05\\\/chieu_sang_trang_tri_do_thi_bang_den_led_pixel.png\",\"contentUrl\":\"https:\\\/\\\/vilight.vn\\\/website\\\/wp-content\\\/uploads\\\/2022\\\/05\\\/chieu_sang_trang_tri_do_thi_bang_den_led_pixel.png\",\"width\":800,\"height\":427,\"caption\":\"Vilight\"},\"image\":{\"@id\":\"https:\\\/\\\/vilight.vn\\\/website\\\/#\\\/schema\\\/logo\\\/image\\\/\"},\"sameAs\":[\"http:\\\/\\\/facebook.com\\\/vilight.vn\",\"https:\\\/\\\/www.linkedin.com\\\/company\\\/vilight-vn\",\"https:\\\/\\\/www.youtube.com\\\/channel\\\/UCEwR2naeDcuarMX1kSv_rLQ\\\/videos\"]}]}<\/script>\n<meta property=\"product:brand\" content=\"\u0110\u00e8n \u00c2m N\u01b0\u1edbc\" \/>\n<meta property=\"product:price:amount\" content=\"2700000\" \/>\n<meta property=\"product:price:currency\" content=\"VND\" \/>\n<meta property=\"og:availability\" content=\"instock\" \/>\n<meta property=\"product:availability\" content=\"instock\" \/>\n<meta property=\"product:condition\" content=\"new\" \/>\n<!-- \/ Yoast SEO Premium plugin. -->","yoast_head_json":{"title":"\u0110\u00e8n \u00c2m N\u01b0\u1edbc 5W Gi\u00e1 R\u1ebb B\u1ea3o h\u00e0nh 2-3 n\u0103m, Ch\u1ea5t l\u01b0\u1ee3ng cao.","description":"\u0110\u00e8n \u00e2m n\u01b0\u1edbc 5W\/7W gi\u00e1 r\u1ebb, ch\u1ea5t l\u01b0\u1ee3ng cao, b\u1ea3o h\u00e0nh 2-3 n\u0103m, \u0111\u01b0\u1ee3c thi\u1ebft k\u1ebf \u0111\u1ec3 l\u1eafp \u0111\u1eb7t \u00e2m v\u00e0o k\u1ebft c\u1ea5u b\u00ea t\u00f4ng c\u1ee7a h\u1ed3 n\u01b0\u1edbc nh\u01b0 th\u00e0nh h\u1ed3 n\u01b0\u1edbc hay \u0111\u00e1y h\u1ed3.","robots":{"index":"index","follow":"follow","max-snippet":"max-snippet:-1","max-image-preview":"max-image-preview:large","max-video-preview":"max-video-preview:-1"},"canonical":"https:\/\/vilight.vn\/website\/san-pham\/den-chieu-sang-facade\/den-am-nuoc\/den-am-nuoc-vw05-2\/","og_locale":"vi_VN","og_type":"article","og_title":"\u0110\u00e8n \u00e2m n\u01b0\u1edbc VW05","og_description":"\u0110\u00e8n \u00e2m v\u00e0o th\u00e0nh h\u1ed3 n\u01b0\u1edbc chi\u1ebfu h\u1eaft s\u00e1ng h\u1ed3 n\u01b0\u1edbc. \u0110\u00e8n c\u00f3 k\u1ebft c\u1ea5u chuy\u00ean nghi\u1ec7p. \u0110\u00e8n ch\u1ea5t l\u01b0\u1ee3ng cao, gi\u00e1 r\u1ebb, b\u1ea3o h\u00e0nh 2.5 n\u0103m.","og_url":"https:\/\/vilight.vn\/website\/san-pham\/den-chieu-sang-facade\/den-am-nuoc\/den-am-nuoc-vw05-2\/","og_site_name":"Vilight Co.ltd","article_publisher":"http:\/\/facebook.com\/vilight.vn","article_modified_time":"2024-10-04T03:31:14+00:00","og_image":[{"width":600,"height":600,"url":"https:\/\/vilight.vn\/website\/wp-content\/uploads\/2023\/08\/Den-am-nuoc-PL03.jpg","type":"image\/jpeg"}],"twitter_card":"summary_large_image","twitter_misc":{"Gi\u00e1":"2.700.000&#8363;","Kh\u1ea3 d\u1ee5ng":"Trong kho"},"schema":{"@context":"https:\/\/schema.org","@graph":[{"@type":"WebPage","@id":"https:\/\/vilight.vn\/website\/san-pham\/den-chieu-sang-facade\/den-am-nuoc\/den-am-nuoc-vw05-2\/","url":"https:\/\/vilight.vn\/website\/san-pham\/den-chieu-sang-facade\/den-am-nuoc\/den-am-nuoc-vw05-2\/","name":"\u0110\u00e8n \u00c2m N\u01b0\u1edbc 5W Gi\u00e1 R\u1ebb B\u1ea3o h\u00e0nh 2-3 n\u0103m, Ch\u1ea5t l\u01b0\u1ee3ng cao.","isPartOf":{"@id":"https:\/\/vilight.vn\/website\/#website"},"primaryImageOfPage":{"@id":"https:\/\/vilight.vn\/website\/san-pham\/den-chieu-sang-facade\/den-am-nuoc\/den-am-nuoc-vw05-2\/#primaryimage"},"image":{"@id":"https:\/\/vilight.vn\/website\/san-pham\/den-chieu-sang-facade\/den-am-nuoc\/den-am-nuoc-vw05-2\/#primaryimage"},"thumbnailUrl":"https:\/\/vilight.vn\/website\/wp-content\/uploads\/2023\/08\/Den-am-nuoc-PL03.jpg","datePublished":"2024-06-18T13:47:33+00:00","dateModified":"2024-10-04T03:31:14+00:00","description":"\u0110\u00e8n \u00e2m n\u01b0\u1edbc 5W\/7W gi\u00e1 r\u1ebb, ch\u1ea5t l\u01b0\u1ee3ng cao, b\u1ea3o h\u00e0nh 2-3 n\u0103m, \u0111\u01b0\u1ee3c thi\u1ebft k\u1ebf \u0111\u1ec3 l\u1eafp \u0111\u1eb7t \u00e2m v\u00e0o k\u1ebft c\u1ea5u b\u00ea t\u00f4ng c\u1ee7a h\u1ed3 n\u01b0\u1edbc nh\u01b0 th\u00e0nh h\u1ed3 n\u01b0\u1edbc hay \u0111\u00e1y h\u1ed3.","breadcrumb":{"@id":"https:\/\/vilight.vn\/website\/san-pham\/den-chieu-sang-facade\/den-am-nuoc\/den-am-nuoc-vw05-2\/#breadcrumb"},"inLanguage":"vi","potentialAction":[{"@type":"ReadAction","target":["https:\/\/vilight.vn\/website\/san-pham\/den-chieu-sang-facade\/den-am-nuoc\/den-am-nuoc-vw05-2\/"]}]},{"@type":"ImageObject","inLanguage":"vi","@id":"https:\/\/vilight.vn\/website\/san-pham\/den-chieu-sang-facade\/den-am-nuoc\/den-am-nuoc-vw05-2\/#primaryimage","url":"https:\/\/vilight.vn\/website\/wp-content\/uploads\/2023\/08\/Den-am-nuoc-PL03.jpg","contentUrl":"https:\/\/vilight.vn\/website\/wp-content\/uploads\/2023\/08\/Den-am-nuoc-PL03.jpg","width":600,"height":600,"caption":"\u0110\u00e8n \u00e2m n\u01b0\u1edbc VL PL03"},{"@type":"BreadcrumbList","@id":"https:\/\/vilight.vn\/website\/san-pham\/den-chieu-sang-facade\/den-am-nuoc\/den-am-nuoc-vw05-2\/#breadcrumb","itemListElement":[{"@type":"ListItem","position":1,"name":"Home","item":"https:\/\/vilight.vn\/website\/"},{"@type":"ListItem","position":2,"name":"store","item":"https:\/\/vilight.vn\/website\/store\/"},{"@type":"ListItem","position":3,"name":"\u0110\u00e8n \u00e2m n\u01b0\u1edbc VW05"}]},{"@type":"WebSite","@id":"https:\/\/vilight.vn\/website\/#website","url":"https:\/\/vilight.vn\/website\/","name":"Vilight Co.ltd","description":"Chi\u1ebfu s\u00e1ng m\u1ef9 thu\u1eadt, chi\u1ebfu s\u00e1ng th\u00f4ng minh, LED Pixel 3D, chi\u1ebfu s\u00e1ng trang tr\u00ed \u0111\u00f4 th\u1ecb, chi\u1ebfu s\u00e1ng v\u00f2ng xoay, chi\u1ebfu s\u00e1ng \u0111\u1ea3o giao th\u00f4ng, c\u1ed5ng ch\u00e0o \u0111\u00f4 th\u1ecb","publisher":{"@id":"https:\/\/vilight.vn\/website\/#organization"},"potentialAction":[{"@type":"SearchAction","target":{"@type":"EntryPoint","urlTemplate":"https:\/\/vilight.vn\/website\/?s={search_term_string}"},"query-input":{"@type":"PropertyValueSpecification","valueRequired":true,"valueName":"search_term_string"}}],"inLanguage":"vi"},{"@type":"Organization","@id":"https:\/\/vilight.vn\/website\/#organization","name":"Vilight","url":"https:\/\/vilight.vn\/website\/","logo":{"@type":"ImageObject","inLanguage":"vi","@id":"https:\/\/vilight.vn\/website\/#\/schema\/logo\/image\/","url":"https:\/\/vilight.vn\/website\/wp-content\/uploads\/2022\/05\/chieu_sang_trang_tri_do_thi_bang_den_led_pixel.png","contentUrl":"https:\/\/vilight.vn\/website\/wp-content\/uploads\/2022\/05\/chieu_sang_trang_tri_do_thi_bang_den_led_pixel.png","width":800,"height":427,"caption":"Vilight"},"image":{"@id":"https:\/\/vilight.vn\/website\/#\/schema\/logo\/image\/"},"sameAs":["http:\/\/facebook.com\/vilight.vn","https:\/\/www.linkedin.com\/company\/vilight-vn","https:\/\/www.youtube.com\/channel\/UCEwR2naeDcuarMX1kSv_rLQ\/videos"]}]},"product_brand":"\u0110\u00e8n \u00c2m N\u01b0\u1edbc","product_price_amount":"2700000","product_price_currency":"VND","og_availability":"instock","product_availability":"instock","product_condition":"new"},"_links":{"self":[{"href":"https:\/\/vilight.vn\/website\/wp-json\/wp\/v2\/product\/4746","targetHints":{"allow":["GET"]}}],"collection":[{"href":"https:\/\/vilight.vn\/website\/wp-json\/wp\/v2\/product"}],"about":[{"href":"https:\/\/vilight.vn\/website\/wp-json\/wp\/v2\/types\/product"}],"wp:featuredmedia":[{"embeddable":true,"href":"https:\/\/vilight.vn\/website\/wp-json\/wp\/v2\/media\/4310"}],"wp:attachment":[{"href":"https:\/\/vilight.vn\/website\/wp-json\/wp\/v2\/media?parent=4746"}],"wp:term":[{"taxonomy":"product_brand","embeddable":true,"href":"https:\/\/vilight.vn\/website\/wp-json\/wp\/v2\/product_brand?post=4746"},{"taxonomy":"product_cat","embeddable":true,"href":"https:\/\/vilight.vn\/website\/wp-json\/wp\/v2\/product_cat?post=4746"},{"taxonomy":"product_tag","embeddable":true,"href":"https:\/\/vilight.vn\/website\/wp-json\/wp\/v2\/product_tag?post=4746"}],"curies":[{"name":"wp","href":"https:\/\/api.w.org\/{rel}","templated":true}]}}