{"id":4775,"date":"2024-08-22T17:44:25","date_gmt":"2024-08-22T10:44:25","guid":{"rendered":"https:\/\/vilight.vn\/website\/?post_type=product&#038;p=4775"},"modified":"2024-10-04T13:47:18","modified_gmt":"2024-10-04T06:47:18","slug":"den-bollard-vl-bl14","status":"publish","type":"product","link":"https:\/\/vilight.vn\/website\/san-pham\/den-chieu-sang-facade\/den-bollard\/den-bollard-vl-bl14\/","title":{"rendered":"\u0110\u00e8n Bollard VL-BL14"},"content":{"rendered":"<h2>\u0110\u00e8n bollard 9W, 10W v\u1ecf \u0111\u00e8n b\u00ea t\u00f4ng :<\/h2>\n<p>\u0110\u00e8n \u0111\u01b0\u1ee3c \u0111\u00fac b\u1eb1ng b\u00ea t\u00f4ng \u00e1p l\u1ef1c cao, thi\u1ebft k\u1ebf hi\u1ec7n \u0111\u1ea1i.\u0110\u1ed9 c\u1ee9ng IK09.\u0110\u00e8n c\u00f3 th\u1ea5u k\u00ednh t\u00e1n quang gi\u00fap \u0111\u1ea1t hi\u1ec7u su\u1ea5t quang cao.Ch\u1ed1ng \u0103n m\u00f2n t\u1ed1t, ph\u00f9 h\u1ee3p c\u00e1c m\u00f4i tr\u01b0\u1eddng mu\u1ed1i bi\u1ec3n, h\u00f3a ch\u1ea5t, x\u0103ng d\u1ea7u &#8230;C\u00f3 t\u00f9y ch\u1ecdn l\u1eafp \u0111\u1eb7t th\u00eam thi\u1ebft b\u1ecb ch\u1ed1ng s\u00e9t lan truy\u1ec1n, l\u00ean t\u1edbi 10Kv.<br \/>\nhide<\/p>\n<p><img decoding=\"async\" data-src=\"https:\/\/vilight.vn\/website\/wp-content\/uploads\/2024\/08\/BL14.jpg#4776\" alt=\"BL14\" src=\"data:image\/svg+xml;base64,PHN2ZyB3aWR0aD0iMSIgaGVpZ2h0PSIxIiB4bWxucz0iaHR0cDovL3d3dy53My5vcmcvMjAwMC9zdmciPjwvc3ZnPg==\" class=\"lazyload\" style=\"--smush-placeholder-width: 1150px; --smush-placeholder-aspect-ratio: 1150\/360;\" \/><br \/>\nfull<br \/>\ncontain<br \/>\ncenter center<br \/>\nhide<\/p>\n<h2>Th\u1ed1ng s\u1ed1 k\u1ef9 thu\u1eadt \u0111\u00e8n bollard b\u00ea t\u00f4ng :<\/h2>\n<ul>\n<li>Th\u00f4ng tinTh\u00f4ng s\u1ed1 k\u1ef9 thu\u1eadtNgu\u1ed3n s\u00e1ngchip LED Osram , Philips<\/li>\n<li>G\u00f3c chi\u1ebfu r\u1ed9ng<\/li>\n<li>\u0110i\u1ec7n \u00e1p ho\u1ea1t \u0111\u1ed9ng 100-240 VAC<\/li>\n<li>C\u00f4ng su\u1ea5t ti\u00eau hao 10W<\/li>\n<li>Hi\u1ec7u su\u1ea5t quang 80 lumens\/W \u0111\u1ed1i v\u1edbi \u0111\u00e8n 3.000K.<\/li>\n<li>Nhi\u1ec7t \u0111\u1ed9 ho\u1ea1t \u0111\u1ed9ng &#8211; 20\u00baC ~ 45\u00baC<\/li>\n<li>Tu\u1ed5i th\u1ecd LED t\u1ed1i thi\u1ec3u 50.000h.<\/li>\n<li>\u0110\u1ed9 k\u00ednIP65\u0110\u1ed9 c\u1ee9ngIK09<br \/>\nhide<\/li>\n<li>\u0110\u00e8n Bollard 10W cao 456mm, v\u1eadt li\u1ec7u b\u00ea t\u00f4ng \u0111\u00fac, ki\u1ec3u d\u00e1ng hi\u1ec7n \u0111\u1ea1i, \u00e1nh s\u00e1ng h\u1eaft xu\u1ed1ng kh\u00f4ng g\u00e2y ch\u00f3i l\u00f3a v\u00e0o m\u1eaft ng\u01b0\u1eddi.<\/li>\n<li>b\u1ec1 m\u1eb7t v\u1ecf \u0111\u01b0\u1ee3c ph\u1ee7 s\u01a1n ch\u1ed1ng \u0103n m\u00f2n mu\u1ed1i bi\u1ec3n, th\u1eddi gian b\u1ea3o h\u00e0nh 5 n\u0103m.<\/li>\n<\/ul>\n","protected":false},"excerpt":{"rendered":"<p style=\"text-align: justify;\"><span style=\"font-size: 14pt;\">\u0110\u00e8n Bollard VL-BL14 &#8211; \u0111\u00e8n Bollard 9W th\u00e2n \u0111\u00e8n \u0111\u01b0\u1ee3c \u0111\u00fac b\u1eb1ng b\u00ea t\u00f4ng \u0111\u1ea3m b\u1ea3o m\u1ef9 thu\u1eadt, \u0111\u1ed9 b\u1ec1n ho\u1ea1t \u0111\u1ed9ng trong m\u00f4i tr\u01b0\u1eddng b\u1ecb \u0103n m\u00f2n (mu\u1ed1i bi\u1ec3n, h\u00f3a ch\u1ea5t &#8230;).<\/span><\/p>\n","protected":false},"featured_media":4777,"template":"","meta":[],"product_brand":[],"product_cat":[69,73],"product_tag":[],"class_list":{"0":"post-4775","1":"product","2":"type-product","3":"status-publish","4":"has-post-thumbnail","6":"product_cat-den-bollard","7":"product_cat-den-chieu-sang-facade","8":"pa_chip-led-bridgelux","9":"pa_chip-led-oram","10":"pa_dien-ap-hoat-dong-ac-100-260v","11":"pa_do-kin-ip54","12":"pa_nhiet-do-mau-3000k","13":"pa_nhiet-do-mau-4000k","14":"pa_nhiet-do-mau-6000k","16":"first","17":"instock","18":"taxable","19":"shipping-taxable","20":"product-type-simple"},"yoast_head":"<!-- This site is optimized with the Yoast SEO Premium plugin v27.5 (Yoast SEO v27.5) - https:\/\/yoast.com\/product\/yoast-seo-premium-wordpress\/ -->\n<title>\u0110\u00e8n Bollard 9W, 10W v\u1ecf \u0111\u00e8n b\u1eb1ng b\u00ea t\u00f4ng \u0111\u00fac \u00e1p l\u1ef1c cao.<\/title>\n<meta name=\"description\" content=\"\u0110\u00e8n Bollard 9W b\u00ea t\u00f4ng, v\u1ecf \u0111\u00e8n b\u1eb1ng b\u00ea t\u00f4ng \u0111\u00fac, ki\u1ec3u d\u00e1ng hi\u1ec7n \u0111\u1ea1i, kh\u00f4ng g\u00e2y ch\u00f3i l\u00f3a v\u00e0o m\u1eaft ng\u01b0\u1eddi, ph\u00f9 h\u1ee3p m\u00f4i tr\u01b0\u1eddng mu\u1ed1i bi\u1ec3n, h\u00f3a ch\u1ea5t.\" \/>\n<meta name=\"robots\" content=\"index, follow, max-snippet:-1, max-image-preview:large, max-video-preview:-1\" \/>\n<link rel=\"canonical\" href=\"https:\/\/vilight.vn\/website\/san-pham\/den-chieu-sang-facade\/den-bollard\/den-bollard-vl-bl14\/\" \/>\n<meta property=\"og:locale\" content=\"vi_VN\" \/>\n<meta property=\"og:type\" content=\"article\" \/>\n<meta property=\"og:title\" content=\"\u0110\u00e8n Bollard VL-BL14\" \/>\n<meta property=\"og:description\" content=\"\u0110\u00e8n Bollard VL-BL14 - \u0111\u00e8n Bollard 9W th\u00e2n \u0111\u00e8n \u0111\u01b0\u1ee3c \u0111\u00fac b\u1eb1ng b\u00ea t\u00f4ng \u0111\u1ea3m b\u1ea3o m\u1ef9 thu\u1eadt, \u0111\u1ed9 b\u1ec1n ho\u1ea1t \u0111\u1ed9ng trong m\u00f4i tr\u01b0\u1eddng b\u1ecb \u0103n m\u00f2n (mu\u1ed1i bi\u1ec3n, h\u00f3a ch\u1ea5t ...).\" \/>\n<meta property=\"og:url\" content=\"https:\/\/vilight.vn\/website\/san-pham\/den-chieu-sang-facade\/den-bollard\/den-bollard-vl-bl14\/\" \/>\n<meta property=\"og:site_name\" content=\"Vilight Co.ltd\" \/>\n<meta property=\"article:publisher\" content=\"http:\/\/facebook.com\/vilight.vn\" \/>\n<meta property=\"article:modified_time\" content=\"2024-10-04T06:47:18+00:00\" \/>\n<meta property=\"og:image\" content=\"https:\/\/vilight.vn\/website\/wp-content\/uploads\/2024\/08\/1654500700.png\" \/>\n\t<meta property=\"og:image:width\" content=\"1000\" \/>\n\t<meta property=\"og:image:height\" content=\"700\" \/>\n\t<meta property=\"og:image:type\" content=\"image\/png\" \/>\n<meta name=\"twitter:card\" content=\"summary_large_image\" \/>\n<meta name=\"twitter:label1\" content=\"Gi\u00e1\" \/>\n\t<meta name=\"twitter:data1\" content=\"\" \/>\n\t<meta name=\"twitter:label2\" content=\"Kh\u1ea3 d\u1ee5ng\" \/>\n\t<meta name=\"twitter:data2\" content=\"Trong kho\" \/>\n<script type=\"application\/ld+json\" class=\"yoast-schema-graph\">{\"@context\":\"https:\\\/\\\/schema.org\",\"@graph\":[{\"@type\":\"WebPage\",\"@id\":\"https:\\\/\\\/vilight.vn\\\/website\\\/san-pham\\\/den-chieu-sang-facade\\\/den-bollard\\\/den-bollard-vl-bl14\\\/\",\"url\":\"https:\\\/\\\/vilight.vn\\\/website\\\/san-pham\\\/den-chieu-sang-facade\\\/den-bollard\\\/den-bollard-vl-bl14\\\/\",\"name\":\"\u0110\u00e8n Bollard 9W, 10W v\u1ecf \u0111\u00e8n b\u1eb1ng b\u00ea t\u00f4ng \u0111\u00fac \u00e1p l\u1ef1c cao.\",\"isPartOf\":{\"@id\":\"https:\\\/\\\/vilight.vn\\\/website\\\/#website\"},\"primaryImageOfPage\":{\"@id\":\"https:\\\/\\\/vilight.vn\\\/website\\\/san-pham\\\/den-chieu-sang-facade\\\/den-bollard\\\/den-bollard-vl-bl14\\\/#primaryimage\"},\"image\":{\"@id\":\"https:\\\/\\\/vilight.vn\\\/website\\\/san-pham\\\/den-chieu-sang-facade\\\/den-bollard\\\/den-bollard-vl-bl14\\\/#primaryimage\"},\"thumbnailUrl\":\"https:\\\/\\\/vilight.vn\\\/website\\\/wp-content\\\/uploads\\\/2024\\\/08\\\/1654500700.png\",\"datePublished\":\"2024-08-22T10:44:25+00:00\",\"dateModified\":\"2024-10-04T06:47:18+00:00\",\"description\":\"\u0110\u00e8n Bollard 9W b\u00ea t\u00f4ng, v\u1ecf \u0111\u00e8n b\u1eb1ng b\u00ea t\u00f4ng \u0111\u00fac, ki\u1ec3u d\u00e1ng hi\u1ec7n \u0111\u1ea1i, kh\u00f4ng g\u00e2y ch\u00f3i l\u00f3a v\u00e0o m\u1eaft ng\u01b0\u1eddi, ph\u00f9 h\u1ee3p m\u00f4i tr\u01b0\u1eddng mu\u1ed1i bi\u1ec3n, h\u00f3a ch\u1ea5t.\",\"breadcrumb\":{\"@id\":\"https:\\\/\\\/vilight.vn\\\/website\\\/san-pham\\\/den-chieu-sang-facade\\\/den-bollard\\\/den-bollard-vl-bl14\\\/#breadcrumb\"},\"inLanguage\":\"vi\",\"potentialAction\":[{\"@type\":\"ReadAction\",\"target\":[\"https:\\\/\\\/vilight.vn\\\/website\\\/san-pham\\\/den-chieu-sang-facade\\\/den-bollard\\\/den-bollard-vl-bl14\\\/\"]}]},{\"@type\":\"ImageObject\",\"inLanguage\":\"vi\",\"@id\":\"https:\\\/\\\/vilight.vn\\\/website\\\/san-pham\\\/den-chieu-sang-facade\\\/den-bollard\\\/den-bollard-vl-bl14\\\/#primaryimage\",\"url\":\"https:\\\/\\\/vilight.vn\\\/website\\\/wp-content\\\/uploads\\\/2024\\\/08\\\/1654500700.png\",\"contentUrl\":\"https:\\\/\\\/vilight.vn\\\/website\\\/wp-content\\\/uploads\\\/2024\\\/08\\\/1654500700.png\",\"width\":1000,\"height\":700,\"caption\":\"\u0111\u00e8n n\u1ea5m, \u0111\u00e8n d\u1eabn l\u1ed1i, \u0111\u00e8n bollard b\u1eb1ng v\u1eadt li\u1ec7u b\u00ea t\u00f4ng.\"},{\"@type\":\"BreadcrumbList\",\"@id\":\"https:\\\/\\\/vilight.vn\\\/website\\\/san-pham\\\/den-chieu-sang-facade\\\/den-bollard\\\/den-bollard-vl-bl14\\\/#breadcrumb\",\"itemListElement\":[{\"@type\":\"ListItem\",\"position\":1,\"name\":\"Home\",\"item\":\"https:\\\/\\\/vilight.vn\\\/website\\\/\"},{\"@type\":\"ListItem\",\"position\":2,\"name\":\"store\",\"item\":\"https:\\\/\\\/vilight.vn\\\/website\\\/store\\\/\"},{\"@type\":\"ListItem\",\"position\":3,\"name\":\"\u0110\u00e8n Bollard VL-BL14\"}]},{\"@type\":\"WebSite\",\"@id\":\"https:\\\/\\\/vilight.vn\\\/website\\\/#website\",\"url\":\"https:\\\/\\\/vilight.vn\\\/website\\\/\",\"name\":\"Vilight Co.ltd\",\"description\":\"Chi\u1ebfu s\u00e1ng m\u1ef9 thu\u1eadt, chi\u1ebfu s\u00e1ng th\u00f4ng minh, LED Pixel 3D, chi\u1ebfu s\u00e1ng trang tr\u00ed \u0111\u00f4 th\u1ecb, chi\u1ebfu s\u00e1ng v\u00f2ng xoay, chi\u1ebfu s\u00e1ng \u0111\u1ea3o giao th\u00f4ng, c\u1ed5ng ch\u00e0o \u0111\u00f4 th\u1ecb\",\"publisher\":{\"@id\":\"https:\\\/\\\/vilight.vn\\\/website\\\/#organization\"},\"potentialAction\":[{\"@type\":\"SearchAction\",\"target\":{\"@type\":\"EntryPoint\",\"urlTemplate\":\"https:\\\/\\\/vilight.vn\\\/website\\\/?s={search_term_string}\"},\"query-input\":{\"@type\":\"PropertyValueSpecification\",\"valueRequired\":true,\"valueName\":\"search_term_string\"}}],\"inLanguage\":\"vi\"},{\"@type\":\"Organization\",\"@id\":\"https:\\\/\\\/vilight.vn\\\/website\\\/#organization\",\"name\":\"Vilight\",\"url\":\"https:\\\/\\\/vilight.vn\\\/website\\\/\",\"logo\":{\"@type\":\"ImageObject\",\"inLanguage\":\"vi\",\"@id\":\"https:\\\/\\\/vilight.vn\\\/website\\\/#\\\/schema\\\/logo\\\/image\\\/\",\"url\":\"https:\\\/\\\/vilight.vn\\\/website\\\/wp-content\\\/uploads\\\/2022\\\/05\\\/chieu_sang_trang_tri_do_thi_bang_den_led_pixel.png\",\"contentUrl\":\"https:\\\/\\\/vilight.vn\\\/website\\\/wp-content\\\/uploads\\\/2022\\\/05\\\/chieu_sang_trang_tri_do_thi_bang_den_led_pixel.png\",\"width\":800,\"height\":427,\"caption\":\"Vilight\"},\"image\":{\"@id\":\"https:\\\/\\\/vilight.vn\\\/website\\\/#\\\/schema\\\/logo\\\/image\\\/\"},\"sameAs\":[\"http:\\\/\\\/facebook.com\\\/vilight.vn\",\"https:\\\/\\\/www.linkedin.com\\\/company\\\/vilight-vn\",\"https:\\\/\\\/www.youtube.com\\\/channel\\\/UCEwR2naeDcuarMX1kSv_rLQ\\\/videos\"]}]}<\/script>\n<meta property=\"product:brand\" content=\"\u0110\u00e8n Bollard\" \/>\n<meta property=\"product:price:currency\" content=\"VND\" \/>\n<meta property=\"og:availability\" content=\"instock\" \/>\n<meta property=\"product:availability\" content=\"instock\" \/>\n<meta property=\"product:condition\" content=\"new\" \/>\n<!-- \/ Yoast SEO Premium plugin. -->","yoast_head_json":{"title":"\u0110\u00e8n Bollard 9W, 10W v\u1ecf \u0111\u00e8n b\u1eb1ng b\u00ea t\u00f4ng \u0111\u00fac \u00e1p l\u1ef1c cao.","description":"\u0110\u00e8n Bollard 9W b\u00ea t\u00f4ng, v\u1ecf \u0111\u00e8n b\u1eb1ng b\u00ea t\u00f4ng \u0111\u00fac, ki\u1ec3u d\u00e1ng hi\u1ec7n \u0111\u1ea1i, kh\u00f4ng g\u00e2y ch\u00f3i l\u00f3a v\u00e0o m\u1eaft ng\u01b0\u1eddi, ph\u00f9 h\u1ee3p m\u00f4i tr\u01b0\u1eddng mu\u1ed1i bi\u1ec3n, h\u00f3a ch\u1ea5t.","robots":{"index":"index","follow":"follow","max-snippet":"max-snippet:-1","max-image-preview":"max-image-preview:large","max-video-preview":"max-video-preview:-1"},"canonical":"https:\/\/vilight.vn\/website\/san-pham\/den-chieu-sang-facade\/den-bollard\/den-bollard-vl-bl14\/","og_locale":"vi_VN","og_type":"article","og_title":"\u0110\u00e8n Bollard VL-BL14","og_description":"\u0110\u00e8n Bollard VL-BL14 - \u0111\u00e8n Bollard 9W th\u00e2n \u0111\u00e8n \u0111\u01b0\u1ee3c \u0111\u00fac b\u1eb1ng b\u00ea t\u00f4ng \u0111\u1ea3m b\u1ea3o m\u1ef9 thu\u1eadt, \u0111\u1ed9 b\u1ec1n ho\u1ea1t \u0111\u1ed9ng trong m\u00f4i tr\u01b0\u1eddng b\u1ecb \u0103n m\u00f2n (mu\u1ed1i bi\u1ec3n, h\u00f3a ch\u1ea5t ...).","og_url":"https:\/\/vilight.vn\/website\/san-pham\/den-chieu-sang-facade\/den-bollard\/den-bollard-vl-bl14\/","og_site_name":"Vilight Co.ltd","article_publisher":"http:\/\/facebook.com\/vilight.vn","article_modified_time":"2024-10-04T06:47:18+00:00","og_image":[{"width":1000,"height":700,"url":"https:\/\/vilight.vn\/website\/wp-content\/uploads\/2024\/08\/1654500700.png","type":"image\/png"}],"twitter_card":"summary_large_image","twitter_misc":{"Gi\u00e1":"","Kh\u1ea3 d\u1ee5ng":"Trong kho"},"schema":{"@context":"https:\/\/schema.org","@graph":[{"@type":"WebPage","@id":"https:\/\/vilight.vn\/website\/san-pham\/den-chieu-sang-facade\/den-bollard\/den-bollard-vl-bl14\/","url":"https:\/\/vilight.vn\/website\/san-pham\/den-chieu-sang-facade\/den-bollard\/den-bollard-vl-bl14\/","name":"\u0110\u00e8n Bollard 9W, 10W v\u1ecf \u0111\u00e8n b\u1eb1ng b\u00ea t\u00f4ng \u0111\u00fac \u00e1p l\u1ef1c cao.","isPartOf":{"@id":"https:\/\/vilight.vn\/website\/#website"},"primaryImageOfPage":{"@id":"https:\/\/vilight.vn\/website\/san-pham\/den-chieu-sang-facade\/den-bollard\/den-bollard-vl-bl14\/#primaryimage"},"image":{"@id":"https:\/\/vilight.vn\/website\/san-pham\/den-chieu-sang-facade\/den-bollard\/den-bollard-vl-bl14\/#primaryimage"},"thumbnailUrl":"https:\/\/vilight.vn\/website\/wp-content\/uploads\/2024\/08\/1654500700.png","datePublished":"2024-08-22T10:44:25+00:00","dateModified":"2024-10-04T06:47:18+00:00","description":"\u0110\u00e8n Bollard 9W b\u00ea t\u00f4ng, v\u1ecf \u0111\u00e8n b\u1eb1ng b\u00ea t\u00f4ng \u0111\u00fac, ki\u1ec3u d\u00e1ng hi\u1ec7n \u0111\u1ea1i, kh\u00f4ng g\u00e2y ch\u00f3i l\u00f3a v\u00e0o m\u1eaft ng\u01b0\u1eddi, ph\u00f9 h\u1ee3p m\u00f4i tr\u01b0\u1eddng mu\u1ed1i bi\u1ec3n, h\u00f3a ch\u1ea5t.","breadcrumb":{"@id":"https:\/\/vilight.vn\/website\/san-pham\/den-chieu-sang-facade\/den-bollard\/den-bollard-vl-bl14\/#breadcrumb"},"inLanguage":"vi","potentialAction":[{"@type":"ReadAction","target":["https:\/\/vilight.vn\/website\/san-pham\/den-chieu-sang-facade\/den-bollard\/den-bollard-vl-bl14\/"]}]},{"@type":"ImageObject","inLanguage":"vi","@id":"https:\/\/vilight.vn\/website\/san-pham\/den-chieu-sang-facade\/den-bollard\/den-bollard-vl-bl14\/#primaryimage","url":"https:\/\/vilight.vn\/website\/wp-content\/uploads\/2024\/08\/1654500700.png","contentUrl":"https:\/\/vilight.vn\/website\/wp-content\/uploads\/2024\/08\/1654500700.png","width":1000,"height":700,"caption":"\u0111\u00e8n n\u1ea5m, \u0111\u00e8n d\u1eabn l\u1ed1i, \u0111\u00e8n bollard b\u1eb1ng v\u1eadt li\u1ec7u b\u00ea t\u00f4ng."},{"@type":"BreadcrumbList","@id":"https:\/\/vilight.vn\/website\/san-pham\/den-chieu-sang-facade\/den-bollard\/den-bollard-vl-bl14\/#breadcrumb","itemListElement":[{"@type":"ListItem","position":1,"name":"Home","item":"https:\/\/vilight.vn\/website\/"},{"@type":"ListItem","position":2,"name":"store","item":"https:\/\/vilight.vn\/website\/store\/"},{"@type":"ListItem","position":3,"name":"\u0110\u00e8n Bollard VL-BL14"}]},{"@type":"WebSite","@id":"https:\/\/vilight.vn\/website\/#website","url":"https:\/\/vilight.vn\/website\/","name":"Vilight Co.ltd","description":"Chi\u1ebfu s\u00e1ng m\u1ef9 thu\u1eadt, chi\u1ebfu s\u00e1ng th\u00f4ng minh, LED Pixel 3D, chi\u1ebfu s\u00e1ng trang tr\u00ed \u0111\u00f4 th\u1ecb, chi\u1ebfu s\u00e1ng v\u00f2ng xoay, chi\u1ebfu s\u00e1ng \u0111\u1ea3o giao th\u00f4ng, c\u1ed5ng ch\u00e0o \u0111\u00f4 th\u1ecb","publisher":{"@id":"https:\/\/vilight.vn\/website\/#organization"},"potentialAction":[{"@type":"SearchAction","target":{"@type":"EntryPoint","urlTemplate":"https:\/\/vilight.vn\/website\/?s={search_term_string}"},"query-input":{"@type":"PropertyValueSpecification","valueRequired":true,"valueName":"search_term_string"}}],"inLanguage":"vi"},{"@type":"Organization","@id":"https:\/\/vilight.vn\/website\/#organization","name":"Vilight","url":"https:\/\/vilight.vn\/website\/","logo":{"@type":"ImageObject","inLanguage":"vi","@id":"https:\/\/vilight.vn\/website\/#\/schema\/logo\/image\/","url":"https:\/\/vilight.vn\/website\/wp-content\/uploads\/2022\/05\/chieu_sang_trang_tri_do_thi_bang_den_led_pixel.png","contentUrl":"https:\/\/vilight.vn\/website\/wp-content\/uploads\/2022\/05\/chieu_sang_trang_tri_do_thi_bang_den_led_pixel.png","width":800,"height":427,"caption":"Vilight"},"image":{"@id":"https:\/\/vilight.vn\/website\/#\/schema\/logo\/image\/"},"sameAs":["http:\/\/facebook.com\/vilight.vn","https:\/\/www.linkedin.com\/company\/vilight-vn","https:\/\/www.youtube.com\/channel\/UCEwR2naeDcuarMX1kSv_rLQ\/videos"]}]},"product_brand":"\u0110\u00e8n Bollard","product_price_currency":"VND","og_availability":"instock","product_availability":"instock","product_condition":"new"},"_links":{"self":[{"href":"https:\/\/vilight.vn\/website\/wp-json\/wp\/v2\/product\/4775","targetHints":{"allow":["GET"]}}],"collection":[{"href":"https:\/\/vilight.vn\/website\/wp-json\/wp\/v2\/product"}],"about":[{"href":"https:\/\/vilight.vn\/website\/wp-json\/wp\/v2\/types\/product"}],"wp:featuredmedia":[{"embeddable":true,"href":"https:\/\/vilight.vn\/website\/wp-json\/wp\/v2\/media\/4777"}],"wp:attachment":[{"href":"https:\/\/vilight.vn\/website\/wp-json\/wp\/v2\/media?parent=4775"}],"wp:term":[{"taxonomy":"product_brand","embeddable":true,"href":"https:\/\/vilight.vn\/website\/wp-json\/wp\/v2\/product_brand?post=4775"},{"taxonomy":"product_cat","embeddable":true,"href":"https:\/\/vilight.vn\/website\/wp-json\/wp\/v2\/product_cat?post=4775"},{"taxonomy":"product_tag","embeddable":true,"href":"https:\/\/vilight.vn\/website\/wp-json\/wp\/v2\/product_tag?post=4775"}],"curies":[{"name":"wp","href":"https:\/\/api.w.org\/{rel}","templated":true}]}}