{"id":4778,"date":"2024-08-23T16:52:13","date_gmt":"2024-08-23T09:52:13","guid":{"rendered":"https:\/\/vilight.vn\/website\/?post_type=product&#038;p=4778"},"modified":"2024-10-04T09:48:15","modified_gmt":"2024-10-04T02:48:15","slug":"den-am-dat-8-5w-vi21","status":"publish","type":"product","link":"https:\/\/vilight.vn\/website\/san-pham\/den-chieu-sang-facade\/am-dat-cao-cap\/den-am-dat-8-5w-vi21\/","title":{"rendered":"\u0110\u00e8n \u00e2m \u0111\u1ea5t 8.5W &#8211; Vi21"},"content":{"rendered":"<h2>\u0110\u00e8n \u00e2m \u0111\u1ea5t 8.5W chi\u1ebfu l\u1ed1i \u0111i :<\/h2>\n<ul>\n<li>\u0110\u00e8n \u00c2m \u0111\u1ea5t 8.5W l\u00e0 lo\u1ea1i \u0111\u00e8n \u00e2m \u0111\u1ea5t n\u1eb1m \u1edf ph\u00e2n kh\u00fac s\u1ea3n ph\u1ea9m cao c\u1ea5p, v\u1ecf b\u1eb1ng nh\u00f4m \u0111\u00fac \u00e1p su\u1ea5t cao s\u01a1n t\u0129nh \u0111i\u1ec7n.<\/li>\n<li>\u00c1nh s\u00e1ng h\u1eaft ngang \u0111\u1ec3 t\u1ea1o \u0111i\u1ec3m nh\u1ea5n tr\u00ean b\u1ec1 m\u1eb7t \u0111\u01b0\u1eddng \u0111i, \u0111\u01b0\u1eddng d\u1ea1o.<\/li>\n<li>\u0110\u00e8n \u0111\u01b0\u1ee3c thi\u1ebft k\u1ebf ch\u1eafc ch\u1eafn, ch\u1ecbu \u0111\u01b0\u1ee3c t\u1ea3i tr\u1ecdng \u0111\u00e8 l\u00ean m\u1eb7t \u0111\u00e8n, kh\u1ed1i l\u01b0\u1ee3ng t\u1ea3i tr\u1ecdng l\u00ean t\u1edbi 2.000kg.<\/li>\n<li>\u0110\u00e8n c\u00f3 kh\u1ea3 n\u0103ng gi\u00e1m s\u00e1t, \u0111i\u1ec1u khi\u1ec3n b\u1eadt\/t\u1eaft, ti\u1ebft gi\u1ea3m t\u1eeb trung t\u00e2m \u0111i\u1ec1u khi\u1ec3n.<br \/>\nhide<img decoding=\"async\" data-src=\"https:\/\/vilight.vn\/website\/wp-content\/uploads\/2024\/08\/DEN-AM-DAT-1-CUA-8.5W.jpg#4780\" alt=\"DEN AM DAT 1 CUA 8.5W\" src=\"data:image\/svg+xml;base64,PHN2ZyB3aWR0aD0iMSIgaGVpZ2h0PSIxIiB4bWxucz0iaHR0cDovL3d3dy53My5vcmcvMjAwMC9zdmciPjwvc3ZnPg==\" class=\"lazyload\" style=\"--smush-placeholder-width: 1150px; --smush-placeholder-aspect-ratio: 1150\/360;\" \/><br \/>\nfull<br \/>\n\u0110\u00e8n \u00e2m \u0111\u1ea5t 8,5W chi\u1ebfu s\u00e1ng l\u1ed1i \u0111i \u0111\u01b0\u1eddng d\u1ea1o<br \/>\n\u0110\u00e8n \u00e2m \u0111\u1ea5t cao 8.5W, t\u1ea1o \u0111i\u1ec3m nh\u1ea5n cho l\u1ed1i \u0111i, m\u1eb7t c\u1ecf<br \/>\ncontain<br \/>\ncenter center<br \/>\nhide<\/li>\n<\/ul>\n<h2>Th\u00f4ng s\u1ed1 k\u1ef9 thu\u1eadt \u0111\u00e8n \u00e2m \u0111\u1ea5t 8.5W\u00a0 :<\/h2>\n<h3>\u0111\u00e8n \u00e2m \u0111\u1ea5t 8,5W<\/h3>\n<ul>\n<li>Th\u00f4ng tin<\/li>\n<li>Th\u00f4ng s\u1ed1 k\u1ef9 thu\u1eadt<\/li>\n<li>Ngu\u1ed3n s\u00e1ng chip LED Osram<\/li>\n<li>G\u00f3c chi\u1ebfu 80\u00b0,120\u00b0<\/li>\n<li>\u0110i\u1ec7n \u00e1p ho\u1ea1t \u0111\u1ed9ng C\u00f3 c\u00e1c phi\u00ean b\u1ea3n ho\u1ea1t \u0111\u1ed9ng v\u1edbi \u0111i\u1ec7n \u00e1p DC24V ho\u1eb7c AC220V<\/li>\n<li>C\u00f4ng su\u1ea5t ti\u00eau hao10.4W (\u0111\u1ed1i v\u1edbi \u0111\u00e8n DC24V), 13W (\u0111o \u1edf \u0111i\u1ec7n \u00e1p AC240V)<\/li>\n<li>C\u00e0i \u0111\u1eb7t t\u1eeb trung t\u00e2m<\/li>\n<\/ul>\n<p>&nbsp;<\/p>\n<ul>\n<li>C\u00e0i \u0111\u1eb7t l\u1ecbch ho\u1ea1t \u0111\u1ed9ng (th\u1eddi gian \u0111\u00f3ng, t\u1eaft, th\u1eddi gian v\u00e0 m\u1ee9c ti\u1ebft gi\u1ea3m c\u00f4ng su\u1ea5t) \u0110i\u1ec1u khi\u1ec3n t\u1ee9c th\u1eddi.<\/li>\n<li>T\u00ednh n\u0103ng c\u00e0i \u0111\u1eb7t t\u1eeb trung t\u00e2m s\u1eed d\u1ee5ng khi k\u1ebft n\u1ed1i v\u1edbi <a href=\"https:\/\/vilight.vn\/website\/san-pham\/chieu-sang-thong-minh\/bo-dieu-khien-den-idim\/\">b\u1ed9 \u0111i\u1ec1u khi\u1ec3n idim<\/a> v\u00e0\u00a0 <a href=\"https:\/\/vilight.vn\/website\/san-pham\/chieu-sang-thong-minh\/tu-chieu-sang-thong-minh\/tu-chieu-sang-thong-minh\/\">t\u1ee7 \u0111i\u1ec1u khi\u1ec3n chi\u1ebfu s\u00e1ng th\u00f4ng minh <\/a><\/li>\n<li>Quang th\u00f4ng\u2265 160 lumens \u0111\u1ed1i v\u1edbi \u0111\u00e8n 4.000K, \u0111i\u1ec7n \u00e1p DC24V.<\/li>\n<li>Nhi\u1ec7t \u0111\u1ed9 ho\u1ea1t \u0111\u1ed9ng &#8211; 20\u00baC ~ 40\u00baC<\/li>\n<li>D\u00e2y c\u00e1p theo \u0111\u00e8n3\u00d71.0mm\u00b2, L=0.5m \u0111\u1ed1i v\u1edbi \u0111\u00e8n 220V, 2\u00d71.0mm\u00b2, L=0.5m \u0111\u1ed1i v\u1edbi \u0111\u00e8n DC24V<\/li>\n<li>\u0110\u1ed9 k\u00ednIP67<\/li>\n<li>\u0110\u1ed9 c\u1ee9ngIK10<\/li>\n<li>T\u1ea3i tr\u1ecdng ch\u1ecbu l\u1ef1c \u2265 2.000kg<br \/>\nhide<img decoding=\"async\" data-src=\"https:\/\/vilight.vn\/website\/wp-content\/uploads\/2023\/07\/den-am-dat-cao-cap-18w_Vi1.jpg#4601\" alt=\"den am dat cao cap 18w_Vi1\" src=\"data:image\/svg+xml;base64,PHN2ZyB3aWR0aD0iMSIgaGVpZ2h0PSIxIiB4bWxucz0iaHR0cDovL3d3dy53My5vcmcvMjAwMC9zdmciPjwvc3ZnPg==\" class=\"lazyload\" style=\"--smush-placeholder-width: 1200px; --smush-placeholder-aspect-ratio: 1200\/1200;\" \/><br \/>\nfull<br \/>\nS\u01a1 \u0111\u1ed3 quang ph\u1ed5 \u0111\u00e8n \u00e2m \u0111\u1ea5t 12&#215;1.5W<br \/>\n\u0110\u00e8n \u00e2m \u0111\u1ea5t 18W, IK09, IP67 ch\u1ea5t l\u01b0\u1ee3ng cao.<br \/>\ncontain<br \/>\ncenter center<br \/>\nhide<\/p>\n<h3>\u0111\u00e8n \u00e2m \u0111\u1ea5t 8,5W<\/h3>\n<p><img decoding=\"async\" data-src=\"https:\/\/vilight.vn\/website\/wp-content\/uploads\/2023\/07\/so-do-phan-bo-anh-sang-den-am-dat-12x1.5w.jpg#4595\" alt=\"so do phan bo anh sang den am dat 12\u00d71.5w\" src=\"data:image\/svg+xml;base64,PHN2ZyB3aWR0aD0iMSIgaGVpZ2h0PSIxIiB4bWxucz0iaHR0cDovL3d3dy53My5vcmcvMjAwMC9zdmciPjwvc3ZnPg==\" class=\"lazyload\" style=\"--smush-placeholder-width: 1453px; --smush-placeholder-aspect-ratio: 1453\/365;\" \/><br \/>\nfull<br \/>\nS\u01a1 \u0111\u1ed3 quang ph\u1ed5 \u0111\u00e8n \u00e2m \u0111\u1ea5t 1&#215;8.5W<br \/>\nS\u01a1 \u0111\u1ed3 quang ph\u1ed5 \u0111\u00e8n \u00e2m \u0111\u1ea5t 1&#215;8,5W<br \/>\ncontain<br \/>\ncenter center<br \/>\nhide<\/li>\n<li>\u0110\u00e8n \u00e2m \u0111\u1ea5t 8,5W<\/li>\n<\/ul>\n","protected":false},"excerpt":{"rendered":"<p style=\"text-align: justify;\"><span style=\"font-size: 12pt;\">\u0110\u00e8n \u00e2m \u0111\u1ea5t 8.5W, ch\u1ed1ng n\u01b0\u1edbc IP67, \u0111\u1ed9 c\u1ee9ng IK10. Ch\u1ea5t l\u01b0\u1ee3ng s\u1ea3n ph\u1ea9m cao c\u1ea5p, b\u1ea3o h\u00e0nh l\u00ean t\u1edbi 5 n\u0103m. \u0110\u00e8n \u0111\u01b0\u1ee3c s\u1eed d\u1ee5ng \u0111\u1ec3 l\u1eabn l\u1ed1i, trang tr\u00ed l\u1ed1i \u0111i, \u0111\u01b0\u1eddng d\u1ea1o, b\u1ec1 m\u1eb7t b\u00e3i c\u1ecf&#8230;<\/span><\/p>\n","protected":false},"featured_media":4779,"template":"","meta":[],"product_brand":[],"product_cat":[514],"product_tag":[517,520],"class_list":{"0":"post-4778","1":"product","2":"type-product","3":"status-publish","4":"has-post-thumbnail","6":"product_cat-am-dat-cao-cap","7":"product_tag-den-am-dat-vl-kpg03","8":"product_tag-den-am-dat-vl-vi11","9":"pa_chuan-dieu-khien-1-10v","10":"pa_chuan-dieu-khien-on-off","11":"pa_cong-suat-18w","12":"pa_dien-ap-hoat-dong-24vdc","13":"pa_dien-ap-hoat-dong-ac-120-240v","14":"pa_do-kin-ip67","15":"pa_goc-chieu-279","16":"pa_goc-chieu-10x60","17":"pa_goc-chieu-231","18":"pa_goc-chieu-308","19":"pa_goc-chieu-232","20":"pa_goc-chieu-233","21":"pa_goc-chieu-606","22":"pa_goc-chieu-278","23":"pa_nhiet-do-mau-3000k","24":"pa_nhiet-do-mau-4000k","26":"first","27":"instock","28":"taxable","29":"shipping-taxable","30":"purchasable","31":"product-type-simple"},"yoast_head":"<!-- This site is optimized with the Yoast SEO Premium plugin v27.4 (Yoast SEO v27.4) - https:\/\/yoast.com\/product\/yoast-seo-premium-wordpress\/ -->\n<title>\u0110\u00e8n \u00c2m \u0110\u1ea5t 8.5W, \u0111\u00e8n \u00e2m \u0111\u1ea5t chi\u1ebfu ngang t\u1ea1o \u0111i\u1ec3m nh\u1ea5n l\u1ed1i \u0111i - Vilight Co.ltd<\/title>\n<meta name=\"description\" content=\"\u0110\u00e8n \u00e2m \u0111\u1ea5t 8.5W, \u0111\u00e8n \u00e2m \u0111\u1ea5t 1x8.5W h\u1eaft s\u00e1ng tr\u00ean b\u1ec1 m\u1eb7t l\u1ed1i \u0111i, \u0111\u01b0\u1eddng d\u1ea1o, b\u00e3i c\u1ecf, c\u00f3 th\u1ec3 \u0111i\u1ec1u khi\u1ec3n th\u00f4ng minh t\u1eeb trung t\u00e2m, ph\u1ea7n m\u1ec1m, \u0111i\u1ec7n tho\u1ea1i.\" \/>\n<meta name=\"robots\" content=\"index, follow, max-snippet:-1, max-image-preview:large, max-video-preview:-1\" \/>\n<link rel=\"canonical\" href=\"https:\/\/vilight.vn\/website\/san-pham\/den-chieu-sang-facade\/am-dat-cao-cap\/den-am-dat-8-5w-vi21\/\" \/>\n<meta property=\"og:locale\" content=\"vi_VN\" \/>\n<meta property=\"og:type\" content=\"article\" \/>\n<meta property=\"og:title\" content=\"\u0110\u00e8n \u00e2m \u0111\u1ea5t 8.5W - Vi21\" \/>\n<meta property=\"og:description\" content=\"\u0110\u00e8n \u00e2m \u0111\u1ea5t 8.5W, ch\u1ed1ng n\u01b0\u1edbc IP67, \u0111\u1ed9 c\u1ee9ng IK10. Ch\u1ea5t l\u01b0\u1ee3ng s\u1ea3n ph\u1ea9m cao c\u1ea5p, b\u1ea3o h\u00e0nh l\u00ean t\u1edbi 5 n\u0103m. \u0110\u00e8n \u0111\u01b0\u1ee3c s\u1eed d\u1ee5ng \u0111\u1ec3 l\u1eabn l\u1ed1i, trang tr\u00ed l\u1ed1i \u0111i, \u0111\u01b0\u1eddng d\u1ea1o, b\u1ec1 m\u1eb7t b\u00e3i c\u1ecf...\" \/>\n<meta property=\"og:url\" content=\"https:\/\/vilight.vn\/website\/san-pham\/den-chieu-sang-facade\/am-dat-cao-cap\/den-am-dat-8-5w-vi21\/\" \/>\n<meta property=\"og:site_name\" content=\"Vilight Co.ltd\" \/>\n<meta property=\"article:publisher\" content=\"http:\/\/facebook.com\/vilight.vn\" \/>\n<meta property=\"article:modified_time\" content=\"2024-10-04T02:48:15+00:00\" \/>\n<meta property=\"og:image\" content=\"https:\/\/vilight.vn\/website\/wp-content\/uploads\/2024\/08\/DEN-AM-DAT-1-CUA-8.5W.png\" \/>\n\t<meta property=\"og:image:width\" content=\"307\" \/>\n\t<meta property=\"og:image:height\" content=\"301\" \/>\n\t<meta property=\"og:image:type\" content=\"image\/png\" \/>\n<meta name=\"twitter:card\" content=\"summary_large_image\" \/>\n<meta name=\"twitter:label1\" content=\"Gi\u00e1\" \/>\n\t<meta name=\"twitter:data1\" content=\"4.900.000&#8363;\" \/>\n\t<meta name=\"twitter:label2\" content=\"Kh\u1ea3 d\u1ee5ng\" \/>\n\t<meta name=\"twitter:data2\" content=\"Trong kho\" \/>\n<script type=\"application\/ld+json\" class=\"yoast-schema-graph\">{\"@context\":\"https:\\\/\\\/schema.org\",\"@graph\":[{\"@type\":\"WebPage\",\"@id\":\"https:\\\/\\\/vilight.vn\\\/website\\\/san-pham\\\/den-chieu-sang-facade\\\/am-dat-cao-cap\\\/den-am-dat-8-5w-vi21\\\/\",\"url\":\"https:\\\/\\\/vilight.vn\\\/website\\\/san-pham\\\/den-chieu-sang-facade\\\/am-dat-cao-cap\\\/den-am-dat-8-5w-vi21\\\/\",\"name\":\"\u0110\u00e8n \u00c2m \u0110\u1ea5t 8.5W, \u0111\u00e8n \u00e2m \u0111\u1ea5t chi\u1ebfu ngang t\u1ea1o \u0111i\u1ec3m nh\u1ea5n l\u1ed1i \u0111i - Vilight Co.ltd\",\"isPartOf\":{\"@id\":\"https:\\\/\\\/vilight.vn\\\/website\\\/#website\"},\"primaryImageOfPage\":{\"@id\":\"https:\\\/\\\/vilight.vn\\\/website\\\/san-pham\\\/den-chieu-sang-facade\\\/am-dat-cao-cap\\\/den-am-dat-8-5w-vi21\\\/#primaryimage\"},\"image\":{\"@id\":\"https:\\\/\\\/vilight.vn\\\/website\\\/san-pham\\\/den-chieu-sang-facade\\\/am-dat-cao-cap\\\/den-am-dat-8-5w-vi21\\\/#primaryimage\"},\"thumbnailUrl\":\"https:\\\/\\\/vilight.vn\\\/website\\\/wp-content\\\/uploads\\\/2024\\\/08\\\/DEN-AM-DAT-1-CUA-8.5W.png\",\"datePublished\":\"2024-08-23T09:52:13+00:00\",\"dateModified\":\"2024-10-04T02:48:15+00:00\",\"description\":\"\u0110\u00e8n \u00e2m \u0111\u1ea5t 8.5W, \u0111\u00e8n \u00e2m \u0111\u1ea5t 1x8.5W h\u1eaft s\u00e1ng tr\u00ean b\u1ec1 m\u1eb7t l\u1ed1i \u0111i, \u0111\u01b0\u1eddng d\u1ea1o, b\u00e3i c\u1ecf, c\u00f3 th\u1ec3 \u0111i\u1ec1u khi\u1ec3n th\u00f4ng minh t\u1eeb trung t\u00e2m, ph\u1ea7n m\u1ec1m, \u0111i\u1ec7n tho\u1ea1i.\",\"breadcrumb\":{\"@id\":\"https:\\\/\\\/vilight.vn\\\/website\\\/san-pham\\\/den-chieu-sang-facade\\\/am-dat-cao-cap\\\/den-am-dat-8-5w-vi21\\\/#breadcrumb\"},\"inLanguage\":\"vi\",\"potentialAction\":[{\"@type\":\"ReadAction\",\"target\":[\"https:\\\/\\\/vilight.vn\\\/website\\\/san-pham\\\/den-chieu-sang-facade\\\/am-dat-cao-cap\\\/den-am-dat-8-5w-vi21\\\/\"]}]},{\"@type\":\"ImageObject\",\"inLanguage\":\"vi\",\"@id\":\"https:\\\/\\\/vilight.vn\\\/website\\\/san-pham\\\/den-chieu-sang-facade\\\/am-dat-cao-cap\\\/den-am-dat-8-5w-vi21\\\/#primaryimage\",\"url\":\"https:\\\/\\\/vilight.vn\\\/website\\\/wp-content\\\/uploads\\\/2024\\\/08\\\/DEN-AM-DAT-1-CUA-8.5W.png\",\"contentUrl\":\"https:\\\/\\\/vilight.vn\\\/website\\\/wp-content\\\/uploads\\\/2024\\\/08\\\/DEN-AM-DAT-1-CUA-8.5W.png\",\"width\":307,\"height\":301,\"caption\":\"\u0111\u00e8n \u00e2m \u0111\u1ea5t 8.5w chi\u1ebfu s\u00e1ng l\u1ed1i \u0111i\"},{\"@type\":\"BreadcrumbList\",\"@id\":\"https:\\\/\\\/vilight.vn\\\/website\\\/san-pham\\\/den-chieu-sang-facade\\\/am-dat-cao-cap\\\/den-am-dat-8-5w-vi21\\\/#breadcrumb\",\"itemListElement\":[{\"@type\":\"ListItem\",\"position\":1,\"name\":\"Home\",\"item\":\"https:\\\/\\\/vilight.vn\\\/website\\\/\"},{\"@type\":\"ListItem\",\"position\":2,\"name\":\"store\",\"item\":\"https:\\\/\\\/vilight.vn\\\/website\\\/store\\\/\"},{\"@type\":\"ListItem\",\"position\":3,\"name\":\"\u0110\u00e8n \u00e2m \u0111\u1ea5t 8.5W &#8211; Vi21\"}]},{\"@type\":\"WebSite\",\"@id\":\"https:\\\/\\\/vilight.vn\\\/website\\\/#website\",\"url\":\"https:\\\/\\\/vilight.vn\\\/website\\\/\",\"name\":\"Vilight Co.ltd\",\"description\":\"Chi\u1ebfu s\u00e1ng m\u1ef9 thu\u1eadt, chi\u1ebfu s\u00e1ng th\u00f4ng minh, LED Pixel 3D, chi\u1ebfu s\u00e1ng trang tr\u00ed \u0111\u00f4 th\u1ecb, chi\u1ebfu s\u00e1ng v\u00f2ng xoay, chi\u1ebfu s\u00e1ng \u0111\u1ea3o giao th\u00f4ng, c\u1ed5ng ch\u00e0o \u0111\u00f4 th\u1ecb\",\"publisher\":{\"@id\":\"https:\\\/\\\/vilight.vn\\\/website\\\/#organization\"},\"potentialAction\":[{\"@type\":\"SearchAction\",\"target\":{\"@type\":\"EntryPoint\",\"urlTemplate\":\"https:\\\/\\\/vilight.vn\\\/website\\\/?s={search_term_string}\"},\"query-input\":{\"@type\":\"PropertyValueSpecification\",\"valueRequired\":true,\"valueName\":\"search_term_string\"}}],\"inLanguage\":\"vi\"},{\"@type\":\"Organization\",\"@id\":\"https:\\\/\\\/vilight.vn\\\/website\\\/#organization\",\"name\":\"Vilight\",\"url\":\"https:\\\/\\\/vilight.vn\\\/website\\\/\",\"logo\":{\"@type\":\"ImageObject\",\"inLanguage\":\"vi\",\"@id\":\"https:\\\/\\\/vilight.vn\\\/website\\\/#\\\/schema\\\/logo\\\/image\\\/\",\"url\":\"https:\\\/\\\/vilight.vn\\\/website\\\/wp-content\\\/uploads\\\/2022\\\/05\\\/chieu_sang_trang_tri_do_thi_bang_den_led_pixel.png\",\"contentUrl\":\"https:\\\/\\\/vilight.vn\\\/website\\\/wp-content\\\/uploads\\\/2022\\\/05\\\/chieu_sang_trang_tri_do_thi_bang_den_led_pixel.png\",\"width\":800,\"height\":427,\"caption\":\"Vilight\"},\"image\":{\"@id\":\"https:\\\/\\\/vilight.vn\\\/website\\\/#\\\/schema\\\/logo\\\/image\\\/\"},\"sameAs\":[\"http:\\\/\\\/facebook.com\\\/vilight.vn\",\"https:\\\/\\\/www.linkedin.com\\\/company\\\/vilight-vn\",\"https:\\\/\\\/www.youtube.com\\\/channel\\\/UCEwR2naeDcuarMX1kSv_rLQ\\\/videos\"]}]}<\/script>\n<meta property=\"product:brand\" content=\"\u0110\u00e8n \u00c2m \u0110\u1ea5t\" \/>\n<meta property=\"product:price:amount\" content=\"4900000\" \/>\n<meta property=\"product:price:currency\" content=\"VND\" \/>\n<meta property=\"og:availability\" content=\"instock\" \/>\n<meta property=\"product:availability\" content=\"instock\" \/>\n<meta property=\"product:condition\" content=\"new\" \/>\n<!-- \/ Yoast SEO Premium plugin. -->","yoast_head_json":{"title":"\u0110\u00e8n \u00c2m \u0110\u1ea5t 8.5W, \u0111\u00e8n \u00e2m \u0111\u1ea5t chi\u1ebfu ngang t\u1ea1o \u0111i\u1ec3m nh\u1ea5n l\u1ed1i \u0111i - Vilight Co.ltd","description":"\u0110\u00e8n \u00e2m \u0111\u1ea5t 8.5W, \u0111\u00e8n \u00e2m \u0111\u1ea5t 1x8.5W h\u1eaft s\u00e1ng tr\u00ean b\u1ec1 m\u1eb7t l\u1ed1i \u0111i, \u0111\u01b0\u1eddng d\u1ea1o, b\u00e3i c\u1ecf, c\u00f3 th\u1ec3 \u0111i\u1ec1u khi\u1ec3n th\u00f4ng minh t\u1eeb trung t\u00e2m, ph\u1ea7n m\u1ec1m, \u0111i\u1ec7n tho\u1ea1i.","robots":{"index":"index","follow":"follow","max-snippet":"max-snippet:-1","max-image-preview":"max-image-preview:large","max-video-preview":"max-video-preview:-1"},"canonical":"https:\/\/vilight.vn\/website\/san-pham\/den-chieu-sang-facade\/am-dat-cao-cap\/den-am-dat-8-5w-vi21\/","og_locale":"vi_VN","og_type":"article","og_title":"\u0110\u00e8n \u00e2m \u0111\u1ea5t 8.5W - Vi21","og_description":"\u0110\u00e8n \u00e2m \u0111\u1ea5t 8.5W, ch\u1ed1ng n\u01b0\u1edbc IP67, \u0111\u1ed9 c\u1ee9ng IK10. Ch\u1ea5t l\u01b0\u1ee3ng s\u1ea3n ph\u1ea9m cao c\u1ea5p, b\u1ea3o h\u00e0nh l\u00ean t\u1edbi 5 n\u0103m. \u0110\u00e8n \u0111\u01b0\u1ee3c s\u1eed d\u1ee5ng \u0111\u1ec3 l\u1eabn l\u1ed1i, trang tr\u00ed l\u1ed1i \u0111i, \u0111\u01b0\u1eddng d\u1ea1o, b\u1ec1 m\u1eb7t b\u00e3i c\u1ecf...","og_url":"https:\/\/vilight.vn\/website\/san-pham\/den-chieu-sang-facade\/am-dat-cao-cap\/den-am-dat-8-5w-vi21\/","og_site_name":"Vilight Co.ltd","article_publisher":"http:\/\/facebook.com\/vilight.vn","article_modified_time":"2024-10-04T02:48:15+00:00","og_image":[{"width":307,"height":301,"url":"https:\/\/vilight.vn\/website\/wp-content\/uploads\/2024\/08\/DEN-AM-DAT-1-CUA-8.5W.png","type":"image\/png"}],"twitter_card":"summary_large_image","twitter_misc":{"Gi\u00e1":"4.900.000&#8363;","Kh\u1ea3 d\u1ee5ng":"Trong kho"},"schema":{"@context":"https:\/\/schema.org","@graph":[{"@type":"WebPage","@id":"https:\/\/vilight.vn\/website\/san-pham\/den-chieu-sang-facade\/am-dat-cao-cap\/den-am-dat-8-5w-vi21\/","url":"https:\/\/vilight.vn\/website\/san-pham\/den-chieu-sang-facade\/am-dat-cao-cap\/den-am-dat-8-5w-vi21\/","name":"\u0110\u00e8n \u00c2m \u0110\u1ea5t 8.5W, \u0111\u00e8n \u00e2m \u0111\u1ea5t chi\u1ebfu ngang t\u1ea1o \u0111i\u1ec3m nh\u1ea5n l\u1ed1i \u0111i - Vilight Co.ltd","isPartOf":{"@id":"https:\/\/vilight.vn\/website\/#website"},"primaryImageOfPage":{"@id":"https:\/\/vilight.vn\/website\/san-pham\/den-chieu-sang-facade\/am-dat-cao-cap\/den-am-dat-8-5w-vi21\/#primaryimage"},"image":{"@id":"https:\/\/vilight.vn\/website\/san-pham\/den-chieu-sang-facade\/am-dat-cao-cap\/den-am-dat-8-5w-vi21\/#primaryimage"},"thumbnailUrl":"https:\/\/vilight.vn\/website\/wp-content\/uploads\/2024\/08\/DEN-AM-DAT-1-CUA-8.5W.png","datePublished":"2024-08-23T09:52:13+00:00","dateModified":"2024-10-04T02:48:15+00:00","description":"\u0110\u00e8n \u00e2m \u0111\u1ea5t 8.5W, \u0111\u00e8n \u00e2m \u0111\u1ea5t 1x8.5W h\u1eaft s\u00e1ng tr\u00ean b\u1ec1 m\u1eb7t l\u1ed1i \u0111i, \u0111\u01b0\u1eddng d\u1ea1o, b\u00e3i c\u1ecf, c\u00f3 th\u1ec3 \u0111i\u1ec1u khi\u1ec3n th\u00f4ng minh t\u1eeb trung t\u00e2m, ph\u1ea7n m\u1ec1m, \u0111i\u1ec7n tho\u1ea1i.","breadcrumb":{"@id":"https:\/\/vilight.vn\/website\/san-pham\/den-chieu-sang-facade\/am-dat-cao-cap\/den-am-dat-8-5w-vi21\/#breadcrumb"},"inLanguage":"vi","potentialAction":[{"@type":"ReadAction","target":["https:\/\/vilight.vn\/website\/san-pham\/den-chieu-sang-facade\/am-dat-cao-cap\/den-am-dat-8-5w-vi21\/"]}]},{"@type":"ImageObject","inLanguage":"vi","@id":"https:\/\/vilight.vn\/website\/san-pham\/den-chieu-sang-facade\/am-dat-cao-cap\/den-am-dat-8-5w-vi21\/#primaryimage","url":"https:\/\/vilight.vn\/website\/wp-content\/uploads\/2024\/08\/DEN-AM-DAT-1-CUA-8.5W.png","contentUrl":"https:\/\/vilight.vn\/website\/wp-content\/uploads\/2024\/08\/DEN-AM-DAT-1-CUA-8.5W.png","width":307,"height":301,"caption":"\u0111\u00e8n \u00e2m \u0111\u1ea5t 8.5w chi\u1ebfu s\u00e1ng l\u1ed1i \u0111i"},{"@type":"BreadcrumbList","@id":"https:\/\/vilight.vn\/website\/san-pham\/den-chieu-sang-facade\/am-dat-cao-cap\/den-am-dat-8-5w-vi21\/#breadcrumb","itemListElement":[{"@type":"ListItem","position":1,"name":"Home","item":"https:\/\/vilight.vn\/website\/"},{"@type":"ListItem","position":2,"name":"store","item":"https:\/\/vilight.vn\/website\/store\/"},{"@type":"ListItem","position":3,"name":"\u0110\u00e8n \u00e2m \u0111\u1ea5t 8.5W &#8211; Vi21"}]},{"@type":"WebSite","@id":"https:\/\/vilight.vn\/website\/#website","url":"https:\/\/vilight.vn\/website\/","name":"Vilight Co.ltd","description":"Chi\u1ebfu s\u00e1ng m\u1ef9 thu\u1eadt, chi\u1ebfu s\u00e1ng th\u00f4ng minh, LED Pixel 3D, chi\u1ebfu s\u00e1ng trang tr\u00ed \u0111\u00f4 th\u1ecb, chi\u1ebfu s\u00e1ng v\u00f2ng xoay, chi\u1ebfu s\u00e1ng \u0111\u1ea3o giao th\u00f4ng, c\u1ed5ng ch\u00e0o \u0111\u00f4 th\u1ecb","publisher":{"@id":"https:\/\/vilight.vn\/website\/#organization"},"potentialAction":[{"@type":"SearchAction","target":{"@type":"EntryPoint","urlTemplate":"https:\/\/vilight.vn\/website\/?s={search_term_string}"},"query-input":{"@type":"PropertyValueSpecification","valueRequired":true,"valueName":"search_term_string"}}],"inLanguage":"vi"},{"@type":"Organization","@id":"https:\/\/vilight.vn\/website\/#organization","name":"Vilight","url":"https:\/\/vilight.vn\/website\/","logo":{"@type":"ImageObject","inLanguage":"vi","@id":"https:\/\/vilight.vn\/website\/#\/schema\/logo\/image\/","url":"https:\/\/vilight.vn\/website\/wp-content\/uploads\/2022\/05\/chieu_sang_trang_tri_do_thi_bang_den_led_pixel.png","contentUrl":"https:\/\/vilight.vn\/website\/wp-content\/uploads\/2022\/05\/chieu_sang_trang_tri_do_thi_bang_den_led_pixel.png","width":800,"height":427,"caption":"Vilight"},"image":{"@id":"https:\/\/vilight.vn\/website\/#\/schema\/logo\/image\/"},"sameAs":["http:\/\/facebook.com\/vilight.vn","https:\/\/www.linkedin.com\/company\/vilight-vn","https:\/\/www.youtube.com\/channel\/UCEwR2naeDcuarMX1kSv_rLQ\/videos"]}]},"product_brand":"\u0110\u00e8n \u00c2m \u0110\u1ea5t","product_price_amount":"4900000","product_price_currency":"VND","og_availability":"instock","product_availability":"instock","product_condition":"new"},"_links":{"self":[{"href":"https:\/\/vilight.vn\/website\/wp-json\/wp\/v2\/product\/4778","targetHints":{"allow":["GET"]}}],"collection":[{"href":"https:\/\/vilight.vn\/website\/wp-json\/wp\/v2\/product"}],"about":[{"href":"https:\/\/vilight.vn\/website\/wp-json\/wp\/v2\/types\/product"}],"wp:featuredmedia":[{"embeddable":true,"href":"https:\/\/vilight.vn\/website\/wp-json\/wp\/v2\/media\/4779"}],"wp:attachment":[{"href":"https:\/\/vilight.vn\/website\/wp-json\/wp\/v2\/media?parent=4778"}],"wp:term":[{"taxonomy":"product_brand","embeddable":true,"href":"https:\/\/vilight.vn\/website\/wp-json\/wp\/v2\/product_brand?post=4778"},{"taxonomy":"product_cat","embeddable":true,"href":"https:\/\/vilight.vn\/website\/wp-json\/wp\/v2\/product_cat?post=4778"},{"taxonomy":"product_tag","embeddable":true,"href":"https:\/\/vilight.vn\/website\/wp-json\/wp\/v2\/product_tag?post=4778"}],"curies":[{"name":"wp","href":"https:\/\/api.w.org\/{rel}","templated":true}]}}