{"id":4845,"date":"2024-10-18T08:47:28","date_gmt":"2024-10-18T01:47:28","guid":{"rendered":"https:\/\/vilight.vn\/website\/?post_type=product&#038;p=4845"},"modified":"2025-08-27T14:38:21","modified_gmt":"2025-08-27T07:38:21","slug":"den-linear-led-day-vlw01","status":"publish","type":"product","link":"https:\/\/vilight.vn\/website\/san-pham\/den-led-pixel\/trang-tri\/den-linear-dang-day\/den-linear-led-day-vlw01\/","title":{"rendered":"\u0110\u00e8n Linear LED d\u00e2y VLW01"},"content":{"rendered":"<p><span class=\"builder2seo\"><\/span><\/p>\n<h2>\u0110\u1eb7c \u0111i\u1ec3m n\u1ed5i b\u1eadt c\u1ee7a \u0111\u00e8n Linear LED d\u00e2y 36W\/m, 48W\/m:<\/h2>\n<p>\u0110\u1ed9 ho\u00e0n m\u00e0u cao (&gt;80; &gt;90): Mang l\u1ea1i \u0111\u1ed9 trung th\u1ef1c m\u00e0u s\u1eafc cao, \u0111\u1ea3m b\u1ea3o hi\u1ec3n th\u1ecb m\u00e0u s\u1eafc m\u1ed9t c\u00e1ch ch\u00ednh x\u00e1c v\u00e0 t\u1ef1 nhi\u00ean.D\u1ea3i nhi\u1ec7t \u0111\u1ed9 m\u00e0u r\u1ed9ng: Linh ho\u1ea1t trong vi\u1ec7c l\u1ef1a ch\u1ecdn t\u00f4ng m\u00e0u \u00e1nh s\u00e1ng t\u1eeb \u1ea5m \u0111\u1ebfn l\u1ea1nh, ph\u00f9 h\u1ee3p v\u1edbi nhi\u1ec1u phong c\u00e1ch thi\u1ebft k\u1ebf v\u00e0 nhu c\u1ea7u s\u1eed d\u1ee5ng.Hi\u1ec7u su\u1ea5t \u00e1nh s\u00e1ng cao: V\u1edbi m\u1ee9c quang th\u00f4ng l\u00ean \u0111\u1ebfn 2066 lm, \u0111\u00e8n cung c\u1ea5p \u00e1nh s\u00e1ng m\u1ea1nh m\u1ebd v\u00e0 \u0111\u1ed3ng \u0111\u1ec1u.Thi\u1ebft k\u1ebf linh ho\u1ea1t: Kh\u1ea3 n\u0103ng u\u1ed1n cong \u0111\u1ebfn 30 \u0111\u1ed9 cho ph\u00e9p l\u1eafp \u0111\u1eb7t \u1edf c\u00e1c kh\u00f4ng gian c\u00f3 \u0111\u1ed9 cong ho\u1eb7c g\u00f3c c\u1ea1nh m\u00e0 v\u1eabn \u0111\u1ea3m b\u1ea3o \u00e1nh s\u00e1ng ph\u00e2n b\u1ed1 \u0111\u1ec1u.T\u00f9y ch\u1ecdn ph\u00e2n ph\u1ed1i \u00e1nh s\u00e1ng \u0111a d\u1ea1ng: C\u00f3 nhi\u1ec1u l\u1ef1a ch\u1ecdn g\u00f3c chi\u1ebfu kh\u00e1c nhau (15\u00b0, 20\u00b0, 30\u00b0, 40\u00b0&#8230;) \u0111\u1ec3 ph\u00f9 h\u1ee3p v\u1edbi y\u00eau c\u1ea7u chi\u1ebfu s\u00e1ng c\u1ee5 th\u1ec3 c\u1ee7a t\u1eebng kh\u00f4ng gian.Nhi\u1ec1u l\u1ef1a ch\u1ecdn m\u00e0u \u00e1nh s\u00e1ng: \u0110\u00e8n c\u00f3 s\u1eb5n c\u00e1c phi\u00ean b\u1ea3n m\u00e0u \u0111\u01a1n s\u1eafc, RGB(W), v\u00e0 Pixel DMX, gi\u00fap t\u1ea1o hi\u1ec7u \u1ee9ng \u00e1nh s\u00e1ng \u0111a d\u1ea1ng.<\/p>\n<p><a href=\"https:\/\/vilight.vn\/website\/wp-content\/uploads\/2024\/10\/VLW01-chi-tiet.jpg\"><img decoding=\"async\" data-src=\"https:\/\/vilight.vn\/website\/wp-content\/uploads\/2024\/10\/VLW01-chi-tiet.jpg\" alt=\"\" src=\"data:image\/svg+xml;base64,PHN2ZyB3aWR0aD0iMSIgaGVpZ2h0PSIxIiB4bWxucz0iaHR0cDovL3d3dy53My5vcmcvMjAwMC9zdmciPjwvc3ZnPg==\" class=\"lazyload\" style=\"--smush-placeholder-width: 2361px; --smush-placeholder-aspect-ratio: 2361\/1305;\" \/><\/a><\/p>\n<h2>B\u1ea3ng th\u00f4ng s\u1ed1 k\u1ef9 thu\u1eadt \u0111\u00e8n Linear LED d\u00e2y 36W\/m, 48W\/m:<\/h2>\n<p>T\u00ean s\u1ea3n ph\u1ea9mVLW01 36WVLW01 48W\u0110i\u1ec7n \u00e1p24V DC24V DCC\u00f4ng su\u1ea5t36W\/m48W\/mCh\u1ebf \u0111\u1ed9 l\u00e0m vi\u1ec7cPWM CV (CC IC)CCLo\u1ea1i LEDSMD3535SMD3535S\u1ed1 LED\/m18pcs18pcs\u0110\u01a1n v\u1ecb c\u1eaft6 LEDs3 LEDsChi\u1ec1u d\u00e0i t\u1ed1i \u0111a (c\u1ea5p ngu\u1ed3n \u0111\u01a1n)5m&#8212;Chip LED [Chi\u1ec1u d\u00e0i tu\u1ef3 ch\u1ecdn]&#8212;XLG-20 [333 mm]\/ XLG-50 [666 mm, 1000 mm]\/ XLG-75 [1333 mm]Ch\u1ea5t li\u1ec7u \u0111\u00e8nV\u1ecf nh\u00f4m + M\u1eb7t k\u00ednh c\u01b0\u1eddng l\u1ef1cG\u00f3c chi\u1ebfu15\u00b0\/20\u00b0\/30\u00b0\/40\u00b0\/10\u00d715\u00b0\/15\u00d725\u00b0\/15\u00d740\u00b0\/25\u00d745\u00b0M\u00e0u s\u1eafcXanh l\u00e1 c\u00e2y (G) \/ Xanh lam (B)Nhi\u1ec7t \u0111\u1ed9 m\u00e0u2200K\/2700K\/3000K\/3500K\/4000K\/5000K\/6500KQuang th\u00f4ng2708 lm (15\u00d740\u00b0)&#8212;K\u00edch th\u01b0\u1edbc 1 \u0111i\u1ec3m \u0111\u00e8n66\u00d739\u00d729 mmT\u00ean s\u1ea3n ph\u1ea9mVLW01 RGBWVLW01 RGBW-DMX\u0110i\u1ec7n \u00e1p24V DC24V DCC\u00f4ng su\u1ea5t48W\/m48W\/mCh\u1ebf \u0111\u1ed9 l\u00e0m vi\u1ec7cPWMDMX(RS485)Lo\u1ea1i LEDSMD3030SMD3030S\u1ed1 LED\/m18pcs18pcs\u0110\u01a1n v\u1ecb c\u1eaft6 LEDs6 LEDsS\u1ed1 Pixels\/m&#8212;3 pixelsChi\u1ec1u d\u00e0i t\u1ed1i \u0111a (c\u1ea5p ngu\u1ed3n \u0111\u01a1n)4 m4 mCh\u1ea5t li\u1ec7u \u0111\u00e8nV\u1ecf nh\u00f4m + M\u1eb7t k\u00ednh c\u01b0\u1eddng l\u1ef1cG\u00f3c chi\u1ebfu15\u00b0\/20\u00b0\/30\u00b0\/40\u00b0\/10\u00d715\u00b0\/15\u00d725\u00b0\/15\u00d740\u00b0\/25\u00d745\u00b0M\u00e0u s\u1eafcRGB + 3000K\/4000K\/6000KK\u00edch th\u01b0\u1edbc 1 \u0111i\u1ec3m \u0111\u00e8n66\u00d739\u00d729 mm<\/p>\n<h2>Chi\u1ec1u d\u00e0i tu\u1ef3 ch\u1ecdn:<\/h2>\n<p>Tu\u1ef3 ch\u1ecdn chi\u1ec1u d\u00e0i<\/p>\n<p>C\u00f4ng su\u1ea5t ti\u00eau th\u1ee5<\/p>\n<p>(Phi\u00ean b\u1ea3n \u0111\u00e8n ti\u00eau chu\u1ea9n)<\/p>\n<p>C\u00f4ng su\u1ea5t ti\u00eau th\u1ee5<\/p>\n<p>(Phi\u00ean b\u1ea3n \u0111\u00e8n \u0111\u1ecbnh d\u00f2ng)<\/p>\n<p>333 mm12W (6\u00d7LED, 6 li\u00ean k\u1ebft)16W (6\u00d7LED, 6 li\u00ean k\u1ebft)666 mm24W (12\u00d7LED, 12 li\u00ean k\u1ebft)32W (12\u00d7LED, 12 li\u00ean k\u1ebft)1000 mm36W (18\u00d7LED, 18 li\u00ean k\u1ebft)48W (18\u00d7LED, 18 li\u00ean k\u1ebft)1333 mm48W (24\u00d7LED, 24 li\u00ean k\u1ebft)64W (24\u00d7LED, 24 li\u00ean k\u1ebft)<\/p>\n","protected":false},"excerpt":{"rendered":"<p>\u0110\u00e8n Linear LED d\u00e2y VLW01 l\u00e0 lo\u1ea1i \u0111\u00e8n LED linh ho\u1ea1t d\u00f9ng \u0111\u1ec3 chi\u1ebfu s\u00e1ng m\u1eb7t t\u01b0\u1eddng, t\u1ea1o ra hi\u1ec7u \u1ee9ng \u00e1nh s\u00e1ng \u0111\u1ed3ng \u0111\u1ec1u v\u00e0 n\u1ed5i b\u1eadt cho kh\u00f4ng gian n\u1ed9i th\u1ea5t v\u00e0 ngo\u1ea1i th\u1ea5t. V\u1edbi kh\u1ea3 n\u0103ng u\u1ed1n cong d\u1ec5 d\u00e0ng v\u00e0 thi\u1ebft k\u1ebf nh\u1ecf g\u1ecdn, VLW01 ph\u00f9 h\u1ee3p v\u1edbi nhi\u1ec1u lo\u1ea1i kh\u00f4ng gian, bao g\u1ed3m c\u1ea3 nh\u1eefng kh\u00f4ng gian c\u00f3 b\u1ec1 m\u1eb7t cong. \u0110\u00e2y l\u00e0 m\u1ed9t gi\u1ea3i ph\u00e1p tuy\u1ec7t v\u1eddi \u0111\u1ec3 t\u1ea1o \u0111i\u1ec3m nh\u1ea5n cho ki\u1ebfn tr\u00fac ho\u1eb7c b\u1ec1 m\u1eb7t t\u01b0\u1eddng v\u1edbi \u00e1nh s\u00e1ng m\u1ec1m m\u1ea1i v\u00e0 tinh t\u1ebf.<\/p>\n","protected":false},"featured_media":4854,"template":"","meta":[],"product_brand":[],"product_cat":[652],"product_tag":[],"class_list":{"0":"post-4845","1":"product","2":"type-product","3":"status-publish","4":"has-post-thumbnail","6":"product_cat-den-linear-dang-day","8":"first","9":"instock","10":"taxable","11":"shipping-taxable","12":"product-type-simple"},"yoast_head":"<!-- This site is optimized with the Yoast SEO Premium plugin v27.4 (Yoast SEO v27.4) - https:\/\/yoast.com\/product\/yoast-seo-premium-wordpress\/ -->\n<title>\u0110\u00e8n Linear LED d\u00e2y VLW01 - Vilight Co.ltd<\/title>\n<meta name=\"description\" content=\"\u0110\u00e8n Linear LED d\u00e2y 36W\/m, 48W\/m l\u00e0 s\u1ef1 l\u1ef1a ch\u1ecdn l\u00fd t\u01b0\u1edfng cho vi\u1ec7c trang tr\u00ed v\u00e0 chi\u1ebfu s\u00e1ng c\u00e1c kh\u00f4ng gian ki\u1ebfn tr\u00fac hi\u1ec7n \u0111\u1ea1i.\" \/>\n<meta name=\"robots\" content=\"index, follow, max-snippet:-1, max-image-preview:large, max-video-preview:-1\" \/>\n<link rel=\"canonical\" href=\"https:\/\/vilight.vn\/website\/san-pham\/den-led-pixel\/trang-tri\/den-linear-dang-day\/den-linear-led-day-vlw01\/\" \/>\n<meta property=\"og:locale\" content=\"vi_VN\" \/>\n<meta property=\"og:type\" content=\"article\" \/>\n<meta property=\"og:title\" content=\"\u0110\u00e8n Linear LED d\u00e2y VLW01\" \/>\n<meta property=\"og:description\" content=\"\u0110\u00e8n Linear LED d\u00e2y VLW01 l\u00e0 lo\u1ea1i \u0111\u00e8n LED linh ho\u1ea1t d\u00f9ng \u0111\u1ec3 chi\u1ebfu s\u00e1ng m\u1eb7t t\u01b0\u1eddng, t\u1ea1o ra hi\u1ec7u \u1ee9ng \u00e1nh s\u00e1ng \u0111\u1ed3ng \u0111\u1ec1u v\u00e0 n\u1ed5i b\u1eadt cho kh\u00f4ng gian n\u1ed9i th\u1ea5t v\u00e0 ngo\u1ea1i th\u1ea5t. V\u1edbi kh\u1ea3 n\u0103ng u\u1ed1n cong d\u1ec5 d\u00e0ng v\u00e0 thi\u1ebft k\u1ebf nh\u1ecf g\u1ecdn, VLW01 ph\u00f9 h\u1ee3p v\u1edbi nhi\u1ec1u lo\u1ea1i kh\u00f4ng gian, bao g\u1ed3m c\u1ea3 nh\u1eefng kh\u00f4ng gian c\u00f3 b\u1ec1 m\u1eb7t cong. \u0110\u00e2y l\u00e0 m\u1ed9t gi\u1ea3i ph\u00e1p tuy\u1ec7t v\u1eddi \u0111\u1ec3 t\u1ea1o \u0111i\u1ec3m nh\u1ea5n cho ki\u1ebfn tr\u00fac ho\u1eb7c b\u1ec1 m\u1eb7t t\u01b0\u1eddng v\u1edbi \u00e1nh s\u00e1ng m\u1ec1m m\u1ea1i v\u00e0 tinh t\u1ebf.\" \/>\n<meta property=\"og:url\" content=\"https:\/\/vilight.vn\/website\/san-pham\/den-led-pixel\/trang-tri\/den-linear-dang-day\/den-linear-led-day-vlw01\/\" \/>\n<meta property=\"og:site_name\" content=\"Vilight Co.ltd\" \/>\n<meta property=\"article:publisher\" content=\"http:\/\/facebook.com\/vilight.vn\" \/>\n<meta property=\"article:modified_time\" content=\"2025-08-27T07:38:21+00:00\" \/>\n<meta property=\"og:image\" content=\"https:\/\/vilight.vn\/website\/wp-content\/uploads\/2024\/10\/VLW01.jpg\" \/>\n\t<meta property=\"og:image:width\" content=\"500\" \/>\n\t<meta property=\"og:image:height\" content=\"500\" \/>\n\t<meta property=\"og:image:type\" content=\"image\/jpeg\" \/>\n<meta name=\"twitter:card\" content=\"summary_large_image\" \/>\n<meta name=\"twitter:label1\" content=\"Gi\u00e1\" \/>\n\t<meta name=\"twitter:data1\" content=\"\" \/>\n\t<meta name=\"twitter:label2\" content=\"Kh\u1ea3 d\u1ee5ng\" \/>\n\t<meta name=\"twitter:data2\" content=\"Trong kho\" \/>\n<script type=\"application\/ld+json\" class=\"yoast-schema-graph\">{\"@context\":\"https:\\\/\\\/schema.org\",\"@graph\":[{\"@type\":\"WebPage\",\"@id\":\"https:\\\/\\\/vilight.vn\\\/website\\\/san-pham\\\/den-led-pixel\\\/trang-tri\\\/den-linear-dang-day\\\/den-linear-led-day-vlw01\\\/\",\"url\":\"https:\\\/\\\/vilight.vn\\\/website\\\/san-pham\\\/den-led-pixel\\\/trang-tri\\\/den-linear-dang-day\\\/den-linear-led-day-vlw01\\\/\",\"name\":\"\u0110\u00e8n Linear LED d\u00e2y VLW01 - Vilight Co.ltd\",\"isPartOf\":{\"@id\":\"https:\\\/\\\/vilight.vn\\\/website\\\/#website\"},\"primaryImageOfPage\":{\"@id\":\"https:\\\/\\\/vilight.vn\\\/website\\\/san-pham\\\/den-led-pixel\\\/trang-tri\\\/den-linear-dang-day\\\/den-linear-led-day-vlw01\\\/#primaryimage\"},\"image\":{\"@id\":\"https:\\\/\\\/vilight.vn\\\/website\\\/san-pham\\\/den-led-pixel\\\/trang-tri\\\/den-linear-dang-day\\\/den-linear-led-day-vlw01\\\/#primaryimage\"},\"thumbnailUrl\":\"https:\\\/\\\/vilight.vn\\\/website\\\/wp-content\\\/uploads\\\/2024\\\/10\\\/VLW01.jpg\",\"datePublished\":\"2024-10-18T01:47:28+00:00\",\"dateModified\":\"2025-08-27T07:38:21+00:00\",\"description\":\"\u0110\u00e8n Linear LED d\u00e2y 36W\\\/m, 48W\\\/m l\u00e0 s\u1ef1 l\u1ef1a ch\u1ecdn l\u00fd t\u01b0\u1edfng cho vi\u1ec7c trang tr\u00ed v\u00e0 chi\u1ebfu s\u00e1ng c\u00e1c kh\u00f4ng gian ki\u1ebfn tr\u00fac hi\u1ec7n \u0111\u1ea1i.\",\"breadcrumb\":{\"@id\":\"https:\\\/\\\/vilight.vn\\\/website\\\/san-pham\\\/den-led-pixel\\\/trang-tri\\\/den-linear-dang-day\\\/den-linear-led-day-vlw01\\\/#breadcrumb\"},\"inLanguage\":\"vi\",\"potentialAction\":[{\"@type\":\"ReadAction\",\"target\":[\"https:\\\/\\\/vilight.vn\\\/website\\\/san-pham\\\/den-led-pixel\\\/trang-tri\\\/den-linear-dang-day\\\/den-linear-led-day-vlw01\\\/\"]}]},{\"@type\":\"ImageObject\",\"inLanguage\":\"vi\",\"@id\":\"https:\\\/\\\/vilight.vn\\\/website\\\/san-pham\\\/den-led-pixel\\\/trang-tri\\\/den-linear-dang-day\\\/den-linear-led-day-vlw01\\\/#primaryimage\",\"url\":\"https:\\\/\\\/vilight.vn\\\/website\\\/wp-content\\\/uploads\\\/2024\\\/10\\\/VLW01.jpg\",\"contentUrl\":\"https:\\\/\\\/vilight.vn\\\/website\\\/wp-content\\\/uploads\\\/2024\\\/10\\\/VLW01.jpg\",\"width\":500,\"height\":500},{\"@type\":\"BreadcrumbList\",\"@id\":\"https:\\\/\\\/vilight.vn\\\/website\\\/san-pham\\\/den-led-pixel\\\/trang-tri\\\/den-linear-dang-day\\\/den-linear-led-day-vlw01\\\/#breadcrumb\",\"itemListElement\":[{\"@type\":\"ListItem\",\"position\":1,\"name\":\"Home\",\"item\":\"https:\\\/\\\/vilight.vn\\\/website\\\/\"},{\"@type\":\"ListItem\",\"position\":2,\"name\":\"store\",\"item\":\"https:\\\/\\\/vilight.vn\\\/website\\\/store\\\/\"},{\"@type\":\"ListItem\",\"position\":3,\"name\":\"\u0110\u00e8n Linear LED d\u00e2y VLW01\"}]},{\"@type\":\"WebSite\",\"@id\":\"https:\\\/\\\/vilight.vn\\\/website\\\/#website\",\"url\":\"https:\\\/\\\/vilight.vn\\\/website\\\/\",\"name\":\"Vilight Co.ltd\",\"description\":\"Chi\u1ebfu s\u00e1ng m\u1ef9 thu\u1eadt, chi\u1ebfu s\u00e1ng th\u00f4ng minh, LED Pixel 3D, chi\u1ebfu s\u00e1ng trang tr\u00ed \u0111\u00f4 th\u1ecb, chi\u1ebfu s\u00e1ng v\u00f2ng xoay, chi\u1ebfu s\u00e1ng \u0111\u1ea3o giao th\u00f4ng, c\u1ed5ng ch\u00e0o \u0111\u00f4 th\u1ecb\",\"publisher\":{\"@id\":\"https:\\\/\\\/vilight.vn\\\/website\\\/#organization\"},\"potentialAction\":[{\"@type\":\"SearchAction\",\"target\":{\"@type\":\"EntryPoint\",\"urlTemplate\":\"https:\\\/\\\/vilight.vn\\\/website\\\/?s={search_term_string}\"},\"query-input\":{\"@type\":\"PropertyValueSpecification\",\"valueRequired\":true,\"valueName\":\"search_term_string\"}}],\"inLanguage\":\"vi\"},{\"@type\":\"Organization\",\"@id\":\"https:\\\/\\\/vilight.vn\\\/website\\\/#organization\",\"name\":\"Vilight\",\"url\":\"https:\\\/\\\/vilight.vn\\\/website\\\/\",\"logo\":{\"@type\":\"ImageObject\",\"inLanguage\":\"vi\",\"@id\":\"https:\\\/\\\/vilight.vn\\\/website\\\/#\\\/schema\\\/logo\\\/image\\\/\",\"url\":\"https:\\\/\\\/vilight.vn\\\/website\\\/wp-content\\\/uploads\\\/2022\\\/05\\\/chieu_sang_trang_tri_do_thi_bang_den_led_pixel.png\",\"contentUrl\":\"https:\\\/\\\/vilight.vn\\\/website\\\/wp-content\\\/uploads\\\/2022\\\/05\\\/chieu_sang_trang_tri_do_thi_bang_den_led_pixel.png\",\"width\":800,\"height\":427,\"caption\":\"Vilight\"},\"image\":{\"@id\":\"https:\\\/\\\/vilight.vn\\\/website\\\/#\\\/schema\\\/logo\\\/image\\\/\"},\"sameAs\":[\"http:\\\/\\\/facebook.com\\\/vilight.vn\",\"https:\\\/\\\/www.linkedin.com\\\/company\\\/vilight-vn\",\"https:\\\/\\\/www.youtube.com\\\/channel\\\/UCEwR2naeDcuarMX1kSv_rLQ\\\/videos\"]}]}<\/script>\n<meta property=\"product:brand\" content=\"\u0110\u00e8n Linear d\u1ea1ng d\u00e2y\" \/>\n<meta property=\"product:price:currency\" content=\"VND\" \/>\n<meta property=\"og:availability\" content=\"instock\" \/>\n<meta property=\"product:availability\" content=\"instock\" \/>\n<meta property=\"product:condition\" content=\"new\" \/>\n<!-- \/ Yoast SEO Premium plugin. -->","yoast_head_json":{"title":"\u0110\u00e8n Linear LED d\u00e2y VLW01 - Vilight Co.ltd","description":"\u0110\u00e8n Linear LED d\u00e2y 36W\/m, 48W\/m l\u00e0 s\u1ef1 l\u1ef1a ch\u1ecdn l\u00fd t\u01b0\u1edfng cho vi\u1ec7c trang tr\u00ed v\u00e0 chi\u1ebfu s\u00e1ng c\u00e1c kh\u00f4ng gian ki\u1ebfn tr\u00fac hi\u1ec7n \u0111\u1ea1i.","robots":{"index":"index","follow":"follow","max-snippet":"max-snippet:-1","max-image-preview":"max-image-preview:large","max-video-preview":"max-video-preview:-1"},"canonical":"https:\/\/vilight.vn\/website\/san-pham\/den-led-pixel\/trang-tri\/den-linear-dang-day\/den-linear-led-day-vlw01\/","og_locale":"vi_VN","og_type":"article","og_title":"\u0110\u00e8n Linear LED d\u00e2y VLW01","og_description":"\u0110\u00e8n Linear LED d\u00e2y VLW01 l\u00e0 lo\u1ea1i \u0111\u00e8n LED linh ho\u1ea1t d\u00f9ng \u0111\u1ec3 chi\u1ebfu s\u00e1ng m\u1eb7t t\u01b0\u1eddng, t\u1ea1o ra hi\u1ec7u \u1ee9ng \u00e1nh s\u00e1ng \u0111\u1ed3ng \u0111\u1ec1u v\u00e0 n\u1ed5i b\u1eadt cho kh\u00f4ng gian n\u1ed9i th\u1ea5t v\u00e0 ngo\u1ea1i th\u1ea5t. V\u1edbi kh\u1ea3 n\u0103ng u\u1ed1n cong d\u1ec5 d\u00e0ng v\u00e0 thi\u1ebft k\u1ebf nh\u1ecf g\u1ecdn, VLW01 ph\u00f9 h\u1ee3p v\u1edbi nhi\u1ec1u lo\u1ea1i kh\u00f4ng gian, bao g\u1ed3m c\u1ea3 nh\u1eefng kh\u00f4ng gian c\u00f3 b\u1ec1 m\u1eb7t cong. \u0110\u00e2y l\u00e0 m\u1ed9t gi\u1ea3i ph\u00e1p tuy\u1ec7t v\u1eddi \u0111\u1ec3 t\u1ea1o \u0111i\u1ec3m nh\u1ea5n cho ki\u1ebfn tr\u00fac ho\u1eb7c b\u1ec1 m\u1eb7t t\u01b0\u1eddng v\u1edbi \u00e1nh s\u00e1ng m\u1ec1m m\u1ea1i v\u00e0 tinh t\u1ebf.","og_url":"https:\/\/vilight.vn\/website\/san-pham\/den-led-pixel\/trang-tri\/den-linear-dang-day\/den-linear-led-day-vlw01\/","og_site_name":"Vilight Co.ltd","article_publisher":"http:\/\/facebook.com\/vilight.vn","article_modified_time":"2025-08-27T07:38:21+00:00","og_image":[{"width":500,"height":500,"url":"https:\/\/vilight.vn\/website\/wp-content\/uploads\/2024\/10\/VLW01.jpg","type":"image\/jpeg"}],"twitter_card":"summary_large_image","twitter_misc":{"Gi\u00e1":"","Kh\u1ea3 d\u1ee5ng":"Trong kho"},"schema":{"@context":"https:\/\/schema.org","@graph":[{"@type":"WebPage","@id":"https:\/\/vilight.vn\/website\/san-pham\/den-led-pixel\/trang-tri\/den-linear-dang-day\/den-linear-led-day-vlw01\/","url":"https:\/\/vilight.vn\/website\/san-pham\/den-led-pixel\/trang-tri\/den-linear-dang-day\/den-linear-led-day-vlw01\/","name":"\u0110\u00e8n Linear LED d\u00e2y VLW01 - Vilight Co.ltd","isPartOf":{"@id":"https:\/\/vilight.vn\/website\/#website"},"primaryImageOfPage":{"@id":"https:\/\/vilight.vn\/website\/san-pham\/den-led-pixel\/trang-tri\/den-linear-dang-day\/den-linear-led-day-vlw01\/#primaryimage"},"image":{"@id":"https:\/\/vilight.vn\/website\/san-pham\/den-led-pixel\/trang-tri\/den-linear-dang-day\/den-linear-led-day-vlw01\/#primaryimage"},"thumbnailUrl":"https:\/\/vilight.vn\/website\/wp-content\/uploads\/2024\/10\/VLW01.jpg","datePublished":"2024-10-18T01:47:28+00:00","dateModified":"2025-08-27T07:38:21+00:00","description":"\u0110\u00e8n Linear LED d\u00e2y 36W\/m, 48W\/m l\u00e0 s\u1ef1 l\u1ef1a ch\u1ecdn l\u00fd t\u01b0\u1edfng cho vi\u1ec7c trang tr\u00ed v\u00e0 chi\u1ebfu s\u00e1ng c\u00e1c kh\u00f4ng gian ki\u1ebfn tr\u00fac hi\u1ec7n \u0111\u1ea1i.","breadcrumb":{"@id":"https:\/\/vilight.vn\/website\/san-pham\/den-led-pixel\/trang-tri\/den-linear-dang-day\/den-linear-led-day-vlw01\/#breadcrumb"},"inLanguage":"vi","potentialAction":[{"@type":"ReadAction","target":["https:\/\/vilight.vn\/website\/san-pham\/den-led-pixel\/trang-tri\/den-linear-dang-day\/den-linear-led-day-vlw01\/"]}]},{"@type":"ImageObject","inLanguage":"vi","@id":"https:\/\/vilight.vn\/website\/san-pham\/den-led-pixel\/trang-tri\/den-linear-dang-day\/den-linear-led-day-vlw01\/#primaryimage","url":"https:\/\/vilight.vn\/website\/wp-content\/uploads\/2024\/10\/VLW01.jpg","contentUrl":"https:\/\/vilight.vn\/website\/wp-content\/uploads\/2024\/10\/VLW01.jpg","width":500,"height":500},{"@type":"BreadcrumbList","@id":"https:\/\/vilight.vn\/website\/san-pham\/den-led-pixel\/trang-tri\/den-linear-dang-day\/den-linear-led-day-vlw01\/#breadcrumb","itemListElement":[{"@type":"ListItem","position":1,"name":"Home","item":"https:\/\/vilight.vn\/website\/"},{"@type":"ListItem","position":2,"name":"store","item":"https:\/\/vilight.vn\/website\/store\/"},{"@type":"ListItem","position":3,"name":"\u0110\u00e8n Linear LED d\u00e2y VLW01"}]},{"@type":"WebSite","@id":"https:\/\/vilight.vn\/website\/#website","url":"https:\/\/vilight.vn\/website\/","name":"Vilight Co.ltd","description":"Chi\u1ebfu s\u00e1ng m\u1ef9 thu\u1eadt, chi\u1ebfu s\u00e1ng th\u00f4ng minh, LED Pixel 3D, chi\u1ebfu s\u00e1ng trang tr\u00ed \u0111\u00f4 th\u1ecb, chi\u1ebfu s\u00e1ng v\u00f2ng xoay, chi\u1ebfu s\u00e1ng \u0111\u1ea3o giao th\u00f4ng, c\u1ed5ng ch\u00e0o \u0111\u00f4 th\u1ecb","publisher":{"@id":"https:\/\/vilight.vn\/website\/#organization"},"potentialAction":[{"@type":"SearchAction","target":{"@type":"EntryPoint","urlTemplate":"https:\/\/vilight.vn\/website\/?s={search_term_string}"},"query-input":{"@type":"PropertyValueSpecification","valueRequired":true,"valueName":"search_term_string"}}],"inLanguage":"vi"},{"@type":"Organization","@id":"https:\/\/vilight.vn\/website\/#organization","name":"Vilight","url":"https:\/\/vilight.vn\/website\/","logo":{"@type":"ImageObject","inLanguage":"vi","@id":"https:\/\/vilight.vn\/website\/#\/schema\/logo\/image\/","url":"https:\/\/vilight.vn\/website\/wp-content\/uploads\/2022\/05\/chieu_sang_trang_tri_do_thi_bang_den_led_pixel.png","contentUrl":"https:\/\/vilight.vn\/website\/wp-content\/uploads\/2022\/05\/chieu_sang_trang_tri_do_thi_bang_den_led_pixel.png","width":800,"height":427,"caption":"Vilight"},"image":{"@id":"https:\/\/vilight.vn\/website\/#\/schema\/logo\/image\/"},"sameAs":["http:\/\/facebook.com\/vilight.vn","https:\/\/www.linkedin.com\/company\/vilight-vn","https:\/\/www.youtube.com\/channel\/UCEwR2naeDcuarMX1kSv_rLQ\/videos"]}]},"product_brand":"\u0110\u00e8n Linear d\u1ea1ng d\u00e2y","product_price_currency":"VND","og_availability":"instock","product_availability":"instock","product_condition":"new"},"_links":{"self":[{"href":"https:\/\/vilight.vn\/website\/wp-json\/wp\/v2\/product\/4845","targetHints":{"allow":["GET"]}}],"collection":[{"href":"https:\/\/vilight.vn\/website\/wp-json\/wp\/v2\/product"}],"about":[{"href":"https:\/\/vilight.vn\/website\/wp-json\/wp\/v2\/types\/product"}],"wp:featuredmedia":[{"embeddable":true,"href":"https:\/\/vilight.vn\/website\/wp-json\/wp\/v2\/media\/4854"}],"wp:attachment":[{"href":"https:\/\/vilight.vn\/website\/wp-json\/wp\/v2\/media?parent=4845"}],"wp:term":[{"taxonomy":"product_brand","embeddable":true,"href":"https:\/\/vilight.vn\/website\/wp-json\/wp\/v2\/product_brand?post=4845"},{"taxonomy":"product_cat","embeddable":true,"href":"https:\/\/vilight.vn\/website\/wp-json\/wp\/v2\/product_cat?post=4845"},{"taxonomy":"product_tag","embeddable":true,"href":"https:\/\/vilight.vn\/website\/wp-json\/wp\/v2\/product_tag?post=4845"}],"curies":[{"name":"wp","href":"https:\/\/api.w.org\/{rel}","templated":true}]}}