{"id":4871,"date":"2024-10-18T15:03:05","date_gmt":"2024-10-18T08:03:05","guid":{"rendered":"https:\/\/vilight.vn\/website\/?post_type=product&#038;p=4871"},"modified":"2025-08-27T14:33:58","modified_gmt":"2025-08-27T07:33:58","slug":"den-am-dat-vl-10w-cob","status":"publish","type":"product","link":"https:\/\/vilight.vn\/website\/san-pham\/den-chieu-sang-facade\/am-dat-cao-cap\/den-am-dat-vl-10w-cob\/","title":{"rendered":"\u0110\u00e8n \u00e2m \u0111\u1ea5t VL 10W COB"},"content":{"rendered":"<p><span class=\"builder2seo\"><\/span><\/p>\n<h2>\u0110\u1eb7c \u0111i\u1ec3m n\u1ed5i b\u1eadt c\u1ee7a \u0111\u00e8n \u00e2m \u0111\u1ea5t 10W:<\/h2>\n<p>Thi\u1ebft k\u1ebf hi\u1ec7n \u0111\u1ea1i: V\u1edbi ki\u1ec3u d\u00e1ng tinh t\u1ebf, \u0111\u00e8n LED n\u00e0y d\u1ec5 d\u00e0ng h\u00f2a h\u1ee3p v\u1edbi nhi\u1ec1u phong c\u00e1ch ki\u1ebfn tr\u00fac kh\u00e1c nhau.Ch\u1ea5t li\u1ec7u cao c\u1ea5p: \u0110\u00e8n \u0111\u01b0\u1ee3c ch\u1ebf t\u1ea1o t\u1eeb h\u1ee3p kim nh\u00f4m cao c\u1ea5p, b\u1ec1n b\u1ec9, c\u00f9ng v\u1edbi l\u1edbp k\u00ednh c\u01b0\u1eddng l\u1ef1c b\u1ea3o v\u1ec7 chip LED b\u00ean trong.\u00c1nh s\u00e1ng ch\u1ea5t l\u01b0\u1ee3ng: S\u1eed d\u1ee5ng chip LED c\u00f4ng ngh\u1ec7 m\u1edbi, \u0111\u00e8n mang \u0111\u1ebfn \u00e1nh s\u00e1ng \u0111\u1ec1u m\u00e0u, kh\u00f4ng g\u00e2y ch\u00f3i m\u1eaft v\u00e0 ti\u1ebft ki\u1ec7m \u0111i\u1ec7n n\u0103ng.\u0110\u1ed9 b\u1ec1n cao: V\u1edbi ch\u1ec9 s\u1ed1 IP67, \u0111\u00e8n c\u00f3 kh\u1ea3 n\u0103ng ch\u1ed1ng n\u01b0\u1edbc v\u00e0 b\u1ee5i b\u1ea9n tuy\u1ec7t v\u1eddi, th\u00edch h\u1ee3p l\u1eafp \u0111\u1eb7t \u1edf nh\u1eefng n\u01a1i c\u00f3 \u0111i\u1ec1u ki\u1ec7n kh\u1eafc nghi\u1ec7t.<\/p>\n<p><a href=\"https:\/\/vilight.vn\/website\/wp-content\/uploads\/2024\/10\/VL-10W-COB.jpg\"><img decoding=\"async\" data-src=\"https:\/\/vilight.vn\/website\/wp-content\/uploads\/2024\/10\/VL-10W-COB.jpg\" alt=\"\" src=\"data:image\/svg+xml;base64,PHN2ZyB3aWR0aD0iMSIgaGVpZ2h0PSIxIiB4bWxucz0iaHR0cDovL3d3dy53My5vcmcvMjAwMC9zdmciPjwvc3ZnPg==\" class=\"lazyload\" style=\"--smush-placeholder-width: 1657px; --smush-placeholder-aspect-ratio: 1657\/1266;\" \/><\/a><\/p>\n<h2>B\u1ea3ng th\u00f4ng s\u1ed1 k\u1ef9 thu\u1eadt \u0111\u00e8n \u00e2m \u0111\u1ea5t 10W:<\/h2>\n<p>T\u00ean s\u1ea3n ph\u1ea9mVL 10W COB\u0110i\u1ec7n \u00e1p100-245 VAC\/24 VDCC\u00f4ng su\u1ea5t10W \u00b1 10%Lo\u1ea1i LED1 pc 10W Cree XHP35 LEDQuang th\u00f4ng600 lm \u00b1 10%Nhi\u1ec7t \u0111\u1ed9 m\u00e0u2700K, 3000K, 4000K, 6000K\u0110\u1ed9 ho\u00e0n m\u00e0u (CRI)\u2265 80G\u00f3c chi\u1ebfu3\u00b0C\u1ea5p b\u1ea3o v\u1ec7IP67\u0110\u1ed9 c\u1ee9ngIK08K\u00edch th\u01b0\u1edbc \u0111\u00e8n\u220578\u00d775 mmKh\u1ed1i l\u01b0\u1ee3ng0.54 kg<\/p>\n","protected":false},"excerpt":{"rendered":"<p>\u0110\u00e8n \u00e2m \u0111\u1ea5t VL 10W COB l\u00e0 m\u1eabu \u0111\u00e8n c\u00f3 thi\u1ebft k\u1ebf nh\u1ecf g\u1ecdn, hi\u1ec7n \u0111\u1ea1i v\u00e0 c\u00f3 th\u1ec3 s\u1eed d\u1ee5ng r\u1ed9ng r\u00e3i trong c\u00e1c \u1ee9ng d\u1ee5ng chi\u1ebfu s\u00e1ng ngo\u00e0i tr\u1eddi, \u0111\u1eb7c bi\u1ec7t l\u00e0 trong c\u00e1c h\u1ed3 b\u01a1i, s\u00e2n v\u01b0\u1eddn, ho\u1eb7c c\u00e1c khu v\u1ef1c trang tr\u00ed d\u01b0\u1edbi n\u01b0\u1edbc.<\/p>\n","protected":false},"featured_media":4872,"template":"","meta":[],"product_brand":[],"product_cat":[664,514],"product_tag":[],"class_list":{"0":"post-4871","1":"product","2":"type-product","3":"status-publish","4":"has-post-thumbnail","6":"product_cat-danh-muc-san-pham-moi","7":"product_cat-am-dat-cao-cap","9":"first","10":"instock","11":"taxable","12":"shipping-taxable","13":"product-type-simple"},"yoast_head":"<!-- This site is optimized with the Yoast SEO Premium plugin v27.5 (Yoast SEO v27.5) - https:\/\/yoast.com\/product\/yoast-seo-premium-wordpress\/ -->\n<title>\u0110\u00e8n \u00e2m \u0111\u1ea5t VL 10W COB - Vilight Co.ltd<\/title>\n<meta name=\"description\" content=\"\u0110\u00e8n \u00e2m \u0111\u1ea5t VL 10W COB l\u00e0 m\u1ed9t gi\u1ea3i ph\u00e1p chi\u1ebfu s\u00e1ng hi\u1ec7u qu\u1ea3 v\u00e0 th\u1ea9m m\u1ef9 cho c\u00e1c \u1ee9ng d\u1ee5ng chi\u1ebfu s\u00e1ng ngo\u00e0i tr\u1eddi v\u1edbi thi\u1ebft k\u1ebf nh\u1ecf g\u1ecdn, ch\u1ea5t l\u01b0\u1ee3ng v\u00e0 \u0111\u1ed9 b\u1ec1n cao.\" \/>\n<meta name=\"robots\" content=\"index, follow, max-snippet:-1, max-image-preview:large, max-video-preview:-1\" \/>\n<link rel=\"canonical\" href=\"https:\/\/vilight.vn\/website\/san-pham\/den-chieu-sang-facade\/am-dat-cao-cap\/den-am-dat-vl-10w-cob\/\" \/>\n<meta property=\"og:locale\" content=\"vi_VN\" \/>\n<meta property=\"og:type\" content=\"article\" \/>\n<meta property=\"og:title\" content=\"\u0110\u00e8n \u00e2m \u0111\u1ea5t VL 10W COB\" \/>\n<meta property=\"og:description\" content=\"\u0110\u00e8n \u00e2m \u0111\u1ea5t VL 10W COB l\u00e0 m\u1eabu \u0111\u00e8n c\u00f3 thi\u1ebft k\u1ebf nh\u1ecf g\u1ecdn, hi\u1ec7n \u0111\u1ea1i v\u00e0 c\u00f3 th\u1ec3 s\u1eed d\u1ee5ng r\u1ed9ng r\u00e3i trong c\u00e1c \u1ee9ng d\u1ee5ng chi\u1ebfu s\u00e1ng ngo\u00e0i tr\u1eddi, \u0111\u1eb7c bi\u1ec7t l\u00e0 trong c\u00e1c h\u1ed3 b\u01a1i, s\u00e2n v\u01b0\u1eddn, ho\u1eb7c c\u00e1c khu v\u1ef1c trang tr\u00ed d\u01b0\u1edbi n\u01b0\u1edbc.\" \/>\n<meta property=\"og:url\" content=\"https:\/\/vilight.vn\/website\/san-pham\/den-chieu-sang-facade\/am-dat-cao-cap\/den-am-dat-vl-10w-cob\/\" \/>\n<meta property=\"og:site_name\" content=\"Vilight Co.ltd\" \/>\n<meta property=\"article:publisher\" content=\"http:\/\/facebook.com\/vilight.vn\" \/>\n<meta property=\"article:modified_time\" content=\"2025-08-27T07:33:58+00:00\" \/>\n<meta property=\"og:image\" content=\"https:\/\/vilight.vn\/website\/wp-content\/uploads\/2024\/10\/VL10WCOB.jpg\" \/>\n\t<meta property=\"og:image:width\" content=\"500\" \/>\n\t<meta property=\"og:image:height\" content=\"500\" \/>\n\t<meta property=\"og:image:type\" content=\"image\/jpeg\" \/>\n<meta name=\"twitter:card\" content=\"summary_large_image\" \/>\n<meta name=\"twitter:label1\" content=\"Gi\u00e1\" \/>\n\t<meta name=\"twitter:data1\" content=\"\" \/>\n\t<meta name=\"twitter:label2\" content=\"Kh\u1ea3 d\u1ee5ng\" \/>\n\t<meta name=\"twitter:data2\" content=\"Trong kho\" \/>\n<script type=\"application\/ld+json\" class=\"yoast-schema-graph\">{\"@context\":\"https:\\\/\\\/schema.org\",\"@graph\":[{\"@type\":\"WebPage\",\"@id\":\"https:\\\/\\\/vilight.vn\\\/website\\\/san-pham\\\/den-chieu-sang-facade\\\/am-dat-cao-cap\\\/den-am-dat-vl-10w-cob\\\/\",\"url\":\"https:\\\/\\\/vilight.vn\\\/website\\\/san-pham\\\/den-chieu-sang-facade\\\/am-dat-cao-cap\\\/den-am-dat-vl-10w-cob\\\/\",\"name\":\"\u0110\u00e8n \u00e2m \u0111\u1ea5t VL 10W COB - Vilight Co.ltd\",\"isPartOf\":{\"@id\":\"https:\\\/\\\/vilight.vn\\\/website\\\/#website\"},\"primaryImageOfPage\":{\"@id\":\"https:\\\/\\\/vilight.vn\\\/website\\\/san-pham\\\/den-chieu-sang-facade\\\/am-dat-cao-cap\\\/den-am-dat-vl-10w-cob\\\/#primaryimage\"},\"image\":{\"@id\":\"https:\\\/\\\/vilight.vn\\\/website\\\/san-pham\\\/den-chieu-sang-facade\\\/am-dat-cao-cap\\\/den-am-dat-vl-10w-cob\\\/#primaryimage\"},\"thumbnailUrl\":\"https:\\\/\\\/vilight.vn\\\/website\\\/wp-content\\\/uploads\\\/2024\\\/10\\\/VL10WCOB.jpg\",\"datePublished\":\"2024-10-18T08:03:05+00:00\",\"dateModified\":\"2025-08-27T07:33:58+00:00\",\"description\":\"\u0110\u00e8n \u00e2m \u0111\u1ea5t VL 10W COB l\u00e0 m\u1ed9t gi\u1ea3i ph\u00e1p chi\u1ebfu s\u00e1ng hi\u1ec7u qu\u1ea3 v\u00e0 th\u1ea9m m\u1ef9 cho c\u00e1c \u1ee9ng d\u1ee5ng chi\u1ebfu s\u00e1ng ngo\u00e0i tr\u1eddi v\u1edbi thi\u1ebft k\u1ebf nh\u1ecf g\u1ecdn, ch\u1ea5t l\u01b0\u1ee3ng v\u00e0 \u0111\u1ed9 b\u1ec1n cao.\",\"breadcrumb\":{\"@id\":\"https:\\\/\\\/vilight.vn\\\/website\\\/san-pham\\\/den-chieu-sang-facade\\\/am-dat-cao-cap\\\/den-am-dat-vl-10w-cob\\\/#breadcrumb\"},\"inLanguage\":\"vi\",\"potentialAction\":[{\"@type\":\"ReadAction\",\"target\":[\"https:\\\/\\\/vilight.vn\\\/website\\\/san-pham\\\/den-chieu-sang-facade\\\/am-dat-cao-cap\\\/den-am-dat-vl-10w-cob\\\/\"]}]},{\"@type\":\"ImageObject\",\"inLanguage\":\"vi\",\"@id\":\"https:\\\/\\\/vilight.vn\\\/website\\\/san-pham\\\/den-chieu-sang-facade\\\/am-dat-cao-cap\\\/den-am-dat-vl-10w-cob\\\/#primaryimage\",\"url\":\"https:\\\/\\\/vilight.vn\\\/website\\\/wp-content\\\/uploads\\\/2024\\\/10\\\/VL10WCOB.jpg\",\"contentUrl\":\"https:\\\/\\\/vilight.vn\\\/website\\\/wp-content\\\/uploads\\\/2024\\\/10\\\/VL10WCOB.jpg\",\"width\":500,\"height\":500},{\"@type\":\"BreadcrumbList\",\"@id\":\"https:\\\/\\\/vilight.vn\\\/website\\\/san-pham\\\/den-chieu-sang-facade\\\/am-dat-cao-cap\\\/den-am-dat-vl-10w-cob\\\/#breadcrumb\",\"itemListElement\":[{\"@type\":\"ListItem\",\"position\":1,\"name\":\"Home\",\"item\":\"https:\\\/\\\/vilight.vn\\\/website\\\/\"},{\"@type\":\"ListItem\",\"position\":2,\"name\":\"store\",\"item\":\"https:\\\/\\\/vilight.vn\\\/website\\\/store\\\/\"},{\"@type\":\"ListItem\",\"position\":3,\"name\":\"\u0110\u00e8n \u00e2m \u0111\u1ea5t VL 10W COB\"}]},{\"@type\":\"WebSite\",\"@id\":\"https:\\\/\\\/vilight.vn\\\/website\\\/#website\",\"url\":\"https:\\\/\\\/vilight.vn\\\/website\\\/\",\"name\":\"Vilight Co.ltd\",\"description\":\"Chi\u1ebfu s\u00e1ng m\u1ef9 thu\u1eadt, chi\u1ebfu s\u00e1ng th\u00f4ng minh, LED Pixel 3D, chi\u1ebfu s\u00e1ng trang tr\u00ed \u0111\u00f4 th\u1ecb, chi\u1ebfu s\u00e1ng v\u00f2ng xoay, chi\u1ebfu s\u00e1ng \u0111\u1ea3o giao th\u00f4ng, c\u1ed5ng ch\u00e0o \u0111\u00f4 th\u1ecb\",\"publisher\":{\"@id\":\"https:\\\/\\\/vilight.vn\\\/website\\\/#organization\"},\"potentialAction\":[{\"@type\":\"SearchAction\",\"target\":{\"@type\":\"EntryPoint\",\"urlTemplate\":\"https:\\\/\\\/vilight.vn\\\/website\\\/?s={search_term_string}\"},\"query-input\":{\"@type\":\"PropertyValueSpecification\",\"valueRequired\":true,\"valueName\":\"search_term_string\"}}],\"inLanguage\":\"vi\"},{\"@type\":\"Organization\",\"@id\":\"https:\\\/\\\/vilight.vn\\\/website\\\/#organization\",\"name\":\"Vilight\",\"url\":\"https:\\\/\\\/vilight.vn\\\/website\\\/\",\"logo\":{\"@type\":\"ImageObject\",\"inLanguage\":\"vi\",\"@id\":\"https:\\\/\\\/vilight.vn\\\/website\\\/#\\\/schema\\\/logo\\\/image\\\/\",\"url\":\"https:\\\/\\\/vilight.vn\\\/website\\\/wp-content\\\/uploads\\\/2022\\\/05\\\/chieu_sang_trang_tri_do_thi_bang_den_led_pixel.png\",\"contentUrl\":\"https:\\\/\\\/vilight.vn\\\/website\\\/wp-content\\\/uploads\\\/2022\\\/05\\\/chieu_sang_trang_tri_do_thi_bang_den_led_pixel.png\",\"width\":800,\"height\":427,\"caption\":\"Vilight\"},\"image\":{\"@id\":\"https:\\\/\\\/vilight.vn\\\/website\\\/#\\\/schema\\\/logo\\\/image\\\/\"},\"sameAs\":[\"http:\\\/\\\/facebook.com\\\/vilight.vn\",\"https:\\\/\\\/www.linkedin.com\\\/company\\\/vilight-vn\",\"https:\\\/\\\/www.youtube.com\\\/channel\\\/UCEwR2naeDcuarMX1kSv_rLQ\\\/videos\"]}]}<\/script>\n<meta property=\"product:brand\" content=\"\u0110\u00e8n \u00c2m \u0110\u1ea5t\" \/>\n<meta property=\"product:price:currency\" content=\"VND\" \/>\n<meta property=\"og:availability\" content=\"instock\" \/>\n<meta property=\"product:availability\" content=\"instock\" \/>\n<meta property=\"product:condition\" content=\"new\" \/>\n<!-- \/ Yoast SEO Premium plugin. -->","yoast_head_json":{"title":"\u0110\u00e8n \u00e2m \u0111\u1ea5t VL 10W COB - Vilight Co.ltd","description":"\u0110\u00e8n \u00e2m \u0111\u1ea5t VL 10W COB l\u00e0 m\u1ed9t gi\u1ea3i ph\u00e1p chi\u1ebfu s\u00e1ng hi\u1ec7u qu\u1ea3 v\u00e0 th\u1ea9m m\u1ef9 cho c\u00e1c \u1ee9ng d\u1ee5ng chi\u1ebfu s\u00e1ng ngo\u00e0i tr\u1eddi v\u1edbi thi\u1ebft k\u1ebf nh\u1ecf g\u1ecdn, ch\u1ea5t l\u01b0\u1ee3ng v\u00e0 \u0111\u1ed9 b\u1ec1n cao.","robots":{"index":"index","follow":"follow","max-snippet":"max-snippet:-1","max-image-preview":"max-image-preview:large","max-video-preview":"max-video-preview:-1"},"canonical":"https:\/\/vilight.vn\/website\/san-pham\/den-chieu-sang-facade\/am-dat-cao-cap\/den-am-dat-vl-10w-cob\/","og_locale":"vi_VN","og_type":"article","og_title":"\u0110\u00e8n \u00e2m \u0111\u1ea5t VL 10W COB","og_description":"\u0110\u00e8n \u00e2m \u0111\u1ea5t VL 10W COB l\u00e0 m\u1eabu \u0111\u00e8n c\u00f3 thi\u1ebft k\u1ebf nh\u1ecf g\u1ecdn, hi\u1ec7n \u0111\u1ea1i v\u00e0 c\u00f3 th\u1ec3 s\u1eed d\u1ee5ng r\u1ed9ng r\u00e3i trong c\u00e1c \u1ee9ng d\u1ee5ng chi\u1ebfu s\u00e1ng ngo\u00e0i tr\u1eddi, \u0111\u1eb7c bi\u1ec7t l\u00e0 trong c\u00e1c h\u1ed3 b\u01a1i, s\u00e2n v\u01b0\u1eddn, ho\u1eb7c c\u00e1c khu v\u1ef1c trang tr\u00ed d\u01b0\u1edbi n\u01b0\u1edbc.","og_url":"https:\/\/vilight.vn\/website\/san-pham\/den-chieu-sang-facade\/am-dat-cao-cap\/den-am-dat-vl-10w-cob\/","og_site_name":"Vilight Co.ltd","article_publisher":"http:\/\/facebook.com\/vilight.vn","article_modified_time":"2025-08-27T07:33:58+00:00","og_image":[{"width":500,"height":500,"url":"https:\/\/vilight.vn\/website\/wp-content\/uploads\/2024\/10\/VL10WCOB.jpg","type":"image\/jpeg"}],"twitter_card":"summary_large_image","twitter_misc":{"Gi\u00e1":"","Kh\u1ea3 d\u1ee5ng":"Trong kho"},"schema":{"@context":"https:\/\/schema.org","@graph":[{"@type":"WebPage","@id":"https:\/\/vilight.vn\/website\/san-pham\/den-chieu-sang-facade\/am-dat-cao-cap\/den-am-dat-vl-10w-cob\/","url":"https:\/\/vilight.vn\/website\/san-pham\/den-chieu-sang-facade\/am-dat-cao-cap\/den-am-dat-vl-10w-cob\/","name":"\u0110\u00e8n \u00e2m \u0111\u1ea5t VL 10W COB - Vilight Co.ltd","isPartOf":{"@id":"https:\/\/vilight.vn\/website\/#website"},"primaryImageOfPage":{"@id":"https:\/\/vilight.vn\/website\/san-pham\/den-chieu-sang-facade\/am-dat-cao-cap\/den-am-dat-vl-10w-cob\/#primaryimage"},"image":{"@id":"https:\/\/vilight.vn\/website\/san-pham\/den-chieu-sang-facade\/am-dat-cao-cap\/den-am-dat-vl-10w-cob\/#primaryimage"},"thumbnailUrl":"https:\/\/vilight.vn\/website\/wp-content\/uploads\/2024\/10\/VL10WCOB.jpg","datePublished":"2024-10-18T08:03:05+00:00","dateModified":"2025-08-27T07:33:58+00:00","description":"\u0110\u00e8n \u00e2m \u0111\u1ea5t VL 10W COB l\u00e0 m\u1ed9t gi\u1ea3i ph\u00e1p chi\u1ebfu s\u00e1ng hi\u1ec7u qu\u1ea3 v\u00e0 th\u1ea9m m\u1ef9 cho c\u00e1c \u1ee9ng d\u1ee5ng chi\u1ebfu s\u00e1ng ngo\u00e0i tr\u1eddi v\u1edbi thi\u1ebft k\u1ebf nh\u1ecf g\u1ecdn, ch\u1ea5t l\u01b0\u1ee3ng v\u00e0 \u0111\u1ed9 b\u1ec1n cao.","breadcrumb":{"@id":"https:\/\/vilight.vn\/website\/san-pham\/den-chieu-sang-facade\/am-dat-cao-cap\/den-am-dat-vl-10w-cob\/#breadcrumb"},"inLanguage":"vi","potentialAction":[{"@type":"ReadAction","target":["https:\/\/vilight.vn\/website\/san-pham\/den-chieu-sang-facade\/am-dat-cao-cap\/den-am-dat-vl-10w-cob\/"]}]},{"@type":"ImageObject","inLanguage":"vi","@id":"https:\/\/vilight.vn\/website\/san-pham\/den-chieu-sang-facade\/am-dat-cao-cap\/den-am-dat-vl-10w-cob\/#primaryimage","url":"https:\/\/vilight.vn\/website\/wp-content\/uploads\/2024\/10\/VL10WCOB.jpg","contentUrl":"https:\/\/vilight.vn\/website\/wp-content\/uploads\/2024\/10\/VL10WCOB.jpg","width":500,"height":500},{"@type":"BreadcrumbList","@id":"https:\/\/vilight.vn\/website\/san-pham\/den-chieu-sang-facade\/am-dat-cao-cap\/den-am-dat-vl-10w-cob\/#breadcrumb","itemListElement":[{"@type":"ListItem","position":1,"name":"Home","item":"https:\/\/vilight.vn\/website\/"},{"@type":"ListItem","position":2,"name":"store","item":"https:\/\/vilight.vn\/website\/store\/"},{"@type":"ListItem","position":3,"name":"\u0110\u00e8n \u00e2m \u0111\u1ea5t VL 10W COB"}]},{"@type":"WebSite","@id":"https:\/\/vilight.vn\/website\/#website","url":"https:\/\/vilight.vn\/website\/","name":"Vilight Co.ltd","description":"Chi\u1ebfu s\u00e1ng m\u1ef9 thu\u1eadt, chi\u1ebfu s\u00e1ng th\u00f4ng minh, LED Pixel 3D, chi\u1ebfu s\u00e1ng trang tr\u00ed \u0111\u00f4 th\u1ecb, chi\u1ebfu s\u00e1ng v\u00f2ng xoay, chi\u1ebfu s\u00e1ng \u0111\u1ea3o giao th\u00f4ng, c\u1ed5ng ch\u00e0o \u0111\u00f4 th\u1ecb","publisher":{"@id":"https:\/\/vilight.vn\/website\/#organization"},"potentialAction":[{"@type":"SearchAction","target":{"@type":"EntryPoint","urlTemplate":"https:\/\/vilight.vn\/website\/?s={search_term_string}"},"query-input":{"@type":"PropertyValueSpecification","valueRequired":true,"valueName":"search_term_string"}}],"inLanguage":"vi"},{"@type":"Organization","@id":"https:\/\/vilight.vn\/website\/#organization","name":"Vilight","url":"https:\/\/vilight.vn\/website\/","logo":{"@type":"ImageObject","inLanguage":"vi","@id":"https:\/\/vilight.vn\/website\/#\/schema\/logo\/image\/","url":"https:\/\/vilight.vn\/website\/wp-content\/uploads\/2022\/05\/chieu_sang_trang_tri_do_thi_bang_den_led_pixel.png","contentUrl":"https:\/\/vilight.vn\/website\/wp-content\/uploads\/2022\/05\/chieu_sang_trang_tri_do_thi_bang_den_led_pixel.png","width":800,"height":427,"caption":"Vilight"},"image":{"@id":"https:\/\/vilight.vn\/website\/#\/schema\/logo\/image\/"},"sameAs":["http:\/\/facebook.com\/vilight.vn","https:\/\/www.linkedin.com\/company\/vilight-vn","https:\/\/www.youtube.com\/channel\/UCEwR2naeDcuarMX1kSv_rLQ\/videos"]}]},"product_brand":"\u0110\u00e8n \u00c2m \u0110\u1ea5t","product_price_currency":"VND","og_availability":"instock","product_availability":"instock","product_condition":"new"},"_links":{"self":[{"href":"https:\/\/vilight.vn\/website\/wp-json\/wp\/v2\/product\/4871","targetHints":{"allow":["GET"]}}],"collection":[{"href":"https:\/\/vilight.vn\/website\/wp-json\/wp\/v2\/product"}],"about":[{"href":"https:\/\/vilight.vn\/website\/wp-json\/wp\/v2\/types\/product"}],"wp:featuredmedia":[{"embeddable":true,"href":"https:\/\/vilight.vn\/website\/wp-json\/wp\/v2\/media\/4872"}],"wp:attachment":[{"href":"https:\/\/vilight.vn\/website\/wp-json\/wp\/v2\/media?parent=4871"}],"wp:term":[{"taxonomy":"product_brand","embeddable":true,"href":"https:\/\/vilight.vn\/website\/wp-json\/wp\/v2\/product_brand?post=4871"},{"taxonomy":"product_cat","embeddable":true,"href":"https:\/\/vilight.vn\/website\/wp-json\/wp\/v2\/product_cat?post=4871"},{"taxonomy":"product_tag","embeddable":true,"href":"https:\/\/vilight.vn\/website\/wp-json\/wp\/v2\/product_tag?post=4871"}],"curies":[{"name":"wp","href":"https:\/\/api.w.org\/{rel}","templated":true}]}}