{"id":4910,"date":"2024-10-22T10:34:22","date_gmt":"2024-10-22T03:34:22","guid":{"rendered":"https:\/\/vilight.vn\/website\/?post_type=product&#038;p=4910"},"modified":"2025-08-27T14:31:46","modified_gmt":"2025-08-27T07:31:46","slug":"den-am-dat-vl-c013-0900-a","status":"publish","type":"product","link":"https:\/\/vilight.vn\/website\/san-pham\/den-chieu-sang-facade\/am-dat-cao-cap\/den-am-dat-vl-c013-0900-a\/","title":{"rendered":"\u0110\u00e8n \u00e2m \u0111\u1ea5t VL C013 0900 A"},"content":{"rendered":"<p><span class=\"builder2seo\"><\/span><\/p>\n<h2>\u0110\u1eb7c \u0111i\u1ec3m n\u1ed5i b\u1eadt c\u1ee7a \u0111\u00e8n \u00e2m \u0111\u1ea5t Linear 8.5W:<\/h2>\n<p>Chip LED ch\u1ea5t l\u01b0\u1ee3ng cao: S\u1eed d\u1ee5ng chip LED Osram 2835 SMD, mang l\u1ea1i hi\u1ec7u su\u1ea5t chi\u1ebfu s\u00e1ng v\u01b0\u1ee3t tr\u1ed9i, ti\u1ebft ki\u1ec7m n\u0103ng l\u01b0\u1ee3ng v\u00e0 tu\u1ed5i th\u1ecd cao.Ch\u1ec9 s\u1ed1 ch\u1ed1ng n\u01b0\u1edbc v\u00e0 va \u0111\u1eadp: \u0110\u1ea1t chu\u1ea9n IP67 v\u00e0 IK08, \u0111\u00e8n c\u00f3 kh\u1ea3 n\u0103ng ch\u1ed1ng n\u01b0\u1edbc, ch\u1ed1ng b\u1ee5i ho\u00e0n h\u1ea3o v\u00e0 ch\u1ecbu l\u1ef1c t\u00e1c \u0111\u1ed9ng m\u1ea1nh.T\u00f9y ch\u1ecdn m\u00e0u s\u1eafc \u00e1nh s\u00e1ng: \u0110\u00e8n c\u00f3 nhi\u1ec1u l\u1ef1a ch\u1ecdn nhi\u1ec7t \u0111\u1ed9 m\u00e0u t\u1eeb 2700K \u0111\u1ebfn 6500K, ph\u00f9 h\u1ee3p v\u1edbi nhi\u1ec1u phong c\u00e1ch chi\u1ebfu s\u00e1ng kh\u00e1c nhau.Thi\u1ebft k\u1ebf th\u1ea9m m\u1ef9 v\u00e0 tinh t\u1ebf: V\u1edbi k\u00edch th\u01b0\u1edbc m\u1ecfng g\u1ecdn, \u0111\u00e8n c\u00f3 th\u1ec3 d\u1ec5 d\u00e0ng l\u1eafp \u0111\u1eb7t trong c\u00e1c l\u1ed1i \u0111i, b\u1eadc thang ho\u1eb7c khu v\u1ef1c s\u00e2n v\u01b0\u1eddn, t\u1ea1o \u0111i\u1ec3m nh\u1ea5n v\u1ec1 \u00e1nh s\u00e1ng m\u00e0 kh\u00f4ng g\u00e2y \u1ea3nh h\u01b0\u1edfng \u0111\u1ebfn ki\u1ebfn tr\u00fac.<\/p>\n<p><a href=\"https:\/\/vilight.vn\/website\/wp-content\/uploads\/2024\/10\/VL-C013-0900-A.jpg\"><img decoding=\"async\" data-src=\"https:\/\/vilight.vn\/website\/wp-content\/uploads\/2024\/10\/VL-C013-0900-A.jpg\" alt=\"\" src=\"data:image\/svg+xml;base64,PHN2ZyB3aWR0aD0iMSIgaGVpZ2h0PSIxIiB4bWxucz0iaHR0cDovL3d3dy53My5vcmcvMjAwMC9zdmciPjwvc3ZnPg==\" class=\"lazyload\" style=\"--smush-placeholder-width: 1535px; --smush-placeholder-aspect-ratio: 1535\/1333;\" \/><\/a><\/p>\n<h2>B\u1ea3ng th\u00f4ng s\u1ed1 k\u1ef9 thu\u1eadt \u0111\u00e8n \u00e2m \u0111\u1ea5t Linear 8.5W:<\/h2>\n<p>T\u00ean s\u1ea3n ph\u1ea9mVL C013 0900 A\u0110i\u1ec7n \u00e1p24 VDCC\u00f4ng su\u1ea5t8.5W \u00b1 10%Lo\u1ea1i LED48 pcs Osram 2835 SMD LEDQuang th\u00f4ng560 lm \u00b1 10%Nhi\u1ec7t \u0111\u1ed9 m\u00e0u2700K, 3000K, 4000K, 5700K, 6500K\u0110\u1ed9 ho\u00e0n m\u00e0u (CRI)\u2265 80G\u00f3c chi\u1ebfu200\u00b0C\u1ea5p b\u1ea3o v\u1ec7IP67\u0110\u1ed9 c\u1ee9ngIK08K\u00edch th\u01b0\u1edbc \u0111\u00e8n500\u00d724\u00d747 mm (ho\u1eb7c tu\u1ef3 ch\u1ecdn d\u00e0i 1 m)Kh\u1ed1i l\u01b0\u1ee3ng1.2 kg<\/p>\n","protected":false},"excerpt":{"rendered":"<p>\u0110\u00e8n \u00e2m \u0111\u1ea5t VL C013 0900 A 8.5W l\u00e0 gi\u1ea3i ph\u00e1p chi\u1ebfu s\u00e1ng hi\u1ec7n \u0111\u1ea1i, mang t\u00ednh th\u1ea9m m\u1ef9 cao, \u0111\u01b0\u1ee3c thi\u1ebft k\u1ebf \u0111\u1ec3 l\u1eafp \u0111\u1eb7t \u00e2m d\u01b0\u1edbi m\u1eb7t \u0111\u1ea5t, t\u1ea1o n\u00ean s\u1ef1 tinh t\u1ebf cho kh\u00f4ng gian ngo\u00e0i tr\u1eddi. V\u1edbi c\u00f4ng ngh\u1ec7 LED ti\u00ean ti\u1ebfn, s\u1ea3n ph\u1ea9m n\u00e0y gi\u00fap t\u1ea1o ra ngu\u1ed3n s\u00e1ng m\u1ea1nh m\u1ebd, \u0111\u1ed3ng \u0111\u1ec1u, l\u00fd t\u01b0\u1edfng cho vi\u1ec7c chi\u1ebfu s\u00e1ng l\u1ed1i \u0111i, v\u01b0\u1eddn, ho\u1eb7c c\u00e1c khu v\u1ef1c ngo\u1ea1i th\u1ea5t kh\u00e1c. B\u00ean c\u1ea1nh \u0111\u00f3, c\u1ea5p b\u1ea3o v\u1ec7 IP67 c\u00f9ng \u0111\u1ed9 b\u1ec1n c\u01a1 h\u1ecdc IK08 gi\u00fap \u0111\u00e8n n\u00e0y \u0111\u1ea3m b\u1ea3o ho\u1ea1t \u0111\u1ed9ng \u1ed5n \u0111\u1ecbnh v\u00e0 b\u1ec1n v\u1eefng trong m\u1ecdi \u0111i\u1ec1u ki\u1ec7n th\u1eddi ti\u1ebft.<\/p>\n","protected":false},"featured_media":4911,"template":"","meta":[],"product_brand":[],"product_cat":[664,514],"product_tag":[],"class_list":{"0":"post-4910","1":"product","2":"type-product","3":"status-publish","4":"has-post-thumbnail","6":"product_cat-danh-muc-san-pham-moi","7":"product_cat-am-dat-cao-cap","9":"first","10":"instock","11":"taxable","12":"shipping-taxable","13":"product-type-simple"},"yoast_head":"<!-- This site is optimized with the Yoast SEO Premium plugin v27.5 (Yoast SEO v27.5) - https:\/\/yoast.com\/product\/yoast-seo-premium-wordpress\/ -->\n<title>\u0110\u00e8n \u00e2m \u0111\u1ea5t VL C013 0900 A - Vilight Co.ltd<\/title>\n<meta name=\"description\" content=\"\u0110\u00e8n \u00e2m \u0111\u1ea5t Linear 8.5W l\u00e0 gi\u1ea3i ph\u00e1p chi\u1ebfu s\u00e1ng hi\u1ec7n \u0111\u1ea1i, mang t\u00ednh th\u1ea9m m\u1ef9 cao, t\u1ea1o n\u00ean s\u1ef1 tinh t\u1ebf cho kh\u00f4ng gian ngo\u00e0i tr\u1eddi.\" \/>\n<meta name=\"robots\" content=\"index, follow, max-snippet:-1, max-image-preview:large, max-video-preview:-1\" \/>\n<link rel=\"canonical\" href=\"https:\/\/vilight.vn\/website\/san-pham\/den-chieu-sang-facade\/am-dat-cao-cap\/den-am-dat-vl-c013-0900-a\/\" \/>\n<meta property=\"og:locale\" content=\"vi_VN\" \/>\n<meta property=\"og:type\" content=\"article\" \/>\n<meta property=\"og:title\" content=\"\u0110\u00e8n \u00e2m \u0111\u1ea5t VL C013 0900 A\" \/>\n<meta property=\"og:description\" content=\"\u0110\u00e8n \u00e2m \u0111\u1ea5t VL C013 0900 A 8.5W l\u00e0 gi\u1ea3i ph\u00e1p chi\u1ebfu s\u00e1ng hi\u1ec7n \u0111\u1ea1i, mang t\u00ednh th\u1ea9m m\u1ef9 cao, \u0111\u01b0\u1ee3c thi\u1ebft k\u1ebf \u0111\u1ec3 l\u1eafp \u0111\u1eb7t \u00e2m d\u01b0\u1edbi m\u1eb7t \u0111\u1ea5t, t\u1ea1o n\u00ean s\u1ef1 tinh t\u1ebf cho kh\u00f4ng gian ngo\u00e0i tr\u1eddi. V\u1edbi c\u00f4ng ngh\u1ec7 LED ti\u00ean ti\u1ebfn, s\u1ea3n ph\u1ea9m n\u00e0y gi\u00fap t\u1ea1o ra ngu\u1ed3n s\u00e1ng m\u1ea1nh m\u1ebd, \u0111\u1ed3ng \u0111\u1ec1u, l\u00fd t\u01b0\u1edfng cho vi\u1ec7c chi\u1ebfu s\u00e1ng l\u1ed1i \u0111i, v\u01b0\u1eddn, ho\u1eb7c c\u00e1c khu v\u1ef1c ngo\u1ea1i th\u1ea5t kh\u00e1c. B\u00ean c\u1ea1nh \u0111\u00f3, c\u1ea5p b\u1ea3o v\u1ec7 IP67 c\u00f9ng \u0111\u1ed9 b\u1ec1n c\u01a1 h\u1ecdc IK08 gi\u00fap \u0111\u00e8n n\u00e0y \u0111\u1ea3m b\u1ea3o ho\u1ea1t \u0111\u1ed9ng \u1ed5n \u0111\u1ecbnh v\u00e0 b\u1ec1n v\u1eefng trong m\u1ecdi \u0111i\u1ec1u ki\u1ec7n th\u1eddi ti\u1ebft.\" \/>\n<meta property=\"og:url\" content=\"https:\/\/vilight.vn\/website\/san-pham\/den-chieu-sang-facade\/am-dat-cao-cap\/den-am-dat-vl-c013-0900-a\/\" \/>\n<meta property=\"og:site_name\" content=\"Vilight Co.ltd\" \/>\n<meta property=\"article:publisher\" content=\"http:\/\/facebook.com\/vilight.vn\" \/>\n<meta property=\"article:modified_time\" content=\"2025-08-27T07:31:46+00:00\" \/>\n<meta property=\"og:image\" content=\"https:\/\/vilight.vn\/website\/wp-content\/uploads\/2024\/10\/VLC0130900A.jpg\" \/>\n\t<meta property=\"og:image:width\" content=\"500\" \/>\n\t<meta property=\"og:image:height\" content=\"500\" \/>\n\t<meta property=\"og:image:type\" content=\"image\/jpeg\" \/>\n<meta name=\"twitter:card\" content=\"summary_large_image\" \/>\n<meta name=\"twitter:label1\" content=\"Gi\u00e1\" \/>\n\t<meta name=\"twitter:data1\" content=\"\" \/>\n\t<meta name=\"twitter:label2\" content=\"Kh\u1ea3 d\u1ee5ng\" \/>\n\t<meta name=\"twitter:data2\" content=\"Trong kho\" \/>\n<script type=\"application\/ld+json\" class=\"yoast-schema-graph\">{\"@context\":\"https:\\\/\\\/schema.org\",\"@graph\":[{\"@type\":\"WebPage\",\"@id\":\"https:\\\/\\\/vilight.vn\\\/website\\\/san-pham\\\/den-chieu-sang-facade\\\/am-dat-cao-cap\\\/den-am-dat-vl-c013-0900-a\\\/\",\"url\":\"https:\\\/\\\/vilight.vn\\\/website\\\/san-pham\\\/den-chieu-sang-facade\\\/am-dat-cao-cap\\\/den-am-dat-vl-c013-0900-a\\\/\",\"name\":\"\u0110\u00e8n \u00e2m \u0111\u1ea5t VL C013 0900 A - Vilight Co.ltd\",\"isPartOf\":{\"@id\":\"https:\\\/\\\/vilight.vn\\\/website\\\/#website\"},\"primaryImageOfPage\":{\"@id\":\"https:\\\/\\\/vilight.vn\\\/website\\\/san-pham\\\/den-chieu-sang-facade\\\/am-dat-cao-cap\\\/den-am-dat-vl-c013-0900-a\\\/#primaryimage\"},\"image\":{\"@id\":\"https:\\\/\\\/vilight.vn\\\/website\\\/san-pham\\\/den-chieu-sang-facade\\\/am-dat-cao-cap\\\/den-am-dat-vl-c013-0900-a\\\/#primaryimage\"},\"thumbnailUrl\":\"https:\\\/\\\/vilight.vn\\\/website\\\/wp-content\\\/uploads\\\/2024\\\/10\\\/VLC0130900A.jpg\",\"datePublished\":\"2024-10-22T03:34:22+00:00\",\"dateModified\":\"2025-08-27T07:31:46+00:00\",\"description\":\"\u0110\u00e8n \u00e2m \u0111\u1ea5t Linear 8.5W l\u00e0 gi\u1ea3i ph\u00e1p chi\u1ebfu s\u00e1ng hi\u1ec7n \u0111\u1ea1i, mang t\u00ednh th\u1ea9m m\u1ef9 cao, t\u1ea1o n\u00ean s\u1ef1 tinh t\u1ebf cho kh\u00f4ng gian ngo\u00e0i tr\u1eddi.\",\"breadcrumb\":{\"@id\":\"https:\\\/\\\/vilight.vn\\\/website\\\/san-pham\\\/den-chieu-sang-facade\\\/am-dat-cao-cap\\\/den-am-dat-vl-c013-0900-a\\\/#breadcrumb\"},\"inLanguage\":\"vi\",\"potentialAction\":[{\"@type\":\"ReadAction\",\"target\":[\"https:\\\/\\\/vilight.vn\\\/website\\\/san-pham\\\/den-chieu-sang-facade\\\/am-dat-cao-cap\\\/den-am-dat-vl-c013-0900-a\\\/\"]}]},{\"@type\":\"ImageObject\",\"inLanguage\":\"vi\",\"@id\":\"https:\\\/\\\/vilight.vn\\\/website\\\/san-pham\\\/den-chieu-sang-facade\\\/am-dat-cao-cap\\\/den-am-dat-vl-c013-0900-a\\\/#primaryimage\",\"url\":\"https:\\\/\\\/vilight.vn\\\/website\\\/wp-content\\\/uploads\\\/2024\\\/10\\\/VLC0130900A.jpg\",\"contentUrl\":\"https:\\\/\\\/vilight.vn\\\/website\\\/wp-content\\\/uploads\\\/2024\\\/10\\\/VLC0130900A.jpg\",\"width\":500,\"height\":500},{\"@type\":\"BreadcrumbList\",\"@id\":\"https:\\\/\\\/vilight.vn\\\/website\\\/san-pham\\\/den-chieu-sang-facade\\\/am-dat-cao-cap\\\/den-am-dat-vl-c013-0900-a\\\/#breadcrumb\",\"itemListElement\":[{\"@type\":\"ListItem\",\"position\":1,\"name\":\"Home\",\"item\":\"https:\\\/\\\/vilight.vn\\\/website\\\/\"},{\"@type\":\"ListItem\",\"position\":2,\"name\":\"store\",\"item\":\"https:\\\/\\\/vilight.vn\\\/website\\\/store\\\/\"},{\"@type\":\"ListItem\",\"position\":3,\"name\":\"\u0110\u00e8n \u00e2m \u0111\u1ea5t VL C013 0900 A\"}]},{\"@type\":\"WebSite\",\"@id\":\"https:\\\/\\\/vilight.vn\\\/website\\\/#website\",\"url\":\"https:\\\/\\\/vilight.vn\\\/website\\\/\",\"name\":\"Vilight Co.ltd\",\"description\":\"Chi\u1ebfu s\u00e1ng m\u1ef9 thu\u1eadt, chi\u1ebfu s\u00e1ng th\u00f4ng minh, LED Pixel 3D, chi\u1ebfu s\u00e1ng trang tr\u00ed \u0111\u00f4 th\u1ecb, chi\u1ebfu s\u00e1ng v\u00f2ng xoay, chi\u1ebfu s\u00e1ng \u0111\u1ea3o giao th\u00f4ng, c\u1ed5ng ch\u00e0o \u0111\u00f4 th\u1ecb\",\"publisher\":{\"@id\":\"https:\\\/\\\/vilight.vn\\\/website\\\/#organization\"},\"potentialAction\":[{\"@type\":\"SearchAction\",\"target\":{\"@type\":\"EntryPoint\",\"urlTemplate\":\"https:\\\/\\\/vilight.vn\\\/website\\\/?s={search_term_string}\"},\"query-input\":{\"@type\":\"PropertyValueSpecification\",\"valueRequired\":true,\"valueName\":\"search_term_string\"}}],\"inLanguage\":\"vi\"},{\"@type\":\"Organization\",\"@id\":\"https:\\\/\\\/vilight.vn\\\/website\\\/#organization\",\"name\":\"Vilight\",\"url\":\"https:\\\/\\\/vilight.vn\\\/website\\\/\",\"logo\":{\"@type\":\"ImageObject\",\"inLanguage\":\"vi\",\"@id\":\"https:\\\/\\\/vilight.vn\\\/website\\\/#\\\/schema\\\/logo\\\/image\\\/\",\"url\":\"https:\\\/\\\/vilight.vn\\\/website\\\/wp-content\\\/uploads\\\/2022\\\/05\\\/chieu_sang_trang_tri_do_thi_bang_den_led_pixel.png\",\"contentUrl\":\"https:\\\/\\\/vilight.vn\\\/website\\\/wp-content\\\/uploads\\\/2022\\\/05\\\/chieu_sang_trang_tri_do_thi_bang_den_led_pixel.png\",\"width\":800,\"height\":427,\"caption\":\"Vilight\"},\"image\":{\"@id\":\"https:\\\/\\\/vilight.vn\\\/website\\\/#\\\/schema\\\/logo\\\/image\\\/\"},\"sameAs\":[\"http:\\\/\\\/facebook.com\\\/vilight.vn\",\"https:\\\/\\\/www.linkedin.com\\\/company\\\/vilight-vn\",\"https:\\\/\\\/www.youtube.com\\\/channel\\\/UCEwR2naeDcuarMX1kSv_rLQ\\\/videos\"]}]}<\/script>\n<meta property=\"product:brand\" content=\"\u0110\u00e8n \u00c2m \u0110\u1ea5t\" \/>\n<meta property=\"product:price:currency\" content=\"VND\" \/>\n<meta property=\"og:availability\" content=\"instock\" \/>\n<meta property=\"product:availability\" content=\"instock\" \/>\n<meta property=\"product:condition\" content=\"new\" \/>\n<!-- \/ Yoast SEO Premium plugin. -->","yoast_head_json":{"title":"\u0110\u00e8n \u00e2m \u0111\u1ea5t VL C013 0900 A - Vilight Co.ltd","description":"\u0110\u00e8n \u00e2m \u0111\u1ea5t Linear 8.5W l\u00e0 gi\u1ea3i ph\u00e1p chi\u1ebfu s\u00e1ng hi\u1ec7n \u0111\u1ea1i, mang t\u00ednh th\u1ea9m m\u1ef9 cao, t\u1ea1o n\u00ean s\u1ef1 tinh t\u1ebf cho kh\u00f4ng gian ngo\u00e0i tr\u1eddi.","robots":{"index":"index","follow":"follow","max-snippet":"max-snippet:-1","max-image-preview":"max-image-preview:large","max-video-preview":"max-video-preview:-1"},"canonical":"https:\/\/vilight.vn\/website\/san-pham\/den-chieu-sang-facade\/am-dat-cao-cap\/den-am-dat-vl-c013-0900-a\/","og_locale":"vi_VN","og_type":"article","og_title":"\u0110\u00e8n \u00e2m \u0111\u1ea5t VL C013 0900 A","og_description":"\u0110\u00e8n \u00e2m \u0111\u1ea5t VL C013 0900 A 8.5W l\u00e0 gi\u1ea3i ph\u00e1p chi\u1ebfu s\u00e1ng hi\u1ec7n \u0111\u1ea1i, mang t\u00ednh th\u1ea9m m\u1ef9 cao, \u0111\u01b0\u1ee3c thi\u1ebft k\u1ebf \u0111\u1ec3 l\u1eafp \u0111\u1eb7t \u00e2m d\u01b0\u1edbi m\u1eb7t \u0111\u1ea5t, t\u1ea1o n\u00ean s\u1ef1 tinh t\u1ebf cho kh\u00f4ng gian ngo\u00e0i tr\u1eddi. V\u1edbi c\u00f4ng ngh\u1ec7 LED ti\u00ean ti\u1ebfn, s\u1ea3n ph\u1ea9m n\u00e0y gi\u00fap t\u1ea1o ra ngu\u1ed3n s\u00e1ng m\u1ea1nh m\u1ebd, \u0111\u1ed3ng \u0111\u1ec1u, l\u00fd t\u01b0\u1edfng cho vi\u1ec7c chi\u1ebfu s\u00e1ng l\u1ed1i \u0111i, v\u01b0\u1eddn, ho\u1eb7c c\u00e1c khu v\u1ef1c ngo\u1ea1i th\u1ea5t kh\u00e1c. B\u00ean c\u1ea1nh \u0111\u00f3, c\u1ea5p b\u1ea3o v\u1ec7 IP67 c\u00f9ng \u0111\u1ed9 b\u1ec1n c\u01a1 h\u1ecdc IK08 gi\u00fap \u0111\u00e8n n\u00e0y \u0111\u1ea3m b\u1ea3o ho\u1ea1t \u0111\u1ed9ng \u1ed5n \u0111\u1ecbnh v\u00e0 b\u1ec1n v\u1eefng trong m\u1ecdi \u0111i\u1ec1u ki\u1ec7n th\u1eddi ti\u1ebft.","og_url":"https:\/\/vilight.vn\/website\/san-pham\/den-chieu-sang-facade\/am-dat-cao-cap\/den-am-dat-vl-c013-0900-a\/","og_site_name":"Vilight Co.ltd","article_publisher":"http:\/\/facebook.com\/vilight.vn","article_modified_time":"2025-08-27T07:31:46+00:00","og_image":[{"width":500,"height":500,"url":"https:\/\/vilight.vn\/website\/wp-content\/uploads\/2024\/10\/VLC0130900A.jpg","type":"image\/jpeg"}],"twitter_card":"summary_large_image","twitter_misc":{"Gi\u00e1":"","Kh\u1ea3 d\u1ee5ng":"Trong kho"},"schema":{"@context":"https:\/\/schema.org","@graph":[{"@type":"WebPage","@id":"https:\/\/vilight.vn\/website\/san-pham\/den-chieu-sang-facade\/am-dat-cao-cap\/den-am-dat-vl-c013-0900-a\/","url":"https:\/\/vilight.vn\/website\/san-pham\/den-chieu-sang-facade\/am-dat-cao-cap\/den-am-dat-vl-c013-0900-a\/","name":"\u0110\u00e8n \u00e2m \u0111\u1ea5t VL C013 0900 A - Vilight Co.ltd","isPartOf":{"@id":"https:\/\/vilight.vn\/website\/#website"},"primaryImageOfPage":{"@id":"https:\/\/vilight.vn\/website\/san-pham\/den-chieu-sang-facade\/am-dat-cao-cap\/den-am-dat-vl-c013-0900-a\/#primaryimage"},"image":{"@id":"https:\/\/vilight.vn\/website\/san-pham\/den-chieu-sang-facade\/am-dat-cao-cap\/den-am-dat-vl-c013-0900-a\/#primaryimage"},"thumbnailUrl":"https:\/\/vilight.vn\/website\/wp-content\/uploads\/2024\/10\/VLC0130900A.jpg","datePublished":"2024-10-22T03:34:22+00:00","dateModified":"2025-08-27T07:31:46+00:00","description":"\u0110\u00e8n \u00e2m \u0111\u1ea5t Linear 8.5W l\u00e0 gi\u1ea3i ph\u00e1p chi\u1ebfu s\u00e1ng hi\u1ec7n \u0111\u1ea1i, mang t\u00ednh th\u1ea9m m\u1ef9 cao, t\u1ea1o n\u00ean s\u1ef1 tinh t\u1ebf cho kh\u00f4ng gian ngo\u00e0i tr\u1eddi.","breadcrumb":{"@id":"https:\/\/vilight.vn\/website\/san-pham\/den-chieu-sang-facade\/am-dat-cao-cap\/den-am-dat-vl-c013-0900-a\/#breadcrumb"},"inLanguage":"vi","potentialAction":[{"@type":"ReadAction","target":["https:\/\/vilight.vn\/website\/san-pham\/den-chieu-sang-facade\/am-dat-cao-cap\/den-am-dat-vl-c013-0900-a\/"]}]},{"@type":"ImageObject","inLanguage":"vi","@id":"https:\/\/vilight.vn\/website\/san-pham\/den-chieu-sang-facade\/am-dat-cao-cap\/den-am-dat-vl-c013-0900-a\/#primaryimage","url":"https:\/\/vilight.vn\/website\/wp-content\/uploads\/2024\/10\/VLC0130900A.jpg","contentUrl":"https:\/\/vilight.vn\/website\/wp-content\/uploads\/2024\/10\/VLC0130900A.jpg","width":500,"height":500},{"@type":"BreadcrumbList","@id":"https:\/\/vilight.vn\/website\/san-pham\/den-chieu-sang-facade\/am-dat-cao-cap\/den-am-dat-vl-c013-0900-a\/#breadcrumb","itemListElement":[{"@type":"ListItem","position":1,"name":"Home","item":"https:\/\/vilight.vn\/website\/"},{"@type":"ListItem","position":2,"name":"store","item":"https:\/\/vilight.vn\/website\/store\/"},{"@type":"ListItem","position":3,"name":"\u0110\u00e8n \u00e2m \u0111\u1ea5t VL C013 0900 A"}]},{"@type":"WebSite","@id":"https:\/\/vilight.vn\/website\/#website","url":"https:\/\/vilight.vn\/website\/","name":"Vilight Co.ltd","description":"Chi\u1ebfu s\u00e1ng m\u1ef9 thu\u1eadt, chi\u1ebfu s\u00e1ng th\u00f4ng minh, LED Pixel 3D, chi\u1ebfu s\u00e1ng trang tr\u00ed \u0111\u00f4 th\u1ecb, chi\u1ebfu s\u00e1ng v\u00f2ng xoay, chi\u1ebfu s\u00e1ng \u0111\u1ea3o giao th\u00f4ng, c\u1ed5ng ch\u00e0o \u0111\u00f4 th\u1ecb","publisher":{"@id":"https:\/\/vilight.vn\/website\/#organization"},"potentialAction":[{"@type":"SearchAction","target":{"@type":"EntryPoint","urlTemplate":"https:\/\/vilight.vn\/website\/?s={search_term_string}"},"query-input":{"@type":"PropertyValueSpecification","valueRequired":true,"valueName":"search_term_string"}}],"inLanguage":"vi"},{"@type":"Organization","@id":"https:\/\/vilight.vn\/website\/#organization","name":"Vilight","url":"https:\/\/vilight.vn\/website\/","logo":{"@type":"ImageObject","inLanguage":"vi","@id":"https:\/\/vilight.vn\/website\/#\/schema\/logo\/image\/","url":"https:\/\/vilight.vn\/website\/wp-content\/uploads\/2022\/05\/chieu_sang_trang_tri_do_thi_bang_den_led_pixel.png","contentUrl":"https:\/\/vilight.vn\/website\/wp-content\/uploads\/2022\/05\/chieu_sang_trang_tri_do_thi_bang_den_led_pixel.png","width":800,"height":427,"caption":"Vilight"},"image":{"@id":"https:\/\/vilight.vn\/website\/#\/schema\/logo\/image\/"},"sameAs":["http:\/\/facebook.com\/vilight.vn","https:\/\/www.linkedin.com\/company\/vilight-vn","https:\/\/www.youtube.com\/channel\/UCEwR2naeDcuarMX1kSv_rLQ\/videos"]}]},"product_brand":"\u0110\u00e8n \u00c2m \u0110\u1ea5t","product_price_currency":"VND","og_availability":"instock","product_availability":"instock","product_condition":"new"},"_links":{"self":[{"href":"https:\/\/vilight.vn\/website\/wp-json\/wp\/v2\/product\/4910","targetHints":{"allow":["GET"]}}],"collection":[{"href":"https:\/\/vilight.vn\/website\/wp-json\/wp\/v2\/product"}],"about":[{"href":"https:\/\/vilight.vn\/website\/wp-json\/wp\/v2\/types\/product"}],"wp:featuredmedia":[{"embeddable":true,"href":"https:\/\/vilight.vn\/website\/wp-json\/wp\/v2\/media\/4911"}],"wp:attachment":[{"href":"https:\/\/vilight.vn\/website\/wp-json\/wp\/v2\/media?parent=4910"}],"wp:term":[{"taxonomy":"product_brand","embeddable":true,"href":"https:\/\/vilight.vn\/website\/wp-json\/wp\/v2\/product_brand?post=4910"},{"taxonomy":"product_cat","embeddable":true,"href":"https:\/\/vilight.vn\/website\/wp-json\/wp\/v2\/product_cat?post=4910"},{"taxonomy":"product_tag","embeddable":true,"href":"https:\/\/vilight.vn\/website\/wp-json\/wp\/v2\/product_tag?post=4910"}],"curies":[{"name":"wp","href":"https:\/\/api.w.org\/{rel}","templated":true}]}}