{"id":4913,"date":"2024-10-22T11:08:35","date_gmt":"2024-10-22T04:08:35","guid":{"rendered":"https:\/\/vilight.vn\/website\/?post_type=product&#038;p=4913"},"modified":"2025-08-27T14:31:25","modified_gmt":"2025-08-27T07:31:25","slug":"den-am-san-vl-4001-0600-e","status":"publish","type":"product","link":"https:\/\/vilight.vn\/website\/san-pham\/den-chieu-sang-facade\/am-dat-cao-cap\/den-am-san-vl-4001-0600-e\/","title":{"rendered":"\u0110\u00e8n \u00e2m s\u00e0n VL 4001 0600 E"},"content":{"rendered":"<p><span class=\"builder2seo\"><\/span><\/p>\n<h2>\u0110\u1eb7c \u0111i\u1ec3m n\u1ed5i b\u1eadt c\u1ee7a \u0111\u00e8n \u00e2m s\u00e0n 6W:<\/h2>\n<p>Thi\u1ebft k\u1ebf ch\u1ed1ng n\u01b0\u1edbc v\u00e0 ch\u1ed1ng va \u0111\u1eadp cao: \u0110\u1ea1t ti\u00eau chu\u1ea9n IP67 v\u00e0 IK08, \u0111\u00e8n ho\u1ea1t \u0111\u1ed9ng t\u1ed1t trong \u0111i\u1ec1u ki\u1ec7n ngo\u00e0i tr\u1eddi kh\u1eafc nghi\u1ec7t.Chip LED cao c\u1ea5p: S\u1eed d\u1ee5ng chip LED Osram 3030, m\u1ed7i \u0111\u00e8n c\u00f3 c\u00f4ng su\u1ea5t 1.5W, \u0111\u1ea3m b\u1ea3o \u0111\u1ed9 s\u00e1ng cao nh\u01b0ng ti\u1ebft ki\u1ec7m n\u0103ng l\u01b0\u1ee3ng.\u0110a d\u1ea1ng nhi\u1ec7t \u0111\u1ed9 m\u00e0u: C\u00f3 nhi\u1ec1u t\u00f9y ch\u1ecdn m\u00e0u \u00e1nh s\u00e1ng t\u1eeb 2700K \u0111\u1ebfn 6000K, ph\u00f9 h\u1ee3p v\u1edbi nhu c\u1ea7u chi\u1ebfu s\u00e1ng \u0111a d\u1ea1ng c\u1ee7a c\u00e1c c\u00f4ng tr\u00ecnh.V\u1eadt li\u1ec7u cao c\u1ea5p: Th\u00e2n \u0111\u00e8n \u0111\u01b0\u1ee3c l\u00e0m t\u1eeb h\u1ee3p kim nh\u00f4m Anodized CNC c\u1ee9ng c\u00e1p, ph\u1ee7 th\u00eam l\u1edbp ch\u1ed1ng \u0103n m\u00f2n d\u00e0y 20-25\u03bcm, \u0111\u1ea3m b\u1ea3o \u0111\u1ed9 b\u1ec1n v\u1eefng v\u1edbi th\u1eddi gian.<\/p>\n<p><a href=\"https:\/\/vilight.vn\/website\/wp-content\/uploads\/2024\/10\/VL-4001-0600-E.jpg\"><img decoding=\"async\" data-src=\"https:\/\/vilight.vn\/website\/wp-content\/uploads\/2024\/10\/VL-4001-0600-E.jpg\" alt=\"\" src=\"data:image\/svg+xml;base64,PHN2ZyB3aWR0aD0iMSIgaGVpZ2h0PSIxIiB4bWxucz0iaHR0cDovL3d3dy53My5vcmcvMjAwMC9zdmciPjwvc3ZnPg==\" class=\"lazyload\" style=\"--smush-placeholder-width: 1380px; --smush-placeholder-aspect-ratio: 1380\/1333;\" \/><\/a><\/p>\n<h2>B\u1ea3ng th\u00f4ng s\u1ed1 k\u1ef9 thu\u1eadt \u0111\u00e8n \u00e2m s\u00e0n 6W:<\/h2>\n<p>T\u00ean s\u1ea3n ph\u1ea9mVL 4001 0600 E\u0110i\u1ec7n \u00e1p24 VDCC\u00f4ng su\u1ea5t6W \u00b1 10%Lo\u1ea1i LED4 pcs 1.5W Osram 3030 LEDQuang th\u00f4ng500 lm \u00b1 10%Nhi\u1ec7t \u0111\u1ed9 m\u00e0u2700K, 3000K, 4000K, 6000K\u0110\u1ed9 ho\u00e0n m\u00e0u (CRI)\u2265 80G\u00f3c chi\u1ebfu15\u00b0\/24\u00b0\/40\u00b0C\u1ea5p b\u1ea3o v\u1ec7IP67\u0110\u1ed9 c\u1ee9ngIK08K\u00edch th\u01b0\u1edbc \u0111\u00e8n\u2205110\u00d735 mmKh\u1ed1i l\u01b0\u1ee3ng0.58 kg<\/p>\n","protected":false},"excerpt":{"rendered":"<p>\u0110\u00e8n Deck Lights \/ Waterproof Downlight VL 4001 0600 E l\u00e0 s\u1ea3n ph\u1ea9m chi\u1ebfu s\u00e1ng chuy\u00ean d\u1ee5ng, \u0111\u01b0\u1ee3c thi\u1ebft k\u1ebf \u0111\u1ec3 l\u1eafp \u0111\u1eb7t \u1edf nh\u1eefng v\u1ecb tr\u00ed y\u00eau c\u1ea7u \u0111\u1ed9 b\u1ec1n cao v\u00e0 ch\u1ed1ng n\u01b0\u1edbc tuy\u1ec7t \u0111\u1ed1i nh\u01b0 s\u00e0n, tr\u1ea7n ngo\u00e0i tr\u1eddi ho\u1eb7c khu v\u1ef1c g\u1ea7n h\u1ed3 b\u01a1i, l\u1ed1i \u0111i, v\u00e0 b\u1eadc thang. V\u1edbi ch\u1ea5t li\u1ec7u th\u00e9p kh\u00f4ng g\u1ec9 v\u00e0 m\u1eb7t k\u00ednh c\u01b0\u1eddng l\u1ef1c, s\u1ea3n ph\u1ea9m c\u00f3 kh\u1ea3 n\u0103ng ch\u1ed1ng ch\u1ecbu t\u1ed1t tr\u01b0\u1edbc c\u00e1c y\u1ebfu t\u1ed1 m\u00f4i tr\u01b0\u1eddng kh\u1eafc nghi\u1ec7t, \u0111\u1ea1t c\u1ea5p b\u1ea3o v\u1ec7 IP67 v\u00e0 \u0111\u1ed9 c\u1ee9ng IK08, \u0111\u1ea3m b\u1ea3o s\u1ef1 b\u1ec1n b\u1ec9 v\u00e0 tu\u1ed5i th\u1ecd cao.<\/p>\n","protected":false},"featured_media":4914,"template":"","meta":[],"product_brand":[],"product_cat":[664,514],"product_tag":[],"class_list":{"0":"post-4913","1":"product","2":"type-product","3":"status-publish","4":"has-post-thumbnail","6":"product_cat-danh-muc-san-pham-moi","7":"product_cat-am-dat-cao-cap","9":"first","10":"instock","11":"taxable","12":"shipping-taxable","13":"product-type-simple"},"yoast_head":"<!-- This site is optimized with the Yoast SEO Premium plugin v27.4 (Yoast SEO v27.4) - https:\/\/yoast.com\/product\/yoast-seo-premium-wordpress\/ -->\n<title>\u0110\u00e8n \u00e2m s\u00e0n VL 4001 0600 E - Vilight Co.ltd<\/title>\n<meta name=\"description\" content=\"\u0110\u00e8n \u00e2m s\u00e0n 6W l\u00e0 s\u1ea3n ph\u1ea9m chi\u1ebfu s\u00e1ng chuy\u00ean d\u1ee5ng cho nh\u1eefng v\u1ecb tr\u00ed nh\u01b0 s\u00e0n, tr\u1ea7n ngo\u00e0i tr\u1eddi ho\u1eb7c khu v\u1ef1c g\u1ea7n h\u1ed3 b\u01a1i, l\u1ed1i \u0111i, v\u00e0 b\u1eadc thang.\" \/>\n<meta name=\"robots\" content=\"index, follow, max-snippet:-1, max-image-preview:large, max-video-preview:-1\" \/>\n<link rel=\"canonical\" href=\"https:\/\/vilight.vn\/website\/san-pham\/den-chieu-sang-facade\/am-dat-cao-cap\/den-am-san-vl-4001-0600-e\/\" \/>\n<meta property=\"og:locale\" content=\"vi_VN\" \/>\n<meta property=\"og:type\" content=\"article\" \/>\n<meta property=\"og:title\" content=\"\u0110\u00e8n \u00e2m s\u00e0n VL 4001 0600 E\" \/>\n<meta property=\"og:description\" content=\"\u0110\u00e8n Deck Lights \/ Waterproof Downlight VL 4001 0600 E l\u00e0 s\u1ea3n ph\u1ea9m chi\u1ebfu s\u00e1ng chuy\u00ean d\u1ee5ng, \u0111\u01b0\u1ee3c thi\u1ebft k\u1ebf \u0111\u1ec3 l\u1eafp \u0111\u1eb7t \u1edf nh\u1eefng v\u1ecb tr\u00ed y\u00eau c\u1ea7u \u0111\u1ed9 b\u1ec1n cao v\u00e0 ch\u1ed1ng n\u01b0\u1edbc tuy\u1ec7t \u0111\u1ed1i nh\u01b0 s\u00e0n, tr\u1ea7n ngo\u00e0i tr\u1eddi ho\u1eb7c khu v\u1ef1c g\u1ea7n h\u1ed3 b\u01a1i, l\u1ed1i \u0111i, v\u00e0 b\u1eadc thang. V\u1edbi ch\u1ea5t li\u1ec7u th\u00e9p kh\u00f4ng g\u1ec9 v\u00e0 m\u1eb7t k\u00ednh c\u01b0\u1eddng l\u1ef1c, s\u1ea3n ph\u1ea9m c\u00f3 kh\u1ea3 n\u0103ng ch\u1ed1ng ch\u1ecbu t\u1ed1t tr\u01b0\u1edbc c\u00e1c y\u1ebfu t\u1ed1 m\u00f4i tr\u01b0\u1eddng kh\u1eafc nghi\u1ec7t, \u0111\u1ea1t c\u1ea5p b\u1ea3o v\u1ec7 IP67 v\u00e0 \u0111\u1ed9 c\u1ee9ng IK08, \u0111\u1ea3m b\u1ea3o s\u1ef1 b\u1ec1n b\u1ec9 v\u00e0 tu\u1ed5i th\u1ecd cao.\" \/>\n<meta property=\"og:url\" content=\"https:\/\/vilight.vn\/website\/san-pham\/den-chieu-sang-facade\/am-dat-cao-cap\/den-am-san-vl-4001-0600-e\/\" \/>\n<meta property=\"og:site_name\" content=\"Vilight Co.ltd\" \/>\n<meta property=\"article:publisher\" content=\"http:\/\/facebook.com\/vilight.vn\" \/>\n<meta property=\"article:modified_time\" content=\"2025-08-27T07:31:25+00:00\" \/>\n<meta property=\"og:image\" content=\"https:\/\/vilight.vn\/website\/wp-content\/uploads\/2024\/10\/VL40010600E.jpg\" \/>\n\t<meta property=\"og:image:width\" content=\"500\" \/>\n\t<meta property=\"og:image:height\" content=\"500\" \/>\n\t<meta property=\"og:image:type\" content=\"image\/jpeg\" \/>\n<meta name=\"twitter:card\" content=\"summary_large_image\" \/>\n<meta name=\"twitter:label1\" content=\"Gi\u00e1\" \/>\n\t<meta name=\"twitter:data1\" content=\"\" \/>\n\t<meta name=\"twitter:label2\" content=\"Kh\u1ea3 d\u1ee5ng\" \/>\n\t<meta name=\"twitter:data2\" content=\"Trong kho\" \/>\n<script type=\"application\/ld+json\" class=\"yoast-schema-graph\">{\"@context\":\"https:\\\/\\\/schema.org\",\"@graph\":[{\"@type\":\"WebPage\",\"@id\":\"https:\\\/\\\/vilight.vn\\\/website\\\/san-pham\\\/den-chieu-sang-facade\\\/am-dat-cao-cap\\\/den-am-san-vl-4001-0600-e\\\/\",\"url\":\"https:\\\/\\\/vilight.vn\\\/website\\\/san-pham\\\/den-chieu-sang-facade\\\/am-dat-cao-cap\\\/den-am-san-vl-4001-0600-e\\\/\",\"name\":\"\u0110\u00e8n \u00e2m s\u00e0n VL 4001 0600 E - Vilight Co.ltd\",\"isPartOf\":{\"@id\":\"https:\\\/\\\/vilight.vn\\\/website\\\/#website\"},\"primaryImageOfPage\":{\"@id\":\"https:\\\/\\\/vilight.vn\\\/website\\\/san-pham\\\/den-chieu-sang-facade\\\/am-dat-cao-cap\\\/den-am-san-vl-4001-0600-e\\\/#primaryimage\"},\"image\":{\"@id\":\"https:\\\/\\\/vilight.vn\\\/website\\\/san-pham\\\/den-chieu-sang-facade\\\/am-dat-cao-cap\\\/den-am-san-vl-4001-0600-e\\\/#primaryimage\"},\"thumbnailUrl\":\"https:\\\/\\\/vilight.vn\\\/website\\\/wp-content\\\/uploads\\\/2024\\\/10\\\/VL40010600E.jpg\",\"datePublished\":\"2024-10-22T04:08:35+00:00\",\"dateModified\":\"2025-08-27T07:31:25+00:00\",\"description\":\"\u0110\u00e8n \u00e2m s\u00e0n 6W l\u00e0 s\u1ea3n ph\u1ea9m chi\u1ebfu s\u00e1ng chuy\u00ean d\u1ee5ng cho nh\u1eefng v\u1ecb tr\u00ed nh\u01b0 s\u00e0n, tr\u1ea7n ngo\u00e0i tr\u1eddi ho\u1eb7c khu v\u1ef1c g\u1ea7n h\u1ed3 b\u01a1i, l\u1ed1i \u0111i, v\u00e0 b\u1eadc thang.\",\"breadcrumb\":{\"@id\":\"https:\\\/\\\/vilight.vn\\\/website\\\/san-pham\\\/den-chieu-sang-facade\\\/am-dat-cao-cap\\\/den-am-san-vl-4001-0600-e\\\/#breadcrumb\"},\"inLanguage\":\"vi\",\"potentialAction\":[{\"@type\":\"ReadAction\",\"target\":[\"https:\\\/\\\/vilight.vn\\\/website\\\/san-pham\\\/den-chieu-sang-facade\\\/am-dat-cao-cap\\\/den-am-san-vl-4001-0600-e\\\/\"]}]},{\"@type\":\"ImageObject\",\"inLanguage\":\"vi\",\"@id\":\"https:\\\/\\\/vilight.vn\\\/website\\\/san-pham\\\/den-chieu-sang-facade\\\/am-dat-cao-cap\\\/den-am-san-vl-4001-0600-e\\\/#primaryimage\",\"url\":\"https:\\\/\\\/vilight.vn\\\/website\\\/wp-content\\\/uploads\\\/2024\\\/10\\\/VL40010600E.jpg\",\"contentUrl\":\"https:\\\/\\\/vilight.vn\\\/website\\\/wp-content\\\/uploads\\\/2024\\\/10\\\/VL40010600E.jpg\",\"width\":500,\"height\":500},{\"@type\":\"BreadcrumbList\",\"@id\":\"https:\\\/\\\/vilight.vn\\\/website\\\/san-pham\\\/den-chieu-sang-facade\\\/am-dat-cao-cap\\\/den-am-san-vl-4001-0600-e\\\/#breadcrumb\",\"itemListElement\":[{\"@type\":\"ListItem\",\"position\":1,\"name\":\"Home\",\"item\":\"https:\\\/\\\/vilight.vn\\\/website\\\/\"},{\"@type\":\"ListItem\",\"position\":2,\"name\":\"store\",\"item\":\"https:\\\/\\\/vilight.vn\\\/website\\\/store\\\/\"},{\"@type\":\"ListItem\",\"position\":3,\"name\":\"\u0110\u00e8n \u00e2m s\u00e0n VL 4001 0600 E\"}]},{\"@type\":\"WebSite\",\"@id\":\"https:\\\/\\\/vilight.vn\\\/website\\\/#website\",\"url\":\"https:\\\/\\\/vilight.vn\\\/website\\\/\",\"name\":\"Vilight Co.ltd\",\"description\":\"Chi\u1ebfu s\u00e1ng m\u1ef9 thu\u1eadt, chi\u1ebfu s\u00e1ng th\u00f4ng minh, LED Pixel 3D, chi\u1ebfu s\u00e1ng trang tr\u00ed \u0111\u00f4 th\u1ecb, chi\u1ebfu s\u00e1ng v\u00f2ng xoay, chi\u1ebfu s\u00e1ng \u0111\u1ea3o giao th\u00f4ng, c\u1ed5ng ch\u00e0o \u0111\u00f4 th\u1ecb\",\"publisher\":{\"@id\":\"https:\\\/\\\/vilight.vn\\\/website\\\/#organization\"},\"potentialAction\":[{\"@type\":\"SearchAction\",\"target\":{\"@type\":\"EntryPoint\",\"urlTemplate\":\"https:\\\/\\\/vilight.vn\\\/website\\\/?s={search_term_string}\"},\"query-input\":{\"@type\":\"PropertyValueSpecification\",\"valueRequired\":true,\"valueName\":\"search_term_string\"}}],\"inLanguage\":\"vi\"},{\"@type\":\"Organization\",\"@id\":\"https:\\\/\\\/vilight.vn\\\/website\\\/#organization\",\"name\":\"Vilight\",\"url\":\"https:\\\/\\\/vilight.vn\\\/website\\\/\",\"logo\":{\"@type\":\"ImageObject\",\"inLanguage\":\"vi\",\"@id\":\"https:\\\/\\\/vilight.vn\\\/website\\\/#\\\/schema\\\/logo\\\/image\\\/\",\"url\":\"https:\\\/\\\/vilight.vn\\\/website\\\/wp-content\\\/uploads\\\/2022\\\/05\\\/chieu_sang_trang_tri_do_thi_bang_den_led_pixel.png\",\"contentUrl\":\"https:\\\/\\\/vilight.vn\\\/website\\\/wp-content\\\/uploads\\\/2022\\\/05\\\/chieu_sang_trang_tri_do_thi_bang_den_led_pixel.png\",\"width\":800,\"height\":427,\"caption\":\"Vilight\"},\"image\":{\"@id\":\"https:\\\/\\\/vilight.vn\\\/website\\\/#\\\/schema\\\/logo\\\/image\\\/\"},\"sameAs\":[\"http:\\\/\\\/facebook.com\\\/vilight.vn\",\"https:\\\/\\\/www.linkedin.com\\\/company\\\/vilight-vn\",\"https:\\\/\\\/www.youtube.com\\\/channel\\\/UCEwR2naeDcuarMX1kSv_rLQ\\\/videos\"]}]}<\/script>\n<meta property=\"product:brand\" content=\"\u0110\u00e8n \u00c2m \u0110\u1ea5t\" \/>\n<meta property=\"product:price:currency\" content=\"VND\" \/>\n<meta property=\"og:availability\" content=\"instock\" \/>\n<meta property=\"product:availability\" content=\"instock\" \/>\n<meta property=\"product:condition\" content=\"new\" \/>\n<!-- \/ Yoast SEO Premium plugin. -->","yoast_head_json":{"title":"\u0110\u00e8n \u00e2m s\u00e0n VL 4001 0600 E - Vilight Co.ltd","description":"\u0110\u00e8n \u00e2m s\u00e0n 6W l\u00e0 s\u1ea3n ph\u1ea9m chi\u1ebfu s\u00e1ng chuy\u00ean d\u1ee5ng cho nh\u1eefng v\u1ecb tr\u00ed nh\u01b0 s\u00e0n, tr\u1ea7n ngo\u00e0i tr\u1eddi ho\u1eb7c khu v\u1ef1c g\u1ea7n h\u1ed3 b\u01a1i, l\u1ed1i \u0111i, v\u00e0 b\u1eadc thang.","robots":{"index":"index","follow":"follow","max-snippet":"max-snippet:-1","max-image-preview":"max-image-preview:large","max-video-preview":"max-video-preview:-1"},"canonical":"https:\/\/vilight.vn\/website\/san-pham\/den-chieu-sang-facade\/am-dat-cao-cap\/den-am-san-vl-4001-0600-e\/","og_locale":"vi_VN","og_type":"article","og_title":"\u0110\u00e8n \u00e2m s\u00e0n VL 4001 0600 E","og_description":"\u0110\u00e8n Deck Lights \/ Waterproof Downlight VL 4001 0600 E l\u00e0 s\u1ea3n ph\u1ea9m chi\u1ebfu s\u00e1ng chuy\u00ean d\u1ee5ng, \u0111\u01b0\u1ee3c thi\u1ebft k\u1ebf \u0111\u1ec3 l\u1eafp \u0111\u1eb7t \u1edf nh\u1eefng v\u1ecb tr\u00ed y\u00eau c\u1ea7u \u0111\u1ed9 b\u1ec1n cao v\u00e0 ch\u1ed1ng n\u01b0\u1edbc tuy\u1ec7t \u0111\u1ed1i nh\u01b0 s\u00e0n, tr\u1ea7n ngo\u00e0i tr\u1eddi ho\u1eb7c khu v\u1ef1c g\u1ea7n h\u1ed3 b\u01a1i, l\u1ed1i \u0111i, v\u00e0 b\u1eadc thang. V\u1edbi ch\u1ea5t li\u1ec7u th\u00e9p kh\u00f4ng g\u1ec9 v\u00e0 m\u1eb7t k\u00ednh c\u01b0\u1eddng l\u1ef1c, s\u1ea3n ph\u1ea9m c\u00f3 kh\u1ea3 n\u0103ng ch\u1ed1ng ch\u1ecbu t\u1ed1t tr\u01b0\u1edbc c\u00e1c y\u1ebfu t\u1ed1 m\u00f4i tr\u01b0\u1eddng kh\u1eafc nghi\u1ec7t, \u0111\u1ea1t c\u1ea5p b\u1ea3o v\u1ec7 IP67 v\u00e0 \u0111\u1ed9 c\u1ee9ng IK08, \u0111\u1ea3m b\u1ea3o s\u1ef1 b\u1ec1n b\u1ec9 v\u00e0 tu\u1ed5i th\u1ecd cao.","og_url":"https:\/\/vilight.vn\/website\/san-pham\/den-chieu-sang-facade\/am-dat-cao-cap\/den-am-san-vl-4001-0600-e\/","og_site_name":"Vilight Co.ltd","article_publisher":"http:\/\/facebook.com\/vilight.vn","article_modified_time":"2025-08-27T07:31:25+00:00","og_image":[{"width":500,"height":500,"url":"https:\/\/vilight.vn\/website\/wp-content\/uploads\/2024\/10\/VL40010600E.jpg","type":"image\/jpeg"}],"twitter_card":"summary_large_image","twitter_misc":{"Gi\u00e1":"","Kh\u1ea3 d\u1ee5ng":"Trong kho"},"schema":{"@context":"https:\/\/schema.org","@graph":[{"@type":"WebPage","@id":"https:\/\/vilight.vn\/website\/san-pham\/den-chieu-sang-facade\/am-dat-cao-cap\/den-am-san-vl-4001-0600-e\/","url":"https:\/\/vilight.vn\/website\/san-pham\/den-chieu-sang-facade\/am-dat-cao-cap\/den-am-san-vl-4001-0600-e\/","name":"\u0110\u00e8n \u00e2m s\u00e0n VL 4001 0600 E - Vilight Co.ltd","isPartOf":{"@id":"https:\/\/vilight.vn\/website\/#website"},"primaryImageOfPage":{"@id":"https:\/\/vilight.vn\/website\/san-pham\/den-chieu-sang-facade\/am-dat-cao-cap\/den-am-san-vl-4001-0600-e\/#primaryimage"},"image":{"@id":"https:\/\/vilight.vn\/website\/san-pham\/den-chieu-sang-facade\/am-dat-cao-cap\/den-am-san-vl-4001-0600-e\/#primaryimage"},"thumbnailUrl":"https:\/\/vilight.vn\/website\/wp-content\/uploads\/2024\/10\/VL40010600E.jpg","datePublished":"2024-10-22T04:08:35+00:00","dateModified":"2025-08-27T07:31:25+00:00","description":"\u0110\u00e8n \u00e2m s\u00e0n 6W l\u00e0 s\u1ea3n ph\u1ea9m chi\u1ebfu s\u00e1ng chuy\u00ean d\u1ee5ng cho nh\u1eefng v\u1ecb tr\u00ed nh\u01b0 s\u00e0n, tr\u1ea7n ngo\u00e0i tr\u1eddi ho\u1eb7c khu v\u1ef1c g\u1ea7n h\u1ed3 b\u01a1i, l\u1ed1i \u0111i, v\u00e0 b\u1eadc thang.","breadcrumb":{"@id":"https:\/\/vilight.vn\/website\/san-pham\/den-chieu-sang-facade\/am-dat-cao-cap\/den-am-san-vl-4001-0600-e\/#breadcrumb"},"inLanguage":"vi","potentialAction":[{"@type":"ReadAction","target":["https:\/\/vilight.vn\/website\/san-pham\/den-chieu-sang-facade\/am-dat-cao-cap\/den-am-san-vl-4001-0600-e\/"]}]},{"@type":"ImageObject","inLanguage":"vi","@id":"https:\/\/vilight.vn\/website\/san-pham\/den-chieu-sang-facade\/am-dat-cao-cap\/den-am-san-vl-4001-0600-e\/#primaryimage","url":"https:\/\/vilight.vn\/website\/wp-content\/uploads\/2024\/10\/VL40010600E.jpg","contentUrl":"https:\/\/vilight.vn\/website\/wp-content\/uploads\/2024\/10\/VL40010600E.jpg","width":500,"height":500},{"@type":"BreadcrumbList","@id":"https:\/\/vilight.vn\/website\/san-pham\/den-chieu-sang-facade\/am-dat-cao-cap\/den-am-san-vl-4001-0600-e\/#breadcrumb","itemListElement":[{"@type":"ListItem","position":1,"name":"Home","item":"https:\/\/vilight.vn\/website\/"},{"@type":"ListItem","position":2,"name":"store","item":"https:\/\/vilight.vn\/website\/store\/"},{"@type":"ListItem","position":3,"name":"\u0110\u00e8n \u00e2m s\u00e0n VL 4001 0600 E"}]},{"@type":"WebSite","@id":"https:\/\/vilight.vn\/website\/#website","url":"https:\/\/vilight.vn\/website\/","name":"Vilight Co.ltd","description":"Chi\u1ebfu s\u00e1ng m\u1ef9 thu\u1eadt, chi\u1ebfu s\u00e1ng th\u00f4ng minh, LED Pixel 3D, chi\u1ebfu s\u00e1ng trang tr\u00ed \u0111\u00f4 th\u1ecb, chi\u1ebfu s\u00e1ng v\u00f2ng xoay, chi\u1ebfu s\u00e1ng \u0111\u1ea3o giao th\u00f4ng, c\u1ed5ng ch\u00e0o \u0111\u00f4 th\u1ecb","publisher":{"@id":"https:\/\/vilight.vn\/website\/#organization"},"potentialAction":[{"@type":"SearchAction","target":{"@type":"EntryPoint","urlTemplate":"https:\/\/vilight.vn\/website\/?s={search_term_string}"},"query-input":{"@type":"PropertyValueSpecification","valueRequired":true,"valueName":"search_term_string"}}],"inLanguage":"vi"},{"@type":"Organization","@id":"https:\/\/vilight.vn\/website\/#organization","name":"Vilight","url":"https:\/\/vilight.vn\/website\/","logo":{"@type":"ImageObject","inLanguage":"vi","@id":"https:\/\/vilight.vn\/website\/#\/schema\/logo\/image\/","url":"https:\/\/vilight.vn\/website\/wp-content\/uploads\/2022\/05\/chieu_sang_trang_tri_do_thi_bang_den_led_pixel.png","contentUrl":"https:\/\/vilight.vn\/website\/wp-content\/uploads\/2022\/05\/chieu_sang_trang_tri_do_thi_bang_den_led_pixel.png","width":800,"height":427,"caption":"Vilight"},"image":{"@id":"https:\/\/vilight.vn\/website\/#\/schema\/logo\/image\/"},"sameAs":["http:\/\/facebook.com\/vilight.vn","https:\/\/www.linkedin.com\/company\/vilight-vn","https:\/\/www.youtube.com\/channel\/UCEwR2naeDcuarMX1kSv_rLQ\/videos"]}]},"product_brand":"\u0110\u00e8n \u00c2m \u0110\u1ea5t","product_price_currency":"VND","og_availability":"instock","product_availability":"instock","product_condition":"new"},"_links":{"self":[{"href":"https:\/\/vilight.vn\/website\/wp-json\/wp\/v2\/product\/4913","targetHints":{"allow":["GET"]}}],"collection":[{"href":"https:\/\/vilight.vn\/website\/wp-json\/wp\/v2\/product"}],"about":[{"href":"https:\/\/vilight.vn\/website\/wp-json\/wp\/v2\/types\/product"}],"wp:featuredmedia":[{"embeddable":true,"href":"https:\/\/vilight.vn\/website\/wp-json\/wp\/v2\/media\/4914"}],"wp:attachment":[{"href":"https:\/\/vilight.vn\/website\/wp-json\/wp\/v2\/media?parent=4913"}],"wp:term":[{"taxonomy":"product_brand","embeddable":true,"href":"https:\/\/vilight.vn\/website\/wp-json\/wp\/v2\/product_brand?post=4913"},{"taxonomy":"product_cat","embeddable":true,"href":"https:\/\/vilight.vn\/website\/wp-json\/wp\/v2\/product_cat?post=4913"},{"taxonomy":"product_tag","embeddable":true,"href":"https:\/\/vilight.vn\/website\/wp-json\/wp\/v2\/product_tag?post=4913"}],"curies":[{"name":"wp","href":"https:\/\/api.w.org\/{rel}","templated":true}]}}