{"id":4920,"date":"2024-10-28T10:51:37","date_gmt":"2024-10-28T03:51:37","guid":{"rendered":"https:\/\/vilight.vn\/website\/?post_type=product&#038;p=4920"},"modified":"2025-08-27T14:08:33","modified_gmt":"2025-08-27T07:08:33","slug":"den-am-nuoc-vl-3006-0500-0700-a","status":"publish","type":"product","link":"https:\/\/vilight.vn\/website\/san-pham\/den-chieu-sang-facade\/den-am-nuoc\/den-am-nuoc-vl-3006-0500-0700-a\/","title":{"rendered":"\u0110\u00e8n \u00e2m n\u01b0\u1edbc VL 3006 0500\/0700 A"},"content":{"rendered":"<p>&nbsp;<\/p>\n<h2>\u0110\u1eb7c \u0111i\u1ec3m n\u1ed5i b\u1eadt c\u1ee7a \u0111\u00e8n \u00e2m n\u01b0\u1edbc 5W, 7W:<\/h2>\n<p>Ch\u1ed1ng n\u01b0\u1edbc v\u00e0 ch\u1ecbu l\u1ef1c t\u1ed1t: V\u1edbi chu\u1ea9n IP68 v\u00e0 IK09, \u0111\u00e8n c\u00f3 kh\u1ea3 n\u0103ng ch\u1ed1ng n\u01b0\u1edbc ho\u00e0n to\u00e0n v\u00e0 ch\u1ed1ng va \u0111\u1eadp m\u1ea1nh, ph\u00f9 h\u1ee3p v\u1edbi m\u00f4i tr\u01b0\u1eddng ng\u1eadp n\u01b0\u1edbc ho\u1eb7c n\u01a1i c\u00f3 \u00e1p l\u1ef1c cao.Ch\u1ea5t li\u1ec7u cao c\u1ea5p: S\u1ea3n ph\u1ea9m l\u00e0m t\u1eeb th\u00e9p kh\u00f4ng g\u1ec9 316, gi\u00fap \u0111\u00e8n ch\u1ecbu \u0111\u01b0\u1ee3c m\u00f4i tr\u01b0\u1eddng kh\u1eafc nghi\u1ec7t v\u00e0 ch\u1ed1ng \u0103n m\u00f2n t\u1ed1t.Chi\u1ebfu s\u00e1ng hi\u1ec7u qu\u1ea3: V\u1edbi c\u00f4ng su\u1ea5t 5W ho\u1eb7c 7W c\u00f9ng chip LED Cree COB, \u0111\u00e8n c\u00f3 hi\u1ec7u su\u1ea5t chi\u1ebfu s\u00e1ng cao, mang l\u1ea1i \u00e1nh s\u00e1ng r\u1ef1c r\u1ee1 v\u00e0 \u0111\u1ed3ng \u0111\u1ec1u.Thi\u1ebft k\u1ebf linh ho\u1ea1t: \u0110\u00e8n c\u00f3 g\u00f3c chi\u1ebfu s\u00e1ng 25\u00b0 ho\u1eb7c 40\u00b0, ph\u00f9 h\u1ee3p \u0111\u1ec3 t\u1ea1o \u0111i\u1ec3m nh\u1ea5n v\u00e0 t\u0103ng c\u01b0\u1eddng \u00e1nh s\u00e1ng \u1edf nh\u1eefng v\u1ecb tr\u00ed c\u1ee5 th\u1ec3 d\u01b0\u1edbi n\u01b0\u1edbc.<\/p>\n<p><a href=\"https:\/\/vilight.vn\/website\/wp-content\/uploads\/2024\/10\/VL-3006-0500-A.jpg\"><img decoding=\"async\" data-src=\"https:\/\/vilight.vn\/website\/wp-content\/uploads\/2024\/10\/VL-3006-0500-A.jpg\" alt=\"\" src=\"data:image\/svg+xml;base64,PHN2ZyB3aWR0aD0iMSIgaGVpZ2h0PSIxIiB4bWxucz0iaHR0cDovL3d3dy53My5vcmcvMjAwMC9zdmciPjwvc3ZnPg==\" class=\"lazyload\" style=\"--smush-placeholder-width: 1380px; --smush-placeholder-aspect-ratio: 1380\/1237;\" \/><\/a><\/p>\n<p>&nbsp;<\/p>\n<h2>B\u1ea3ng th\u00f4ng s\u1ed1 k\u1ef9 thu\u1eadt \u0111\u00e8n \u00e2m n\u01b0\u1edbc 5W, 7W:<\/h2>\n<p>T\u00ean s\u1ea3n ph\u1ea9mVL 3006 0500 AVL 3006 0700 A\u0110i\u1ec7n \u00e1p12 VDCC\u00f4ng su\u1ea5t5W7WLo\u1ea1i LED1 pc 5W Osram 3030 LED1 pc 7W Osram 3030 LEDQuang th\u00f4ng300-330 lmNhi\u1ec7t \u0111\u1ed9 m\u00e0u2700K, 3000K, 4000K, 6000K, Xanh lam\u0110\u1ed9 ho\u00e0n m\u00e0u (CRI)\u2265 80G\u00f3c chi\u1ebfu25\u00b0\/40\u00b0C\u1ea5p b\u1ea3o v\u1ec7IP68\u0110\u1ed9 c\u1ee9ngIK09K\u00edch th\u01b0\u1edbc \u0111\u00e8n\u220584\u00d748 mmKh\u1ed1i l\u01b0\u1ee3ng0.89 kg<\/p>\n<h4>L\u01b0u \u00fd: Ch\u1ec9 \u0111\u01b0\u1ee3c s\u1eed d\u1ee5ng khi \u0111\u00e8n \u0111\u00e3 ng\u00e2m ho\u00e0n to\u00e0n trong n\u01b0\u1edbc \u0111\u1ec3 tr\u00e1nh l\u00e0m h\u1ecfng LED!<\/h4>\n<p>&nbsp;<\/p>\n","protected":false},"excerpt":{"rendered":"<p>\u0110\u00e8n \u00e2m n\u01b0\u1edbc VL 3006 0500\/0700 A \u00a0l\u00e0 m\u1eabu \u0111\u00e8n chi\u1ebfu s\u00e1ng chuy\u00ean d\u1ee5ng, thi\u1ebft k\u1ebf \u0111\u1ec3 s\u1eed d\u1ee5ng trong c\u00e1c m\u00f4i tr\u01b0\u1eddng ng\u1eadp n\u01b0\u1edbc. S\u1ea3n ph\u1ea9m \u0111\u01b0\u1ee3c s\u1ea3n xu\u1ea5t v\u1edbi ch\u1ea5t li\u1ec7u cao c\u1ea5p, kh\u1ea3 n\u0103ng ch\u1ed1ng n\u01b0\u1edbc v\u00e0 ch\u1ecbu l\u1ef1c t\u1ed1t, \u0111\u1ea3m b\u1ea3o an to\u00e0n khi l\u1eafp \u0111\u1eb7t trong m\u00f4i tr\u01b0\u1eddng d\u01b0\u1edbi n\u01b0\u1edbc. \u0110\u00e8n c\u00f3 th\u1ec3 ph\u00e1t \u00e1nh s\u00e1ng \u0111\u01a1n s\u1eafc v\u1edbi c\u00e1c l\u1ef1a ch\u1ecdn nhi\u1ec7t \u0111\u1ed9 m\u00e0u nh\u01b0 2700K, 3000K, 4000K, 6000K v\u00e0 xanh d\u01b0\u01a1ng.<\/p>\n","protected":false},"featured_media":4921,"template":"","meta":[],"product_brand":[],"product_cat":[664,633],"product_tag":[],"class_list":{"0":"post-4920","1":"product","2":"type-product","3":"status-publish","4":"has-post-thumbnail","6":"product_cat-danh-muc-san-pham-moi","7":"product_cat-den-am-nuoc","9":"first","10":"instock","11":"taxable","12":"shipping-taxable","13":"product-type-simple"},"yoast_head":"<!-- This site is optimized with the Yoast SEO Premium plugin v27.4 (Yoast SEO v27.4) - https:\/\/yoast.com\/product\/yoast-seo-premium-wordpress\/ -->\n<title>\u0110\u00e8n \u00e2m n\u01b0\u1edbc VL 3006 0500\/0700 A - Vilight Co.ltd<\/title>\n<meta name=\"description\" content=\"\u0110\u00e8n \u00e2m n\u01b0\u1edbc 5W, 7W c\u00f3 \u0111\u1ed9 b\u1ec1n cao, kh\u1ea3 n\u0103ng ch\u1ed1ng n\u01b0\u1edbc v\u00e0 ch\u1ecbu l\u1ef1c t\u1ed1t. S\u1ea3n ph\u1ea9m ph\u00f9 h\u1ee3p cho h\u1ed3 b\u01a1i, \u0111\u00e0i phun n\u01b0\u1edbc, v\u00e0 c\u00e1c c\u00f4ng tr\u00ecnh ngh\u1ec7 thu\u1eadt d\u01b0\u1edbi n\u01b0\u1edbc.\" \/>\n<meta name=\"robots\" content=\"index, follow, max-snippet:-1, max-image-preview:large, max-video-preview:-1\" \/>\n<link rel=\"canonical\" href=\"https:\/\/vilight.vn\/website\/san-pham\/den-chieu-sang-facade\/den-am-nuoc\/den-am-nuoc-vl-3006-0500-0700-a\/\" \/>\n<meta property=\"og:locale\" content=\"vi_VN\" \/>\n<meta property=\"og:type\" content=\"article\" \/>\n<meta property=\"og:title\" content=\"\u0110\u00e8n \u00e2m n\u01b0\u1edbc VL 3006 0500\/0700 A\" \/>\n<meta property=\"og:description\" content=\"\u0110\u00e8n \u00e2m n\u01b0\u1edbc VL 3006 0500\/0700 A \u00a0l\u00e0 m\u1eabu \u0111\u00e8n chi\u1ebfu s\u00e1ng chuy\u00ean d\u1ee5ng, thi\u1ebft k\u1ebf \u0111\u1ec3 s\u1eed d\u1ee5ng trong c\u00e1c m\u00f4i tr\u01b0\u1eddng ng\u1eadp n\u01b0\u1edbc. S\u1ea3n ph\u1ea9m \u0111\u01b0\u1ee3c s\u1ea3n xu\u1ea5t v\u1edbi ch\u1ea5t li\u1ec7u cao c\u1ea5p, kh\u1ea3 n\u0103ng ch\u1ed1ng n\u01b0\u1edbc v\u00e0 ch\u1ecbu l\u1ef1c t\u1ed1t, \u0111\u1ea3m b\u1ea3o an to\u00e0n khi l\u1eafp \u0111\u1eb7t trong m\u00f4i tr\u01b0\u1eddng d\u01b0\u1edbi n\u01b0\u1edbc. \u0110\u00e8n c\u00f3 th\u1ec3 ph\u00e1t \u00e1nh s\u00e1ng \u0111\u01a1n s\u1eafc v\u1edbi c\u00e1c l\u1ef1a ch\u1ecdn nhi\u1ec7t \u0111\u1ed9 m\u00e0u nh\u01b0 2700K, 3000K, 4000K, 6000K v\u00e0 xanh d\u01b0\u01a1ng.\" \/>\n<meta property=\"og:url\" content=\"https:\/\/vilight.vn\/website\/san-pham\/den-chieu-sang-facade\/den-am-nuoc\/den-am-nuoc-vl-3006-0500-0700-a\/\" \/>\n<meta property=\"og:site_name\" content=\"Vilight Co.ltd\" \/>\n<meta property=\"article:publisher\" content=\"http:\/\/facebook.com\/vilight.vn\" \/>\n<meta property=\"article:modified_time\" content=\"2025-08-27T07:08:33+00:00\" \/>\n<meta property=\"og:image\" content=\"https:\/\/vilight.vn\/website\/wp-content\/uploads\/2024\/10\/VL30060500A.jpg\" \/>\n\t<meta property=\"og:image:width\" content=\"500\" \/>\n\t<meta property=\"og:image:height\" content=\"500\" \/>\n\t<meta property=\"og:image:type\" content=\"image\/jpeg\" \/>\n<meta name=\"twitter:card\" content=\"summary_large_image\" \/>\n<meta name=\"twitter:label1\" content=\"Gi\u00e1\" \/>\n\t<meta name=\"twitter:data1\" content=\"\" \/>\n\t<meta name=\"twitter:label2\" content=\"Kh\u1ea3 d\u1ee5ng\" \/>\n\t<meta name=\"twitter:data2\" content=\"Trong kho\" \/>\n<script type=\"application\/ld+json\" class=\"yoast-schema-graph\">{\"@context\":\"https:\\\/\\\/schema.org\",\"@graph\":[{\"@type\":\"WebPage\",\"@id\":\"https:\\\/\\\/vilight.vn\\\/website\\\/san-pham\\\/den-chieu-sang-facade\\\/den-am-nuoc\\\/den-am-nuoc-vl-3006-0500-0700-a\\\/\",\"url\":\"https:\\\/\\\/vilight.vn\\\/website\\\/san-pham\\\/den-chieu-sang-facade\\\/den-am-nuoc\\\/den-am-nuoc-vl-3006-0500-0700-a\\\/\",\"name\":\"\u0110\u00e8n \u00e2m n\u01b0\u1edbc VL 3006 0500\\\/0700 A - Vilight Co.ltd\",\"isPartOf\":{\"@id\":\"https:\\\/\\\/vilight.vn\\\/website\\\/#website\"},\"primaryImageOfPage\":{\"@id\":\"https:\\\/\\\/vilight.vn\\\/website\\\/san-pham\\\/den-chieu-sang-facade\\\/den-am-nuoc\\\/den-am-nuoc-vl-3006-0500-0700-a\\\/#primaryimage\"},\"image\":{\"@id\":\"https:\\\/\\\/vilight.vn\\\/website\\\/san-pham\\\/den-chieu-sang-facade\\\/den-am-nuoc\\\/den-am-nuoc-vl-3006-0500-0700-a\\\/#primaryimage\"},\"thumbnailUrl\":\"https:\\\/\\\/vilight.vn\\\/website\\\/wp-content\\\/uploads\\\/2024\\\/10\\\/VL30060500A.jpg\",\"datePublished\":\"2024-10-28T03:51:37+00:00\",\"dateModified\":\"2025-08-27T07:08:33+00:00\",\"description\":\"\u0110\u00e8n \u00e2m n\u01b0\u1edbc 5W, 7W c\u00f3 \u0111\u1ed9 b\u1ec1n cao, kh\u1ea3 n\u0103ng ch\u1ed1ng n\u01b0\u1edbc v\u00e0 ch\u1ecbu l\u1ef1c t\u1ed1t. S\u1ea3n ph\u1ea9m ph\u00f9 h\u1ee3p cho h\u1ed3 b\u01a1i, \u0111\u00e0i phun n\u01b0\u1edbc, v\u00e0 c\u00e1c c\u00f4ng tr\u00ecnh ngh\u1ec7 thu\u1eadt d\u01b0\u1edbi n\u01b0\u1edbc.\",\"breadcrumb\":{\"@id\":\"https:\\\/\\\/vilight.vn\\\/website\\\/san-pham\\\/den-chieu-sang-facade\\\/den-am-nuoc\\\/den-am-nuoc-vl-3006-0500-0700-a\\\/#breadcrumb\"},\"inLanguage\":\"vi\",\"potentialAction\":[{\"@type\":\"ReadAction\",\"target\":[\"https:\\\/\\\/vilight.vn\\\/website\\\/san-pham\\\/den-chieu-sang-facade\\\/den-am-nuoc\\\/den-am-nuoc-vl-3006-0500-0700-a\\\/\"]}]},{\"@type\":\"ImageObject\",\"inLanguage\":\"vi\",\"@id\":\"https:\\\/\\\/vilight.vn\\\/website\\\/san-pham\\\/den-chieu-sang-facade\\\/den-am-nuoc\\\/den-am-nuoc-vl-3006-0500-0700-a\\\/#primaryimage\",\"url\":\"https:\\\/\\\/vilight.vn\\\/website\\\/wp-content\\\/uploads\\\/2024\\\/10\\\/VL30060500A.jpg\",\"contentUrl\":\"https:\\\/\\\/vilight.vn\\\/website\\\/wp-content\\\/uploads\\\/2024\\\/10\\\/VL30060500A.jpg\",\"width\":500,\"height\":500},{\"@type\":\"BreadcrumbList\",\"@id\":\"https:\\\/\\\/vilight.vn\\\/website\\\/san-pham\\\/den-chieu-sang-facade\\\/den-am-nuoc\\\/den-am-nuoc-vl-3006-0500-0700-a\\\/#breadcrumb\",\"itemListElement\":[{\"@type\":\"ListItem\",\"position\":1,\"name\":\"Home\",\"item\":\"https:\\\/\\\/vilight.vn\\\/website\\\/\"},{\"@type\":\"ListItem\",\"position\":2,\"name\":\"store\",\"item\":\"https:\\\/\\\/vilight.vn\\\/website\\\/store\\\/\"},{\"@type\":\"ListItem\",\"position\":3,\"name\":\"\u0110\u00e8n \u00e2m n\u01b0\u1edbc VL 3006 0500\\\/0700 A\"}]},{\"@type\":\"WebSite\",\"@id\":\"https:\\\/\\\/vilight.vn\\\/website\\\/#website\",\"url\":\"https:\\\/\\\/vilight.vn\\\/website\\\/\",\"name\":\"Vilight Co.ltd\",\"description\":\"Chi\u1ebfu s\u00e1ng m\u1ef9 thu\u1eadt, chi\u1ebfu s\u00e1ng th\u00f4ng minh, LED Pixel 3D, chi\u1ebfu s\u00e1ng trang tr\u00ed \u0111\u00f4 th\u1ecb, chi\u1ebfu s\u00e1ng v\u00f2ng xoay, chi\u1ebfu s\u00e1ng \u0111\u1ea3o giao th\u00f4ng, c\u1ed5ng ch\u00e0o \u0111\u00f4 th\u1ecb\",\"publisher\":{\"@id\":\"https:\\\/\\\/vilight.vn\\\/website\\\/#organization\"},\"potentialAction\":[{\"@type\":\"SearchAction\",\"target\":{\"@type\":\"EntryPoint\",\"urlTemplate\":\"https:\\\/\\\/vilight.vn\\\/website\\\/?s={search_term_string}\"},\"query-input\":{\"@type\":\"PropertyValueSpecification\",\"valueRequired\":true,\"valueName\":\"search_term_string\"}}],\"inLanguage\":\"vi\"},{\"@type\":\"Organization\",\"@id\":\"https:\\\/\\\/vilight.vn\\\/website\\\/#organization\",\"name\":\"Vilight\",\"url\":\"https:\\\/\\\/vilight.vn\\\/website\\\/\",\"logo\":{\"@type\":\"ImageObject\",\"inLanguage\":\"vi\",\"@id\":\"https:\\\/\\\/vilight.vn\\\/website\\\/#\\\/schema\\\/logo\\\/image\\\/\",\"url\":\"https:\\\/\\\/vilight.vn\\\/website\\\/wp-content\\\/uploads\\\/2022\\\/05\\\/chieu_sang_trang_tri_do_thi_bang_den_led_pixel.png\",\"contentUrl\":\"https:\\\/\\\/vilight.vn\\\/website\\\/wp-content\\\/uploads\\\/2022\\\/05\\\/chieu_sang_trang_tri_do_thi_bang_den_led_pixel.png\",\"width\":800,\"height\":427,\"caption\":\"Vilight\"},\"image\":{\"@id\":\"https:\\\/\\\/vilight.vn\\\/website\\\/#\\\/schema\\\/logo\\\/image\\\/\"},\"sameAs\":[\"http:\\\/\\\/facebook.com\\\/vilight.vn\",\"https:\\\/\\\/www.linkedin.com\\\/company\\\/vilight-vn\",\"https:\\\/\\\/www.youtube.com\\\/channel\\\/UCEwR2naeDcuarMX1kSv_rLQ\\\/videos\"]}]}<\/script>\n<meta property=\"product:brand\" content=\"\u0110\u00e8n \u00c2m N\u01b0\u1edbc\" \/>\n<meta property=\"product:price:currency\" content=\"VND\" \/>\n<meta property=\"og:availability\" content=\"instock\" \/>\n<meta property=\"product:availability\" content=\"instock\" \/>\n<meta property=\"product:condition\" content=\"new\" \/>\n<!-- \/ Yoast SEO Premium plugin. -->","yoast_head_json":{"title":"\u0110\u00e8n \u00e2m n\u01b0\u1edbc VL 3006 0500\/0700 A - Vilight Co.ltd","description":"\u0110\u00e8n \u00e2m n\u01b0\u1edbc 5W, 7W c\u00f3 \u0111\u1ed9 b\u1ec1n cao, kh\u1ea3 n\u0103ng ch\u1ed1ng n\u01b0\u1edbc v\u00e0 ch\u1ecbu l\u1ef1c t\u1ed1t. S\u1ea3n ph\u1ea9m ph\u00f9 h\u1ee3p cho h\u1ed3 b\u01a1i, \u0111\u00e0i phun n\u01b0\u1edbc, v\u00e0 c\u00e1c c\u00f4ng tr\u00ecnh ngh\u1ec7 thu\u1eadt d\u01b0\u1edbi n\u01b0\u1edbc.","robots":{"index":"index","follow":"follow","max-snippet":"max-snippet:-1","max-image-preview":"max-image-preview:large","max-video-preview":"max-video-preview:-1"},"canonical":"https:\/\/vilight.vn\/website\/san-pham\/den-chieu-sang-facade\/den-am-nuoc\/den-am-nuoc-vl-3006-0500-0700-a\/","og_locale":"vi_VN","og_type":"article","og_title":"\u0110\u00e8n \u00e2m n\u01b0\u1edbc VL 3006 0500\/0700 A","og_description":"\u0110\u00e8n \u00e2m n\u01b0\u1edbc VL 3006 0500\/0700 A \u00a0l\u00e0 m\u1eabu \u0111\u00e8n chi\u1ebfu s\u00e1ng chuy\u00ean d\u1ee5ng, thi\u1ebft k\u1ebf \u0111\u1ec3 s\u1eed d\u1ee5ng trong c\u00e1c m\u00f4i tr\u01b0\u1eddng ng\u1eadp n\u01b0\u1edbc. S\u1ea3n ph\u1ea9m \u0111\u01b0\u1ee3c s\u1ea3n xu\u1ea5t v\u1edbi ch\u1ea5t li\u1ec7u cao c\u1ea5p, kh\u1ea3 n\u0103ng ch\u1ed1ng n\u01b0\u1edbc v\u00e0 ch\u1ecbu l\u1ef1c t\u1ed1t, \u0111\u1ea3m b\u1ea3o an to\u00e0n khi l\u1eafp \u0111\u1eb7t trong m\u00f4i tr\u01b0\u1eddng d\u01b0\u1edbi n\u01b0\u1edbc. \u0110\u00e8n c\u00f3 th\u1ec3 ph\u00e1t \u00e1nh s\u00e1ng \u0111\u01a1n s\u1eafc v\u1edbi c\u00e1c l\u1ef1a ch\u1ecdn nhi\u1ec7t \u0111\u1ed9 m\u00e0u nh\u01b0 2700K, 3000K, 4000K, 6000K v\u00e0 xanh d\u01b0\u01a1ng.","og_url":"https:\/\/vilight.vn\/website\/san-pham\/den-chieu-sang-facade\/den-am-nuoc\/den-am-nuoc-vl-3006-0500-0700-a\/","og_site_name":"Vilight Co.ltd","article_publisher":"http:\/\/facebook.com\/vilight.vn","article_modified_time":"2025-08-27T07:08:33+00:00","og_image":[{"width":500,"height":500,"url":"https:\/\/vilight.vn\/website\/wp-content\/uploads\/2024\/10\/VL30060500A.jpg","type":"image\/jpeg"}],"twitter_card":"summary_large_image","twitter_misc":{"Gi\u00e1":"","Kh\u1ea3 d\u1ee5ng":"Trong kho"},"schema":{"@context":"https:\/\/schema.org","@graph":[{"@type":"WebPage","@id":"https:\/\/vilight.vn\/website\/san-pham\/den-chieu-sang-facade\/den-am-nuoc\/den-am-nuoc-vl-3006-0500-0700-a\/","url":"https:\/\/vilight.vn\/website\/san-pham\/den-chieu-sang-facade\/den-am-nuoc\/den-am-nuoc-vl-3006-0500-0700-a\/","name":"\u0110\u00e8n \u00e2m n\u01b0\u1edbc VL 3006 0500\/0700 A - Vilight Co.ltd","isPartOf":{"@id":"https:\/\/vilight.vn\/website\/#website"},"primaryImageOfPage":{"@id":"https:\/\/vilight.vn\/website\/san-pham\/den-chieu-sang-facade\/den-am-nuoc\/den-am-nuoc-vl-3006-0500-0700-a\/#primaryimage"},"image":{"@id":"https:\/\/vilight.vn\/website\/san-pham\/den-chieu-sang-facade\/den-am-nuoc\/den-am-nuoc-vl-3006-0500-0700-a\/#primaryimage"},"thumbnailUrl":"https:\/\/vilight.vn\/website\/wp-content\/uploads\/2024\/10\/VL30060500A.jpg","datePublished":"2024-10-28T03:51:37+00:00","dateModified":"2025-08-27T07:08:33+00:00","description":"\u0110\u00e8n \u00e2m n\u01b0\u1edbc 5W, 7W c\u00f3 \u0111\u1ed9 b\u1ec1n cao, kh\u1ea3 n\u0103ng ch\u1ed1ng n\u01b0\u1edbc v\u00e0 ch\u1ecbu l\u1ef1c t\u1ed1t. S\u1ea3n ph\u1ea9m ph\u00f9 h\u1ee3p cho h\u1ed3 b\u01a1i, \u0111\u00e0i phun n\u01b0\u1edbc, v\u00e0 c\u00e1c c\u00f4ng tr\u00ecnh ngh\u1ec7 thu\u1eadt d\u01b0\u1edbi n\u01b0\u1edbc.","breadcrumb":{"@id":"https:\/\/vilight.vn\/website\/san-pham\/den-chieu-sang-facade\/den-am-nuoc\/den-am-nuoc-vl-3006-0500-0700-a\/#breadcrumb"},"inLanguage":"vi","potentialAction":[{"@type":"ReadAction","target":["https:\/\/vilight.vn\/website\/san-pham\/den-chieu-sang-facade\/den-am-nuoc\/den-am-nuoc-vl-3006-0500-0700-a\/"]}]},{"@type":"ImageObject","inLanguage":"vi","@id":"https:\/\/vilight.vn\/website\/san-pham\/den-chieu-sang-facade\/den-am-nuoc\/den-am-nuoc-vl-3006-0500-0700-a\/#primaryimage","url":"https:\/\/vilight.vn\/website\/wp-content\/uploads\/2024\/10\/VL30060500A.jpg","contentUrl":"https:\/\/vilight.vn\/website\/wp-content\/uploads\/2024\/10\/VL30060500A.jpg","width":500,"height":500},{"@type":"BreadcrumbList","@id":"https:\/\/vilight.vn\/website\/san-pham\/den-chieu-sang-facade\/den-am-nuoc\/den-am-nuoc-vl-3006-0500-0700-a\/#breadcrumb","itemListElement":[{"@type":"ListItem","position":1,"name":"Home","item":"https:\/\/vilight.vn\/website\/"},{"@type":"ListItem","position":2,"name":"store","item":"https:\/\/vilight.vn\/website\/store\/"},{"@type":"ListItem","position":3,"name":"\u0110\u00e8n \u00e2m n\u01b0\u1edbc VL 3006 0500\/0700 A"}]},{"@type":"WebSite","@id":"https:\/\/vilight.vn\/website\/#website","url":"https:\/\/vilight.vn\/website\/","name":"Vilight Co.ltd","description":"Chi\u1ebfu s\u00e1ng m\u1ef9 thu\u1eadt, chi\u1ebfu s\u00e1ng th\u00f4ng minh, LED Pixel 3D, chi\u1ebfu s\u00e1ng trang tr\u00ed \u0111\u00f4 th\u1ecb, chi\u1ebfu s\u00e1ng v\u00f2ng xoay, chi\u1ebfu s\u00e1ng \u0111\u1ea3o giao th\u00f4ng, c\u1ed5ng ch\u00e0o \u0111\u00f4 th\u1ecb","publisher":{"@id":"https:\/\/vilight.vn\/website\/#organization"},"potentialAction":[{"@type":"SearchAction","target":{"@type":"EntryPoint","urlTemplate":"https:\/\/vilight.vn\/website\/?s={search_term_string}"},"query-input":{"@type":"PropertyValueSpecification","valueRequired":true,"valueName":"search_term_string"}}],"inLanguage":"vi"},{"@type":"Organization","@id":"https:\/\/vilight.vn\/website\/#organization","name":"Vilight","url":"https:\/\/vilight.vn\/website\/","logo":{"@type":"ImageObject","inLanguage":"vi","@id":"https:\/\/vilight.vn\/website\/#\/schema\/logo\/image\/","url":"https:\/\/vilight.vn\/website\/wp-content\/uploads\/2022\/05\/chieu_sang_trang_tri_do_thi_bang_den_led_pixel.png","contentUrl":"https:\/\/vilight.vn\/website\/wp-content\/uploads\/2022\/05\/chieu_sang_trang_tri_do_thi_bang_den_led_pixel.png","width":800,"height":427,"caption":"Vilight"},"image":{"@id":"https:\/\/vilight.vn\/website\/#\/schema\/logo\/image\/"},"sameAs":["http:\/\/facebook.com\/vilight.vn","https:\/\/www.linkedin.com\/company\/vilight-vn","https:\/\/www.youtube.com\/channel\/UCEwR2naeDcuarMX1kSv_rLQ\/videos"]}]},"product_brand":"\u0110\u00e8n \u00c2m N\u01b0\u1edbc","product_price_currency":"VND","og_availability":"instock","product_availability":"instock","product_condition":"new"},"_links":{"self":[{"href":"https:\/\/vilight.vn\/website\/wp-json\/wp\/v2\/product\/4920","targetHints":{"allow":["GET"]}}],"collection":[{"href":"https:\/\/vilight.vn\/website\/wp-json\/wp\/v2\/product"}],"about":[{"href":"https:\/\/vilight.vn\/website\/wp-json\/wp\/v2\/types\/product"}],"wp:featuredmedia":[{"embeddable":true,"href":"https:\/\/vilight.vn\/website\/wp-json\/wp\/v2\/media\/4921"}],"wp:attachment":[{"href":"https:\/\/vilight.vn\/website\/wp-json\/wp\/v2\/media?parent=4920"}],"wp:term":[{"taxonomy":"product_brand","embeddable":true,"href":"https:\/\/vilight.vn\/website\/wp-json\/wp\/v2\/product_brand?post=4920"},{"taxonomy":"product_cat","embeddable":true,"href":"https:\/\/vilight.vn\/website\/wp-json\/wp\/v2\/product_cat?post=4920"},{"taxonomy":"product_tag","embeddable":true,"href":"https:\/\/vilight.vn\/website\/wp-json\/wp\/v2\/product_tag?post=4920"}],"curies":[{"name":"wp","href":"https:\/\/api.w.org\/{rel}","templated":true}]}}