{"id":4923,"date":"2024-10-28T11:03:26","date_gmt":"2024-10-28T04:03:26","guid":{"rendered":"https:\/\/vilight.vn\/website\/?post_type=product&#038;p=4923"},"modified":"2025-08-27T14:03:20","modified_gmt":"2025-08-27T07:03:20","slug":"den-am-nuoc-vl-3006-0900rgb-a","status":"publish","type":"product","link":"https:\/\/vilight.vn\/website\/san-pham\/den-chieu-sang-facade\/den-am-nuoc\/den-am-nuoc-vl-3006-0900rgb-a\/","title":{"rendered":"\u0110\u00e8n \u00e2m n\u01b0\u1edbc VL 3006 0900(RGB) A"},"content":{"rendered":"","protected":false},"excerpt":{"rendered":"<p>\u0110\u00e8n \u00e2m n\u01b0\u1edbc VL 3006 0900(RGB) A\u00a0 l\u00e0 thi\u1ebft b\u1ecb chi\u1ebfu s\u00e1ng \u0111a s\u1eafc chuy\u00ean d\u1ee5ng d\u00e0nh cho c\u00e1c \u1ee9ng d\u1ee5ng d\u01b0\u1edbi n\u01b0\u1edbc. V\u1edbi kh\u1ea3 n\u0103ng chi\u1ebfu s\u00e1ng RGB, \u0111\u00e8n t\u1ea1o hi\u1ec7u \u1ee9ng \u00e1nh s\u00e1ng r\u1ef1c r\u1ee1, n\u1ed5i b\u1eadt trong m\u00f4i tr\u01b0\u1eddng n\u01b0\u1edbc, ph\u00f9 h\u1ee3p cho c\u00e1c c\u00f4ng tr\u00ecnh trang tr\u00ed nh\u01b0 h\u1ed3 b\u01a1i, \u0111\u00e0i phun n\u01b0\u1edbc, v\u00e0 c\u00e1c d\u1ef1 \u00e1n c\u1ea3nh quan d\u01b0\u1edbi n\u01b0\u1edbc. S\u1ea3n ph\u1ea9m c\u00f3 thi\u1ebft k\u1ebf b\u1ec1n b\u1ec9 v\u1edbi kh\u1ea3 n\u0103ng ch\u1ed1ng n\u01b0\u1edbc cao, \u0111\u1ea3m b\u1ea3o ho\u1ea1t \u0111\u1ed9ng \u1ed5n \u0111\u1ecbnh v\u00e0 l\u00e2u d\u00e0i.<\/p>\n","protected":false},"featured_media":4924,"template":"","meta":[],"product_brand":[],"product_cat":[664,633],"product_tag":[],"class_list":{"0":"post-4923","1":"product","2":"type-product","3":"status-publish","4":"has-post-thumbnail","6":"product_cat-danh-muc-san-pham-moi","7":"product_cat-den-am-nuoc","9":"first","10":"instock","11":"taxable","12":"shipping-taxable","13":"product-type-simple"},"yoast_head":"<!-- This site is optimized with the Yoast SEO Premium plugin v27.4 (Yoast SEO v27.4) - https:\/\/yoast.com\/product\/yoast-seo-premium-wordpress\/ -->\n<title>\u0110\u00e8n \u00e2m n\u01b0\u1edbc VL 3006 0900(RGB) A - Vilight Co.ltd<\/title>\n<meta name=\"description\" content=\"\u0110\u00e8n \u00e2m n\u01b0\u1edbc 9W RGB l\u00e0 s\u1ea3n ph\u1ea9m ho\u00e0n h\u1ea3o \u0111\u1ec3 t\u1ea1o \u0111i\u1ec3m nh\u1ea5n chi\u1ebfu s\u00e1ng d\u01b0\u1edbi n\u01b0\u1edbc. \u0110\u00e8n ph\u00f9 h\u1ee3p cho c\u00e1c c\u00f4ng tr\u00ecnh trang tr\u00ed d\u01b0\u1edbi n\u01b0\u1edbc c\u1ea7n s\u1ef1 b\u1ec1n b\u1ec9 v\u00e0 th\u1ea9m m\u1ef9.\" \/>\n<meta name=\"robots\" content=\"index, follow, max-snippet:-1, max-image-preview:large, max-video-preview:-1\" \/>\n<link rel=\"canonical\" href=\"https:\/\/vilight.vn\/website\/san-pham\/den-chieu-sang-facade\/den-am-nuoc\/den-am-nuoc-vl-3006-0900rgb-a\/\" \/>\n<meta property=\"og:locale\" content=\"vi_VN\" \/>\n<meta property=\"og:type\" content=\"article\" \/>\n<meta property=\"og:title\" content=\"\u0110\u00e8n \u00e2m n\u01b0\u1edbc VL 3006 0900(RGB) A\" \/>\n<meta property=\"og:description\" content=\"\u0110\u00e8n \u00e2m n\u01b0\u1edbc VL 3006 0900(RGB) A\u00a0 l\u00e0 thi\u1ebft b\u1ecb chi\u1ebfu s\u00e1ng \u0111a s\u1eafc chuy\u00ean d\u1ee5ng d\u00e0nh cho c\u00e1c \u1ee9ng d\u1ee5ng d\u01b0\u1edbi n\u01b0\u1edbc. V\u1edbi kh\u1ea3 n\u0103ng chi\u1ebfu s\u00e1ng RGB, \u0111\u00e8n t\u1ea1o hi\u1ec7u \u1ee9ng \u00e1nh s\u00e1ng r\u1ef1c r\u1ee1, n\u1ed5i b\u1eadt trong m\u00f4i tr\u01b0\u1eddng n\u01b0\u1edbc, ph\u00f9 h\u1ee3p cho c\u00e1c c\u00f4ng tr\u00ecnh trang tr\u00ed nh\u01b0 h\u1ed3 b\u01a1i, \u0111\u00e0i phun n\u01b0\u1edbc, v\u00e0 c\u00e1c d\u1ef1 \u00e1n c\u1ea3nh quan d\u01b0\u1edbi n\u01b0\u1edbc. S\u1ea3n ph\u1ea9m c\u00f3 thi\u1ebft k\u1ebf b\u1ec1n b\u1ec9 v\u1edbi kh\u1ea3 n\u0103ng ch\u1ed1ng n\u01b0\u1edbc cao, \u0111\u1ea3m b\u1ea3o ho\u1ea1t \u0111\u1ed9ng \u1ed5n \u0111\u1ecbnh v\u00e0 l\u00e2u d\u00e0i.\" \/>\n<meta property=\"og:url\" content=\"https:\/\/vilight.vn\/website\/san-pham\/den-chieu-sang-facade\/den-am-nuoc\/den-am-nuoc-vl-3006-0900rgb-a\/\" \/>\n<meta property=\"og:site_name\" content=\"Vilight Co.ltd\" \/>\n<meta property=\"article:publisher\" content=\"http:\/\/facebook.com\/vilight.vn\" \/>\n<meta property=\"article:modified_time\" content=\"2025-08-27T07:03:20+00:00\" \/>\n<meta property=\"og:image\" content=\"https:\/\/vilight.vn\/website\/wp-content\/uploads\/2024\/10\/VL30060900RGBA.jpg\" \/>\n\t<meta property=\"og:image:width\" content=\"500\" \/>\n\t<meta property=\"og:image:height\" content=\"500\" \/>\n\t<meta property=\"og:image:type\" content=\"image\/jpeg\" \/>\n<meta name=\"twitter:card\" content=\"summary_large_image\" \/>\n<meta name=\"twitter:label1\" content=\"Gi\u00e1\" \/>\n\t<meta name=\"twitter:data1\" content=\"\" \/>\n\t<meta name=\"twitter:label2\" content=\"Kh\u1ea3 d\u1ee5ng\" \/>\n\t<meta name=\"twitter:data2\" content=\"Trong kho\" \/>\n<script type=\"application\/ld+json\" class=\"yoast-schema-graph\">{\"@context\":\"https:\\\/\\\/schema.org\",\"@graph\":[{\"@type\":\"WebPage\",\"@id\":\"https:\\\/\\\/vilight.vn\\\/website\\\/san-pham\\\/den-chieu-sang-facade\\\/den-am-nuoc\\\/den-am-nuoc-vl-3006-0900rgb-a\\\/\",\"url\":\"https:\\\/\\\/vilight.vn\\\/website\\\/san-pham\\\/den-chieu-sang-facade\\\/den-am-nuoc\\\/den-am-nuoc-vl-3006-0900rgb-a\\\/\",\"name\":\"\u0110\u00e8n \u00e2m n\u01b0\u1edbc VL 3006 0900(RGB) A - Vilight Co.ltd\",\"isPartOf\":{\"@id\":\"https:\\\/\\\/vilight.vn\\\/website\\\/#website\"},\"primaryImageOfPage\":{\"@id\":\"https:\\\/\\\/vilight.vn\\\/website\\\/san-pham\\\/den-chieu-sang-facade\\\/den-am-nuoc\\\/den-am-nuoc-vl-3006-0900rgb-a\\\/#primaryimage\"},\"image\":{\"@id\":\"https:\\\/\\\/vilight.vn\\\/website\\\/san-pham\\\/den-chieu-sang-facade\\\/den-am-nuoc\\\/den-am-nuoc-vl-3006-0900rgb-a\\\/#primaryimage\"},\"thumbnailUrl\":\"https:\\\/\\\/vilight.vn\\\/website\\\/wp-content\\\/uploads\\\/2024\\\/10\\\/VL30060900RGBA.jpg\",\"datePublished\":\"2024-10-28T04:03:26+00:00\",\"dateModified\":\"2025-08-27T07:03:20+00:00\",\"description\":\"\u0110\u00e8n \u00e2m n\u01b0\u1edbc 9W RGB l\u00e0 s\u1ea3n ph\u1ea9m ho\u00e0n h\u1ea3o \u0111\u1ec3 t\u1ea1o \u0111i\u1ec3m nh\u1ea5n chi\u1ebfu s\u00e1ng d\u01b0\u1edbi n\u01b0\u1edbc. \u0110\u00e8n ph\u00f9 h\u1ee3p cho c\u00e1c c\u00f4ng tr\u00ecnh trang tr\u00ed d\u01b0\u1edbi n\u01b0\u1edbc c\u1ea7n s\u1ef1 b\u1ec1n b\u1ec9 v\u00e0 th\u1ea9m m\u1ef9.\",\"breadcrumb\":{\"@id\":\"https:\\\/\\\/vilight.vn\\\/website\\\/san-pham\\\/den-chieu-sang-facade\\\/den-am-nuoc\\\/den-am-nuoc-vl-3006-0900rgb-a\\\/#breadcrumb\"},\"inLanguage\":\"vi\",\"potentialAction\":[{\"@type\":\"ReadAction\",\"target\":[\"https:\\\/\\\/vilight.vn\\\/website\\\/san-pham\\\/den-chieu-sang-facade\\\/den-am-nuoc\\\/den-am-nuoc-vl-3006-0900rgb-a\\\/\"]}]},{\"@type\":\"ImageObject\",\"inLanguage\":\"vi\",\"@id\":\"https:\\\/\\\/vilight.vn\\\/website\\\/san-pham\\\/den-chieu-sang-facade\\\/den-am-nuoc\\\/den-am-nuoc-vl-3006-0900rgb-a\\\/#primaryimage\",\"url\":\"https:\\\/\\\/vilight.vn\\\/website\\\/wp-content\\\/uploads\\\/2024\\\/10\\\/VL30060900RGBA.jpg\",\"contentUrl\":\"https:\\\/\\\/vilight.vn\\\/website\\\/wp-content\\\/uploads\\\/2024\\\/10\\\/VL30060900RGBA.jpg\",\"width\":500,\"height\":500},{\"@type\":\"BreadcrumbList\",\"@id\":\"https:\\\/\\\/vilight.vn\\\/website\\\/san-pham\\\/den-chieu-sang-facade\\\/den-am-nuoc\\\/den-am-nuoc-vl-3006-0900rgb-a\\\/#breadcrumb\",\"itemListElement\":[{\"@type\":\"ListItem\",\"position\":1,\"name\":\"Home\",\"item\":\"https:\\\/\\\/vilight.vn\\\/website\\\/\"},{\"@type\":\"ListItem\",\"position\":2,\"name\":\"store\",\"item\":\"https:\\\/\\\/vilight.vn\\\/website\\\/store\\\/\"},{\"@type\":\"ListItem\",\"position\":3,\"name\":\"\u0110\u00e8n \u00e2m n\u01b0\u1edbc VL 3006 0900(RGB) A\"}]},{\"@type\":\"WebSite\",\"@id\":\"https:\\\/\\\/vilight.vn\\\/website\\\/#website\",\"url\":\"https:\\\/\\\/vilight.vn\\\/website\\\/\",\"name\":\"Vilight Co.ltd\",\"description\":\"Chi\u1ebfu s\u00e1ng m\u1ef9 thu\u1eadt, chi\u1ebfu s\u00e1ng th\u00f4ng minh, LED Pixel 3D, chi\u1ebfu s\u00e1ng trang tr\u00ed \u0111\u00f4 th\u1ecb, chi\u1ebfu s\u00e1ng v\u00f2ng xoay, chi\u1ebfu s\u00e1ng \u0111\u1ea3o giao th\u00f4ng, c\u1ed5ng ch\u00e0o \u0111\u00f4 th\u1ecb\",\"publisher\":{\"@id\":\"https:\\\/\\\/vilight.vn\\\/website\\\/#organization\"},\"potentialAction\":[{\"@type\":\"SearchAction\",\"target\":{\"@type\":\"EntryPoint\",\"urlTemplate\":\"https:\\\/\\\/vilight.vn\\\/website\\\/?s={search_term_string}\"},\"query-input\":{\"@type\":\"PropertyValueSpecification\",\"valueRequired\":true,\"valueName\":\"search_term_string\"}}],\"inLanguage\":\"vi\"},{\"@type\":\"Organization\",\"@id\":\"https:\\\/\\\/vilight.vn\\\/website\\\/#organization\",\"name\":\"Vilight\",\"url\":\"https:\\\/\\\/vilight.vn\\\/website\\\/\",\"logo\":{\"@type\":\"ImageObject\",\"inLanguage\":\"vi\",\"@id\":\"https:\\\/\\\/vilight.vn\\\/website\\\/#\\\/schema\\\/logo\\\/image\\\/\",\"url\":\"https:\\\/\\\/vilight.vn\\\/website\\\/wp-content\\\/uploads\\\/2022\\\/05\\\/chieu_sang_trang_tri_do_thi_bang_den_led_pixel.png\",\"contentUrl\":\"https:\\\/\\\/vilight.vn\\\/website\\\/wp-content\\\/uploads\\\/2022\\\/05\\\/chieu_sang_trang_tri_do_thi_bang_den_led_pixel.png\",\"width\":800,\"height\":427,\"caption\":\"Vilight\"},\"image\":{\"@id\":\"https:\\\/\\\/vilight.vn\\\/website\\\/#\\\/schema\\\/logo\\\/image\\\/\"},\"sameAs\":[\"http:\\\/\\\/facebook.com\\\/vilight.vn\",\"https:\\\/\\\/www.linkedin.com\\\/company\\\/vilight-vn\",\"https:\\\/\\\/www.youtube.com\\\/channel\\\/UCEwR2naeDcuarMX1kSv_rLQ\\\/videos\"]}]}<\/script>\n<meta property=\"product:brand\" content=\"\u0110\u00e8n \u00c2m N\u01b0\u1edbc\" \/>\n<meta property=\"product:price:currency\" content=\"VND\" \/>\n<meta property=\"og:availability\" content=\"instock\" \/>\n<meta property=\"product:availability\" content=\"instock\" \/>\n<meta property=\"product:condition\" content=\"new\" \/>\n<!-- \/ Yoast SEO Premium plugin. -->","yoast_head_json":{"title":"\u0110\u00e8n \u00e2m n\u01b0\u1edbc VL 3006 0900(RGB) A - Vilight Co.ltd","description":"\u0110\u00e8n \u00e2m n\u01b0\u1edbc 9W RGB l\u00e0 s\u1ea3n ph\u1ea9m ho\u00e0n h\u1ea3o \u0111\u1ec3 t\u1ea1o \u0111i\u1ec3m nh\u1ea5n chi\u1ebfu s\u00e1ng d\u01b0\u1edbi n\u01b0\u1edbc. \u0110\u00e8n ph\u00f9 h\u1ee3p cho c\u00e1c c\u00f4ng tr\u00ecnh trang tr\u00ed d\u01b0\u1edbi n\u01b0\u1edbc c\u1ea7n s\u1ef1 b\u1ec1n b\u1ec9 v\u00e0 th\u1ea9m m\u1ef9.","robots":{"index":"index","follow":"follow","max-snippet":"max-snippet:-1","max-image-preview":"max-image-preview:large","max-video-preview":"max-video-preview:-1"},"canonical":"https:\/\/vilight.vn\/website\/san-pham\/den-chieu-sang-facade\/den-am-nuoc\/den-am-nuoc-vl-3006-0900rgb-a\/","og_locale":"vi_VN","og_type":"article","og_title":"\u0110\u00e8n \u00e2m n\u01b0\u1edbc VL 3006 0900(RGB) A","og_description":"\u0110\u00e8n \u00e2m n\u01b0\u1edbc VL 3006 0900(RGB) A\u00a0 l\u00e0 thi\u1ebft b\u1ecb chi\u1ebfu s\u00e1ng \u0111a s\u1eafc chuy\u00ean d\u1ee5ng d\u00e0nh cho c\u00e1c \u1ee9ng d\u1ee5ng d\u01b0\u1edbi n\u01b0\u1edbc. V\u1edbi kh\u1ea3 n\u0103ng chi\u1ebfu s\u00e1ng RGB, \u0111\u00e8n t\u1ea1o hi\u1ec7u \u1ee9ng \u00e1nh s\u00e1ng r\u1ef1c r\u1ee1, n\u1ed5i b\u1eadt trong m\u00f4i tr\u01b0\u1eddng n\u01b0\u1edbc, ph\u00f9 h\u1ee3p cho c\u00e1c c\u00f4ng tr\u00ecnh trang tr\u00ed nh\u01b0 h\u1ed3 b\u01a1i, \u0111\u00e0i phun n\u01b0\u1edbc, v\u00e0 c\u00e1c d\u1ef1 \u00e1n c\u1ea3nh quan d\u01b0\u1edbi n\u01b0\u1edbc. S\u1ea3n ph\u1ea9m c\u00f3 thi\u1ebft k\u1ebf b\u1ec1n b\u1ec9 v\u1edbi kh\u1ea3 n\u0103ng ch\u1ed1ng n\u01b0\u1edbc cao, \u0111\u1ea3m b\u1ea3o ho\u1ea1t \u0111\u1ed9ng \u1ed5n \u0111\u1ecbnh v\u00e0 l\u00e2u d\u00e0i.","og_url":"https:\/\/vilight.vn\/website\/san-pham\/den-chieu-sang-facade\/den-am-nuoc\/den-am-nuoc-vl-3006-0900rgb-a\/","og_site_name":"Vilight Co.ltd","article_publisher":"http:\/\/facebook.com\/vilight.vn","article_modified_time":"2025-08-27T07:03:20+00:00","og_image":[{"width":500,"height":500,"url":"https:\/\/vilight.vn\/website\/wp-content\/uploads\/2024\/10\/VL30060900RGBA.jpg","type":"image\/jpeg"}],"twitter_card":"summary_large_image","twitter_misc":{"Gi\u00e1":"","Kh\u1ea3 d\u1ee5ng":"Trong kho"},"schema":{"@context":"https:\/\/schema.org","@graph":[{"@type":"WebPage","@id":"https:\/\/vilight.vn\/website\/san-pham\/den-chieu-sang-facade\/den-am-nuoc\/den-am-nuoc-vl-3006-0900rgb-a\/","url":"https:\/\/vilight.vn\/website\/san-pham\/den-chieu-sang-facade\/den-am-nuoc\/den-am-nuoc-vl-3006-0900rgb-a\/","name":"\u0110\u00e8n \u00e2m n\u01b0\u1edbc VL 3006 0900(RGB) A - Vilight Co.ltd","isPartOf":{"@id":"https:\/\/vilight.vn\/website\/#website"},"primaryImageOfPage":{"@id":"https:\/\/vilight.vn\/website\/san-pham\/den-chieu-sang-facade\/den-am-nuoc\/den-am-nuoc-vl-3006-0900rgb-a\/#primaryimage"},"image":{"@id":"https:\/\/vilight.vn\/website\/san-pham\/den-chieu-sang-facade\/den-am-nuoc\/den-am-nuoc-vl-3006-0900rgb-a\/#primaryimage"},"thumbnailUrl":"https:\/\/vilight.vn\/website\/wp-content\/uploads\/2024\/10\/VL30060900RGBA.jpg","datePublished":"2024-10-28T04:03:26+00:00","dateModified":"2025-08-27T07:03:20+00:00","description":"\u0110\u00e8n \u00e2m n\u01b0\u1edbc 9W RGB l\u00e0 s\u1ea3n ph\u1ea9m ho\u00e0n h\u1ea3o \u0111\u1ec3 t\u1ea1o \u0111i\u1ec3m nh\u1ea5n chi\u1ebfu s\u00e1ng d\u01b0\u1edbi n\u01b0\u1edbc. \u0110\u00e8n ph\u00f9 h\u1ee3p cho c\u00e1c c\u00f4ng tr\u00ecnh trang tr\u00ed d\u01b0\u1edbi n\u01b0\u1edbc c\u1ea7n s\u1ef1 b\u1ec1n b\u1ec9 v\u00e0 th\u1ea9m m\u1ef9.","breadcrumb":{"@id":"https:\/\/vilight.vn\/website\/san-pham\/den-chieu-sang-facade\/den-am-nuoc\/den-am-nuoc-vl-3006-0900rgb-a\/#breadcrumb"},"inLanguage":"vi","potentialAction":[{"@type":"ReadAction","target":["https:\/\/vilight.vn\/website\/san-pham\/den-chieu-sang-facade\/den-am-nuoc\/den-am-nuoc-vl-3006-0900rgb-a\/"]}]},{"@type":"ImageObject","inLanguage":"vi","@id":"https:\/\/vilight.vn\/website\/san-pham\/den-chieu-sang-facade\/den-am-nuoc\/den-am-nuoc-vl-3006-0900rgb-a\/#primaryimage","url":"https:\/\/vilight.vn\/website\/wp-content\/uploads\/2024\/10\/VL30060900RGBA.jpg","contentUrl":"https:\/\/vilight.vn\/website\/wp-content\/uploads\/2024\/10\/VL30060900RGBA.jpg","width":500,"height":500},{"@type":"BreadcrumbList","@id":"https:\/\/vilight.vn\/website\/san-pham\/den-chieu-sang-facade\/den-am-nuoc\/den-am-nuoc-vl-3006-0900rgb-a\/#breadcrumb","itemListElement":[{"@type":"ListItem","position":1,"name":"Home","item":"https:\/\/vilight.vn\/website\/"},{"@type":"ListItem","position":2,"name":"store","item":"https:\/\/vilight.vn\/website\/store\/"},{"@type":"ListItem","position":3,"name":"\u0110\u00e8n \u00e2m n\u01b0\u1edbc VL 3006 0900(RGB) A"}]},{"@type":"WebSite","@id":"https:\/\/vilight.vn\/website\/#website","url":"https:\/\/vilight.vn\/website\/","name":"Vilight Co.ltd","description":"Chi\u1ebfu s\u00e1ng m\u1ef9 thu\u1eadt, chi\u1ebfu s\u00e1ng th\u00f4ng minh, LED Pixel 3D, chi\u1ebfu s\u00e1ng trang tr\u00ed \u0111\u00f4 th\u1ecb, chi\u1ebfu s\u00e1ng v\u00f2ng xoay, chi\u1ebfu s\u00e1ng \u0111\u1ea3o giao th\u00f4ng, c\u1ed5ng ch\u00e0o \u0111\u00f4 th\u1ecb","publisher":{"@id":"https:\/\/vilight.vn\/website\/#organization"},"potentialAction":[{"@type":"SearchAction","target":{"@type":"EntryPoint","urlTemplate":"https:\/\/vilight.vn\/website\/?s={search_term_string}"},"query-input":{"@type":"PropertyValueSpecification","valueRequired":true,"valueName":"search_term_string"}}],"inLanguage":"vi"},{"@type":"Organization","@id":"https:\/\/vilight.vn\/website\/#organization","name":"Vilight","url":"https:\/\/vilight.vn\/website\/","logo":{"@type":"ImageObject","inLanguage":"vi","@id":"https:\/\/vilight.vn\/website\/#\/schema\/logo\/image\/","url":"https:\/\/vilight.vn\/website\/wp-content\/uploads\/2022\/05\/chieu_sang_trang_tri_do_thi_bang_den_led_pixel.png","contentUrl":"https:\/\/vilight.vn\/website\/wp-content\/uploads\/2022\/05\/chieu_sang_trang_tri_do_thi_bang_den_led_pixel.png","width":800,"height":427,"caption":"Vilight"},"image":{"@id":"https:\/\/vilight.vn\/website\/#\/schema\/logo\/image\/"},"sameAs":["http:\/\/facebook.com\/vilight.vn","https:\/\/www.linkedin.com\/company\/vilight-vn","https:\/\/www.youtube.com\/channel\/UCEwR2naeDcuarMX1kSv_rLQ\/videos"]}]},"product_brand":"\u0110\u00e8n \u00c2m N\u01b0\u1edbc","product_price_currency":"VND","og_availability":"instock","product_availability":"instock","product_condition":"new"},"_links":{"self":[{"href":"https:\/\/vilight.vn\/website\/wp-json\/wp\/v2\/product\/4923","targetHints":{"allow":["GET"]}}],"collection":[{"href":"https:\/\/vilight.vn\/website\/wp-json\/wp\/v2\/product"}],"about":[{"href":"https:\/\/vilight.vn\/website\/wp-json\/wp\/v2\/types\/product"}],"wp:featuredmedia":[{"embeddable":true,"href":"https:\/\/vilight.vn\/website\/wp-json\/wp\/v2\/media\/4924"}],"wp:attachment":[{"href":"https:\/\/vilight.vn\/website\/wp-json\/wp\/v2\/media?parent=4923"}],"wp:term":[{"taxonomy":"product_brand","embeddable":true,"href":"https:\/\/vilight.vn\/website\/wp-json\/wp\/v2\/product_brand?post=4923"},{"taxonomy":"product_cat","embeddable":true,"href":"https:\/\/vilight.vn\/website\/wp-json\/wp\/v2\/product_cat?post=4923"},{"taxonomy":"product_tag","embeddable":true,"href":"https:\/\/vilight.vn\/website\/wp-json\/wp\/v2\/product_tag?post=4923"}],"curies":[{"name":"wp","href":"https:\/\/api.w.org\/{rel}","templated":true}]}}