{"id":4947,"date":"2025-02-25T17:06:23","date_gmt":"2025-02-25T10:06:23","guid":{"rendered":"https:\/\/vilight.vn\/website\/?post_type=product&#038;p=4947"},"modified":"2025-02-25T17:08:30","modified_gmt":"2025-02-25T10:08:30","slug":"bo-dieu-khien-den-idim","status":"publish","type":"product","link":"https:\/\/vilight.vn\/website\/san-pham\/chieu-sang-thong-minh\/bo-dieu-khien-den\/bo-dieu-khien-den-idim\/","title":{"rendered":"B\u1ed9 \u0111i\u1ec1u khi\u1ec3n \u0111\u00e8n Idim"},"content":{"rendered":"<p><img decoding=\"async\" data-src=\"https:\/\/vilight.vn\/website\/wp-content\/uploads\/2025\/02\/bo-dieu-den-chieu-sang-thong-minh-vilight-idim-chieu-sang-cong-cong.jpg#4950\" alt=\"b\u1ed9 \u0111i\u1ec1u khi\u1ec3n chi\u1ebfu s\u00e1ng th\u00f4ng minh\" src=\"data:image\/svg+xml;base64,PHN2ZyB3aWR0aD0iMSIgaGVpZ2h0PSIxIiB4bWxucz0iaHR0cDovL3d3dy53My5vcmcvMjAwMC9zdmciPjwvc3ZnPg==\" class=\"lazyload\" style=\"--smush-placeholder-width: 1200px; --smush-placeholder-aspect-ratio: 1200\/450;\" \/><br \/>\nfull<br \/>\nb\u1ed9 \u0111i\u1ec1u khi\u1ec3n \u0111\u00e8n th\u00f4ng minh<br \/>\ncontain<br \/>\ncenter center<br \/>\nhide<\/p>\n<h2>B\u1ed9 \u0111i\u1ec1u khi\u1ec3n \u0111\u00e8n chi\u1ebfu s\u00e1ng th\u00f4ng minh idim :<\/h2>\n<ul>\n<li>\u0111\u01b0\u1ee3c s\u1ea3n xu\u1ea5t theo nhi\u1ec1u \u0111\u1ecbnh d\u1ea1ng kh\u00e1c nhau, ph\u00f9 h\u1ee3p v\u1edbi m\u1ecdi d\u1ef1 \u00e1n, c\u00f4ng tr\u00ecnh.<\/li>\n<li>T\u1ea7n s\u1ed1 s\u00f3ng s\u1eed d\u1ee5ng cho thi\u1ebft b\u1ecb \u0111\u01b0\u1ee3c \u0111a d\u1ea1ng h\u00f3a, t\u1eeb Zigbee, RF, 4G, 5G t\u1edbi Nb-IOT.<\/li>\n<li>Thi\u1ebft b\u1ecb \u0111\u01b0\u1ee3c \u0111\u1ecbnh danh theo ID khi l\u1eafp \u0111\u1eb7t, t\u1ef1 c\u1ea5u h\u00ecnh, t\u1ef1 nh\u1eadn d\u1ea1ng \u0111\u1ecba ch\u1ec9, k\u1ebft n\u1ed1i trung t\u00e2m \u0111i\u1ec1u khi\u1ec3n, \u0111\u1ea3m b\u1ea3o t\u00ednh \u1ed5n \u0111\u1ecbnh trong v\u1eadn h\u00e0nh.<\/li>\n<li>Thi\u1ebft b\u1ecb c\u00f3 t\u1ea7n s\u1ed1 s\u00f3ng ph\u00f9 h\u1ee3p v\u1edbi h\u1ea1 t\u1ea7ng Vi\u1ec7t Nam, gi\u00fap k\u1ebft n\u1ed1i \u1ed5n \u0111\u1ecbnh, v\u01b0\u1ee3t qua s\u1ef1 che ch\u1eafn c\u1ee7a c\u00e2y xanh, nh\u00e0 c\u1eeda v\u00e0 c\u00e1c v\u1eadt c\u1ea3n kh\u00e1c.<\/li>\n<li>B\u1ed9 \u0111i\u1ec1u khi\u1ec3n g\u1ed3m 2 phi\u00ean b\u1ea3n :Phi\u00ean b\u1ea3n s\u1eed d\u1ee5ng v\u1ecf h\u1ecdp chu\u1ea9n Nema, g\u1eafn tr\u00ean c\u00e1c b\u1ed9 \u0111\u00e8n c\u00f3 \u0111\u1ebf Nema (Nema Base).<\/li>\n<li>Phi\u00ean b\u1ea3n g\u1eafn ngo\u00e0i \u0111\u00e8n (g\u1eafn tr\u00ean c\u1ea7n \u0111\u00e8n).<\/li>\n<\/ul>\n<h2>Th\u00f4ng s\u1ed1 k\u1ef9 thu\u1eadt b\u1ed9 \u0111i\u1ec1u khi\u1ec3n \u0111\u00e8n th\u00f4ng minh :<\/h2>\n<ul>\n<li>Th\u00f4ng s\u1ed1Gi\u00e1 tr\u1ecb\u0110\u1ea7u v\u00e0o<\/li>\n<li>D\u1ea3i \u0111i\u1ec7n \u00e1p AC 85V \u2013 305V.<\/li>\n<li>\u00a0D\u1ea3i t\u1ea7n s\u1ed1 47 \u2013 63 hz.<\/li>\n<li>D\u1ea3i d\u00f2ng \u0111i\u1ec7n0 \u2013 4 A.<\/li>\n<li>C\u00f4ng su\u1ea5t ti\u00eau th\u1ee5 \u0111\u1ecbnh m\u1ee9c \u2264 2.5W.<\/li>\n<li>Chu\u1ea9n giao ti\u1ebfp 0\/1-10V 0\/1 \u2013 10V (ch\u00ednh x\u00e1c \u00a01%).<\/li>\n<li>DALI.<\/li>\n<li>M\u1ea1ng truy\u1ec1n th\u00f4ng kh\u00f4ng d\u00e2y.<\/li>\n<\/ul>\n<h2>Thi\u1ebft b\u1ecb Chi\u1ebfu s\u00e1ng th\u00f4ng minh<\/h2>\n<ul>\n<li>Ch\u1ebf \u0111\u1ed9 giao ti\u1ebfp Zigbee \/ RF\/ Lora\/ Mesh network (t\u00f9y ch\u1ecdn).<\/li>\n<li>Ch\u1ebf \u0111\u1ed9 \u0111i\u1ec1u ch\u1ebf \u0110i\u1ec1u ch\u1ebf :\u00a0 BPSK.<\/li>\n<li>Gi\u1ea3i \u0111i\u1ec3u ch\u1ebf : OQPSK<\/li>\n<li>T\u1ea7n s\u1ed1 ho\u1ea1t \u0111\u1ed9ng 2405 \u2013 2485 MHz<\/li>\n<li>C\u00f4ng su\u1ea5t thu ph\u00e1t C\u00f4ng su\u1ea5t ph\u00e1t t\u1ed1i \u0111a : 27dBm<\/li>\n<li>\u0110\u1ed9 nh\u1ea1y thu t\u1ed1i \u0111a : &#8211; 99dBm<\/li>\n<li>Kho\u1ea3ng c\u00e1ch truy\u1ec1n nh\u1eadn t\u1ed1i \u0111a 200m<\/li>\n<li>Nhi\u1ec7t \u0111\u1ed9 ho\u1ea1t \u0111\u1ed9ng -20oC &#8211; 70oC<\/li>\n<li>\u0110\u1ed9 \u1ea9m t\u01b0\u01a1ng \u0111\u1ed1i ho\u1ea1t \u0111\u1ed9ng 20 ~ 90%RH (kh\u00f4ng ng\u01b0ng t\u1ee5)<\/li>\n<li>Nhi\u1ec7t \u0111\u1ed9 v\u00e0 \u0111\u1ed9 \u1ea9m l\u01b0u tr\u1eef-40oC &#8211; 85oC, 20 ~ 90%RH<\/li>\n<li>Kh\u1ea3 n\u0103ng ch\u1ed1ng gai \u0111i\u1ec7n \u00e1p EN 61000-4-4<\/li>\n<li>Kh\u1ea3 n\u0103ng ch\u1ed1ng s\u00e9t EN 61000-4-5<\/li>\n<li>Kh\u1ea3 n\u0103ng ch\u1ed1ng t\u0129nh \u0111i\u1ec7n EN 61000-4-2<\/li>\n<li>Kh\u1ea3 n\u0103ng mi\u1ec5n nhi\u1ec5m t\u1eeb tr\u01b0\u1eddng EN 61000-4-8<\/li>\n<li>\u0110\u1ed9 k\u00edn IP65<\/li>\n<\/ul>\n<p>&nbsp;<\/p>\n<h2>B\u1ed9 \u0111i\u1ec1u khi\u1ec3n \u0111\u00e8n th\u00f4ng minh :<\/h2>\n<ul>\n<li>Vilight c\u00f3 c\u00e1c thi\u1ebft b\u1ecb \u0111i\u1ec1u khi\u1ec3n \u0111\u00e8n th\u00f4ng minh \u0111\u01b0\u1ee3c s\u1ea3n xu\u1ea5t theo h\u1ed3 s\u01a1 thi\u1ebft k\u1ebf \u0111\u01b0\u1ee3c duy\u1ec7t.<\/li>\n<li>Bao g\u1ed3m c\u00e1c ti\u00eau chu\u1ea9n k\u1ebft n\u1ed1i c\u00f3 d\u00e2y, kh\u00f4ng d\u00e2y, c\u00e1c ti\u00eau chu\u1ea9n hi\u1ec7n \u0111\u1ea1i nh\u1ea5t hi\u1ec7n h\u00e0nh.<\/li>\n<li>C\u00e1c thi\u1ebft b\u1ecb \u0111i\u1ec1u khi\u1ec3n chi\u1ebfu s\u00e1ng th\u00f4ng minh c\u00f3 d\u00e2y \u0111\u01b0\u1ee3c s\u1eed d\u1ee5ng ri\u00eang bi\u1ec7t \u0111\u1ec3 \u0111i\u1ec1u khi\u1ec3n c\u00e1c lo\u1ea1i \u0111\u00e8n \u00e2m \u0111\u1ea5t, \u0111\u00e8n trang tr\u00ed s\u00e2n v\u01b0\u1eddn, \u0111\u00e8n d\u1eabn l\u1ed1i, c\u00e1c lo\u1ea1i \u0111\u00e8n chi\u1ebfu s\u00e1ng c\u1ea3nh quan.<\/li>\n<li>Sau khi l\u1eafp \u0111\u1eb7t, th\u00f4ng qua ph\u1ea7n m\u1ec1m gi\u00e1m s\u00e1t, ng\u01b0\u1eddi v\u1eadn h\u00e0nh c\u00f3 th\u1ec3 theo d\u00f5i \u0111\u01b0\u1ee3c t\u00ecnh tr\u1ea1ng ho\u1ea1t \u0111\u1ed9ng c\u1ee7a c\u00e1c b\u1ed9 \u0111\u00e8n, c\u1ea5u h\u00ecnh \u0111\u1ed9 s\u00e1ng, \u0111i\u1ec1u ch\u1ec9nh th\u1eddi gian \u0111\u00f3ng, t\u1eaft, m\u1ee9c c\u00f4ng su\u1ea5t \u1edf t\u1eebng th\u1eddi \u0111i\u1ec3m \u0111\u1ec3 \u0111\u1ea3m b\u1ea3o y\u1ebfu t\u1ed1 m\u1ef9 thu\u1eadt.<br \/>\nhide<img decoding=\"async\" data-src=\"https:\/\/vilight.vn\/website\/wp-content\/uploads\/2025\/02\/mo-hinh-thiet-bi-dieu-khien-den-ket-noi-4g-voi-server.jpg#4949\" alt=\"mo hinh thiet bi dieu khien den ket noi 4g voi server\" src=\"data:image\/svg+xml;base64,PHN2ZyB3aWR0aD0iMSIgaGVpZ2h0PSIxIiB4bWxucz0iaHR0cDovL3d3dy53My5vcmcvMjAwMC9zdmciPjwvc3ZnPg==\" class=\"lazyload\" style=\"--smush-placeholder-width: 1796px; --smush-placeholder-aspect-ratio: 1796\/998;\" \/><br \/>\nfull<br \/>\n\u0110i\u1ec1u khi\u1ec3n chi\u1ebfu s\u00e1ng th\u00f4ng minh<br \/>\nM\u00f4 h\u00ecnh k\u1ebft n\u1ed1i tr\u1ef1c ti\u1ebfp t\u1eeb b\u1ed9 \u0111i\u1ec1u khi\u1ec3n v\u1ec1 trung t\u00e2m<br \/>\ncontain<br \/>\ncenter center<br \/>\nhide<\/li>\n<\/ul>\n","protected":false},"excerpt":{"rendered":"<p style=\"text-align: justify;\">B\u1ed9 \u0111i\u1ec1u khi\u1ec3n \u0111\u00e8n chi\u1ebfu s\u00e1ng th\u00f4ng minh Idim, \u0111\u01b0\u1ee3c thi\u1ebft k\u1ebf linh ho\u1ea1t, bao g\u1ed3m c\u00e1c phi\u00ean b\u1ea3n k\u1ebft n\u1ed1i c\u00f3 d\u00e2y, k\u1ebft n\u1ed1i kh\u00f4ng d\u00e2y v\u1edbi nhi\u1ec1u ti\u00eau chu\u1ea9n v\u1ec1 t\u1ea7n s\u1ed1 s\u00f3ng, \u0111\u1ea3m b\u1ea3o t\u00ednh linh ho\u1ea1t trong vi\u1ec7c tri\u1ec3n khai, ph\u00f9 h\u1ee3p v\u1edbi nhi\u1ec1u lo\u1ea1i h\u00ecnh d\u1ef1 \u00e1n, nhi\u1ec1u y\u00eau c\u1ea7u k\u1ef9 thu\u1eadt \u0111a d\u1ea1ng. Ngo\u00e0i vi\u1ec7c \u00e1p d\u1ee5ng cho h\u1ec7 th\u1ed1ng chi\u1ebfu s\u00e1ng c\u00f4ng b\u1ed9, b\u1ed9 \u0111i\u1ec1u khi\u1ec3n th\u00f4ng minh Vilight c\u00f2n c\u00f3 phi\u00ean b\u1ea3n \u00e1p d\u1ee5ng cho chi\u1ebfu s\u00e1ng c\u1ea3nh quan, \u0111\u1ec3 ph\u1ee5c v\u1ee5 vi\u1ec7c tri\u1ec3n khai c\u00e1c k\u1ecbch b\u1ea3n chi\u1ebfu s\u00e1ng m\u1ef9 thu\u1eadt cho kh\u00f4ng gian c\u00f4ng c\u1ed9ng.<\/p>\n","protected":false},"featured_media":4948,"template":"","meta":[],"product_brand":[],"product_cat":[76],"product_tag":[],"class_list":{"0":"post-4947","1":"product","2":"type-product","3":"status-publish","4":"has-post-thumbnail","6":"product_cat-bo-dieu-khien-den","8":"first","9":"instock","10":"taxable","11":"shipping-taxable","12":"product-type-simple"},"yoast_head":"<!-- This site is optimized with the Yoast SEO Premium plugin v27.4 (Yoast SEO v27.4) - https:\/\/yoast.com\/product\/yoast-seo-premium-wordpress\/ -->\n<title>B\u1ed9 \u0111i\u1ec1u khi\u1ec3n idim - B\u1ed9 \u0111i\u1ec1u khi\u1ec3n \u0111\u00e8n th\u00f4ng minh Idim Vilight<\/title>\n<meta name=\"description\" content=\"B\u1ed9 \u0111i\u1ec1u khi\u1ec3n \u0111\u00e8n th\u00f4ng minh k\u1ebft n\u1ed1i c\u00f3 d\u00e2y ho\u1eb7c kh\u00f4ng d\u00e2y, Zigbee, Lora, nbiot, \u0111i\u1ec1u khi\u1ec3n chi\u1ebfu s\u00e1ng th\u00f4ng minh t\u1eeb trung t\u00e2m ho\u1eb7c qua app.\" \/>\n<meta name=\"robots\" content=\"index, follow, max-snippet:-1, max-image-preview:large, max-video-preview:-1\" \/>\n<link rel=\"canonical\" href=\"https:\/\/vilight.vn\/website\/san-pham\/chieu-sang-thong-minh\/bo-dieu-khien-den\/bo-dieu-khien-den-idim\/\" \/>\n<meta property=\"og:locale\" content=\"vi_VN\" \/>\n<meta property=\"og:type\" content=\"article\" \/>\n<meta property=\"og:title\" content=\"B\u1ed9 \u0111i\u1ec1u khi\u1ec3n \u0111\u00e8n Idim\" \/>\n<meta property=\"og:description\" content=\"B\u1ed9 \u0111i\u1ec1u khi\u1ec3n \u0111\u00e8n chi\u1ebfu s\u00e1ng th\u00f4ng minh Idim, \u0111\u01b0\u1ee3c thi\u1ebft k\u1ebf linh ho\u1ea1t, bao g\u1ed3m c\u00e1c phi\u00ean b\u1ea3n k\u1ebft n\u1ed1i c\u00f3 d\u00e2y, k\u1ebft n\u1ed1i kh\u00f4ng d\u00e2y v\u1edbi nhi\u1ec1u ti\u00eau chu\u1ea9n v\u1ec1 t\u1ea7n s\u1ed1 s\u00f3ng, \u0111\u1ea3m b\u1ea3o t\u00ednh linh ho\u1ea1t trong vi\u1ec7c tri\u1ec3n khai, ph\u00f9 h\u1ee3p v\u1edbi nhi\u1ec1u lo\u1ea1i h\u00ecnh d\u1ef1 \u00e1n, nhi\u1ec1u y\u00eau c\u1ea7u k\u1ef9 thu\u1eadt \u0111a d\u1ea1ng. Ngo\u00e0i vi\u1ec7c \u00e1p d\u1ee5ng cho h\u1ec7 th\u1ed1ng chi\u1ebfu s\u00e1ng c\u00f4ng b\u1ed9, b\u1ed9 \u0111i\u1ec1u khi\u1ec3n th\u00f4ng minh Vilight c\u00f2n c\u00f3 phi\u00ean b\u1ea3n \u00e1p d\u1ee5ng cho chi\u1ebfu s\u00e1ng c\u1ea3nh quan, \u0111\u1ec3 ph\u1ee5c v\u1ee5 vi\u1ec7c tri\u1ec3n khai c\u00e1c k\u1ecbch b\u1ea3n chi\u1ebfu s\u00e1ng m\u1ef9 thu\u1eadt cho kh\u00f4ng gian c\u00f4ng c\u1ed9ng.\" \/>\n<meta property=\"og:url\" content=\"https:\/\/vilight.vn\/website\/san-pham\/chieu-sang-thong-minh\/bo-dieu-khien-den\/bo-dieu-khien-den-idim\/\" \/>\n<meta property=\"og:site_name\" content=\"Vilight Co.ltd\" \/>\n<meta property=\"article:publisher\" content=\"http:\/\/facebook.com\/vilight.vn\" \/>\n<meta property=\"article:modified_time\" content=\"2025-02-25T10:08:30+00:00\" \/>\n<meta property=\"og:image\" content=\"https:\/\/vilight.vn\/website\/wp-content\/uploads\/2025\/02\/bo-dieu-khien-den-chieu-sang-thong-minh-idim.png\" \/>\n\t<meta property=\"og:image:width\" content=\"600\" \/>\n\t<meta property=\"og:image:height\" content=\"601\" \/>\n\t<meta property=\"og:image:type\" content=\"image\/png\" \/>\n<meta name=\"twitter:card\" content=\"summary_large_image\" \/>\n<meta name=\"twitter:label1\" content=\"Gi\u00e1\" \/>\n\t<meta name=\"twitter:data1\" content=\"\" \/>\n\t<meta name=\"twitter:label2\" content=\"Kh\u1ea3 d\u1ee5ng\" \/>\n\t<meta name=\"twitter:data2\" content=\"Trong kho\" \/>\n<script type=\"application\/ld+json\" class=\"yoast-schema-graph\">{\"@context\":\"https:\\\/\\\/schema.org\",\"@graph\":[{\"@type\":\"WebPage\",\"@id\":\"https:\\\/\\\/vilight.vn\\\/website\\\/san-pham\\\/chieu-sang-thong-minh\\\/bo-dieu-khien-den\\\/bo-dieu-khien-den-idim\\\/\",\"url\":\"https:\\\/\\\/vilight.vn\\\/website\\\/san-pham\\\/chieu-sang-thong-minh\\\/bo-dieu-khien-den\\\/bo-dieu-khien-den-idim\\\/\",\"name\":\"B\u1ed9 \u0111i\u1ec1u khi\u1ec3n idim - B\u1ed9 \u0111i\u1ec1u khi\u1ec3n \u0111\u00e8n th\u00f4ng minh Idim Vilight\",\"isPartOf\":{\"@id\":\"https:\\\/\\\/vilight.vn\\\/website\\\/#website\"},\"primaryImageOfPage\":{\"@id\":\"https:\\\/\\\/vilight.vn\\\/website\\\/san-pham\\\/chieu-sang-thong-minh\\\/bo-dieu-khien-den\\\/bo-dieu-khien-den-idim\\\/#primaryimage\"},\"image\":{\"@id\":\"https:\\\/\\\/vilight.vn\\\/website\\\/san-pham\\\/chieu-sang-thong-minh\\\/bo-dieu-khien-den\\\/bo-dieu-khien-den-idim\\\/#primaryimage\"},\"thumbnailUrl\":\"https:\\\/\\\/vilight.vn\\\/website\\\/wp-content\\\/uploads\\\/2025\\\/02\\\/bo-dieu-khien-den-chieu-sang-thong-minh-idim.jpg\",\"datePublished\":\"2025-02-25T10:06:23+00:00\",\"dateModified\":\"2025-02-25T10:08:30+00:00\",\"description\":\"B\u1ed9 \u0111i\u1ec1u khi\u1ec3n \u0111\u00e8n th\u00f4ng minh k\u1ebft n\u1ed1i c\u00f3 d\u00e2y ho\u1eb7c kh\u00f4ng d\u00e2y, Zigbee, Lora, nbiot, \u0111i\u1ec1u khi\u1ec3n chi\u1ebfu s\u00e1ng th\u00f4ng minh t\u1eeb trung t\u00e2m ho\u1eb7c qua app.\",\"breadcrumb\":{\"@id\":\"https:\\\/\\\/vilight.vn\\\/website\\\/san-pham\\\/chieu-sang-thong-minh\\\/bo-dieu-khien-den\\\/bo-dieu-khien-den-idim\\\/#breadcrumb\"},\"inLanguage\":\"vi\",\"potentialAction\":[{\"@type\":\"ReadAction\",\"target\":[\"https:\\\/\\\/vilight.vn\\\/website\\\/san-pham\\\/chieu-sang-thong-minh\\\/bo-dieu-khien-den\\\/bo-dieu-khien-den-idim\\\/\"]}]},{\"@type\":\"ImageObject\",\"inLanguage\":\"vi\",\"@id\":\"https:\\\/\\\/vilight.vn\\\/website\\\/san-pham\\\/chieu-sang-thong-minh\\\/bo-dieu-khien-den\\\/bo-dieu-khien-den-idim\\\/#primaryimage\",\"url\":\"https:\\\/\\\/vilight.vn\\\/website\\\/wp-content\\\/uploads\\\/2025\\\/02\\\/bo-dieu-khien-den-chieu-sang-thong-minh-idim.jpg\",\"contentUrl\":\"https:\\\/\\\/vilight.vn\\\/website\\\/wp-content\\\/uploads\\\/2025\\\/02\\\/bo-dieu-khien-den-chieu-sang-thong-minh-idim.jpg\",\"width\":600,\"height\":601},{\"@type\":\"BreadcrumbList\",\"@id\":\"https:\\\/\\\/vilight.vn\\\/website\\\/san-pham\\\/chieu-sang-thong-minh\\\/bo-dieu-khien-den\\\/bo-dieu-khien-den-idim\\\/#breadcrumb\",\"itemListElement\":[{\"@type\":\"ListItem\",\"position\":1,\"name\":\"Home\",\"item\":\"https:\\\/\\\/vilight.vn\\\/website\\\/\"},{\"@type\":\"ListItem\",\"position\":2,\"name\":\"store\",\"item\":\"https:\\\/\\\/vilight.vn\\\/website\\\/store\\\/\"},{\"@type\":\"ListItem\",\"position\":3,\"name\":\"B\u1ed9 \u0111i\u1ec1u khi\u1ec3n \u0111\u00e8n Idim\"}]},{\"@type\":\"WebSite\",\"@id\":\"https:\\\/\\\/vilight.vn\\\/website\\\/#website\",\"url\":\"https:\\\/\\\/vilight.vn\\\/website\\\/\",\"name\":\"Vilight Co.ltd\",\"description\":\"Chi\u1ebfu s\u00e1ng m\u1ef9 thu\u1eadt, chi\u1ebfu s\u00e1ng th\u00f4ng minh, LED Pixel 3D, chi\u1ebfu s\u00e1ng trang tr\u00ed \u0111\u00f4 th\u1ecb, chi\u1ebfu s\u00e1ng v\u00f2ng xoay, chi\u1ebfu s\u00e1ng \u0111\u1ea3o giao th\u00f4ng, c\u1ed5ng ch\u00e0o \u0111\u00f4 th\u1ecb\",\"publisher\":{\"@id\":\"https:\\\/\\\/vilight.vn\\\/website\\\/#organization\"},\"potentialAction\":[{\"@type\":\"SearchAction\",\"target\":{\"@type\":\"EntryPoint\",\"urlTemplate\":\"https:\\\/\\\/vilight.vn\\\/website\\\/?s={search_term_string}\"},\"query-input\":{\"@type\":\"PropertyValueSpecification\",\"valueRequired\":true,\"valueName\":\"search_term_string\"}}],\"inLanguage\":\"vi\"},{\"@type\":\"Organization\",\"@id\":\"https:\\\/\\\/vilight.vn\\\/website\\\/#organization\",\"name\":\"Vilight\",\"url\":\"https:\\\/\\\/vilight.vn\\\/website\\\/\",\"logo\":{\"@type\":\"ImageObject\",\"inLanguage\":\"vi\",\"@id\":\"https:\\\/\\\/vilight.vn\\\/website\\\/#\\\/schema\\\/logo\\\/image\\\/\",\"url\":\"https:\\\/\\\/vilight.vn\\\/website\\\/wp-content\\\/uploads\\\/2022\\\/05\\\/chieu_sang_trang_tri_do_thi_bang_den_led_pixel.png\",\"contentUrl\":\"https:\\\/\\\/vilight.vn\\\/website\\\/wp-content\\\/uploads\\\/2022\\\/05\\\/chieu_sang_trang_tri_do_thi_bang_den_led_pixel.png\",\"width\":800,\"height\":427,\"caption\":\"Vilight\"},\"image\":{\"@id\":\"https:\\\/\\\/vilight.vn\\\/website\\\/#\\\/schema\\\/logo\\\/image\\\/\"},\"sameAs\":[\"http:\\\/\\\/facebook.com\\\/vilight.vn\",\"https:\\\/\\\/www.linkedin.com\\\/company\\\/vilight-vn\",\"https:\\\/\\\/www.youtube.com\\\/channel\\\/UCEwR2naeDcuarMX1kSv_rLQ\\\/videos\"]}]}<\/script>\n<meta property=\"product:brand\" content=\"B\u1ed9 \u0111i\u1ec1u khi\u1ec3n \u0111\u00e8n\" \/>\n<meta property=\"product:price:currency\" content=\"VND\" \/>\n<meta property=\"og:availability\" content=\"instock\" \/>\n<meta property=\"product:availability\" content=\"instock\" \/>\n<meta property=\"product:condition\" content=\"new\" \/>\n<!-- \/ Yoast SEO Premium plugin. -->","yoast_head_json":{"title":"B\u1ed9 \u0111i\u1ec1u khi\u1ec3n idim - B\u1ed9 \u0111i\u1ec1u khi\u1ec3n \u0111\u00e8n th\u00f4ng minh Idim Vilight","description":"B\u1ed9 \u0111i\u1ec1u khi\u1ec3n \u0111\u00e8n th\u00f4ng minh k\u1ebft n\u1ed1i c\u00f3 d\u00e2y ho\u1eb7c kh\u00f4ng d\u00e2y, Zigbee, Lora, nbiot, \u0111i\u1ec1u khi\u1ec3n chi\u1ebfu s\u00e1ng th\u00f4ng minh t\u1eeb trung t\u00e2m ho\u1eb7c qua app.","robots":{"index":"index","follow":"follow","max-snippet":"max-snippet:-1","max-image-preview":"max-image-preview:large","max-video-preview":"max-video-preview:-1"},"canonical":"https:\/\/vilight.vn\/website\/san-pham\/chieu-sang-thong-minh\/bo-dieu-khien-den\/bo-dieu-khien-den-idim\/","og_locale":"vi_VN","og_type":"article","og_title":"B\u1ed9 \u0111i\u1ec1u khi\u1ec3n \u0111\u00e8n Idim","og_description":"B\u1ed9 \u0111i\u1ec1u khi\u1ec3n \u0111\u00e8n chi\u1ebfu s\u00e1ng th\u00f4ng minh Idim, \u0111\u01b0\u1ee3c thi\u1ebft k\u1ebf linh ho\u1ea1t, bao g\u1ed3m c\u00e1c phi\u00ean b\u1ea3n k\u1ebft n\u1ed1i c\u00f3 d\u00e2y, k\u1ebft n\u1ed1i kh\u00f4ng d\u00e2y v\u1edbi nhi\u1ec1u ti\u00eau chu\u1ea9n v\u1ec1 t\u1ea7n s\u1ed1 s\u00f3ng, \u0111\u1ea3m b\u1ea3o t\u00ednh linh ho\u1ea1t trong vi\u1ec7c tri\u1ec3n khai, ph\u00f9 h\u1ee3p v\u1edbi nhi\u1ec1u lo\u1ea1i h\u00ecnh d\u1ef1 \u00e1n, nhi\u1ec1u y\u00eau c\u1ea7u k\u1ef9 thu\u1eadt \u0111a d\u1ea1ng. Ngo\u00e0i vi\u1ec7c \u00e1p d\u1ee5ng cho h\u1ec7 th\u1ed1ng chi\u1ebfu s\u00e1ng c\u00f4ng b\u1ed9, b\u1ed9 \u0111i\u1ec1u khi\u1ec3n th\u00f4ng minh Vilight c\u00f2n c\u00f3 phi\u00ean b\u1ea3n \u00e1p d\u1ee5ng cho chi\u1ebfu s\u00e1ng c\u1ea3nh quan, \u0111\u1ec3 ph\u1ee5c v\u1ee5 vi\u1ec7c tri\u1ec3n khai c\u00e1c k\u1ecbch b\u1ea3n chi\u1ebfu s\u00e1ng m\u1ef9 thu\u1eadt cho kh\u00f4ng gian c\u00f4ng c\u1ed9ng.","og_url":"https:\/\/vilight.vn\/website\/san-pham\/chieu-sang-thong-minh\/bo-dieu-khien-den\/bo-dieu-khien-den-idim\/","og_site_name":"Vilight Co.ltd","article_publisher":"http:\/\/facebook.com\/vilight.vn","article_modified_time":"2025-02-25T10:08:30+00:00","og_image":[{"width":600,"height":601,"url":"https:\/\/vilight.vn\/website\/wp-content\/uploads\/2025\/02\/bo-dieu-khien-den-chieu-sang-thong-minh-idim.png","type":"image\/png"}],"twitter_card":"summary_large_image","twitter_misc":{"Gi\u00e1":"","Kh\u1ea3 d\u1ee5ng":"Trong kho"},"schema":{"@context":"https:\/\/schema.org","@graph":[{"@type":"WebPage","@id":"https:\/\/vilight.vn\/website\/san-pham\/chieu-sang-thong-minh\/bo-dieu-khien-den\/bo-dieu-khien-den-idim\/","url":"https:\/\/vilight.vn\/website\/san-pham\/chieu-sang-thong-minh\/bo-dieu-khien-den\/bo-dieu-khien-den-idim\/","name":"B\u1ed9 \u0111i\u1ec1u khi\u1ec3n idim - B\u1ed9 \u0111i\u1ec1u khi\u1ec3n \u0111\u00e8n th\u00f4ng minh Idim Vilight","isPartOf":{"@id":"https:\/\/vilight.vn\/website\/#website"},"primaryImageOfPage":{"@id":"https:\/\/vilight.vn\/website\/san-pham\/chieu-sang-thong-minh\/bo-dieu-khien-den\/bo-dieu-khien-den-idim\/#primaryimage"},"image":{"@id":"https:\/\/vilight.vn\/website\/san-pham\/chieu-sang-thong-minh\/bo-dieu-khien-den\/bo-dieu-khien-den-idim\/#primaryimage"},"thumbnailUrl":"https:\/\/vilight.vn\/website\/wp-content\/uploads\/2025\/02\/bo-dieu-khien-den-chieu-sang-thong-minh-idim.jpg","datePublished":"2025-02-25T10:06:23+00:00","dateModified":"2025-02-25T10:08:30+00:00","description":"B\u1ed9 \u0111i\u1ec1u khi\u1ec3n \u0111\u00e8n th\u00f4ng minh k\u1ebft n\u1ed1i c\u00f3 d\u00e2y ho\u1eb7c kh\u00f4ng d\u00e2y, Zigbee, Lora, nbiot, \u0111i\u1ec1u khi\u1ec3n chi\u1ebfu s\u00e1ng th\u00f4ng minh t\u1eeb trung t\u00e2m ho\u1eb7c qua app.","breadcrumb":{"@id":"https:\/\/vilight.vn\/website\/san-pham\/chieu-sang-thong-minh\/bo-dieu-khien-den\/bo-dieu-khien-den-idim\/#breadcrumb"},"inLanguage":"vi","potentialAction":[{"@type":"ReadAction","target":["https:\/\/vilight.vn\/website\/san-pham\/chieu-sang-thong-minh\/bo-dieu-khien-den\/bo-dieu-khien-den-idim\/"]}]},{"@type":"ImageObject","inLanguage":"vi","@id":"https:\/\/vilight.vn\/website\/san-pham\/chieu-sang-thong-minh\/bo-dieu-khien-den\/bo-dieu-khien-den-idim\/#primaryimage","url":"https:\/\/vilight.vn\/website\/wp-content\/uploads\/2025\/02\/bo-dieu-khien-den-chieu-sang-thong-minh-idim.jpg","contentUrl":"https:\/\/vilight.vn\/website\/wp-content\/uploads\/2025\/02\/bo-dieu-khien-den-chieu-sang-thong-minh-idim.jpg","width":600,"height":601},{"@type":"BreadcrumbList","@id":"https:\/\/vilight.vn\/website\/san-pham\/chieu-sang-thong-minh\/bo-dieu-khien-den\/bo-dieu-khien-den-idim\/#breadcrumb","itemListElement":[{"@type":"ListItem","position":1,"name":"Home","item":"https:\/\/vilight.vn\/website\/"},{"@type":"ListItem","position":2,"name":"store","item":"https:\/\/vilight.vn\/website\/store\/"},{"@type":"ListItem","position":3,"name":"B\u1ed9 \u0111i\u1ec1u khi\u1ec3n \u0111\u00e8n Idim"}]},{"@type":"WebSite","@id":"https:\/\/vilight.vn\/website\/#website","url":"https:\/\/vilight.vn\/website\/","name":"Vilight Co.ltd","description":"Chi\u1ebfu s\u00e1ng m\u1ef9 thu\u1eadt, chi\u1ebfu s\u00e1ng th\u00f4ng minh, LED Pixel 3D, chi\u1ebfu s\u00e1ng trang tr\u00ed \u0111\u00f4 th\u1ecb, chi\u1ebfu s\u00e1ng v\u00f2ng xoay, chi\u1ebfu s\u00e1ng \u0111\u1ea3o giao th\u00f4ng, c\u1ed5ng ch\u00e0o \u0111\u00f4 th\u1ecb","publisher":{"@id":"https:\/\/vilight.vn\/website\/#organization"},"potentialAction":[{"@type":"SearchAction","target":{"@type":"EntryPoint","urlTemplate":"https:\/\/vilight.vn\/website\/?s={search_term_string}"},"query-input":{"@type":"PropertyValueSpecification","valueRequired":true,"valueName":"search_term_string"}}],"inLanguage":"vi"},{"@type":"Organization","@id":"https:\/\/vilight.vn\/website\/#organization","name":"Vilight","url":"https:\/\/vilight.vn\/website\/","logo":{"@type":"ImageObject","inLanguage":"vi","@id":"https:\/\/vilight.vn\/website\/#\/schema\/logo\/image\/","url":"https:\/\/vilight.vn\/website\/wp-content\/uploads\/2022\/05\/chieu_sang_trang_tri_do_thi_bang_den_led_pixel.png","contentUrl":"https:\/\/vilight.vn\/website\/wp-content\/uploads\/2022\/05\/chieu_sang_trang_tri_do_thi_bang_den_led_pixel.png","width":800,"height":427,"caption":"Vilight"},"image":{"@id":"https:\/\/vilight.vn\/website\/#\/schema\/logo\/image\/"},"sameAs":["http:\/\/facebook.com\/vilight.vn","https:\/\/www.linkedin.com\/company\/vilight-vn","https:\/\/www.youtube.com\/channel\/UCEwR2naeDcuarMX1kSv_rLQ\/videos"]}]},"product_brand":"B\u1ed9 \u0111i\u1ec1u khi\u1ec3n \u0111\u00e8n","product_price_currency":"VND","og_availability":"instock","product_availability":"instock","product_condition":"new"},"_links":{"self":[{"href":"https:\/\/vilight.vn\/website\/wp-json\/wp\/v2\/product\/4947","targetHints":{"allow":["GET"]}}],"collection":[{"href":"https:\/\/vilight.vn\/website\/wp-json\/wp\/v2\/product"}],"about":[{"href":"https:\/\/vilight.vn\/website\/wp-json\/wp\/v2\/types\/product"}],"wp:featuredmedia":[{"embeddable":true,"href":"https:\/\/vilight.vn\/website\/wp-json\/wp\/v2\/media\/4948"}],"wp:attachment":[{"href":"https:\/\/vilight.vn\/website\/wp-json\/wp\/v2\/media?parent=4947"}],"wp:term":[{"taxonomy":"product_brand","embeddable":true,"href":"https:\/\/vilight.vn\/website\/wp-json\/wp\/v2\/product_brand?post=4947"},{"taxonomy":"product_cat","embeddable":true,"href":"https:\/\/vilight.vn\/website\/wp-json\/wp\/v2\/product_cat?post=4947"},{"taxonomy":"product_tag","embeddable":true,"href":"https:\/\/vilight.vn\/website\/wp-json\/wp\/v2\/product_tag?post=4947"}],"curies":[{"name":"wp","href":"https:\/\/api.w.org\/{rel}","templated":true}]}}