{"id":994,"date":"2021-05-26T14:01:06","date_gmt":"2021-05-26T07:01:06","guid":{"rendered":"http:\/\/vilight.vn\/website\/?post_type=product&#038;p=994"},"modified":"2025-10-10T17:30:35","modified_gmt":"2025-10-10T10:30:35","slug":"bo-dieu-khien-trung-tam-icenter","status":"publish","type":"product","link":"https:\/\/vilight.vn\/website\/san-pham\/chieu-sang-thong-minh\/tu-chieu-sang-thong-minh\/bo-dieu-khien-trung-tam-icenter\/","title":{"rendered":"B\u1ed9 \u0111i\u1ec1u khi\u1ec3n Icenter"},"content":{"rendered":"<h2>B\u1ed9 \u0111i\u1ec1u khi\u1ec3n Icenter<\/h2>\n<p><img decoding=\"async\" data-src=\"https:\/\/vilight.vn\/website\/wp-content\/uploads\/2021\/05\/ICENTER-e1714365551145.jpg\" alt=\"B\u1ed9 \u0111i\u1ec1u khi\u1ec3n trung t\u00e2m Icenter, b\u1ed9 \u0111i\u1ec1u khi\u1ec3n trung t\u00e2m trong t\u1ee7 \u0111i\u1ec1u khi\u1ec3n chi\u1ebfu s\u00e1ng th\u00f4ng minh, b\u1ed9 \u0111i\u1ec1u khi\u1ec3n \u0111\u00e8n \u0111\u01b0\u1eddng th\u00f4ng minh.\" src=\"data:image\/svg+xml;base64,PHN2ZyB3aWR0aD0iMSIgaGVpZ2h0PSIxIiB4bWxucz0iaHR0cDovL3d3dy53My5vcmcvMjAwMC9zdmciPjwvc3ZnPg==\" class=\"lazyload\" style=\"--smush-placeholder-width: 1198px; --smush-placeholder-aspect-ratio: 1198\/399;\" \/> B\u1ed9 \u0111i\u1ec1u khi\u1ec3n trung t\u00e2m Icenter<\/p>\n<h3>T\u00ednh n\u0103ng k\u1ef9 thu\u1eadt b\u1ed9 \u0111i\u1ec1u khi\u1ec3n chi\u1ebfu s\u00e1ng th\u00f4ng minh :<\/h3>\n<ul>\n<li>T\u00cdNH N\u0102NG K\u1ef8 THU\u1eacT B\u1ed8 \u0110I\u1ec0U KHI\u1ec2N TRUNG T\u00c2M Icenter.<\/li>\n<li>Thu th\u1eadp &amp; l\u01b0u tr\u1eef d\u1eef li\u1ec7u.<\/li>\n<li>Thu th\u1eadp d\u1eef li\u1ec7u ho\u1ea1t \u0111\u1ed9ng (\u0110i\u1ec7n \u00e1p l\u01b0\u1edbi, D\u00f2ng \u0111i\u1ec7n ti\u00eau th\u1ee5,C\u00f4ng su\u1ea5t S, Q, P, PF 3 pha.<\/li>\n<li>L\u01b0u tr\u1eef c\u00e1c gi\u00e1 tr\u1ecb thu th\u1eadp trong tr\u01b0\u1eddng h\u1ee3p t\u1ee7 kh\u00f4ng k\u1ebft n\u1ed1i v\u1ec1 Trung t\u00e2m.<\/li>\n<li>Gi\u00e1m s\u00e1t.<\/li>\n<li>Gi\u00e1m s\u00e1t tr\u1ea1ng th\u00e1i ho\u1ea1t \u0111\u1ed9ng c\u1ee7a t\u1ee7 (\u0111\u00f3ng, t\u1eaft\u2026).<\/li>\n<li>Gi\u00e1m s\u00e1t tr\u1ea1ng th\u00e1i ho\u1ea1t \u0111\u1ed9ng c\u1ee7a c\u00e1c contactor.<\/li>\n<li>Gi\u00e1m s\u00e1t th\u00f4ng s\u1ed1 ho\u1ea1t \u0111\u1ed9ng c\u1ee7a t\u1ee7 theo th\u1eddi gian th\u1ef1c bao g\u1ed3m :.<\/li>\n<li>+ \u0110i\u1ec7n \u00e1p l\u01b0\u1edbi.<\/li>\n<li>+ D\u00f2ng \u0111i\u1ec7n ti\u00eau th\u1ee5.<\/li>\n<li>+ C\u00f4ng su\u1ea5t S, Q, P, PF 3 pha.<\/li>\n<li>Hi\u1ec3n th\u1ecb M\u00e0n h\u00ecnh LCD.<\/li>\n<li>C\u00e0i \u0111\u1eb7t t\u1ea1i t\u1ee7 (khi kh\u00f4ng k\u1ebft n\u1ed1i trung t\u00e2m).<\/li>\n<li>C\u00e0i \u0111\u1eb7t b\u1eb1ng b\u00e0n ph\u00edm (S\u1eed d\u1ee5ng t\u01b0\u01a1ng t\u1ef1 b\u1ed9 PLC Omron).<\/li>\n<li>C\u00e0i \u0111\u1eb7t t\u1eeb trung t\u00e2m.<\/li>\n<li>C\u00e0i \u0111\u1eb7t th\u1eddi gian th\u1ef1c t\u1eeb trung t\u00e2m.<\/li>\n<li>C\u00e0i \u0111\u1eb7t l\u1ecbch ho\u1ea1t \u0111\u1ed9ng (th\u1eddi gian \u0111\u00f3ng, t\u1eaft, th\u1eddi gian v\u00e0 m\u1ee9c ti\u1ebft gi\u1ea3m c\u00f4ng su\u1ea5t \u2013 n\u1ebfu c\u00f3) c\u1ee7a t\u1ee7 t\u1eeb trung t\u00e2m.<\/li>\n<li>\u0110i\u1ec1u khi\u1ec3n t\u1ee9c th\u1eddi.<\/li>\n<li>C\u1ea3nh b\u00e1o s\u1ef1 c\u1ed1.<\/li>\n<li>Hi\u1ec3n th\u1ecb n\u1ed9i dung s\u1ef1 c\u1ed1 tr\u00ean m\u00e0n h\u00ecnh LCD.<\/li>\n<li>C\u1ea3nh b\u00e1o s\u1ef1 c\u1ed1 v\u1ec1 trung t\u00e2m.<\/li>\n<li>\u0110i\u1ec1u khi\u1ec3n theo \u00e1nh s\u00e1ng m\u00f4i tr\u01b0\u1eddng.<\/li>\n<li>T\u1ef1 \u0111\u1ed9ng b\u1eadt\/t\u1eaft \u0111\u00e8n theo \u00e1nh s\u00e1ng m\u00f4i tr\u01b0\u1eddng.<\/li>\n<li>Ng\u01b0\u1ee1ng b\u1eadt\/t\u1eaft \u0111\u01b0\u1ee3c c\u00e0i \u0111\u1eb7t t\u1eeb trung t\u00e2m ho\u1eb7c t\u1ea1i t\u1ee7.<\/li>\n<li>Chu k\u1ef3 c\u1eadp nh\u1eadt d\u1eef li\u1ec7u v\u1ec1 trung t\u00e2mT\u1ed1i \u0111a 60s.<\/li>\n<\/ul>\n<h3>C\u00e1c th\u00f4ng s\u1ed1 k\u1ef9 thu\u1eadt c\u01a1 b\u1ea3n c\u1ee7a thi\u1ebft b\u1ecb :<\/h3>\n<ul>\n<li>T\u00ednh n\u0103ngM\u1ed9t s\u1ed1 Th\u00f4ng s\u1ed1 k\u1ef9 thu\u1eadt c\u01a1 b\u1ea3n.<\/li>\n<li>\u0110i\u1ec7n \u00e1p ho\u1ea1t \u0111\u1ed9ng 220VAC.<\/li>\n<li>Nhi\u1ec7t \u0111\u1ed9 ho\u1ea1t \u0111\u1ed9ng0-60\u00b0C.<\/li>\n<li>Ng\u00f5 raT\u1ed1i thi\u1ec3u 03 ng\u00f5 ra 5A, 240VAC.<\/li>\n<li>Ng\u00f5 v\u00e0oT\u1ed1i thi\u1ec3u 04 ng\u00f5 v\u00e0o Digital 220VAC, 01 ng\u00f5 v\u00e0o Analog.<\/li>\n<li>Th\u1eddi gian th\u1ef1c.<\/li>\n<li>Ho\u1ea1t \u0111\u1ed9ng theo th\u1eddi gian th\u1ef1c, \u0111\u1ed3ng b\u1ed9 t\u1eeb trung t\u00e2m \u0111i\u1ec1u khi\u1ec3n.<\/li>\n<li>Giao ti\u1ebfp truy\u1ec1n th\u00f4ng- ZigBee, RF, Bluetooth.<\/li>\n<li>Giao ti\u1ebfp Modem GSM\/GPRS\/2G\/3G.<\/li>\n<li>Giao ti\u1ebfp c\u00f4ng t\u01a1 \u0111i\u1ec7n t\u1eed ho\u1eb7c \u0111\u1ed3ng h\u1ed3 \u0111o \u0111i\u1ec7n \u0111a n\u0103ng.<\/li>\n<li>M\u1edf r\u1ed9ng giao ti\u1ebfp \u0111\u1ebfn c\u00e1c c\u1ea3m bi\u1ebfn v\u00e0 thi\u1ebft b\u1ecb \u0111\u1ea7u cu\u1ed1i kh\u00e1c.<\/li>\n<li>M\u1edf r\u1ed9ng \u0111i\u1ec1u khi\u1ec3n, gi\u00e1m s\u00e1t \u0111\u1ebfn t\u1eebng \u0111i\u1ec3m s\u00e1ng.<\/li>\n<li>Chu\u1ea9n giao ti\u1ebfp : Modbus TCP\/IP , Modbus RTU.<\/li>\n<li>L\u01b0u \u00fd : Kh\u00e1ch h\u00e0ng c\u00f3 th\u1ec3 \u0111\u1eb7t h\u00e0ng c\u00e1c t\u00ednh n\u0103ng m\u1edf r\u1ed9ng \u0111\u1ec3 ph\u1ee5c v\u1ee5 nhu c\u1ea7u d\u1ef1 \u00e1n.<br \/>\nhide<\/p>\n<h2>b\u1ed9 \u0111i\u1ec1u khi\u1ec3n SLC100\u2013GPRS :<\/h2>\n<p>b\u1ed9 \u0111i\u1ec1u khi\u1ec3n trung t\u00e2m Icenter thay cho b\u1ed9 \u0111i\u1ec1u khi\u1ec3n SLC100\u2013GPRS<\/li>\n<\/ul>\n<p>&nbsp;<\/p>\n","protected":false},"excerpt":{"rendered":"<h2>Thay th\u1ebf cho thi\u1ebft b\u1ecb \u0111i\u1ec1u khi\u1ec3n chi\u1ebfu s\u00e1ng th\u00f4ng th\u01b0\u1eddng :<\/h2>\n<ul>\n<li style=\"text-align: justify;\">B\u1ed9 \u0111i\u1ec1u khi\u1ec3n Trung t\u00e2m Icenter, \u0111\u01b0\u1ee3c s\u1eed d\u1ee5ng \u0111\u1ec3 thay th\u1ebf cho c\u00e1c thi\u1ebft b\u1ecb \u0111i\u1ec1u khi\u1ec3n chi\u1ebfu s\u00e1ng th\u00f4ng d\u1ee5ng nh\u01b0 b\u1ed9 l\u1eadp tr\u00ecnh PLC.<\/li>\n<li style=\"text-align: justify;\">B\u1ed9 \u0111i\u1ec1u khi\u1ec3n c\u00f3 c\u00e1c n\u00fat b\u1ea5m, \u0111\u1ec3 c\u00f3 th\u1ec3 c\u00e0i \u0111\u1eb7t ch\u01b0\u01a1ng tr\u00ecnh t\u1ea1i ch\u1ed5 nh\u01b0 c\u00e1c thi\u1ebft b\u1ecb PLC.<\/li>\n<li style=\"text-align: justify;\">Giao di\u1ec7n ng\u01b0\u1eddi d\u00f9ng t\u01b0\u01a1ng t\u1ef1 PLC n\u00ean kh\u00f4ng g\u1eb7p kh\u00f3 kh\u0103n khi s\u1eed d\u1ee5ng.<\/li>\n<li style=\"text-align: justify;\">Th\u1ef1c thi l\u1ec7nh \u0111i\u1ec1u khi\u1ec3n t\u1eeb trung t\u00e2m.<\/li>\n<li style=\"text-align: justify;\">L\u01b0u tr\u1eef d\u1eef li\u1ec7u \u0111i\u1ec1u khi\u1ec3n th\u1ef1c thi c\u00e1c l\u1ec7nh \u0111i\u1ec1u khi\u1ec3n.<\/li>\n<li style=\"text-align: justify;\">C\u00e1c d\u1eef li\u1ec7u ho\u1ea1t \u0111\u1ed9ng \u0111\u01b0\u1ee3c truy\u1ec1n v\u1ec1 trung t\u00e2m li\u00ean t\u1ee5c theo th\u1eddi gian th\u1ef1c.<\/li>\n<li style=\"text-align: justify;\">B\u1ed9 \u0111i\u1ec1u khi\u1ec3n k\u1ebft n\u1ed1i \u0111\u1ec3 \u0111i\u1ec1u khi\u1ec3n c\u00e1c b\u1ed9 \u0111\u00e8n th\u00f4ng qua \u0111\u01b0\u1eddng truy\u1ec1n v\u00f4 tuy\u1ebfn RF\/Zigbee\/Lora b\u1eb1ng giao th\u1ee9c m\u1ea1ng MESH &#8211; NETWORK.<\/li>\n<li style=\"text-align: justify;\">M\u00e0n h\u00ecnh LED hi\u1ec3n th\u1ecb c\u00e1c gi\u00e1 tr\u1ecb ho\u1ea1t \u0111\u1ed9ng c\u1ee7a h\u1ec7 th\u1ed1ng v\u00e0 c\u00e1c c\u1ea3nh b\u00e1o s\u1ef1 c\u1ed1.<\/li>\n<\/ul>\n","protected":false},"featured_media":1004,"template":"","meta":[],"product_brand":[],"product_cat":[74,75],"product_tag":[87],"class_list":{"0":"post-994","1":"product","2":"type-product","3":"status-publish","4":"has-post-thumbnail","6":"product_cat-chieu-sang-thong-minh","7":"product_cat-tu-chieu-sang-thong-minh","8":"product_tag-icenter","10":"first","11":"instock","12":"taxable","13":"shipping-taxable","14":"purchasable","15":"product-type-simple"},"yoast_head":"<!-- This site is optimized with the Yoast SEO Premium plugin v27.6 (Yoast SEO v27.6) - https:\/\/yoast.com\/product\/yoast-seo-premium-wordpress\/ -->\n<title>B\u1ed9 \u0111i\u1ec1u khi\u1ec3n trung t\u00e2m Icenter, \u0111i\u1ec1u khi\u1ec3n chi\u1ebfu s\u00e1ng th\u00f4ng minh<\/title>\n<meta name=\"description\" content=\"B\u1ed9 \u0111i\u1ec1u khi\u1ec3n trung t\u00e2m Icenter l\u00e0 thi\u1ebft b\u1ecb \u0111i\u1ec1u khi\u1ec3n chi\u1ebfu s\u00e1ng th\u00f4ng minh, s\u1eed d\u1ee5ng \u0111\u1ec3 gi\u00e1m s\u00e1t, v\u1eadn h\u00e0nh h\u1ec7 th\u1ed1ng chi\u1ebfu s\u00e1ng th\u00f4ng minh thay cho PLC\" \/>\n<meta name=\"robots\" content=\"index, follow, max-snippet:-1, max-image-preview:large, max-video-preview:-1\" \/>\n<link rel=\"canonical\" href=\"https:\/\/vilight.vn\/website\/san-pham\/chieu-sang-thong-minh\/tu-chieu-sang-thong-minh\/bo-dieu-khien-trung-tam-icenter\/\" \/>\n<meta property=\"og:locale\" content=\"vi_VN\" \/>\n<meta property=\"og:type\" content=\"article\" \/>\n<meta property=\"og:title\" content=\"B\u1ed9 \u0111i\u1ec1u khi\u1ec3n Icenter\" \/>\n<meta property=\"og:description\" content=\"Thay th\u1ebf cho thi\u1ebft b\u1ecb \u0111i\u1ec1u khi\u1ec3n chi\u1ebfu s\u00e1ng th\u00f4ng th\u01b0\u1eddng :   B\u1ed9 \u0111i\u1ec1u khi\u1ec3n Trung t\u00e2m Icenter, \u0111\u01b0\u1ee3c s\u1eed d\u1ee5ng \u0111\u1ec3 thay th\u1ebf cho c\u00e1c thi\u1ebft b\u1ecb \u0111i\u1ec1u khi\u1ec3n chi\u1ebfu s\u00e1ng th\u00f4ng d\u1ee5ng nh\u01b0 b\u1ed9 l\u1eadp tr\u00ecnh PLC.  B\u1ed9 \u0111i\u1ec1u khi\u1ec3n c\u00f3 c\u00e1c n\u00fat b\u1ea5m, \u0111\u1ec3 c\u00f3 th\u1ec3 c\u00e0i \u0111\u1eb7t ch\u01b0\u01a1ng tr\u00ecnh t\u1ea1i ch\u1ed5 nh\u01b0 c\u00e1c thi\u1ebft b\u1ecb PLC.  Giao di\u1ec7n ng\u01b0\u1eddi d\u00f9ng t\u01b0\u01a1ng t\u1ef1 PLC n\u00ean kh\u00f4ng g\u1eb7p kh\u00f3 kh\u0103n khi s\u1eed d\u1ee5ng.  Th\u1ef1c thi l\u1ec7nh \u0111i\u1ec1u khi\u1ec3n t\u1eeb trung t\u00e2m.  L\u01b0u tr\u1eef d\u1eef li\u1ec7u \u0111i\u1ec1u khi\u1ec3n th\u1ef1c thi c\u00e1c l\u1ec7nh \u0111i\u1ec1u khi\u1ec3n.  C\u00e1c d\u1eef li\u1ec7u ho\u1ea1t \u0111\u1ed9ng \u0111\u01b0\u1ee3c truy\u1ec1n v\u1ec1 trung t\u00e2m li\u00ean t\u1ee5c theo th\u1eddi gian th\u1ef1c.  B\u1ed9 \u0111i\u1ec1u khi\u1ec3n k\u1ebft n\u1ed1i \u0111\u1ec3 \u0111i\u1ec1u khi\u1ec3n c\u00e1c b\u1ed9 \u0111\u00e8n th\u00f4ng qua \u0111\u01b0\u1eddng truy\u1ec1n v\u00f4 tuy\u1ebfn RF\/Zigbee\/Lora b\u1eb1ng giao th\u1ee9c m\u1ea1ng MESH - NETWORK.  M\u00e0n h\u00ecnh LED hi\u1ec3n th\u1ecb c\u00e1c gi\u00e1 tr\u1ecb ho\u1ea1t \u0111\u1ed9ng c\u1ee7a h\u1ec7 th\u1ed1ng v\u00e0 c\u00e1c c\u1ea3nh b\u00e1o s\u1ef1 c\u1ed1.\" \/>\n<meta property=\"og:url\" content=\"https:\/\/vilight.vn\/website\/san-pham\/chieu-sang-thong-minh\/tu-chieu-sang-thong-minh\/bo-dieu-khien-trung-tam-icenter\/\" \/>\n<meta property=\"og:site_name\" content=\"Vilight Co.ltd\" \/>\n<meta property=\"article:publisher\" content=\"http:\/\/facebook.com\/vilight.vn\" \/>\n<meta property=\"article:modified_time\" content=\"2025-10-10T10:30:35+00:00\" \/>\n<meta property=\"og:image\" content=\"https:\/\/vilight.vn\/website\/wp-content\/uploads\/2021\/05\/ICENTER2-scaled.jpg\" \/>\n\t<meta property=\"og:image:width\" content=\"2560\" \/>\n\t<meta property=\"og:image:height\" content=\"1439\" \/>\n\t<meta property=\"og:image:type\" content=\"image\/jpeg\" \/>\n<meta name=\"twitter:card\" content=\"summary_large_image\" \/>\n<meta name=\"twitter:label1\" content=\"Gi\u00e1\" \/>\n\t<meta name=\"twitter:data1\" content=\"0&#8363;\" \/>\n\t<meta name=\"twitter:label2\" content=\"Kh\u1ea3 d\u1ee5ng\" \/>\n\t<meta name=\"twitter:data2\" content=\"Trong kho\" \/>\n<script type=\"application\/ld+json\" class=\"yoast-schema-graph\">{\"@context\":\"https:\\\/\\\/schema.org\",\"@graph\":[{\"@type\":\"WebPage\",\"@id\":\"https:\\\/\\\/vilight.vn\\\/website\\\/san-pham\\\/chieu-sang-thong-minh\\\/tu-chieu-sang-thong-minh\\\/bo-dieu-khien-trung-tam-icenter\\\/\",\"url\":\"https:\\\/\\\/vilight.vn\\\/website\\\/san-pham\\\/chieu-sang-thong-minh\\\/tu-chieu-sang-thong-minh\\\/bo-dieu-khien-trung-tam-icenter\\\/\",\"name\":\"B\u1ed9 \u0111i\u1ec1u khi\u1ec3n trung t\u00e2m Icenter, \u0111i\u1ec1u khi\u1ec3n chi\u1ebfu s\u00e1ng th\u00f4ng minh\",\"isPartOf\":{\"@id\":\"https:\\\/\\\/vilight.vn\\\/website\\\/#website\"},\"primaryImageOfPage\":{\"@id\":\"https:\\\/\\\/vilight.vn\\\/website\\\/san-pham\\\/chieu-sang-thong-minh\\\/tu-chieu-sang-thong-minh\\\/bo-dieu-khien-trung-tam-icenter\\\/#primaryimage\"},\"image\":{\"@id\":\"https:\\\/\\\/vilight.vn\\\/website\\\/san-pham\\\/chieu-sang-thong-minh\\\/tu-chieu-sang-thong-minh\\\/bo-dieu-khien-trung-tam-icenter\\\/#primaryimage\"},\"thumbnailUrl\":\"https:\\\/\\\/vilight.vn\\\/website\\\/wp-content\\\/uploads\\\/2021\\\/05\\\/ICENTER2-scaled.jpg\",\"datePublished\":\"2021-05-26T07:01:06+00:00\",\"dateModified\":\"2025-10-10T10:30:35+00:00\",\"description\":\"B\u1ed9 \u0111i\u1ec1u khi\u1ec3n trung t\u00e2m Icenter l\u00e0 thi\u1ebft b\u1ecb \u0111i\u1ec1u khi\u1ec3n chi\u1ebfu s\u00e1ng th\u00f4ng minh, s\u1eed d\u1ee5ng \u0111\u1ec3 gi\u00e1m s\u00e1t, v\u1eadn h\u00e0nh h\u1ec7 th\u1ed1ng chi\u1ebfu s\u00e1ng th\u00f4ng minh thay cho PLC\",\"breadcrumb\":{\"@id\":\"https:\\\/\\\/vilight.vn\\\/website\\\/san-pham\\\/chieu-sang-thong-minh\\\/tu-chieu-sang-thong-minh\\\/bo-dieu-khien-trung-tam-icenter\\\/#breadcrumb\"},\"inLanguage\":\"vi\",\"potentialAction\":[{\"@type\":\"ReadAction\",\"target\":[\"https:\\\/\\\/vilight.vn\\\/website\\\/san-pham\\\/chieu-sang-thong-minh\\\/tu-chieu-sang-thong-minh\\\/bo-dieu-khien-trung-tam-icenter\\\/\"]}]},{\"@type\":\"ImageObject\",\"inLanguage\":\"vi\",\"@id\":\"https:\\\/\\\/vilight.vn\\\/website\\\/san-pham\\\/chieu-sang-thong-minh\\\/tu-chieu-sang-thong-minh\\\/bo-dieu-khien-trung-tam-icenter\\\/#primaryimage\",\"url\":\"https:\\\/\\\/vilight.vn\\\/website\\\/wp-content\\\/uploads\\\/2021\\\/05\\\/ICENTER2-scaled.jpg\",\"contentUrl\":\"https:\\\/\\\/vilight.vn\\\/website\\\/wp-content\\\/uploads\\\/2021\\\/05\\\/ICENTER2-scaled.jpg\",\"width\":2560,\"height\":1439},{\"@type\":\"BreadcrumbList\",\"@id\":\"https:\\\/\\\/vilight.vn\\\/website\\\/san-pham\\\/chieu-sang-thong-minh\\\/tu-chieu-sang-thong-minh\\\/bo-dieu-khien-trung-tam-icenter\\\/#breadcrumb\",\"itemListElement\":[{\"@type\":\"ListItem\",\"position\":1,\"name\":\"Home\",\"item\":\"https:\\\/\\\/vilight.vn\\\/website\\\/\"},{\"@type\":\"ListItem\",\"position\":2,\"name\":\"store\",\"item\":\"https:\\\/\\\/vilight.vn\\\/website\\\/store\\\/\"},{\"@type\":\"ListItem\",\"position\":3,\"name\":\"B\u1ed9 \u0111i\u1ec1u khi\u1ec3n Icenter\"}]},{\"@type\":\"WebSite\",\"@id\":\"https:\\\/\\\/vilight.vn\\\/website\\\/#website\",\"url\":\"https:\\\/\\\/vilight.vn\\\/website\\\/\",\"name\":\"Vilight Co.ltd\",\"description\":\"Chi\u1ebfu s\u00e1ng m\u1ef9 thu\u1eadt, chi\u1ebfu s\u00e1ng th\u00f4ng minh, LED Pixel 3D, chi\u1ebfu s\u00e1ng trang tr\u00ed \u0111\u00f4 th\u1ecb, chi\u1ebfu s\u00e1ng v\u00f2ng xoay, chi\u1ebfu s\u00e1ng \u0111\u1ea3o giao th\u00f4ng, c\u1ed5ng ch\u00e0o \u0111\u00f4 th\u1ecb\",\"publisher\":{\"@id\":\"https:\\\/\\\/vilight.vn\\\/website\\\/#organization\"},\"potentialAction\":[{\"@type\":\"SearchAction\",\"target\":{\"@type\":\"EntryPoint\",\"urlTemplate\":\"https:\\\/\\\/vilight.vn\\\/website\\\/?s={search_term_string}\"},\"query-input\":{\"@type\":\"PropertyValueSpecification\",\"valueRequired\":true,\"valueName\":\"search_term_string\"}}],\"inLanguage\":\"vi\"},{\"@type\":\"Organization\",\"@id\":\"https:\\\/\\\/vilight.vn\\\/website\\\/#organization\",\"name\":\"Vilight\",\"url\":\"https:\\\/\\\/vilight.vn\\\/website\\\/\",\"logo\":{\"@type\":\"ImageObject\",\"inLanguage\":\"vi\",\"@id\":\"https:\\\/\\\/vilight.vn\\\/website\\\/#\\\/schema\\\/logo\\\/image\\\/\",\"url\":\"https:\\\/\\\/vilight.vn\\\/website\\\/wp-content\\\/uploads\\\/2022\\\/05\\\/chieu_sang_trang_tri_do_thi_bang_den_led_pixel.png\",\"contentUrl\":\"https:\\\/\\\/vilight.vn\\\/website\\\/wp-content\\\/uploads\\\/2022\\\/05\\\/chieu_sang_trang_tri_do_thi_bang_den_led_pixel.png\",\"width\":800,\"height\":427,\"caption\":\"Vilight\"},\"image\":{\"@id\":\"https:\\\/\\\/vilight.vn\\\/website\\\/#\\\/schema\\\/logo\\\/image\\\/\"},\"sameAs\":[\"http:\\\/\\\/facebook.com\\\/vilight.vn\",\"https:\\\/\\\/www.linkedin.com\\\/company\\\/vilight-vn\",\"https:\\\/\\\/www.youtube.com\\\/channel\\\/UCEwR2naeDcuarMX1kSv_rLQ\\\/videos\"]}]}<\/script>\n<meta property=\"product:brand\" content=\"T\u1ee7 \u0111i\u1ec1u khi\u1ec3n\" \/>\n<meta property=\"product:price:amount\" content=\"0\" \/>\n<meta property=\"product:price:currency\" content=\"VND\" \/>\n<meta property=\"og:availability\" content=\"instock\" \/>\n<meta property=\"product:availability\" content=\"instock\" \/>\n<meta property=\"product:retailer_item_id\" content=\"Icenter\" \/>\n<meta property=\"product:condition\" content=\"new\" \/>\n<!-- \/ Yoast SEO Premium plugin. -->","yoast_head_json":{"title":"B\u1ed9 \u0111i\u1ec1u khi\u1ec3n trung t\u00e2m Icenter, \u0111i\u1ec1u khi\u1ec3n chi\u1ebfu s\u00e1ng th\u00f4ng minh","description":"B\u1ed9 \u0111i\u1ec1u khi\u1ec3n trung t\u00e2m Icenter l\u00e0 thi\u1ebft b\u1ecb \u0111i\u1ec1u khi\u1ec3n chi\u1ebfu s\u00e1ng th\u00f4ng minh, s\u1eed d\u1ee5ng \u0111\u1ec3 gi\u00e1m s\u00e1t, v\u1eadn h\u00e0nh h\u1ec7 th\u1ed1ng chi\u1ebfu s\u00e1ng th\u00f4ng minh thay cho PLC","robots":{"index":"index","follow":"follow","max-snippet":"max-snippet:-1","max-image-preview":"max-image-preview:large","max-video-preview":"max-video-preview:-1"},"canonical":"https:\/\/vilight.vn\/website\/san-pham\/chieu-sang-thong-minh\/tu-chieu-sang-thong-minh\/bo-dieu-khien-trung-tam-icenter\/","og_locale":"vi_VN","og_type":"article","og_title":"B\u1ed9 \u0111i\u1ec1u khi\u1ec3n Icenter","og_description":"Thay th\u1ebf cho thi\u1ebft b\u1ecb \u0111i\u1ec1u khi\u1ec3n chi\u1ebfu s\u00e1ng th\u00f4ng th\u01b0\u1eddng :   B\u1ed9 \u0111i\u1ec1u khi\u1ec3n Trung t\u00e2m Icenter, \u0111\u01b0\u1ee3c s\u1eed d\u1ee5ng \u0111\u1ec3 thay th\u1ebf cho c\u00e1c thi\u1ebft b\u1ecb \u0111i\u1ec1u khi\u1ec3n chi\u1ebfu s\u00e1ng th\u00f4ng d\u1ee5ng nh\u01b0 b\u1ed9 l\u1eadp tr\u00ecnh PLC.  B\u1ed9 \u0111i\u1ec1u khi\u1ec3n c\u00f3 c\u00e1c n\u00fat b\u1ea5m, \u0111\u1ec3 c\u00f3 th\u1ec3 c\u00e0i \u0111\u1eb7t ch\u01b0\u01a1ng tr\u00ecnh t\u1ea1i ch\u1ed5 nh\u01b0 c\u00e1c thi\u1ebft b\u1ecb PLC.  Giao di\u1ec7n ng\u01b0\u1eddi d\u00f9ng t\u01b0\u01a1ng t\u1ef1 PLC n\u00ean kh\u00f4ng g\u1eb7p kh\u00f3 kh\u0103n khi s\u1eed d\u1ee5ng.  Th\u1ef1c thi l\u1ec7nh \u0111i\u1ec1u khi\u1ec3n t\u1eeb trung t\u00e2m.  L\u01b0u tr\u1eef d\u1eef li\u1ec7u \u0111i\u1ec1u khi\u1ec3n th\u1ef1c thi c\u00e1c l\u1ec7nh \u0111i\u1ec1u khi\u1ec3n.  C\u00e1c d\u1eef li\u1ec7u ho\u1ea1t \u0111\u1ed9ng \u0111\u01b0\u1ee3c truy\u1ec1n v\u1ec1 trung t\u00e2m li\u00ean t\u1ee5c theo th\u1eddi gian th\u1ef1c.  B\u1ed9 \u0111i\u1ec1u khi\u1ec3n k\u1ebft n\u1ed1i \u0111\u1ec3 \u0111i\u1ec1u khi\u1ec3n c\u00e1c b\u1ed9 \u0111\u00e8n th\u00f4ng qua \u0111\u01b0\u1eddng truy\u1ec1n v\u00f4 tuy\u1ebfn RF\/Zigbee\/Lora b\u1eb1ng giao th\u1ee9c m\u1ea1ng MESH - NETWORK.  M\u00e0n h\u00ecnh LED hi\u1ec3n th\u1ecb c\u00e1c gi\u00e1 tr\u1ecb ho\u1ea1t \u0111\u1ed9ng c\u1ee7a h\u1ec7 th\u1ed1ng v\u00e0 c\u00e1c c\u1ea3nh b\u00e1o s\u1ef1 c\u1ed1.","og_url":"https:\/\/vilight.vn\/website\/san-pham\/chieu-sang-thong-minh\/tu-chieu-sang-thong-minh\/bo-dieu-khien-trung-tam-icenter\/","og_site_name":"Vilight Co.ltd","article_publisher":"http:\/\/facebook.com\/vilight.vn","article_modified_time":"2025-10-10T10:30:35+00:00","og_image":[{"width":2560,"height":1439,"url":"https:\/\/vilight.vn\/website\/wp-content\/uploads\/2021\/05\/ICENTER2-scaled.jpg","type":"image\/jpeg"}],"twitter_card":"summary_large_image","twitter_misc":{"Gi\u00e1":"0&#8363;","Kh\u1ea3 d\u1ee5ng":"Trong kho"},"schema":{"@context":"https:\/\/schema.org","@graph":[{"@type":"WebPage","@id":"https:\/\/vilight.vn\/website\/san-pham\/chieu-sang-thong-minh\/tu-chieu-sang-thong-minh\/bo-dieu-khien-trung-tam-icenter\/","url":"https:\/\/vilight.vn\/website\/san-pham\/chieu-sang-thong-minh\/tu-chieu-sang-thong-minh\/bo-dieu-khien-trung-tam-icenter\/","name":"B\u1ed9 \u0111i\u1ec1u khi\u1ec3n trung t\u00e2m Icenter, \u0111i\u1ec1u khi\u1ec3n chi\u1ebfu s\u00e1ng th\u00f4ng minh","isPartOf":{"@id":"https:\/\/vilight.vn\/website\/#website"},"primaryImageOfPage":{"@id":"https:\/\/vilight.vn\/website\/san-pham\/chieu-sang-thong-minh\/tu-chieu-sang-thong-minh\/bo-dieu-khien-trung-tam-icenter\/#primaryimage"},"image":{"@id":"https:\/\/vilight.vn\/website\/san-pham\/chieu-sang-thong-minh\/tu-chieu-sang-thong-minh\/bo-dieu-khien-trung-tam-icenter\/#primaryimage"},"thumbnailUrl":"https:\/\/vilight.vn\/website\/wp-content\/uploads\/2021\/05\/ICENTER2-scaled.jpg","datePublished":"2021-05-26T07:01:06+00:00","dateModified":"2025-10-10T10:30:35+00:00","description":"B\u1ed9 \u0111i\u1ec1u khi\u1ec3n trung t\u00e2m Icenter l\u00e0 thi\u1ebft b\u1ecb \u0111i\u1ec1u khi\u1ec3n chi\u1ebfu s\u00e1ng th\u00f4ng minh, s\u1eed d\u1ee5ng \u0111\u1ec3 gi\u00e1m s\u00e1t, v\u1eadn h\u00e0nh h\u1ec7 th\u1ed1ng chi\u1ebfu s\u00e1ng th\u00f4ng minh thay cho PLC","breadcrumb":{"@id":"https:\/\/vilight.vn\/website\/san-pham\/chieu-sang-thong-minh\/tu-chieu-sang-thong-minh\/bo-dieu-khien-trung-tam-icenter\/#breadcrumb"},"inLanguage":"vi","potentialAction":[{"@type":"ReadAction","target":["https:\/\/vilight.vn\/website\/san-pham\/chieu-sang-thong-minh\/tu-chieu-sang-thong-minh\/bo-dieu-khien-trung-tam-icenter\/"]}]},{"@type":"ImageObject","inLanguage":"vi","@id":"https:\/\/vilight.vn\/website\/san-pham\/chieu-sang-thong-minh\/tu-chieu-sang-thong-minh\/bo-dieu-khien-trung-tam-icenter\/#primaryimage","url":"https:\/\/vilight.vn\/website\/wp-content\/uploads\/2021\/05\/ICENTER2-scaled.jpg","contentUrl":"https:\/\/vilight.vn\/website\/wp-content\/uploads\/2021\/05\/ICENTER2-scaled.jpg","width":2560,"height":1439},{"@type":"BreadcrumbList","@id":"https:\/\/vilight.vn\/website\/san-pham\/chieu-sang-thong-minh\/tu-chieu-sang-thong-minh\/bo-dieu-khien-trung-tam-icenter\/#breadcrumb","itemListElement":[{"@type":"ListItem","position":1,"name":"Home","item":"https:\/\/vilight.vn\/website\/"},{"@type":"ListItem","position":2,"name":"store","item":"https:\/\/vilight.vn\/website\/store\/"},{"@type":"ListItem","position":3,"name":"B\u1ed9 \u0111i\u1ec1u khi\u1ec3n Icenter"}]},{"@type":"WebSite","@id":"https:\/\/vilight.vn\/website\/#website","url":"https:\/\/vilight.vn\/website\/","name":"Vilight Co.ltd","description":"Chi\u1ebfu s\u00e1ng m\u1ef9 thu\u1eadt, chi\u1ebfu s\u00e1ng th\u00f4ng minh, LED Pixel 3D, chi\u1ebfu s\u00e1ng trang tr\u00ed \u0111\u00f4 th\u1ecb, chi\u1ebfu s\u00e1ng v\u00f2ng xoay, chi\u1ebfu s\u00e1ng \u0111\u1ea3o giao th\u00f4ng, c\u1ed5ng ch\u00e0o \u0111\u00f4 th\u1ecb","publisher":{"@id":"https:\/\/vilight.vn\/website\/#organization"},"potentialAction":[{"@type":"SearchAction","target":{"@type":"EntryPoint","urlTemplate":"https:\/\/vilight.vn\/website\/?s={search_term_string}"},"query-input":{"@type":"PropertyValueSpecification","valueRequired":true,"valueName":"search_term_string"}}],"inLanguage":"vi"},{"@type":"Organization","@id":"https:\/\/vilight.vn\/website\/#organization","name":"Vilight","url":"https:\/\/vilight.vn\/website\/","logo":{"@type":"ImageObject","inLanguage":"vi","@id":"https:\/\/vilight.vn\/website\/#\/schema\/logo\/image\/","url":"https:\/\/vilight.vn\/website\/wp-content\/uploads\/2022\/05\/chieu_sang_trang_tri_do_thi_bang_den_led_pixel.png","contentUrl":"https:\/\/vilight.vn\/website\/wp-content\/uploads\/2022\/05\/chieu_sang_trang_tri_do_thi_bang_den_led_pixel.png","width":800,"height":427,"caption":"Vilight"},"image":{"@id":"https:\/\/vilight.vn\/website\/#\/schema\/logo\/image\/"},"sameAs":["http:\/\/facebook.com\/vilight.vn","https:\/\/www.linkedin.com\/company\/vilight-vn","https:\/\/www.youtube.com\/channel\/UCEwR2naeDcuarMX1kSv_rLQ\/videos"]}]},"product_brand":"T\u1ee7 \u0111i\u1ec1u khi\u1ec3n","product_price_currency":"VND","og_availability":"instock","product_availability":"instock","product_retailer_item_id":"Icenter","product_condition":"new"},"_links":{"self":[{"href":"https:\/\/vilight.vn\/website\/wp-json\/wp\/v2\/product\/994","targetHints":{"allow":["GET"]}}],"collection":[{"href":"https:\/\/vilight.vn\/website\/wp-json\/wp\/v2\/product"}],"about":[{"href":"https:\/\/vilight.vn\/website\/wp-json\/wp\/v2\/types\/product"}],"wp:featuredmedia":[{"embeddable":true,"href":"https:\/\/vilight.vn\/website\/wp-json\/wp\/v2\/media\/1004"}],"wp:attachment":[{"href":"https:\/\/vilight.vn\/website\/wp-json\/wp\/v2\/media?parent=994"}],"wp:term":[{"taxonomy":"product_brand","embeddable":true,"href":"https:\/\/vilight.vn\/website\/wp-json\/wp\/v2\/product_brand?post=994"},{"taxonomy":"product_cat","embeddable":true,"href":"https:\/\/vilight.vn\/website\/wp-json\/wp\/v2\/product_cat?post=994"},{"taxonomy":"product_tag","embeddable":true,"href":"https:\/\/vilight.vn\/website\/wp-json\/wp\/v2\/product_tag?post=994"}],"curies":[{"name":"wp","href":"https:\/\/api.w.org\/{rel}","templated":true}]}}