{"id":998,"date":"2021-05-26T16:43:43","date_gmt":"2021-05-26T09:43:43","guid":{"rendered":"http:\/\/vilight.vn\/website\/?post_type=product&#038;p=998"},"modified":"2025-08-18T14:22:36","modified_gmt":"2025-08-18T07:22:36","slug":"bo-do-dong-ro","status":"publish","type":"product","link":"https:\/\/vilight.vn\/website\/san-pham\/chieu-sang-thong-minh\/bo-do-dong-ro\/","title":{"rendered":"B\u1ed9 \u0111o d\u00f2ng r\u00f2"},"content":{"rendered":"<h2>B\u1ed9 \u0111o d\u00f2ng r\u00f2<\/h2>\n<p><img decoding=\"async\" data-src=\"https:\/\/vilight.vn\/website\/wp-content\/uploads\/2021\/05\/BO-DO-DONG-RO-1024x571.png\" alt=\"Thi\u1ebft b\u1ecb \u0111o d\u00f2ng r\u00f2\" src=\"data:image\/svg+xml;base64,PHN2ZyB3aWR0aD0iMSIgaGVpZ2h0PSIxIiB4bWxucz0iaHR0cDovL3d3dy53My5vcmcvMjAwMC9zdmciPjwvc3ZnPg==\" class=\"lazyload\" style=\"--smush-placeholder-width: 1024px; --smush-placeholder-aspect-ratio: 1024\/571;\" \/>B\u1ed9 \u0111o d\u00f2ng r\u00f2 \u0111\u01b0\u1ee3c s\u1eed d\u1ee5ng \u0111\u1ec3 \u0111o \u0111\u1ea1c gi\u00e1 tr\u1ecb d\u00f2ng r\u00f2 xu\u1ea5t hi\u1ec7n tr\u00ean thi\u1ebft b\u1ecb \u0111\u1ea7u cu\u1ed1i c\u1ee7a t\u1ee7 \u0111i\u1ec1u khi\u1ec3n.Gi\u00e1 tr\u1ecb \u0111o \u0111\u1ea1c \u0111\u01b0\u1ee3c truy\u1ec1n v\u1ec1 b\u1ed9 \u0111i\u1ec1u khi\u1ec3n trung t\u00e2m Icenter th\u00f4ng qua c\u1ed5ng RS485B\u1ed9 \u0111i\u1ec1u khi\u1ec3n trung t\u00e2m Icenter s\u1ebd truy\u1ec1n gi\u00e1 tr\u1ecb d\u00f2ng r\u00f2 v\u1ec1 trung t\u00e2m \u0111i\u1ec1u khi\u1ec3n theo th\u1eddi gian th\u01b0c.Ph\u1ea7n m\u1ec1m c\u1ea3nh b\u00e1o ng\u01b0\u1eddi qu\u1ea3n l\u00fd khi gi\u00e1 tr\u1ecb d\u00f2ng r\u00f2 v\u01b0\u1ee3t ng\u01b0\u1ee1ng c\u1ea3nh b\u00e1o.T\u00e2m \u0111o : 0 &#8211; 500 mA (v\u00e0 c\u00f3 th\u1ec3 m\u1edf r\u1ed9ng theo y\u00eau c\u1ea7u c\u1ee7a kh\u00e1ch h\u00e0ng)Sai s\u1ed1 \u0111o &lt; 1%<a href=\"https:\/\/vilight.vn\/website\/wp-content\/uploads\/2021\/05\/thiet-bi-do-dong-ro-bo-do-dong-ro-vilight.png\"><img decoding=\"async\" data-src=\"https:\/\/vilight.vn\/website\/wp-content\/uploads\/2021\/05\/thiet-bi-do-dong-ro-bo-do-dong-ro-vilight-1024x759.png\" alt=\"Module \u0111o d\u00f2ng r\u00f2, b\u1ed9 \u0111o d\u00f2ng r\u00f2 Vilight, \u0111o v\u00e0 truy\u1ec1n d\u1eef li\u1ec7u tr\u1ef1c tuy\u1ebfn gi\u00e1 tr\u1ecb d\u00f2ng r\u00f2 v\u1ec1 trung t\u00e2m\" src=\"data:image\/svg+xml;base64,PHN2ZyB3aWR0aD0iMSIgaGVpZ2h0PSIxIiB4bWxucz0iaHR0cDovL3d3dy53My5vcmcvMjAwMC9zdmciPjwvc3ZnPg==\" class=\"lazyload\" style=\"--smush-placeholder-width: 1024px; --smush-placeholder-aspect-ratio: 1024\/759;\" \/><\/a><a href=\"https:\/\/vilight.vn\/website\/san-pham\/chieu-sang-thong-minh\/tu-chieu-sang-thong-minh\/tu-chieu-sang-thong-minh\/\">S\u01a1 \u0111\u1ed3 nguy\u00ean l\u00fd l\u1eafp \u0111\u1eb7t thi\u1ebft b\u1ecb trong t\u1ee7 \u0111i\u1ec1u khi\u1ec3n chi\u1ebfu s\u00e1ng th\u00f4ng minh<\/a><\/p>\n<h2>B\u1ed9 \u0111o d\u00f2ng r\u00f2 \u0111\u01b0\u1ee3c thi\u1ebft k\u1ebf v\u1edbi m\u1ee5c \u0111\u00edch :<\/h2>\n<p>gi\u00e1m s\u00e1t v\u00e0 ph\u00e1t hi\u1ec7n k\u1ecbp th\u1eddi s\u1ef1 c\u1ed1 d\u00f2ng r\u00f2.Ghi nh\u1eadn th\u1eddi \u0111i\u1ec3m xu\u1ea5t hi\u1ec7n d\u00f2ng r\u00f2.Gi\u00e1 tr\u1ecb d\u00f2ng r\u00f2 t\u1ea1i t\u1eebng th\u1eddi \u0111i\u1ec3m.D\u1eef li\u1ec7u \u0111\u01b0\u1ee3c l\u01b0u tr\u1eef trong b\u1ed9 nh\u1edb thi\u1ebft b\u1ecb.V\u00e0 truy\u1ec1n v\u1ec1 trung t\u00e2m.<br \/>\nhide<\/p>\n","protected":false},"excerpt":{"rendered":"<ul>\n<li style=\"text-align: justify;\"><span style=\"font-size: 12pt;\">gi\u00e1m s\u00e1t v\u00e0 ph\u00e1t hi\u1ec7n k\u1ecbp th\u1eddi s\u1ef1 c\u1ed1 d\u00f2ng r\u00f2.<\/span><\/li>\n<li style=\"text-align: justify;\"><span style=\"font-size: 12pt;\">Ghi nh\u1eadn th\u1eddi \u0111i\u1ec3m xu\u1ea5t hi\u1ec7n d\u00f2ng r\u00f2.<\/span><\/li>\n<li style=\"text-align: justify;\"><span style=\"font-size: 12pt;\">Gi\u00e1 tr\u1ecb d\u00f2ng r\u00f2 t\u1ea1i t\u1eebng th\u1eddi \u0111i\u1ec3m.<\/span><\/li>\n<li style=\"text-align: justify;\"><span style=\"font-size: 12pt;\">D\u1eef li\u1ec7u \u0111\u01b0\u1ee3c l\u01b0u tr\u1eef trong b\u1ed9 nh\u1edb thi\u1ebft b\u1ecb.<\/span><\/li>\n<li style=\"text-align: justify;\"><span style=\"font-size: 12pt;\">V\u00e0 truy\u1ec1n v\u1ec1 trung t\u00e2m.<\/span><\/li>\n<\/ul>\n","protected":false},"featured_media":6992,"template":"","meta":[],"product_brand":[],"product_cat":[74,75],"product_tag":[],"class_list":{"0":"post-998","1":"product","2":"type-product","3":"status-publish","4":"has-post-thumbnail","6":"product_cat-chieu-sang-thong-minh","7":"product_cat-tu-chieu-sang-thong-minh","9":"first","10":"instock","11":"taxable","12":"shipping-taxable","13":"purchasable","14":"product-type-simple"},"yoast_head":"<!-- This site is optimized with the Yoast SEO Premium plugin v27.6 (Yoast SEO v27.6) - https:\/\/yoast.com\/product\/yoast-seo-premium-wordpress\/ -->\n<title>B\u1ed9 \u0110o D\u00f2ng R\u00f2, s\u1eed d\u1ee5ng cho t\u1ee7 \u0111i\u1ec1u khi\u1ec3n chi\u1ebfu s\u00e1ng th\u00f4ng minh<\/title>\n<meta name=\"description\" content=\"B\u1ed9 \u0111o d\u00f2ng r\u00f2 d\u00f9ng \u0111\u1ec3 \u0111o \u0111\u1ebfm gi\u00e1 tr\u1ecb d\u00f2ng r\u00f2 xu\u1ea5t hi\u1ec7n tr\u00ean t\u1ee7 \u0111i\u1ec1u khi\u1ec3n chi\u1ebfu s\u00e1ng, giao ti\u1ebfp RS485, truy\u1ec1n d\u1eef li\u1ec7u v\u1ec1 trung t\u00e2m, thi\u1ebft b\u1ecb \u0111o d\u00f2ng r\u00f2\" \/>\n<meta name=\"robots\" content=\"index, follow, max-snippet:-1, max-image-preview:large, max-video-preview:-1\" \/>\n<link rel=\"canonical\" href=\"https:\/\/vilight.vn\/website\/san-pham\/chieu-sang-thong-minh\/bo-do-dong-ro\/\" \/>\n<meta property=\"og:locale\" content=\"vi_VN\" \/>\n<meta property=\"og:type\" content=\"article\" \/>\n<meta property=\"og:title\" content=\"B\u1ed9 \u0111o d\u00f2ng r\u00f2\" \/>\n<meta property=\"og:description\" content=\"gi\u00e1m s\u00e1t v\u00e0 ph\u00e1t hi\u1ec7n k\u1ecbp th\u1eddi s\u1ef1 c\u1ed1 d\u00f2ng r\u00f2.  Ghi nh\u1eadn th\u1eddi \u0111i\u1ec3m xu\u1ea5t hi\u1ec7n d\u00f2ng r\u00f2.  Gi\u00e1 tr\u1ecb d\u00f2ng r\u00f2 t\u1ea1i t\u1eebng th\u1eddi \u0111i\u1ec3m.  D\u1eef li\u1ec7u \u0111\u01b0\u1ee3c l\u01b0u tr\u1eef trong b\u1ed9 nh\u1edb thi\u1ebft b\u1ecb.  V\u00e0 truy\u1ec1n v\u1ec1 trung t\u00e2m.\" \/>\n<meta property=\"og:url\" content=\"https:\/\/vilight.vn\/website\/san-pham\/chieu-sang-thong-minh\/bo-do-dong-ro\/\" \/>\n<meta property=\"og:site_name\" content=\"Vilight Co.ltd\" \/>\n<meta property=\"article:publisher\" content=\"http:\/\/facebook.com\/vilight.vn\" \/>\n<meta property=\"article:modified_time\" content=\"2025-08-18T07:22:36+00:00\" \/>\n<meta property=\"og:image\" content=\"https:\/\/vilight.vn\/website\/wp-content\/uploads\/2021\/05\/Bo-do-dong-ro-2.jpg\" \/>\n\t<meta property=\"og:image:width\" content=\"600\" \/>\n\t<meta property=\"og:image:height\" content=\"600\" \/>\n\t<meta property=\"og:image:type\" content=\"image\/jpeg\" \/>\n<meta name=\"twitter:card\" content=\"summary_large_image\" \/>\n<meta name=\"twitter:label1\" content=\"Gi\u00e1\" \/>\n\t<meta name=\"twitter:data1\" content=\"0&#8363;\" \/>\n\t<meta name=\"twitter:label2\" content=\"Kh\u1ea3 d\u1ee5ng\" \/>\n\t<meta name=\"twitter:data2\" content=\"Trong kho\" \/>\n<script type=\"application\/ld+json\" class=\"yoast-schema-graph\">{\"@context\":\"https:\\\/\\\/schema.org\",\"@graph\":[{\"@type\":\"WebPage\",\"@id\":\"https:\\\/\\\/vilight.vn\\\/website\\\/san-pham\\\/chieu-sang-thong-minh\\\/bo-do-dong-ro\\\/\",\"url\":\"https:\\\/\\\/vilight.vn\\\/website\\\/san-pham\\\/chieu-sang-thong-minh\\\/bo-do-dong-ro\\\/\",\"name\":\"B\u1ed9 \u0110o D\u00f2ng R\u00f2, s\u1eed d\u1ee5ng cho t\u1ee7 \u0111i\u1ec1u khi\u1ec3n chi\u1ebfu s\u00e1ng th\u00f4ng minh\",\"isPartOf\":{\"@id\":\"https:\\\/\\\/vilight.vn\\\/website\\\/#website\"},\"primaryImageOfPage\":{\"@id\":\"https:\\\/\\\/vilight.vn\\\/website\\\/san-pham\\\/chieu-sang-thong-minh\\\/bo-do-dong-ro\\\/#primaryimage\"},\"image\":{\"@id\":\"https:\\\/\\\/vilight.vn\\\/website\\\/san-pham\\\/chieu-sang-thong-minh\\\/bo-do-dong-ro\\\/#primaryimage\"},\"thumbnailUrl\":\"https:\\\/\\\/vilight.vn\\\/website\\\/wp-content\\\/uploads\\\/2021\\\/05\\\/Bo-do-dong-ro-2.jpg\",\"datePublished\":\"2021-05-26T09:43:43+00:00\",\"dateModified\":\"2025-08-18T07:22:36+00:00\",\"description\":\"B\u1ed9 \u0111o d\u00f2ng r\u00f2 d\u00f9ng \u0111\u1ec3 \u0111o \u0111\u1ebfm gi\u00e1 tr\u1ecb d\u00f2ng r\u00f2 xu\u1ea5t hi\u1ec7n tr\u00ean t\u1ee7 \u0111i\u1ec1u khi\u1ec3n chi\u1ebfu s\u00e1ng, giao ti\u1ebfp RS485, truy\u1ec1n d\u1eef li\u1ec7u v\u1ec1 trung t\u00e2m, thi\u1ebft b\u1ecb \u0111o d\u00f2ng r\u00f2\",\"breadcrumb\":{\"@id\":\"https:\\\/\\\/vilight.vn\\\/website\\\/san-pham\\\/chieu-sang-thong-minh\\\/bo-do-dong-ro\\\/#breadcrumb\"},\"inLanguage\":\"vi\",\"potentialAction\":[{\"@type\":\"ReadAction\",\"target\":[\"https:\\\/\\\/vilight.vn\\\/website\\\/san-pham\\\/chieu-sang-thong-minh\\\/bo-do-dong-ro\\\/\"]}]},{\"@type\":\"ImageObject\",\"inLanguage\":\"vi\",\"@id\":\"https:\\\/\\\/vilight.vn\\\/website\\\/san-pham\\\/chieu-sang-thong-minh\\\/bo-do-dong-ro\\\/#primaryimage\",\"url\":\"https:\\\/\\\/vilight.vn\\\/website\\\/wp-content\\\/uploads\\\/2021\\\/05\\\/Bo-do-dong-ro-2.jpg\",\"contentUrl\":\"https:\\\/\\\/vilight.vn\\\/website\\\/wp-content\\\/uploads\\\/2021\\\/05\\\/Bo-do-dong-ro-2.jpg\",\"width\":600,\"height\":600},{\"@type\":\"BreadcrumbList\",\"@id\":\"https:\\\/\\\/vilight.vn\\\/website\\\/san-pham\\\/chieu-sang-thong-minh\\\/bo-do-dong-ro\\\/#breadcrumb\",\"itemListElement\":[{\"@type\":\"ListItem\",\"position\":1,\"name\":\"Home\",\"item\":\"https:\\\/\\\/vilight.vn\\\/website\\\/\"},{\"@type\":\"ListItem\",\"position\":2,\"name\":\"store\",\"item\":\"https:\\\/\\\/vilight.vn\\\/website\\\/store\\\/\"},{\"@type\":\"ListItem\",\"position\":3,\"name\":\"B\u1ed9 \u0111o d\u00f2ng r\u00f2\"}]},{\"@type\":\"WebSite\",\"@id\":\"https:\\\/\\\/vilight.vn\\\/website\\\/#website\",\"url\":\"https:\\\/\\\/vilight.vn\\\/website\\\/\",\"name\":\"Vilight Co.ltd\",\"description\":\"Chi\u1ebfu s\u00e1ng m\u1ef9 thu\u1eadt, chi\u1ebfu s\u00e1ng th\u00f4ng minh, LED Pixel 3D, chi\u1ebfu s\u00e1ng trang tr\u00ed \u0111\u00f4 th\u1ecb, chi\u1ebfu s\u00e1ng v\u00f2ng xoay, chi\u1ebfu s\u00e1ng \u0111\u1ea3o giao th\u00f4ng, c\u1ed5ng ch\u00e0o \u0111\u00f4 th\u1ecb\",\"publisher\":{\"@id\":\"https:\\\/\\\/vilight.vn\\\/website\\\/#organization\"},\"potentialAction\":[{\"@type\":\"SearchAction\",\"target\":{\"@type\":\"EntryPoint\",\"urlTemplate\":\"https:\\\/\\\/vilight.vn\\\/website\\\/?s={search_term_string}\"},\"query-input\":{\"@type\":\"PropertyValueSpecification\",\"valueRequired\":true,\"valueName\":\"search_term_string\"}}],\"inLanguage\":\"vi\"},{\"@type\":\"Organization\",\"@id\":\"https:\\\/\\\/vilight.vn\\\/website\\\/#organization\",\"name\":\"Vilight\",\"url\":\"https:\\\/\\\/vilight.vn\\\/website\\\/\",\"logo\":{\"@type\":\"ImageObject\",\"inLanguage\":\"vi\",\"@id\":\"https:\\\/\\\/vilight.vn\\\/website\\\/#\\\/schema\\\/logo\\\/image\\\/\",\"url\":\"https:\\\/\\\/vilight.vn\\\/website\\\/wp-content\\\/uploads\\\/2022\\\/05\\\/chieu_sang_trang_tri_do_thi_bang_den_led_pixel.png\",\"contentUrl\":\"https:\\\/\\\/vilight.vn\\\/website\\\/wp-content\\\/uploads\\\/2022\\\/05\\\/chieu_sang_trang_tri_do_thi_bang_den_led_pixel.png\",\"width\":800,\"height\":427,\"caption\":\"Vilight\"},\"image\":{\"@id\":\"https:\\\/\\\/vilight.vn\\\/website\\\/#\\\/schema\\\/logo\\\/image\\\/\"},\"sameAs\":[\"http:\\\/\\\/facebook.com\\\/vilight.vn\",\"https:\\\/\\\/www.linkedin.com\\\/company\\\/vilight-vn\",\"https:\\\/\\\/www.youtube.com\\\/channel\\\/UCEwR2naeDcuarMX1kSv_rLQ\\\/videos\"]}]}<\/script>\n<meta property=\"product:brand\" content=\"Chi\u1ebfu s\u00e1ng th\u00f4ng minh\" \/>\n<meta property=\"product:price:amount\" content=\"0\" \/>\n<meta property=\"product:price:currency\" content=\"VND\" \/>\n<meta property=\"og:availability\" content=\"instock\" \/>\n<meta property=\"product:availability\" content=\"instock\" \/>\n<meta property=\"product:condition\" content=\"new\" \/>\n<!-- \/ Yoast SEO Premium plugin. -->","yoast_head_json":{"title":"B\u1ed9 \u0110o D\u00f2ng R\u00f2, s\u1eed d\u1ee5ng cho t\u1ee7 \u0111i\u1ec1u khi\u1ec3n chi\u1ebfu s\u00e1ng th\u00f4ng minh","description":"B\u1ed9 \u0111o d\u00f2ng r\u00f2 d\u00f9ng \u0111\u1ec3 \u0111o \u0111\u1ebfm gi\u00e1 tr\u1ecb d\u00f2ng r\u00f2 xu\u1ea5t hi\u1ec7n tr\u00ean t\u1ee7 \u0111i\u1ec1u khi\u1ec3n chi\u1ebfu s\u00e1ng, giao ti\u1ebfp RS485, truy\u1ec1n d\u1eef li\u1ec7u v\u1ec1 trung t\u00e2m, thi\u1ebft b\u1ecb \u0111o d\u00f2ng r\u00f2","robots":{"index":"index","follow":"follow","max-snippet":"max-snippet:-1","max-image-preview":"max-image-preview:large","max-video-preview":"max-video-preview:-1"},"canonical":"https:\/\/vilight.vn\/website\/san-pham\/chieu-sang-thong-minh\/bo-do-dong-ro\/","og_locale":"vi_VN","og_type":"article","og_title":"B\u1ed9 \u0111o d\u00f2ng r\u00f2","og_description":"gi\u00e1m s\u00e1t v\u00e0 ph\u00e1t hi\u1ec7n k\u1ecbp th\u1eddi s\u1ef1 c\u1ed1 d\u00f2ng r\u00f2.  Ghi nh\u1eadn th\u1eddi \u0111i\u1ec3m xu\u1ea5t hi\u1ec7n d\u00f2ng r\u00f2.  Gi\u00e1 tr\u1ecb d\u00f2ng r\u00f2 t\u1ea1i t\u1eebng th\u1eddi \u0111i\u1ec3m.  D\u1eef li\u1ec7u \u0111\u01b0\u1ee3c l\u01b0u tr\u1eef trong b\u1ed9 nh\u1edb thi\u1ebft b\u1ecb.  V\u00e0 truy\u1ec1n v\u1ec1 trung t\u00e2m.","og_url":"https:\/\/vilight.vn\/website\/san-pham\/chieu-sang-thong-minh\/bo-do-dong-ro\/","og_site_name":"Vilight Co.ltd","article_publisher":"http:\/\/facebook.com\/vilight.vn","article_modified_time":"2025-08-18T07:22:36+00:00","og_image":[{"width":600,"height":600,"url":"https:\/\/vilight.vn\/website\/wp-content\/uploads\/2021\/05\/Bo-do-dong-ro-2.jpg","type":"image\/jpeg"}],"twitter_card":"summary_large_image","twitter_misc":{"Gi\u00e1":"0&#8363;","Kh\u1ea3 d\u1ee5ng":"Trong kho"},"schema":{"@context":"https:\/\/schema.org","@graph":[{"@type":"WebPage","@id":"https:\/\/vilight.vn\/website\/san-pham\/chieu-sang-thong-minh\/bo-do-dong-ro\/","url":"https:\/\/vilight.vn\/website\/san-pham\/chieu-sang-thong-minh\/bo-do-dong-ro\/","name":"B\u1ed9 \u0110o D\u00f2ng R\u00f2, s\u1eed d\u1ee5ng cho t\u1ee7 \u0111i\u1ec1u khi\u1ec3n chi\u1ebfu s\u00e1ng th\u00f4ng minh","isPartOf":{"@id":"https:\/\/vilight.vn\/website\/#website"},"primaryImageOfPage":{"@id":"https:\/\/vilight.vn\/website\/san-pham\/chieu-sang-thong-minh\/bo-do-dong-ro\/#primaryimage"},"image":{"@id":"https:\/\/vilight.vn\/website\/san-pham\/chieu-sang-thong-minh\/bo-do-dong-ro\/#primaryimage"},"thumbnailUrl":"https:\/\/vilight.vn\/website\/wp-content\/uploads\/2021\/05\/Bo-do-dong-ro-2.jpg","datePublished":"2021-05-26T09:43:43+00:00","dateModified":"2025-08-18T07:22:36+00:00","description":"B\u1ed9 \u0111o d\u00f2ng r\u00f2 d\u00f9ng \u0111\u1ec3 \u0111o \u0111\u1ebfm gi\u00e1 tr\u1ecb d\u00f2ng r\u00f2 xu\u1ea5t hi\u1ec7n tr\u00ean t\u1ee7 \u0111i\u1ec1u khi\u1ec3n chi\u1ebfu s\u00e1ng, giao ti\u1ebfp RS485, truy\u1ec1n d\u1eef li\u1ec7u v\u1ec1 trung t\u00e2m, thi\u1ebft b\u1ecb \u0111o d\u00f2ng r\u00f2","breadcrumb":{"@id":"https:\/\/vilight.vn\/website\/san-pham\/chieu-sang-thong-minh\/bo-do-dong-ro\/#breadcrumb"},"inLanguage":"vi","potentialAction":[{"@type":"ReadAction","target":["https:\/\/vilight.vn\/website\/san-pham\/chieu-sang-thong-minh\/bo-do-dong-ro\/"]}]},{"@type":"ImageObject","inLanguage":"vi","@id":"https:\/\/vilight.vn\/website\/san-pham\/chieu-sang-thong-minh\/bo-do-dong-ro\/#primaryimage","url":"https:\/\/vilight.vn\/website\/wp-content\/uploads\/2021\/05\/Bo-do-dong-ro-2.jpg","contentUrl":"https:\/\/vilight.vn\/website\/wp-content\/uploads\/2021\/05\/Bo-do-dong-ro-2.jpg","width":600,"height":600},{"@type":"BreadcrumbList","@id":"https:\/\/vilight.vn\/website\/san-pham\/chieu-sang-thong-minh\/bo-do-dong-ro\/#breadcrumb","itemListElement":[{"@type":"ListItem","position":1,"name":"Home","item":"https:\/\/vilight.vn\/website\/"},{"@type":"ListItem","position":2,"name":"store","item":"https:\/\/vilight.vn\/website\/store\/"},{"@type":"ListItem","position":3,"name":"B\u1ed9 \u0111o d\u00f2ng r\u00f2"}]},{"@type":"WebSite","@id":"https:\/\/vilight.vn\/website\/#website","url":"https:\/\/vilight.vn\/website\/","name":"Vilight Co.ltd","description":"Chi\u1ebfu s\u00e1ng m\u1ef9 thu\u1eadt, chi\u1ebfu s\u00e1ng th\u00f4ng minh, LED Pixel 3D, chi\u1ebfu s\u00e1ng trang tr\u00ed \u0111\u00f4 th\u1ecb, chi\u1ebfu s\u00e1ng v\u00f2ng xoay, chi\u1ebfu s\u00e1ng \u0111\u1ea3o giao th\u00f4ng, c\u1ed5ng ch\u00e0o \u0111\u00f4 th\u1ecb","publisher":{"@id":"https:\/\/vilight.vn\/website\/#organization"},"potentialAction":[{"@type":"SearchAction","target":{"@type":"EntryPoint","urlTemplate":"https:\/\/vilight.vn\/website\/?s={search_term_string}"},"query-input":{"@type":"PropertyValueSpecification","valueRequired":true,"valueName":"search_term_string"}}],"inLanguage":"vi"},{"@type":"Organization","@id":"https:\/\/vilight.vn\/website\/#organization","name":"Vilight","url":"https:\/\/vilight.vn\/website\/","logo":{"@type":"ImageObject","inLanguage":"vi","@id":"https:\/\/vilight.vn\/website\/#\/schema\/logo\/image\/","url":"https:\/\/vilight.vn\/website\/wp-content\/uploads\/2022\/05\/chieu_sang_trang_tri_do_thi_bang_den_led_pixel.png","contentUrl":"https:\/\/vilight.vn\/website\/wp-content\/uploads\/2022\/05\/chieu_sang_trang_tri_do_thi_bang_den_led_pixel.png","width":800,"height":427,"caption":"Vilight"},"image":{"@id":"https:\/\/vilight.vn\/website\/#\/schema\/logo\/image\/"},"sameAs":["http:\/\/facebook.com\/vilight.vn","https:\/\/www.linkedin.com\/company\/vilight-vn","https:\/\/www.youtube.com\/channel\/UCEwR2naeDcuarMX1kSv_rLQ\/videos"]}]},"product_brand":"Chi\u1ebfu s\u00e1ng th\u00f4ng minh","product_price_currency":"VND","og_availability":"instock","product_availability":"instock","product_condition":"new"},"_links":{"self":[{"href":"https:\/\/vilight.vn\/website\/wp-json\/wp\/v2\/product\/998","targetHints":{"allow":["GET"]}}],"collection":[{"href":"https:\/\/vilight.vn\/website\/wp-json\/wp\/v2\/product"}],"about":[{"href":"https:\/\/vilight.vn\/website\/wp-json\/wp\/v2\/types\/product"}],"wp:featuredmedia":[{"embeddable":true,"href":"https:\/\/vilight.vn\/website\/wp-json\/wp\/v2\/media\/6992"}],"wp:attachment":[{"href":"https:\/\/vilight.vn\/website\/wp-json\/wp\/v2\/media?parent=998"}],"wp:term":[{"taxonomy":"product_brand","embeddable":true,"href":"https:\/\/vilight.vn\/website\/wp-json\/wp\/v2\/product_brand?post=998"},{"taxonomy":"product_cat","embeddable":true,"href":"https:\/\/vilight.vn\/website\/wp-json\/wp\/v2\/product_cat?post=998"},{"taxonomy":"product_tag","embeddable":true,"href":"https:\/\/vilight.vn\/website\/wp-json\/wp\/v2\/product_tag?post=998"}],"curies":[{"name":"wp","href":"https:\/\/api.w.org\/{rel}","templated":true}]}}